{"id":35773,"date":"2025-11-13T14:12:49","date_gmt":"2025-11-13T13:12:49","guid":{"rendered":"https:\/\/pjama.eu\/negozio-pjama-per-la-pipi-a-letto\/"},"modified":"2026-04-28T13:24:27","modified_gmt":"2026-04-28T11:24:27","slug":"prodotti-per-pipi-a-letto","status":"publish","type":"page","link":"https:\/\/pjama.eu\/it\/prodotti-per-pipi-a-letto\/","title":{"rendered":"Negozio Pjama per la pip\u00ec a letto"},"content":{"rendered":"<p>[et_pb_section fb_built=&#8221;1&#8243; _builder_version=&#8221;4.27.4&#8243; background_enable_color=&#8221;off&#8221; background_enable_image=&#8221;off&#8221; background_size=&#8221;initial&#8221; background_position=&#8221;top_center&#8221; custom_margin=&#8221;||70px||false|false&#8221; custom_padding=&#8221;50px||50px||true|false&#8221; da_disable_devices=&#8221;off|off|off&#8221; global_colors_info=&#8221;{}&#8221; da_is_popup=&#8221;off&#8221; da_exit_intent=&#8221;off&#8221; da_has_close=&#8221;on&#8221; da_alt_close=&#8221;off&#8221; da_dark_close=&#8221;off&#8221; da_not_modal=&#8221;on&#8221; da_is_singular=&#8221;off&#8221; da_with_loader=&#8221;off&#8221; da_has_shadow=&#8221;on&#8221;][et_pb_row custom_padding_last_edited=&#8221;on|phone&#8221; _builder_version=&#8221;4.27.5&#8243; custom_margin_tablet=&#8221;&#8221; custom_margin_phone=&#8221;0px||0px||false|false&#8221; custom_margin_last_edited=&#8221;on|phone&#8221; custom_padding=&#8221;||0px|||&#8221; custom_padding_tablet=&#8221;||0px|||&#8221; custom_padding_phone=&#8221;10px||0px||false|false&#8221; global_colors_info=&#8221;{}&#8221;][et_pb_column type=&#8221;4_4&#8243; _builder_version=&#8221;4.16&#8243; global_colors_info=&#8221;{}&#8221;][et_pb_heading title=&#8221;I MIGLIORI&#8221; _builder_version=&#8221;4.27.5&#8243; _module_preset=&#8221;default&#8221; title_level=&#8221;h3&#8243; title_text_align=&#8221;center&#8221; title_text_color=&#8221;gcid-5eef58f4-760a-49fb-ad33-042d93415a96&#8243; custom_margin_tablet=&#8221;&#8221; custom_margin_phone=&#8221;||0px||false|false&#8221; custom_margin_last_edited=&#8221;on|phone&#8221; global_colors_info=&#8221;{%22gcid-5eef58f4-760a-49fb-ad33-042d93415a96%22:%91%22title_text_color%22%93}&#8221;][\/et_pb_heading][et_pb_heading title=&#8221;PRODOTTI PER LA PIP\u00cc A LETTO PJAMA&#8221; _builder_version=&#8221;4.27.5&#8243; _module_preset=&#8221;default&#8221; title_text_align=&#8221;center&#8221; title_text_color=&#8221;#D35917&#8243; custom_margin=&#8221;||0px||false|false&#8221; custom_margin_tablet=&#8221;||0px||false|false&#8221; custom_margin_phone=&#8221;||-20px||false|false&#8221; custom_margin_last_edited=&#8221;on|desktop&#8221; custom_padding=&#8221;||0px||false|false&#8221; custom_padding_tablet=&#8221;||0px||false|false&#8221; custom_padding_phone=&#8221;||0px||false|false&#8221; custom_padding_last_edited=&#8221;on|phone&#8221; global_colors_info=&#8221;{}&#8221;][\/et_pb_heading][\/et_pb_column][\/et_pb_row][\/et_pb_section][et_pb_section fb_built=&#8221;1&#8243; _builder_version=&#8221;4.27.4&#8243; _module_preset=&#8221;default&#8221; background_color=&#8221;gcid-5eef58f4-760a-49fb-ad33-042d93415a96&#8243; custom_margin=&#8221;||-90px||false|false&#8221; custom_padding=&#8221;||0px||false|false&#8221; da_disable_devices=&#8221;off|off|off&#8221; global_colors_info=&#8221;{%22gcid-5eef58f4-760a-49fb-ad33-042d93415a96%22:%91%22background_color%22%93}&#8221; da_is_popup=&#8221;off&#8221; da_exit_intent=&#8221;off&#8221; da_has_close=&#8221;on&#8221; da_alt_close=&#8221;off&#8221; da_dark_close=&#8221;off&#8221; da_not_modal=&#8221;on&#8221; da_is_singular=&#8221;off&#8221; da_with_loader=&#8221;off&#8221; da_has_shadow=&#8221;on&#8221;][et_pb_row column_structure=&#8221;1_4,1_4,1_4,1_4&#8243; _builder_version=&#8221;4.27.4&#8243; _module_preset=&#8221;default&#8221; transform_translate=&#8221;0px|-140px&#8221; global_colors_info=&#8221;{}&#8221;][et_pb_column type=&#8221;1_4&#8243; _builder_version=&#8221;4.27.4&#8243; _module_preset=&#8221;default&#8221; global_colors_info=&#8221;{}&#8221;][et_pb_blurb title=&#8221;PJAMA PROTECT: RIMEDI ASSORBENTI&#8221; url=&#8221;https:\/\/pjama.eu\/it\/pantaloni-per-enuresi\/&#8221; image=&#8221;https:\/\/pjama.eu\/wp-content\/uploads\/Pjama_shorts_2.jpeg&#8221; alt=&#8221;Informazioni sulla pip\u00ec a letto di Pjama&#8221; _builder_version=&#8221;4.27.6&#8243; _module_preset=&#8221;default&#8221; header_text_align=&#8221;center&#8221; header_text_color=&#8221;#D35917&#8243; header_font_size=&#8221;25px&#8221; body_font=&#8221;&#8211;et_global_body_font|&#8211;et_global_heading_font_weight|||||||&#8221; body_text_align=&#8221;center&#8221; body_text_color=&#8221;#F8F8F8&#8243; body_font_size=&#8221;16px&#8221; header_text_shadow_style=&#8221;preset1&#8243; body_text_shadow_style=&#8221;preset1&#8243; border_radii_image=&#8221;on|10px|10px|10px|10px&#8221; border_width_all_image=&#8221;4px&#8221; border_color_all_image=&#8221;#F8F8F8&#8243; global_colors_info=&#8221;{}&#8221;]<\/p>\n<p>Soluzioni assorbenti di fiducia che mantengono il letto asciutto garantendo la massima discrezione.<br \/>I nostri prodotti per la pip\u00ec a letto offrono protezione e tranquillit\u00e0 immediata.<\/p>\n<p>[\/et_pb_blurb][\/et_pb_column][et_pb_column type=&#8221;1_4&#8243; _builder_version=&#8221;4.27.4&#8243; _module_preset=&#8221;default&#8221; global_colors_info=&#8221;{}&#8221;][et_pb_blurb title=&#8221;PJAMA DRYGUARDIANS&#8221; url=&#8221;https:\/\/pjama.eu\/it\/allarme-pipi-a-letto\/&#8221; image=&#8221;https:\/\/pjama.eu\/wp-content\/uploads\/Bedwetting-Treatment-e1694759000209-1-2.jpg&#8221; alt=&#8221;Informazioni sulla pip\u00ec a letto di Pjama&#8221; _builder_version=&#8221;4.27.6&#8243; _module_preset=&#8221;default&#8221; header_text_align=&#8221;center&#8221; header_text_color=&#8221;#D35917&#8243; header_font_size=&#8221;25px&#8221; body_font=&#8221;&#8211;et_global_body_font|&#8211;et_global_heading_font_weight|||||||&#8221; body_text_align=&#8221;center&#8221; body_text_color=&#8221;#F8F8F8&#8243; body_font_size=&#8221;16px&#8221; header_text_shadow_style=&#8221;preset1&#8243; body_text_shadow_style=&#8221;preset1&#8243; border_radii_image=&#8221;on|10px|10px|10px|10px&#8221; border_width_all_image=&#8221;4px&#8221; border_color_all_image=&#8221;#F8F8F8&#8243; global_colors_info=&#8221;{}&#8221;]<\/p>\n<p>Sistemi DryGuardians: allarmi per la pip\u00ec a letto clinicamente testati per aiutare bambini e adulti a risolvere l&#8217;enuresi. Un trattamento efficace per un&#8217;asciugatura duratura. <\/p>\n<p>[\/et_pb_blurb][\/et_pb_column][et_pb_column type=&#8221;1_4&#8243; _builder_version=&#8221;4.27.4&#8243; _module_preset=&#8221;default&#8221; global_colors_info=&#8221;{}&#8221;][et_pb_blurb title=&#8221;ACCESSORI E ASSISTENZA DIURNA&#8221; url=&#8221;https:\/\/pjama.eu\/it\/accessori-pipi-a-letto\/&#8221; image=&#8221;https:\/\/pjama.eu\/wp-content\/uploads\/Pjama_accessories.png&#8221; alt=&#8221;Accessori per Pjama&#8221; _builder_version=&#8221;4.27.6&#8243; _module_preset=&#8221;default&#8221; header_text_align=&#8221;center&#8221; header_text_color=&#8221;#D35917&#8243; header_font_size=&#8221;25px&#8221; body_font=&#8221;&#8211;et_global_body_font|&#8211;et_global_heading_font_weight|||||||&#8221; body_text_align=&#8221;center&#8221; body_text_color=&#8221;#F8F8F8&#8243; body_font_size=&#8221;16px&#8221; transform_scale_tablet=&#8221;&#8221; transform_scale_phone=&#8221;90%|90%&#8221; transform_scale_last_edited=&#8221;on|phone&#8221; transform_translate_tablet=&#8221;&#8221; transform_translate_phone=&#8221;&#8221; transform_translate_last_edited=&#8221;on|phone&#8221; transform_rotate_tablet=&#8221;&#8221; transform_rotate_phone=&#8221;&#8221; transform_rotate_last_edited=&#8221;on|phone&#8221; transform_skew_tablet=&#8221;&#8221; transform_skew_phone=&#8221;&#8221; transform_skew_last_edited=&#8221;on|phone&#8221; transform_origin_tablet=&#8221;&#8221; transform_origin_phone=&#8221;&#8221; transform_origin_last_edited=&#8221;on|phone&#8221; transform_styles_last_edited=&#8221;on|phone&#8221; link_option_url=&#8221;https:\/\/pjama.eu\/it\/accessori-pipi-a-letto\/&#8221; transform_styles_tablet=&#8221;&#8221; transform_styles_phone=&#8221;&#8221; header_text_shadow_style=&#8221;preset1&#8243; body_text_shadow_style=&#8221;preset1&#8243; border_radii_image=&#8221;on|10px|10px|10px|10px&#8221; border_width_all_image=&#8221;4px&#8221; border_color_all_image=&#8221;#F8F8F8&#8243; global_colors_info=&#8221;{}&#8221;]<\/p>\n<p>Accessori e prodotti per la gestione della pip\u00ec a letto: borse impermeabili, orologi vibranti e biancheria intima assorbente discreta per la protezione diurna.<\/p>\n<p>&nbsp;<\/p>\n<p>[\/et_pb_blurb][\/et_pb_column][et_pb_column type=&#8221;1_4&#8243; _builder_version=&#8221;4.27.4&#8243; _module_preset=&#8221;default&#8221; global_colors_info=&#8221;{}&#8221;][et_pb_blurb title=&#8221;PJAMA PER ADULTI&#8221; url=&#8221;https:\/\/pjama.eu\/it\/pigiami-per-enuresi-adulti\/&#8221; image=&#8221;https:\/\/pjama.eu\/wp-content\/uploads\/Blue_shorts_adult-1-e1694786458678-2.png&#8221; alt=&#8221;Adulti che fanno la pip\u00ec a letto&#8221; _builder_version=&#8221;4.27.6&#8243; _module_preset=&#8221;default&#8221; header_text_align=&#8221;center&#8221; header_text_color=&#8221;#D35917&#8243; header_font_size=&#8221;25px&#8221; body_font=&#8221;&#8211;et_global_body_font|&#8211;et_global_heading_font_weight|||||||&#8221; body_text_align=&#8221;center&#8221; body_text_color=&#8221;#F8F8F8&#8243; body_font_size=&#8221;16px&#8221; link_option_url=&#8221;https:\/\/pjama.eu\/it\/pigiami-per-enuresi-adulti\/&#8221; header_text_shadow_style=&#8221;preset1&#8243; body_text_shadow_style=&#8221;preset1&#8243; border_radii_image=&#8221;on|10px|10px|10px|10px&#8221; border_width_all_image=&#8221;4px&#8221; border_color_all_image=&#8221;#F8F8F8&#8243; global_colors_info=&#8221;{}&#8221;]<\/p>\n<p>Abbigliamento da notte assorbente per adulti. Protezione sicura e discreta contro l&#8217;enuresi notturna, ideale per mantenere il letto asciutto a casa o in hotel.<\/p>\n<p>[\/et_pb_blurb][\/et_pb_column][\/et_pb_row][\/et_pb_section][et_pb_section fb_built=&#8221;1&#8243; _builder_version=&#8221;4.16&#8243; background_color=&#8221;#f8f8f8&#8243; background_enable_image=&#8221;off&#8221; custom_padding=&#8221;0px|||||&#8221; da_disable_devices=&#8221;off|off|off&#8221; global_colors_info=&#8221;{}&#8221; da_is_popup=&#8221;off&#8221; da_exit_intent=&#8221;off&#8221; da_has_close=&#8221;on&#8221; da_alt_close=&#8221;off&#8221; da_dark_close=&#8221;off&#8221; da_not_modal=&#8221;on&#8221; da_is_singular=&#8221;off&#8221; da_with_loader=&#8221;off&#8221; da_has_shadow=&#8221;on&#8221;][\/et_pb_section][et_pb_section fb_built=&#8221;1&#8243; _builder_version=&#8221;4.27.6&#8243; _module_preset=&#8221;default&#8221; da_disable_devices=&#8221;off|off|off&#8221; global_colors_info=&#8221;{}&#8221; da_is_popup=&#8221;off&#8221; da_exit_intent=&#8221;off&#8221; da_has_close=&#8221;on&#8221; da_alt_close=&#8221;off&#8221; da_dark_close=&#8221;off&#8221; da_not_modal=&#8221;on&#8221; da_is_singular=&#8221;off&#8221; da_with_loader=&#8221;off&#8221; da_has_shadow=&#8221;on&#8221;][et_pb_row _builder_version=&#8221;4.27.6&#8243; _module_preset=&#8221;default&#8221; global_colors_info=&#8221;{}&#8221;][et_pb_column type=&#8221;4_4&#8243; _builder_version=&#8221;4.27.6&#8243; _module_preset=&#8221;default&#8221; global_colors_info=&#8221;{}&#8221;][et_pb_text _builder_version=&#8221;4.27.6&#8243; _module_preset=&#8221;default&#8221; text_font=&#8221;&#8211;et_global_body_font|&#8211;et_global_heading_font_weight|||||||&#8221; header_text_color=&#8221;#D35917&#8243; header_2_text_color=&#8221;#D35917&#8243; header_3_text_color=&#8221;#072130&#8243; global_colors_info=&#8221;{}&#8221;]<\/p>\n<h3>Scegliere i migliori prodotti per la pip\u00ec a letto<\/h3>\n<h2>per bambini, adolescenti e adulti<\/h2>\n<p>L&#8217;enuresi notturna \u00e8 una condizione diffusa. Bambini, adolescenti e adulti possono necessitare di prodotti per la pip\u00ec a letto efficaci per gestire gli incidenti notturni con discrezione, comfort e sicurezza.  <\/p>\n<p>Nel catalogo Pjama troverete prodotti per la pip\u00ec a letto studiati sia per la protezione immediata che per il trattamento dell&#8217;enuresi. Le nostre soluzioni migliorano la qualit\u00e0 del sonno e offrono tranquillit\u00e0 grazie a materiali innovativi e tecnologie affidabili. <\/p>\n<h3>Guida ai tipi di prodotti per la pip\u00ec a letto<\/h3>\n<p>Esistono diversi tipi di prodotti per la pip\u00ec a letto che possono essere utilizzati singolarmente o in combinazione, a seconda delle esigenze e delle circostanze.<\/p>\n<p><strong>Pjama Protect &#8211; Biancheria da notte protettiva lavabile<\/strong><br \/>I pantaloncini, i pantaloni e la biancheria intima lavabili con strati assorbenti proteggono il letto con l&#8217;aspetto e la sensazione di una normale biancheria da notte. Si tratta di una soluzione discreta, adatta all&#8217;uso in casa, in viaggio o durante i pigiama party. <\/p>\n<p><strong>Pjama DryGuardians &#8211; Allarmi pip\u00ec a letto<\/strong><br \/>Gli allarmi pip\u00ec a letto sono spesso utilizzati come metodo di trattamento. L&#8217;allarme reagisce all&#8217;umidit\u00e0 e aiuta il corpo a imparare a svegliarsi quando la vescica \u00e8 piena. Con il tempo, questo pu\u00f2 contribuire a migliorare il controllo della vescica durante la notte.  <\/p>\n<p><strong>Accessori &#8211; Prodotti di supporto<\/strong><br \/>Accessori come orologi promemoria, sensori e soluzioni di archiviazione possono supportare l&#8217;allenamento della vescica e facilitare le routine quotidiane.<\/p>\n<p><strong data-start=\"230\" data-end=\"266\">Linea Adulti &#8211; Prodotti specifici per enuresi notturna<\/strong><br data-start=\"266\" data-end=\"269\">Soluzioni discrete e confortevoli sviluppate per gli adulti che soffrono di pip\u00ec a letto durante la notte. I prodotti sono progettati per fornire una protezione affidabile per tutta la notte, pur avendo l&#8217;aspetto e la sensazione di un normale abbigliamento da notte. Questo li rende adatti all&#8217;uso a casa, in viaggio o durante i pernottamenti, senza dare l&#8217;impressione di essere medicalizzati o limitati.  <\/p>\n<p>[\/et_pb_text][\/et_pb_column][\/et_pb_row][et_pb_row _builder_version=&#8221;4.27.6&#8243; _module_preset=&#8221;default&#8221; global_colors_info=&#8221;{}&#8221;][et_pb_column type=&#8221;4_4&#8243; _builder_version=&#8221;4.27.6&#8243; _module_preset=&#8221;default&#8221; global_colors_info=&#8221;{}&#8221;][et_pb_text _builder_version=&#8221;4.27.6&#8243; _module_preset=&#8221;default&#8221; text_font=&#8221;&#8211;et_global_body_font|&#8211;et_global_heading_font_weight|||||||&#8221; header_3_text_color=&#8221;#072130&#8243; global_colors_info=&#8221;{}&#8221;]<\/p>\n<h3>Soluzioni discrete per un sonno migliore<\/h3>\n<p>I moderni prodotti per la pip\u00ec a letto Pjama uniscono comfort e discrezione. Grazie al design simile alla normale biancheria da notte, i nostri prodotti lavabili sono una scelta ecologica e pratica rispetto ai pannolini usa e getta. <\/p>\n<p>Per le famiglie con bambini, i prodotti giusti possono ridurre lo stress da letto. Per gli adolescenti e gli adulti, le soluzioni discrete rendono pi\u00f9 facile mantenere la privacy e partecipare alle attivit\u00e0 quotidiane senza preoccupazioni. <\/p>\n<h3>Consigli per l&#8217;acquisto di prodotti per la pip\u00ec a letto<\/h3>\n<p>La scelta dei prodotti per la pip\u00ec a letto dipende spesso dall&#8217;et\u00e0, dalla causa scatenante della pip\u00ec a letto e dalle preferenze personali. Alcuni danno la priorit\u00e0 a una protezione affidabile durante la notte, mentre altri desiderano combinare la protezione con il trattamento. <\/p>\n<p>Pjama offre prodotti per la pip\u00ec a letto di alta qualit\u00e0 che integrano materiali confortevoli e sensori allarme, garantendo un riposo sereno e migliorando sensibilmente la qualit\u00e0 della vita quotidiana. <\/p>\n<p>[\/et_pb_text][\/et_pb_column][\/et_pb_row][\/et_pb_section]<\/p>\n","protected":false},"excerpt":{"rendered":"<p>Soluzioni assorbenti di fiducia che mantengono il letto asciutto garantendo la massima discrezione.I nostri prodotti per la pip\u00ec a letto offrono protezione e tranquillit\u00e0 immediata.Sistemi DryGuardians: allarmi per la pip\u00ec a letto clinicamente testati per aiutare bambini e adulti a risolvere l&#8217;enuresi. Un trattamento efficace per un&#8217;asciugatura duratura. Accessori e prodotti per la gestione della [&hellip;]<\/p>\n","protected":false},"author":33,"featured_media":31074,"parent":0,"menu_order":0,"comment_status":"closed","ping_status":"closed","template":"","meta":{"_et_pb_use_builder":"on","_et_pb_old_content":"","_et_gb_content_width":"","footnotes":""},"class_list":["post-35773","page","type-page","status-publish","has-post-thumbnail","hentry"],"_links":{"self":[{"href":"https:\/\/pjama.eu\/it\/wp-json\/wp\/v2\/pages\/35773","targetHints":{"allow":["GET"]}}],"collection":[{"href":"https:\/\/pjama.eu\/it\/wp-json\/wp\/v2\/pages"}],"about":[{"href":"https:\/\/pjama.eu\/it\/wp-json\/wp\/v2\/types\/page"}],"author":[{"embeddable":true,"href":"https:\/\/pjama.eu\/it\/wp-json\/wp\/v2\/users\/33"}],"replies":[{"embeddable":true,"href":"https:\/\/pjama.eu\/it\/wp-json\/wp\/v2\/comments?post=35773"}],"version-history":[{"count":7,"href":"https:\/\/pjama.eu\/it\/wp-json\/wp\/v2\/pages\/35773\/revisions"}],"predecessor-version":[{"id":37016,"href":"https:\/\/pjama.eu\/it\/wp-json\/wp\/v2\/pages\/35773\/revisions\/37016"}],"wp:featuredmedia":[{"embeddable":true,"href":"https:\/\/pjama.eu\/it\/wp-json\/wp\/v2\/media\/31074"}],"wp:attachment":[{"href":"https:\/\/pjama.eu\/it\/wp-json\/wp\/v2\/media?parent=35773"}],"curies":[{"name":"wp","href":"https:\/\/api.w.org\/{rel}","templated":true}]}}