{"id":24440,"date":"2022-12-15T14:46:15","date_gmt":"2022-12-15T13:46:15","guid":{"rendered":"https:\/\/pjama.eu\/product\/orologio-allarme-vibrante-pjama-blu-chiaro\/"},"modified":"2026-04-13T10:04:03","modified_gmt":"2026-04-13T08:04:03","slug":"orologio-vibrante-per-bambini-incontinenza","status":"publish","type":"product","link":"https:\/\/pjama.eu\/it\/prodotto\/orologio-vibrante-per-bambini-incontinenza\/","title":{"rendered":"Orologio Allarme Vibrante Pjama"},"content":{"rendered":"<h3 style=\"color: #d35917;\">Orologio Allarme Vibrante Pjama<\/h3>\n<p>L&#8217;orologio Allarme Vibrante Pjama \u00e8 un orologio da polso elegante e moderno con allarme a vibrazione, utilizzato per le perdite di urina diurne come promemoria per la toilette. La sveglia pu\u00f2 essere impostata per un massimo di 8 intervalli al giorno. La fascia \u00e8 realizzata in silicone morbido e flessibile, regolabile alla giusta misura. L&#8217;Orologio Allarme Vibrante Pjama blu chiaro \u00e8 dotato di un display digitale a LED. Questo orologio con vibrazione \u00e8 ideale anche per i bambini come strumento di promemoria.  L&#8217;orologio mostra l&#8217;ora come un normale orologio. L&#8217;Orologio Allarme Vibrante Pjama viene utilizzato per ricordare a bambini o adulti di svuotare la vescica durante il giorno o per ricordare loro altre azioni necessarie. Funziona come un pratico e discreto orologio da polso vibrante per l&#8217;uso quotidiano. <\/p>\n<h4 style=\"color: #072130;\">USO GIORNALIERO<\/h4>\n<p>L&#8217;orologio Allarme Vibrante Pjama pu\u00f2 essere utilizzato da bambini e adulti che soffrono di pip\u00ec diurna e hanno bisogno di un promemoria per andare in bagno.<br \/>\n&#8211; Premere una volta il pulsante Ora\/Sveglia per visualizzare l&#8217;ora.<br \/>\n&#8211; Premere due volte il pulsante Ora\/Sveglia per controllare la carica della batteria (da 0 a 100 per cento).<br \/>\n&#8211; La vibrazione pu\u00f2 essere interrotta immediatamente premendo un pulsante, oppure si arresta automaticamente dopo 60 secondi.<\/p>\n<p>Questo orologio vibrante per bambini emette vibrazioni discrete per ricordare le visite alla toilette.<\/p>\n<h4 style=\"color: #072130;\">RICARICA DELL&#8217;OROLOGIO<\/h4>\n<p>Rimuovere l&#8217;orologio dalla custodia in silicone e collegare la porta USB dell&#8217;orologio al power bank (5V) o al computer portatile. Una luce blu indica che l&#8217;orologio \u00e8 in carica quando il cavo USB \u00e8 collegato. Una volta completamente carica, la spia blu rimarr\u00e0 accesa. Una batteria completamente carica pu\u00f2 durare da 6 a 15 giorni. Questo orologio vibrante \u00e8 stato progettato per essere resistente e facile da usare sia per i bambini che per gli adulti.    <\/p>\n<h4 style=\"color: #072130;\">Dettagli<\/h4>\n<p>Power Source: DC 5V, Charging Input: Micro USB, Temperature Range: 0 to 45 degrees Celcius<\/p>\n<h4 style=\"color: #072130;\">Consigli per i bambini con incontinenza urinaria diurna<\/h4>\n<p>La pip\u00ec diurna nei bambini \u00e8 un problema comune. Circa il 3-4% dei bambini di et\u00e0 compresa tra i 3 e i 12 anni ha regolarmente perdite di urina durante il giorno, ma il problema pu\u00f2 cessare con un supporto adeguato. <\/p>\n<ul>\n<li>Incoraggiate il bambino a usare il bagno regolarmente, anche se non ne sente il bisogno.<\/li>\n<li>Pianificate orari regolari per la toilette e assicuratevi che il bambino svuoti completamente la vescica.<\/li>\n<li>Un diario della pip\u00ec pu\u00f2 aiutare a tenere traccia degli schemi e a migliorare il controllo della vescica.<\/li>\n<li>Non punite mai il bambino per gli incidenti, ma incoraggiatelo e rafforzate la sua fiducia.<\/li>\n<li>Assicurarsi che il bambino beva a sufficienza per mantenere una corretta idratazione e facilitare le visite al bagno.<\/li>\n<li>Un orologio Allarme Vibrante Pjama pu\u00f2 essere un ottimo aiuto per ricordare al bambino di andare in bagno, soprattutto quando non si pu\u00f2 essere presenti per ricordarglielo personalmente.<\/li>\n<\/ul>\n<h4 style=\"color: #072130;\">Se il bambino bagna il letto di notte<\/h4>\n<p>Il termine medico per indicare la pip\u00ec a letto \u00e8 enuresi notturna. Gli esperti stimano che fino a 160 milioni di persone nel mondo soffrano di pip\u00ec a letto. La pip\u00ec a letto pu\u00f2 avere un impatto negativo sulle famiglie, ma esistono alcuni consigli per gestire il problema. Ecco un piccolo elenco che pu\u00f2 esservi utile:   <\/p>\n<ul>\n<li>La pip\u00ec a letto non \u00e8 colpa del bambino. Non punite o prendete in giro il bambino. <\/li>\n<li>Lasciate che il bambino beva quanto vuole. Una ricerca svedese ha dimostrato che ha un impatto minimo sul trattamento dell&#8217;Allarme pip\u00ec a letto. <\/li>\n<li>Usare il <a href=\"https:\/\/pjama.eu\/it\/pantaloni-per-enuresi\/\">Pjama<\/a> quando il bambino dorme, sia a casa che fuori.<\/li>\n<li>Per le perdite di urina diurne, utilizzare l&#8217;Orologio Allarme Vibrante Pjama azzurro.<\/li>\n<li>Scaricate la nostra <a href=\"https:\/\/pjama.eu\/it\/allarme-pipi-a-letto-app\/\">app DryGuardians<\/a> per utilizzare il calendario e tenere traccia dei progressi. Questo sar\u00e0 utile anche se\/quando vi rivolgerete a un medico. <\/li>\n<li>Parlatene! Molti adulti e bambini soffrono di pip\u00ec a letto, ma nessuno ne parla. <\/li>\n<\/ul>\n<h4 style=\"color: #072130;\">Volete saperne di pi\u00f9?<\/h4>\n<p>Per saperne di pi\u00f9 sulla pip\u00ec a letto, consultate la nostra pagina<a href=\"https:\/\/pjama.eu\/it\/che-cose-lenuresi\/\">&#8220;Cos&#8217;\u00e8 l&#8217;enuresi?<\/a>&#8220;.<\/p>\n","protected":false},"excerpt":{"rendered":"<h4>Orologio Allarme Vibrante Pjama<\/h4>\n<p>Orologio Allarme Vibrante Pjama, elegante e moderno, utilizzato in caso di perdite di urina diurne come promemoria per l&#8217;uso della toilette o per altri promemoria.<\/p>\n<ul>\n<li>Display digitale a LED.<\/li>\n<li>L&#8217;orologio mostra l&#8217;ora come un normale orologio.<\/li>\n<li>La sveglia pu\u00f2 essere impostata per un massimo di 8 intervalli al giorno.<\/li>\n<li>La fascia \u00e8 realizzata in silicone morbido e flessibile, regolabile alla giusta misura.<\/li>\n<li>Si ricarica tramite Micro USB.<\/li>\n<li>La batteria di un orologio completamente carico dura dai 6 ai 15 giorni.<\/li>\n<\/ul>\n<p>Quando l&#8217;Orologio Allarme Vibrante Pjama non \u00e8 pi\u00f9 necessario per i promemoria della toilette, pu\u00f2 essere utilizzato come un normale orologio da polso.<\/p>\n","protected":false},"featured_media":24441,"template":"","meta":{"_et_pb_use_builder":"","_et_pb_old_content":"","_et_gb_content_width":""},"product_brand":[],"product_cat":[329,330],"product_tag":[],"class_list":{"0":"post-24440","1":"product","2":"type-product","3":"status-publish","4":"has-post-thumbnail","6":"product_cat-orologio-allarme-vibrante-pjama","7":"product_cat-accessori_2025","8":"product_shipping_class-ue","10":"first","11":"instock","12":"taxable","13":"shipping-taxable","14":"purchasable","15":"product-type-simple"},"composite_virtual":false,"composite_layout":"","composite_add_to_cart_form_location":"","composite_editable_in_cart":false,"composite_sold_individually_context":"","composite_shop_price_calc":"","composite_components":[],"composite_scenarios":[],"_links":{"self":[{"href":"https:\/\/pjama.eu\/it\/wp-json\/wp\/v2\/product\/24440","targetHints":{"allow":["GET"]}}],"collection":[{"href":"https:\/\/pjama.eu\/it\/wp-json\/wp\/v2\/product"}],"about":[{"href":"https:\/\/pjama.eu\/it\/wp-json\/wp\/v2\/types\/product"}],"wp:featuredmedia":[{"embeddable":true,"href":"https:\/\/pjama.eu\/it\/wp-json\/wp\/v2\/media\/24441"}],"wp:attachment":[{"href":"https:\/\/pjama.eu\/it\/wp-json\/wp\/v2\/media?parent=24440"}],"wp:term":[{"taxonomy":"product_brand","embeddable":true,"href":"https:\/\/pjama.eu\/it\/wp-json\/wp\/v2\/product_brand?post=24440"},{"taxonomy":"product_cat","embeddable":true,"href":"https:\/\/pjama.eu\/it\/wp-json\/wp\/v2\/product_cat?post=24440"},{"taxonomy":"product_tag","embeddable":true,"href":"https:\/\/pjama.eu\/it\/wp-json\/wp\/v2\/product_tag?post=24440"}],"curies":[{"name":"wp","href":"https:\/\/api.w.org\/{rel}","templated":true}]}}