{"id":24644,"date":"2020-06-04T09:46:01","date_gmt":"2020-06-04T07:46:01","guid":{"rendered":"https:\/\/pjama.eu\/product\/pjama-dryguardians-set-allarme-per-enuresi-notturna\/"},"modified":"2026-03-18T12:06:22","modified_gmt":"2026-03-18T11:06:22","slug":"pjama-dryguardians-set-allarme-per-enuresi-notturna","status":"publish","type":"product","link":"https:\/\/pjama.eu\/it\/prodotto\/pjama-dryguardians-set-allarme-per-enuresi-notturna\/","title":{"rendered":"Pjama DryGuardians Set Allarme per enuresi notturna"},"content":{"rendered":"<h3>Pjama DryGuardians Set Allarme per enuresi notturna<\/h3>\n<h4>Trattamento con Allarme pip\u00ec a letto<\/h4>\n<p>Il Pjama DryGuardians Allarme pip\u00ec a letto \u00e8 uno strumento efficace per il trattamento della<br \/>\npip\u00ec a letto e dell&#8217;enuresi notturna nei bambini e negli adulti. Gli studi dimostrano che<br \/>\nrimanere motivati e utilizzare il trattamento con costanza ogni notte \u00e8 la chiave per<br \/>\nsuperare la pip\u00ec a letto. Questo set rende pi\u00f9 facile rimanere in pista e avere successo.  <\/p>\n<p>L&#8217;allarme funziona con tutti gli indumenti per il trattamento Pjama, compresi pantaloni, pantaloncini e biancheria intima.<br \/>\n\u00c8 costituito da un sensore che si aggancia all&#8217;indumento e da un&#8217;unit\u00e0 altoparlante posizionata vicino al letto.<br \/>\nQuando il sensore rileva l&#8217;umidit\u00e0, l&#8217;allarme si attiva, svegliando l&#8217;utente. L&#8217;uso costante aiuta<br \/>\nad allenare il cervello a rispondere ai segnali del corpo e a interrompere l&#8217;abitudine di bagnare il letto. <\/p>\n<p>Con il kit completo per il trattamento Pjama (compresi i pantaloni o i pantaloncini grigi per il trattamento), si ottiene sia la protezione<br \/>\nche il trattamento in un unico prodotto. Per i pigiama party, \u00e8 possibile collegare il sensore al<br \/>\n<strong>DryGuardians App<\/strong> su un telefono, che consente di ricevere vibrazioni discrete invece di un allarme forte.<br \/>\nIn questo modo, i bambini possono continuare il trattamento senza interruzioni, anche fuori casa.<\/p>\n<h4>Come funziona il Pjama DryGuardians Allarme pip\u00ec a letto?<\/h4>\n<p>Il sensore si attacca alla cintura degli indumenti Pjama, che sono dotati di fili del sensore integrati<br \/>\nche espandono l&#8217;area di rilevamento. Questo garantisce un rilevamento affidabile indipendentemente dal punto in cui l&#8217;urina arriva o<br \/>\ndalla posizione in cui l&#8217;utente dorme. Questa funzionalit\u00e0 \u00e8 particolarmente preziosa per i ragazzi,<br \/>\nma altrettanto importante per le ragazze che dormono in posizioni diverse.  <\/p>\n<p>Quando viene rilevata la presenza di umidit\u00e0, l&#8217;unit\u00e0 di allarme collegata si attiva immediatamente, interrompendo l&#8217;Allarme pip\u00ec a letto<br \/>\ne incoraggiando l&#8217;utente a svegliarsi e ad andare in bagno.<\/p>\n<h4>Caratteristiche e vantaggi<\/h4>\n<ul>\n<li><strong>Trattamento efficace:<\/strong> Supporta bambini e adulti con enuresi notturna.<\/li>\n<li><strong>Progettato per i pigiama party:<\/strong> Si abbina all&#8217;App DryGuardians per vibrazioni discrete.<\/li>\n<li><strong>Ricarica USB:<\/strong> Ricarica comoda e rapida tramite USB.<\/li>\n<li><strong>Sistema wireless:<\/strong> L&#8217;unit\u00e0 di allarme pu\u00f2 essere posizionata fino a 10 metri dal sensore.<\/li>\n<li><strong>Notifiche per i genitori:<\/strong> Collegare l&#8217;allarme al telefono di un genitore per ottenere avvisi immediati.<\/li>\n<\/ul>\n<h4>Seguire i progressi con l&#8217;app DryGuardians<\/h4>\n<p>L&#8217;App DryGuardians consente di registrare gli incidenti, di monitorare i progressi del trattamento e di ricevere raccomandazioni personalizzate su<br \/>\nsviluppate in collaborazione con Swedish healthcare. Queste informazioni aiutano a ottimizzare il trattamento<br \/>\ne forniscono preziose informazioni da condividere con i medici, se necessario. <\/p>\n<h4>Consigli pratici per l&#8217;uso<\/h4>\n<ul>\n<li>Assicurarsi che gli indumenti calzino correttamente e impostare il volume dell&#8217;allarme su un livello adeguato.<\/li>\n<li>Insegnate ai bambini come funziona l&#8217;allarme e coinvolgeteli nel processo.<\/li>\n<li>Quando suona l&#8217;allarme, svegliate il bambino e accompagnatelo in bagno.<\/li>\n<li>Seguire le istruzioni di lavaggio dei capi per mantenere la qualit\u00e0.<\/li>\n<\/ul>\n<h4>Cura del sensore<\/h4>\n<p><span style=\"font-weight: 400;\">Per ottenere prestazioni ottimali, rimuovere sempre il sensore e asciugarlo dopo l&#8217;uso.<\/span><span style=\"font-weight: 400;\"><br \/>\n<\/span><span style=\"font-weight: 400;\">Evitare di lasciarlo attaccato a un indumento bagnato, per evitare la corrosione e prolungare la durata della batteria.<\/span><\/p>\n<h4>Motivazione e pazienza sono fondamentali<\/h4>\n<p>Il trattamento della pip\u00ec a letto richiede tempo, motivazione e incoraggiamento. I genitori dovrebbero sostenere i loro figli<br \/>\ncon feedback positivi e festeggiare i progressi compiuti lungo il percorso. Fissare piccoli traguardi aiuta a mantenere alta la<br \/>\nmotivazione, con l&#8217;obiettivo finale di liberarsi dalla pip\u00ec a letto.  <\/p>\n<p>Per ulteriori informazioni sull&#8217;enuresi e sulle soluzioni terapeutiche, visitate il nostro sito web<br \/>\n<a href=\"https:\/\/pjama.eu\/it\">sito web<\/a> o scaricare il manuale del prodotto<br \/>\n<a href=\"https:\/\/pjama.eu\/it\/manuali-dei-prodotti\/\">qui<\/a>.<\/p>\n<footer>\u00a9 2024 Pjama.<\/footer>\n","protected":false},"excerpt":{"rendered":"<h3>Sistema di allarme pip\u00ec a letto &#8211; include sensore e altoparlante &#8211; parte del metodo DryGuardians<\/h3>\n<p>Il Pjama DryGuardians Allarme per enuresi notturna comprende:<\/p>\n<ul>\n<li>Sensore che si fissa con bottoni a pressione<\/li>\n<li>Altoparlante da posizionare vicino al letto<\/li>\n<\/ul>\n<p>Il sensore si attacca ai pantaloni per enuresi, ai pantaloncini, ai boxer o agli slip e fornisce a<br \/>\nun modo semplice, efficace e affidabile per trattare la pip\u00ec a letto e l&#8217;enuresi.<\/p>\n<p>Per utilizzare l&#8217;Allarme pip\u00ec a letto con il vostro smartphone, scaricate l&#8217;applicazione<br \/>\nL&#8217;<strong>applicazione DryGuardians<\/strong> pu\u00f2 essere scaricata gratuitamente da<br \/>\n<a href=\"https:\/\/play.google.com\/store\/apps\/details?id=com.pjama&amp;hl=it&amp;gl=IT\">Google Play<\/a><br \/>\no <a href=\"https:\/\/apps.apple.com\/it\/app\/dryguardians\/id1498084664\">App Store<\/a>.<\/p>\n","protected":false},"featured_media":31178,"template":"","meta":{"_et_pb_use_builder":"off","_et_pb_old_content":"<h3>Bedwetting Alarm for Pjama Treatment Series<\/h3>\r\n<h4>Treatment with Bedwetting Alarm<\/h4>\r\nThe bedwetting alarm is an effective tool for treating bedwetting and nighttime enuresis, for both children and adults. Research shows that about 70% of individuals who undergo bedwetting treatment with an alarm are completely cured, provided there is motivation to follow the treatment every night during the treatment period. The Pjama bedwetting alarm works with all Pjama treatment garments, including pants, shorts, and underwear. The alarm consists of a sensor that clips onto Pjama pants or underwear and a loudspeaker unit placed by the bed. When the sensor detects moisture, the bedwetting alarm is triggered, waking the person undergoing treatment. Consistent use during the treatment period helps break the bedwetting habit, also known as nighttime enuresis.\r\n\r\nWith the Pjama treatment kit, which includes gray treatment pants or shorts, you get both protection and treatment in one. The Pjama pants or shorts keep the bed dry, while the bedwetting alarm helps establish new routines. For sleepovers, the sensor can be connected to the DryGuardians app on your phone, allowing for discreet vibrations instead of a loud alarm. This is perfect for children with enuresis who want to attend sleepovers without interrupting their treatment.\r\n<h4>How Does the Pjama Bedwetting Alarm Work?<\/h4>\r\nThe bedwetting alarm is designed to help both children and adults with bedwetting and acts as a first-line treatment for enuresis. The sensor attached to the Pjama clothing is connected to an alarm unit that activates upon contact with moisture. This bedwetting treatment works by immediately interrupting the bedwetting, training the brain to respond to the body's signals. The treatment garments have integrated sensor wires, which increase the surface area of the sensor. This means that no matter where the urine lands or the sleeping position you or your child is in, the alarm will reliably detect bedwetting. This feature can be especially valuable for boys, as the area where urine first contacts can vary. The same applies to girls who sleep in different positions, particularly if they often sleep on their back.\r\n<h4>Features and Benefits of the Pjama Bedwetting Alarm<\/h4>\r\n<ul>\r\n \t<li><strong>Effective Treatment:<\/strong> Helps with nighttime enuresis for both children and adults.<\/li>\r\n \t<li><strong>Designed for Sleepovers:<\/strong> Use a mobile phone and the DryGuardians app for discreet treatment.<\/li>\r\n \t<li><strong>USB Charging:<\/strong> The alarm unit is easily charged with a USB charger.<\/li>\r\n \t<li><strong>Wireless System:<\/strong> The alarm unit can be placed up to 10 meters from the sensor.<\/li>\r\n \t<li><strong>Parent Notifications:<\/strong> Connect the bedwetting alarm to a parent's phone to receive notifications upon leakage.<\/li>\r\n<\/ul>\r\n<h4>Track Progress with the DryGuardians App<\/h4>\r\nWith the DryGuardians app, you can easily track progress in treating bedwetting and nighttime enuresis. DryGuardians provides predictions and recommendations developed in collaboration with Swedish healthcare, tailored to how your treatment progresses and ensuring that it is optimized for your specific circumstances and results. Log all accidents and track trends over time, which can help you or your child stay motivated. The collected information is also valuable to share with a doctor if additional advice is needed.\r\n<h4>Practical Tips for Use<\/h4>\r\n<ul>\r\n \t<li>Ensure the clothes fit properly and choose an alarm volume that suits your needs.<\/li>\r\n \t<li>Teach the child how the bedwetting alarm works and involve them in the process.<\/li>\r\n \t<li>When the alarm goes off, wake the child and help them go to the bathroom.<\/li>\r\n \t<li>Wash the Pjama garments according to the instructions to maintain quality.<\/li>\r\n<\/ul>\r\n<h4>Motivation and Patience Are Key<\/h4>\r\nTreating bedwetting and nighttime enuresis is a process that requires both motivation and patience, whether you are an adult or a child. Parents should encourage their children and provide positive feedback for every progress made. Setting smaller goals along the way can help maintain high motivation, with the ultimate goal of becoming free from bedwetting.\r\n\r\nFor more information about bedwetting alarms and enuresis alarms for both children and adults, read more on our <a href=\"https:\/\/pjama.se\">website<\/a> or download the manual <a href=\"https:\/\/pjama.se\/produkt-manualer\/\">here<\/a>.\r\n\r\n<footer>\u00a9 2024 Pjama.<\/footer>\u00a0","_et_gb_content_width":""},"product_brand":[],"product_cat":[351,349,352,350],"product_tag":[],"class_list":{"0":"post-24644","1":"product","2":"type-product","3":"status-publish","4":"has-post-thumbnail","6":"product_cat-allarme-pipi-a-letto","7":"product_cat-accessori","8":"product_cat-pjamadryguardians_2025","9":"product_cat-trattamento-pjama","10":"product_shipping_class-ue","12":"first","13":"instock","14":"taxable","15":"shipping-taxable","16":"purchasable","17":"product-type-simple"},"composite_virtual":false,"composite_layout":"","composite_add_to_cart_form_location":"","composite_editable_in_cart":false,"composite_sold_individually_context":"","composite_shop_price_calc":"","composite_components":[],"composite_scenarios":[],"_links":{"self":[{"href":"https:\/\/pjama.eu\/it\/wp-json\/wp\/v2\/product\/24644","targetHints":{"allow":["GET"]}}],"collection":[{"href":"https:\/\/pjama.eu\/it\/wp-json\/wp\/v2\/product"}],"about":[{"href":"https:\/\/pjama.eu\/it\/wp-json\/wp\/v2\/types\/product"}],"wp:featuredmedia":[{"embeddable":true,"href":"https:\/\/pjama.eu\/it\/wp-json\/wp\/v2\/media\/31178"}],"wp:attachment":[{"href":"https:\/\/pjama.eu\/it\/wp-json\/wp\/v2\/media?parent=24644"}],"wp:term":[{"taxonomy":"product_brand","embeddable":true,"href":"https:\/\/pjama.eu\/it\/wp-json\/wp\/v2\/product_brand?post=24644"},{"taxonomy":"product_cat","embeddable":true,"href":"https:\/\/pjama.eu\/it\/wp-json\/wp\/v2\/product_cat?post=24644"},{"taxonomy":"product_tag","embeddable":true,"href":"https:\/\/pjama.eu\/it\/wp-json\/wp\/v2\/product_tag?post=24644"}],"curies":[{"name":"wp","href":"https:\/\/api.w.org\/{rel}","templated":true}]}}