{"id":24737,"date":"2022-12-15T14:22:15","date_gmt":"2022-12-15T13:22:15","guid":{"rendered":"https:\/\/pjama.eu\/product\/orologio-allarme-vibrante-pjama-rosa\/"},"modified":"2025-12-14T19:12:48","modified_gmt":"2025-12-14T18:12:48","slug":"orologio-allarme-vibrante-pjama-rosa","status":"publish","type":"product","link":"https:\/\/pjama.eu\/it\/prodotto\/orologio-allarme-vibrante-pjama-rosa\/","title":{"rendered":"Orologio Allarme Vibrante Pjama &#8211; Rosa"},"content":{"rendered":"<h4>Orologio Allarme Vibrante Pjama &#8211; Rosa<\/h4>\n<p>Orologio Allarme Vibrante Pjama, elegante e moderno, utilizzato per le perdite di urina diurne come promemoria per andare in bagno o per altri promemoria.<br \/>\nLa sveglia pu\u00f2 essere impostata per un massimo di 8 intervalli al giorno. Il cinturino \u00e8 realizzato in silicone morbido e flessibile, regolabile alla giusta misura.<br \/>\nOrologio Allarme Vibrante Pjama &#8211; Rosa \u00e8 dotato di uno schermo digitale a LED. Questo orologio vibrante \u00e8 ideale anche come strumento di promemoria per i bambini. <\/p>\n<p>L&#8217;orologio mostra l&#8217;ora come un normale orologio. L&#8217;Orologio Allarme Vibrante Pjama &#8211; Rosa \u00e8 utilizzato per ricordare ai bambini o agli adulti di svuotare la vescica<br \/>\ndurante il giorno o per ricordare loro altri compiti necessari. Funziona come un orologio da polso vibrante per un uso pratico e discreto nella vita quotidiana. <\/p>\n<h4>Uso quotidiano<\/h4>\n<p>L&#8217;orologio Allarme Vibrante Pjama pu\u00f2 essere utilizzato da bambini e adulti che soffrono di perdite di urina durante il giorno e hanno bisogno di un promemoria per andare in bagno.<\/p>\n<ul>\n<li>Premere una volta il pulsante Ora\/Sveglia per visualizzare l&#8217;ora.<\/li>\n<li>Premere due volte il pulsante Ora\/Sveglia per controllare la carica della batteria (da 0 a 100%).<\/li>\n<li>La vibrazione pu\u00f2 essere interrotta immediatamente premendo un pulsante, oppure si arresta automaticamente dopo 60 secondi.<\/li>\n<\/ul>\n<p>Questo orologio vibrante per bambini fornisce un feedback attraverso vibrazioni discrete che ricordano le visite alla toilette.<\/p>\n<h4>Ricarica dell&#8217;orologio<\/h4>\n<p>Rimuovere l&#8217;orologio dalla custodia in silicone e collegare la porta USB dell&#8217;orologio al power bank (5V) o al computer portatile.<br \/>\nQuando il cavo USB \u00e8 collegato, una luce blu indica che l&#8217;orologio \u00e8 in carica. Quando l&#8217;orologio \u00e8 completamente carico (100%), la spia blu rimane accesa.<x id=\"gid_0\"><\/x>La batteria di un orologio completamente carico pu\u00f2 durare 6-15 giorni. Questo orologio vibrante \u00e8 stato progettato per essere resistente e facile da usare sia per i bambini che per gli adulti.  <\/p>\n<h4>Dettagli<\/h4>\n<p>Alimentazione: DC 5V, Ingresso di ricarica: Micro USB, Temperatura di funzionamento: Da 0 a 45\u00b0C.<\/p>\n<h4>Consigli per i bambini con incontinenza urinaria diurna<\/h4>\n<p>Gli incidenti diurni nei bambini sono comuni. Circa il 3-4% dei bambini di et\u00e0 compresa tra i 3 e i 12 anni presenta regolarmente perdite di urina diurne, che per\u00f2 possono scomparire con un supporto adeguato. <\/p>\n<ul>\n<li>Incoraggiate il bambino ad andare in bagno regolarmente, anche se non ne sente il bisogno.<\/li>\n<li>Pianificate orari fissi per le visite al bagno e assicuratevi che il bambino svuoti completamente la vescica.<\/li>\n<li>Un diario delle urine pu\u00f2 aiutare a tracciare gli schemi e a migliorare il controllo della minzione.<\/li>\n<li>Non punire mai il bambino per gli incidenti, ma incoraggiarlo e fargli acquisire fiducia in se stesso.<\/li>\n<li>Assicurarsi che il bambino beva a sufficienza per mantenere un buon equilibrio di liquidi e facilitare le visite alla toilette.<\/li>\n<li>Un orologio da polso con vibrazione pu\u00f2 essere uno strumento utile per ricordare al bambino di andare in bagno, soprattutto quando non si pu\u00f2 essere presenti per ricordarglielo di persona.<\/li>\n<\/ul>\n<h4>Se il bambino bagna il letto di notte<\/h4>\n<p>Il termine medico per indicare la pip\u00ec a letto \u00e8 enuresi notturna. Gli esperti stimano che fino a 160 milioni di persone nel mondo soffrano di pip\u00ec a letto.<x id=\"gid_0\"><\/x>La pip\u00ec a letto pu\u00f2 avere un impatto significativo sulle famiglie, ma esistono consigli su come gestire il problema. Ecco alcuni suggerimenti utili:  <\/p>\n<ul>\n<li>La pip\u00ec a letto non \u00e8 colpa di vostro figlio. Non punitelo o prendetelo in giro. <\/li>\n<li>Lasciate che il bambino beva quanto vuole. Una ricerca svedese ha dimostrato che questo ha un effetto limitato sui trattamenti di allarme pip\u00ec a letto. <\/li>\n<li>Usare il <a href=\"https:\/\/pjama.eu\/it\/negozio-pjama-per-la-pipi-a-letto\/\">Pjama<\/a> quando il bambino dorme, sia a casa che fuori.<\/li>\n<li>Per le perdite di urina diurne, utilizzare l&#8217;Orologio Allarme Vibrante Pjama.<\/li>\n<li>Scaricate la nostra <a href=\"https:\/\/pjama.eu\/it\/app-dryguardians-aiuta-a-trattare-la-pipi-a-letto-gratuitamente\/\">app DryGuardians<\/a> per utilizzare il calendario e tenere traccia dei progressi. Sar\u00e0 utile anche in caso di contatto con un medico. <\/li>\n<li>Parlatene! Molti adulti e bambini soffrono di pip\u00ec a letto, ma nessuno ne parla. <\/li>\n<\/ul>\n<h4>Volete saperne di pi\u00f9?<\/h4>\n<p>Per saperne di pi\u00f9 sulla pip\u00ec a letto, consultate la nostra pagina:<br \/>\n<a href=\"https:\/\/pjama.eu\/it\/che-cose-lenuresi\/\">Che cos&#8217;\u00e8 l&#8217;enuresi?<\/a><\/p>\n","protected":false},"excerpt":{"rendered":"<h4><span data-sheets-root=\"1\">Orologio Allarme Vibrante Pjama discreto &#8211; promemoria diurno per le visite alla toilette o per i farmaci<\/span><\/h4>\n<p>Orologio Allarme Vibrante Pjama, elegante e moderno, utilizzato per le perdite di urina diurne come promemoria per andare in bagno o per altri promemoria.<\/p>\n<ul>\n<li>Schermo LED digitale.<\/li>\n<li>L&#8217;orologio visualizza l&#8217;ora come un normale orologio.<\/li>\n<li>La sveglia pu\u00f2 essere impostata per un massimo di 8 intervalli di allarme al giorno.<\/li>\n<li>La fascia \u00e8 realizzata in silicone morbido e flessibile, regolabile alla giusta misura.<\/li>\n<li>Si ricarica con Micro USB.<\/li>\n<li>Una batteria completamente carica pu\u00f2 durare da 6 a 15 giorni.<\/li>\n<\/ul>\n<p>Una volta che l&#8217;orologio non \u00e8 pi\u00f9 necessario come promemoria per le visite alla toilette, pu\u00f2 essere utilizzato come un normale orologio da polso.<\/p>\n","protected":false},"featured_media":24739,"template":"","meta":{"_et_pb_use_builder":"","_et_pb_old_content":"","_et_gb_content_width":""},"product_brand":[],"product_cat":[329,330,328],"product_tag":[],"class_list":{"0":"post-24737","1":"product","2":"type-product","3":"status-publish","4":"has-post-thumbnail","6":"product_cat-orologio-allarme-vibrante-pjama","7":"product_cat-accessori_2025","8":"product_cat-bambini","9":"product_shipping_class-ue","11":"first","12":"instock","13":"taxable","14":"shipping-taxable","15":"purchasable","16":"product-type-simple"},"composite_virtual":false,"composite_layout":"","composite_add_to_cart_form_location":"","composite_editable_in_cart":false,"composite_sold_individually_context":"","composite_shop_price_calc":"","composite_components":[],"composite_scenarios":[],"_links":{"self":[{"href":"https:\/\/pjama.eu\/it\/wp-json\/wp\/v2\/product\/24737","targetHints":{"allow":["GET"]}}],"collection":[{"href":"https:\/\/pjama.eu\/it\/wp-json\/wp\/v2\/product"}],"about":[{"href":"https:\/\/pjama.eu\/it\/wp-json\/wp\/v2\/types\/product"}],"wp:featuredmedia":[{"embeddable":true,"href":"https:\/\/pjama.eu\/it\/wp-json\/wp\/v2\/media\/24739"}],"wp:attachment":[{"href":"https:\/\/pjama.eu\/it\/wp-json\/wp\/v2\/media?parent=24737"}],"wp:term":[{"taxonomy":"product_brand","embeddable":true,"href":"https:\/\/pjama.eu\/it\/wp-json\/wp\/v2\/product_brand?post=24737"},{"taxonomy":"product_cat","embeddable":true,"href":"https:\/\/pjama.eu\/it\/wp-json\/wp\/v2\/product_cat?post=24737"},{"taxonomy":"product_tag","embeddable":true,"href":"https:\/\/pjama.eu\/it\/wp-json\/wp\/v2\/product_tag?post=24737"}],"curies":[{"name":"wp","href":"https:\/\/api.w.org\/{rel}","templated":true}]}}