{"id":24749,"date":"2021-01-29T14:39:48","date_gmt":"2021-01-29T13:39:48","guid":{"rendered":"https:\/\/pjama.eu\/product\/pjama-dryguardians-altoparlante-allarme\/"},"modified":"2025-12-15T18:10:39","modified_gmt":"2025-12-15T17:10:39","slug":"pjama-dryguardians-altoparlante-allarme","status":"publish","type":"product","link":"https:\/\/pjama.eu\/it\/prodotto\/pjama-dryguardians-altoparlante-allarme\/","title":{"rendered":"Pjama DryGuardians Altoparlante Allarme"},"content":{"rendered":"<h3>Pjama DryGuardians Altoparlante Allarme<\/h3>\n<p>L&#8217;Altoparlante Allarme di Pjama DryGuardians funziona sia con l&#8217;altoparlante <a href=\"https:\/\/pjama.eu\/it\/prodotto\/pjama-dryguardians-sensore-allarme-indipendente\/\">Pjama DryGuardians Sensore Allarme Indipendente<\/a> e il<br \/>\nPjama DryGuardians Sensore Allarme<br \/>\n<a href=\"https:\/\/pjama.eu\/it\/guida-alle-dimensioni\/\">Size guide<\/a>.<\/p>\n<h4>Parte del sistema di allarme Allarme pip\u00ec a letto Pjama<\/h4>\n<p>L&#8217;Altoparlante Allarme Pjama DryGuardians pu\u00f2 essere abbinato al Sensore Allarme Pjama DryGuardians<br \/>\nutilizzato per il trattamento di pantaloni, pantaloncini e biancheria intima. Con l&#8217;altoparlante \u00e8 possibile selezionare i toni di allarme,<br \/>\nregolare il volume e abbinare pi\u00f9 sensori. L&#8217;altoparlante si ricarica con il cavo USB incluso.<br \/>\nPer ulteriori unit\u00e0 sonore, i genitori possono anche utilizzare la funzione di allarme nell&#8217;App DryGuardians.<br \/>Scaricare l&#8217;<strong>App DryGuardians<\/strong> da<br \/>\n<a href=\"https:\/\/play.google.com\/store\/apps\/details?id=com.pjama&amp;hl=it&amp;gl=IT\" target=\"_blank\" rel=\"noopener\">Google Play<\/a><br \/>\no <a href=\"https:\/\/apps.apple.com\/it\/app\/dryguardians\/id1498084664\" target=\"_blank\" rel=\"noopener\">App Store<\/a>.<\/p>\n<h4>Questo prodotto comprende:<\/h4>\n<ul>\n<li>1 \u00d7 Pjama DryGuardians Altoparlante Allarme<\/li>\n<\/ul>\n<h4>Utilizzo<\/h4>\n<p>Per ottenere risultati ottimali, posizionare il Pjama DryGuardians Sensore Allarme entro 10 metri dal sensore.<br \/>\nQuando l&#8217;allarme suona, il bambino pu\u00f2 fermarlo premendo il pulsante &#8220;ON&#8221; sulla parte superiore dell&#8217;altoparlante.<br \/>\nPer utilizzare l&#8217;allarme con lo smartphone, scaricare l&#8217;App DryGuardians da<br \/>\n<a href=\"https:\/\/play.google.com\/store\/apps\/details?id=com.pjama&amp;hl=it&amp;gl=IT\" target=\"_blank\" rel=\"noopener\">Google Play<\/a> o<br \/>\n<a href=\"https:\/\/apps.apple.com\/it\/app\/dryguardians\/id1498084664\" target=\"_blank\" rel=\"noopener\">App Store<\/a>.<\/p>\n<h4>Accoppiamento con il sensore<\/h4>\n<p>Accoppiare il sensore con il Pjama DryGuardians Sensore Allarme premendo contemporaneamente i pulsanti &#8220;volume&#8221; e &#8220;tono&#8221;<br \/>\nper 3 secondi. Quindi mettere in cortocircuito il sensore posizionando un oggetto metallico<br \/>\n(coltello o forbici) sui pulsanti, oppure utilizzare una goccia d&#8217;acqua sulla superficie per i sensori senza pulsanti.<br \/>\nDopo 3-5 secondi, l&#8217;altoparlante suoner\u00e0 per confermare l&#8217;avvenuto accoppiamento. <\/p>\n<h4>Info sul prodotto<\/h4>\n<ul>\n<li><em>Colore:<\/em> Azzurro<\/li>\n<li><em>Dimensioni (L \u00d7 H \u00d7 P):<\/em> 11 \u00d7 7 \u00d7 3 cm<\/li>\n<li><em>Ricarica:<\/em> Caricatore USB (incluso)<\/li>\n<li><em>Tempo di ricarica:<\/em> Computer: 4-6 ore \/ Adattatore AC 5V1.0A: 3 ore<\/li>\n<li><em>Volume:<\/em> Regolabile<\/li>\n<li><em>Segnali di allarme:<\/em> 7 tipi<\/li>\n<li>Il manuale completo \u00e8 disponibile sul nostro<a href=\"https:\/\/pjama.eu\/it\/manuali-dei-prodotti\/\">sito web<br \/>\n<\/a>.<\/li>\n<li>Per saperne di pi\u00f9 sulla pip\u00ec a <a href=\"https:\/\/pjama.eu\/it\/che-cose-lenuresi\/\">letto<\/a><\/li>\n<\/ul>\n<h4>Seguire i progressi con l&#8217;app DryGuardians<\/h4>\n<p>L&#8217;App DryGuardians offre un calendario per la registrazione, funzioni di allarme, segnali multipli,<br \/>\ne consigli utili. \u00c8 anche possibile impostare allarmi diurni per i bambini che hanno perdite<br \/>\ndurante il giorno. L&#8217;applicazione \u00e8 scaricabile gratuitamente e consente di collegarsi alla clinica DryGuardians<br \/>\nper la pip\u00ec a letto, che offre una guida personalizzata e consigli per il trattamento.<br \/>Non dimenticate di registrare i risultati ogni notte per monitorare i progressi e condividere le informazioni con gli assistenti.  <\/p>\n<h4>Il trattamento richiede motivazione e pazienza<\/h4>\n<p>La pazienza \u00e8 essenziale nel trattamento della pip\u00ec a letto. L&#8217;obiettivo finale \u00e8 un letto asciutto senza ausili,<br \/>\nma fissare piccoli traguardi lungo il percorso rende il viaggio pi\u00f9 gestibile.<br \/>\nI genitori svolgono un ruolo fondamentale mantenendo i bambini motivati con incoraggiamenti e feedback positivi.<br \/>\nSiate coerenti e lasciate che l&#8217;Altoparlante Allarme Pjama DryGuardians e l&#8217;App facciano parte del viaggio<br \/>\nverso l&#8217;asciutto. <\/p>\n<footer>\u00a9 2024 Pjama.<\/footer>\n","protected":false},"excerpt":{"rendered":"<h3><span data-sheets-root=\"1\">Altoparlante esterno per un risveglio sicuro con l&#8217;allarme &#8211; parte del metodo DryGuardians<\/span><\/h3>\n<p>Un altoparlante supplementare per l&#8217;Allarme pip\u00ec a letto Pjama.<\/p>\n<p>Funziona sia con l&#8217;Allarme Pjama Connect per enuresi che con il Sensore Allarme Pjama DryGuardians<br \/>\nper il trattamento di pantaloni, shorts, slip e boxer.<\/p>\n","protected":false},"featured_media":31203,"template":"","meta":{"_et_pb_use_builder":"off","_et_pb_old_content":"<h3>Pjama Speaker<\/h3>\r\nThe Pjama Speaker works with both the <a href=\"https:\/\/pjama.se\/sangvatningslarm\/\">Pjama Connect Bedwetting Alarm<\/a> and the <a href=\"https:\/\/pjama.se\/produkter\/pjama-sensor\/\">Pjama Sensor<\/a> for Pjama treatment pants, shorts, and underwear.\r\n<h4>Part of the Pjama Bedwetting Alarm System<\/h4>\r\nThe Pjama Speaker can be connected to the Pjama Sensor used with treatment pants, shorts, and underwear from Pjama. With the Pjama Speaker, you can choose the alarm signal, adjust the volume, and pair it with different sensors from Pjama. The speaker is charged using the included USB cable. If you want an additional sound unit to, for example, wake you as a parent, you can use the alarm function in the DryGuardians App on your phone. Download the <em>DryGuardians App<\/em> from <a href=\"https:\/\/play.google.com\/store\/apps\/details?id=com.pjama&gl=sv&hl=sv\">Google Play<\/a> or <a href=\"https:\/\/apps.apple.com\/sv\/app\/pjama\/id1498084664?mt=8&l=sv\">App Store<\/a>.\r\n<h4>This Product Includes:<\/h4>\r\n<ul>\r\n \t<li>1 x Pjama Speaker<\/li>\r\n<\/ul>\r\n<h4>Usage<\/h4>\r\nDuring treatment, place the Pjama Speaker within 10 meters of the sensor for best results. When the alarm sounds, your child can easily turn off the alarm by pressing the \"ON\" button on the top of the speaker. To use the bedwetting alarm with your smartphone, you need to download the DryGuardians App from <a href=\"https:\/\/play.google.com\/store\/apps\/details?id=com.pjama\">Google Play<\/a> or <a href=\"https:\/\/apps.apple.com\/se\/app\/pjama\/id1498084664\">App Store<\/a>.\r\n<h4>Pairing with Sensor<\/h4>\r\nPair the sensor with the Pjama Speaker by pressing the \"volume\" and \"tone\" buttons on the speaker unit simultaneously for 3 seconds. Then short-circuit the sensor by placing a metal object such as a knife or scissors on the sensor buttons, or by placing a drop of water on the sensor surface if you have a buttonless sensor. Let the metal object stay on the sensor for about 3-5 seconds, and the speaker will indicate that the sensor is paired by sounding the alarm.\r\n<h4>Product Info<\/h4>\r\n<ul>\r\n \t<li><em>Color: Light Blue<\/em><\/li>\r\n \t<li><em>Dimensions (w-h-d): 11 x 7 x 3 cm<\/em><\/li>\r\n \t<li>Charging: Charges with a USB charger (included)<\/li>\r\n \t<li>Charging time (full charge): Via Computer: 4-6 hrs. Via AC Adapter 5V1.0A: 3 hrs<\/li>\r\n \t<li>Volume: Adjustable<\/li>\r\n \t<li>Alarm Signals: 7 types<\/li>\r\n \t<li>The full manual for the Pjama bedwetting alarm can be found on our <a href=\"https:\/\/pjama.se\/produkt-manualer\/\">website<\/a>.<\/li>\r\n \t<li>Learn more about bedwetting <a href=\"https:\/\/www.rikshandboken-bhv.se\/pediatrik\/uro-genitalt\/sangvatning-hos-barn\/\">here<\/a>.<\/li>\r\n<\/ul>\r\n<h4>Track Your Progress with the DryGuardians App<\/h4>\r\nThe DryGuardians App includes several features. You get access to a calendar for logging, alarm functions, different alarm signals, and general tips and advice to assist with bedwetting treatment. It\u2019s also possible to set daytime alarms for children who experience leaks during the day. The DryGuardians App is free to download from <a href=\"https:\/\/play.google.com\/store\/apps\/details?id=com.pjama&gl=sv&hl=sv\">Google Play<\/a> or <a href=\"https:\/\/apps.apple.com\/sv\/app\/pjama\/id1498084664?mt=8&l=sv\">App Store<\/a>. DryGuardians Bedwetting Clinic gives you personalized tips and guidance through the app during your bedwetting treatment.\r\n\r\nDon\u2019t forget to log the night\u2019s results in the DryGuardians app to keep track of your or your child\u2019s progress. Learn more about the DryGuardians app and bedwetting clinic on our <a href=\"https:\/\/pjama.se\/pjama-sangvatningsklinik\/\">website<\/a>.\r\n<h4>Treatment is a Process Where Motivation and Patience are Key<\/h4>\r\nPatience is key! For faster and long-lasting improvement, patience and motivation are required. If you are a new Pjama user, it\u2019s helpful to keep your ultimate goal in mind \u2013 a dry bed without assistance. If your end goal feels far away, you can set smaller milestones along the way. If you are a parent of a child using Pjama treatment, it\u2019s important to keep the child motivated as well. Provide positive feedback and compliments. If you are motivated, your child will be too! Let Pjama be part of the journey to help your child stay dry!\r\n\r\n\u00a0","_et_gb_content_width":""},"product_brand":[],"product_cat":[330],"product_tag":[],"class_list":{"0":"post-24749","1":"product","2":"type-product","3":"status-publish","4":"has-post-thumbnail","6":"product_cat-accessori_2025","7":"product_shipping_class-ue","9":"first","10":"instock","11":"taxable","12":"shipping-taxable","13":"purchasable","14":"product-type-simple"},"composite_virtual":false,"composite_layout":"","composite_add_to_cart_form_location":"","composite_editable_in_cart":false,"composite_sold_individually_context":"","composite_shop_price_calc":"","composite_components":[],"composite_scenarios":[],"_links":{"self":[{"href":"https:\/\/pjama.eu\/it\/wp-json\/wp\/v2\/product\/24749","targetHints":{"allow":["GET"]}}],"collection":[{"href":"https:\/\/pjama.eu\/it\/wp-json\/wp\/v2\/product"}],"about":[{"href":"https:\/\/pjama.eu\/it\/wp-json\/wp\/v2\/types\/product"}],"wp:featuredmedia":[{"embeddable":true,"href":"https:\/\/pjama.eu\/it\/wp-json\/wp\/v2\/media\/31203"}],"wp:attachment":[{"href":"https:\/\/pjama.eu\/it\/wp-json\/wp\/v2\/media?parent=24749"}],"wp:term":[{"taxonomy":"product_brand","embeddable":true,"href":"https:\/\/pjama.eu\/it\/wp-json\/wp\/v2\/product_brand?post=24749"},{"taxonomy":"product_cat","embeddable":true,"href":"https:\/\/pjama.eu\/it\/wp-json\/wp\/v2\/product_cat?post=24749"},{"taxonomy":"product_tag","embeddable":true,"href":"https:\/\/pjama.eu\/it\/wp-json\/wp\/v2\/product_tag?post=24749"}],"curies":[{"name":"wp","href":"https:\/\/api.w.org\/{rel}","templated":true}]}}