{"id":25115,"date":"2020-03-21T12:40:14","date_gmt":"2020-03-21T11:40:14","guid":{"rendered":"https:\/\/pjama.eu\/product\/pjama-protect-pantaloni-per-enuresi-notturna-per-adulti\/"},"modified":"2025-12-15T10:50:19","modified_gmt":"2025-12-15T09:50:19","slug":"pjama-protect-pantaloni-per-enuresi-notturna-per-adulti","status":"publish","type":"product","link":"https:\/\/pjama.eu\/it\/prodotto\/pjama-protect-pantaloni-per-enuresi-notturna-per-adulti\/","title":{"rendered":"Pjama Protect Pantaloni per enuresi notturna per adulti"},"content":{"rendered":"<h3>Pjama Protect Pantaloni per enuresi notturna per adulti<\/h3>\n<h4>&#8211; Il miglior aiuto per l&#8217;enuresi notturna e l&#8217;incontinenza urinaria<\/h4>\n<p>Siete alla ricerca di una soluzione efficace per gestire la pip\u00ec a letto o l&#8217;enuresi notturna negli adulti?<br \/>\nI Pjama Protect Pantaloni per enuresi notturna per adulti offrono una soluzione comoda, discreta ed efficace<br \/>\nper la gestione della pip\u00ec a letto. Perfetti per gli adulti che soffrono di incontinenza urinaria notturna.<br \/>\nQuesti pantaloni sono morbidi, impermeabili, riutilizzabili e garantiscono la massima tranquillit\u00e0 sia a casa che durante la notte. <\/p>\n<h4>Vantaggi di Pjama Protect Pantaloni per enuresi notturna per adulti<\/h4>\n<ul>\n<li><strong>Protezione e comfort:<\/strong> Mantiene il letto asciutto durante le perdite di urina e la pip\u00ec a letto, garantendo una notte sicura e confortevole.<\/li>\n<li><strong>Design discreto e funzionale:<\/strong> Sembrano normali pantaloni da pigiama o da notte e sono quindi adatti agli adulti che cercano una soluzione discreta.<\/li>\n<li><strong>Ecologico ed economico:<\/strong> lavabile e riutilizzabile, riduce la necessit\u00e0 di prodotti usa e getta ed \u00e8 migliore per l&#8217;ambiente.<\/li>\n<li><strong>Aiuta l&#8217;enuresi notturna:<\/strong> Progettato per fornire un feedback attraverso la sensazione di umidit\u00e0, a differenza dei pannolini, che invita a svegliarsi e ad andare in bagno.<\/li>\n<\/ul>\n<h4>Una soluzione pratica e sicura<\/h4>\n<p>I Pjama Protect Pantaloni per enuresi notturna per adulti sono realizzati in un materiale traspirante e impermeabile,<br \/>\nche protegge materassi e lenzuola. Sono adatti agli adulti che soffrono di enuresi notturna,<br \/>\nsia che si tratti di un problema temporaneo o a lungo termine. I pantaloni sono ideali sia per gli uomini che per le donne.  <\/p>\n<h4>Taglie per adulti<\/h4>\n<p>Offriamo taglie dalla Small alla XL per adattarsi a tutti i tipi di corpo. I pantaloni sono realizzati in tessuto Tencel,<br \/>\nlaminato per renderli impermeabili e allo stesso tempo delicati sulla pelle. I tessuti utilizzati sono<br \/>\n<a href=\"https:\/\/www.oeko-tex.com\/en\/our-standards\/oeko-tex-standard-100\" target=\"_blank\" rel=\"noopener\">Certificato Oeko-Tex<\/a>.<br \/>\nPer trovare la taglia giusta e per vedere quanto pu\u00f2 assorbire ogni taglia, controllate i nostri<br \/>\n<a href=\"https:\/\/pjama.eu\/it\/guida-alle-dimensioni\/\">Guida alle taglie<\/a>.<\/p>\n<p>Avete bisogno di una taglia pi\u00f9 piccola? Esplorate la nostra <a href=\"https:\/\/pjama.eu\/it\/pantaloni-per-enuresi\/\">gamma Children <\/a> per ottenere la stessa protezione e lo stesso comfort in taglie pi\u00f9 grandi. <\/p>\n<h4>Perfetto per le notti fuori casa<\/h4>\n<p>Gli adulti con problemi di pip\u00ec a letto possono sentirsi insicuri quando si trovano fuori casa, ad esempio quando viaggiano<br \/>\no sono ospiti di parenti e amici. I pantaloni Pjama Protect Pantaloni per enuresi notturna per adulti forniscono<br \/>\nrassicurazione e una soluzione discreta, alleviando le preoccupazioni per queste situazioni. La visione di Pjama \u00e8 quella di aiutare coloro<br \/>\nche soffrono di enuresi a condurre una vita il pi\u00f9 possibile normale, senza limitazioni.  <\/p>\n<h4>Cura facile<\/h4>\n<p>I pantaloni Pjama Protect Pantaloni per enuresi notturna per adulti sono lavabili in lavatrice a 60\u00b0C e possono essere asciugati in asciugatrice.<br \/>\nSi prega di notare che l&#8217;asciugatura potrebbe richiedere pi\u00f9 tempo a causa della caratteristica assorbente. Per ottimizzare il rilascio dell&#8217;umidit\u00e0, \u00e8 necessario capovolgere l&#8217;indumento<br \/>\ndurante il lavaggio. Questi pantaloni sono resistenti ed economici: una soluzione perfetta<br \/>\nper gli adulti con enuresi notturna.<br \/>\n<b>Pjama garantisce almeno 100 lavaggi e fino a 4 mesi di utilizzo regolare se trattato secondo le nostre istruzioni di lavaggio.<\/b><span style=\"font-weight: 400;\"> <\/span><span style=\"font-weight: 400;\"><br \/>\n<\/span><a href=\"https:\/\/pjama.eu\/it\/come-lavare-e-asciugare-il-pjama\/\"><span style=\"font-weight: 400;\">Leggi le istruzioni complete per la cura &#8216;<\/span><\/a><\/p>\n<h4>Consigli per gestire la pip\u00ec a letto<\/h4>\n<p>Aiuti pratici per un sonno asciutto<\/p>\n<ul>\n<li><strong>Utilizzare i pantaloni Pjama Protect Pantaloni per enuresi notturna per adulti:<\/strong> Un aiuto facile e comodo<br \/>\nper mantenere il letto asciutto sia a casa che fuori. Perfetto per evitare il fastidio di<br \/>\ncambiare le lenzuola nel cuore della notte e garantire comfort e sicurezza. <\/li>\n<\/ul>\n<h4>Prodotti per il trattamento dell&#8217;enuresi notturna<\/h4>\n<ul>\n<li><a href=\"https:\/\/pjama.eu\/it\/negozio-di-pipi-a-letto-adulti\/\">Allarme pip\u00ec a letto Pjama<\/a>: Uno strumento efficace che aiuta a sviluppare un migliore controllo della vescica e a stabilire una routine notturna. Sia i <a href=\"https:\/\/pjama.eu\/it\/prodotto\/pjama-dryguardians-per-uomo-boxer\/\">boxer<\/a> da uomo che gli <a href=\"https:\/\/pjama.eu\/it\/prodotto\/pjama-dryguardians-per-donna-slip\/\">slip<\/a> da donna sono disponibili in taglie da adulto e sono dotati di allarme pip\u00ec a letto. Utilizzateli sotto i pantaloni protettivi della biancheria da letto per avere un feedback immediato quando si verifica l&#8217;umidit\u00e0.  <\/li>\n<li><a href=\"https:\/\/pjama.eu\/it\/app-dryguardians-aiuta-a-trattare-la-pipi-a-letto-gratuitamente\/\">App DryGuardians<\/a>: Traccia i progressi e ottieni informazioni sull&#8217;efficacia del trattamento. L&#8217;app supporta anche la comunicazione con gli operatori sanitari. <\/li>\n<\/ul>\n<p>Se non siete mai stati trattati per la pip\u00ec a letto o l&#8217;enuresi notturna, questa potrebbe essere un&#8217;opzione per voi.<br \/>\nPjama collabora con l&#8217;assistenza sanitaria svedese per fornire ausili e opzioni di trattamento per chi fa la pip\u00ec a letto.<\/p>\n<h4>Che cos&#8217;\u00e8 l&#8217;enuresi notturna?<\/h4>\n<p>La pip\u00ec a letto, o enuresi notturna, \u00e8 pi\u00f9 comune tra gli adulti di quanto molti pensino e comporta per una persona<br \/>\nla perdita involontaria di urina o la bagnatura del letto durante il sonno. \u00c8 importante capire che questa<br \/>\nsituazione \u00e8 gestibile e non deve provocare vergogna o senso di colpa. Parlare apertamente di pip\u00ec a letto pu\u00f2<br \/>\nridurre lo stress e il senso di vergogna e fornire la rassicurazione necessaria per gestire l&#8217;enuresi notturna.  <\/p>\n<h4>Avete bisogno di ulteriori indicazioni?<\/h4>\n<p>Non esitate a consultare un infermiere o un medico per avere consigli sul trattamento e per discutere le possibili opzioni.<br \/>\nRivolgersi a un professionista pu\u00f2 essere un passo importante per gestire e trattare la pip\u00ec a letto o l&#8217;enuresi notturna.<\/p>\n<footer>\u00a9 2024 Pjama.<\/footer>\n","protected":false},"excerpt":{"rendered":"<div class=\"product-description\">\n<h3>Pantaloni assorbenti per enuresi per adulti &#8211; discreti e confortevoli.<\/h3>\n<p>I pantaloni Pjama Protect per enuresi notturna per adulti rappresentano una soluzione facile da curare, discreta,<br \/>\ne confortevole per gli adulti con problemi di pip\u00ec a letto.<\/p>\n<ul>\n<li>Traspirante e completamente impermeabile per mantenere il letto asciutto.<\/li>\n<li>Morbidi e confortevoli come i normali pantaloni del pigiama.<\/li>\n<li>Lavabile in lavatrice a 60\u00b0C e asciugabile in asciugatrice.<\/li>\n<\/ul>\n<p>Avete bisogno di una taglia pi\u00f9 piccola? Esplorate la nostra <a href=\"https:\/\/pjama.eu\/it\/pantaloni-per-enuresi\/\">gamma Children <\/a> per ottenere la stessa protezione e lo stesso comfort in taglie pi\u00f9 grandi. <\/p>\n<\/div>\n","protected":false},"featured_media":31314,"template":"","meta":{"_et_pb_use_builder":"","_et_pb_old_content":"","_et_gb_content_width":""},"product_brand":[],"product_cat":[434,396,435],"product_tag":[],"class_list":{"0":"post-25115","1":"product","2":"type-product","3":"status-publish","4":"has-post-thumbnail","6":"product_cat-pjama-originale","7":"product_cat-adulti","8":"product_cat-pjamaprotect_2025","9":"product_shipping_class-ue","10":"pa_size-grande","11":"pa_size-medio","12":"pa_size-piccolo","13":"pa_size-xlarge","15":"first","16":"instock","17":"taxable","18":"shipping-taxable","19":"purchasable","20":"product-type-variable"},"composite_virtual":false,"composite_layout":"","composite_add_to_cart_form_location":"","composite_editable_in_cart":false,"composite_sold_individually_context":"","composite_shop_price_calc":"","composite_components":[],"composite_scenarios":[],"_links":{"self":[{"href":"https:\/\/pjama.eu\/it\/wp-json\/wp\/v2\/product\/25115","targetHints":{"allow":["GET"]}}],"collection":[{"href":"https:\/\/pjama.eu\/it\/wp-json\/wp\/v2\/product"}],"about":[{"href":"https:\/\/pjama.eu\/it\/wp-json\/wp\/v2\/types\/product"}],"wp:featuredmedia":[{"embeddable":true,"href":"https:\/\/pjama.eu\/it\/wp-json\/wp\/v2\/media\/31314"}],"wp:attachment":[{"href":"https:\/\/pjama.eu\/it\/wp-json\/wp\/v2\/media?parent=25115"}],"wp:term":[{"taxonomy":"product_brand","embeddable":true,"href":"https:\/\/pjama.eu\/it\/wp-json\/wp\/v2\/product_brand?post=25115"},{"taxonomy":"product_cat","embeddable":true,"href":"https:\/\/pjama.eu\/it\/wp-json\/wp\/v2\/product_cat?post=25115"},{"taxonomy":"product_tag","embeddable":true,"href":"https:\/\/pjama.eu\/it\/wp-json\/wp\/v2\/product_tag?post=25115"}],"curies":[{"name":"wp","href":"https:\/\/api.w.org\/{rel}","templated":true}]}}