{"id":25158,"date":"2020-03-21T12:49:41","date_gmt":"2020-03-21T11:49:41","guid":{"rendered":"https:\/\/pjama.eu\/product\/pjama-protect-pantaloncini-per-enuresi-notturna-per-adulti\/"},"modified":"2026-04-08T10:32:49","modified_gmt":"2026-04-08T08:32:49","slug":"pantaloncini-per-enuresi-adulti","status":"publish","type":"product","link":"https:\/\/pjama.eu\/it\/prodotto\/pantaloncini-per-enuresi-adulti\/","title":{"rendered":"Pjama Protect Pantaloncini per enuresi notturna per adulti"},"content":{"rendered":"<h3>Pjama Protect Pantaloncini per enuresi notturna per adulti<\/h3>\n<h4>&#8211; La soluzione migliore per l&#8217;enuresi notturna e l&#8217;incontinenza urinaria<\/h4>\n<p>Siete alla ricerca di una soluzione efficace per gestire la pip\u00ec a letto o l&#8217;enuresi notturna<br \/>\nnegli adulti? I Pjama Protect Pantaloncini per enuresi notturna per adulti sono una soluzione comoda, discreta ed<br \/>\nefficace per gestire la pip\u00ec a letto. Perfetti per gli adulti che soffrono diincontinenza urinaria notturna. Questi pantaloncini sono morbidi, impermeabili, riutilizzabili e forniscono<br \/>\nsicurezza sia a casa che fuori.<\/p>\n<h4>Vantaggi di Pjama Protect Pantaloncini per enuresi notturna per adulti<\/h4>\n<ul>\n<li><strong>Protezione e comfort:<\/strong> Mantiene il letto asciutto durante le perdite di urina e la pip\u00ec a letto, garantendo una notte confortevole e sicura.<\/li>\n<li><strong>Design discreto e funzionale:<\/strong> Sembrano normali pantaloncini da pigiama e sono adatti agli adulti che desiderano una soluzione discreta.<\/li>\n<li><strong>Eco-compatibili e convenienti:<\/strong> Lavabili e riutilizzabili, riducono la necessit\u00e0 di prodotti usa e getta e sono migliori per l&#8217;ambiente.<\/li>\n<li><strong>Assistenza per l&#8217;enuresi notturna:<\/strong> Progettato per fornire un feedback attraverso l&#8217;umidit\u00e0, a differenza dei pannolini, per incoraggiare il risveglio e l&#8217;uso del bagno.<\/li>\n<\/ul>\n<h4>Una soluzione pratica e sicura<\/h4>\n<p>I Pjama Protect Pantaloncini per enuresi notturna per adulti sono realizzati in un materiale traspirante e impermeabile<br \/>\nche protegge materassi e lenzuola. Sono adatti agli adulti<br \/>\nche soffrono di enuresi notturna, sia che si tratti di un problema temporaneo o a lungo termine.<br \/>\nI pantaloncini sono ideali sia per gli uomini che per le donne.<\/p>\n<h4>Taglie per adulti<\/h4>\n<p>Offriamo taglie dalla Small alla XL per adattarsi a tutti i tipi di corpo. I pantaloncini sono realizzati in tessuto Tencel,<br \/>\nche viene laminato per renderli impermeabili ma delicati sulla pelle. I tessuti utilizzati sono<br \/>\n<a href=\"https:\/\/www.oeko-tex.com\/en\/our-standards\/oeko-tex-standard-100\" target=\"_blank\" rel=\"noopener\">Certificato Oeko-Tex<\/a>.<br \/>\nPer trovare la taglia giusta e vedere la capacit\u00e0 di assorbimento di ciascuna taglia, consultate il nostro sito web<br \/>\n<a href=\"https:\/\/pjama.eu\/it\/guida-alle-taglie-pjama\/\">Guida alle taglie<\/a>.<\/p>\n<p>Avete bisogno di una taglia pi\u00f9 piccola? Scoprite la nostra <a href=\"https:\/\/pjama.eu\/it\/pantaloni-per-enuresi\/\">gamma per bambini<\/a>, che offre la stessa protezione e lo stesso comfort in taglie pi\u00f9 grandi.<\/p>\n<h4>Perfetto per le notti fuori casa<\/h4>\n<p>Gli adulti che soffrono di pip\u00ec a letto possono sentirsi insicuri quando si trovano fuori casa, ad esempio<br \/>\ndurante i viaggi o i pernottamenti presso parenti e amici. Pjama Protect Pantaloncini per enuresi notturna per adulti fornisce una soluzione sicura e discreta che pu\u00f2 ridurre l&#8217;ansia per<br \/>\nqueste situazioni. La visione di Pjama \u00e8 quella di rendere la vita pi\u00f9 facile alle persone che soffrono di<br \/>\nenuresi, in modo che possano vivere una vita il pi\u00f9 possibile normale, senza limitazioni.<\/p>\n<h4>Manutenzione semplice<\/h4>\n<p>I Pjama Protect Pantaloncini per enuresi notturna per adulti sono lavabili in lavatrice a 60\u00b0C e possono essere asciugati in asciugatrice<br \/>\n. Si prega di notare che potrebbero richiedere pi\u00f9 tempo per l&#8217;asciugatura a causa della loro funzione assorbente.<br \/>\nRivoltare l&#8217;indumento al rovescio durante il lavaggio per ottimizzare il drenaggio dei liquidi. Questi pantaloncini sono<br \/>\nresistenti e convenienti: una soluzione perfetta per gli adulti con enuresi notturna.<br \/>\n<b>Pjama garantisce almeno 100 lavaggi e fino a 4 mesi di utilizzo regolare se trattato secondo le nostre istruzioni di lavaggio.<\/b><span style=\"font-weight: 400;\"><br \/>\n<\/span><a href=\"https:\/\/pjama.eu\/it\/come-lavare-pjama\/\"><span style=\"font-weight: 400;\">Leggi le istruzioni complete per la cura &#8216;<\/span><\/a><\/p>\n<h4>Consigli per gestire la pip\u00ec a letto<\/h4>\n<h5>Aiuti pratici per un sonno asciutto<\/h5>\n<ul>\n<li><strong>Utilizzate i Pjama Protect Pantaloncini per enuresi notturna per adulti:<\/strong> Un aiuto semplice e comodo<br \/>\nper mantenere il letto asciutto sia a casa che fuori. Perfetto per evitare il fastidio di cambiare<br \/>\nil letto nel cuore della notte e per garantire sicurezza e comfort.<\/li>\n<\/ul>\n<h5>Prodotti per il trattamento dell&#8217;enuresi notturna<\/h5>\n<ul>\n<li><a href=\"https:\/\/pjama.eu\/it\/negozio-di-pipi-a-letto-adulti\/\">Allarme pip\u00ec a letto Pjama<\/a>: Uno strumento efficace che aiuta a sviluppare un migliore controllo della vescica e a stabilire una routine notturna. Sia i <a href=\"https:\/\/pjama.eu\/it\/prodotto\/pjama-dryguardians-per-uomo-boxer\/\">boxer<\/a> da uomo che gli <a href=\"https:\/\/pjama.eu\/it\/prodotto\/pjama-dryguardians-per-donna-slip\/\">slip<\/a> da donna sono disponibili in taglie da adulto con un allarme pip\u00ec a letto. Utilizzateli insieme ai pantaloncini protettivi per la notte per avere un feedback immediato quando si verifica l&#8217;umidit\u00e0.<\/li>\n<li><a href=\"https:\/\/pjama.eu\/it\/allarme-pipi-a-letto-app\/\">App DryGuardians<\/a>: Traccia i progressi e ottieni informazioni sull&#8217;efficacia del trattamento. L&#8217;app supporta anche la comunicazione con gli operatori sanitari.<\/li>\n<\/ul>\n<p>Se non siete mai stati trattati per la pip\u00ec a letto o l&#8217;enuresi notturna, questa potrebbe essere una soluzione<br \/>\nper voi. Pjama collabora con la sanit\u00e0 svedese per fornire ausili e opzioni di trattamento<br \/>\nper chi bagna il letto.<\/p>\n<h4>Che cos&#8217;\u00e8 l&#8217;enuresi notturna?<\/h4>\n<p>La pip\u00ec a letto, o enuresi notturna, \u00e8 un problema pi\u00f9 comune di quanto si pensi tra gli adulti,<br \/>\nche comporta la perdita involontaria di urina durante il sonno. \u00c8 importante capire che si tratta diuna situazione gestibile che non deve provocare vergogna o senso di colpa. Parlare apertamente della pip\u00ec a letto<br \/>\npu\u00f2 ridurre lo stress e il senso di vergogna, offrendo il conforto necessario per gestire l&#8217;enuresi notturna.<\/p>\n<h4>Avete bisogno di ulteriori indicazioni?<\/h4>\n<p>Non esitate a consultare un infermiere o un medico per avere consigli sul trattamento e per discutere le possibili opzioni.<br \/>\nCercare un aiuto professionale pu\u00f2 essere un passo importante per gestire e trattare la pip\u00ec a letto o l&#8217;enuresi notturna.<\/p>\n<footer>\u00a9 2024 Pjama.<\/footer>\n","protected":false},"excerpt":{"rendered":"<div class=\"product-description\">\n<h3><span data-sheets-root=\"1\">Shorts assorbenti per enuresi per adulti &#8211; discreti e confortevoli.<\/span><\/h3>\n<p>I Pjama Protect Pantaloncini per enuresi notturna per adulti sono una soluzione facile da curare, discreta,<br \/>\ne confortevole per gli adulti con problemi di pip\u00ec a letto.<\/p>\n<ul>\n<li>Traspirante e completamente impermeabile per mantenere il letto asciutto.<\/li>\n<li>Morbidi e confortevoli come i normali pantaloncini del pigiama.<\/li>\n<li>Lavabile in lavatrice a 60\u00b0C e asciugabile in asciugatrice.<\/li>\n<\/ul>\n<p>Avete bisogno di una taglia pi\u00f9 piccola? Scoprite la nostra <a href=\"https:\/\/pjama.eu\/it\/pantaloni-per-enuresi\/\">gamma per bambini<\/a>, che offre la stessa protezione e lo stesso comfort in taglie pi\u00f9 grandi. <\/p>\n<\/div>\n","protected":false},"featured_media":31305,"template":"","meta":{"_et_pb_use_builder":"","_et_pb_old_content":"","_et_gb_content_width":""},"product_brand":[],"product_cat":[434,396,435],"product_tag":[],"class_list":{"0":"post-25158","1":"product","2":"type-product","3":"status-publish","4":"has-post-thumbnail","6":"product_cat-pjama-originale","7":"product_cat-adulti","8":"product_cat-pjamaprotect_2025","9":"product_shipping_class-ue","10":"pa_size-ampio","11":"pa_size-grande","12":"pa_size-medio","13":"pa_size-piccolo","14":"pa_size-xlarge","15":"pa_size-xwide","16":"pa_size-xxwide","18":"first","19":"instock","20":"taxable","21":"shipping-taxable","22":"purchasable","23":"product-type-variable"},"composite_virtual":false,"composite_layout":"","composite_add_to_cart_form_location":"","composite_editable_in_cart":false,"composite_sold_individually_context":"","composite_shop_price_calc":"","composite_components":[],"composite_scenarios":[],"_links":{"self":[{"href":"https:\/\/pjama.eu\/it\/wp-json\/wp\/v2\/product\/25158","targetHints":{"allow":["GET"]}}],"collection":[{"href":"https:\/\/pjama.eu\/it\/wp-json\/wp\/v2\/product"}],"about":[{"href":"https:\/\/pjama.eu\/it\/wp-json\/wp\/v2\/types\/product"}],"wp:featuredmedia":[{"embeddable":true,"href":"https:\/\/pjama.eu\/it\/wp-json\/wp\/v2\/media\/31305"}],"wp:attachment":[{"href":"https:\/\/pjama.eu\/it\/wp-json\/wp\/v2\/media?parent=25158"}],"wp:term":[{"taxonomy":"product_brand","embeddable":true,"href":"https:\/\/pjama.eu\/it\/wp-json\/wp\/v2\/product_brand?post=25158"},{"taxonomy":"product_cat","embeddable":true,"href":"https:\/\/pjama.eu\/it\/wp-json\/wp\/v2\/product_cat?post=25158"},{"taxonomy":"product_tag","embeddable":true,"href":"https:\/\/pjama.eu\/it\/wp-json\/wp\/v2\/product_tag?post=25158"}],"curies":[{"name":"wp","href":"https:\/\/api.w.org\/{rel}","templated":true}]}}