{"id":28761,"date":"2020-03-21T12:23:06","date_gmt":"2020-03-21T11:23:06","guid":{"rendered":"https:\/\/pjama.eu\/product\/pjama-protect-pantaloncini-per-enuresi-notturna-per-bambini-starter-kit\/"},"modified":"2025-12-15T21:01:58","modified_gmt":"2025-12-15T20:01:58","slug":"pjama-protect-pantaloncini-per-enuresi-notturna-per-bambini-starter-kit","status":"publish","type":"product","link":"https:\/\/pjama.eu\/it\/prodotto\/pjama-protect-pantaloncini-per-enuresi-notturna-per-bambini-starter-kit\/","title":{"rendered":"Pjama Protect Pantaloncini per enuresi notturna per bambini &#8211; Starter Kit"},"content":{"rendered":"<h3>Pjama Protect Pantaloncini per enuresi notturna per bambini &#8211; Starter Kit. Una soluzione completa per la pip\u00ec a letto <\/h3>\n<p>Il Pjama Protect Pantaloncini per enuresi notturna per bambini &#8211; Starter Kit \u00e8 una soluzione innovativa e pratica<br \/>\nper gestire la pip\u00ec a letto in modo confortevole, sicuro ed efficace. Questo starter kit<br \/>\ncomprende <strong>due (2) paia di Pjama Protect Pantaloncini per enuresi notturna e una (1) borsa Pjama impermeabile<\/strong>,<br \/>\nche lo rende una soluzione all-in-one facile da usare sia a casa che in viaggio. <\/p>\n<p>I pantaloncini impermeabili e riutilizzabili sono stati progettati per offrire a bambini e genitori<br \/>\ntranquillit\u00e0 e comfort, mentre la Borsa Pjama Impermeabile semplifica<br \/>\nla gestione dei pantaloncini usati durante i pigiama party o in viaggio. I pantaloncini aiutano a mantenere il letto asciutto<br \/>\nper tutta la notte, eliminando la necessit\u00e0 di cambiare le lenzuola dopo gli incidenti e creando una notte<br \/>\npi\u00f9 tranquilla per tutta la famiglia. <\/p>\n<p>Lo starter kit \u00e8 la soluzione ideale per i genitori alla ricerca di un<br \/>\nmetodo <strong>ecologico ed economico<\/strong> per gestire la pip\u00ec a letto. Con i pantaloncini riutilizzabili,<x id=\"gid_1\"><\/x>si riduce la necessit\u00e0 di prodotti usa e getta come i pannolini, il che \u00e8 meglio sia per l&#8217;ambiente<x id=\"gid_2\"><\/x>che per il portafoglio. Inoltre, i pantaloncini sono delicati sulla pelle del bambino<br \/>\ne realizzati con materiali di alta qualit\u00e0 certificati per un uso sicuro.  <\/p>\n<p>A casa, in viaggio o quando il bambino \u00e8 fuori casa, il Pjama Protect Pantaloncini per enuresi notturna per bambini &#8211; Starter Kit offre una soluzione discreta e pratica che rende la vita quotidiana<br \/>\npi\u00f9 facile e confortevole sia per i bambini che per i genitori.<\/p>\n<h4>Cosa include lo Starter Kit?<\/h4>\n<ul>\n<li><strong>2 paia di Pjama Protect Pantaloncini per enuresi notturna per bambini<\/strong> &#8211; Pantaloncini comodi, discreti e impermeabili che proteggono il letto dagli incidenti.<\/li>\n<li><strong>1 waterproof Pjama bag<\/strong> \u2013 Perfect for storing used shorts during sleepovers or travel.<\/li>\n<\/ul>\n<h4>Vantaggi dei Pjama Protect Pantaloncini per enuresi notturna per bambini &#8211; Starter Kit<\/h4>\n<ul>\n<li><strong>Protegge il letto:<\/strong> I pantaloncini mantengono il letto asciutto e riducono la necessit\u00e0 di cambiare le lenzuola nel cuore della notte.<\/li>\n<li><strong>Discreti ed eleganti:<\/strong> Sembrano normali pantaloncini del pigiama e sono perfetti per i pigiama party con gli amici o la famiglia.<\/li>\n<li><strong>Opzione ecologica:<\/strong> Pantaloncini riutilizzabili che riducono i rifiuti dei prodotti usa e getta.<\/li>\n<li><strong>Comodo Pjama:<\/strong> La borsa impermeabile consente di riporre facilmente i pantaloncini usati senza perdite.<\/li>\n<\/ul>\n<h4>Una soluzione sicura e confortevole<\/h4>\n<p>I Pjama Protect Pantaloncini per enuresi notturna sono realizzati con materiali traspiranti e impermeabili, che li rendono<br \/>\ncomodi da indossare tutta la notte. Il tessuto Tencel di alta qualit\u00e0, che \u00e8<br \/>\n<a href=\"https:\/\/www.oeko-tex.com\/en\/our-standards\/oeko-tex-standard-100\" target=\"_blank\" rel=\"noopener\">Certificato Oeko-Tex<\/a>, garantisce il comfort delle pelli sensibili. La borsa Pjama Impermeabile inclusa rende facile<br \/>\ngestire i pantaloncini usati durante i viaggi o i pigiama party. <\/p>\n<h4>Perfetto per i pigiama party e i viaggi<\/h4>\n<p>Con i Pjama Protect Pantaloncini per enuresi notturna per bambini &#8211; Starter Kit il bambino pu\u00f2 sentirsi sicuro e protetto,<br \/>\nanche durante i pigiama party fuori casa. I pantaloncini hanno l&#8217;aspetto di normali pantaloncini da pigiama e la borsa<br \/>\ninclusa rende semplice gestirli senza problemi quando si verifica un incidente. <\/p>\n<h4>Taglie per bambini di tutte le et\u00e0<\/h4>\n<p>I pantaloncini sono disponibili in taglie che vanno da 98 a 164 cm e sono quindi adatti a bambini di varie et\u00e0.<br \/>\nPer le taglie pi\u00f9 grandi, consultate i nostri <a href=\"https:\/\/pjama.eu\/it\/prodotto\/pjama-protect-pantaloni-per-enuresi-notturna-per-adulti\/\">modelli per adulti<\/a>. Utilizzate il nostro<br \/>\nPer trovare la taglia giusta per il vostro bambino, <a href=\"https:\/\/pjama.eu\/it\/guida-alle-dimensioni\/\">consultate la guida alle taglie<\/a>.<br \/>\n\u00c8 importante che i pantaloncini siano ben aderenti alla vita, ma non troppo stretti.<\/p>\n<h4>Cura facile<\/h4>\n<ul>\n<li>I pantaloncini sono lavabili in lavatrice a 60\u00b0C e asciugabili in asciugatrice.<\/li>\n<li>Durante il lavaggio, capovolgere i pantaloncini per garantire che l&#8217;umidit\u00e0 venga espulsa durante la centrifuga.<\/li>\n<li>La Borsa Pjama Impermeabile pu\u00f2 essere lavata in lavatrice o facilmente risciacquata e riutilizzata.<\/li>\n<li>Per maggiori dettagli, consultare le nostre <a href=\"https:\/\/pjama.eu\/it\/come-lavare-e-asciugare-il-pjama\/\">istruzioni per la cura<\/a>.<br \/>\nPjama<b>garantisce almeno 100 lavaggi e fino a 4 mesi di utilizzo regolare se trattato secondo le nostre istruzioni di lavaggio.<\/b><\/li>\n<\/ul>\n<h4>Gestire efficacemente la pip\u00ec a letto<\/h4>\n<ul>\n<li><strong>Utilizzo come ausilio:<\/strong> Gli shorts per enuresi sono una soluzione semplice per mantenere il letto asciutto.<\/li>\n<li><strong>Per il trattamento:<\/strong> Abbinato ai nostri <a href=\"https:\/\/pjama.eu\/it\/allarme-pipi-a-letto\/\">allarmi pip\u00ec a letto e alla biancheria intima per il trattamento<\/a>, aiuta il bambino a smettere di fare la pip\u00ec a letto.<\/li>\n<li><strong>App DryGuardians:<\/strong> Seguite i progressi del vostro bambino e registrateli nell&#8217;<a href=\"https:\/\/pjama.eu\/it\/app-dryguardians-aiuta-a-trattare-la-pipi-a-letto-gratuitamente\/\">app DryGuardians<\/a>.<\/li>\n<\/ul>\n<h4>Che cos&#8217;\u00e8 la pip\u00ec a letto (enuresi notturna)?<\/h4>\n<p>La pip\u00ec a letto \u00e8 un problema comune che pu\u00f2 essere causato dalla maturazione della vescica o dal sonno profondo.<br \/>\n\u00c8 importante ricordare che non \u00e8 colpa del bambino e che, con il giusto supporto,<br \/>\nsi possono fare progressi significativi.<\/p>\n<h4>Avete bisogno di ulteriore aiuto?<\/h4>\n<p>Consultate il vostro medico o l&#8217;infermiere se avete domande sulla pip\u00ec a letto o sulle opzioni di trattamento.<br \/>\nCon i Pjama Protect Pantaloncini per enuresi notturna per bambini &#8211; Starter Kit, avrete la tranquillit\u00e0 e il comfort di<br \/>\n&#8211; a casa e in viaggio!<\/p>\n<footer>\u00a9 2024 Pjama.<\/footer>\n","protected":false},"excerpt":{"rendered":"<h3><span data-sheets-root=\"1\">Bundle: pantaloncini assorbenti per enuresi + elementi essenziali per iniziare a proteggere il letto.<\/span><\/h3>\n<p>Un pratico kit iniziale con due comodi e impermeabili Pjama Protect Pantaloncini per enuresi notturna per bambini,<br \/>\ne una borsa impermeabile per riporli.<\/p>\n<ul>\n<li>Protegge il letto: Impermeabile e traspirante.<\/li>\n<li>Discreto e morbido: Sembrano normali pantaloni del pigiama.<\/li>\n<li>Facile da pulire: Lavabile in lavatrice e asciugabile in asciugatrice.<\/li>\n<\/ul>\n<p>Perfetto sia per l&#8217;uso domestico che per i pigiama party!<\/p>\n","protected":false},"featured_media":30985,"template":"","meta":{"_et_pb_use_builder":"","_et_pb_old_content":"","_et_gb_content_width":""},"product_brand":[],"product_cat":[434,328,435],"product_tag":[],"class_list":{"0":"post-28761","1":"product","2":"type-product","3":"status-publish","4":"has-post-thumbnail","6":"product_cat-pjama-originale","7":"product_cat-bambini","8":"product_cat-pjamaprotect_2025","9":"product_shipping_class-ue","10":"pa_size-eta-10-12-anni","11":"pa_size-eta-3-4-anni","12":"pa_size-eta-5-6-anni","13":"pa_size-eta-6-8-anni","14":"pa_size-eta-8-10-anni","15":"pa_size-piccolo","17":"first","18":"instock","19":"taxable","20":"shipping-taxable","21":"purchasable","22":"product-type-composite"},"composite_virtual":false,"composite_layout":"single","composite_add_to_cart_form_location":"default","composite_editable_in_cart":false,"composite_sold_individually_context":"product","composite_shop_price_calc":"min_max","composite_components":[{"id":"1743168533","title":"Borsa Pjama","description":"<p>Borsa impermeabile per riporre i vestiti bagnati quando si dorme fuori casa.<\/p>\n","query_type":"product_ids","query_ids":[24731],"default_option_id":24731,"thumbnail_id":4402,"thumbnail_src":"https:\/\/pjama.eu\/wp-content\/uploads\/Pjama_bag.jpeg","quantity_min":1,"quantity_max":1,"priced_individually":true,"shipped_individually":false,"optional":false,"discount":"","options_style":"dropdowns","pagination_style":"classic","display_prices":"absolute","show_sorting_options":false,"show_filtering_options":false,"attribute_filter_ids":[],"select_action":"view","product_title_visible":false,"product_descr_visible":false,"product_price_visible":true,"product_thumb_visible":true,"subtotal_visible_product":false,"subtotal_visible_cart":true,"subtotal_visible_orders":true},{"id":"1743168534","title":"Shorts Pjama per enuresi","description":"<p>Un pigiama assorbente che mantiene il letto asciutto.<\/p>\n","query_type":"product_ids","query_ids":[24975],"default_option_id":24975,"thumbnail_id":7507,"thumbnail_src":"https:\/\/pjama.eu\/wp-content\/uploads\/Shorts_Pjama-1-1.jpeg","quantity_min":2,"quantity_max":6,"priced_individually":true,"shipped_individually":false,"optional":false,"discount":"","options_style":"dropdowns","pagination_style":"classic","display_prices":"absolute","show_sorting_options":false,"show_filtering_options":false,"attribute_filter_ids":[],"select_action":"view","product_title_visible":false,"product_descr_visible":false,"product_price_visible":true,"product_thumb_visible":true,"subtotal_visible_product":false,"subtotal_visible_cart":true,"subtotal_visible_orders":true}],"composite_scenarios":[],"_links":{"self":[{"href":"https:\/\/pjama.eu\/it\/wp-json\/wp\/v2\/product\/28761","targetHints":{"allow":["GET"]}}],"collection":[{"href":"https:\/\/pjama.eu\/it\/wp-json\/wp\/v2\/product"}],"about":[{"href":"https:\/\/pjama.eu\/it\/wp-json\/wp\/v2\/types\/product"}],"wp:featuredmedia":[{"embeddable":true,"href":"https:\/\/pjama.eu\/it\/wp-json\/wp\/v2\/media\/30985"}],"wp:attachment":[{"href":"https:\/\/pjama.eu\/it\/wp-json\/wp\/v2\/media?parent=28761"}],"wp:term":[{"taxonomy":"product_brand","embeddable":true,"href":"https:\/\/pjama.eu\/it\/wp-json\/wp\/v2\/product_brand?post=28761"},{"taxonomy":"product_cat","embeddable":true,"href":"https:\/\/pjama.eu\/it\/wp-json\/wp\/v2\/product_cat?post=28761"},{"taxonomy":"product_tag","embeddable":true,"href":"https:\/\/pjama.eu\/it\/wp-json\/wp\/v2\/product_tag?post=28761"}],"curies":[{"name":"wp","href":"https:\/\/api.w.org\/{rel}","templated":true}]}}