{"id":28765,"date":"2021-02-01T11:59:38","date_gmt":"2021-02-01T10:59:38","guid":{"rendered":"https:\/\/pjama.eu\/product\/pjama-dryguardians-kit-di-allarme-e-biancheria-intima-boxers\/"},"modified":"2025-12-16T16:52:59","modified_gmt":"2025-12-16T15:52:59","slug":"pjama-dryguardians-kit-di-allarme-e-biancheria-intima-boxers","status":"publish","type":"product","link":"https:\/\/pjama.eu\/it\/prodotto\/pjama-dryguardians-kit-di-allarme-e-biancheria-intima-boxers\/","title":{"rendered":"Pjama DryGuardians &#8211; Kit di allarme e biancheria intima &#8211; Boxers"},"content":{"rendered":"<h3>Pjama DryGuardians &#8211; Kit di biancheria intima e allarme &#8211; Boxers &#8211; Efficace trattamento di allarme per la pip\u00ec a letto per ragazzi<\/h3>\n<p>Pjama DryGuardians &#8211; Kit di biancheria e allarme &#8211; Boxers \u00e8 la soluzione perfetta per i ragazzi che soffrono di pip\u00ec a letto (enuresi notturna). In combinazione con la nostra app DryGuardians, si ottiene un trattamento efficace e confortevole per la pip\u00ec a letto. Queste mutande per la pip\u00ec a letto sono dotate di fili sensore cuciti che rilevano rapidamente l&#8217;umidit\u00e0 e attivano l&#8217;allarme pip\u00ec a letto per aiutare il bambino a svegliarsi e a smettere di urinare. Il servizio di trattamento DryGuardians analizza la pip\u00ec a letto e fornisce suggerimenti, consigli e previsioni su misura.   <\/p>\n<p>Scaricate l&#8217;applicazione DryGuardians da <a href=\"https:\/\/play.google.com\/store\/apps\/details?id=com.pjama&amp;hl=it&amp;gl=IT\" target=\"_blank\" rel=\"noopener\">Google Play<\/a> o <a href=\"https:\/\/apps.apple.com\/it\/app\/dryguardians\/id1498084664\" target=\"_blank\" rel=\"noopener\">App Store<\/a> per monitorare i progressi e ricevere una guida personalizzata durante il trattamento dell&#8217;enuresi notturna.<\/p>\n<h4>Caratteristiche<\/h4>\n<p>L&#8217;Allarme pip\u00ec a letto \u00e8 stato progettato per aiutare bambini e adulti che ne soffrono e funziona come trattamento di prima linea per l&#8217;enuresi. Il sensore applicato alla biancheria intima Pjama \u00e8 collegato a un&#8217;unit\u00e0 di allarme che si attiva quando rileva l&#8217;umidit\u00e0. Questo trattamento per l&#8217;allarme pip\u00ec a letto interrompe immediatamente la pip\u00ec a letto, addestrando il cervello a rispondere ai segnali del corpo.  <\/p>\n<p>Pjama DryGuardians &#8211; Pacchetto Biancheria Intima e Allarme &#8211; Boxers \u00e8 specificamente progettato per l&#8217;anatomia dei ragazzi e per l&#8217;area bersaglio del flusso di urina. I boxer sono dotati di due bottoncini in vita dove \u00e8 possibile collegare facilmente il sensore dell&#8217;allarme pip\u00ec a letto. I fili del sensore cuciti intorno all&#8217;area del cavallo consentono al sistema di allarme di rilevare facilmente l&#8217;umidit\u00e0 e di attivare rapidamente un allarme pip\u00ec a letto, trattando in modo efficace e sicuro l&#8217;enuresi notturna.  <\/p>\n<p>I fili del sensore cuciti in Pjama DryGuardians &#8211; Kit Biancheria Intima e Allarme &#8211; Boxers aumentano l&#8217;area di destinazione e migliorano la precisione del rilevamento. Ci\u00f2 significa che, indipendentemente dal punto in cui l&#8217;urina arriva o dalla posizione in cui il bambino dorme, l&#8217;allarme rilever\u00e0 in modo sicuro la pip\u00ec a letto. Questo pu\u00f2 essere particolarmente utile per i ragazzi, poich\u00e9 l&#8217;area in cui l&#8217;urina entra in contatto per la prima volta spesso varia.  <\/p>\n<h4>Utilizzo<\/h4>\n<p>Indossare la Pjama DryGuardians Biancheria Intima &#8211; Boxer \u00e8 comodo come indossare la normale biancheria intima, il che la rende ideale per i bambini che soffrono di pip\u00ec a letto. Pjama DryGuardians Biancheria Intima e Allarme &#8211; Boxers per l&#8217;enuresi notturna non assorbe i liquidi. Il trattamento si concentra sull&#8217;interruzione dell&#8217;abitudine di urinare a letto.  <\/p>\n<p>La confezione contiene:<\/p>\n<ul>\n<li>2 x Pjama DryGuardians &#8211; Biancheria Intima &#8211; Boxer<\/li>\n<li>1 x Pjama DryGuardians Set Allarme per enuresi notturna (sensore e unit\u00e0 sonora)<\/li>\n<\/ul>\n<p>\u00c8 sufficiente agganciare il sensore alla cintura anteriore della Pjama DryGuardians Biancheria Intima e avviare l&#8217;allarme pip\u00ec a letto, per iniziare il trattamento! Posizionate l&#8217;allarme pip\u00ec a letto vicino al letto.<br \/>\nSe voi o il vostro bambino bagnate il letto, i sensibili fili del sensore cuciti nella biancheria intima attiveranno rapidamente l&#8217;allarme. Voi o il vostro bambino potete facilmente interrompere l&#8217;allarme premendo il &#8220;pulsante ON\/OFF&#8221; sulla parte superiore dell&#8217;unit\u00e0 di allarme e poi andare in bagno per finire di urinare.  <\/p>\n<p>Per utilizzare l&#8217;Allarme pip\u00ec a letto con lo smartphone e partecipare al servizio di trattamento, scaricare l&#8217;App DryGuardians. L&#8217;allarme si collega automaticamente all&#8217;app DryGuardians quando \u00e8 aperta sul telefono. <\/p>\n<h4>Cura del sensore<\/h4>\n<p><span style=\"font-weight: 400;\">Per ottenere prestazioni ottimali, rimuovere sempre il sensore e asciugarlo dopo l&#8217;uso.<\/span><span style=\"font-weight: 400;\"><br \/>\n<\/span><span style=\"font-weight: 400;\">Evitare di lasciarlo attaccato a un indumento bagnato, per evitare la corrosione e prolungare la durata della batteria.<\/span><\/p>\n<h4>Caratteristiche e vantaggi di Pjama DryGuardians &#8211; Pacchetto Biancheria Intima e Allarme &#8211; Boxer<\/h4>\n<ul>\n<li><strong>Trattamento efficace:<\/strong> Aiuta l&#8217;enuresi notturna nei bambini.<\/li>\n<li><strong>Personalizzato per i soggiorni notturni:<\/strong> Utilizzate il vostro smartphone e l&#8217;app DryGuardians per un trattamento discreto.<\/li>\n<li><strong>Ricarica USB:<\/strong> L&#8217;unit\u00e0 di allarme si ricarica facilmente con un caricatore USB.<\/li>\n<li><strong>Sistema wireless:<\/strong> L&#8217;unit\u00e0 di allarme pu\u00f2 essere posizionata fino a 10 metri di distanza dal sensore.<\/li>\n<li><strong>Notifiche per i genitori:<\/strong> Collegate l&#8217;Allarme pip\u00ec a letto al telefono cellulare di un genitore per ricevere le notifiche delle perdite.<\/li>\n<li><strong>Rilevamento sicuro:<\/strong> Ampia area di destinazione adattata al flusso di urina.<\/li>\n<li><strong>Comodo e morbido:<\/strong> Realizzati con tessuti di alta qualit\u00e0, certificati Oeko-Tex, sicuri e delicati per la pelle dei bambini.<\/li>\n<li><strong>Durevole:<\/strong> Lavabile a 60 gradi e asciugabile in asciugatrice.<\/li>\n<\/ul>\n<p><span style=\"color: #666666; font-size: 14px;\">Ricordarsi di staccare il sensore Pjama per l&#8217;allarme pip\u00ec a letto quando non lo si usa e prima di lavarlo.<\/span><\/p>\n<h4>App DryGuardians e clinica per la pip\u00ec a letto<\/h4>\n<p>Con l&#8217;app DryGuardians \u00e8 possibile monitorare facilmente i progressi nel trattamento della pip\u00ec a letto e dell&#8217;enuresi notturna. DryGuardians fornisce previsioni e raccomandazioni sviluppate in collaborazione con il sistema sanitario svedese, adattate ai progressi del trattamento e ottimizzate in base alle esigenze e ai progressi specifici del paziente. \u00c8 possibile registrare tutti gli incidenti e vedere le tendenze nel tempo, il che pu\u00f2 aiutare voi o il vostro bambino a rimanere motivati. Le informazioni raccolte sono anche preziose da condividere con i medici in caso di necessit\u00e0 di ulteriori consigli.   <\/p>\n<ul>\n<li>Utilizzate l&#8217;app come unit\u00e0 sonora per il vostro Allarme pip\u00ec a letto e scegliete diversi suoni di allarme.<\/li>\n<li>Registrate i risultati della serata nel calendario per monitorare i progressi e ricevere consigli personalizzati.<\/li>\n<li>Ottenere consigli e supporto personalizzati durante il trattamento dell&#8217;enuresi.<\/li>\n<li>Impostate delle sveglie diurne per ricordare a voi o al vostro bambino di andare in bagno.<\/li>\n<\/ul>\n<p>L&#8217;applicazione DryGuardians pu\u00f2 essere scaricata gratuitamente da <a href=\"https:\/\/play.google.com\/store\/apps\/details?id=com.pjama&amp;hl=it&amp;gl=IT\" target=\"_blank\" rel=\"noopener\">Google Play<\/a> o <a href=\"https:\/\/apps.apple.com\/it\/app\/dryguardians\/id1498084664\" target=\"_blank\" rel=\"noopener\">App Store<\/a>. Per saperne di pi\u00f9 sulla nostra clinica per la pip\u00ec a letto e su come possiamo aiutare voi o il vostro bambino, consultate il nostro <a href=\"https:\/\/pjama.eu\/it\/\">sito web<\/a>.<\/p>\n<h4>Processo di trattamento: la motivazione e la pazienza sono fondamentali<\/h4>\n<p>Il trattamento dell&#8217;enuresi notturna richiede motivazione e pazienza, soprattutto nelle prime settimane. Sia per i bambini che per i genitori, \u00e8 importante fissare obiettivi realistici e festeggiare i progressi. Ricordate che l&#8217;obiettivo \u00e8 un letto asciutto senza assistenza, e il percorso per raggiungerlo pu\u00f2 essere reso pi\u00f9 facile con strumenti come DryGuardians for Boys. <\/p>\n<p>Come genitori, potete mantenere il vostro bambino motivato fornendo feedback positivi e complimenti. Con l&#8217;aiuto dell&#8217;<em>App DryGuardians<\/em>, potete ricevere suggerimenti e consigli su misura per i progressi del trattamento. Si tratta di un modo sicuro ed efficace per migliorare la vita quotidiana di bambini e adulti che soffrono di enuresi.  <\/p>\n<p>\u00a9 2024 Pjama.<\/p>\n","protected":false},"excerpt":{"rendered":"<h3>Pjama DryGuardians &#8211; Kit di allarme e biancheria intima &#8211; Boxers<\/h3>\n<p>Pjama DryGuardians &#8211; Pacchetto Biancheria Intima e Allarme &#8211; Boxers \u00e8 un servizio completo che consente un trattamento efficace e sicuro dell&#8217;enuresi (pip\u00ec a letto).<\/p>\n<ul>\n<li>Include 2 Pjama DryGuardians Biancheria Intima &#8211; Boxer e 1 Pjama DryGuardians Allarme pip\u00ec a letto completo (sensore e unit\u00e0 sonora).<\/li>\n<li>Ampia area di destinazione per una risposta rapida e sicura alla pip\u00ec a letto.<\/li>\n<li>Morbido e confortevole come un normale boxer.<\/li>\n<li>Lavabile in lavatrice a 60\u00b0C e asciugabile in asciugatrice.<\/li>\n<\/ul>\n<p>Scaricate l&#8217;App DryGuardians, un servizio di trattamento gratuito per chi fa la pip\u00ec a letto, da <a href=\"https:\/\/play.google.com\/store\/apps\/details?id=com.pjama&amp;hl=it&amp;gl=IT\">Google Play<\/a> o <a href=\"https:\/\/apps.apple.com\/it\/app\/dryguardians\/id1498084664\" target=\"_blank\" rel=\"noopener\">App Store<\/a>.<\/p>\n","protected":false},"featured_media":31153,"template":"","meta":{"_et_pb_use_builder":"","_et_pb_old_content":"","_et_gb_content_width":""},"product_brand":[],"product_cat":[351,328,352,350],"product_tag":[],"class_list":{"0":"post-28765","1":"product","2":"type-product","3":"status-publish","4":"has-post-thumbnail","6":"product_cat-allarme-pipi-a-letto","7":"product_cat-bambini","8":"product_cat-pjamadryguardians_2025","9":"product_cat-trattamento-pjama","10":"product_shipping_class-ue","11":"pa_size-eta-10-12-anni","12":"pa_size-eta-5-6-anni","13":"pa_size-eta-6-8-anni","14":"pa_size-eta-8-10-anni","15":"pa_size-piccolo","17":"first","18":"instock","19":"taxable","20":"shipping-taxable","21":"purchasable","22":"product-type-composite"},"composite_virtual":false,"composite_layout":"single","composite_add_to_cart_form_location":"default","composite_editable_in_cart":false,"composite_sold_individually_context":"product","composite_shop_price_calc":"min_max","composite_components":[{"id":"1743167486","title":"Allarme pip\u00ec a letto con il Pjama","description":"<p>Allarme pip\u00ec a letto con altoparlante e sensore.  <\/p>\n","query_type":"product_ids","query_ids":[24644],"default_option_id":24644,"thumbnail_id":6376,"thumbnail_src":"https:\/\/pjama.eu\/wp-content\/uploads\/Pjama-alarm-600x400-1-300x300-1.jpeg","quantity_min":1,"quantity_max":1,"priced_individually":true,"shipped_individually":false,"optional":false,"discount":"","options_style":"dropdowns","pagination_style":"classic","display_prices":"absolute","show_sorting_options":false,"show_filtering_options":false,"attribute_filter_ids":[],"select_action":"view","product_title_visible":false,"product_descr_visible":false,"product_price_visible":true,"product_thumb_visible":true,"subtotal_visible_product":false,"subtotal_visible_cart":true,"subtotal_visible_orders":true},{"id":"1743167487","title":"Trattamento Boxer","description":"<p>Intimo Boxer per il trattamento della pip\u00ec a letto. Non assorbente. <\/p>\n","query_type":"product_ids","query_ids":[24921],"default_option_id":24921,"thumbnail_id":3726,"thumbnail_src":"https:\/\/pjama.eu\/wp-content\/uploads\/Boxer-underwear.jpg","quantity_min":2,"quantity_max":9,"priced_individually":true,"shipped_individually":false,"optional":false,"discount":"","options_style":"dropdowns","pagination_style":"classic","display_prices":"absolute","show_sorting_options":false,"show_filtering_options":false,"attribute_filter_ids":[],"select_action":"view","product_title_visible":false,"product_descr_visible":false,"product_price_visible":true,"product_thumb_visible":true,"subtotal_visible_product":false,"subtotal_visible_cart":true,"subtotal_visible_orders":true}],"composite_scenarios":[],"_links":{"self":[{"href":"https:\/\/pjama.eu\/it\/wp-json\/wp\/v2\/product\/28765","targetHints":{"allow":["GET"]}}],"collection":[{"href":"https:\/\/pjama.eu\/it\/wp-json\/wp\/v2\/product"}],"about":[{"href":"https:\/\/pjama.eu\/it\/wp-json\/wp\/v2\/types\/product"}],"wp:featuredmedia":[{"embeddable":true,"href":"https:\/\/pjama.eu\/it\/wp-json\/wp\/v2\/media\/31153"}],"wp:attachment":[{"href":"https:\/\/pjama.eu\/it\/wp-json\/wp\/v2\/media?parent=28765"}],"wp:term":[{"taxonomy":"product_brand","embeddable":true,"href":"https:\/\/pjama.eu\/it\/wp-json\/wp\/v2\/product_brand?post=28765"},{"taxonomy":"product_cat","embeddable":true,"href":"https:\/\/pjama.eu\/it\/wp-json\/wp\/v2\/product_cat?post=28765"},{"taxonomy":"product_tag","embeddable":true,"href":"https:\/\/pjama.eu\/it\/wp-json\/wp\/v2\/product_tag?post=28765"}],"curies":[{"name":"wp","href":"https:\/\/api.w.org\/{rel}","templated":true}]}}