{"id":28768,"date":"2021-02-01T11:50:10","date_gmt":"2021-02-01T10:50:10","guid":{"rendered":"https:\/\/pjama.eu\/product\/pjama-dryguardians-kit-di-allarme-e-biancheria-intima-slip\/"},"modified":"2025-12-16T16:36:44","modified_gmt":"2025-12-16T15:36:44","slug":"pjama-dryguardians-kit-di-allarme-e-biancheria-intima-slip","status":"publish","type":"product","link":"https:\/\/pjama.eu\/it\/prodotto\/pjama-dryguardians-kit-di-allarme-e-biancheria-intima-slip\/","title":{"rendered":"Pjama DryGuardians &#8211; Kit di allarme e biancheria intima &#8211; Slip"},"content":{"rendered":"<h3>Pjama DryGuardians &#8211; Kit di biancheria intima e allarme &#8211; Slip &#8211; Trattamento di allarme efficace per la pip\u00ec a letto<\/h3>\n<p>Pjama DryGuardians &#8211; Pacchetto Biancheria Intima e Allarme &#8211; Slip \u00e8 la soluzione perfetta per le ragazze che soffrono di pip\u00ec a letto (enuresi notturna). In combinazione con la nostra app DryGuardians, si ottiene un trattamento efficace e confortevole della pip\u00ec a letto. Questi slip per la pip\u00ec a letto sono dotati di fili sensore cuciti che rilevano rapidamente l&#8217;umidit\u00e0 e attivano l&#8217;allarme pip\u00ec a letto per aiutare la bambina a svegliarsi e interrompere la minzione. Il servizio di trattamento DryGuardians analizza gli episodi di pip\u00ec a letto e fornisce suggerimenti, consigli e previsioni personalizzate lungo il percorso.   <\/p>\n<p>Scaricate l&#8217;applicazione DryGuardians da <a href=\"https:\/\/play.google.com\/store\/apps\/details?id=com.pjama&amp;gl=it&amp;hl=it\" target=\"_blank\" rel=\"noopener\">Google Play<\/a> o <a href=\"https:\/\/apps.apple.com\/it\/app\/pjama\/id1498084664?mt=8&amp;l=it\" target=\"_blank\" rel=\"noopener\">App Store<\/a> per monitorare i progressi e ricevere una guida personalizzata durante il trattamento dell&#8217;enuresi notturna.<\/p>\n<h4>Caratteristiche<\/h4>\n<p>L&#8217;Allarme pip\u00ec a letto \u00e8 stato progettato per aiutare bambini e adulti che ne soffrono e serve come trattamento di prima linea per l&#8217;enuresi. Il sensore applicato agli indumenti Pjama \u00e8 collegato a un&#8217;unit\u00e0 di allarme che si attiva al contatto con l&#8217;umidit\u00e0. Questo allarme per il trattamento dell&#8217;enuresi interrompe immediatamente la pip\u00ec a letto e allena il cervello a rispondere ai segnali del corpo.  <\/p>\n<p>Pjama DryGuardians &#8211; Pacchetto Biancheria Intima e Allarme &#8211; Slip \u00e8 appositamente progettato per l&#8217;anatomia delle bambine e per il punto di contatto del flusso urinario. Gli slip sono dotati di due bottoncini in vita che facilitano l&#8217;aggancio del sensore dell&#8217;allarme pip\u00ec a letto. I fili del sensore cuciti intorno all&#8217;inguine consentono al sistema di allarme di rilevare l&#8217;umidit\u00e0 e di attivare rapidamente l&#8217;allarme pip\u00ec a letto, aiutando a trattare l&#8217;enuresi notturna in modo efficace e sicuro.  <\/p>\n<p>I fili del sensore cuciti in Pjama DryGuardians &#8211; Pacchetto Biancheria Intima e Allarme &#8211; Slip aumentano l&#8217;area di destinazione e garantiscono un rilevamento pi\u00f9 affidabile. In pratica, ci\u00f2 significa che, indipendentemente dal punto in cui l&#8217;urina colpisce o da come il bambino dorme, l&#8217;allarme rilever\u00e0 in modo affidabile la pip\u00ec a letto. Per le bambine, soprattutto quelle che dormono sulla schiena, questo \u00e8 particolarmente utile perch\u00e9 l&#8217;area in cui l&#8217;urina tocca per la prima volta pu\u00f2 variare.  <\/p>\n<h4>Utilizzo<\/h4>\n<p>Indossare gli slip per la pip\u00ec a letto \u00e8 comodo come indossare la normale biancheria intima, il che li rende ideali per i bambini che soffrono di pip\u00ec a letto. Pjama DryGuardians Biancheria Intima e Allarme &#8211; Slip per enuresi notturna non assorbe i liquidi. Il trattamento si concentra sull&#8217;interruzione dell&#8217;abitudine di urinare a letto.  <\/p>\n<p>Il pacchetto comprende:<\/p>\n<ul>\n<li>2 x Pjama DryGuardians Biancheria Intima &#8211; Slip<\/li>\n<li>1 x Pjama DryGuardians &#8211; Set di allarme completo (sensore e unit\u00e0 sonora)<\/li>\n<\/ul>\n<p>\u00c8 sufficiente far scattare il sensore sulla vita anteriore degli slip per pip\u00ec a letto e avviare l&#8217;allarme pip\u00ec a letto per iniziare il trattamento! Posizionare l&#8217;allarme pip\u00ec a letto vicino al letto.<x id=\"gid_0\"><\/x>Se il bambino urina, i sensibili fili del sensore cuciti negli slip reagiscono rapidamente e attivano l&#8217;allarme. Il bambino pu\u00f2 facilmente interrompere l&#8217;allarme premendo il &#8220;pulsante ON\/OFF&#8221; sulla parte superiore dell&#8217;unit\u00e0 di allarme e poi andare in bagno per finire di urinare.  <\/p>\n<p>Per utilizzare l&#8217;Allarme pip\u00ec a letto con lo smartphone e accedere al servizio di trattamento, scaricare l&#8217;app DryGuardians. L&#8217;allarme si collega automaticamente all&#8217;app DryGuardians quando \u00e8 aperta sul telefono. <\/p>\n<h4>Cura del sensore<\/h4>\n<p><span style=\"font-weight: 400;\">Per ottenere prestazioni ottimali, rimuovere sempre il sensore e asciugarlo dopo l&#8217;uso.<\/span><span style=\"font-weight: 400;\"><br \/>\n<\/span><span style=\"font-weight: 400;\">Evitare di lasciarlo attaccato a un indumento bagnato, per evitare la corrosione e prolungare la durata della batteria.<\/span><\/p>\n<h4>Caratteristiche e vantaggi Pjama DryGuardians &#8211; Pacchetto Biancheria Intima e Allarme &#8211; Slip<\/h4>\n<ul>\n<li><strong>Trattamento efficace:<\/strong> Aiuta l&#8217;enuresi notturna dei bambini.<\/li>\n<li><strong>Progettato per l&#8217;uso notturno:<\/strong> Utilizzate il vostro smartphone e l&#8217;app DryGuardians per un trattamento discreto.<\/li>\n<li><strong>Ricarica USB:<\/strong> L&#8217;unit\u00e0 di allarme si ricarica facilmente con un caricatore USB.<\/li>\n<li><strong>Sistema wireless:<\/strong> L&#8217;unit\u00e0 di allarme pu\u00f2 essere posizionata fino a 10 metri di distanza dal sensore.<\/li>\n<li><strong>Notifiche per i genitori:<\/strong> Collegate l&#8217;Allarme pip\u00ec a letto al telefono cellulare di un genitore per ricevere notifiche sulle perdite.<\/li>\n<li><strong>Rilevamento affidabile:<\/strong> Ampia area target adatta al flusso urinario.<\/li>\n<li><strong>Comodo e morbido:<\/strong> Realizzati con tessuti di alta qualit\u00e0, certificati Oeko-Tex, sicuri e delicati per la pelle dei bambini.<\/li>\n<li><strong>Resistente:<\/strong> Lavabile in lavatrice a 60\u00b0C e asciugabile in asciugatrice.<\/li>\n<\/ul>\n<p><span style=\"color: #666666; font-size: 14px;\">Ricordarsi di staccare il sensore Pjama per l&#8217;allarme pip\u00ec a letto quando non lo si usa e prima di lavarlo.<\/span><\/p>\n<h4>App DryGuardians e clinica per la pip\u00ec a letto<\/h4>\n<p>Con l&#8217;app DryGuardians \u00e8 possibile monitorare facilmente i progressi nel trattamento della pip\u00ec a letto e dell&#8217;enuresi notturna. DryGuardians fornisce previsioni e raccomandazioni sviluppate in collaborazione con l&#8217;assistenza sanitaria svedese, adattate ai progressi del trattamento e ottimizzate per la vostra situazione specifica. \u00c8 possibile registrare tutti gli incidenti e visualizzare le tendenze nel tempo, il che pu\u00f2 aiutare voi o il vostro bambino a rimanere motivati. Le informazioni raccolte sono anche preziose per essere condivise con i medici quando sono necessari ulteriori consigli.   <\/p>\n<ul>\n<li>Utilizzate l&#8217;app come unit\u00e0 sonora per il vostro Allarme pip\u00ec a letto e selezionate diversi segnali di allarme.<\/li>\n<li>Registrate i risultati notturni nel calendario per monitorare i progressi e ricevere consigli personalizzati.<\/li>\n<li>Ottenere consigli e supporto personalizzati durante il trattamento dell&#8217;enuresi.<\/li>\n<li>Impostate delle sveglie giornaliere per ricordare a voi o al vostro bambino di andare in bagno durante il giorno.<\/li>\n<\/ul>\n<p>L&#8217;applicazione DryGuardians pu\u00f2 essere scaricata gratuitamente da <a href=\"https:\/\/play.google.com\/store\/apps\/details?id=com.pjama&amp;gl=it&amp;hl=it\" target=\"_blank\" rel=\"noopener\">Google Play<\/a> o <a href=\"https:\/\/apps.apple.com\/it\/app\/pjama\/id1498084664?mt=8&amp;l=it\" target=\"_blank\" rel=\"noopener\">App Store<\/a>. Per saperne di pi\u00f9 sulla nostra clinica per la pip\u00ec a letto e su come possiamo aiutare voi o il vostro bambino, consultate il nostro <a href=\"https:\/\/pjama.eu\/it\/\">sito web<\/a>.<\/p>\n<h4>Il processo di trattamento: la motivazione e la pazienza sono fondamentali<\/h4>\n<p>Il trattamento dell&#8217;enuresi notturna richiede motivazione e pazienza, soprattutto nelle prime settimane. Sia per i bambini che per i genitori, \u00e8 importante fissare obiettivi realistici e festeggiare i progressi. Ricordate che l&#8217;obiettivo \u00e8 un letto asciutto senza ausili e che il viaggio pu\u00f2 essere reso pi\u00f9 facile con strumenti come DryGuardians for Girls.  <\/p>\n<p>Come genitori, potete mantenere il vostro bambino motivato fornendo feedback positivi e complimenti. Con l&#8217;aiuto dell&#8217;<g id=\"gid_0\">App DryGuardians<\/g>, potete ricevere suggerimenti e consigli su misura per i progressi del trattamento. Si tratta di un percorso sicuro ed efficace per una vita quotidiana migliore per i bambini e gli adulti che soffrono di enuresi.  <\/p>\n<p>\u00a9 2024 Pjama.<\/p>\n","protected":false},"excerpt":{"rendered":"<h3>Pjama DryGuardians &#8211; Kit di allarme e biancheria intima &#8211; Slip<\/h3>\n<p>Pjama DryGuardians &#8211; Kit Biancheria Intima e Allarme &#8211; Slip \u00e8 un servizio completo che fornisce un trattamento efficace e sicuro per l&#8217;enuresi (pip\u00ec a letto).<\/p>\n<ul>\n<li>Include 2 Pjama DryGuardians &#8211; Biancheria Intima &#8211; Slip e 1 Pjama DryGuardians Set Allarme per enuresi notturna (sensore e unit\u00e0 sonora).<\/li>\n<li>Ampia area di destinazione per una risposta sicura e rapida alla pip\u00ec a letto.<\/li>\n<li>Morbido e confortevole come la normale biancheria intima.<\/li>\n<li>Lavabile in lavatrice a 60\u00b0C e asciugabile in asciugatrice.<\/li>\n<\/ul>\n<p>Scaricate l&#8217;App DryGuardians, un servizio di trattamento gratuito per la pip\u00ec a letto, da <a href=\"https:\/\/play.google.com\/store\/apps\/details?id=com.pjama&amp;gl=it&amp;hl=it\">Google Play<\/a> o <a href=\"https:\/\/apps.apple.com\/it\/app\/pjama\/id1498084664?mt=8&amp;l=it\">App Store<\/a>.<\/p>\n","protected":false},"featured_media":31184,"template":"","meta":{"_et_pb_use_builder":"off","_et_pb_old_content":"<h3>BEDWETTING ALARM WITH UNISEX BRIEFS UNDERWEAR- STARTER KIT<\/h3>\r\nPjama Bedwetting Alarm with Unisex Briefs Underwear-Starter Kit is a complete product for treatment of bedwetting. The Pjama Bedwetting Alarm also connects to smartphone. Download the app from <a href=\"https:\/\/play.google.com\/store\/apps\/details?id=com.pjama\">Google Play<\/a> or <a href=\"https:\/\/apps.apple.com\/us\/app\/pjama\/id1498084664\">App Store<\/a>.\r\n\r\nPjama Treatment Unisex Briefs underwear has sewn-in sensor threads, adapted for both boys and girls, to which you easily connect the Pjama Bedwetting Alarm. The Pjama Bedwetting Alarm includes 1 Pjama Sensor and 1 Pjama Speaker.\r\n\r\nFor treatment, you simply connect the Pjama Sensor to 2 small buttons by the waist of the Pjama Treatment Unisex Briefs underwear which in turn wirelessly communicates with the bedwetting alarm unit or your smartphone.\r\nSuitable for laundry in the washing machine at 60 degrees and tumble dry.\r\n\r\nWearing Pjama Treatment Unisex Briefs underwear are as nice as wearing any other underwear, while being able to connect to a sensitive bedwetting alarm system.\r\n<h4>The Product includes:<\/h4>\r\n2 x Pjama Treatment Unisecx Briefs Underwear\r\n1 x Pjama Bedwetting Alarm (Sensor and Speaker)\r\n<h4>MATERIAL<\/h4>\r\nThe Pjama Treatment Unisex Briefs are made of fabrics that are Oeko-Tex certified.\r\n<h4>WASHING<\/h4>\r\nWash and tumble dry product at maximum 60 degrees.\r\nPlease note that when you use Pjama Bedwetting Alarm with the product, be sure to snap off the small Pjama Sensor for Bedwetting Alarm connected to the briefs before washing.\r\n<h4>FOLLOW YOUR DEVELOPMENT WITH THE PJAMA APP AND PJAMA BEDWETTING CLINIC<\/h4>\r\nThe Pjama App includes several functionalities; you get access to the alarm function and can set different alarm signals, in the calendar you can log the progress and success, you can find general tips and advice to assist with the bedwetting treatment. It is also possible to set day alarms for the children who suffer from leakage even during the day. The Pjama app is free to download from <a href=\"https:\/\/play.google.com\/store\/apps\/details?id=com.pjama\">Google Play<\/a> or <a href=\"https:\/\/apps.apple.com\/us\/app\/pjama\/id1498084664\">App Store<\/a>.\r\n\r\nPjama Bedwetting Clinic gives you customized tips and advice during bedwetting treatment.\r\nDo not forget to record the outcome of the night in the Pjama App so that you can keep track of your, or your child's, progress.\r\n\r\nRead more about the Pjama App and <a href=\"https:\/\/pjama.eu\/bedwetting-clinic\/\">Bedwetting Clinic on our website.<\/a>\r\n<h4>TREATMENT IS A PROCESS WHERE MOTIVATION IS THE KEY<\/h4>\r\nPatience is the key! For a faster and long-term improvement, patience and motivation is needed. If you are a new Pjama user, it is good if you have your ultimate goal in mind - a dry bed without aids. If your end goal feels far away, you can set smaller goals along the way.\r\nAnd never forget that you will get through this!","_et_gb_content_width":""},"product_brand":[],"product_cat":[351,328,352,350],"product_tag":[],"class_list":{"0":"post-28768","1":"product","2":"type-product","3":"status-publish","4":"has-post-thumbnail","6":"product_cat-allarme-pipi-a-letto","7":"product_cat-bambini","8":"product_cat-pjamadryguardians_2025","9":"product_cat-trattamento-pjama","10":"product_shipping_class-ue","11":"pa_size-eta-10-12-anni","12":"pa_size-eta-5-6-anni","13":"pa_size-eta-6-8-anni","14":"pa_size-eta-8-10-anni","15":"pa_size-piccolo","17":"first","18":"instock","19":"taxable","20":"shipping-taxable","21":"purchasable","22":"product-type-composite"},"composite_virtual":false,"composite_layout":"single","composite_add_to_cart_form_location":"default","composite_editable_in_cart":false,"composite_sold_individually_context":"product","composite_shop_price_calc":"min_max","composite_components":[{"id":"1743166762","title":"Allarme pip\u00ec a letto con il Pjama","description":"<p>Allarme pip\u00ec a letto con altoparlante e sensore.<\/p>\n","query_type":"product_ids","query_ids":[24644],"default_option_id":24644,"thumbnail_id":6376,"thumbnail_src":"https:\/\/pjama.eu\/wp-content\/uploads\/Pjama-alarm-600x400-1-300x300-1.jpeg","quantity_min":1,"quantity_max":1,"priced_individually":true,"shipped_individually":false,"optional":false,"discount":"","options_style":"dropdowns","pagination_style":"classic","display_prices":"absolute","show_sorting_options":false,"show_filtering_options":false,"attribute_filter_ids":[],"select_action":"view","product_title_visible":false,"product_descr_visible":false,"product_price_visible":true,"product_thumb_visible":true,"subtotal_visible_product":false,"subtotal_visible_cart":true,"subtotal_visible_orders":true},{"id":"1743166763","title":"Slip sul trattamento","description":"<p>Biancheria intima per il trattamento della pip\u00ec a letto. Non assorbente. <\/p>\n","query_type":"product_ids","query_ids":[24684],"default_option_id":24684,"thumbnail_id":3729,"thumbnail_src":"https:\/\/pjama.eu\/wp-content\/uploads\/hipster-only.jpg","quantity_min":2,"quantity_max":6,"priced_individually":true,"shipped_individually":false,"optional":false,"discount":"","options_style":"dropdowns","pagination_style":"classic","display_prices":"absolute","show_sorting_options":false,"show_filtering_options":false,"attribute_filter_ids":[],"select_action":"view","product_title_visible":false,"product_descr_visible":false,"product_price_visible":true,"product_thumb_visible":true,"subtotal_visible_product":false,"subtotal_visible_cart":true,"subtotal_visible_orders":true}],"composite_scenarios":[],"_links":{"self":[{"href":"https:\/\/pjama.eu\/it\/wp-json\/wp\/v2\/product\/28768","targetHints":{"allow":["GET"]}}],"collection":[{"href":"https:\/\/pjama.eu\/it\/wp-json\/wp\/v2\/product"}],"about":[{"href":"https:\/\/pjama.eu\/it\/wp-json\/wp\/v2\/types\/product"}],"wp:featuredmedia":[{"embeddable":true,"href":"https:\/\/pjama.eu\/it\/wp-json\/wp\/v2\/media\/31184"}],"wp:attachment":[{"href":"https:\/\/pjama.eu\/it\/wp-json\/wp\/v2\/media?parent=28768"}],"wp:term":[{"taxonomy":"product_brand","embeddable":true,"href":"https:\/\/pjama.eu\/it\/wp-json\/wp\/v2\/product_brand?post=28768"},{"taxonomy":"product_cat","embeddable":true,"href":"https:\/\/pjama.eu\/it\/wp-json\/wp\/v2\/product_cat?post=28768"},{"taxonomy":"product_tag","embeddable":true,"href":"https:\/\/pjama.eu\/it\/wp-json\/wp\/v2\/product_tag?post=28768"}],"curies":[{"name":"wp","href":"https:\/\/api.w.org\/{rel}","templated":true}]}}