{"id":28770,"date":"2023-01-09T15:59:19","date_gmt":"2023-01-09T14:59:19","guid":{"rendered":"https:\/\/pjama.eu\/product\/pjama-dryguardians-mix-kit-boxer\/"},"modified":"2025-12-17T07:34:19","modified_gmt":"2025-12-17T06:34:19","slug":"pjama-dryguardians-mix-kit-boxer","status":"publish","type":"product","link":"https:\/\/pjama.eu\/it\/prodotto\/pjama-dryguardians-mix-kit-boxer\/","title":{"rendered":"Pjama DryGuardians &#8211; Mix Kit Boxer"},"content":{"rendered":"<h4>Pjama DryGuardians &#8211; Mix Kit Boxer<\/h4>\n<p>Il Pjama DryGuardians &#8211; Mix Kit Boxer offre una soluzione completa per il trattamento della pip\u00ec a letto, che comprende l&#8217;Allarme Pjama DryGuardians, il Servizio Pip\u00ec a Letto, gli shorts per enuresi e i Boxer.<br \/>\nAssicura un trattamento efficace e mantiene il letto asciutto per tutta la notte.<br \/>\nL&#8217;App DryGuardians vi d\u00e0 accesso al servizio di trattamento senza costi aggiuntivi.<br \/>\nScaricatelo da<br \/>\n<a href=\"https:\/\/play.google.com\/store\/apps\/details?id=com.pjama&amp;hl=it&amp;gl=IT\" target=\"_blank\" rel=\"noopener\">Google Play<\/a> o<br \/>\n<a href=\"https:\/\/apps.apple.com\/it\/app\/dryguardians\/id1498084664\" target=\"_blank\" rel=\"noopener\">App Store<\/a>.<\/p>\n<p>Indossare i pantaloncini Pjama DryGuardians Abbigliamento da notte \u00e8 comodo come un normale pigiama, pur collegandosi al sensibile sistema di allarme per un trattamento efficace.<br \/>\nI pantaloncini mantengono il letto asciutto durante il processo.<\/p>\n<h4>Cura facile<\/h4>\n<p><span style=\"font-weight: 400;\">Pjama DryGuardians Abbigliamento da notte per bambini &#8211; I pantaloncini sono lavabili in lavatrice (60\u00b0C) e possono essere asciugati in asciugatrice.<\/span><span style=\"font-weight: 400;\"><br \/>\n<\/span><span style=\"font-weight: 400;\">NOTA: I pantaloni e i pantaloncini hanno un tempo di asciugatura pi\u00f9 lungo a causa della loro funzione assorbente. Durante il lavaggio, capovolgere sempre l&#8217;indumento per favorire la fuoriuscita dell&#8217;umidit\u00e0 dal tessuto. <\/span><span style=\"font-weight: 400;\"><br \/>\n<\/span><span style=\"font-weight: 400;\">Sono duraturi e convenienti &#8211; <\/span><b>Pjama garantisce almeno 100 lavaggi e fino a 4 mesi di utilizzo regolare se trattati secondo le nostre istruzioni di lavaggio.<\/b><span style=\"font-weight: 400;\"><br \/>\n<\/span><span style=\"font-weight: 400;\">Una soluzione affidabile e pratica per i bambini che bagnano il letto di notte.<\/span><span style=\"font-weight: 400;\"><br \/>\n<\/span><a href=\"https:\/\/pjama.eu\/it\/come-lavare-e-asciugare-il-pjama\/\"><span style=\"font-weight: 400;\">Leggi le istruzioni complete per la cura &#8216;<\/span><\/a><\/p>\n<h4>Trattamento guidato con l&#8217;App DryGuardians<\/h4>\n<p>La caratteristica principale dell&#8217;applicazione \u00e8 il calendario, dove si registrano i risultati notturni.<br \/>\nSulla base di questi dati, l&#8217;app fornisce indicazioni e motivazioni con video, testi e immagini.<br \/>\nDopo <strong>4 settimane<\/strong>, l&#8217;applicazione pu\u00f2 fornire una valutazione del trattamento.<br \/>\nAnche se i risultati non sono immediati, il trattamento pu\u00f2 funzionare in una fase successiva.<\/p>\n<ul>\n<li>Utilizzate l&#8217;app come dispositivo sonoro con pi\u00f9 suonerie.<\/li>\n<li>Registrare un suono di allarme personale.<\/li>\n<li>Impostate delle sveglie diurne per ricordare il bagno.<\/li>\n<li>Ottenere consigli di esperti e suggerimenti generali per il trattamento.<\/li>\n<\/ul>\n<p>L&#8217;App DryGuardians pu\u00f2 essere scaricata gratuitamente da<br \/>\n<a href=\"https:\/\/play.google.com\/store\/apps\/details?id=com.pjama&amp;hl=it&amp;gl=IT\" target=\"_blank\" rel=\"noopener\">Google Play<\/a> o<br \/>\n<a href=\"https:\/\/apps.apple.com\/it\/app\/dryguardians\/id1498084664\" target=\"_blank\" rel=\"noopener\">App Store<\/a>.<br \/>\nPer saperne di pi\u00f9<br \/>\n<a href=\"https:\/\/pjama.eu\/it\/app-dryguardians-aiuta-a-trattare-la-pipi-a-letto-gratuitamente\/\">sito web<\/a>.<\/p>\n<h4>Materiale<\/h4>\n<p>I pantaloncini Pjama DryGuardians Abbigliamento da notte sono realizzati in <em>Tencel<\/em>.<br \/>\nLo strato esterno \u00e8 laminato per garantire l&#8217;impermeabilit\u00e0, pur mantenendo la traspirabilit\u00e0.<br \/>\nUno strato assorbente nel cavallo trattiene i liquidi all&#8217;interno.<br \/>\nTutti i tessuti sono certificati Oeko-Tex e sicuri per i bambini.<\/p>\n<p>I pantaloncini sono disponibili in due versioni: Pjama DryGuardians Biancheria da notte e Pjama DryGuardians Abbigliamento da notte &#8211; Boxer progettati per i casi pi\u00f9 leggeri.<br \/>\nLe taglie vanno dalla lunghezza del corpo di 98 cm a 164 cm.<br \/>\nPer le misure esatte e i dettagli sull&#8217;assorbimento, vedere il nostro sito web<br \/>\n<a href=\"https:\/\/pjama.eu\/it\/guida-alle-dimensioni\/\">Guida alle taglie<\/a>.<\/p>\n<p>Anche i Pjama DryGuardians Biancheria Intima &#8211; Boxer sono realizzati con tessuti certificati Oeko-Tex, sicuri e delicati sulla pelle.<br \/>\nTutti gli indumenti Mix Kit sono dotati di fili sensore integrati per un&#8217;area di rilevamento pi\u00f9 ampia, che garantisce un rilevamento affidabile indipendentemente dalla posizione in cui si dorme.<br \/>\nQuesto \u00e8 particolarmente utile per i ragazzi, in cui il flusso di urina varia, e altrettanto affidabile per le ragazze.<\/p>\n<h4>Utilizzo<\/h4>\n<p>I sensori incorporati intorno al cavallo rilevano rapidamente l&#8217;urina.<br \/>\nInserire il sensore nella cintura e avviare l&#8217;allarme. Posizionare l&#8217;unit\u00e0 di allarme vicino al letto.<br \/>\nQuando si verifica l&#8217;Allarme pip\u00ec a letto, l&#8217;allarme si attiva immediatamente.<br \/>\nIl bambino pu\u00f2 interromperlo premendo il pulsante ON\/OFF, quindi andare in bagno e indossare pantaloncini o boxer asciutti. <\/p>\n<p>Per collegare l&#8217;allarme allo smartphone, scaricare l&#8217;App DryGuardians.<\/p>\n<h4>Cura del sensore<\/h4>\n<p><span style=\"font-weight: 400;\">Per ottenere prestazioni ottimali, rimuovere sempre il sensore e asciugarlo dopo l&#8217;uso.<\/span><span style=\"font-weight: 400;\"><br \/>\n<\/span><span style=\"font-weight: 400;\">Evitare di lasciarlo attaccato a un indumento bagnato, per evitare la corrosione e prolungare la durata della batteria.<\/span><\/p>\n<h4>Info<\/h4>\n<ul>\n<li>Il Pjama Alarm si collega ai pantaloncini e ai boxer tramite i bottoni in vita.<\/li>\n<li>Filettature del sensore integrate per un rilevamento rapido e affidabile.<\/li>\n<li>I pantaloncini assorbenti proteggono il letto.<\/li>\n<li>Vestibilit\u00e0 comoda e discreta.<\/li>\n<li>Lavabile a 60\u00b0C e asciugabile in asciugatrice.<\/li>\n<li>Dimensioni: Bambini.<\/li>\n<li>Colori: Grigio e blu.<\/li>\n<li>Ricarica USB (adattatore non incluso).<\/li>\n<li>Il manuale dell&#8217;allarme \u00e8 disponibile sul nostro <a href=\"https:\/\/pjama.eu\/it\/manuali-dei-prodotti\/\">sito web<\/a>.<\/li>\n<li>Per saperne di pi\u00f9 sulla pip\u00ec a letto nei bambini <a href=\"https:\/\/pjama.eu\/it\/che-cose-lenuresi\/\">, cliccate qui<\/a>.<\/li>\n<\/ul>\n<h4>Per un&#8217;esperienza ottimale<\/h4>\n<ul>\n<li>Assicurarsi che la taglia sia corretta per una vestibilit\u00e0 aderente ma confortevole (vedere la guida alle taglie).<\/li>\n<li>Coinvolgete il bambino e spiegategli il processo di cura.<\/li>\n<li>Personalizzazione del suono e del volume della sveglia.<\/li>\n<li>Scaricate l&#8217;App DryGuardians per una guida personalizzata.<\/li>\n<li>Collegare il sensore e tenere il diffusore entro 10 metri.<\/li>\n<li>Svegliate il bambino quando suona la sveglia e portatelo in bagno.<\/li>\n<li>Rimuovere il sensore e lavare i pantaloncini\/boxer dopo l&#8217;uso.<\/li>\n<li>Registrate i risultati nell&#8217;app per monitorare i progressi e ricevere consigli.<\/li>\n<\/ul>\n<h4>La motivazione e la pazienza sono fondamentali<\/h4>\n<p>Il successo del trattamento richiede pazienza e incoraggiamento.<br \/>\nFesteggiate i piccoli passi verso l&#8217;obiettivo di un letto asciutto senza assistenza.<br \/>\nIl rinforzo positivo mantiene i bambini motivati.<br \/>\nSe voi siete motivati come genitori, lo sar\u00e0 anche il vostro bambino!<\/p>\n<p>\u00a9 2024 Pjama.<\/p>\n","protected":false},"excerpt":{"rendered":"<h3><span data-sheets-root=\"1\">Pacchetto: Variante del kit mix per ragazzi; include pi\u00f9 componenti per una maggiore flessibilit\u00e0 &#8211; parte del metodo DryGuardians<\/span><\/h3>\n<p>Questo kit flessibile e completo consente di creare il proprio set personalizzato per un trattamento efficace dell&#8217;enuresi (pip\u00ec a letto).<\/p>\n<p><b>Selezionare il numero di prodotti tra i seguenti:<\/b><\/p>\n<ul>\n<li>Pjama DryGuardians Set Allarme per enuresi notturna(1)<\/li>\n<li>Pjama DryGuardians Abbigliamento da notte &#8211; Pantaloncini<\/li>\n<li>Pjama DryGuardians Biancheria Intima &#8211; Boxer<\/li>\n<li>App DryGuardians (gratuita su<br \/>\n<a href=\"https:\/\/play.google.com\/store\/apps\/details?id=com.pjama&amp;hl=it&amp;gl=IT\">Google Play<\/a> o<br \/>\n<a href=\"https:\/\/apps.apple.com\/it\/app\/dryguardians\/id1498084664\">App Store<\/a>)<\/li>\n<\/ul>\n<p>I morbidi pantaloncini con sensore incorporato mantengono il letto asciutto e consentono un rapido rilevamento dell&#8217;urina &#8211; perfetti sia a casa che in viaggio.<br \/>\nI boxer per enuresi di Pjama rilevano in modo rapido ed efficace quando il bambino fa la pip\u00ec a letto.<\/p>\n<p>L&#8217;App DryGuardians analizza i dati, offre consigli di esperti e consente di monitorare i progressi.<\/p>\n<p><em>Vi aiutiamo ad eliminare la pip\u00ec a letto!<\/em><\/p>\n","protected":false},"featured_media":31256,"template":"","meta":{"_et_pb_use_builder":"","_et_pb_old_content":"","_et_gb_content_width":""},"product_brand":[],"product_cat":[351,328,352,350],"product_tag":[],"class_list":{"0":"post-28770","1":"product","2":"type-product","3":"status-publish","4":"has-post-thumbnail","6":"product_cat-allarme-pipi-a-letto","7":"product_cat-bambini","8":"product_cat-pjamadryguardians_2025","9":"product_cat-trattamento-pjama","10":"product_shipping_class-ue","11":"pa_size-eta-10-12-anni","12":"pa_size-eta-5-6-anni","13":"pa_size-eta-6-8-anni","14":"pa_size-eta-8-10-anni","15":"pa_size-piccolo","17":"first","18":"instock","19":"taxable","20":"shipping-taxable","21":"purchasable","22":"product-type-composite"},"composite_virtual":false,"composite_layout":"single","composite_add_to_cart_form_location":"default","composite_editable_in_cart":false,"composite_sold_individually_context":"product","composite_shop_price_calc":"min_max","composite_components":[{"id":"1743164570","title":"Allarme pip\u00ec a letto con il Pjama","description":"<p>Allarme pip\u00ec a letto con altoparlante e sensore.<\/p>\n","query_type":"product_ids","query_ids":[24644],"default_option_id":24644,"thumbnail_id":6376,"thumbnail_src":"https:\/\/pjama.eu\/wp-content\/uploads\/Pjama-alarm-600x400-1-300x300-1.jpeg","quantity_min":1,"quantity_max":1,"priced_individually":true,"shipped_individually":false,"optional":false,"discount":"","options_style":"dropdowns","pagination_style":"classic","display_prices":"absolute","show_sorting_options":false,"show_filtering_options":false,"attribute_filter_ids":[],"select_action":"view","product_title_visible":false,"product_descr_visible":false,"product_price_visible":true,"product_thumb_visible":true,"subtotal_visible_product":false,"subtotal_visible_cart":true,"subtotal_visible_orders":true},{"id":"1743164571","title":"Trattamento Boxer","description":"<p>Intimo Boxer per il trattamento della pip\u00ec a letto. Non assorbente. <\/p>\n","query_type":"product_ids","query_ids":[24921],"default_option_id":24921,"thumbnail_id":3726,"thumbnail_src":"https:\/\/pjama.eu\/wp-content\/uploads\/Boxer-underwear.jpg","quantity_min":2,"quantity_max":6,"priced_individually":true,"shipped_individually":false,"optional":false,"discount":"","options_style":"dropdowns","pagination_style":"classic","display_prices":"absolute","show_sorting_options":false,"show_filtering_options":false,"attribute_filter_ids":[],"select_action":"view","product_title_visible":false,"product_descr_visible":false,"product_price_visible":true,"product_thumb_visible":true,"subtotal_visible_product":false,"subtotal_visible_cart":true,"subtotal_visible_orders":true},{"id":"1743164572","title":"Pantaloncini per il trattamento","description":"<p>Pantaloncini assorbenti per il trattamento della pip\u00ec a letto. Il prodotto \u00e8 dotato di fili per sensori cuciti a cui collegare il sensore. <\/p>\n","query_type":"product_ids","query_ids":[25260],"default_option_id":25260,"thumbnail_id":4407,"thumbnail_src":"https:\/\/pjama.eu\/wp-content\/uploads\/Pjama_treatment_shorts.jpeg","quantity_min":1,"quantity_max":4,"priced_individually":true,"shipped_individually":false,"optional":false,"discount":"","options_style":"dropdowns","pagination_style":"classic","display_prices":"absolute","show_sorting_options":false,"show_filtering_options":false,"attribute_filter_ids":[],"select_action":"view","product_title_visible":false,"product_descr_visible":false,"product_price_visible":true,"product_thumb_visible":true,"subtotal_visible_product":false,"subtotal_visible_cart":true,"subtotal_visible_orders":true}],"composite_scenarios":[],"_links":{"self":[{"href":"https:\/\/pjama.eu\/it\/wp-json\/wp\/v2\/product\/28770","targetHints":{"allow":["GET"]}}],"collection":[{"href":"https:\/\/pjama.eu\/it\/wp-json\/wp\/v2\/product"}],"about":[{"href":"https:\/\/pjama.eu\/it\/wp-json\/wp\/v2\/types\/product"}],"wp:featuredmedia":[{"embeddable":true,"href":"https:\/\/pjama.eu\/it\/wp-json\/wp\/v2\/media\/31256"}],"wp:attachment":[{"href":"https:\/\/pjama.eu\/it\/wp-json\/wp\/v2\/media?parent=28770"}],"wp:term":[{"taxonomy":"product_brand","embeddable":true,"href":"https:\/\/pjama.eu\/it\/wp-json\/wp\/v2\/product_brand?post=28770"},{"taxonomy":"product_cat","embeddable":true,"href":"https:\/\/pjama.eu\/it\/wp-json\/wp\/v2\/product_cat?post=28770"},{"taxonomy":"product_tag","embeddable":true,"href":"https:\/\/pjama.eu\/it\/wp-json\/wp\/v2\/product_tag?post=28770"}],"curies":[{"name":"wp","href":"https:\/\/api.w.org\/{rel}","templated":true}]}}