{"id":23550,"date":"2020-02-17T17:55:20","date_gmt":"2020-02-17T16:55:20","guid":{"rendered":"https:\/\/pjama.eu\/o-pjamie-nasza-historia\/"},"modified":"2026-04-16T11:32:16","modified_gmt":"2026-04-16T09:32:16","slug":"moczenie-nocne-u-dzieci","status":"publish","type":"page","link":"https:\/\/pjama.eu\/pl\/moczenie-nocne-u-dzieci\/","title":{"rendered":"O Pjamie &#8211; nasza historia"},"content":{"rendered":"<p>[et_pb_section fb_built=&#8221;1&#8243; custom_padding_last_edited=&#8221;on|phone&#8221; _builder_version=&#8221;4.27.4&#8243; use_background_color_gradient=&#8221;on&#8221; background_color_gradient_stops=&#8221;gcid-5eef58f4-760a-49fb-ad33-042d93415a96 0%|rgba(0,0,0,0.2) 100%&#8221; background_color_gradient_overlays_image=&#8221;on&#8221; background_color_gradient_start=&#8221;rgba(0,0,0,0.2)&#8221; background_color_gradient_end=&#8221;rgba(0,0,0,0.2)&#8221; background_image=&#8221;https:\/\/pjama.eu\/wp-content\/uploads\/pjama-happy-kids-looking-from-above-1.jpg&#8221; custom_padding=&#8221;7%||7%||true|false&#8221; custom_padding_tablet=&#8221;60px||60px||true|false&#8221; custom_padding_phone=&#8221;40px||40px||false|false&#8221; top_divider_color=&#8221;#61a2df&#8221; top_divider_height=&#8221;500px&#8221; bottom_divider_color=&#8221;#ffffff&#8221; bottom_divider_flip=&#8221;horizontal&#8221; bottom_divider_height_tablet=&#8221;58px&#8221; bottom_divider_height_phone=&#8221;32px&#8221; bottom_divider_height_last_edited=&#8221;on|phone&#8221; da_disable_devices=&#8221;off|off|off&#8221; collapsed=&#8221;off&#8221; global_colors_info=&#8221;{%22gcid-5eef58f4-760a-49fb-ad33-042d93415a96%22:%91%22background_color_gradient_stops%22%93}&#8221; da_is_popup=&#8221;off&#8221; da_exit_intent=&#8221;off&#8221; da_has_close=&#8221;on&#8221; da_alt_close=&#8221;off&#8221; da_dark_close=&#8221;off&#8221; da_not_modal=&#8221;on&#8221; da_is_singular=&#8221;off&#8221; da_with_loader=&#8221;off&#8221; da_has_shadow=&#8221;on&#8221;][et_pb_row column_structure=&#8221;3_4,1_4&#8243; custom_padding_last_edited=&#8221;on|phone&#8221; _builder_version=&#8221;4.27.4&#8243; custom_margin=&#8221;|auto|6px|auto||&#8221; custom_padding=&#8221;0px||0px|||&#8221; custom_padding_tablet=&#8221;0px||0px|||&#8221; custom_padding_phone=&#8221;26px||0px||false|false&#8221; global_colors_info=&#8221;{}&#8221;][et_pb_column type=&#8221;3_4&#8243; _builder_version=&#8221;4.16&#8243; global_colors_info=&#8221;{}&#8221;][et_pb_text _builder_version=&#8221;4.27.4&#8243; header_font_size=&#8221;75px&#8221; header_3_text_color=&#8221;#D35917&#8243; header_3_font_size=&#8221;40px&#8221; background_layout=&#8221;dark&#8221; header_font_size_tablet=&#8221;75px&#8221; header_font_size_phone=&#8221;40px&#8221; header_font_size_last_edited=&#8221;on|phone&#8221; header_3_font_size_tablet=&#8221;40px&#8221; header_3_font_size_phone=&#8221;25px&#8221; header_3_font_size_last_edited=&#8221;on|phone&#8221; text_orientation_tablet=&#8221;&#8221; text_orientation_phone=&#8221;left&#8221; text_orientation_last_edited=&#8221;on|desktop&#8221; text_text_shadow_style=&#8221;preset1&#8243; text_text_shadow_blur_strength=&#8221;0.5em&#8221; text_text_shadow_color=&#8221;rgba(0,0,0,0.15)&#8221; global_colors_info=&#8221;{}&#8221;]<\/p>\n<h3>POMOC W MOCZENIU NOCNYM<\/h3>\n<h1 class=\"hero\">Moczenie nocne u dzieci \u2013 wspieramy pewno\u015b\u0107 siebie i aktywno\u015b\u0107<\/h1>\n<p>[\/et_pb_text][\/et_pb_column][et_pb_column type=&#8221;1_4&#8243; _builder_version=&#8221;4.16&#8243; global_colors_info=&#8221;{}&#8221;][\/et_pb_column][\/et_pb_row][\/et_pb_section][et_pb_section fb_built=&#8221;1&#8243; custom_padding_last_edited=&#8221;on|desktop&#8221; _builder_version=&#8221;4.16&#8243; custom_padding=&#8221;60px||60px||true|false&#8221; custom_padding_tablet=&#8221;20px||20px||true|false&#8221; custom_padding_phone=&#8221;&#8221; da_disable_devices=&#8221;off|off|off&#8221; collapsed=&#8221;off&#8221; global_colors_info=&#8221;{}&#8221; da_is_popup=&#8221;off&#8221; da_exit_intent=&#8221;off&#8221; da_has_close=&#8221;on&#8221; da_alt_close=&#8221;off&#8221; da_dark_close=&#8221;off&#8221; da_not_modal=&#8221;on&#8221; da_is_singular=&#8221;off&#8221; da_with_loader=&#8221;off&#8221; da_has_shadow=&#8221;on&#8221;][et_pb_row column_structure=&#8221;3_4,1_4&#8243; custom_padding_last_edited=&#8221;on|desktop&#8221; _builder_version=&#8221;4.16&#8243; background_size=&#8221;initial&#8221; background_position=&#8221;top_left&#8221; background_repeat=&#8221;repeat&#8221; custom_padding=&#8221;0px||60px|||&#8221; custom_padding_tablet=&#8221;||0px||false|false&#8221; custom_padding_phone=&#8221;&#8221; global_colors_info=&#8221;{}&#8221;][et_pb_column type=&#8221;3_4&#8243; _builder_version=&#8221;4.16&#8243; custom_padding=&#8221;|||&#8221; global_colors_info=&#8221;{}&#8221; custom_padding__hover=&#8221;|||&#8221;][et_pb_text _builder_version=&#8221;4.27.6&#8243; text_font=&#8221;&#8211;et_global_body_font|&#8211;et_global_heading_font_weight|||||||&#8221; header_2_text_color=&#8221;#D35917&#8243; hover_enabled=&#8221;0&#8243; global_colors_info=&#8221;{}&#8221; header_3_text_color=&#8221;#072130&#8243; sticky_enabled=&#8221;0&#8243;]<\/p>\n<h3>NASZA<\/h3>\n<h2>MISJA<\/h2>\n<p>Wierzymy, \u017ce ka\u017cde dziecko zas\u0142uguje na pewno\u015b\u0107 siebie, nawet je\u015bli zmaga si\u0119 z problemem, jakim jest moczenie nocne u dzieci.<br \/>\nW Pjama nasz\u0105 misj\u0105 jest pomoc dzieciom i doros\u0142ym w pe\u0142nym uczestnictwie w \u017cyciu \u2013 nocowaniu u przyjaci\u00f3\u0142, wycieczkach i codziennych rutynach \u2013 bez strachu i wstydu.<\/p>\n<p>Moczenie nocne jest bardziej powszechne, ni\u017c wi\u0119kszo\u015b\u0107 ludzi zdaje sobie z tego spraw\u0119, ale pozostaje cichym wyzwaniem dla wielu rodzin.<br \/>\nNasza praca opiera si\u0119 na empatii i zrozumieniu. Chcemy usun\u0105\u0107 pi\u0119tno, zbudowa\u0107 zaufanie i da\u0107 rodzinom praktyczne narz\u0119dzia u\u0142atwiaj\u0105ce \u017cycie.<br \/>\nZaufanie, komfort i integracja s\u0105 podstaw\u0105 wszystkiego, co robimy. <\/p>\n<p>Jeste\u015bmy dumni z tego, \u017ce pomagamy rodzinom na ca\u0142ym \u015bwiecie przej\u015b\u0107 od zmartwie\u0144 do poczucia bezpiecze\u0144stwa &#8211; jedna sucha noc na raz.[\/et_pb_text][et_pb_text _builder_version=&#8221;4.27.6&#8243; text_font=&#8221;&#8211;et_global_body_font|&#8211;et_global_heading_font_weight|||||||&#8221; header_2_text_color=&#8221;#D35917&#8243; custom_padding=&#8221;36px|||||&#8221; hover_enabled=&#8221;0&#8243; global_colors_info=&#8221;{}&#8221; header_3_text_color=&#8221;#072130&#8243; sticky_enabled=&#8221;0&#8243;]<\/p>\n<h3>NASZA<\/h3>\n<h2>HISTORIA<\/h2>\n<p>W 2010 roku Torbj\u00f6rn G\u00e4rdenfors i M\u00e5rten Bernstad postawili sobie jasny cel: pom\u00f3c rodzinom, kt\u00f3rych dotyczy moczenie nocne u dzieci, przywracaj\u0105c im swobod\u0119 i pewno\u015b\u0107 siebie.<\/p>\n<p>To, co zacz\u0119\u0142o si\u0119 jako ma\u0142y szwedzki pomys\u0142, sta\u0142o si\u0119 Pjam\u0105 &#8211; mark\u0105 po\u015bwi\u0119con\u0105 godno\u015bci i integracji.<br \/>\nIch pierwsza innowacja, ch\u0142onna bielizna nocna, pozwoli\u0142a dzieciom spa\u0107 spokojnie w domu lub poza nim, bez wstydu i ogranicze\u0144.<\/p>\n<p>Osiem lat p\u00f3\u017aniej firma rozszerzy\u0142a swoj\u0105 dzia\u0142alno\u015b\u0107. W 2018 roku Pjama zacz\u0119\u0142a bada\u0107, w jaki spos\u00f3b inteligentne tekstylia i po\u0142\u0105czona technologia mog\u0105 leczy\u0107 moczenie nocne, a nie tylko chroni\u0107 przed nim.<br \/>\nWsp\u00f3\u0142pracuj\u0105c \u015bci\u015ble ze szwedzk\u0105 s\u0142u\u017cb\u0105 zdrowia i wiod\u0105cymi specjalistami w dziedzinie moczenia nocnego, zesp\u00f3\u0142 opracowa\u0142 wizj\u0119 kompletnego, opartego na danych rozwi\u0105zania, kt\u00f3re mo\u017ce zmieni\u0107 \u017cycie. <\/p>\n<p>W 10. rocznic\u0119 powstania firmy Pjama, wizja ta sta\u0142a si\u0119 rzeczywisto\u015bci\u0105 wraz z wprowadzeniem na rynek Pjama DryGuardians &#8211; \u0142\u0105cz\u0105cej inteligentne tkaniny, czujniki i narz\u0119dzia cyfrowe, aby wspiera\u0107 rzeczywisty post\u0119p w kierunku suchych nocy.<br \/>\nObecnie Johan Bergenholtz kieruje firm\u0105 jako dyrektor generalny, nadal nap\u0119dzaj\u0105c innowacje i \u015bwiadomo\u015b\u0107 we wsp\u00f3\u0142pracy z pracownikami s\u0142u\u017cby zdrowia i partnerami na ca\u0142ym \u015bwiecie.<\/p>\n<p>Z ma\u0142ego pomys\u0142u w po\u0142udniowej Szwecji, Pjama sta\u0142a si\u0119 mi\u0119dzynarodow\u0105 firm\u0105 obs\u0142uguj\u0105c\u0105 tysi\u0105ce rodzin, klinik i opiekun\u00f3w na ca\u0142ym \u015bwiecie.<\/p>\n<p>&nbsp;[\/et_pb_text][\/et_pb_column][et_pb_column type=&#8221;1_4&#8243; _builder_version=&#8221;4.16&#8243; custom_padding=&#8221;|||&#8221; global_colors_info=&#8221;{}&#8221; custom_padding__hover=&#8221;|||&#8221;][et_pb_image src=&#8221;https:\/\/pjama.eu\/wp-content\/uploads\/speechbubble.svg&#8221; alt=&#8221;O Pjamie&#8221; title_text=&#8221;speechbubble&#8221; align=&#8221;center&#8221; align_tablet=&#8221;&#8221; align_phone=&#8221;&#8221; align_last_edited=&#8221;on|desktop&#8221; _builder_version=&#8221;4.27.4&#8243; width=&#8221;100%&#8221; width_tablet=&#8221;85%&#8221; width_phone=&#8221;70%&#8221; width_last_edited=&#8221;on|phone&#8221; module_alignment=&#8221;center&#8221; custom_margin=&#8221;50px||||false|false&#8221; custom_margin_tablet=&#8221;20px||||false|false&#8221; custom_margin_phone=&#8221;20px||||false|false&#8221; custom_margin_last_edited=&#8221;on|desktop&#8221; global_colors_info=&#8221;{}&#8221;][\/et_pb_image][\/et_pb_column][\/et_pb_row][et_pb_row column_structure=&#8221;1_3,2_3&#8243; _builder_version=&#8221;4.22.1&#8243; background_size=&#8221;initial&#8221; background_position=&#8221;top_left&#8221; background_repeat=&#8221;repeat&#8221; custom_margin=&#8221;||40px||false|false&#8221; custom_padding=&#8221;||30px||false|false&#8221; global_colors_info=&#8221;{}&#8221;][et_pb_column type=&#8221;1_3&#8243; _builder_version=&#8221;4.16&#8243; custom_padding=&#8221;|||&#8221; global_colors_info=&#8221;{}&#8221; custom_padding__hover=&#8221;|||&#8221;][et_pb_image src=&#8221;https:\/\/pjama.eu\/wp-content\/uploads\/favicon.png&#8221; alt=&#8221;O Pjamie&#8221; title_text=&#8221;favicon&#8221; show_bottom_space=&#8221;off&#8221; _builder_version=&#8221;4.27.4&#8243; width_tablet=&#8221;&#8221; width_phone=&#8221;100%&#8221; width_last_edited=&#8221;on|phone&#8221; max_width_tablet=&#8221;&#8221; max_width_phone=&#8221;&#8221; max_width_last_edited=&#8221;on|phone&#8221; module_alignment=&#8221;center&#8221; height_tablet=&#8221;&#8221; height_phone=&#8221;1000px&#8221; height_last_edited=&#8221;on|phone&#8221; max_height_tablet=&#8221;&#8221; max_height_phone=&#8221;202px&#8221; max_height_last_edited=&#8221;on|phone&#8221; global_colors_info=&#8221;{}&#8221;][\/et_pb_image][\/et_pb_column][et_pb_column type=&#8221;2_3&#8243; _builder_version=&#8221;4.16&#8243; custom_padding=&#8221;|||&#8221; global_colors_info=&#8221;{}&#8221; custom_padding__hover=&#8221;|||&#8221;][et_pb_text _builder_version=&#8221;4.27.6&#8243; text_font=&#8221;&#8211;et_global_body_font|&#8211;et_global_heading_font_weight|||||||&#8221; header_2_text_color=&#8221;gcid-5eef58f4-760a-49fb-ad33-042d93415a96&#8243; custom_padding=&#8221;||0px||false|false&#8221; hover_enabled=&#8221;0&#8243; global_colors_info=&#8221;{%22gcid-5eef58f4-760a-49fb-ad33-042d93415a96%22:%91%22header_2_text_color%22%93}&#8221; sticky_enabled=&#8221;0&#8243;]<\/p>\n<h2>ROZWI\u0104ZANIA NA MOCZENIE NOCNE U DZIECI<\/h2>\n<p>Oferujemy wysokiej jako\u015bci <a href=\"https:\/\/pjama.eu\/pl\/spodnie-na-moczenie-nocne\/\">ochronn\u0105 odzie\u017c<\/a> do spania (Pjama Protect Sleepwear) dla dziewczynek, ch\u0142opc\u00f3w, kobiet i m\u0119\u017cczyzn. Tworzymy inteligentne rozwi\u0105zania w zakresie leczenia przy u\u017cyciu <a href=\"https:\/\/pjama.eu\/pl\/alarm-na-moczenie-nocne-spodnie\/\">bielizny nocnej Pjama DryGuardians<\/a>, <a href=\"https:\/\/pjama.eu\/pl\/bezprzewodowy-alarm-na-moczenie-nocne\/\">alarm\u00f3w<\/a> i aplikacji <a href=\"https:\/\/pjama.eu\/pl\/aplikacja-do-leczenia-moczenia-nocnego\/\">DryGuardians<\/a>. <\/p>\n<p>W aplikacji u\u017cytkownicy mog\u0105 rejestrowa\u0107 nocne wyniki, otrzymywa\u0107 spersonalizowane informacje zwrotne i \u015bledzi\u0107 swoje post\u0119py w czasie.<br \/>Dla pracownik\u00f3w s\u0142u\u017cby zdrowia Pjama zapewnia dedykowany portal, na kt\u00f3rym lekarze mog\u0105 monitorowa\u0107 leczenie, dostosowywa\u0107 zalecenia i zdalnie wspiera\u0107 pacjent\u00f3w.<\/p>\n<p>Nasze produkty s\u0105 ekologiczne, mo\u017cna je pra\u0107 i s\u0105 trwa\u0142e, co zmniejsza ilo\u015b\u0107 odpad\u00f3w pochodz\u0105cych z jednorazowych alternatyw i promuje odpowiedzialn\u0105 konsumpcj\u0119.<br \/>Od 2014 r. Pjama skutecznie pomaga zwalczy\u0107 moczenie nocne u dzieci i doros\u0142ych, wspieraj\u0105c ju\u017c ponad 30 000 os\u00f3b w odzyskaniu komfortu i godno\u015bci.<\/p>\n<p>[\/et_pb_text][et_pb_text _builder_version=&#8221;4.27.6&#8243; text_font=&#8221;&#8211;et_global_body_font|&#8211;et_global_heading_font_weight|||||||&#8221; header_2_text_color=&#8221;gcid-5eef58f4-760a-49fb-ad33-042d93415a96&#8243; custom_padding=&#8221;||0px||false|false&#8221; hover_enabled=&#8221;0&#8243; global_colors_info=&#8221;{%22gcid-5eef58f4-760a-49fb-ad33-042d93415a96%22:%91%22header_2_text_color%22%93}&#8221; sticky_enabled=&#8221;0&#8243;]<\/p>\n<h2>DLACZEGO NASZE METODY LECZENIA MOCZENIA NOCNEGO S\u0104 SKUTECZNE<\/h2>\n<p>Dostarczamy kompletne rozwi\u0105zanie &#8211; nie tylko produkt, ale tak\u017ce wsparcie, opiek\u0119 i wskaz\u00f3wki od pocz\u0105tku do ko\u0144ca.<br \/>Nasze projekty s\u0105 dyskretne, wygodne i skuteczne &#8211; stworzone, aby czu\u0107 si\u0119 jak normalna, wysokiej jako\u015bci bielizna nocna, jednocze\u015bnie chroni\u0105c \u0142\u00f3\u017cko.<\/p>\n<p>Ka\u017cdy tworzony przez nas produkt \u0142\u0105czy w sobie do\u015bwiadczenie u\u017cytkownika, wiedz\u0119 medyczn\u0105 i zaawansowan\u0105 technologi\u0119. S\u0142uchamy rodzin, \u015bci\u015ble wsp\u00f3\u0142pracujemy z ekspertami w dziedzinie opieki zdrowotnej i rygorystycznie testujemy nasze rozwi\u0105zania, aby zapewni\u0107 trwa\u0142e bezpiecze\u0144stwo i niezawodne dzia\u0142anie. <\/p>\n<p>Asortyment Pjama zaspokaja wszystkie potrzeby &#8211; od ochrony i leczenia po praktyczne akcesoria, kt\u00f3re upraszczaj\u0105 i wspieraj\u0105 codzienne czynno\u015bci.<br \/>Nasza misja wykracza poza suche noce \u2013 d\u0105\u017cymy do tego, aby moczenie nocne u dzieci przesta\u0142o by\u0107 barier\u0105 dla ich niezale\u017cno\u015bci i integracji z r\u00f3wie\u015bnikami.<\/p>\n<p>W miar\u0119 jak si\u0119 rozwijamy, nasz cel pozostaje ten sam: pomaga\u0107 ludziom na ca\u0142ym \u015bwiecie \u017cy\u0107 pe\u0142ni\u0105 \u017cycia &#8211; bez ogranicze\u0144, bez wstydu i bez zak\u0142\u00f3ce\u0144.<\/p>\n<p>[\/et_pb_text][\/et_pb_column][\/et_pb_row][\/et_pb_section]<\/p>\n","protected":false},"excerpt":{"rendered":"<p>POMOC W MOCZENIU NOCNYM Moczenie nocne u dzieci \u2013 wspieramy pewno\u015b\u0107 siebie i aktywno\u015b\u0107NASZA MISJA Wierzymy, \u017ce ka\u017cde dziecko zas\u0142uguje na pewno\u015b\u0107 siebie, nawet je\u015bli zmaga si\u0119 z problemem, jakim jest moczenie nocne u dzieci. W Pjama nasz\u0105 misj\u0105 jest pomoc dzieciom i doros\u0142ym w pe\u0142nym uczestnictwie w \u017cyciu \u2013 nocowaniu u przyjaci\u00f3\u0142, wycieczkach i [&hellip;]<\/p>\n","protected":false},"author":1,"featured_media":28101,"parent":0,"menu_order":0,"comment_status":"closed","ping_status":"closed","template":"","meta":{"_et_pb_use_builder":"on","_et_pb_old_content":"<!-- wp:paragraph -->\r\n<p>This is an example page. It's different from a blog post because it will stay in one place and will show up in your site navigation (in most themes). Most people start with an About page that introduces them to potential site visitors. It might say something like this:<\/p>\r\n<!-- \/wp:paragraph --><!-- wp:quote -->\r\n<blockquote class=\"wp-block-quote\">\r\n<p>Hi there! I'm a bike messenger by day, aspiring actor by night, and this is my website. I live in Los Angeles, have a great dog named Jack, and I like pi\u00f1a coladas. (And gettin' caught in the rain.)<\/p>\r\n<\/blockquote>\r\n<!-- \/wp:quote --><!-- wp:paragraph -->\r\n<p>...or something like this:<\/p>\r\n<!-- \/wp:paragraph --><!-- wp:quote -->\r\n<blockquote class=\"wp-block-quote\">\r\n<p>The XYZ Doohickey Company was founded in 1971, and has been providing quality doohickeys to the public ever since. Located in Gotham City, XYZ employs over 2,000 people and does all kinds of awesome things for the Gotham community.<\/p>\r\n<\/blockquote>\r\n<!-- \/wp:quote --><!-- wp:paragraph -->\r\n<p>As a new WordPress user, you should go to <a href=\"https:\/\/pjama.eu\/wp-admin\/\">your dashboard<\/a> to delete this page and create new pages for your content. Have fun!<\/p>\r\n<!-- \/wp:paragraph -->","_et_gb_content_width":"","footnotes":""},"class_list":["post-23550","page","type-page","status-publish","has-post-thumbnail","hentry"],"_links":{"self":[{"href":"https:\/\/pjama.eu\/pl\/wp-json\/wp\/v2\/pages\/23550","targetHints":{"allow":["GET"]}}],"collection":[{"href":"https:\/\/pjama.eu\/pl\/wp-json\/wp\/v2\/pages"}],"about":[{"href":"https:\/\/pjama.eu\/pl\/wp-json\/wp\/v2\/types\/page"}],"author":[{"embeddable":true,"href":"https:\/\/pjama.eu\/pl\/wp-json\/wp\/v2\/users\/1"}],"replies":[{"embeddable":true,"href":"https:\/\/pjama.eu\/pl\/wp-json\/wp\/v2\/comments?post=23550"}],"version-history":[{"count":14,"href":"https:\/\/pjama.eu\/pl\/wp-json\/wp\/v2\/pages\/23550\/revisions"}],"predecessor-version":[{"id":36246,"href":"https:\/\/pjama.eu\/pl\/wp-json\/wp\/v2\/pages\/23550\/revisions\/36246"}],"wp:featuredmedia":[{"embeddable":true,"href":"https:\/\/pjama.eu\/pl\/wp-json\/wp\/v2\/media\/28101"}],"wp:attachment":[{"href":"https:\/\/pjama.eu\/pl\/wp-json\/wp\/v2\/media?parent=23550"}],"curies":[{"name":"wp","href":"https:\/\/api.w.org\/{rel}","templated":true}]}}