{"id":23561,"date":"2020-03-17T10:42:30","date_gmt":"2020-03-17T09:42:30","guid":{"rendered":"https:\/\/pjama.eu\/jak-prac-i-suszyc-pjame\/"},"modified":"2026-04-16T11:26:33","modified_gmt":"2026-04-16T09:26:33","slug":"jak-prac-pjame","status":"publish","type":"page","link":"https:\/\/pjama.eu\/pl\/jak-prac-pjame\/","title":{"rendered":"Jak pra\u0107 Pjam\u0119?"},"content":{"rendered":"<p>[et_pb_section fb_built=&#8221;1&#8243; custom_padding_last_edited=&#8221;on|desktop&#8221; _builder_version=&#8221;4.27.4&#8243; background_color=&#8221;gcid-5eef58f4-760a-49fb-ad33-042d93415a96&#8243; height_tablet=&#8221;&#8221; height_phone=&#8221;auto&#8221; height_last_edited=&#8221;on|phone&#8221; custom_padding=&#8221;6%||6%||true|false&#8221; custom_padding_tablet=&#8221;&#8221; custom_padding_phone=&#8221;10%||7%||false|false&#8221; top_divider_arrangement_tablet=&#8221;&#8221; top_divider_arrangement_phone=&#8221;&#8221; top_divider_arrangement_last_edited=&#8221;on|phone&#8221; bottom_divider_style=&#8221;asymmetric&#8221; bottom_divider_color=&#8221;#ffffff&#8221; bottom_divider_height=&#8221;66px&#8221; bottom_divider_flip=&#8221;horizontal&#8221; bottom_divider_height_tablet=&#8221;55px&#8221; bottom_divider_height_phone=&#8221;33px&#8221; bottom_divider_height_last_edited=&#8221;on|phone&#8221; da_disable_devices=&#8221;off|off|off&#8221; collapsed=&#8221;off&#8221; global_colors_info=&#8221;{%22gcid-5eef58f4-760a-49fb-ad33-042d93415a96%22:%91%22background_color%22%93}&#8221; da_is_popup=&#8221;off&#8221; da_exit_intent=&#8221;off&#8221; da_has_close=&#8221;on&#8221; da_alt_close=&#8221;off&#8221; da_dark_close=&#8221;off&#8221; da_not_modal=&#8221;on&#8221; da_is_singular=&#8221;off&#8221; da_with_loader=&#8221;off&#8221; da_has_shadow=&#8221;on&#8221;][et_pb_row _builder_version=&#8221;4.27.4&#8243; _module_preset=&#8221;default&#8221; global_colors_info=&#8221;{}&#8221;][et_pb_column type=&#8221;4_4&#8243; _builder_version=&#8221;4.27.4&#8243; _module_preset=&#8221;default&#8221; global_colors_info=&#8221;{}&#8221;][et_pb_heading title=&#8221;Jak pra\u0107 Pjam\u0119? Poradnik piel\u0119gnacji&#8221; _builder_version=&#8221;4.27.4&#8243; _module_preset=&#8221;default&#8221; title_text_color=&#8221;#D35917&#8243; title_font_size=&#8221;40px&#8221; title_font_size_tablet=&#8221;40px&#8221; title_font_size_phone=&#8221;25px&#8221; title_font_size_last_edited=&#8221;on|phone&#8221; global_colors_info=&#8221;{}&#8221;][\/et_pb_heading][et_pb_heading title=&#8221;Instrukcja: Jak pra\u0107 Pjam\u0119 i jak j\u0105 suszy\u0107?&#8221; _builder_version=&#8221;4.27.4&#8243; _module_preset=&#8221;default&#8221; title_text_color=&#8221;#F8F8F8&#8243; title_font_size=&#8221;75px&#8221; title_font_size_tablet=&#8221;75px&#8221; title_font_size_phone=&#8221;40px&#8221; title_font_size_last_edited=&#8221;on|phone&#8221; global_colors_info=&#8221;{}&#8221;][\/et_pb_heading][\/et_pb_column][\/et_pb_row][\/et_pb_section][et_pb_section fb_built=&#8221;1&#8243; admin_label=&#8221;Sektion&#8221; _builder_version=&#8221;4.16&#8243; background_color=&#8221;#ffffff&#8221; custom_margin_tablet=&#8221;-60px||||false|false&#8221; custom_margin_last_edited=&#8221;off|desktop&#8221; custom_padding=&#8221;50px|||||&#8221; da_disable_devices=&#8221;off|off|off&#8221; collapsed=&#8221;off&#8221; global_colors_info=&#8221;{}&#8221; da_is_popup=&#8221;off&#8221; da_exit_intent=&#8221;off&#8221; da_has_close=&#8221;on&#8221; da_alt_close=&#8221;off&#8221; da_dark_close=&#8221;off&#8221; da_not_modal=&#8221;on&#8221; da_is_singular=&#8221;off&#8221; da_with_loader=&#8221;off&#8221; da_has_shadow=&#8221;on&#8221;][et_pb_row column_structure=&#8221;2_3,1_3&#8243; custom_padding_last_edited=&#8221;on|desktop&#8221; _builder_version=&#8221;4.16&#8243; background_size=&#8221;initial&#8221; background_position=&#8221;top_left&#8221; background_repeat=&#8221;repeat&#8221; custom_padding=&#8221;0px||60px|||&#8221; custom_padding_tablet=&#8221;||0px||false|false&#8221; custom_padding_phone=&#8221;&#8221; global_colors_info=&#8221;{}&#8221;][et_pb_column type=&#8221;2_3&#8243; _builder_version=&#8221;4.16&#8243; custom_padding=&#8221;|||&#8221; global_colors_info=&#8221;{}&#8221; custom_padding__hover=&#8221;|||&#8221;][et_pb_heading title=&#8221;Jak pra\u0107 spodnie i szorty Pjama?&#8221; _builder_version=&#8221;4.27.4&#8243; _module_preset=&#8221;default&#8221; title_level=&#8221;h3&#8243; title_text_color=&#8221;gcid-5eef58f4-760a-49fb-ad33-042d93415a96&#8243; global_colors_info=&#8221;{%22gcid-5eef58f4-760a-49fb-ad33-042d93415a96%22:%91%22title_text_color%22%93}&#8221;][\/et_pb_heading][et_pb_heading title=&#8221;\u0141atwe pranie i wysoka trwa\u0142o\u015b\u0107 produkt\u00f3w Pjama&#8221; _builder_version=&#8221;4.27.4&#8243; _module_preset=&#8221;default&#8221; title_level=&#8221;h2&#8243; title_text_color=&#8221;#D35917&#8243; global_colors_info=&#8221;{}&#8221;][\/et_pb_heading][et_pb_text _builder_version=&#8221;4.27.6&#8243; header_2_text_color=&#8221;#61a2df&#8221; header_3_text_color=&#8221;gcid-5eef58f4-760a-49fb-ad33-042d93415a96&#8243; hover_enabled=&#8221;0&#8243; ul_font_size_tablet=&#8221;&#8221; ul_font_size_phone=&#8221;17px&#8221; ul_font_size_last_edited=&#8221;on|phone&#8221; global_colors_info=&#8221;{%22gcid-5eef58f4-760a-49fb-ad33-042d93415a96%22:%91%22header_3_text_color%22%93}&#8221; text_font=&#8221;&#8211;et_global_body_font|&#8211;et_global_heading_font_weight|||||||&#8221; sticky_enabled=&#8221;0&#8243;]<\/p>\n<h3>Jak pra\u0107 Pjam\u0119? Instrukcja krok po kroku<\/h3>\n<p>Produkty Pjama mo\u017cna pra\u0107, nadaj\u0105 si\u0119 do wielokrotnego u\u017cytku i s\u0105 trwa\u0142e &#8211; ale odrobina troski mo\u017ce wiele zdzia\u0142a\u0107.<br data-start=\"254\" data-end=\"257\">Aby zachowa\u0107 funkcjonalno\u015b\u0107 odzie\u017cy, zak\u0142adaj j\u0105 tu\u017c przed snem. Dowiedz si\u0119, jak pra\u0107 Pjam\u0119 prawid\u0142owo, aby s\u0142u\u017cy\u0142a przez lata:  <\/p>\n<ul>\n<li>Przed myciem nale\u017cy wyj\u0105\u0107 czujnik.<\/li>\n<li>Pid\u017cam\u0119 nale\u017cy pra\u0107 w podobnych kolorach, aby unikn\u0105\u0107 odbarwie\u0144.<\/li>\n<li>Trzymaj ostre przedmioty, takie jak zamki b\u0142yskawiczne lub metalowe cz\u0119\u015bci, z dala od prania.<\/li>\n<li>Przed praniem nale\u017cy wywr\u00f3ci\u0107 odzie\u017c na lew\u0105 stron\u0119.<\/li>\n<li>P\u0142uka\u0107 w maksymalnej temperaturze 60\u00b0C.<\/li>\n<li>Zako\u0144czy\u0107 wysokim cyklem wirowania i suszenia.<\/li>\n<li>Suszy\u0107 w temperaturze pokojowej lub na zewn\u0105trz; w przypadku suszenia w suszarce b\u0119bnowej nie przekracza\u0107 temperatury 60\u00b0C.<\/li>\n<\/ul>\n<p><strong>Nale\u017cy ich unika\u0107:<\/strong><\/p>\n<ul>\n<li>Pranie chemiczne &#8211; chemikalia mog\u0105 uszkodzi\u0107 zar\u00f3wno tkanin\u0119, jak i czujniki.<\/li>\n<li>Zmi\u0119kczacze tkanin &#8211; zmniejszaj\u0105 ch\u0142onno\u015b\u0107 i mog\u0105 uszkodzi\u0107 dzia\u0142anie czujnika.<\/li>\n<li>\u015arodki wybielaj\u0105ce &#8211; mog\u0105 uszkodzi\u0107 w\u0142a\u015bciwo\u015bci zatrzymywania wody przez tkanin\u0119.<\/li>\n<li>Prasowanie &#8211; wysoka temperatura mo\u017ce uszkodzi\u0107 tkanin\u0119 lub nici czujnika.<\/li>\n<\/ul>\n<p>Ze wzgl\u0119du na ch\u0142onne materia\u0142y Pjama suszenie mo\u017ce trwa\u0107 d\u0142u\u017cej ni\u017c zwykle. Cykl wysokiego wirowania i suszenie od wewn\u0105trz na zewn\u0105trz pomagaj\u0105 skr\u00f3ci\u0107 czas suszenia. <\/p>\n<p><a href=\"https:\/\/pjama.eu\/pl\/spodnie-na-moczenie-nocne\/\">Technologia materia\u0142u Pjamaiki<\/a> materia\u0142u Pjama powoduj\u0105, \u017ce czas schni\u0119cia jest d\u0142u\u017cszy ni\u017c w przypadku zwyk\u0142ych tkanin. Przestrzeganie tych instrukcji prania gwarantuje, \u017ce spodnie i szorty pozostan\u0105 w dobrym stanie i zachowaj\u0105 swoj\u0105 funkcjonalno\u015b\u0107. <\/p>\n<p>[\/et_pb_text][\/et_pb_column][et_pb_column type=&#8221;1_3&#8243; _builder_version=&#8221;4.16&#8243; custom_padding=&#8221;|||&#8221; global_colors_info=&#8221;{}&#8221; custom_padding__hover=&#8221;|||&#8221;][et_pb_image src=&#8221;https:\/\/pjama.eu\/wp-content\/uploads\/Pjama_wash-1.png&#8221; alt=&#8221;Pranie w Pjamie  &#8221; title_text=&#8221;Pjama_wash-1&#8243; _builder_version=&#8221;4.27.4&#8243; transform_scale_tablet=&#8221;&#8221; transform_scale_phone=&#8221;&#8221; transform_scale_last_edited=&#8221;on|desktop&#8221; transform_translate=&#8221;0px|-135px&#8221; transform_translate_tablet=&#8221;0px|0px&#8221; transform_translate_phone=&#8221;&#8221; transform_translate_last_edited=&#8221;on|desktop&#8221; transform_translate_linked=&#8221;off&#8221; transform_rotate_tablet=&#8221;&#8221; transform_rotate_phone=&#8221;&#8221; transform_rotate_last_edited=&#8221;on|desktop&#8221; transform_skew_tablet=&#8221;&#8221; transform_skew_phone=&#8221;&#8221; transform_skew_last_edited=&#8221;on|desktop&#8221; transform_origin_tablet=&#8221;&#8221; transform_origin_phone=&#8221;&#8221; transform_origin_last_edited=&#8221;on|desktop&#8221; transform_styles_last_edited=&#8221;on|desktop&#8221; width=&#8221;100%&#8221; width_tablet=&#8221;70%&#8221; width_phone=&#8221;60%&#8221; width_last_edited=&#8221;on|phone&#8221; module_alignment=&#8221;center&#8221; custom_margin_tablet=&#8221;||30px||false|false&#8221; custom_margin_phone=&#8221;||30px||false|false&#8221; custom_margin_last_edited=&#8221;on|desktop&#8221; transform_styles_tablet=&#8221;&#8221; transform_styles_phone=&#8221;&#8221; global_colors_info=&#8221;{}&#8221;][\/et_pb_image][\/et_pb_column][\/et_pb_row][et_pb_row column_structure=&#8221;1_4,1_4,1_4,1_4&#8243; _builder_version=&#8221;4.27.4&#8243; background_color=&#8221;gcid-5eef58f4-760a-49fb-ad33-042d93415a96&#8243; custom_margin=&#8221;||50px||false|false&#8221; border_radii=&#8221;on|6px|6px|6px|6px&#8221; global_colors_info=&#8221;{%22gcid-5eef58f4-760a-49fb-ad33-042d93415a96%22:%91%22background_color%22%93}&#8221;][et_pb_column type=&#8221;1_4&#8243; _builder_version=&#8221;4.16&#8243; global_colors_info=&#8221;{}&#8221;][et_pb_blurb title=&#8221;Maks. 60 \u00b0C&#8221; image=&#8221;https:\/\/pjama.eu\/wp-content\/uploads\/washing-machine-max60.svg&#8221; image_icon_width=&#8221;25%&#8221; _builder_version=&#8221;4.27.4&#8243; header_level=&#8221;h2&#8243; header_text_color=&#8221;#D35917&#8243; text_orientation=&#8221;center&#8221; background_layout=&#8221;dark&#8221; max_width_tablet=&#8221;&#8221; max_width_phone=&#8221;50%&#8221; max_width_last_edited=&#8221;on|phone&#8221; module_alignment=&#8221;center&#8221; image_max_width=&#8221;25%&#8221; global_colors_info=&#8221;{}&#8221;][\/et_pb_blurb][\/et_pb_column][et_pb_column type=&#8221;1_4&#8243; _builder_version=&#8221;4.16&#8243; global_colors_info=&#8221;{}&#8221;][et_pb_blurb title=&#8221;Maks. 60 \u00b0C&#8221; image=&#8221;https:\/\/pjama.eu\/wp-content\/uploads\/laundry-max60.svg&#8221; image_icon_width=&#8221;25%&#8221; _builder_version=&#8221;4.27.4&#8243; header_level=&#8221;h2&#8243; header_text_color=&#8221;#D35917&#8243; text_orientation=&#8221;center&#8221; background_layout=&#8221;dark&#8221; max_width_tablet=&#8221;&#8221; max_width_phone=&#8221;50%&#8221; max_width_last_edited=&#8221;on|phone&#8221; module_alignment=&#8221;center&#8221; image_max_width=&#8221;25%&#8221; global_colors_info=&#8221;{}&#8221;][\/et_pb_blurb][\/et_pb_column][et_pb_column type=&#8221;1_4&#8243; _builder_version=&#8221;4.16&#8243; global_colors_info=&#8221;{}&#8221;][et_pb_blurb title=&#8221;NIE PRASOWA\u0106 &#8211; Chro\u0144 czujniki&#8221; image=&#8221;https:\/\/pjama.eu\/wp-content\/uploads\/dry.svg&#8221; image_icon_width=&#8221;25%&#8221; _builder_version=&#8221;4.27.4&#8243; header_level=&#8221;h2&#8243; header_text_color=&#8221;#D35917&#8243; text_orientation=&#8221;center&#8221; background_layout=&#8221;dark&#8221; max_width_tablet=&#8221;&#8221; max_width_phone=&#8221;50%&#8221; max_width_last_edited=&#8221;on|phone&#8221; module_alignment=&#8221;center&#8221; image_max_width=&#8221;25%&#8221; global_colors_info=&#8221;{}&#8221;][\/et_pb_blurb][\/et_pb_column][et_pb_column type=&#8221;1_4&#8243; _builder_version=&#8221;4.16&#8243; global_colors_info=&#8221;{}&#8221;][et_pb_blurb title=&#8221;Jak pra\u0107 Pjam\u0119: zawsze na lewej stronie&#8221; image=&#8221;https:\/\/pjama.eu\/wp-content\/uploads\/pjama-icon-inside-out.svg&#8221; image_icon_width=&#8221;25%&#8221; _builder_version=&#8221;4.27.4&#8243; header_level=&#8221;h2&#8243; header_text_color=&#8221;#D35917&#8243; text_orientation=&#8221;center&#8221; background_layout=&#8221;dark&#8221; max_width_tablet=&#8221;&#8221; max_width_phone=&#8221;50%&#8221; max_width_last_edited=&#8221;on|phone&#8221; module_alignment=&#8221;center&#8221; image_max_width=&#8221;25%&#8221; global_colors_info=&#8221;{}&#8221;][\/et_pb_blurb][\/et_pb_column][\/et_pb_row][et_pb_row column_structure=&#8221;1_2,1_2&#8243; custom_padding_last_edited=&#8221;on|desktop&#8221; _builder_version=&#8221;4.16&#8243; background_size=&#8221;initial&#8221; background_position=&#8221;top_left&#8221; background_repeat=&#8221;repeat&#8221; custom_padding=&#8221;0px||60px|||&#8221; custom_padding_tablet=&#8221;||0px||false|false&#8221; custom_padding_phone=&#8221;&#8221; global_colors_info=&#8221;{}&#8221;][et_pb_column type=&#8221;1_2&#8243; _builder_version=&#8221;4.16&#8243; custom_padding=&#8221;|||&#8221; global_colors_info=&#8221;{}&#8221; custom_padding__hover=&#8221;|||&#8221;][et_pb_video src=&#8221;https:\/\/pjama.eu\/wp-content\/uploads\/Pjama-washing-and-drying-instructions.mp4&#8243; image_src=&#8221;https:\/\/pjama.eu\/wp-content\/uploads\/pjama_tvattrad.jpg&#8221; play_icon_color=&#8221;#F8F8F8&#8243; _builder_version=&#8221;4.27.4&#8243; border_radii=&#8221;on|10px|10px|10px|10px&#8221; global_colors_info=&#8221;{}&#8221;][\/et_pb_video][\/et_pb_column][et_pb_column type=&#8221;1_2&#8243; _builder_version=&#8221;4.16&#8243; custom_padding=&#8221;|||&#8221; global_colors_info=&#8221;{}&#8221; custom_padding__hover=&#8221;|||&#8221;][et_pb_text _builder_version=&#8221;4.27.6&#8243; header_2_text_color=&#8221;#61a2df&#8221; header_3_text_color=&#8221;gcid-5eef58f4-760a-49fb-ad33-042d93415a96&#8243; hover_enabled=&#8221;0&#8243; ul_font_size_tablet=&#8221;&#8221; ul_font_size_phone=&#8221;17px&#8221; ul_font_size_last_edited=&#8221;on|phone&#8221; global_colors_info=&#8221;{%22gcid-5eef58f4-760a-49fb-ad33-042d93415a96%22:%91%22header_3_text_color%22%93}&#8221; text_font=&#8221;&#8211;et_global_body_font|&#8211;et_global_heading_font_weight|||||||&#8221; sticky_enabled=&#8221;0&#8243;]<\/p>\n<h3><b>Jak suszy\u0107 spodnie i szorty Pjama?<\/b><span style=\"font-weight: 400;\"><br \/><\/span><\/h3>\n<p>Ubrania Pjama s\u0105 wykonane z ch\u0142onnych materia\u0142\u00f3w, kt\u00f3re naturalnie schn\u0105 d\u0142u\u017cej.<br data-start=\"384\" data-end=\"387\">Czas schni\u0119cia zale\u017cy od kilku czynnik\u00f3w, takich jak wilgotno\u015b\u0107, temperatura w pomieszczeniu i skuteczno\u015b\u0107 cyklu wirowania pralki.<\/p>\n<p data-start=\"521\" data-end=\"550\">Aby skr\u00f3ci\u0107 czas schni\u0119cia:<\/p>\n<ul>\n<li>Odwr\u00f3\u0107 odzie\u017c na lew\u0105 stron\u0119, aby wodoodporna warstwa nie zatrzymywa\u0142a wilgoci.<\/li>\n<li>Zawsze ko\u0144cz pranie wysokim cyklem wirowania &#8211; jest to jeden z najlepszych sposob\u00f3w na skr\u00f3cenie czasu suszenia.<\/li>\n<li>Suszy\u0107 wewn\u0105trz w temperaturze pokojowej lub na zewn\u0105trz.<br \/>W przypadku korzystania z suszarki b\u0119bnowej nale\u017cy upewni\u0107 si\u0119, \u017ce temperatura nie przekracza 60\u00b0C.<\/li>\n<\/ul>\n<p><strong>Wskaz\u00f3wka:<\/strong> Mocne wirowanie i suszenie inside-out sprawiaj\u0105, \u017ce Pjama jest gotowa do ponownego u\u017cycia znacznie szybciej.<\/p>\n<p>[\/et_pb_text][\/et_pb_column][\/et_pb_row][\/et_pb_section][et_pb_section fb_built=&#8221;1&#8243; _builder_version=&#8221;4.27.4&#8243; _module_preset=&#8221;default&#8221; da_disable_devices=&#8221;off|off|off&#8221; global_colors_info=&#8221;{}&#8221; da_is_popup=&#8221;off&#8221; da_exit_intent=&#8221;off&#8221; da_has_close=&#8221;on&#8221; da_alt_close=&#8221;off&#8221; da_dark_close=&#8221;off&#8221; da_not_modal=&#8221;on&#8221; da_is_singular=&#8221;off&#8221; da_with_loader=&#8221;off&#8221; da_has_shadow=&#8221;on&#8221;][et_pb_row column_structure=&#8221;3_5,2_5&#8243; _builder_version=&#8221;4.27.4&#8243; _module_preset=&#8221;default&#8221; global_colors_info=&#8221;{}&#8221;][et_pb_column type=&#8221;3_5&#8243; _builder_version=&#8221;4.27.4&#8243; _module_preset=&#8221;default&#8221; global_colors_info=&#8221;{}&#8221;][et_pb_heading title=&#8221;Jak pra\u0107 bokserki i majtki Pjama?&#8221; _builder_version=&#8221;4.27.4&#8243; _module_preset=&#8221;default&#8221; title_text_color=&#8221;#D35917&#8243; global_colors_info=&#8221;{}&#8221;][\/et_pb_heading][et_pb_heading title=&#8221;Piel\u0119gnacja bielizny Pjama i szybkie schni\u0119cie&#8221; _builder_version=&#8221;4.27.4&#8243; _module_preset=&#8221;default&#8221; title_level=&#8221;h2&#8243; title_text_color=&#8221;gcid-5eef58f4-760a-49fb-ad33-042d93415a96&#8243; global_colors_info=&#8221;{%22gcid-5eef58f4-760a-49fb-ad33-042d93415a96%22:%91%22title_text_color%22%93}&#8221;][\/et_pb_heading][et_pb_text _builder_version=&#8221;4.27.6&#8243; header_2_text_color=&#8221;#61a2df&#8221; header_3_text_color=&#8221;gcid-5eef58f4-760a-49fb-ad33-042d93415a96&#8243; hover_enabled=&#8221;0&#8243; ul_font_size_tablet=&#8221;&#8221; ul_font_size_phone=&#8221;17px&#8221; ul_font_size_last_edited=&#8221;on|phone&#8221; global_colors_info=&#8221;{%22gcid-5eef58f4-760a-49fb-ad33-042d93415a96%22:%91%22header_3_text_color%22%93}&#8221; text_font=&#8221;&#8211;et_global_body_font|&#8211;et_global_heading_font_weight|||||||&#8221; sticky_enabled=&#8221;0&#8243;]<\/p>\n<h3>Instrukcja: jak pra\u0107 Pjam\u0119 (bielizn\u0119)<\/h3>\n<p><span style=\"font-weight: 400;\">Bielizna Pjama DryGuardians <\/span>z wbudowanym czujnikiem nici, jest \u0142atwa do prania. Dowiedz si\u0119, jak pra\u0107 Pjam\u0119 z serii DryGuardians, aby wbudowane czujniki pozosta\u0142y sprawne: <\/p>\n<ul>\n<li>Przed myciem nale\u017cy wyj\u0105\u0107 czujnik.<\/li>\n<li>Pra\u0107 z odzie\u017c\u0105 w podobnym kolorze.<\/li>\n<li>Unikaj prania przedmiot\u00f3w z metalowymi cz\u0119\u015bciami.<\/li>\n<li>U\u017cywa\u0107 maksymalnej temperatury prania 60\u00b0C.<\/li>\n<li>Suszy\u0107 na powietrzu w temperaturze pokojowej lub na zewn\u0105trz.<\/li>\n<li>W przypadku korzystania z suszarki b\u0119bnowej nale\u017cy utrzymywa\u0107 temperatur\u0119 na poziomie 60\u00b0C lub ni\u017cszym.<\/li>\n<\/ul>\n<p><strong>Nie r\u00f3b tego:<\/strong><\/p>\n<ul>\n<li>Czy\u015bci\u0107 chemicznie &#8211; \u015brodki chemiczne mog\u0105 uszkodzi\u0107 nici lub tkanin\u0119.<\/li>\n<li>U\u017cywanie p\u0142yn\u00f3w do zmi\u0119kczania tkanin &#8211; mog\u0105 one wp\u0142ywa\u0107 na dzia\u0142anie czujnika.<\/li>\n<li>\u017belazko &#8211; ciep\u0142o mo\u017ce zniszczy\u0107 wbudowane gwinty czujnika.<\/li>\n<\/ul>\n<p>[\/et_pb_text][\/et_pb_column][et_pb_column type=&#8221;2_5&#8243; _builder_version=&#8221;4.27.4&#8243; _module_preset=&#8221;default&#8221; global_colors_info=&#8221;{}&#8221;][et_pb_image src=&#8221;https:\/\/pjama.eu\/wp-content\/uploads\/Pjama_boxersbriefs_bg-2.jpg&#8221; alt=&#8221;Bielizna na moczenie nocne&#8221; title_text=&#8221;Pjama_boxersbriefs_bg (2)&#8221; _builder_version=&#8221;4.27.4&#8243; _module_preset=&#8221;default&#8221; min_height=&#8221;100px&#8221; custom_margin=&#8221;|||15px|false|false&#8221; global_colors_info=&#8221;{}&#8221;][\/et_pb_image][\/et_pb_column][\/et_pb_row][et_pb_row column_structure=&#8221;1_3,1_3,1_3&#8243; _builder_version=&#8221;4.27.4&#8243; background_color=&#8221;gcid-5eef58f4-760a-49fb-ad33-042d93415a96&#8243; custom_margin=&#8221;||50px||false|false&#8221; border_radii=&#8221;on|10px|10px|10px|10px&#8221; global_colors_info=&#8221;{%22gcid-5eef58f4-760a-49fb-ad33-042d93415a96%22:%91%22background_color%22%93}&#8221;][et_pb_column type=&#8221;1_3&#8243; _builder_version=&#8221;4.16&#8243; global_colors_info=&#8221;{}&#8221;][et_pb_blurb title=&#8221;Maks. 60 \u00b0C&#8221; image=&#8221;https:\/\/pjama.eu\/wp-content\/uploads\/washing-machine-max60.svg&#8221; image_icon_width=&#8221;25%&#8221; _builder_version=&#8221;4.27.4&#8243; header_level=&#8221;h2&#8243; header_text_color=&#8221;#D35917&#8243; text_orientation=&#8221;center&#8221; background_layout=&#8221;dark&#8221; max_width_tablet=&#8221;&#8221; max_width_phone=&#8221;50%&#8221; max_width_last_edited=&#8221;on|phone&#8221; module_alignment=&#8221;center&#8221; image_max_width=&#8221;25%&#8221; global_colors_info=&#8221;{}&#8221;][\/et_pb_blurb][\/et_pb_column][et_pb_column type=&#8221;1_3&#8243; _builder_version=&#8221;4.16&#8243; global_colors_info=&#8221;{}&#8221;][et_pb_blurb title=&#8221;Maks. 60 \u00b0C&#8221; image=&#8221;https:\/\/pjama.eu\/wp-content\/uploads\/laundry-max60.svg&#8221; image_icon_width=&#8221;25%&#8221; _builder_version=&#8221;4.27.4&#8243; header_level=&#8221;h2&#8243; header_text_color=&#8221;#D35917&#8243; text_orientation=&#8221;center&#8221; background_layout=&#8221;dark&#8221; max_width_tablet=&#8221;&#8221; max_width_phone=&#8221;50%&#8221; max_width_last_edited=&#8221;on|phone&#8221; module_alignment=&#8221;center&#8221; image_max_width=&#8221;25%&#8221; global_colors_info=&#8221;{}&#8221;][\/et_pb_blurb][\/et_pb_column][et_pb_column type=&#8221;1_3&#8243; _builder_version=&#8221;4.16&#8243; global_colors_info=&#8221;{}&#8221;][et_pb_blurb title=&#8221;NIE PRASOWA\u0106 &#8211; Chro\u0144 czujniki&#8221; image=&#8221;https:\/\/pjama.eu\/wp-content\/uploads\/dry.svg&#8221; image_icon_width=&#8221;25%&#8221; _builder_version=&#8221;4.27.4&#8243; header_level=&#8221;h2&#8243; header_text_color=&#8221;#D35917&#8243; text_orientation=&#8221;center&#8221; background_layout=&#8221;dark&#8221; max_width_tablet=&#8221;&#8221; max_width_phone=&#8221;48%&#8221; max_width_last_edited=&#8221;on|phone&#8221; module_alignment=&#8221;center&#8221; image_max_width=&#8221;25%&#8221; global_colors_info=&#8221;{}&#8221;][\/et_pb_blurb][\/et_pb_column][\/et_pb_row][\/et_pb_section]<\/p>\n","protected":false},"excerpt":{"rendered":"<p>Jak pra\u0107 Pjam\u0119? Instrukcja krok po kroku Produkty Pjama mo\u017cna pra\u0107, nadaj\u0105 si\u0119 do wielokrotnego u\u017cytku i s\u0105 trwa\u0142e &#8211; ale odrobina troski mo\u017ce wiele zdzia\u0142a\u0107.Aby zachowa\u0107 funkcjonalno\u015b\u0107 odzie\u017cy, zak\u0142adaj j\u0105 tu\u017c przed snem. Dowiedz si\u0119, jak pra\u0107 Pjam\u0119 prawid\u0142owo, aby s\u0142u\u017cy\u0142a przez lata: Przed myciem nale\u017cy wyj\u0105\u0107 czujnik. Pid\u017cam\u0119 nale\u017cy pra\u0107 w podobnych kolorach, [&hellip;]<\/p>\n","protected":false},"author":1,"featured_media":19916,"parent":0,"menu_order":0,"comment_status":"closed","ping_status":"closed","template":"","meta":{"_et_pb_use_builder":"on","_et_pb_old_content":"","_et_gb_content_width":"","footnotes":""},"class_list":["post-23561","page","type-page","status-publish","has-post-thumbnail","hentry"],"_links":{"self":[{"href":"https:\/\/pjama.eu\/pl\/wp-json\/wp\/v2\/pages\/23561","targetHints":{"allow":["GET"]}}],"collection":[{"href":"https:\/\/pjama.eu\/pl\/wp-json\/wp\/v2\/pages"}],"about":[{"href":"https:\/\/pjama.eu\/pl\/wp-json\/wp\/v2\/types\/page"}],"author":[{"embeddable":true,"href":"https:\/\/pjama.eu\/pl\/wp-json\/wp\/v2\/users\/1"}],"replies":[{"embeddable":true,"href":"https:\/\/pjama.eu\/pl\/wp-json\/wp\/v2\/comments?post=23561"}],"version-history":[{"count":21,"href":"https:\/\/pjama.eu\/pl\/wp-json\/wp\/v2\/pages\/23561\/revisions"}],"predecessor-version":[{"id":36243,"href":"https:\/\/pjama.eu\/pl\/wp-json\/wp\/v2\/pages\/23561\/revisions\/36243"}],"wp:featuredmedia":[{"embeddable":true,"href":"https:\/\/pjama.eu\/pl\/wp-json\/wp\/v2\/media\/19916"}],"wp:attachment":[{"href":"https:\/\/pjama.eu\/pl\/wp-json\/wp\/v2\/media?parent=23561"}],"curies":[{"name":"wp","href":"https:\/\/api.w.org\/{rel}","templated":true}]}}