{"id":23605,"date":"2023-09-15T16:07:23","date_gmt":"2023-09-15T14:07:23","guid":{"rendered":"https:\/\/pjama.eu\/sklep-dla-doroslych-z-moczeniem-nocnym\/"},"modified":"2026-03-11T09:52:42","modified_gmt":"2026-03-11T08:52:42","slug":"sklep-dla-doroslych-z-moczeniem-nocnym","status":"publish","type":"page","link":"https:\/\/pjama.eu\/pl\/sklep-dla-doroslych-z-moczeniem-nocnym\/","title":{"rendered":"Sklep dla doros\u0142ych z moczeniem nocnym"},"content":{"rendered":"<p>[et_pb_section fb_built=&#8221;1&#8243; _builder_version=&#8221;4.27.4&#8243; _module_preset=&#8221;default&#8221; background_color=&#8221;#072130&#8243; use_background_color_gradient=&#8221;on&#8221; background_color_gradient_stops=&#8221;#072130 0%|rgba(248,248,248,0) 99%&#8221; background_color_gradient_overlays_image=&#8221;on&#8221; background_image=&#8221;https:\/\/pjama.eu\/wp-content\/uploads\/Blue_shorts_adult-1-1.jpg&#8221; da_disable_devices=&#8221;off|off|off&#8221; global_colors_info=&#8221;{}&#8221; da_is_popup=&#8221;off&#8221; da_exit_intent=&#8221;off&#8221; da_has_close=&#8221;on&#8221; da_alt_close=&#8221;off&#8221; da_dark_close=&#8221;off&#8221; da_not_modal=&#8221;on&#8221; da_is_singular=&#8221;off&#8221; da_with_loader=&#8221;off&#8221; da_has_shadow=&#8221;on&#8221;][et_pb_row column_structure=&#8221;3_5,2_5&#8243; _builder_version=&#8221;4.27.4&#8243; _module_preset=&#8221;default&#8221; global_colors_info=&#8221;{}&#8221;][et_pb_column type=&#8221;3_5&#8243; _builder_version=&#8221;4.27.4&#8243; _module_preset=&#8221;default&#8221; global_colors_info=&#8221;{}&#8221;][et_pb_heading title=&#8221;PRODUKTY NA MOCZENIE NOCNE PJAMA DLA DOROS\u0141YCH&#8221; _builder_version=&#8221;4.27.5&#8243; _module_preset=&#8221;default&#8221; title_text_color=&#8221;#F8F8F8&#8243; hover_enabled=&#8221;0&#8243; global_colors_info=&#8221;{}&#8221; sticky_enabled=&#8221;0&#8243;][\/et_pb_heading][et_pb_text _builder_version=&#8221;4.27.5&#8243; _module_preset=&#8221;default&#8221; text_text_color=&#8221;#F8F8F8&#8243; text_font_size=&#8221;15px&#8221; custom_margin=&#8221;||0px||false|false&#8221; global_colors_info=&#8221;{}&#8221;]<\/p>\n<p><span style=\"font-weight: 400;\">Komfort, dyskrecja i pewno\u015b\u0107 &#8211; dla spokojnego snu ka\u017cdej nocy.<\/span><\/p>\n<p data-start=\"412\" data-end=\"836\"><span style=\"font-weight: 400;\">Witamy na stronie <em data-start=\"431\" data-end=\"459\">produkt\u00f3w<\/em> Pjama Protect Szorty <em data-start=\"431\" data-end=\"459\">na moczenie nocne dla doros\u0142ych<\/em> &#8211; gdzie komfort spotyka si\u0119 z pewno\u015bci\u0105.<br data-start=\"493\" data-end=\"496\">Dzi\u0119ki Pjama Protect Szorty na moczenie <em data-start=\"431\" data-end=\"459\">nocne<\/em> doro\u015bli mog\u0105 spa\u0107 spokojnie, wiedz\u0105c, \u017ce maj\u0105 mi\u0119kk\u0105, oddychaj\u0105c\u0105 i ch\u0142onn\u0105 ochron\u0119, kt\u00f3ra utrzymuje \u0142\u00f3\u017cko w sucho\u015bci zar\u00f3wno w domu, jak i podczas podr\u00f3\u017cy.<br data-start=\"664\" data-end=\"667\">Odzie\u017c jest dyskretna, nie szele\u015bci i wygl\u0105da jak zwyk\u0142e spodnie na moczenie nocne lub szorty &#8211; prosta, zmywalna i zr\u00f3wnowa\u017cona alternatywa dla produkt\u00f3w jednorazowych.<\/span><\/p>\n<p><span style=\"font-weight: 400;\">Je\u015bli jeste\u015b gotowy do rozpocz\u0119cia leczenia, system Pjama DryGuardians oferuje inteligentn\u0105 i skuteczn\u0105 drog\u0119 naprz\u00f3d.<\/span><span style=\"font-weight: 400;\"><br \/><\/span><span style=\"font-weight: 400;\">Skorzystaj z alarmu na moczenie nocne <a href=\"https:\/\/pjama.eu\/pl\/aplikacja-dryguardians-bezplatna-pomoc-w-leczeniu-moczenia-nocnego\/\">DryGuardians i aplikacji DryGuardians<\/a>, aby uzyska\u0107 spersonalizowany trening prowadz\u0105cy do trwa\u0142ej sucho\u015bci.<\/span><\/p>\n<p><span style=\"font-weight: 400;\">Aby uzyska\u0107 dodatkow\u0105 ochron\u0119 podczas leczenia, mo\u017cna nosi\u0107 bielizn\u0119 pod bielizn\u0105 do spania Pjama Protect lub doda\u0107 po\u015bciel Pjama Protect dla dodatkowej ochrony.<\/span><\/p>\n<p><span style=\"font-weight: 400;\"><span data-sheets-root=\"1\">Produkty Pjama na moczenie nocne dla doros\u0142ych zapewniaj\u0105 dyskretn\u0105<\/span>ochron\u0119. Inteligentne leczenie. Przywr\u00f3cona pewno\u015b\u0107 siebie.  <\/span><\/p>\n<p>&nbsp;<\/p>\n<p>&nbsp;<\/p>\n<p>[\/et_pb_text][\/et_pb_column][et_pb_column type=&#8221;2_5&#8243; _builder_version=&#8221;4.27.4&#8243; _module_preset=&#8221;default&#8221; global_colors_info=&#8221;{}&#8221;][et_pb_video src=&#8221;https:\/\/pjama.eu\/wp-content\/uploads\/Pjama-for-bedwetters-US.mp4&#8243; image_src=&#8221;https:\/\/pjama.eu\/wp-content\/uploads\/Pjama_saengvaetning_anvaendning.jpg&#8221; _builder_version=&#8221;4.27.4&#8243; _module_preset=&#8221;default&#8221; border_width_all=&#8221;5px&#8221; border_color_all=&#8221;#F8F8F8&#8243; global_colors_info=&#8221;{}&#8221;][\/et_pb_video][\/et_pb_column][\/et_pb_row][\/et_pb_section][et_pb_section fb_built=&#8221;1&#8243; _builder_version=&#8221;4.16&#8243; background_color=&#8221;rgba(0,0,0,0)&#8221; custom_margin_tablet=&#8221;-60px||||false|false&#8221; custom_margin_last_edited=&#8221;off|desktop&#8221; custom_padding=&#8221;48px|||||&#8221; da_disable_devices=&#8221;off|off|off&#8221; collapsed=&#8221;off&#8221; global_colors_info=&#8221;{}&#8221; da_is_popup=&#8221;off&#8221; da_exit_intent=&#8221;off&#8221; da_has_close=&#8221;on&#8221; da_alt_close=&#8221;off&#8221; da_dark_close=&#8221;off&#8221; da_not_modal=&#8221;on&#8221; da_is_singular=&#8221;off&#8221; da_with_loader=&#8221;off&#8221; da_has_shadow=&#8221;on&#8221;][et_pb_row custom_padding_last_edited=&#8221;on|phone&#8221; _builder_version=&#8221;4.19.3&#8243; background_size=&#8221;initial&#8221; background_position=&#8221;top_left&#8221; background_repeat=&#8221;repeat&#8221; custom_margin=&#8221;5%||||false|false&#8221; custom_padding=&#8221;0px||60px|||&#8221; custom_padding_tablet=&#8221;||60px||false|false&#8221; custom_padding_phone=&#8221;&#8221; global_colors_info=&#8221;{}&#8221;][et_pb_column type=&#8221;4_4&#8243; _builder_version=&#8221;4.16&#8243; custom_padding=&#8221;|||&#8221; global_colors_info=&#8221;{}&#8221; custom_padding__hover=&#8221;|||&#8221;][et_pb_shop type=&#8221;product_category&#8221; include_categories=&#8221;45&#8243; icon_hover_color=&#8221;RGBA(255,255,255,0)&#8221; hover_overlay_color=&#8221;rgba(31,68,139,0.5)&#8221; _builder_version=&#8221;4.27.4&#8243; _module_preset=&#8221;default&#8221; title_text_color=&#8221;gcid-5eef58f4-760a-49fb-ad33-042d93415a96&#8243; border_radii=&#8221;on|7px|7px|7px|7px&#8221; global_colors_info=&#8221;{%22gcid-5eef58f4-760a-49fb-ad33-042d93415a96%22:%91%22title_text_color%22%93}&#8221;][\/et_pb_shop][et_pb_button button_url=&#8221;@ET-DC@eyJkeW5hbWljIjp0cnVlLCJjb250ZW50IjoicG9zdF9saW5rX3VybF9wYWdlIiwic2V0dGluZ3MiOnsicG9zdF9pZCI6IjI2MjQ2In19@&#8221; button_text=&#8221;POWR\u00d3T DO SKLEPU INTERNETOWEGO&#8221; button_alignment=&#8221;center&#8221; _builder_version=&#8221;4.27.4&#8243; _dynamic_attributes=&#8221;button_url&#8221; _module_preset=&#8221;default&#8221; custom_button=&#8221;on&#8221; button_border_radius=&#8221;7px&#8221; box_shadow_style=&#8221;preset3&#8243; box_shadow_color=&#8221;#1F448B&#8221; global_colors_info=&#8221;{}&#8221;][\/et_pb_button][\/et_pb_column][\/et_pb_row][et_pb_row _builder_version=&#8221;4.27.6&#8243; _module_preset=&#8221;default&#8221; global_colors_info=&#8221;{}&#8221;][et_pb_column type=&#8221;4_4&#8243; _builder_version=&#8221;4.27.6&#8243; _module_preset=&#8221;default&#8221; global_colors_info=&#8221;{}&#8221;][et_pb_text _builder_version=&#8221;4.27.6&#8243; _module_preset=&#8221;default&#8221; header_2_text_color=&#8221;#D35917&#8243; header_3_text_color=&#8221;#072130&#8243; global_colors_info=&#8221;{}&#8221;]<\/p>\n<h3><b>Zrozumienie moczenia nocnego u doros\u0142ych<\/b><\/h3>\n<h2><b>moczenie nocne u doros\u0142ych<\/b><\/h2>\n<p>Moczenie nocne jest cz\u0119sto kojarzone z dzieci\u0144stwem, ale moczenie nocne u doros\u0142ych jest bardziej powszechne ni\u017c wiele os\u00f3b zdaje sobie z tego spraw\u0119. Miliony doros\u0142ych w ca\u0142ej Europie do\u015bwiadczaj\u0105 nocnego wycieku z p\u0119cherza w pewnym momencie swojego \u017cycia z powodu schorze\u0144, stresu, skutk\u00f3w ubocznych lek\u00f3w, zaburze\u0144 snu lub zmian w funkcjonowaniu p\u0119cherza. <\/p>\n<p>Poniewa\u017c temat ten rzadko jest otwarcie omawiany, wielu doros\u0142ych uwa\u017ca, \u017ce musz\u0105 radzi\u0107 sobie z nim prywatnie. Na szcz\u0119\u015bcie nowoczesne produkty na moczenie nocne dla doros\u0142ych zapewniaj\u0105 dyskretne i skuteczne rozwi\u0105zania, kt\u00f3re umo\u017cliwiaj\u0105 komfortowy sen bez zak\u0142\u00f3ce\u0144. <\/p>\n<p>W Pjama nasze podej\u015bcie koncentruje si\u0119 na pewno\u015bci siebie, komforcie i d\u0142ugoterminowych rozwi\u0105zaniach. Niezale\u017cnie od tego, czy potrzebujesz niezawodnej ochrony na noc, czy jeste\u015b gotowy do rozpocz\u0119cia aktywnego leczenia, nasza gama zmywalnych produkt\u00f3w do moczenia nocnego zosta\u0142a zaprojektowana tak, aby wspiera\u0107 lepszy sen i lepsz\u0105 jako\u015b\u0107 \u017cycia. <\/p>\n<p>[\/et_pb_text][\/et_pb_column][\/et_pb_row][et_pb_row _builder_version=&#8221;4.27.6&#8243; _module_preset=&#8221;default&#8221; global_colors_info=&#8221;{}&#8221;][et_pb_column type=&#8221;4_4&#8243; _builder_version=&#8221;4.27.6&#8243; _module_preset=&#8221;default&#8221; global_colors_info=&#8221;{}&#8221;][et_pb_text _builder_version=&#8221;4.27.6&#8243; _module_preset=&#8221;default&#8221; header_2_text_color=&#8221;#D35917&#8243; header_3_text_color=&#8221;#072130&#8243; global_colors_info=&#8221;{}&#8221;]<\/p>\n<h3><b>Dlaczego warto wybra\u0107 zmywalne produkty na moczenie nocne dla doros\u0142ych?<\/b><\/h3>\n<h2><b>Niezawodna ochrona przez ca\u0142\u0105 noc<\/b><\/h2>\n<p>Wiele os\u00f3b doros\u0142ych pocz\u0105tkowo wypr\u00f3bowuje jednorazowe produkty do inkontynencji, ale alternatywne rozwi\u0105zania, kt\u00f3re mo\u017cna pra\u0107, oferuj\u0105 kilka wa\u017cnych zalet. Bielizna nocna wielokrotnego u\u017cytku na moczenie nocne zosta\u0142a zaprojektowana tak, aby wygl\u0105da\u0107 i sprawia\u0107 wra\u017cenie zwyk\u0142ej pi\u017camy, zapewniaj\u0105c jednocze\u015bnie ch\u0142onno\u015b\u0107 potrzebn\u0105 do ochrony przez ca\u0142\u0105 noc. <\/p>\n<p>W przeciwie\u0144stwie do produkt\u00f3w jednorazowych, kt\u00f3re przypominaj\u0105 pieluchy, bielizna nocna Pjama Protect oferuje dyskretne i wygodne rozwi\u0105zanie, kt\u00f3re naturalnie integruje si\u0119 z nocn\u0105 rutyn\u0105.<\/p>\n<p>[\/et_pb_text][et_pb_text _builder_version=&#8221;4.27.6&#8243; _module_preset=&#8221;default&#8221; header_2_text_color=&#8221;#D35917&#8243; header_3_text_color=&#8221;#072130&#8243; custom_padding=&#8221;5px|5px||5px|false|false&#8221; border_radii=&#8221;on|5px|5px|5px|5px&#8221; border_width_all=&#8221;2px&#8221; border_color_all=&#8221;#D35917&#8243; global_colors_info=&#8221;{}&#8221;]<\/p>\n<p><strong><b>Zmywalne a jednorazowe produkty na moczenie nocne<\/b><\/strong><\/p>\n<table>\n<tbody>\n<tr>\n<td><b>Cecha<\/b><\/td>\n<td><b>Zmywalna bielizna nocna Pjama<\/b><\/td>\n<td><b>Produkty jednorazowego u\u017cytku<\/b><\/td>\n<\/tr>\n<tr>\n<td><span style=\"font-weight: 400;\">Wygl\u0105d<\/span><\/td>\n<td><span style=\"font-weight: 400;\">Wygl\u0105daj\u0105 jak zwyk\u0142e spodnie od pi\u017camy<\/span><\/td>\n<td><span style=\"font-weight: 400;\">Ochrona w stylu pieluchy<\/span><\/td>\n<\/tr>\n<tr>\n<td><span style=\"font-weight: 400;\">Komfort<\/span><\/td>\n<td><span style=\"font-weight: 400;\">Mi\u0119kki, oddychaj\u0105cy materia\u0142<\/span><\/td>\n<td><span style=\"font-weight: 400;\">Materia\u0142y na bazie tworzyw sztucznych<\/span><\/td>\n<\/tr>\n<tr>\n<td><span style=\"font-weight: 400;\">Ha\u0142as<\/span><\/td>\n<td><span style=\"font-weight: 400;\">Cichy i bezszelestny<\/span><\/td>\n<td><span style=\"font-weight: 400;\">Mo\u017ce wydawa\u0107 d\u017awi\u0119ki marszczenia<\/span><\/td>\n<\/tr>\n<tr>\n<td><span style=\"font-weight: 400;\">Zr\u00f3wnowa\u017cony rozw\u00f3j<\/span><\/td>\n<td><span style=\"font-weight: 400;\">Mo\u017cliwo\u015b\u0107 wielokrotnego u\u017cytku do 100 pra\u0144<\/span><\/td>\n<td><span style=\"font-weight: 400;\">Odpady jednorazowego u\u017cytku<\/span><\/td>\n<\/tr>\n<tr>\n<td><span style=\"font-weight: 400;\">D\u0142ugoterminowy koszt<\/span><\/td>\n<td><span style=\"font-weight: 400;\">Op\u0142acalno\u015b\u0107 w czasie<\/span><\/td>\n<td><span style=\"font-weight: 400;\">Ci\u0105g\u0142e miesi\u0119czne zakupy<\/span><\/td>\n<\/tr>\n<tr>\n<td><span style=\"font-weight: 400;\">Zaufanie<\/span><\/td>\n<td><span style=\"font-weight: 400;\">Dyskretny i prywatny<\/span><\/td>\n<td><span style=\"font-weight: 400;\">Cz\u0119sto widoczne lub niepor\u0119czne<\/span><\/td>\n<\/tr>\n<\/tbody>\n<\/table>\n<p>[\/et_pb_text][et_pb_text _builder_version=&#8221;4.27.6&#8243; _module_preset=&#8221;default&#8221; global_colors_info=&#8221;{}&#8221;]<\/p>\n<p>Dla wielu doros\u0142ych najwi\u0119ksz\u0105 korzy\u015bci\u0105 jest dyskrecja. Poniewa\u017c produkty przeciw moczeniu nocnemu Pjama wygl\u0105daj\u0105 jak normalna bielizna nocna, pozwalaj\u0105 zachowa\u0107 prywatno\u015b\u0107 niezale\u017cnie od tego, czy \u015bpisz w domu, przebywasz z partnerem, czy podr\u00f3\u017cujesz. <\/p>\n<p>[\/et_pb_text][\/et_pb_column][\/et_pb_row][et_pb_row _builder_version=&#8221;4.27.6&#8243; _module_preset=&#8221;default&#8221; global_colors_info=&#8221;{}&#8221;][et_pb_column type=&#8221;4_4&#8243; _builder_version=&#8221;4.27.6&#8243; _module_preset=&#8221;default&#8221; global_colors_info=&#8221;{}&#8221;][et_pb_text _builder_version=&#8221;4.27.6&#8243; _module_preset=&#8221;default&#8221; header_2_text_color=&#8221;#D35917&#8243; header_3_text_color=&#8221;#072130&#8243; global_colors_info=&#8221;{}&#8221;]<\/p>\n<h3><b>Ochrona przed moczeniem nocnym w codziennym \u017cyciu<\/b><\/h3>\n<h2><b>Dyskretna ochrona podczas podr\u00f3\u017cy, partner\u00f3w i nocleg\u00f3w<\/b><\/h2>\n<p>Niezawodne produkty na moczenie nocne powinny dostosowywa\u0107 si\u0119 do reali\u00f3w \u017cycia. Doro\u015bli cz\u0119sto potrzebuj\u0105 rozwi\u0105za\u0144, kt\u00f3re sprawdzaj\u0105 si\u0119 w r\u00f3\u017cnych sytuacjach bez zwracania na siebie uwagi. <\/p>\n<p><strong>W domu<br \/><\/strong>Wielu doros\u0142ych preferuje ochron\u0119, kt\u00f3ra pozwala im spa\u0107 wygodnie bez martwienia si\u0119 o zmian\u0119 po\u015bcieli lub przeszkadzanie partnerowi. Nadaj\u0105ca si\u0119 do prania bielizna nocna zapewnia niezawodn\u0105 ch\u0142onno\u015b\u0107 przez ca\u0142\u0105 noc, zachowuj\u0105c jednocze\u015bnie komfort zwyk\u0142ej pi\u017camy. <\/p>\n<p><strong>Podr\u00f3\u017ce i noclegi<br \/><\/strong>Podr\u00f3\u017cowanie z jednorazowymi produktami mo\u017ce by\u0107 niewygodne i zauwa\u017calne. Zmywalne produkty na moczenie nocne dla doros\u0142ych stanowi\u0105 dyskretn\u0105 alternatyw\u0119, kt\u00f3ra z \u0142atwo\u015bci\u0105 mie\u015bci si\u0119 w baga\u017cu i wygl\u0105da jak standardowa bielizna nocna. <\/p>\n<p><strong>Powr\u00f3t do zdrowia lub stany tymczasowe<br \/><\/strong>Moczenie nocne mo\u017ce czasami wyst\u0119powa\u0107 podczas rekonwalescencji po operacji, chorobie lub w okresach stresu. W takich przypadkach bielizna wielokrotnego u\u017cytku zapewnia niezawodn\u0105 ochron\u0119 bez konieczno\u015bci stosowania d\u0142ugoterminowych produkt\u00f3w jednorazowych. <\/p>\n<p>[\/et_pb_text][\/et_pb_column][\/et_pb_row][et_pb_row _builder_version=&#8221;4.27.6&#8243; _module_preset=&#8221;default&#8221; global_colors_info=&#8221;{}&#8221;][et_pb_column type=&#8221;4_4&#8243; _builder_version=&#8221;4.27.6&#8243; _module_preset=&#8221;default&#8221; global_colors_info=&#8221;{}&#8221;][et_pb_text _builder_version=&#8221;4.27.6&#8243; _module_preset=&#8221;default&#8221; header_2_text_color=&#8221;#D35917&#8243; header_3_text_color=&#8221;#072130&#8243; global_colors_info=&#8221;{}&#8221;]<\/p>\n<h3><b>Kt\u00f3ry produkt na moczenie nocne dla doros\u0142ych jest dla mnie odpowiedni?<\/b><\/h3>\n<h2><b>Spodnie na moczenie nocne dla doros\u0142ych, leczenie alarmem na moczenie nocne czy jedno i drugie?<\/b><\/h2>\n<p>Wyb\u00f3r odpowiedniego rozwi\u0105zania cz\u0119sto zale\u017cy od cel\u00f3w i przyczyny moczenia nocnego. Niekt\u00f3rzy doro\u015bli chc\u0105 przede wszystkim dyskretnej ochrony na noc, podczas gdy inni szukaj\u0105 d\u0142ugoterminowych opcji leczenia. <\/p>\n<p><strong><b>Dyskretna ochrona<br \/><\/b><\/strong>Bielizna nocna Pjama Protect zosta\u0142a zaprojektowana tak, aby zapewni\u0107 sucho\u015b\u0107 w \u0142\u00f3\u017cku, jednocze\u015bnie wygl\u0105daj\u0105c i czuj\u0105c si\u0119 jak zwyk\u0142e spodnie lub szorty od pi\u017camy. Odzie\u017c ta \u0142\u0105czy w sobie warstwy ch\u0142onne, oddychaj\u0105ce tkaniny i wodoodporn\u0105 ochron\u0119, aby zapewni\u0107 niezawodn\u0105 ochron\u0119 przez ca\u0142\u0105 noc. <\/p>\n<p>S\u0105 one szczeg\u00f3lnie odpowiednie dla os\u00f3b doros\u0142ych, kt\u00f3re poszukuj\u0105 nadaj\u0105cej si\u0119 do prania alternatywy dla produkt\u00f3w jednorazowych<span style=\"font-weight: 400;\">, kt\u00f3ra pozostaje wygodna noc po nocy.<\/span><\/p>\n<p><strong><b>Dyskretna ochrona<br \/><\/b><\/strong>Doro\u015bli, kt\u00f3rzy chc\u0105 zaj\u0105\u0107 si\u0119 podstawow\u0105 przyczyn\u0105 moczenia nocnego, mog\u0105 skorzysta\u0107 z systemu Pjama DryGuardians. System ten \u0142\u0105czy w sobie alarm na moczenie nocne z pod\u0142\u0105czon\u0105 bielizn\u0105 i aplikacj\u0105 DryGuardians. <\/p>\n<p>Terapia alarmem na moczenie nocne dzia\u0142a poprzez wzmocnienie reakcji m\u00f3zgu na sygna\u0142y z p\u0119cherza podczas snu. Z czasem mo\u017ce to pom\u00f3c wytrenowa\u0107 cia\u0142o, aby budzi\u0142o si\u0119 przed wyst\u0105pieniem wypadku. <\/p>\n<p>System DryGuardians umo\u017cliwia doros\u0142ym \u015bledzenie post\u0119p\u00f3w, otrzymywanie wskaz\u00f3wek i przestrzeganie ustrukturyzowanego programu w kierunku trwa\u0142ej sucho\u015bci.<\/p>\n<p>[\/et_pb_text][\/et_pb_column][\/et_pb_row][et_pb_row _builder_version=&#8221;4.27.6&#8243; _module_preset=&#8221;default&#8221; global_colors_info=&#8221;{}&#8221;][et_pb_column type=&#8221;4_4&#8243; _builder_version=&#8221;4.27.6&#8243; _module_preset=&#8221;default&#8221; global_colors_info=&#8221;{}&#8221;][et_pb_text _builder_version=&#8221;4.27.6&#8243; _module_preset=&#8221;default&#8221; header_2_text_color=&#8221;#D35917&#8243; header_3_text_color=&#8221;#072130&#8243; global_colors_info=&#8221;{}&#8221;]<\/p>\n<h3><b>Dyskretne rozwi\u0105zania na moczenie nocne dla doros\u0142ych<\/b><\/h3>\n<h2><b>Wygodna i normalnie wygl\u0105daj\u0105ca bielizna nocna<\/b><\/h2>\n<p>Podczas poszukiwania produkt\u00f3w na moczenie nocne dla doros\u0142ych, dyskrecja i komfort s\u0105 cz\u0119sto najwa\u017cniejszymi czynnikami. Doro\u015bli chc\u0105 ochrony, kt\u00f3ra naturalnie wpasowuje si\u0119 w ich styl \u017cycia, bez poczucia, \u017ce jest ona medyczna lub restrykcyjna. <\/p>\n<p>Nadaj\u0105ca si\u0119 do prania bielizna nocna Pjama zosta\u0142a zaprojektowana z my\u015bl\u0105 o tych potrzebach. Odzie\u017c ta wykorzystuje mi\u0119kkie, oddychaj\u0105ce materia\u0142y i warstwy ch\u0142onne, aby utrzyma\u0107 \u0142\u00f3\u017cko w sucho\u015bci, zachowuj\u0105c jednocze\u015bnie wygl\u0105d i dotyk zwyk\u0142ej bielizny nocnej. Poniewa\u017c s\u0105 one wielokrotnego u\u017cytku i mo\u017cna je pra\u0107 w pralce, zapewniaj\u0105 one r\u00f3wnie\u017c zr\u00f3wnowa\u017cone i op\u0142acalne rozwi\u0105zanie w miar\u0119 up\u0142ywu czasu.  <\/p>\n<p>Dla doros\u0142ych, kt\u00f3rzy chc\u0105 dodatkowej ochrony podczas leczenia, szorty i spodnie na moczenie nocne Pjama Protect Szorty na moczenie nocne + bielizna Pjama DryGuardians mog\u0105 by\u0107 r\u00f3wnie\u017c u\u017cywane wraz z systemem alarmowym na moczenie nocne DryGuardians, tworz\u0105c po\u0142\u0105czone podej\u015bcie, kt\u00f3re oferuje zar\u00f3wno ochron\u0119, jak i post\u0119p.<\/p>\n<p>[\/et_pb_text][\/et_pb_column][\/et_pb_row][et_pb_row _builder_version=&#8221;4.27.6&#8243; _module_preset=&#8221;default&#8221; global_colors_info=&#8221;{}&#8221;][et_pb_column type=&#8221;4_4&#8243; _builder_version=&#8221;4.27.6&#8243; _module_preset=&#8221;default&#8221; global_colors_info=&#8221;{}&#8221;][et_pb_text _builder_version=&#8221;4.27.6&#8243; _module_preset=&#8221;default&#8221; header_2_text_color=&#8221;#D35917&#8243; header_3_text_color=&#8221;#072130&#8243; global_colors_info=&#8221;{}&#8221;]<\/p>\n<h3><b>Nowoczesne podej\u015bcie do leczenia moczenia nocnego u doros\u0142ych<\/b><\/h3>\n<h2><b>Dyskrecja, prywatno\u015b\u0107 i wiarygodno\u015b\u0107 medyczna<\/b><\/h2>\n<p>\u017bycie z moczeniem nocnym jako osoba doros\u0142a mo\u017ce wydawa\u0107 si\u0119 odizolowane, ale dost\u0119pne s\u0105 skuteczne rozwi\u0105zania. Dzisiejsze produkty na moczenie nocne dla doros\u0142ych \u0142\u0105cz\u0105 w sobie komfort, dyskrecj\u0119 i innowacyjne opcje leczenia lub powiadamiania, kt\u00f3re u\u0142atwiaj\u0105 odzyskanie pewno\u015bci siebie i spokojny sen. <\/p>\n<p>Niezale\u017cnie od tego, czy cierpisz na enurez\u0119 nocn\u0105 d\u0142ugoterminowo, do\u015bwiadczasz tymczasowych nocnych wypadk\u00f3w, czy rozpoczynasz program leczenia, Pjama oferuje rozwi\u0105zania zaprojektowane tak, aby wspiera\u0107 Twoj\u0105 podr\u00f3\u017c w kierunku lepszego snu.<\/p>\n<p>Dzi\u0119ki zmywalnej ochronie, inteligentnej technologii leczenia i dyskretnemu wzornictwu bielizny nocnej, produkty przeciw moczeniu nocnemu Pjama pomagaj\u0105 doros\u0142ym spa\u0107 wygodnie i pewnie ka\u017cdej nocy.<\/p>\n<p>[\/et_pb_text][\/et_pb_column][\/et_pb_row][et_pb_row _builder_version=&#8221;4.27.6&#8243; _module_preset=&#8221;default&#8221; global_colors_info=&#8221;{}&#8221;][et_pb_column type=&#8221;4_4&#8243; _builder_version=&#8221;4.27.6&#8243; _module_preset=&#8221;default&#8221; global_colors_info=&#8221;{}&#8221;][et_pb_button button_url=&#8221;@ET-DC@eyJkeW5hbWljIjp0cnVlLCJjb250ZW50IjoicG9zdF9saW5rX3VybF9wYWdlIiwic2V0dGluZ3MiOnsicG9zdF9pZCI6IjI2MjQ2In19@&#8221; button_text=&#8221;POWR\u00d3T DO SKLEPU INTERNETOWEGO&#8221; button_alignment=&#8221;center&#8221; _builder_version=&#8221;4.27.4&#8243; _dynamic_attributes=&#8221;button_url&#8221; _module_preset=&#8221;default&#8221; custom_button=&#8221;on&#8221; button_border_radius=&#8221;7px&#8221; box_shadow_style=&#8221;preset3&#8243; box_shadow_color=&#8221;#1F448B&#8221; global_colors_info=&#8221;{}&#8221;][\/et_pb_button][\/et_pb_column][\/et_pb_row][\/et_pb_section]<\/p>\n","protected":false},"excerpt":{"rendered":"<p>Spodnie na moczenie nocne, bielizna i alarmy na moczenie nocne u doros\u0142ych. U\u0142atw sobie \u017cycie dzi\u0119ki naszym produktom na moczenie nocne. <\/p>\n","protected":false},"author":33,"featured_media":28074,"parent":0,"menu_order":0,"comment_status":"closed","ping_status":"closed","template":"","meta":{"_et_pb_use_builder":"on","_et_pb_old_content":"","_et_gb_content_width":"","footnotes":""},"class_list":["post-23605","page","type-page","status-publish","has-post-thumbnail","hentry"],"_links":{"self":[{"href":"https:\/\/pjama.eu\/pl\/wp-json\/wp\/v2\/pages\/23605","targetHints":{"allow":["GET"]}}],"collection":[{"href":"https:\/\/pjama.eu\/pl\/wp-json\/wp\/v2\/pages"}],"about":[{"href":"https:\/\/pjama.eu\/pl\/wp-json\/wp\/v2\/types\/page"}],"author":[{"embeddable":true,"href":"https:\/\/pjama.eu\/pl\/wp-json\/wp\/v2\/users\/33"}],"replies":[{"embeddable":true,"href":"https:\/\/pjama.eu\/pl\/wp-json\/wp\/v2\/comments?post=23605"}],"version-history":[{"count":25,"href":"https:\/\/pjama.eu\/pl\/wp-json\/wp\/v2\/pages\/23605\/revisions"}],"predecessor-version":[{"id":32892,"href":"https:\/\/pjama.eu\/pl\/wp-json\/wp\/v2\/pages\/23605\/revisions\/32892"}],"wp:featuredmedia":[{"embeddable":true,"href":"https:\/\/pjama.eu\/pl\/wp-json\/wp\/v2\/media\/28074"}],"wp:attachment":[{"href":"https:\/\/pjama.eu\/pl\/wp-json\/wp\/v2\/media?parent=23605"}],"curies":[{"name":"wp","href":"https:\/\/api.w.org\/{rel}","templated":true}]}}