{"id":23637,"date":"2025-10-01T15:08:05","date_gmt":"2025-10-01T13:08:05","guid":{"rendered":"https:\/\/pjama.eu\/posciel-ochronna\/"},"modified":"2026-04-13T14:04:14","modified_gmt":"2026-04-13T12:04:14","slug":"posciel-ochronna","status":"publish","type":"page","link":"https:\/\/pjama.eu\/pl\/posciel-ochronna\/","title":{"rendered":"Po\u015bciel ochronna"},"content":{"rendered":"<p>[et_pb_section fb_built=&#8221;1&#8243; custom_padding_last_edited=&#8221;on|tablet&#8221; _builder_version=&#8221;4.27.4&#8243; background_color=&#8221;gcid-5eef58f4-760a-49fb-ad33-042d93415a96&#8243; custom_padding=&#8221;7%||0%||false|false&#8221; custom_padding_tablet=&#8221;||7%||false|false&#8221; custom_padding_phone=&#8221;&#8221; top_divider_height_tablet=&#8221;&#8221; top_divider_height_phone=&#8221;&#8221; top_divider_height_last_edited=&#8221;on|tablet&#8221; bottom_divider_color=&#8221;rgba(0,0,0,0)&#8221; bottom_divider_height=&#8221;154px&#8221; bottom_divider_height_tablet=&#8221;202px&#8221; bottom_divider_height_phone=&#8221;&#8221; bottom_divider_height_last_edited=&#8221;on|desktop&#8221; da_disable_devices=&#8221;off|off|off&#8221; collapsed=&#8221;on&#8221; global_colors_info=&#8221;{%22gcid-5eef58f4-760a-49fb-ad33-042d93415a96%22:%91%22background_color%22%93}&#8221; da_is_popup=&#8221;off&#8221; da_exit_intent=&#8221;off&#8221; da_has_close=&#8221;on&#8221; da_alt_close=&#8221;off&#8221; da_dark_close=&#8221;off&#8221; da_not_modal=&#8221;on&#8221; da_is_singular=&#8221;off&#8221; da_with_loader=&#8221;off&#8221; da_has_shadow=&#8221;on&#8221;][et_pb_row _builder_version=&#8221;4.22.1&#8243; custom_margin=&#8221;10px|auto|-20px|auto|false|false&#8221; custom_padding=&#8221;0px||0px||false|false&#8221; global_colors_info=&#8221;{}&#8221;][et_pb_column type=&#8221;4_4&#8243; _builder_version=&#8221;4.16&#8243; global_colors_info=&#8221;{}&#8221;][et_pb_text _builder_version=&#8221;4.27.4&#8243; header_text_color=&#8221;#D35917&#8243; header_font_size=&#8221;40px&#8221; header_3_font_size=&#8221;50px&#8221; background_layout=&#8221;dark&#8221; custom_margin=&#8221;15px||10px||false|false&#8221; custom_padding=&#8221;0px||0px||false|false&#8221; header_font_tablet=&#8221;&#8221; header_font_phone=&#8221;&#8221; header_font_last_edited=&#8221;on|phone&#8221; global_colors_info=&#8221;{}&#8221;]<\/p>\n<h1 class=\"hero\">PJAMA PROTECT<\/h1>\n<h3 class=\"hero\">Po\u015bciel ochronna<\/h3>\n<p>[\/et_pb_text][\/et_pb_column][\/et_pb_row][\/et_pb_section][et_pb_section fb_built=&#8221;1&#8243; _builder_version=&#8221;4.27.4&#8243; background_enable_color=&#8221;off&#8221; custom_margin=&#8221;0px||0px||false|false&#8221; custom_margin_tablet=&#8221;-60px||||false|false&#8221; custom_margin_last_edited=&#8221;off|desktop&#8221; custom_padding=&#8221;120px||0px||false|false&#8221; top_divider_style=&#8221;asymmetric&#8221; top_divider_color=&#8221;gcid-5eef58f4-760a-49fb-ad33-042d93415a96&#8243; top_divider_height=&#8221;150px&#8221; top_divider_height_tablet=&#8221;65px&#8221; top_divider_height_phone=&#8221;33px&#8221; top_divider_height_last_edited=&#8221;on|phone&#8221; da_disable_devices=&#8221;off|off|off&#8221; collapsed=&#8221;on&#8221; global_colors_info=&#8221;{%22gcid-5eef58f4-760a-49fb-ad33-042d93415a96%22:%91%22top_divider_color%22%93}&#8221; da_is_popup=&#8221;off&#8221; da_exit_intent=&#8221;off&#8221; da_has_close=&#8221;on&#8221; da_alt_close=&#8221;off&#8221; da_dark_close=&#8221;off&#8221; da_not_modal=&#8221;on&#8221; da_is_singular=&#8221;off&#8221; da_with_loader=&#8221;off&#8221; da_has_shadow=&#8221;on&#8221;][et_pb_row column_structure=&#8221;1_2,1_2&#8243; _builder_version=&#8221;4.27.4&#8243; _module_preset=&#8221;default&#8221; global_colors_info=&#8221;{}&#8221;][et_pb_column type=&#8221;1_2&#8243; _builder_version=&#8221;4.27.4&#8243; _module_preset=&#8221;default&#8221; global_colors_info=&#8221;{}&#8221;][et_pb_image src=&#8221;https:\/\/pjama.eu\/wp-content\/uploads\/Gosedjur-i-sang-1.jpg&#8221; alt=&#8221;Po\u015bciel Pjama&#8221; title_text=&#8221;Gosedjur-i-sang (1)&#8221; _builder_version=&#8221;4.27.4&#8243; _module_preset=&#8221;default&#8221; custom_margin_tablet=&#8221;&#8221; custom_margin_phone=&#8221;0px||||false|false&#8221; custom_margin_last_edited=&#8221;on|phone&#8221; border_radii=&#8221;on|10px|10px|10px|10px&#8221; global_colors_info=&#8221;{}&#8221;][\/et_pb_image][\/et_pb_column][et_pb_column type=&#8221;1_2&#8243; _builder_version=&#8221;4.27.4&#8243; _module_preset=&#8221;default&#8221; global_colors_info=&#8221;{}&#8221;][et_pb_text _builder_version=&#8221;4.27.6&#8243; text_font=&#8221;&#8211;et_global_body_font|&#8211;et_global_heading_font_weight|||||||&#8221; header_text_color=&#8221;gcid-5eef58f4-760a-49fb-ad33-042d93415a96&#8243; header_2_text_color=&#8221;#D35917&#8243; header_3_text_color=&#8221;gcid-5eef58f4-760a-49fb-ad33-042d93415a96&#8243; custom_padding=&#8221;|5%||5%|false|false&#8221; global_colors_info=&#8221;{%22gcid-5eef58f4-760a-49fb-ad33-042d93415a96%22:%91%22header_text_color%22,%22header_3_text_color%22%93}&#8221;]<\/p>\n<h3><strong>WYGODNE PRZE\u015aCIERAD\u0141A Z WBUDOWAN\u0104 OCHRON\u0104<\/strong><\/h3>\n<h2>OCHRONA I ARKUSZ W 1<\/h2>\n<p>Po\u015bciel Pjama Protect \u0142\u0105czy komfort i ochron\u0119 w jednym. Nasze prze\u015bcierad\u0142a i pokrowce s\u0105 mi\u0119kkie do spania, a wodoodporna bariera zapobiega przedostawaniu si\u0119 p\u0142yn\u00f3w na materac. Dyskretne, nadaj\u0105ce si\u0119 do prania i trwa\u0142e, zapewniaj\u0105 niezawodn\u0105 ochron\u0119 noc po nocy &#8211; bez dodatkowych k\u0142opot\u00f3w. Idealne dla dzieci, doros\u0142ych i rodzin, kt\u00f3re pragn\u0105 spokoju i niezak\u0142\u00f3conego snu.   <\/p>\n<p>[\/et_pb_text][et_pb_button button_url=&#8221;https:\/\/pjama.eu\/pl\/spodnie-na-moczenie-nocne\/&#8221; button_text=&#8221;KUP TUTAJ&#8221; button_alignment=&#8221;center&#8221; _builder_version=&#8221;4.27.6&#8243; _module_preset=&#8221;default&#8221; custom_button=&#8221;on&#8221; button_bg_color=&#8221;#61A2DF&#8221; button_border_color=&#8221;#F8F8F8&#8243; button_border_radius=&#8221;10px&#8221; button_font=&#8221;&#8211;et_global_body_font|700|||||||&#8221; button_text_shadow_style=&#8221;preset1&#8243; box_shadow_style=&#8221;preset2&#8243; global_colors_info=&#8221;{}&#8221;][\/et_pb_button][\/et_pb_column][\/et_pb_row][\/et_pb_section][et_pb_section fb_built=&#8221;1&#8243; custom_padding_last_edited=&#8221;on|phone&#8221; _builder_version=&#8221;4.27.4&#8243; _module_preset=&#8221;default&#8221; background_color=&#8221;#FFFFFF&#8221; custom_padding_tablet=&#8221;&#8221; custom_padding_phone=&#8221;0px||0px||false|false&#8221; da_disable_devices=&#8221;off|off|off&#8221; global_colors_info=&#8221;{}&#8221; da_is_popup=&#8221;off&#8221; da_exit_intent=&#8221;off&#8221; da_has_close=&#8221;on&#8221; da_alt_close=&#8221;off&#8221; da_dark_close=&#8221;off&#8221; da_not_modal=&#8221;on&#8221; da_is_singular=&#8221;off&#8221; da_with_loader=&#8221;off&#8221; da_has_shadow=&#8221;on&#8221;][et_pb_row custom_padding_last_edited=&#8221;on|phone&#8221; _builder_version=&#8221;4.27.4&#8243; background_color=&#8221;gcid-5eef58f4-760a-49fb-ad33-042d93415a96&#8243; custom_margin=&#8221;40px||50px||false|false&#8221; custom_margin_tablet=&#8221;&#8221; custom_margin_phone=&#8221;-58px||20px||false|false&#8221; custom_margin_last_edited=&#8221;on|phone&#8221; custom_padding=&#8221;|10px||10px|false|true&#8221; custom_padding_tablet=&#8221;&#8221; custom_padding_phone=&#8221;|6px||6px|false|true&#8221; border_radii=&#8221;on|7px|7px|7px|7px&#8221; global_colors_info=&#8221;{%22gcid-5eef58f4-760a-49fb-ad33-042d93415a96%22:%91%22background_color%22%93}&#8221;][et_pb_column type=&#8221;4_4&#8243; _builder_version=&#8221;4.16&#8243; global_colors_info=&#8221;{}&#8221;][et_pb_heading title=&#8221;Zobacz jak &#8221; _builder_version=&#8221;4.27.6&#8243; _module_preset=&#8221;default&#8221; title_level=&#8221;h3&#8243; title_text_align=&#8221;center&#8221; title_text_color=&#8221;#F8F8F8&#8243; title_font_size=&#8221;40px&#8221; title_text_shadow_style=&#8221;preset1&#8243; global_colors_info=&#8221;{}&#8221;][\/et_pb_heading][et_pb_heading title=&#8221;Prze\u015bcierad\u0142o i ochraniacz na \u0142\u00f3\u017cko Pjama Protect dzia\u0142a&#8221; _builder_version=&#8221;4.27.6&#8243; _module_preset=&#8221;default&#8221; title_text_align=&#8221;center&#8221; title_text_color=&#8221;#D35917&#8243; title_font_size=&#8221;40px&#8221; title_text_shadow_style=&#8221;preset1&#8243; global_colors_info=&#8221;{}&#8221;][\/et_pb_heading][et_pb_video src=&#8221;https:\/\/pjama.eu\/wp-content\/uploads\/Madrasskydd.mp4&#8243; image_src=&#8221;https:\/\/pjama.eu\/wp-content\/uploads\/Pjama_bedding2022-1.jpeg&#8221; thumbnail_overlay_color=&#8221;rgba(247,247,247,0.8)&#8221; _builder_version=&#8221;4.27.4&#8243; width=&#8221;70%&#8221; width_tablet=&#8221;90%&#8221; width_phone=&#8221;90%&#8221; width_last_edited=&#8221;on|desktop&#8221; module_alignment=&#8221;center&#8221; border_radii=&#8221;on|10px|10px|10px|10px&#8221; border_width_all=&#8221;4px&#8221; border_color_all=&#8221;#F8F8F8&#8243; box_shadow_style=&#8221;preset1&#8243; global_colors_info=&#8221;{}&#8221;][\/et_pb_video][et_pb_heading title=&#8221;Poniewa\u017c lepsze noce maj\u0105 znaczenie&#8221; _builder_version=&#8221;4.27.4&#8243; _module_preset=&#8221;default&#8221; title_level=&#8221;h3&#8243; title_text_align=&#8221;center&#8221; title_text_color=&#8221;#F8F8F8&#8243; global_colors_info=&#8221;{}&#8221;][\/et_pb_heading][et_pb_button button_url=&#8221;https:\/\/pjama.eu\/pl\/spodnie-na-moczenie-nocne\/&#8221; button_text=&#8221;Kup tutaj&#8221; button_alignment=&#8221;center&#8221; _builder_version=&#8221;4.27.6&#8243; custom_button=&#8221;on&#8221; button_bg_color=&#8221;#61A2DF&#8221; button_border_color=&#8221;#F8F8F8&#8243; button_border_radius=&#8221;10px&#8221; button_font=&#8221;&#8211;et_global_body_font|700|||||||&#8221; button_use_icon=&#8221;off&#8221; button_text_shadow_style=&#8221;preset1&#8243; box_shadow_style=&#8221;preset2&#8243; global_colors_info=&#8221;{}&#8221; button_bg_color__hover_enabled=&#8221;on|hover&#8221; button_bg_color__hover=&#8221;rgba(31,68,139,0.8)&#8221; button_bg_enable_color__hover=&#8221;on&#8221;][\/et_pb_button][\/et_pb_column][\/et_pb_row][\/et_pb_section][et_pb_section fb_built=&#8221;1&#8243; _builder_version=&#8221;4.27.4&#8243; _module_preset=&#8221;default&#8221; da_disable_devices=&#8221;off|off|off&#8221; global_colors_info=&#8221;{}&#8221; da_is_popup=&#8221;off&#8221; da_exit_intent=&#8221;off&#8221; da_has_close=&#8221;on&#8221; da_alt_close=&#8221;off&#8221; da_dark_close=&#8221;off&#8221; da_not_modal=&#8221;on&#8221; da_is_singular=&#8221;off&#8221; da_with_loader=&#8221;off&#8221; da_has_shadow=&#8221;on&#8221;][et_pb_row column_structure=&#8221;1_4,1_4,1_4,1_4&#8243; make_equal=&#8221;on&#8221; _builder_version=&#8221;4.27.6&#8243; _module_preset=&#8221;default&#8221; global_colors_info=&#8221;{}&#8221;][et_pb_column type=&#8221;1_4&#8243; _builder_version=&#8221;4.27.4&#8243; _module_preset=&#8221;default&#8221; global_colors_info=&#8221;{}&#8221;][et_pb_image src=&#8221;https:\/\/pjama.eu\/wp-content\/uploads\/Kvalsterskydd-Baddmadrass-e1669386409554.jpeg&#8221; title_text=&#8221;Kvalsterskydd-Ba\u0308ddmadrass-e1669386409554&#8243; align_tablet=&#8221;&#8221; align_phone=&#8221;center&#8221; align_last_edited=&#8221;on|phone&#8221; _builder_version=&#8221;4.27.4&#8243; _module_preset=&#8221;default&#8221; border_radii=&#8221;on|10px|10px|10px|10px&#8221; global_colors_info=&#8221;{}&#8221;][\/et_pb_image][et_pb_text _builder_version=&#8221;4.27.4&#8243; _module_preset=&#8221;default&#8221; header_3_text_color=&#8221;gcid-5eef58f4-760a-49fb-ad33-042d93415a96&#8243; header_3_text_align_tablet=&#8221;&#8221; header_3_text_align_phone=&#8221;left&#8221; header_3_text_align_last_edited=&#8221;on|phone&#8221; global_colors_info=&#8221;{%22gcid-5eef58f4-760a-49fb-ad33-042d93415a96%22:%91%22header_3_text_color%22%93}&#8221;]<\/p>\n<h3>Prze\u015bcierad\u0142o i ochraniacz na \u0142\u00f3\u017cko (materac)<\/h3>\n<p>[\/et_pb_text][et_pb_text _builder_version=&#8221;4.27.6&#8243; _module_preset=&#8221;default&#8221; text_font=&#8221;&#8211;et_global_body_font|&#8211;et_global_heading_font_weight|||||||&#8221; global_colors_info=&#8221;{}&#8221;]<\/p>\n<p>Mi\u0119kki, ch\u0142onny i wodoodporny w jednym. Wykonany z w\u0142\u00f3kien TENCEL\u2122, bardziej mi\u0119kkich ni\u017c jedwab, zapewnia komfortowy sen, a membrana blokuje przedostawanie si\u0119 p\u0142yn\u00f3w do materaca. <\/p>\n<p>[\/et_pb_text][\/et_pb_column][et_pb_column type=&#8221;1_4&#8243; _builder_version=&#8221;4.27.4&#8243; _module_preset=&#8221;default&#8221; global_colors_info=&#8221;{}&#8221;][et_pb_image src=&#8221;https:\/\/pjama.eu\/wp-content\/uploads\/Duvet-protector-312-scaled-e1694612711802-1-2.jpg&#8221; alt=&#8221;Ochrona po\u015bcieli&#8221; title_text=&#8221;Duvet-protector-312-scaled-e1694612711802-1-2&#8243; align_tablet=&#8221;&#8221; align_phone=&#8221;center&#8221; align_last_edited=&#8221;on|phone&#8221; _builder_version=&#8221;4.27.4&#8243; _module_preset=&#8221;default&#8221; border_radii=&#8221;on|10px|10px|10px|10px&#8221; global_colors_info=&#8221;{}&#8221;][\/et_pb_image][et_pb_text _builder_version=&#8221;4.27.4&#8243; _module_preset=&#8221;default&#8221; header_3_text_color=&#8221;gcid-5eef58f4-760a-49fb-ad33-042d93415a96&#8243; global_colors_info=&#8221;{%22gcid-5eef58f4-760a-49fb-ad33-042d93415a96%22:%91%22header_3_text_color%22%93}&#8221;]<\/p>\n<h3>Poszwa na ko\u0142dr\u0119<\/h3>\n<p>[\/et_pb_text][et_pb_text _builder_version=&#8221;4.27.6&#8243; _module_preset=&#8221;default&#8221; text_font=&#8221;&#8211;et_global_body_font|&#8211;et_global_heading_font_weight|||||||&#8221; global_colors_info=&#8221;{}&#8221;]<\/p>\n<p>Pe\u0142na ochrona ko\u0142dry z dyskretnym zamkiem b\u0142yskawicznym. Zapobiega przedostawaniu si\u0119 p\u0142yn\u00f3w, a tak\u017ce dzia\u0142a jako bariera dla roztoczy &#8211; idealna dla wra\u017cliwych os\u00f3b \u015bpi\u0105cych. <\/p>\n<p>[\/et_pb_text][\/et_pb_column][et_pb_column type=&#8221;1_4&#8243; _builder_version=&#8221;4.27.4&#8243; _module_preset=&#8221;default&#8221; global_colors_info=&#8221;{}&#8221;][et_pb_image src=&#8221;https:\/\/pjama.eu\/wp-content\/uploads\/Kvalsterskydd-Kudde-e1701444082895.jpg&#8221; alt=&#8221;OCHRONA PODUSZKI I POSZEWKI NA PODUSZK\u0118 W 1&#8243; title_text=&#8221;Kvalsterskydd Kudde&#8221; align_tablet=&#8221;&#8221; align_phone=&#8221;center&#8221; align_last_edited=&#8221;on|phone&#8221; _builder_version=&#8221;4.27.4&#8243; _module_preset=&#8221;default&#8221; border_radii=&#8221;on|10px|10px|10px|10px&#8221; global_colors_info=&#8221;{}&#8221;][\/et_pb_image][et_pb_text _builder_version=&#8221;4.27.4&#8243; _module_preset=&#8221;default&#8221; header_3_text_color=&#8221;gcid-5eef58f4-760a-49fb-ad33-042d93415a96&#8243; global_colors_info=&#8221;{%22gcid-5eef58f4-760a-49fb-ad33-042d93415a96%22:%91%22header_3_text_color%22%93}&#8221;]<\/p>\n<h3>Poszewka na poduszk\u0119<\/h3>\n<p>[\/et_pb_text][et_pb_text _builder_version=&#8221;4.27.6&#8243; _module_preset=&#8221;default&#8221; text_font=&#8221;&#8211;et_global_body_font|&#8211;et_global_heading_font_weight|||||||&#8221; global_colors_info=&#8221;{}&#8221;]<\/p>\n<p>Utrzymuje poduszki suche, \u015bwie\u017ce i bezpieczne dla alergik\u00f3w. Oddychaj\u0105ca tkanina blokuje wilgo\u0107 i roztocza, a praktyczne zapi\u0119cie na zamek b\u0142yskawiczny zapewnia pe\u0142n\u0105 ochron\u0119. W 100% wolny od chemikali\u00f3w.  <\/p>\n<p>[\/et_pb_text][\/et_pb_column][et_pb_column type=&#8221;1_4&#8243; _builder_version=&#8221;4.27.4&#8243; _module_preset=&#8221;default&#8221; global_colors_info=&#8221;{}&#8221;][et_pb_image src=&#8221;https:\/\/pjama.eu\/wp-content\/uploads\/Pjama_bedding2022-1.jpeg&#8221; alt=&#8221;Ochrona materaca i po\u015bcieli&#8221; title_text=&#8221;Ochrona materaca i po\u015bcieli&#8221; align_tablet=&#8221;&#8221; align_phone=&#8221;center&#8221; align_last_edited=&#8221;on|phone&#8221; _builder_version=&#8221;4.27.4&#8243; _module_preset=&#8221;default&#8221; border_radii=&#8221;on|10px|10px|10px|10px&#8221; global_colors_info=&#8221;{}&#8221;][\/et_pb_image][et_pb_text _builder_version=&#8221;4.27.4&#8243; _module_preset=&#8221;default&#8221; header_3_text_color=&#8221;gcid-5eef58f4-760a-49fb-ad33-042d93415a96&#8243; global_colors_info=&#8221;{%22gcid-5eef58f4-760a-49fb-ad33-042d93415a96%22:%91%22header_3_text_color%22%93}&#8221;]<\/p>\n<h3>Prze\u015bcierad\u0142o i ochraniacz na \u0142\u00f3\u017cko (materac Boxspring)<\/h3>\n<p>[\/et_pb_text][et_pb_text _builder_version=&#8221;4.27.6&#8243; _module_preset=&#8221;default&#8221; text_font=&#8221;&#8211;et_global_body_font|&#8211;et_global_heading_font_weight|||||||&#8221; global_colors_info=&#8221;{}&#8221;]<\/p>\n<p>Kompletna ochrona prze\u015bcierad\u0142a i spr\u0119\u017cyn w jednym. Naturalna, oddychaj\u0105ca tkanina wykonana z w\u0142\u00f3kien drzewnych TENCEL\u2122 \/ SMARTCEL\u2122, utrzymuj\u0105ca p\u0142yny na zewn\u0105trz, a jednocze\u015bnie mi\u0119kka i wolna od chemikali\u00f3w. <\/p>\n<p>[\/et_pb_text][\/et_pb_column][\/et_pb_row][\/et_pb_section]<\/p>\n","protected":false},"excerpt":{"rendered":"<p>PJAMA PROTECT Po\u015bciel ochronnaWYGODNE PRZE\u015aCIERAD\u0141A Z WBUDOWAN\u0104 OCHRON\u0104 OCHRONA I ARKUSZ W 1 Po\u015bciel Pjama Protect \u0142\u0105czy komfort i ochron\u0119 w jednym. Nasze prze\u015bcierad\u0142a i pokrowce s\u0105 mi\u0119kkie do spania, a wodoodporna bariera zapobiega przedostawaniu si\u0119 p\u0142yn\u00f3w na materac. Dyskretne, nadaj\u0105ce si\u0119 do prania i trwa\u0142e, zapewniaj\u0105 niezawodn\u0105 ochron\u0119 noc po nocy &#8211; bez dodatkowych [&hellip;]<\/p>\n","protected":false},"author":33,"featured_media":0,"parent":0,"menu_order":0,"comment_status":"closed","ping_status":"closed","template":"","meta":{"_et_pb_use_builder":"on","_et_pb_old_content":"","_et_gb_content_width":"","footnotes":""},"class_list":["post-23637","page","type-page","status-publish","hentry"],"_links":{"self":[{"href":"https:\/\/pjama.eu\/pl\/wp-json\/wp\/v2\/pages\/23637","targetHints":{"allow":["GET"]}}],"collection":[{"href":"https:\/\/pjama.eu\/pl\/wp-json\/wp\/v2\/pages"}],"about":[{"href":"https:\/\/pjama.eu\/pl\/wp-json\/wp\/v2\/types\/page"}],"author":[{"embeddable":true,"href":"https:\/\/pjama.eu\/pl\/wp-json\/wp\/v2\/users\/33"}],"replies":[{"embeddable":true,"href":"https:\/\/pjama.eu\/pl\/wp-json\/wp\/v2\/comments?post=23637"}],"version-history":[{"count":12,"href":"https:\/\/pjama.eu\/pl\/wp-json\/wp\/v2\/pages\/23637\/revisions"}],"predecessor-version":[{"id":36126,"href":"https:\/\/pjama.eu\/pl\/wp-json\/wp\/v2\/pages\/23637\/revisions\/36126"}],"wp:attachment":[{"href":"https:\/\/pjama.eu\/pl\/wp-json\/wp\/v2\/media?parent=23637"}],"curies":[{"name":"wp","href":"https:\/\/api.w.org\/{rel}","templated":true}]}}