{"id":23646,"date":"2025-10-01T19:58:33","date_gmt":"2025-10-01T17:58:33","guid":{"rendered":"https:\/\/pjama.eu\/akcesoria\/"},"modified":"2026-04-15T14:02:38","modified_gmt":"2026-04-15T12:02:38","slug":"akcesoria-na-moczenie-nocne","status":"publish","type":"page","link":"https:\/\/pjama.eu\/pl\/akcesoria-na-moczenie-nocne\/","title":{"rendered":"Akcesoria na moczenie nocne"},"content":{"rendered":"<p>[et_pb_section fb_built=&#8221;1&#8243; custom_padding_last_edited=&#8221;on|tablet&#8221; _builder_version=&#8221;4.27.4&#8243; background_color=&#8221;gcid-5eef58f4-760a-49fb-ad33-042d93415a96&#8243; custom_padding=&#8221;7%||0%||false|false&#8221; custom_padding_tablet=&#8221;||7%||false|false&#8221; custom_padding_phone=&#8221;&#8221; top_divider_height_tablet=&#8221;&#8221; top_divider_height_phone=&#8221;&#8221; top_divider_height_last_edited=&#8221;on|tablet&#8221; bottom_divider_color=&#8221;rgba(0,0,0,0)&#8221; bottom_divider_height=&#8221;154px&#8221; bottom_divider_height_tablet=&#8221;202px&#8221; bottom_divider_height_phone=&#8221;&#8221; bottom_divider_height_last_edited=&#8221;on|desktop&#8221; da_disable_devices=&#8221;off|off|off&#8221; collapsed=&#8221;off&#8221; global_colors_info=&#8221;{%22gcid-5eef58f4-760a-49fb-ad33-042d93415a96%22:%91%22background_color%22%93}&#8221; da_is_popup=&#8221;off&#8221; da_exit_intent=&#8221;off&#8221; da_has_close=&#8221;on&#8221; da_alt_close=&#8221;off&#8221; da_dark_close=&#8221;off&#8221; da_not_modal=&#8221;on&#8221; da_is_singular=&#8221;off&#8221; da_with_loader=&#8221;off&#8221; da_has_shadow=&#8221;on&#8221;][et_pb_row _builder_version=&#8221;4.22.1&#8243; custom_margin=&#8221;10px|auto|-20px|auto|false|false&#8221; custom_padding=&#8221;0px||0px||false|false&#8221; global_colors_info=&#8221;{}&#8221;][et_pb_column type=&#8221;4_4&#8243; _builder_version=&#8221;4.16&#8243; global_colors_info=&#8221;{}&#8221;][et_pb_text _builder_version=&#8221;4.27.4&#8243; header_text_color=&#8221;#D35917&#8243; header_font_size=&#8221;40px&#8221; header_2_font_size=&#8221;75px&#8221; background_layout=&#8221;dark&#8221; custom_margin=&#8221;15px||10px||false|false&#8221; custom_padding=&#8221;0px||0px||false|false&#8221; header_font_size_tablet=&#8221;40px&#8221; header_font_size_phone=&#8221;25px&#8221; header_font_size_last_edited=&#8221;on|phone&#8221; header_2_font_size_tablet=&#8221;75px&#8221; header_2_font_size_phone=&#8221;40px&#8221; header_2_font_size_last_edited=&#8221;on|phone&#8221; global_colors_info=&#8221;{}&#8221;]<\/p>\n<h1 class=\"hero\">Akcesoria<\/h1>\n<h2 class=\"et_pb_module_heading\">Akcesoria na moczenie nocne: Wibruj\u0105cy zegarek Pjama<\/h2>\n<p>[\/et_pb_text][\/et_pb_column][\/et_pb_row][\/et_pb_section][et_pb_section fb_built=&#8221;1&#8243; _builder_version=&#8221;4.27.4&#8243; background_enable_color=&#8221;off&#8221; custom_margin=&#8221;0px||0px||false|false&#8221; custom_margin_tablet=&#8221;-60px||||false|false&#8221; custom_margin_last_edited=&#8221;off|desktop&#8221; custom_padding=&#8221;120px||0px||false|false&#8221; top_divider_style=&#8221;asymmetric&#8221; top_divider_color=&#8221;gcid-5eef58f4-760a-49fb-ad33-042d93415a96&#8243; top_divider_height=&#8221;150px&#8221; top_divider_height_tablet=&#8221;65px&#8221; top_divider_height_phone=&#8221;33px&#8221; top_divider_height_last_edited=&#8221;on|phone&#8221; da_disable_devices=&#8221;off|off|off&#8221; collapsed=&#8221;on&#8221; global_colors_info=&#8221;{%22gcid-5eef58f4-760a-49fb-ad33-042d93415a96%22:%91%22top_divider_color%22%93}&#8221; da_is_popup=&#8221;off&#8221; da_exit_intent=&#8221;off&#8221; da_has_close=&#8221;on&#8221; da_alt_close=&#8221;off&#8221; da_dark_close=&#8221;off&#8221; da_not_modal=&#8221;on&#8221; da_is_singular=&#8221;off&#8221; da_with_loader=&#8221;off&#8221; da_has_shadow=&#8221;on&#8221;][et_pb_row column_structure=&#8221;1_2,1_2&#8243; _builder_version=&#8221;4.27.4&#8243; _module_preset=&#8221;default&#8221; global_colors_info=&#8221;{}&#8221;][et_pb_column type=&#8221;1_2&#8243; _builder_version=&#8221;4.27.4&#8243; _module_preset=&#8221;default&#8221; global_colors_info=&#8221;{}&#8221;][et_pb_image src=&#8221;https:\/\/pjama.eu\/wp-content\/uploads\/Pjama-Accessories-watch.jpg&#8221; alt=&#8221;Akcesoria do Pjamy&#8221; title_text=&#8221;Zegarek z akcesoriami Pjama&#8221; _builder_version=&#8221;4.27.4&#8243; _module_preset=&#8221;default&#8221; transform_scale=&#8221;120%|120%&#8221; transform_scale_tablet=&#8221;120%|120%&#8221; transform_scale_phone=&#8221;100%|100%&#8221; transform_scale_last_edited=&#8221;on|phone&#8221; transform_translate=&#8221;31px|85px&#8221; transform_translate_tablet=&#8221;31px|85px&#8221; transform_translate_phone=&#8221;32px|-10px&#8221; transform_translate_last_edited=&#8221;on|phone&#8221; transform_rotate_tablet=&#8221;&#8221; transform_rotate_phone=&#8221;&#8221; transform_rotate_last_edited=&#8221;on|phone&#8221; transform_skew_tablet=&#8221;&#8221; transform_skew_phone=&#8221;&#8221; transform_skew_last_edited=&#8221;on|phone&#8221; transform_origin_tablet=&#8221;&#8221; transform_origin_phone=&#8221;&#8221; transform_origin_last_edited=&#8221;on|phone&#8221; transform_styles_last_edited=&#8221;on|phone&#8221; custom_margin_tablet=&#8221;&#8221; custom_margin_phone=&#8221;0px||||false|false&#8221; custom_margin_last_edited=&#8221;on|phone&#8221; transform_styles_tablet=&#8221;&#8221; transform_styles_phone=&#8221;&#8221; border_radii=&#8221;on|10px|10px|10px|10px&#8221; global_colors_info=&#8221;{}&#8221;][\/et_pb_image][\/et_pb_column][et_pb_column type=&#8221;1_2&#8243; _builder_version=&#8221;4.27.4&#8243; _module_preset=&#8221;default&#8221; global_colors_info=&#8221;{}&#8221;][et_pb_text _builder_version=&#8221;4.27.6&#8243; text_font=&#8221;&#8211;et_global_body_font|&#8211;et_global_heading_font_weight|||||||&#8221; header_text_color=&#8221;gcid-2352d280-fe84-43b1-a71e-f400c35a526a&#8221; header_2_text_color=&#8221;#D35917&#8243; header_3_text_color=&#8221;gcid-5eef58f4-760a-49fb-ad33-042d93415a96&#8243; custom_padding=&#8221;|5%||5%|false|false&#8221; global_colors_info=&#8221;{%22gcid-2352d280-fe84-43b1-a71e-f400c35a526a%22:%91%22header_text_color%22%93,%22gcid-5eef58f4-760a-49fb-ad33-042d93415a96%22:%91%22header_3_text_color%22%93}&#8221;]<\/p>\n<h3 style=\"text-align: center;\">Dyskretne akcesoria na moczenie nocne<\/h3>\n<h2 style=\"text-align: center;\">Wsparcie w codziennym treningu czysto\u015bci<\/h2>\n<p>Wibruj\u0105cy zegarek z alarmem to praktyczne akcesoria na moczenie nocne, kt\u00f3re pomagaj\u0105 dzieciom i doros\u0142ym pami\u0119ta\u0107 o wizytach w toalecie lub porach przyjmowania lek\u00f3w. Dyskretne wibracje sprawiaj\u0105, \u017ce idealnie nadaje si\u0119 do szko\u0142y lub miejsc publicznych, nie zwracaj\u0105c na siebie uwagi.<br \/>Ten \u0142atwy do zaprogramowania zegarek to idealne akcesorium wspomagaj\u0105ce metod\u0119 Pjama DryGuardians w walce z moczeniem nocnym. <\/p>\n<p>&nbsp;<\/p>\n<ul>\n<li>Cyfrowy wy\u015bwietlacz LED &#8211; pokazuje czas jak zwyk\u0142y zegarek.<\/li>\n<li>Do 8 dziennych alarm\u00f3w &#8211; ustaw przypomnienia o wizytach w toalecie, przyjmowaniu lek\u00f3w lub rutynowych czynno\u015bciach.<\/li>\n<li>Mi\u0119kki silikonowy pasek &#8211; elastyczny, regulowany i wygodny do noszenia przez ca\u0142y dzie\u0144.<\/li>\n<li>Mo\u017cliwo\u015b\u0107 \u0142adowania przez Micro USB &#8211; szybkie i \u0142atwe \u0142adowanie.<\/li>\n<li>D\u0142uga \u017cywotno\u015b\u0107 baterii &#8211; 6-15 dni na pe\u0142nym na\u0142adowaniu.<\/li>\n<\/ul>\n<p>[\/et_pb_text][et_pb_button button_url=&#8221;https:\/\/pjama.eu\/pl\/akcesoria-do-moczenia-nocnego\/&#8221; button_text=&#8221;SPRAWD\u0179 AKCESORIA&#8221; button_alignment=&#8221;center&#8221; _builder_version=&#8221;4.27.6&#8243; _module_preset=&#8221;default&#8221; custom_button=&#8221;on&#8221; button_bg_color=&#8221;#61A2DF&#8221; button_border_color=&#8221;#F8F8F8&#8243; button_border_radius=&#8221;10px&#8221; button_font=&#8221;&#8211;et_global_body_font|700|||||||&#8221; button_text_shadow_style=&#8221;preset1&#8243; box_shadow_style=&#8221;preset2&#8243; global_colors_info=&#8221;{}&#8221;][\/et_pb_button][\/et_pb_column][\/et_pb_row][\/et_pb_section][et_pb_section fb_built=&#8221;1&#8243; _builder_version=&#8221;4.27.4&#8243; _module_preset=&#8221;default&#8221; da_disable_devices=&#8221;off|off|off&#8221; global_colors_info=&#8221;{}&#8221; da_is_popup=&#8221;off&#8221; da_exit_intent=&#8221;off&#8221; da_has_close=&#8221;on&#8221; da_alt_close=&#8221;off&#8221; da_dark_close=&#8221;off&#8221; da_not_modal=&#8221;on&#8221; da_is_singular=&#8221;off&#8221; da_with_loader=&#8221;off&#8221; da_has_shadow=&#8221;on&#8221;][et_pb_row column_structure=&#8221;1_4,1_4,1_4,1_4&#8243; _builder_version=&#8221;4.27.4&#8243; _module_preset=&#8221;default&#8221; global_colors_info=&#8221;{}&#8221;][et_pb_column type=&#8221;1_4&#8243; _builder_version=&#8221;4.27.4&#8243; _module_preset=&#8221;default&#8221; global_colors_info=&#8221;{}&#8221;][et_pb_image src=&#8221;https:\/\/pjama.eu\/wp-content\/uploads\/Vibrerande-Alarm-klocka-mo\u0308rkbla\u030a.jpg&#8221; alt=&#8221;Pjama Wibruj\u0105cy zegarek z alarmem&#8221; title_text=&#8221;Vibrerande Alarm klocka m\u00f6rkbl\u00e5&#8221; _builder_version=&#8221;4.27.4&#8243; _module_preset=&#8221;default&#8221; border_radii=&#8221;on|10px|10px|10px|10px&#8221; global_colors_info=&#8221;{}&#8221;][\/et_pb_image][et_pb_text _builder_version=&#8221;4.27.4&#8243; _module_preset=&#8221;default&#8221; header_3_text_color=&#8221;gcid-5eef58f4-760a-49fb-ad33-042d93415a96&#8243; global_colors_info=&#8221;{%22gcid-5eef58f4-760a-49fb-ad33-042d93415a96%22:%91%22header_3_text_color%22%93}&#8221;]<\/p>\n<h3><span>Pjama Wibruj\u0105cy zegarek z alarmem &#8211; <\/span>niebieski<\/h3>\n<p>[\/et_pb_text][et_pb_text _builder_version=&#8221;4.27.6&#8243; _module_preset=&#8221;default&#8221; text_font=&#8221;&#8211;et_global_body_font|&#8211;et_global_heading_font_weight|||||||&#8221; global_colors_info=&#8221;{}&#8221;]<\/p>\n<p>Stylowy wibruj\u0105cy zegarek z alarmem, kt\u00f3ry przypomina o wizycie w toalecie lub codziennych czynno\u015bciach.<br data-start=\"987\" data-end=\"990\">Gdy przypomnienia nie s\u0105 ju\u017c potrzebne, mo\u017cna go u\u017cywa\u0107 jako zwyk\u0142ego zegarka na r\u0119k\u0119.<\/p>\n<p>[\/et_pb_text][\/et_pb_column][et_pb_column type=&#8221;1_4&#8243; _builder_version=&#8221;4.27.4&#8243; _module_preset=&#8221;default&#8221; global_colors_info=&#8221;{}&#8221;][et_pb_image src=&#8221;https:\/\/pjama.eu\/wp-content\/uploads\/Vibrerande-Alarm-klocka-rosa.jpg&#8221; alt=&#8221;Ochrona po\u015bcieli&#8221; title_text=&#8221;Vibrerande Alarm klocka rosa&#8221; _builder_version=&#8221;4.27.6&#8243; _module_preset=&#8221;default&#8221; border_radii=&#8221;on|10px|10px|10px|10px&#8221; global_colors_info=&#8221;{}&#8221;][\/et_pb_image][et_pb_text _builder_version=&#8221;4.27.4&#8243; _module_preset=&#8221;default&#8221; header_3_text_color=&#8221;gcid-5eef58f4-760a-49fb-ad33-042d93415a96&#8243; global_colors_info=&#8221;{%22gcid-5eef58f4-760a-49fb-ad33-042d93415a96%22:%91%22header_3_text_color%22%93}&#8221;]<\/p>\n<h3><span>Pjama Wibruj\u0105cy zegarek z alarmem &#8211; <\/span>r\u00f3\u017cowy<\/h3>\n<p>[\/et_pb_text][et_pb_text _builder_version=&#8221;4.27.6&#8243; _module_preset=&#8221;default&#8221; text_font=&#8221;&#8211;et_global_body_font|&#8211;et_global_heading_font_weight|||||||&#8221; global_colors_info=&#8221;{}&#8221;]<\/p>\n<p>Stylowy wibruj\u0105cy zegarek z alarmem, kt\u00f3ry przypomina o wizycie w toalecie lub codziennych czynno\u015bciach.<br data-start=\"987\" data-end=\"990\">Gdy przypomnienia nie s\u0105 ju\u017c potrzebne, mo\u017cna go u\u017cywa\u0107 jako zwyk\u0142ego zegarka na r\u0119k\u0119.<\/p>\n<p>[\/et_pb_text][\/et_pb_column][et_pb_column type=&#8221;1_4&#8243; _builder_version=&#8221;4.27.4&#8243; _module_preset=&#8221;default&#8221; global_colors_info=&#8221;{}&#8221;][et_pb_image src=&#8221;https:\/\/pjama.eu\/wp-content\/uploads\/Vibrerande-Alarm-klocka-svart.jpg&#8221; alt=&#8221;OCHRONA PODUSZKI I POSZEWKI NA PODUSZK\u0118 W 1&#8243; title_text=&#8221;Vibrerande Alarm klocka svart&#8221; _builder_version=&#8221;4.27.6&#8243; _module_preset=&#8221;default&#8221; border_radii=&#8221;on|9px|9px|9px|9px&#8221; global_colors_info=&#8221;{}&#8221;][\/et_pb_image][et_pb_text _builder_version=&#8221;4.27.4&#8243; _module_preset=&#8221;default&#8221; header_3_text_color=&#8221;gcid-5eef58f4-760a-49fb-ad33-042d93415a96&#8243; global_colors_info=&#8221;{%22gcid-5eef58f4-760a-49fb-ad33-042d93415a96%22:%91%22header_3_text_color%22%93}&#8221;]<\/p>\n<h3><span>Pjama Wibruj\u0105cy zegarek z alarmem &#8211; czarny<\/span><\/h3>\n<p>[\/et_pb_text][et_pb_text _builder_version=&#8221;4.27.6&#8243; _module_preset=&#8221;default&#8221; text_font=&#8221;&#8211;et_global_body_font|&#8211;et_global_heading_font_weight|||||||&#8221; global_colors_info=&#8221;{}&#8221;]<\/p>\n<p>Stylowy wibruj\u0105cy zegarek z alarmem, kt\u00f3ry przypomina o wizycie w toalecie lub codziennych czynno\u015bciach.<br data-start=\"987\" data-end=\"990\">Gdy przypomnienia nie s\u0105 ju\u017c potrzebne, mo\u017cna go u\u017cywa\u0107 jako zwyk\u0142ego zegarka na r\u0119k\u0119.<\/p>\n<p>[\/et_pb_text][\/et_pb_column][et_pb_column type=&#8221;1_4&#8243; _builder_version=&#8221;4.27.6&#8243; _module_preset=&#8221;default&#8221; global_colors_info=&#8221;{}&#8221;][et_pb_image src=&#8221;https:\/\/pjama.eu\/wp-content\/uploads\/pjama-vibrating-alarm-watch-lightblue.jpg.jpg&#8221; alt=&#8221;Pjama Wibruj\u0105cy zegarek z alarmem lightblue do treningu toaletowego lub przypominania o lekach.&#8221; title_text=&#8221;Pjama Wibruj\u0105cy zegarek z alarmem Lightblue&#8221; _builder_version=&#8221;4.27.6&#8243; _module_preset=&#8221;default&#8221; border_radii=&#8221;on|9px|9px|9px|9px&#8221; global_colors_info=&#8221;{}&#8221;][\/et_pb_image][et_pb_text _builder_version=&#8221;4.27.6&#8243; _module_preset=&#8221;default&#8221; header_text_color=&#8221;#D35917&#8243; header_3_text_color=&#8221;gcid-5eef58f4-760a-49fb-ad33-042d93415a96&#8243; global_colors_info=&#8221;{%22gcid-5eef58f4-760a-49fb-ad33-042d93415a96%22:%91%22header_3_text_color%22%93}&#8221;]<\/p>\n<h3>Pjama Wibruj\u0105cy zegarek z alarmem &#8211; jasnoniebieski<\/h3>\n<p>[\/et_pb_text][et_pb_text _builder_version=&#8221;4.27.6&#8243; _module_preset=&#8221;default&#8221; text_font=&#8221;&#8211;et_global_body_font|&#8211;et_global_heading_font_weight|||||||&#8221; global_colors_info=&#8221;{}&#8221;]<\/p>\n<p>Stylowy wibruj\u0105cy zegarek z alarmem, kt\u00f3ry przypomina o wizycie w toalecie lub codziennych czynno\u015bciach.<br data-start=\"987\" data-end=\"990\">Gdy przypomnienia nie s\u0105 ju\u017c potrzebne, mo\u017cna go u\u017cywa\u0107 jako zwyk\u0142ego zegarka na r\u0119k\u0119.<\/p>\n<p>[\/et_pb_text][\/et_pb_column][\/et_pb_row][\/et_pb_section][et_pb_section fb_built=&#8221;1&#8243; _builder_version=&#8221;4.27.4&#8243; _module_preset=&#8221;default&#8221; background_color=&#8221;gcid-5eef58f4-760a-49fb-ad33-042d93415a96&#8243; da_disable_devices=&#8221;off|off|off&#8221; global_colors_info=&#8221;{%22gcid-5eef58f4-760a-49fb-ad33-042d93415a96%22:%91%22background_color%22%93}&#8221; da_is_popup=&#8221;off&#8221; da_exit_intent=&#8221;off&#8221; da_has_close=&#8221;on&#8221; da_alt_close=&#8221;off&#8221; da_dark_close=&#8221;off&#8221; da_not_modal=&#8221;on&#8221; da_is_singular=&#8221;off&#8221; da_with_loader=&#8221;off&#8221; da_has_shadow=&#8221;on&#8221;][et_pb_row _builder_version=&#8221;4.22.1&#8243; custom_margin=&#8221;10px|auto|-20px|auto|false|false&#8221; custom_padding=&#8221;0px||0px||false|false&#8221; global_colors_info=&#8221;{}&#8221;][et_pb_column type=&#8221;4_4&#8243; _builder_version=&#8221;4.16&#8243; global_colors_info=&#8221;{}&#8221;][et_pb_text _builder_version=&#8221;4.27.5&#8243; header_text_color=&#8221;#D35917&#8243; header_font_size=&#8221;40px&#8221; header_2_font_size=&#8221;75px&#8221; background_layout=&#8221;dark&#8221; custom_margin=&#8221;15px||10px||false|false&#8221; custom_padding=&#8221;0px||0px||false|false&#8221; header_font_size_tablet=&#8221;40px&#8221; header_font_size_phone=&#8221;25px&#8221; header_font_size_last_edited=&#8221;on|phone&#8221; header_2_font_size_tablet=&#8221;75px&#8221; header_2_font_size_phone=&#8221;40px&#8221; header_2_font_size_last_edited=&#8221;on|phone&#8221; global_colors_info=&#8221;{}&#8221;]<\/p>\n<h1 class=\"hero\">Informacje o akcesoriach do moczenia nocnego<\/h1>\n<h2>Wodoodporna torba Pjama \u2013 akcesorium na moczenie nocne w podr\u00f3\u017cy<\/h2>\n<p>[\/et_pb_text][\/et_pb_column][\/et_pb_row][\/et_pb_section][et_pb_section fb_built=&#8221;1&#8243; _builder_version=&#8221;4.27.4&#8243; _module_preset=&#8221;default&#8221; background_color=&#8221;gcid-2352d280-fe84-43b1-a71e-f400c35a526a&#8221; top_divider_style=&#8221;asymmetric&#8221; top_divider_color=&#8221;gcid-5eef58f4-760a-49fb-ad33-042d93415a96&#8243; da_disable_devices=&#8221;off|off|off&#8221; global_colors_info=&#8221;{%22gcid-5eef58f4-760a-49fb-ad33-042d93415a96%22:%91%22top_divider_color%22%93}&#8221; da_is_popup=&#8221;off&#8221; da_exit_intent=&#8221;off&#8221; da_has_close=&#8221;on&#8221; da_alt_close=&#8221;off&#8221; da_dark_close=&#8221;off&#8221; da_not_modal=&#8221;on&#8221; da_is_singular=&#8221;off&#8221; da_with_loader=&#8221;off&#8221; da_has_shadow=&#8221;on&#8221;][et_pb_row _builder_version=&#8221;4.27.4&#8243; _module_preset=&#8221;default&#8221; global_colors_info=&#8221;{}&#8221;][et_pb_column type=&#8221;4_4&#8243; _builder_version=&#8221;4.27.4&#8243; _module_preset=&#8221;default&#8221; global_colors_info=&#8221;{}&#8221;][\/et_pb_column][\/et_pb_row][et_pb_row column_structure=&#8221;2_5,3_5&#8243; _builder_version=&#8221;4.27.4&#8243; _module_preset=&#8221;default&#8221; global_colors_info=&#8221;{}&#8221;][et_pb_column type=&#8221;2_5&#8243; _builder_version=&#8221;4.27.4&#8243; _module_preset=&#8221;default&#8221; global_colors_info=&#8221;{}&#8221;][et_pb_image src=&#8221;https:\/\/pjama.eu\/wp-content\/uploads\/Accessories-bag-e1694758915793-2.jpg&#8221; alt=&#8221;Akcesoria do pjamy&#8221; title_text=&#8221;Accessories-bag-e1694758915793-2&#8243; _builder_version=&#8221;4.27.4&#8243; _module_preset=&#8221;default&#8221; border_radii=&#8221;on|10px|10px|10px|10px&#8221; global_colors_info=&#8221;{}&#8221;][\/et_pb_image][\/et_pb_column][et_pb_column type=&#8221;3_5&#8243; _builder_version=&#8221;4.27.4&#8243; _module_preset=&#8221;default&#8221; global_colors_info=&#8221;{}&#8221;][et_pb_text _builder_version=&#8221;4.27.4&#8243; _module_preset=&#8221;default&#8221; header_2_text_color=&#8221;#D35917&#8243; header_3_text_color=&#8221;gcid-5eef58f4-760a-49fb-ad33-042d93415a96&#8243; global_colors_info=&#8221;{%22gcid-5eef58f4-760a-49fb-ad33-042d93415a96%22:%91%22header_3_text_color%22%93}&#8221;]<\/p>\n<h3><strong data-start=\"1212\" data-end=\"1259\">Dyskretny i praktyczny  <\/strong><\/h3>\n<h2><strong data-start=\"1212\" data-end=\"1259\">Ochrona i dyskrecja w podr\u00f3\u017cy<\/strong><\/h2>\n<p>[\/et_pb_text][et_pb_text _builder_version=&#8221;4.27.6&#8243; _module_preset=&#8221;default&#8221; text_font=&#8221;&#8211;et_global_body_font|&#8211;et_global_heading_font_weight|||||||&#8221; global_colors_info=&#8221;{}&#8221;]<\/p>\n<p>Idealny do przenoszenia bielizny nocnej Pjama lub mokrej odzie\u017cy podczas podr\u00f3\u017cy, oboz\u00f3w szkolnych lub nocowania. Wykonany z wodoodpornego materia\u0142u, kt\u00f3ry zatrzymuje wilgo\u0107 i nieprzyjemny zapach. Nadaje si\u0119 do prania w temperaturze do 90\u00b0C, jest trwa\u0142y i przeznaczony do wielokrotnego u\u017cytku.<br \/>Wybierz sprawdzone akcesoria na moczenie nocne z naszej pe\u0142nej gamy dyskretnych rozwi\u0105za\u0144, kt\u00f3re wspieraj\u0105 pewno\u015b\u0107 siebie Twojego dziecka ka\u017cdego dnia.  <br \/><br data-start=\"592\" data-end=\"595\">Torba jest dost\u0119pna bez nadruku, co zapewnia subtelniejszy, bardziej dyskretny wygl\u0105d &#8211; beztroski z Pjam\u0105!<\/p>\n<p>[\/et_pb_text][et_pb_button button_url=&#8221;https:\/\/pjama.eu\/pl\/akcesoria-do-moczenia-nocnego\/&#8221; button_text=&#8221;KUP AKCESORIA NA MOCZENIE NOCNE&#8221; button_alignment=&#8221;center&#8221; _builder_version=&#8221;4.27.6&#8243; custom_button=&#8221;on&#8221; button_bg_color=&#8221;#61A2DF&#8221; button_border_color=&#8221;#F8F8F8&#8243; button_border_radius=&#8221;10px&#8221; button_font=&#8221;&#8211;et_global_body_font|700|||||||&#8221; button_use_icon=&#8221;off&#8221; button_text_shadow_style=&#8221;preset1&#8243; box_shadow_style=&#8221;preset2&#8243; global_colors_info=&#8221;{}&#8221; button_bg_color__hover_enabled=&#8221;on|hover&#8221; button_bg_color__hover=&#8221;rgba(31,68,139,0.8)&#8221; button_bg_enable_color__hover=&#8221;on&#8221;][\/et_pb_button][\/et_pb_column][\/et_pb_row][\/et_pb_section]<\/p>\n","protected":false},"excerpt":{"rendered":"<p>Akcesoria Akcesoria na moczenie nocne: Wibruj\u0105cy zegarek PjamaDyskretne akcesoria na moczenie nocne Wsparcie w codziennym treningu czysto\u015bci Wibruj\u0105cy zegarek z alarmem to praktyczne akcesoria na moczenie nocne, kt\u00f3re pomagaj\u0105 dzieciom i doros\u0142ym pami\u0119ta\u0107 o wizytach w toalecie lub porach przyjmowania lek\u00f3w. Dyskretne wibracje sprawiaj\u0105, \u017ce idealnie nadaje si\u0119 do szko\u0142y lub miejsc publicznych, nie zwracaj\u0105c [&hellip;]<\/p>\n","protected":false},"author":33,"featured_media":27850,"parent":0,"menu_order":0,"comment_status":"closed","ping_status":"closed","template":"","meta":{"_et_pb_use_builder":"on","_et_pb_old_content":"","_et_gb_content_width":"","footnotes":""},"class_list":["post-23646","page","type-page","status-publish","has-post-thumbnail","hentry"],"_links":{"self":[{"href":"https:\/\/pjama.eu\/pl\/wp-json\/wp\/v2\/pages\/23646","targetHints":{"allow":["GET"]}}],"collection":[{"href":"https:\/\/pjama.eu\/pl\/wp-json\/wp\/v2\/pages"}],"about":[{"href":"https:\/\/pjama.eu\/pl\/wp-json\/wp\/v2\/types\/page"}],"author":[{"embeddable":true,"href":"https:\/\/pjama.eu\/pl\/wp-json\/wp\/v2\/users\/33"}],"replies":[{"embeddable":true,"href":"https:\/\/pjama.eu\/pl\/wp-json\/wp\/v2\/comments?post=23646"}],"version-history":[{"count":6,"href":"https:\/\/pjama.eu\/pl\/wp-json\/wp\/v2\/pages\/23646\/revisions"}],"predecessor-version":[{"id":36231,"href":"https:\/\/pjama.eu\/pl\/wp-json\/wp\/v2\/pages\/23646\/revisions\/36231"}],"wp:featuredmedia":[{"embeddable":true,"href":"https:\/\/pjama.eu\/pl\/wp-json\/wp\/v2\/media\/27850"}],"wp:attachment":[{"href":"https:\/\/pjama.eu\/pl\/wp-json\/wp\/v2\/media?parent=23646"}],"curies":[{"name":"wp","href":"https:\/\/api.w.org\/{rel}","templated":true}]}}