{"id":26279,"date":"2025-11-13T14:12:49","date_gmt":"2025-11-13T13:12:49","guid":{"rendered":"https:\/\/pjama.eu\/sklep-z-moczeniem-nocnym-pjama\/"},"modified":"2026-04-28T13:26:19","modified_gmt":"2026-04-28T11:26:19","slug":"produkty-na-moczenie-nocne","status":"publish","type":"page","link":"https:\/\/pjama.eu\/pl\/produkty-na-moczenie-nocne\/","title":{"rendered":"Sklep z moczeniem nocnym Pjama"},"content":{"rendered":"<p>[et_pb_section fb_built=&#8221;1&#8243; _builder_version=&#8221;4.27.4&#8243; background_enable_color=&#8221;off&#8221; background_enable_image=&#8221;off&#8221; background_size=&#8221;initial&#8221; background_position=&#8221;top_center&#8221; custom_margin=&#8221;||70px||false|false&#8221; custom_padding=&#8221;50px||50px||true|false&#8221; da_disable_devices=&#8221;off|off|off&#8221; global_colors_info=&#8221;{}&#8221; da_is_popup=&#8221;off&#8221; da_exit_intent=&#8221;off&#8221; da_has_close=&#8221;on&#8221; da_alt_close=&#8221;off&#8221; da_dark_close=&#8221;off&#8221; da_not_modal=&#8221;on&#8221; da_is_singular=&#8221;off&#8221; da_with_loader=&#8221;off&#8221; da_has_shadow=&#8221;on&#8221;][et_pb_row custom_padding_last_edited=&#8221;on|phone&#8221; _builder_version=&#8221;4.27.5&#8243; custom_margin_tablet=&#8221;&#8221; custom_margin_phone=&#8221;0px||0px||false|false&#8221; custom_margin_last_edited=&#8221;on|phone&#8221; custom_padding=&#8221;||0px|||&#8221; custom_padding_tablet=&#8221;||0px|||&#8221; custom_padding_phone=&#8221;10px||0px||false|false&#8221; global_colors_info=&#8221;{}&#8221;][et_pb_column type=&#8221;4_4&#8243; _builder_version=&#8221;4.16&#8243; global_colors_info=&#8221;{}&#8221;][et_pb_heading title=&#8221;POZNAJ SKUTECZNE&#8221; _builder_version=&#8221;4.27.5&#8243; _module_preset=&#8221;default&#8221; title_level=&#8221;h3&#8243; title_text_align=&#8221;center&#8221; title_text_color=&#8221;gcid-5eef58f4-760a-49fb-ad33-042d93415a96&#8243; custom_margin_tablet=&#8221;&#8221; custom_margin_phone=&#8221;||0px||false|false&#8221; custom_margin_last_edited=&#8221;on|phone&#8221; global_colors_info=&#8221;{%22gcid-5eef58f4-760a-49fb-ad33-042d93415a96%22:%91%22title_text_color%22%93}&#8221;][\/et_pb_heading][et_pb_heading title=&#8221;PRODUKTY NA MOCZENIE NOCNE PJAMA&#8221; _builder_version=&#8221;4.27.5&#8243; _module_preset=&#8221;default&#8221; title_text_align=&#8221;center&#8221; title_text_color=&#8221;#D35917&#8243; custom_margin=&#8221;||0px||false|false&#8221; custom_margin_tablet=&#8221;||0px||false|false&#8221; custom_margin_phone=&#8221;||-20px||false|false&#8221; custom_margin_last_edited=&#8221;on|desktop&#8221; custom_padding=&#8221;||0px||false|false&#8221; custom_padding_tablet=&#8221;||0px||false|false&#8221; custom_padding_phone=&#8221;||0px||false|false&#8221; custom_padding_last_edited=&#8221;on|phone&#8221; global_colors_info=&#8221;{}&#8221;][\/et_pb_heading][\/et_pb_column][\/et_pb_row][\/et_pb_section][et_pb_section fb_built=&#8221;1&#8243; _builder_version=&#8221;4.27.4&#8243; _module_preset=&#8221;default&#8221; background_color=&#8221;gcid-5eef58f4-760a-49fb-ad33-042d93415a96&#8243; custom_margin=&#8221;||-90px||false|false&#8221; custom_padding=&#8221;||0px||false|false&#8221; da_disable_devices=&#8221;off|off|off&#8221; global_colors_info=&#8221;{%22gcid-5eef58f4-760a-49fb-ad33-042d93415a96%22:%91%22background_color%22%93}&#8221; da_is_popup=&#8221;off&#8221; da_exit_intent=&#8221;off&#8221; da_has_close=&#8221;on&#8221; da_alt_close=&#8221;off&#8221; da_dark_close=&#8221;off&#8221; da_not_modal=&#8221;on&#8221; da_is_singular=&#8221;off&#8221; da_with_loader=&#8221;off&#8221; da_has_shadow=&#8221;on&#8221;][et_pb_row column_structure=&#8221;1_4,1_4,1_4,1_4&#8243; _builder_version=&#8221;4.27.4&#8243; _module_preset=&#8221;default&#8221; transform_translate=&#8221;0px|-140px&#8221; global_colors_info=&#8221;{}&#8221;][et_pb_column type=&#8221;1_4&#8243; _builder_version=&#8221;4.27.4&#8243; _module_preset=&#8221;default&#8221; global_colors_info=&#8221;{}&#8221;][et_pb_blurb title=&#8221;PJAMA PROTECT: Ch\u0142onne spodnie na moczenie nocne&#8221; url=&#8221;https:\/\/pjama.eu\/pl\/spodnie-na-moczenie-nocne\/&#8221; image=&#8221;https:\/\/pjama.eu\/wp-content\/uploads\/Pjama_shorts_2.jpeg&#8221; alt=&#8221;O moczeniu nocnym w Pjamie&#8221; _builder_version=&#8221;4.27.6&#8243; _module_preset=&#8221;default&#8221; header_text_align=&#8221;center&#8221; header_text_color=&#8221;#D35917&#8243; header_font_size=&#8221;25px&#8221; body_font=&#8221;&#8211;et_global_body_font|&#8211;et_global_heading_font_weight|||||||&#8221; body_text_align=&#8221;center&#8221; body_text_color=&#8221;#F8F8F8&#8243; body_font_size=&#8221;16px&#8221; header_text_shadow_style=&#8221;preset1&#8243; body_text_shadow_style=&#8221;preset1&#8243; border_radii_image=&#8221;on|10px|10px|10px|10px&#8221; border_width_all_image=&#8221;4px&#8221; border_color_all_image=&#8221;#F8F8F8&#8243; global_colors_info=&#8221;{}&#8221;]<\/p>\n<p>Wybierz sprawdzone produkty na moczenie nocne, kt\u00f3re chroni\u0105 \u0142\u00f3\u017cko i gwarantuj\u0105 pe\u0142n\u0105 dyskrecj\u0119. Idealne rozwi\u0105zanie, gdy liczysz na komfort i spok\u00f3j ducha.<\/p>\n<p>[\/et_pb_blurb][\/et_pb_column][et_pb_column type=&#8221;1_4&#8243; _builder_version=&#8221;4.27.4&#8243; _module_preset=&#8221;default&#8221; global_colors_info=&#8221;{}&#8221;][et_pb_blurb title=&#8221;PJAMA DRYGUARDIANS&#8221; url=&#8221;https:\/\/pjama.eu\/pl\/alarm-na-moczenie-nocne\/&#8221; image=&#8221;https:\/\/pjama.eu\/wp-content\/uploads\/Bedwetting-Treatment-e1694759000209-1-2.jpg&#8221; alt=&#8221;O moczeniu nocnym w Pjamie&#8221; _builder_version=&#8221;4.27.6&#8243; _module_preset=&#8221;default&#8221; header_text_align=&#8221;center&#8221; header_text_color=&#8221;#D35917&#8243; header_font_size=&#8221;25px&#8221; body_font=&#8221;&#8211;et_global_body_font|&#8211;et_global_heading_font_weight|||||||&#8221; body_text_align=&#8221;center&#8221; body_text_color=&#8221;#F8F8F8&#8243; body_font_size=&#8221;16px&#8221; header_text_shadow_style=&#8221;preset1&#8243; body_text_shadow_style=&#8221;preset1&#8243; border_radii_image=&#8221;on|10px|10px|10px|10px&#8221; border_width_all_image=&#8221;4px&#8221; border_color_all_image=&#8221;#F8F8F8&#8243; global_colors_info=&#8221;{}&#8221;]<\/p>\n<p>Alarmy wybudzeniowe to nowoczesne produkty na moczenie nocne, kt\u00f3re lecz\u0105 przyczyn\u0119 problemu. Przetestowana klinicznie metoda dla dzieci i doros\u0142ych szukaj\u0105cych trwa\u0142ych efekt\u00f3w. <\/p>\n<p>[\/et_pb_blurb][\/et_pb_column][et_pb_column type=&#8221;1_4&#8243; _builder_version=&#8221;4.27.4&#8243; _module_preset=&#8221;default&#8221; global_colors_info=&#8221;{}&#8221;][et_pb_blurb title=&#8221;AKCESORIA I WSPARCIE W CI\u0104GU DNIA&#8221; url=&#8221;https:\/\/pjama.eu\/pl\/akcesoria-do-moczenia-nocnego\/&#8221; image=&#8221;https:\/\/pjama.eu\/wp-content\/uploads\/Pjama_accessories.png&#8221; alt=&#8221;Akcesoria do pjamy&#8221; _builder_version=&#8221;4.27.6&#8243; _module_preset=&#8221;default&#8221; header_text_align=&#8221;center&#8221; header_text_color=&#8221;#D35917&#8243; header_font_size=&#8221;25px&#8221; body_font=&#8221;&#8211;et_global_body_font|&#8211;et_global_heading_font_weight|||||||&#8221; body_text_align=&#8221;center&#8221; body_text_color=&#8221;#F8F8F8&#8243; body_font_size=&#8221;16px&#8221; transform_scale_tablet=&#8221;&#8221; transform_scale_phone=&#8221;90%|90%&#8221; transform_scale_last_edited=&#8221;on|phone&#8221; transform_translate_tablet=&#8221;&#8221; transform_translate_phone=&#8221;&#8221; transform_translate_last_edited=&#8221;on|phone&#8221; transform_rotate_tablet=&#8221;&#8221; transform_rotate_phone=&#8221;&#8221; transform_rotate_last_edited=&#8221;on|phone&#8221; transform_skew_tablet=&#8221;&#8221; transform_skew_phone=&#8221;&#8221; transform_skew_last_edited=&#8221;on|phone&#8221; transform_origin_tablet=&#8221;&#8221; transform_origin_phone=&#8221;&#8221; transform_origin_last_edited=&#8221;on|phone&#8221; transform_styles_last_edited=&#8221;on|phone&#8221; link_option_url=&#8221;https:\/\/pjama.eu\/pl\/akcesoria-do-moczenia-nocnego\/&#8221; transform_styles_tablet=&#8221;&#8221; transform_styles_phone=&#8221;&#8221; header_text_shadow_style=&#8221;preset1&#8243; body_text_shadow_style=&#8221;preset1&#8243; border_radii_image=&#8221;on|10px|10px|10px|10px&#8221; border_width_all_image=&#8221;4px&#8221; border_color_all_image=&#8221;#F8F8F8&#8243; global_colors_info=&#8221;{}&#8221;]<\/p>\n<p>Akcesoria i dodatkowe produkty na moczenie nocne: od wibruj\u0105cych zegark\u00f3w po wodoodporne torby. Kompleksowe wsparcie w codziennej walce o such\u0105 noc.<\/p>\n<p>&nbsp;<\/p>\n<p>[\/et_pb_blurb][\/et_pb_column][et_pb_column type=&#8221;1_4&#8243; _builder_version=&#8221;4.27.4&#8243; _module_preset=&#8221;default&#8221; global_colors_info=&#8221;{}&#8221;][et_pb_blurb title=&#8221;PJAMA DLA DOROS\u0141YCH&#8221; url=&#8221;https:\/\/pjama.eu\/pl\/pizama-na-moczenie-nocne-dla-doroslych\/&#8221; image=&#8221;https:\/\/pjama.eu\/wp-content\/uploads\/Blue_shorts_adult-1-e1694786458678-2.png&#8221; alt=&#8221;Moczenie nocne u doros\u0142ych&#8221; _builder_version=&#8221;4.27.6&#8243; _module_preset=&#8221;default&#8221; header_text_align=&#8221;center&#8221; header_text_color=&#8221;#D35917&#8243; header_font_size=&#8221;25px&#8221; body_font=&#8221;&#8211;et_global_body_font|&#8211;et_global_heading_font_weight|||||||&#8221; body_text_align=&#8221;center&#8221; body_text_color=&#8221;#F8F8F8&#8243; body_font_size=&#8221;16px&#8221; link_option_url=&#8221;https:\/\/pjama.eu\/pl\/pizama-na-moczenie-nocne-dla-doroslych\/&#8221; header_text_shadow_style=&#8221;preset1&#8243; body_text_shadow_style=&#8221;preset1&#8243; border_radii_image=&#8221;on|10px|10px|10px|10px&#8221; border_width_all_image=&#8221;4px&#8221; border_color_all_image=&#8221;#F8F8F8&#8243; global_colors_info=&#8221;{}&#8221;]<\/p>\n<p>Specjalistyczne produkty na moczenie nocne dla doros\u0142ych. Ch\u0142onna bielizna zapewnia dyskrecj\u0119 i pewno\u015b\u0107 siebie w podr\u00f3\u017cy oraz w domu.<\/p>\n<p>[\/et_pb_blurb][\/et_pb_column][\/et_pb_row][\/et_pb_section][et_pb_section fb_built=&#8221;1&#8243; _builder_version=&#8221;4.16&#8243; background_color=&#8221;#f8f8f8&#8243; background_enable_image=&#8221;off&#8221; custom_padding=&#8221;0px|||||&#8221; da_disable_devices=&#8221;off|off|off&#8221; global_colors_info=&#8221;{}&#8221; da_is_popup=&#8221;off&#8221; da_exit_intent=&#8221;off&#8221; da_has_close=&#8221;on&#8221; da_alt_close=&#8221;off&#8221; da_dark_close=&#8221;off&#8221; da_not_modal=&#8221;on&#8221; da_is_singular=&#8221;off&#8221; da_with_loader=&#8221;off&#8221; da_has_shadow=&#8221;on&#8221;][\/et_pb_section][et_pb_section fb_built=&#8221;1&#8243; _builder_version=&#8221;4.27.6&#8243; _module_preset=&#8221;default&#8221; da_disable_devices=&#8221;off|off|off&#8221; global_colors_info=&#8221;{}&#8221; da_is_popup=&#8221;off&#8221; da_exit_intent=&#8221;off&#8221; da_has_close=&#8221;on&#8221; da_alt_close=&#8221;off&#8221; da_dark_close=&#8221;off&#8221; da_not_modal=&#8221;on&#8221; da_is_singular=&#8221;off&#8221; da_with_loader=&#8221;off&#8221; da_has_shadow=&#8221;on&#8221;][et_pb_row _builder_version=&#8221;4.27.6&#8243; _module_preset=&#8221;default&#8221; global_colors_info=&#8221;{}&#8221;][et_pb_column type=&#8221;4_4&#8243; _builder_version=&#8221;4.27.6&#8243; _module_preset=&#8221;default&#8221; global_colors_info=&#8221;{}&#8221;][et_pb_text _builder_version=&#8221;4.27.6&#8243; _module_preset=&#8221;default&#8221; text_font=&#8221;&#8211;et_global_body_font|&#8211;et_global_heading_font_weight|||||||&#8221; header_text_color=&#8221;#D35917&#8243; header_2_text_color=&#8221;#D35917&#8243; header_3_text_color=&#8221;#072130&#8243; global_colors_info=&#8221;{}&#8221;]<\/p>\n<h3>Najlepsze produkty na moczenie nocne<\/h3>\n<h2>dla dzieci, m\u0142odzie\u017cy i doros\u0142ych<\/h2>\n<p>Moczenie nocne (enureza) dotyka wielu os\u00f3b niezale\u017cnie od wieku. Na szcz\u0119\u015bcie nowoczesne produkty na moczenie nocne pozwalaj\u0105 na dyskretne i skuteczne radzenie sobie z tym wyzwaniem. W naszym sklepie oferujemy rozwi\u0105zania, kt\u00f3re przywracaj\u0105 komfort snu dzieciom i doros\u0142ym.  <\/p>\n<p>W Pjama znajdziesz szerok\u0105 gam\u0119 produkt\u00f3w na moczenie nocne zaprojektowanych tak, aby wspiera\u0107 zar\u00f3wno ochron\u0119, jak i leczenie. Produkty zosta\u0142y opracowane, aby u\u0142atwi\u0107 codzienne \u017cycie, poprawi\u0107 sen i zapewni\u0107 wi\u0119kszy spok\u00f3j ducha &#8211; niezale\u017cnie od tego, czy celem jest niezawodna ochrona przez ca\u0142\u0105 noc, czy d\u0142ugoterminowe leczenie moczenia nocnego. <\/p>\n<h3>Jakie produkty na moczenie nocne wybra\u0107?<\/h3>\n<p>Istnieje kilka r\u00f3\u017cnych rodzaj\u00f3w produkt\u00f3w na moczenie nocne, kt\u00f3re mog\u0105 by\u0107 stosowane pojedynczo lub w po\u0142\u0105czeniu, w zale\u017cno\u015bci od potrzeb i okoliczno\u015bci.<\/p>\n<p><strong>Bielizna ch\u0142onna Pjama Protect \u2013 skuteczne produkty na moczenie nocne<\/strong><br \/>Nadaj\u0105ce si\u0119 do prania szorty, spodnie i bielizna z warstwami ch\u0142onnymi chroni\u0105 \u0142\u00f3\u017cko, jednocze\u015bnie wygl\u0105daj\u0105c i sprawiaj\u0105c wra\u017cenie zwyk\u0142ej bielizny nocnej. Zapewnia to dyskretne rozwi\u0105zanie odpowiednie do u\u017cytku w domu, w podr\u00f3\u017cy lub podczas nocowania. <\/p>\n<p><strong>Pjama DryGuardians &#8211; Alarmy na moczenie nocne<\/strong><br \/>Alarmy na moczenie nocne s\u0105 cz\u0119sto stosowane jako metoda leczenia. Alarm reaguje na wilgo\u0107 i pomaga organizmowi nauczy\u0107 si\u0119 budzi\u0107, gdy p\u0119cherz jest pe\u0142ny. Z czasem mo\u017ce to przyczyni\u0107 si\u0119 do poprawy kontroli p\u0119cherza w nocy.  <\/p>\n<p><strong>Akcesoria &#8211; Produkty wspieraj\u0105ce<\/strong><br \/>Akcesoria takie jak zegarki przypominaj\u0105ce, czujniki i rozwi\u0105zania do przechowywania mog\u0105 wspiera\u0107 trening p\u0119cherza i u\u0142atwia\u0107 codzienne czynno\u015bci.<\/p>\n<p><strong data-start=\"230\" data-end=\"266\">Produkty na moczenie nocne dla doros\u0142ych i senior\u00f3w<\/strong><br data-start=\"266\" data-end=\"269\">Dyskretne i wygodne rozwi\u0105zania opracowane z my\u015bl\u0105 o doros\u0142ych do\u015bwiadczaj\u0105cych moczenia nocnego. Produkty zosta\u0142y zaprojektowane tak, aby zapewni\u0107 niezawodn\u0105 ochron\u0119 przez ca\u0142\u0105 noc, jednocze\u015bnie wygl\u0105daj\u0105c i sprawiaj\u0105c wra\u017cenie zwyk\u0142ej bielizny nocnej. Dzi\u0119ki temu doskonale nadaj\u0105 si\u0119 do u\u017cytku w domu, w podr\u00f3\u017cy lub podczas nocnych pobyt\u00f3w, nie powoduj\u0105c przy tym uczucia medycznego lub restrykcyjnego.  <\/p>\n<p>[\/et_pb_text][\/et_pb_column][\/et_pb_row][et_pb_row _builder_version=&#8221;4.27.6&#8243; _module_preset=&#8221;default&#8221; global_colors_info=&#8221;{}&#8221;][et_pb_column type=&#8221;4_4&#8243; _builder_version=&#8221;4.27.6&#8243; _module_preset=&#8221;default&#8221; global_colors_info=&#8221;{}&#8221;][et_pb_text _builder_version=&#8221;4.27.6&#8243; _module_preset=&#8221;default&#8221; text_font=&#8221;&#8211;et_global_body_font|&#8211;et_global_heading_font_weight|||||||&#8221; header_3_text_color=&#8221;#072130&#8243; global_colors_info=&#8221;{}&#8221;]<\/p>\n<h3>Dyskretne produkty na moczenie nocne dla lepszego snu<\/h3>\n<p>Nowoczesne produkty na moczenie nocne zosta\u0142y zaprojektowane z my\u015bl\u0105 o komforcie, dyskrecji i \u0142atwo\u015bci u\u017cytkowania. Wiele produkt\u00f3w wygl\u0105da jak zwyk\u0142a bielizna nocna i mo\u017cna je pra\u0107 i u\u017cywa\u0107 ponownie, co czyni je zar\u00f3wno praktycznymi, jak i bardziej ekologicznymi ni\u017c jednorazowe alternatywy. <\/p>\n<p>W przypadku rodzin z dzie\u0107mi odpowiednie produkty mog\u0105 zmniejszy\u0107 stres zwi\u0105zany z por\u0105 snu. W przypadku nastolatk\u00f3w i doros\u0142ych dyskretne rozwi\u0105zania u\u0142atwiaj\u0105 zachowanie prywatno\u015bci i uczestniczenie w codziennych czynno\u015bciach bez obaw. <\/p>\n<h3>Wybierz odpowiednie produkty na moczenie nocne<\/h3>\n<p>Wybieraj\u0105c produkty na moczenie nocne, warto kierowa\u0107 si\u0119 wiekiem u\u017cytkownika oraz celem: dora\u017an\u0105 ochron\u0105 lub d\u0142ugofalowym leczeniem. Pjama \u0142\u0105czy obie te funkcje, oferuj\u0105c najwy\u017csz\u0105 jako\u015b\u0107 materia\u0142\u00f3w i technologi\u0119 alarmow\u0105. <\/p>\n<p>W Pjama znajdziesz starannie opracowane produkty na moczenie nocne, kt\u00f3re \u0142\u0105cz\u0105 w sobie wygodne materia\u0142y, dyskretny design i nowoczesn\u0105 technologi\u0119 &#8211; wszystko po to, aby wspiera\u0107 lepszy sen i lepsz\u0105 jako\u015b\u0107 \u017cycia. <\/p>\n<p>[\/et_pb_text][\/et_pb_column][\/et_pb_row][\/et_pb_section]<\/p>\n","protected":false},"excerpt":{"rendered":"<p>Wybierz sprawdzone produkty na moczenie nocne, kt\u00f3re chroni\u0105 \u0142\u00f3\u017cko i gwarantuj\u0105 pe\u0142n\u0105 dyskrecj\u0119. Idealne rozwi\u0105zanie, gdy liczysz na komfort i spok\u00f3j ducha.Alarmy wybudzeniowe to nowoczesne produkty na moczenie nocne, kt\u00f3re lecz\u0105 przyczyn\u0119 problemu. Przetestowana klinicznie metoda dla dzieci i doros\u0142ych szukaj\u0105cych trwa\u0142ych efekt\u00f3w. Akcesoria i dodatkowe produkty na moczenie nocne: od wibruj\u0105cych zegark\u00f3w po wodoodporne [&hellip;]<\/p>\n","protected":false},"author":33,"featured_media":31076,"parent":0,"menu_order":0,"comment_status":"closed","ping_status":"closed","template":"","meta":{"_et_pb_use_builder":"on","_et_pb_old_content":"","_et_gb_content_width":"","footnotes":""},"class_list":["post-26279","page","type-page","status-publish","has-post-thumbnail","hentry"],"_links":{"self":[{"href":"https:\/\/pjama.eu\/pl\/wp-json\/wp\/v2\/pages\/26279","targetHints":{"allow":["GET"]}}],"collection":[{"href":"https:\/\/pjama.eu\/pl\/wp-json\/wp\/v2\/pages"}],"about":[{"href":"https:\/\/pjama.eu\/pl\/wp-json\/wp\/v2\/types\/page"}],"author":[{"embeddable":true,"href":"https:\/\/pjama.eu\/pl\/wp-json\/wp\/v2\/users\/33"}],"replies":[{"embeddable":true,"href":"https:\/\/pjama.eu\/pl\/wp-json\/wp\/v2\/comments?post=26279"}],"version-history":[{"count":20,"href":"https:\/\/pjama.eu\/pl\/wp-json\/wp\/v2\/pages\/26279\/revisions"}],"predecessor-version":[{"id":37018,"href":"https:\/\/pjama.eu\/pl\/wp-json\/wp\/v2\/pages\/26279\/revisions\/37018"}],"wp:featuredmedia":[{"embeddable":true,"href":"https:\/\/pjama.eu\/pl\/wp-json\/wp\/v2\/media\/31076"}],"wp:attachment":[{"href":"https:\/\/pjama.eu\/pl\/wp-json\/wp\/v2\/media?parent=26279"}],"curies":[{"name":"wp","href":"https:\/\/api.w.org\/{rel}","templated":true}]}}