{"id":24436,"date":"2022-12-15T14:46:15","date_gmt":"2022-12-15T13:46:15","guid":{"rendered":"https:\/\/pjama.eu\/product\/pjama-wibrujacy-zegarek-z-alarmem-jasnoniebieski\/"},"modified":"2026-04-14T11:28:47","modified_gmt":"2026-04-14T09:28:47","slug":"jasnoniebieski-zegarek-z-alarmem-wibracyjnym","status":"publish","type":"product","link":"https:\/\/pjama.eu\/pl\/produkt\/jasnoniebieski-zegarek-z-alarmem-wibracyjnym\/","title":{"rendered":"Pjama Wibruj\u0105cy zegarek z alarmem &#8211; Jasnoniebieski"},"content":{"rendered":"<h4>Pjama Wibruj\u0105cy zegarek z alarmem &#8211; Jasnoniebieski<\/h4>\n<p>The vibrating alarm watch is a sleek and modern wristwatch with a vibrating alarm, used for daytime urine leakage as a reminder to use the toilet. Alarm mo\u017cna ustawi\u0107 na maksymalnie 8 interwa\u0142\u00f3w w ci\u0105gu dnia. Opaska wykonana jest z mi\u0119kkiego i elastycznego silikonu, regulowanego do odpowiedniego rozmiaru. Wibruj\u0105cy zegarek Pjama z alarmem jest wyposa\u017cony w cyfrowy wy\u015bwietlacz LED. Ten wibruj\u0105cy zegarek z alarmem jest r\u00f3wnie\u017c idealny dla dzieci jako narz\u0119dzie przypominaj\u0105ce.<br \/>\nZegarek pokazuje czas tak jak zwyk\u0142y zegar.<br \/>\nWibruj\u0105cy zegarek z alarmem Pjama s\u0142u\u017cy do przypominania dzieciom lub doros\u0142ym o opr\u00f3\u017cnieniu p\u0119cherza w ci\u0105gu dnia lub o innych niezb\u0119dnych czynno\u015bciach. Dzia\u0142a jako praktyczny i dyskretny zegarek wibracyjny do codziennego u\u017cytku.  <\/p>\n<h4>CODZIENNE U\u017bYTKOWANIE<\/h4>\n<p>Pjama Wibruj\u0105cy zegarek z alarmem mo\u017ce by\u0107 u\u017cywany przez dzieci i doros\u0142ych, kt\u00f3rzy cierpi\u0105 na moczenie dzienne i potrzebuj\u0105 przypomnie\u0144 o p\u00f3j\u015bciu do toalety.<br \/>\n&#8211; Naci\u015bnij przycisk Godzina\/Alarm jeden raz, aby wy\u015bwietli\u0107 godzin\u0119.<br \/>\n&#8211; Naci\u015bnij dwukrotnie przycisk Czas\/Alarm, aby sprawdzi\u0107 poziom na\u0142adowania baterii (od 0 do 100 procent).<br \/>\n&#8211; Wibracje mo\u017cna zatrzyma\u0107 natychmiast, naciskaj\u0105c przycisk, lub automatycznie po 60 sekundach.<\/p>\n<p>Ten wibruj\u0105cy zegarek dla dzieci emituje dyskretne wibracje przypominaj\u0105ce o wizycie w toalecie.<\/p>\n<h4>\u0141ADOWANIE ZEGARKA<\/h4>\n<p>Wyjmij zegarek z silikonowego etui i pod\u0142\u0105cz port USB zegarka do power banku (5 V) lub laptopa. Niebieskie \u015bwiat\u0142o wskazuje, \u017ce trwa \u0142adowanie po pod\u0142\u0105czeniu kabla USB. Po pe\u0142nym na\u0142adowaniu niebieskie \u015bwiat\u0142o wska\u017anika pozostanie w\u0142\u0105czone. W pe\u0142ni na\u0142adowana bateria mo\u017ce dzia\u0142a\u0107 od 6 do 15 dni.<br \/>\nTen wibruj\u0105cy zegarek zosta\u0142 zaprojektowany tak, aby by\u0142 trwa\u0142y i \u0142atwy w u\u017cyciu zar\u00f3wno dla dzieci, jak i doros\u0142ych.   <\/p>\n<h4>Szczeg\u00f3\u0142y<\/h4>\n<p>\u0179r\u00f3d\u0142o zasilania: DC 5V, Wej\u015bcie \u0142adowania: Micro USB, Zakres temperatur: 0 do 45 stopni C.<\/p>\n<h4>Wskaz\u00f3wki dla dzieci z nietrzymaniem moczu w ci\u0105gu dnia<\/h4>\n<p>Moczenie dzienne u dzieci jest powszechnym problemem. Oko\u0142o 3-4% dzieci w wieku od 3 do 12 lat regularnie do\u015bwiadcza wycieku moczu w ci\u0105gu dnia, ale mo\u017ce on znikn\u0105\u0107 przy odpowiednim wsparciu. <\/p>\n<ul>\n<li>Zach\u0119caj dziecko do regularnego korzystania z toalety, nawet je\u015bli nie odczuwa takiej potrzeby.<\/li>\n<li>Zaplanuj regularne wizyty w toalecie i upewnij si\u0119, \u017ce dziecko ca\u0142kowicie opr\u00f3\u017cnia p\u0119cherz.<\/li>\n<li>Dziennik sikania mo\u017ce pom\u00f3c \u015bledzi\u0107 wzorce i poprawi\u0107 kontrol\u0119 nad p\u0119cherzem.<\/li>\n<li>Nigdy nie karz dziecka za wypadki &#8211; zamiast tego zach\u0119caj i buduj jego pewno\u015b\u0107 siebie.<\/li>\n<li>Upewnij si\u0119, \u017ce dziecko pije wystarczaj\u0105co du\u017co, aby utrzyma\u0107 prawid\u0142owe nawodnienie i u\u0142atwi\u0107 wizyty w toalecie.<\/li>\n<li>Wibruj\u0105cy zegarek z alarmem mo\u017ce by\u0107 \u015bwietn\u0105 pomoc\u0105, aby przypomnie\u0107 dziecku o p\u00f3j\u015bciu do toalety, zw\u0142aszcza gdy nie mo\u017cesz by\u0107 przy nim, aby przypomnie\u0107 mu o tym osobi\u015bcie.<\/li>\n<\/ul>\n<h4>Je\u015bli Twoje dziecko moczy si\u0119 w nocy w \u0142\u00f3\u017cku<\/h4>\n<p>Termin medyczny okre\u015blaj\u0105cy moczenie nocne to enureza nocna. Eksperci szacuj\u0105, \u017ce nawet 160 milion\u00f3w ludzi na ca\u0142ym \u015bwiecie cierpi z powodu moczenia nocnego. Moczenie nocne mo\u017ce mie\u0107 negatywny wp\u0142yw na rodzin\u0119, ale istniej\u0105 pewne wskaz\u00f3wki dotycz\u0105ce radzenia sobie z tym problemem. Oto ma\u0142a lista, kt\u00f3ra mo\u017ce okaza\u0107 si\u0119 pomocna:   <\/p>\n<ul>\n<li>Moczenie nocne nie jest win\u0105 dziecka. Nie karz ani nie dokuczaj dziecku. <\/li>\n<li>Pozw\u00f3l dziecku pi\u0107 tyle, ile chce. Szwedzkie badania wykaza\u0142y, \u017ce ma to niewielki wp\u0142yw na leczenie alarmu na moczenie nocne. <\/li>\n<li>U\u017cywaj <a href=\"https:\/\/pjama.eu\/pl\/produkty-na-moczenie-nocne\/\">Pjamy<\/a>, gdy dziecko \u015bpi, zar\u00f3wno w domu, jak i poza nim.<\/li>\n<li>W przypadku wycieku moczu w ci\u0105gu dnia, u\u017cyj Pjama Wibruj\u0105cy zegarek z alarmem.<\/li>\n<li>Pobierz nasz\u0105 <a href=\"https:\/\/pjama.eu\/pl\/aplikacja-do-leczenia-moczenia-nocnego\/\">aplikacj\u0119 DryGuardians<\/a>, aby korzysta\u0107 z kalendarza i \u015bledzi\u0107 post\u0119py. B\u0119dzie to r\u00f3wnie\u017c przydatne w przypadku kontaktu z lekarzem. <\/li>\n<li>Porozmawiaj o tym! Wielu doros\u0142ych i dzieci cierpi na moczenie nocne, ale nikt o tym nie m\u00f3wi. <\/li>\n<\/ul>\n<h4>Chcesz dowiedzie\u0107 si\u0119 wi\u0119cej?<\/h4>\n<p>Wi\u0119cej informacji na temat moczenia nocnego mo\u017cna znale\u017a\u0107 na naszej stronie<a href=\"https:\/\/pjama.eu\/pl\/co-to-jest-enureza\/\">&#8222;Co to jest moczenie nocne?<\/a>&#8222;.<\/p>\n","protected":false},"excerpt":{"rendered":"<h4>Pjama Wibruj\u0105cy zegarek z alarmem &#8211; Jasnoniebieski<\/h4>\n<p>Elegancki i nowoczesny Pjama Wibruj\u0105cy zegarek z alarmem, u\u017cywany w przypadku wycieku moczu w ci\u0105gu dnia jako przypomnienie o konieczno\u015bci skorzystania z toalety lub do innych przypomnie\u0144.<\/p>\n<ul>\n<li>Cyfrowy wy\u015bwietlacz LED.<\/li>\n<li>Zegarek pokazuje czas jak zwyk\u0142y zegar.<\/li>\n<li>Alarm mo\u017cna ustawi\u0107 na maksymalnie 8 interwa\u0142\u00f3w w ci\u0105gu dnia.<\/li>\n<li>Opaska wykonana jest z mi\u0119kkiego i elastycznego silikonu, regulowanego do odpowiedniego rozmiaru.<\/li>\n<li>\u0141adowanie przez Micro USB.<\/li>\n<li>Bateria w pe\u0142ni na\u0142adowanego zegarka dzia\u0142a od 6 do 15 dni.<\/li>\n<\/ul>\n<p>Gdy Pjama Wibruj\u0105cy zegarek z alarmem nie jest ju\u017c potrzebny do przypominania o toalecie, mo\u017ce by\u0107 u\u017cywany jako zwyk\u0142y zegarek na r\u0119k\u0119.<\/p>\n","protected":false},"featured_media":24437,"template":"","meta":{"_et_pb_use_builder":"","_et_pb_old_content":"","_et_gb_content_width":""},"product_brand":[],"product_cat":[321,322],"product_tag":[],"class_list":{"0":"post-24436","1":"product","2":"type-product","3":"status-publish","4":"has-post-thumbnail","6":"product_cat-zegarek-z-alarmem-wibracyjnym","7":"product_cat-akcesoria_2025","8":"product_shipping_class-ue","10":"first","11":"instock","12":"taxable","13":"shipping-taxable","14":"purchasable","15":"product-type-simple"},"composite_virtual":false,"composite_layout":"","composite_add_to_cart_form_location":"","composite_editable_in_cart":false,"composite_sold_individually_context":"","composite_shop_price_calc":"","composite_components":[],"composite_scenarios":[],"_links":{"self":[{"href":"https:\/\/pjama.eu\/pl\/wp-json\/wp\/v2\/product\/24436","targetHints":{"allow":["GET"]}}],"collection":[{"href":"https:\/\/pjama.eu\/pl\/wp-json\/wp\/v2\/product"}],"about":[{"href":"https:\/\/pjama.eu\/pl\/wp-json\/wp\/v2\/types\/product"}],"wp:featuredmedia":[{"embeddable":true,"href":"https:\/\/pjama.eu\/pl\/wp-json\/wp\/v2\/media\/24437"}],"wp:attachment":[{"href":"https:\/\/pjama.eu\/pl\/wp-json\/wp\/v2\/media?parent=24436"}],"wp:term":[{"taxonomy":"product_brand","embeddable":true,"href":"https:\/\/pjama.eu\/pl\/wp-json\/wp\/v2\/product_brand?post=24436"},{"taxonomy":"product_cat","embeddable":true,"href":"https:\/\/pjama.eu\/pl\/wp-json\/wp\/v2\/product_cat?post=24436"},{"taxonomy":"product_tag","embeddable":true,"href":"https:\/\/pjama.eu\/pl\/wp-json\/wp\/v2\/product_tag?post=24436"}],"curies":[{"name":"wp","href":"https:\/\/api.w.org\/{rel}","templated":true}]}}