{"id":24642,"date":"2020-06-04T09:46:01","date_gmt":"2020-06-04T07:46:01","guid":{"rendered":"https:\/\/pjama.eu\/product\/pjama-dryguardians-zestaw-alarmowy-przeciw-moczeniu-nocnemu\/"},"modified":"2026-03-19T07:44:22","modified_gmt":"2026-03-19T06:44:22","slug":"pjama-dryguardians-zestaw-alarmowy-przeciw-moczeniu-nocnemu","status":"publish","type":"product","link":"https:\/\/pjama.eu\/pl\/produkt\/pjama-dryguardians-zestaw-alarmowy-przeciw-moczeniu-nocnemu\/","title":{"rendered":"Pjama DryGuardians Zestaw alarmowy przeciw moczeniu nocnemu"},"content":{"rendered":"<h3>Pjama DryGuardians Zestaw alarmowy przeciw moczeniu nocnemu<\/h3>\n<h4>Leczenie za pomoc\u0105 alarmu na moczenie nocne<\/h4>\n<p>Pjama DryGuardians Zestaw alarmowy przeciw moczeniu nocnemu jest skutecznym narz\u0119dziem do leczenia<br \/>\nmoczenia nocnego i moczenia nocnego zar\u00f3wno u dzieci, jak i doros\u0142ych. Badania pokazuj\u0105, \u017ce<br \/>\nutrzymanie motywacji i konsekwentne stosowanie leczenia ka\u017cdej nocy jest kluczem do<br \/>\nprzezwyci\u0119\u017cenia moczenia nocnego. Ten zestaw u\u0142atwia pozostanie na dobrej drodze i osi\u0105gni\u0119cie sukcesu.  <\/p>\n<p>Alarm dzia\u0142a ze wszystkimi rodzajami odzie\u017cy do leczenia moczenia nocnego, w tym spodniami, szortami i bielizn\u0105.<br \/>\nSk\u0142ada si\u0119 z czujnika, kt\u00f3ry przypina si\u0119 do ubrania i g\u0142o\u015bnika umieszczonego w pobli\u017cu \u0142\u00f3\u017cka.<br \/>\nGdy czujnik wykryje wilgo\u0107, uruchamia si\u0119 alarm, budz\u0105c u\u017cytkownika. Konsekwentne stosowanie pomaga<br \/>\ntrenowa\u0107 m\u00f3zg, aby reagowa\u0142 na sygna\u0142y cia\u0142a i prze\u0142amywa\u0142 nawyk moczenia nocnego. <\/p>\n<p>Dzi\u0119ki kompletnemu zestawowi do leczenia Pjama (w tym szarym spodniom lub szortom do leczenia), otrzymujesz zar\u00f3wno ochron\u0119<br \/>\n, jak i leczenie w jednym. W przypadku nocowania czujnik mo\u017cna pod\u0142\u0105czy\u0107 do urz\u0105dzenia<br \/>\n<strong>Aplikacja DryGuardians<\/strong> na telefonie, pozwalaj\u0105ca na dyskretne wibracje zamiast g\u0142o\u015bnego alarmu.<br \/>\nW ten spos\u00f3b dzieci mog\u0105 kontynuowa\u0107 leczenie bez zak\u0142\u00f3ce\u0144, nawet poza domem.<\/p>\n<h4>Jak dzia\u0142a alarm na moczenie nocne Pjama DryGuardians?<\/h4>\n<p>Czujnik mocuje si\u0119 do paska odzie\u017cy Pjama, kt\u00f3ra jest wyposa\u017cona w zintegrowane przewody czujnika<br \/>\n, kt\u00f3re rozszerzaj\u0105 obszar wykrywania. Zapewnia to niezawodne wykrywanie bez wzgl\u0119du na to, gdzie wyl\u0105duje mocz lub<x id=\"gid_1\"><\/x>w jakiej pozycji do spania znajduje si\u0119 u\u017cytkownik. Ta funkcjonalno\u015b\u0107 jest szczeg\u00f3lnie cenna dla ch\u0142opc\u00f3w,<br \/>\nale r\u00f3wnie wa\u017cna dla dziewcz\u0105t, kt\u00f3re \u015bpi\u0105 w r\u00f3\u017cnych pozycjach.  <\/p>\n<p>Po wykryciu wilgoci, pod\u0142\u0105czony do urz\u0105dzenia alarm natychmiast si\u0119 aktywuje, przerywaj\u0105c moczenie nocne<br \/>\ni zach\u0119caj\u0105c u\u017cytkownika do obudzenia si\u0119 i skorzystania z \u0142azienki.<\/p>\n<h4>Cechy i korzy\u015bci<\/h4>\n<ul>\n<li><strong>Skuteczne leczenie:<\/strong> Wspomaga dzieci i doros\u0142ych cierpi\u0105cych na moczenie nocne.<\/li>\n<li><strong>Zaprojektowany z my\u015bl\u0105 o nocowaniu:<\/strong> Sparuj z aplikacj\u0105 DryGuardians, aby uzyska\u0107 dyskretne wibracje.<\/li>\n<li><strong>\u0141adowanie przez USB:<\/strong> Wygodne i szybkie \u0142adowanie przez USB.<\/li>\n<li><strong>System bezprzewodowy:<\/strong> Jednostk\u0119 alarmow\u0105 mo\u017cna umie\u015bci\u0107 w odleg\u0142o\u015bci do 10 metr\u00f3w od czujnika.<\/li>\n<li><strong>Powiadomienia dla rodzic\u00f3w:<\/strong> Pod\u0142\u0105cz alarm do telefonu rodzica, aby otrzymywa\u0107 natychmiastowe powiadomienia.<\/li>\n<\/ul>\n<h4>\u015aledzenie post\u0119p\u00f3w za pomoc\u0105 aplikacji DryGuardians<\/h4>\n<p>Aplikacja DryGuardians umo\u017cliwia rejestrowanie wypadk\u00f3w, \u015bledzenie post\u0119p\u00f3w leczenia i otrzymywanie spersonalizowanych zalece\u0144<br \/>\nopracowanych we wsp\u00f3\u0142pracy ze szwedzk\u0105 s\u0142u\u017cb\u0105 zdrowia. Te spostrze\u017cenia pomagaj\u0105 zoptymalizowa\u0107 leczenie<br \/>\ni dostarczaj\u0105 cennych informacji, kt\u00f3re w razie potrzeby mo\u017cna udost\u0119pni\u0107 lekarzom. <\/p>\n<h4>Praktyczne wskaz\u00f3wki dotycz\u0105ce u\u017cytkowania<\/h4>\n<ul>\n<li>Upewnij si\u0119, \u017ce odzie\u017c jest odpowiednio dopasowana i ustaw g\u0142o\u015bno\u015b\u0107 alarmu na odpowiednim poziomie.<\/li>\n<li>Naucz dzieci, jak dzia\u0142a alarm i zaanga\u017cuj je w ten proces.<\/li>\n<li>Gdy w\u0142\u0105czy si\u0119 alarm, obud\u017a dziecko i zaprowad\u017a je do \u0142azienki.<\/li>\n<li>Post\u0119puj zgodnie z instrukcjami prania odzie\u017cy, aby zachowa\u0107 jej jako\u015b\u0107.<\/li>\n<\/ul>\n<h4>Piel\u0119gnacja czujnik\u00f3w<\/h4>\n<p><span style=\"font-weight: 400;\">Aby uzyska\u0107 najlepsz\u0105 wydajno\u015b\u0107, po u\u017cyciu nale\u017cy zawsze zdj\u0105\u0107 i wysuszy\u0107 czujnik.<\/span><span style=\"font-weight: 400;\"><br \/>\n<\/span><span style=\"font-weight: 400;\">Unikaj pozostawiania go przymocowanego do mokrej odzie\u017cy &#8211; pomaga to zapobiega\u0107 korozji i wyd\u0142u\u017ca \u017cywotno\u015b\u0107 baterii.<\/span><\/p>\n<h4>Motywacja i cierpliwo\u015b\u0107 s\u0105 kluczowe<\/h4>\n<p>Leczenie moczenia nocnego wymaga czasu, motywacji i zach\u0119ty. Rodzice powinni wspiera\u0107 swoje dzieci<x id=\"gid_0\"><\/x>pozytywnymi informacjami zwrotnymi i \u015bwi\u0119towa\u0107 post\u0119py. Wyznaczanie mniejszych kamieni milowych pomaga utrzyma\u0107 motywacj\u0119<br \/>\nna wysokim poziomie, a ostatecznym celem jest uwolnienie si\u0119 od moczenia nocnego.  <\/p>\n<p>Aby uzyska\u0107 wi\u0119cej informacji na temat moczenia nocnego i rozwi\u0105za\u0144 terapeutycznych, odwied\u017a nasz\u0105 stron\u0119<br \/>\nlub pobra\u0107 instrukcj\u0119 <a href=\"https:\/\/pjama.eu\/pl\">obs\u0142ugi<\/a> produktu<br \/>\n<a href=\"https:\/\/pjama.eu\/pl\/instrukcje-obslugi-produktow\/\">tutaj<\/a>.<\/p>\n<footer>\u00a9 2024 Pjama.<\/footer>\n","protected":false},"excerpt":{"rendered":"<h3>Alarm na moczenie nocne &#8211; zawiera czujnik i g\u0142o\u015bnik &#8211; cz\u0119\u015b\u0107 metody DryGuardians<\/h3>\n<p>Pjama DryGuardians Zestaw alarmowy przeciw moczeniu nocnemu zawiera:<\/p>\n<ul>\n<li>Czujnik mocowany za pomoc\u0105 zatrzask\u00f3w<\/li>\n<li>G\u0142o\u015bnik do umieszczenia w pobli\u017cu \u0142\u00f3\u017cka<\/li>\n<\/ul>\n<p>Czujnik mocuje si\u0119 do spodni na moczenie nocne, szort\u00f3w, bokserek lub majtek i zapewnia<br \/>\nprosty, skuteczny i niezawodny spos\u00f3b leczenia moczenia nocnego i enurezy.<\/p>\n<p>Aby korzysta\u0107 z alarmu na moczenie nocne za pomoc\u0105 smartfona, nale\u017cy pobra\u0107 aplikacj\u0119<br \/>\n<strong>DryGuardians App<\/strong> za darmo od<br \/>\n<a href=\"https:\/\/play.google.com\/store\/apps\/details?id=com.pjama&amp;hl=pl&amp;gl=PL\">Google Play<\/a><br \/>\nlub <a href=\"https:\/\/apps.apple.com\/pl\/app\/dryguardians\/id1498084664\">App Store<\/a>.<\/p>\n","protected":false},"featured_media":31179,"template":"","meta":{"_et_pb_use_builder":"off","_et_pb_old_content":"<h3>Bedwetting Alarm for Pjama Treatment Series<\/h3>\r\n<h4>Treatment with Bedwetting Alarm<\/h4>\r\nThe bedwetting alarm is an effective tool for treating bedwetting and nighttime enuresis, for both children and adults. Research shows that about 70% of individuals who undergo bedwetting treatment with an alarm are completely cured, provided there is motivation to follow the treatment every night during the treatment period. The Pjama bedwetting alarm works with all Pjama treatment garments, including pants, shorts, and underwear. The alarm consists of a sensor that clips onto Pjama pants or underwear and a loudspeaker unit placed by the bed. When the sensor detects moisture, the bedwetting alarm is triggered, waking the person undergoing treatment. Consistent use during the treatment period helps break the bedwetting habit, also known as nighttime enuresis.\r\n\r\nWith the Pjama treatment kit, which includes gray treatment pants or shorts, you get both protection and treatment in one. The Pjama pants or shorts keep the bed dry, while the bedwetting alarm helps establish new routines. For sleepovers, the sensor can be connected to the DryGuardians app on your phone, allowing for discreet vibrations instead of a loud alarm. This is perfect for children with enuresis who want to attend sleepovers without interrupting their treatment.\r\n<h4>How Does the Pjama Bedwetting Alarm Work?<\/h4>\r\nThe bedwetting alarm is designed to help both children and adults with bedwetting and acts as a first-line treatment for enuresis. The sensor attached to the Pjama clothing is connected to an alarm unit that activates upon contact with moisture. This bedwetting treatment works by immediately interrupting the bedwetting, training the brain to respond to the body's signals. The treatment garments have integrated sensor wires, which increase the surface area of the sensor. This means that no matter where the urine lands or the sleeping position you or your child is in, the alarm will reliably detect bedwetting. This feature can be especially valuable for boys, as the area where urine first contacts can vary. The same applies to girls who sleep in different positions, particularly if they often sleep on their back.\r\n<h4>Features and Benefits of the Pjama Bedwetting Alarm<\/h4>\r\n<ul>\r\n \t<li><strong>Effective Treatment:<\/strong> Helps with nighttime enuresis for both children and adults.<\/li>\r\n \t<li><strong>Designed for Sleepovers:<\/strong> Use a mobile phone and the DryGuardians app for discreet treatment.<\/li>\r\n \t<li><strong>USB Charging:<\/strong> The alarm unit is easily charged with a USB charger.<\/li>\r\n \t<li><strong>Wireless System:<\/strong> The alarm unit can be placed up to 10 meters from the sensor.<\/li>\r\n \t<li><strong>Parent Notifications:<\/strong> Connect the bedwetting alarm to a parent's phone to receive notifications upon leakage.<\/li>\r\n<\/ul>\r\n<h4>Track Progress with the DryGuardians App<\/h4>\r\nWith the DryGuardians app, you can easily track progress in treating bedwetting and nighttime enuresis. DryGuardians provides predictions and recommendations developed in collaboration with Swedish healthcare, tailored to how your treatment progresses and ensuring that it is optimized for your specific circumstances and results. Log all accidents and track trends over time, which can help you or your child stay motivated. The collected information is also valuable to share with a doctor if additional advice is needed.\r\n<h4>Practical Tips for Use<\/h4>\r\n<ul>\r\n \t<li>Ensure the clothes fit properly and choose an alarm volume that suits your needs.<\/li>\r\n \t<li>Teach the child how the bedwetting alarm works and involve them in the process.<\/li>\r\n \t<li>When the alarm goes off, wake the child and help them go to the bathroom.<\/li>\r\n \t<li>Wash the Pjama garments according to the instructions to maintain quality.<\/li>\r\n<\/ul>\r\n<h4>Motivation and Patience Are Key<\/h4>\r\nTreating bedwetting and nighttime enuresis is a process that requires both motivation and patience, whether you are an adult or a child. Parents should encourage their children and provide positive feedback for every progress made. Setting smaller goals along the way can help maintain high motivation, with the ultimate goal of becoming free from bedwetting.\r\n\r\nFor more information about bedwetting alarms and enuresis alarms for both children and adults, read more on our <a href=\"https:\/\/pjama.se\">website<\/a> or download the manual <a href=\"https:\/\/pjama.se\/produkt-manualer\/\">here<\/a>.\r\n\r\n<footer>\u00a9 2024 Pjama.<\/footer>\u00a0","_et_gb_content_width":""},"product_brand":[],"product_cat":[347,345,346,348],"product_tag":[],"class_list":{"0":"post-24642","1":"product","2":"type-product","3":"status-publish","4":"has-post-thumbnail","6":"product_cat-alarm-na-moczenie-nocne","7":"product_cat-akcesoria","8":"product_cat-leczenie-pjama","9":"product_cat-pjamadryguardians_2025","10":"product_shipping_class-ue","12":"first","13":"instock","14":"taxable","15":"shipping-taxable","16":"purchasable","17":"product-type-simple"},"composite_virtual":false,"composite_layout":"","composite_add_to_cart_form_location":"","composite_editable_in_cart":false,"composite_sold_individually_context":"","composite_shop_price_calc":"","composite_components":[],"composite_scenarios":[],"_links":{"self":[{"href":"https:\/\/pjama.eu\/pl\/wp-json\/wp\/v2\/product\/24642","targetHints":{"allow":["GET"]}}],"collection":[{"href":"https:\/\/pjama.eu\/pl\/wp-json\/wp\/v2\/product"}],"about":[{"href":"https:\/\/pjama.eu\/pl\/wp-json\/wp\/v2\/types\/product"}],"wp:featuredmedia":[{"embeddable":true,"href":"https:\/\/pjama.eu\/pl\/wp-json\/wp\/v2\/media\/31179"}],"wp:attachment":[{"href":"https:\/\/pjama.eu\/pl\/wp-json\/wp\/v2\/media?parent=24642"}],"wp:term":[{"taxonomy":"product_brand","embeddable":true,"href":"https:\/\/pjama.eu\/pl\/wp-json\/wp\/v2\/product_brand?post=24642"},{"taxonomy":"product_cat","embeddable":true,"href":"https:\/\/pjama.eu\/pl\/wp-json\/wp\/v2\/product_cat?post=24642"},{"taxonomy":"product_tag","embeddable":true,"href":"https:\/\/pjama.eu\/pl\/wp-json\/wp\/v2\/product_tag?post=24642"}],"curies":[{"name":"wp","href":"https:\/\/api.w.org\/{rel}","templated":true}]}}