{"id":24704,"date":"2021-01-29T14:39:48","date_gmt":"2021-01-29T13:39:48","guid":{"rendered":"https:\/\/pjama.eu\/product\/glosnik-alarmowy-pjama-dryguardians\/"},"modified":"2025-12-15T18:16:47","modified_gmt":"2025-12-15T17:16:47","slug":"glosnik-alarmowy-pjama-dryguardians","status":"publish","type":"product","link":"https:\/\/pjama.eu\/pl\/produkt\/glosnik-alarmowy-pjama-dryguardians\/","title":{"rendered":"G\u0142o\u015bnik alarmowy Pjama DryGuardians"},"content":{"rendered":"<h3>G\u0142o\u015bnik alarmowy Pjama DryGuardians<\/h3>\n<p>G\u0142o\u015bnik alarmowy Pjama DryGuardians dzia\u0142a zar\u00f3wno z <a href=\"https:\/\/pjama.eu\/pl\/produkt\/pjama-dryguardians-autonomiczny-czujnik-alarmowy\/\">Pjama DryGuardians Czujnik alarmowy Autonomiczny<\/a> oraz<br \/>\nPjama DryGuardians Czujnik<br \/>\n<a href=\"https:\/\/pjama.eu\/pl\/przewodnik-po-rozmiarach\/\">Przewodnik po rozmiarach<\/a>.<\/p>\n<h4>Cz\u0119\u015b\u0107 systemu alarmowego na moczenie nocne Pjama<\/h4>\n<p>G\u0142o\u015bnik alarmowy Pjama DryGuardians mo\u017cna sparowa\u0107 z czujnikiem alarmowym Pjama DryGuardians<br \/>\nu\u017cywanym w spodniach leczniczych, szortach i bieli\u017anie. G\u0142o\u015bnik umo\u017cliwia wyb\u00f3r d\u017awi\u0119k\u00f3w alarmowych,<br \/>\nregulacj\u0119 g\u0142o\u015bno\u015bci i parowanie z wieloma czujnikami. G\u0142o\u015bnik \u0142aduje si\u0119 za pomoc\u0105 do\u0142\u0105czonego kabla USB.<br \/>\nAby uzyska\u0107 dodatkowe jednostki d\u017awi\u0119kowe, rodzice mog\u0105 r\u00f3wnie\u017c skorzysta\u0107 z funkcji alarmu w aplikacji DryGuardians.<br \/>Pobierz <strong>aplikacj\u0119 DryGuardians<\/strong> ze strony<br \/>\n<a href=\"https:\/\/play.google.com\/store\/apps\/details?id=com.pjama&amp;hl=pl&amp;gl=PL\" target=\"_blank\" rel=\"noopener\">Google Play<\/a><br \/>\nlub <a href=\"https:\/\/apps.apple.com\/pl\/app\/dryguardians\/id1498084664\" target=\"_blank\" rel=\"noopener\">App Store<\/a>.<\/p>\n<h4>Produkt zawiera:<\/h4>\n<ul>\n<li>1 \u00d7 G\u0142o\u015bnik alarmowy Pjama DryGuardians<\/li>\n<\/ul>\n<h4>U\u017cycie<\/h4>\n<p>Umie\u015b\u0107 G\u0142o\u015bnik alarmowy Pjama DryGuardians w odleg\u0142o\u015bci do 10 metr\u00f3w od czujnika, aby uzyska\u0107 najlepsze rezultaty.<br \/>\nGdy w\u0142\u0105czy si\u0119 alarm, dziecko mo\u017ce go wy\u0142\u0105czy\u0107, naciskaj\u0105c przycisk &#8222;ON&#8221; na g\u00f3rze g\u0142o\u015bnika.<br \/>\nAby korzysta\u0107 z alarmu za pomoc\u0105 smartfona, nale\u017cy pobra\u0107 aplikacj\u0119 DryGuardians App ze strony<br \/>\n<a href=\"https:\/\/play.google.com\/store\/apps\/details?id=com.pjama&amp;hl=pl&amp;gl=PL\" target=\"_blank\" rel=\"noopener\">Google Play<\/a> lub<br \/>\n<a href=\"https:\/\/apps.apple.com\/pl\/app\/dryguardians\/id1498084664\" target=\"_blank\" rel=\"noopener\">App Store<\/a>.<\/p>\n<h4>Parowanie z czujnikiem<\/h4>\n<p>Sparuj czujnik z g\u0142o\u015bnikiem alarmowym Pjama DryGuardians, naciskaj\u0105c jednocze\u015bnie przyciski &#8222;g\u0142o\u015bno\u015b\u0107&#8221; i &#8222;ton&#8221;<br \/>\nprzez 3 sekundy. Nast\u0119pnie zewrzyj czujnik, umieszczaj\u0105c metalowy przedmiot<br \/>\n(n\u00f3\u017c lub no\u017cyczki) w poprzek przycisk\u00f3w lub u\u017cyj kropli wody na powierzchni w przypadku czujnik\u00f3w bez przycisk\u00f3w.<br \/>\nPo 3-5 sekundach g\u0142o\u015bnik wyda d\u017awi\u0119k potwierdzaj\u0105cy pomy\u015blne sparowanie. <\/p>\n<h4>Informacje o produkcie<\/h4>\n<ul>\n<li><em>Kolor:<\/em> jasnoniebieski<\/li>\n<li><em>Wymiary (szer. \u00d7 wys. \u00d7 g\u0142.):<\/em> 11 \u00d7 7 \u00d7 3 cm<\/li>\n<li><em>\u0141adowanie:<\/em> \u0141adowarka USB (w zestawie)<\/li>\n<li><em>Czas \u0142adowania:<\/em> Komputer: 4-6 h \/ Zasilacz sieciowy 5V1.0A: 3 h<\/li>\n<li><em>G\u0142o\u015bno\u015b\u0107:<\/em> Regulowana<\/li>\n<li><em>Sygna\u0142y alarmowe:<\/em> 7 typ\u00f3w<\/li>\n<li>Pe\u0142na instrukcja dost\u0119pna jest na naszej<a href=\"https:\/\/pjama.eu\/pl\/instrukcje-obslugi-produktow\/\">stronie internetowej<br \/>\n<\/a>.<\/li>\n<li>Dowiedz si\u0119 wi\u0119cej o moczeniu nocnym<br \/>\n<a href=\"https:\/\/pjama.eu\/pl\/co-to-jest-enureza\/\">tutaj.<\/a><\/li>\n<\/ul>\n<h4>\u015aledzenie post\u0119p\u00f3w za pomoc\u0105 aplikacji DryGuardians<\/h4>\n<p>Aplikacja DryGuardians zapewnia kalendarz do rejestrowania, funkcje alarmu, wiele sygna\u0142\u00f3w,<br \/>\ni pomocne wskaz\u00f3wki. Mo\u017cna r\u00f3wnie\u017c ustawi\u0107 alarmy dzienne dla dzieci, kt\u00f3re do\u015bwiadczaj\u0105 moczenia<x id=\"gid_1\"><\/x>w ci\u0105gu dnia. Aplikacj\u0119 mo\u017cna pobra\u0107 bezp\u0142atnie i po\u0142\u0105czy\u0107 si\u0119 z klinik\u0105 moczenia nocnego DryGuardians<br \/>\n, kt\u00f3ra oferuje spersonalizowane wskaz\u00f3wki i porady dotycz\u0105ce leczenia.<br \/>\nNie zapomnij rejestrowa\u0107 wynik\u00f3w co noc, aby \u015bledzi\u0107 post\u0119py i dzieli\u0107 si\u0119 spostrze\u017ceniami z opiekunami.  <\/p>\n<h4>Leczenie wymaga motywacji i cierpliwo\u015bci<\/h4>\n<p>Cierpliwo\u015b\u0107 jest niezb\u0119dna w leczeniu moczenia nocnego. Ostatecznym celem jest suche \u0142\u00f3\u017cko bez pomocy,<br \/>\nale wyznaczanie mniejszych kamieni milowych po drodze sprawia, \u017ce podr\u00f3\u017c jest \u0142atwiejsza do opanowania.<br \/>\nRodzice odgrywaj\u0105 kluczow\u0105 rol\u0119, utrzymuj\u0105c motywacj\u0119 dzieci za pomoc\u0105 zach\u0119ty i pozytywnych informacji zwrotnych.<br \/>\nB\u0105d\u017a konsekwentny i pozw\u00f3l G\u0142o\u015bnikowi alarmowemu DryGuardians i aplikacji by\u0107 cz\u0119\u015bci\u0105 podr\u00f3\u017cy<br \/>\nw kierunku sucho\u015bci. <\/p>\n<footer>\u00a9 2024 Pjama.<\/footer>\n","protected":false},"excerpt":{"rendered":"<h3><span data-sheets-root=\"1\">Zewn\u0119trzny g\u0142o\u015bnik do bezpiecznego budzenia alarmem &#8211; cz\u0119\u015b\u0107 metody DryGuardians<\/span><\/h3>\n<p>Dodatkowy g\u0142o\u015bnik do alarm\u00f3w na moczenie nocne Pjama.<\/p>\n<p>Wsp\u00f3\u0142pracuje zar\u00f3wno z alarmem na moczenie nocne Pjama Connect, jak i czujnikiem alarmowym<br \/>\nPjama DryGuardians do spodni na moczenie nocne, szort\u00f3w, majtek i bokserek.<\/p>\n","protected":false},"featured_media":31203,"template":"","meta":{"_et_pb_use_builder":"off","_et_pb_old_content":"<h3>Pjama Speaker<\/h3>\r\nThe Pjama Speaker works with both the <a href=\"https:\/\/pjama.se\/sangvatningslarm\/\">Pjama Connect Bedwetting Alarm<\/a> and the <a href=\"https:\/\/pjama.se\/produkter\/pjama-sensor\/\">Pjama Sensor<\/a> for Pjama treatment pants, shorts, and underwear.\r\n<h4>Part of the Pjama Bedwetting Alarm System<\/h4>\r\nThe Pjama Speaker can be connected to the Pjama Sensor used with treatment pants, shorts, and underwear from Pjama. With the Pjama Speaker, you can choose the alarm signal, adjust the volume, and pair it with different sensors from Pjama. The speaker is charged using the included USB cable. If you want an additional sound unit to, for example, wake you as a parent, you can use the alarm function in the DryGuardians App on your phone. Download the <em>DryGuardians App<\/em> from <a href=\"https:\/\/play.google.com\/store\/apps\/details?id=com.pjama&gl=sv&hl=sv\">Google Play<\/a> or <a href=\"https:\/\/apps.apple.com\/sv\/app\/pjama\/id1498084664?mt=8&l=sv\">App Store<\/a>.\r\n<h4>This Product Includes:<\/h4>\r\n<ul>\r\n \t<li>1 x Pjama Speaker<\/li>\r\n<\/ul>\r\n<h4>Usage<\/h4>\r\nDuring treatment, place the Pjama Speaker within 10 meters of the sensor for best results. When the alarm sounds, your child can easily turn off the alarm by pressing the \"ON\" button on the top of the speaker. To use the bedwetting alarm with your smartphone, you need to download the DryGuardians App from <a href=\"https:\/\/play.google.com\/store\/apps\/details?id=com.pjama\">Google Play<\/a> or <a href=\"https:\/\/apps.apple.com\/se\/app\/pjama\/id1498084664\">App Store<\/a>.\r\n<h4>Pairing with Sensor<\/h4>\r\nPair the sensor with the Pjama Speaker by pressing the \"volume\" and \"tone\" buttons on the speaker unit simultaneously for 3 seconds. Then short-circuit the sensor by placing a metal object such as a knife or scissors on the sensor buttons, or by placing a drop of water on the sensor surface if you have a buttonless sensor. Let the metal object stay on the sensor for about 3-5 seconds, and the speaker will indicate that the sensor is paired by sounding the alarm.\r\n<h4>Product Info<\/h4>\r\n<ul>\r\n \t<li><em>Color: Light Blue<\/em><\/li>\r\n \t<li><em>Dimensions (w-h-d): 11 x 7 x 3 cm<\/em><\/li>\r\n \t<li>Charging: Charges with a USB charger (included)<\/li>\r\n \t<li>Charging time (full charge): Via Computer: 4-6 hrs. Via AC Adapter 5V1.0A: 3 hrs<\/li>\r\n \t<li>Volume: Adjustable<\/li>\r\n \t<li>Alarm Signals: 7 types<\/li>\r\n \t<li>The full manual for the Pjama bedwetting alarm can be found on our <a href=\"https:\/\/pjama.se\/produkt-manualer\/\">website<\/a>.<\/li>\r\n \t<li>Learn more about bedwetting <a href=\"https:\/\/www.rikshandboken-bhv.se\/pediatrik\/uro-genitalt\/sangvatning-hos-barn\/\">here<\/a>.<\/li>\r\n<\/ul>\r\n<h4>Track Your Progress with the DryGuardians App<\/h4>\r\nThe DryGuardians App includes several features. You get access to a calendar for logging, alarm functions, different alarm signals, and general tips and advice to assist with bedwetting treatment. It\u2019s also possible to set daytime alarms for children who experience leaks during the day. The DryGuardians App is free to download from <a href=\"https:\/\/play.google.com\/store\/apps\/details?id=com.pjama&gl=sv&hl=sv\">Google Play<\/a> or <a href=\"https:\/\/apps.apple.com\/sv\/app\/pjama\/id1498084664?mt=8&l=sv\">App Store<\/a>. DryGuardians Bedwetting Clinic gives you personalized tips and guidance through the app during your bedwetting treatment.\r\n\r\nDon\u2019t forget to log the night\u2019s results in the DryGuardians app to keep track of your or your child\u2019s progress. Learn more about the DryGuardians app and bedwetting clinic on our <a href=\"https:\/\/pjama.se\/pjama-sangvatningsklinik\/\">website<\/a>.\r\n<h4>Treatment is a Process Where Motivation and Patience are Key<\/h4>\r\nPatience is key! For faster and long-lasting improvement, patience and motivation are required. If you are a new Pjama user, it\u2019s helpful to keep your ultimate goal in mind \u2013 a dry bed without assistance. If your end goal feels far away, you can set smaller milestones along the way. If you are a parent of a child using Pjama treatment, it\u2019s important to keep the child motivated as well. Provide positive feedback and compliments. If you are motivated, your child will be too! Let Pjama be part of the journey to help your child stay dry!\r\n\r\n\u00a0","_et_gb_content_width":""},"product_brand":[],"product_cat":[322],"product_tag":[],"class_list":{"0":"post-24704","1":"product","2":"type-product","3":"status-publish","4":"has-post-thumbnail","6":"product_cat-akcesoria_2025","7":"product_shipping_class-ue","9":"first","10":"instock","11":"taxable","12":"shipping-taxable","13":"purchasable","14":"product-type-simple"},"composite_virtual":false,"composite_layout":"","composite_add_to_cart_form_location":"","composite_editable_in_cart":false,"composite_sold_individually_context":"","composite_shop_price_calc":"","composite_components":[],"composite_scenarios":[],"_links":{"self":[{"href":"https:\/\/pjama.eu\/pl\/wp-json\/wp\/v2\/product\/24704","targetHints":{"allow":["GET"]}}],"collection":[{"href":"https:\/\/pjama.eu\/pl\/wp-json\/wp\/v2\/product"}],"about":[{"href":"https:\/\/pjama.eu\/pl\/wp-json\/wp\/v2\/types\/product"}],"wp:featuredmedia":[{"embeddable":true,"href":"https:\/\/pjama.eu\/pl\/wp-json\/wp\/v2\/media\/31203"}],"wp:attachment":[{"href":"https:\/\/pjama.eu\/pl\/wp-json\/wp\/v2\/media?parent=24704"}],"wp:term":[{"taxonomy":"product_brand","embeddable":true,"href":"https:\/\/pjama.eu\/pl\/wp-json\/wp\/v2\/product_brand?post=24704"},{"taxonomy":"product_cat","embeddable":true,"href":"https:\/\/pjama.eu\/pl\/wp-json\/wp\/v2\/product_cat?post=24704"},{"taxonomy":"product_tag","embeddable":true,"href":"https:\/\/pjama.eu\/pl\/wp-json\/wp\/v2\/product_tag?post=24704"}],"curies":[{"name":"wp","href":"https:\/\/api.w.org\/{rel}","templated":true}]}}