{"id":24734,"date":"2022-12-15T14:31:34","date_gmt":"2022-12-15T13:31:34","guid":{"rendered":"https:\/\/pjama.eu\/product\/pjama-wibrujacy-zegarek-z-alarmem-czarny\/"},"modified":"2025-12-14T19:42:53","modified_gmt":"2025-12-14T18:42:53","slug":"pjama-wibrujacy-zegarek-z-alarmem-czarny","status":"publish","type":"product","link":"https:\/\/pjama.eu\/pl\/produkt\/pjama-wibrujacy-zegarek-z-alarmem-czarny\/","title":{"rendered":"Pjama Wibruj\u0105cy zegarek z alarmem &#8211; Czarny"},"content":{"rendered":"<h4>Pjama Wibruj\u0105cy zegarek z alarmem &#8211; Czarny<\/h4>\n<p>Stylowy i nowoczesny wibruj\u0105cy zegarek z alarmem, stosowany w przypadku wycieku moczu w ci\u0105gu dnia jako przypomnienie o konieczno\u015bci udania si\u0119 do toalety lub do innych przypomnie\u0144.<\/p>\n<ul>\n<li>Cyfrowy ekran LED.<\/li>\n<li>Zegarek pokazuje czas tak jak zwyk\u0142y zegarek.<\/li>\n<li>Alarm mo\u017cna ustawi\u0107 na maksymalnie 8 interwa\u0142\u00f3w w ci\u0105gu dnia.<\/li>\n<li>Opaska wykonana jest z mi\u0119kkiego i elastycznego silikonu, regulowanego do odpowiedniego rozmiaru.<\/li>\n<li>\u0141adowanie przez Micro USB.<\/li>\n<li>Bateria w pe\u0142ni na\u0142adowanego zegarka mo\u017ce wytrzyma\u0107 od 6 do 15 dni.<\/li>\n<\/ul>\n<p>Gdy wibruj\u0105cy zegarek przypominaj\u0105cy nie jest ju\u017c potrzebny do przypominania o toalecie, doskonale sprawdza si\u0119 jako zwyk\u0142y zegarek na r\u0119k\u0119.<\/p>\n<h4>Codzienne u\u017cytkowanie<\/h4>\n<p>Pjama Wibruj\u0105cy zegarek z alarmem &#8211; czarny mo\u017ce by\u0107 u\u017cywany przez dzieci i doros\u0142ych cierpi\u0105cych na moczenie dzienne, kt\u00f3rzy potrzebuj\u0105 przypomnienia o p\u00f3j\u015bciu do toalety.<\/p>\n<ul>\n<li>Naci\u015bnij przycisk Godzina\/Alarm jeden raz, aby wy\u015bwietli\u0107 godzin\u0119.<\/li>\n<li>Naci\u015bnij dwukrotnie przycisk Czas\/Alarm, aby sprawdzi\u0107 poziom na\u0142adowania baterii (od 0 do 100 procent).<\/li>\n<li>Wibracje mo\u017cna zatrzyma\u0107 natychmiast, naciskaj\u0105c przycisk, lub automatycznie po 60 sekundach.<\/li>\n<\/ul>\n<p>Ten wibruj\u0105cy zegarek przypominaj\u0105cy zapewnia dyskretne wibracje przypominaj\u0105ce o wizytach w toalecie.<\/p>\n<h4>\u0141adowanie zegarka<\/h4>\n<p>Zdejmij zegarek z silikonowej os\u0142ony i pod\u0142\u0105cz port USB zegarka do power banku (5 V) lub laptopa.<br \/>\n\u0141adowanie jest sygnalizowane niebieskim \u015bwiat\u0142em. Gdy zegarek jest w 100% w pe\u0142ni na\u0142adowany, niebieskie \u015bwiat\u0142o wska\u017anika pozostanie w\u0142\u0105czone.<br \/>\nBateria po pe\u0142nym na\u0142adowaniu mo\u017ce dzia\u0142a\u0107 przez 6-15 dni. Pjama Wibruj\u0105cy zegarek z alarmem &#8211; czarny zosta\u0142 zaprojektowany tak, aby by\u0142 trwa\u0142y i \u0142atwy w u\u017cyciu zar\u00f3wno dla dzieci, jak i doros\u0142ych.  <\/p>\n<h4>Szczeg\u00f3\u0142y<\/h4>\n<p>Zasilanie: DC 5V, Wej\u015bcie \u0142adowania: Micro USB, Zakres temperatur pracy: 0 do 45\u00b0C.<\/p>\n<h4>Wskaz\u00f3wki dla dzieci z nietrzymaniem moczu w ci\u0105gu dnia<\/h4>\n<p>Moczenie dzienne jest powszechnym problemem w\u015br\u00f3d dzieci. Oko\u0142o 3-4% dzieci w wieku od 3 do 12 lat regularnie do\u015bwiadcza wycieku moczu w ci\u0105gu dnia, ale mo\u017cna go zmniejszy\u0107 dzi\u0119ki odpowiedniemu wsparciu. <\/p>\n<ul>\n<li>Zach\u0119caj dziecko do regularnego korzystania z toalety, nawet je\u015bli nie odczuwa takiej potrzeby.<\/li>\n<li>Zaplanuj sta\u0142e godziny toalety i upewnij si\u0119, \u017ce dziecko ca\u0142kowicie opr\u00f3\u017cnia p\u0119cherz.<\/li>\n<li>Dziennik oddawania moczu mo\u017ce pom\u00f3c \u015bledzi\u0107 wzorce i poprawi\u0107 kontrol\u0119 nad p\u0119cherzem.<\/li>\n<li>Nigdy nie karz dziecka za wypadki &#8211; zamiast tego zach\u0119caj je i wzmacniaj jego pewno\u015b\u0107 siebie.<\/li>\n<li>Upewnij si\u0119, \u017ce dziecko pije wystarczaj\u0105c\u0105 ilo\u015b\u0107 wody, aby utrzyma\u0107 dobre nawodnienie i u\u0142atwi\u0107 wizyty w toalecie.<\/li>\n<li>Wibruj\u0105cy zegarek z alarmem mo\u017ce by\u0107 pomocnym narz\u0119dziem przypominaj\u0105cym dziecku o skorzystaniu z toalety, zw\u0142aszcza gdy nie ma Ci\u0119 w pobli\u017cu, aby przypomnie\u0107 mu o tym osobi\u015bcie.<\/li>\n<\/ul>\n<h4>Co zrobi\u0107, gdy dziecko moczy si\u0119 w nocy?<\/h4>\n<p>Termin medyczny okre\u015blaj\u0105cy moczenie nocne to enureza nocna. Eksperci szacuj\u0105, \u017ce nawet 160 milion\u00f3w ludzi na ca\u0142ym \u015bwiecie cierpi z powodu moczenia nocnego.<br \/>\nMoczenie nocne mo\u017ce mie\u0107 znacz\u0105cy wp\u0142yw na rodzin\u0119. Istnieje jednak kilka wskaz\u00f3wek, jak radzi\u0107 sobie z tym problemem:  <\/p>\n<ul>\n<li>Moczenie nocne nie jest win\u0105 dziecka. Nigdy nie karz ani nie dokuczaj dziecku. <\/li>\n<li>Pozw\u00f3l dziecku pi\u0107 to, na co ma ochot\u0119. Szwedzkie badania wykaza\u0142y, \u017ce ma to niewielki wp\u0142yw na leczenie alarmu na moczenie nocne. <\/li>\n<li>U\u017cywaj <a href=\"https:\/\/pjama.eu\/pl\/sklep-z-moczeniem-nocnym-pjama\/\">Pjamy<\/a>, gdy dziecko \u015bpi, zar\u00f3wno w domu, jak i poza nim.<\/li>\n<li>W przypadku wycieku moczu w ci\u0105gu dnia u\u017cyj Pjama Wibruj\u0105cy zegarek z alarmem.<\/li>\n<li>Pobierz nasz\u0105 <a href=\"https:\/\/pjama.eu\/pl\/aplikacja-dryguardians-bezplatna-pomoc-w-leczeniu-moczenia-nocnego\/\">aplikacj\u0119 DryGuardians<\/a>, aby korzysta\u0107 z kalendarza i \u015bledzi\u0107 post\u0119py. B\u0119dzie to r\u00f3wnie\u017c przydatne podczas kontaktu z lekarzem. <\/li>\n<li>Porozmawiaj o tym! Wielu doros\u0142ych i dzieci cierpi na moczenie nocne, ale nikt o tym nie m\u00f3wi. <\/li>\n<\/ul>\n<h4>Chcesz dowiedzie\u0107 si\u0119 wi\u0119cej?<\/h4>\n<p>Wi\u0119cej informacji na temat moczenia nocnego mo\u017cna znale\u017a\u0107 pod adresem<br \/>\n<a href=\"https:\/\/pjama.eu\/pl\/co-to-jest-enureza\/\">Co to jest enureza?<\/a><\/p>\n","protected":false},"excerpt":{"rendered":"<h4><span data-sheets-root=\"1\">Dyskretna Pjama Wibruj\u0105cy zegarek z alarmem &#8211; Czarny &#8211; dzienne przypomnienia o wizycie w toalecie lub przyjmowaniu lek\u00f3w<\/span><\/h4>\n<p>Stylowa i nowoczesna Pjama Wibruj\u0105cy zegarek z alarmem &#8211; Czarny stosowany w przypadku wycieku moczu w ci\u0105gu dnia jako przypomnienie o konieczno\u015bci udania si\u0119 do toalety lub do innych przypomnie\u0144.<\/p>\n<ul>\n<li>Cyfrowy ekran LED.<\/li>\n<li>Zegarek pokazuje czas tak jak zwyk\u0142y zegarek.<\/li>\n<li>Alarm mo\u017cna ustawi\u0107 na maksymalnie 8 interwa\u0142\u00f3w w ci\u0105gu dnia.<\/li>\n<li>Opaska wykonana jest z mi\u0119kkiego i elastycznego silikonu, regulowanego do odpowiedniego rozmiaru.<\/li>\n<li>\u0141adowanie przez Micro USB.<\/li>\n<li>Bateria w pe\u0142ni na\u0142adowanego zegarka mo\u017ce wytrzyma\u0107 od 6 do 15 dni.<\/li>\n<\/ul>\n<p>Gdy zegarek nie jest ju\u017c potrzebny jako przypomnienie o wizycie w toalecie, doskonale sprawdza si\u0119 jako zwyk\u0142y zegarek na r\u0119k\u0119.<\/p>\n","protected":false},"featured_media":22897,"template":"","meta":{"_et_pb_use_builder":"","_et_pb_old_content":"","_et_gb_content_width":""},"product_brand":[],"product_cat":[321,322,320],"product_tag":[],"class_list":{"0":"post-24734","1":"product","2":"type-product","3":"status-publish","4":"has-post-thumbnail","6":"product_cat-zegarek-z-alarmem-wibracyjnym","7":"product_cat-akcesoria_2025","8":"product_cat-dzieci","9":"product_shipping_class-ue","11":"first","12":"instock","13":"taxable","14":"shipping-taxable","15":"purchasable","16":"product-type-simple"},"composite_virtual":false,"composite_layout":"","composite_add_to_cart_form_location":"","composite_editable_in_cart":false,"composite_sold_individually_context":"","composite_shop_price_calc":"","composite_components":[],"composite_scenarios":[],"_links":{"self":[{"href":"https:\/\/pjama.eu\/pl\/wp-json\/wp\/v2\/product\/24734","targetHints":{"allow":["GET"]}}],"collection":[{"href":"https:\/\/pjama.eu\/pl\/wp-json\/wp\/v2\/product"}],"about":[{"href":"https:\/\/pjama.eu\/pl\/wp-json\/wp\/v2\/types\/product"}],"wp:featuredmedia":[{"embeddable":true,"href":"https:\/\/pjama.eu\/pl\/wp-json\/wp\/v2\/media\/22897"}],"wp:attachment":[{"href":"https:\/\/pjama.eu\/pl\/wp-json\/wp\/v2\/media?parent=24734"}],"wp:term":[{"taxonomy":"product_brand","embeddable":true,"href":"https:\/\/pjama.eu\/pl\/wp-json\/wp\/v2\/product_brand?post=24734"},{"taxonomy":"product_cat","embeddable":true,"href":"https:\/\/pjama.eu\/pl\/wp-json\/wp\/v2\/product_cat?post=24734"},{"taxonomy":"product_tag","embeddable":true,"href":"https:\/\/pjama.eu\/pl\/wp-json\/wp\/v2\/product_tag?post=24734"}],"curies":[{"name":"wp","href":"https:\/\/api.w.org\/{rel}","templated":true}]}}