{"id":24757,"date":"2022-12-15T14:22:15","date_gmt":"2022-12-15T13:22:15","guid":{"rendered":"https:\/\/pjama.eu\/product\/pjama-wibrujacy-zegarek-z-alarmem-rozowy\/"},"modified":"2025-12-14T19:50:16","modified_gmt":"2025-12-14T18:50:16","slug":"pjama-wibrujacy-zegarek-z-alarmem-rozowy","status":"publish","type":"product","link":"https:\/\/pjama.eu\/pl\/produkt\/pjama-wibrujacy-zegarek-z-alarmem-rozowy\/","title":{"rendered":"Pjama Wibruj\u0105cy zegarek z alarmem &#8211; r\u00f3\u017cowy"},"content":{"rendered":"<h4>Pjama Wibruj\u0105cy zegarek z alarmem &#8211; r\u00f3\u017cowy<\/h4>\n<p>Stylowy i nowoczesny wibruj\u0105cy zegarek z alarmem, stosowany w przypadku wycieku moczu w ci\u0105gu dnia jako przypomnienie o konieczno\u015bci udania si\u0119 do toalety lub do innych przypomnie\u0144.<br \/>\nAlarm mo\u017cna ustawi\u0107 na maksymalnie 8 interwa\u0142\u00f3w w ci\u0105gu dnia. Opaska wykonana jest z mi\u0119kkiego i elastycznego silikonu, z mo\u017cliwo\u015bci\u0105 regulacji do odpowiedniego rozmiaru.<br \/>\nPjama Wibruj\u0105cy zegarek z alarmem &#8211; r\u00f3\u017cowy posiada cyfrowy ekran LED. Ten wibruj\u0105cy zegarek jest r\u00f3wnie\u017c idealny jako narz\u0119dzie przypominaj\u0105ce dla dzieci. <\/p>\n<p>Zegarek pokazuje czas tak jak zwyk\u0142y zegarek. Pjama Wibruj\u0105cy zegarek z alarmem &#8211; r\u00f3\u017cowy s\u0142u\u017cy do przypominania dzieciom lub doros\u0142ym o opr\u00f3\u017cnieniu p\u0119cherza<br \/>\nw ci\u0105gu dnia lub do przypominania o innych niezb\u0119dnych zadaniach. Dzia\u0142a jako wibruj\u0105cy zegarek na r\u0119k\u0119 do praktycznego i dyskretnego u\u017cytku w codziennym \u017cyciu. <\/p>\n<h4>Codzienne u\u017cytkowanie<\/h4>\n<p>Pjama Wibruj\u0105cy zegarek z alarmem mo\u017ce by\u0107 u\u017cywany przez dzieci i doros\u0142ych, kt\u00f3rzy cierpi\u0105 na wyciek moczu w ci\u0105gu dnia i potrzebuj\u0105 przypomnie\u0144 o p\u00f3j\u015bciu do toalety.<\/p>\n<ul>\n<li>Naci\u015bnij przycisk Time\/Alarm jeden raz, aby wy\u015bwietli\u0107 godzin\u0119.<\/li>\n<li>Naci\u015bnij dwukrotnie przycisk Time\/Alarm, aby sprawdzi\u0107 poziom na\u0142adowania baterii (od 0 do 100%).<\/li>\n<li>Wibracje mo\u017cna zatrzyma\u0107 natychmiast, naciskaj\u0105c przycisk, lub automatycznie po 60 sekundach.<\/li>\n<\/ul>\n<p>Ten wibruj\u0105cy zegarek dla dzieci zapewnia informacje zwrotne poprzez dyskretne wibracje, kt\u00f3re przypominaj\u0105 o wizytach w toalecie.<\/p>\n<h4>\u0141adowanie zegarka<\/h4>\n<p>Wyjmij zegarek z silikonowego etui i pod\u0142\u0105cz port USB zegarka do power banku (5 V) lub laptopa.<br \/>\nGdy kabel USB jest pod\u0142\u0105czony, niebieskie \u015bwiat\u0142o wskazuje, \u017ce trwa \u0142adowanie. Gdy zegarek jest w pe\u0142ni na\u0142adowany (100%), niebieskie \u015bwiat\u0142o wska\u017anika pozostanie w\u0142\u0105czone.<x id=\"gid_0\"><\/x>Bateria w pe\u0142ni na\u0142adowanego zegarka mo\u017ce dzia\u0142a\u0107 od 6 do 15 dni. Ten wibruj\u0105cy zegarek zosta\u0142 zaprojektowany tak, aby by\u0142 trwa\u0142y i \u0142atwy w u\u017cyciu zar\u00f3wno dla dzieci, jak i doros\u0142ych.  <\/p>\n<h4>Szczeg\u00f3\u0142y<\/h4>\n<p>\u0179r\u00f3d\u0142o zasilania: DC 5V, Wej\u015bcie \u0142adowania: Micro USB, Temperatura pracy: 0 do 45\u00b0C.<\/p>\n<h4>Wskaz\u00f3wki dla dzieci z nietrzymaniem moczu w ci\u0105gu dnia<\/h4>\n<p>Wypadki w ci\u0105gu dnia u dzieci s\u0105 powszechne. Oko\u0142o 3-4% dzieci w wieku od 3 do 12 lat do\u015bwiadcza regularnego wycieku moczu w ci\u0105gu dnia, ale mo\u017ce on znikn\u0105\u0107 przy odpowiednim wsparciu. <\/p>\n<ul>\n<li>Zach\u0119caj dziecko do regularnego chodzenia do toalety, nawet je\u015bli nie odczuwa takiej potrzeby.<\/li>\n<li>Zaplanuj sta\u0142e pory wizyt w toalecie i upewnij si\u0119, \u017ce dziecko ca\u0142kowicie opr\u00f3\u017cni p\u0119cherz.<\/li>\n<li>Dziennik oddawania moczu mo\u017ce pom\u00f3c w \u015bledzeniu wzorc\u00f3w i poprawie kontroli nad oddawaniem moczu.<\/li>\n<li>Nigdy nie karz dziecka za wypadki &#8211; zach\u0119caj i buduj jego pewno\u015b\u0107 siebie.<\/li>\n<li>Upewnij si\u0119, \u017ce dziecko pije wystarczaj\u0105co du\u017co, aby utrzyma\u0107 r\u00f3wnowag\u0119 p\u0142yn\u00f3w i u\u0142atwi\u0107 wizyty w toalecie.<\/li>\n<li>Wibruj\u0105cy zegarek na r\u0119k\u0119 mo\u017ce by\u0107 pomocnym narz\u0119dziem przypominaj\u0105cym dziecku o p\u00f3j\u015bciu do toalety, zw\u0142aszcza gdy nie mo\u017cesz by\u0107 przy nim, aby przypomnie\u0107 mu o tym osobi\u015bcie.<\/li>\n<\/ul>\n<h4>Je\u015bli Twoje dziecko moczy si\u0119 w nocy w \u0142\u00f3\u017cku<\/h4>\n<p>Termin medyczny okre\u015blaj\u0105cy moczenie nocne to enureza nocna. Eksperci szacuj\u0105, \u017ce nawet 160 milion\u00f3w ludzi na ca\u0142ym \u015bwiecie cierpi z powodu moczenia nocnego.<x id=\"gid_0\"><\/x>Moczenie nocne mo\u017ce mie\u0107 znacz\u0105cy wp\u0142yw na rodzin\u0119, ale istniej\u0105 wskaz\u00f3wki, jak radzi\u0107 sobie z tym problemem. Oto kilka pomocnych sugestii:  <\/p>\n<ul>\n<li>Moczenie nocne nie jest win\u0105 dziecka. Nie karz go ani nie dokuczaj mu. <\/li>\n<li>Pozw\u00f3l dziecku pi\u0107 tyle, ile chce. Szwedzkie badania wykaza\u0142y, \u017ce ma to niewielki wp\u0142yw na leczenie alarmu na moczenie nocne. <\/li>\n<li>U\u017cywaj <a href=\"https:\/\/pjama.eu\/pl\/sklep-z-moczeniem-nocnym-pjama\/\">Pjamy<\/a>, gdy dziecko \u015bpi, zar\u00f3wno w domu, jak i poza nim.<\/li>\n<li>W przypadku wycieku moczu w ci\u0105gu dnia u\u017cyj Pjama Wibruj\u0105cy zegarek z alarmem.<\/li>\n<li>Pobierz nasz\u0105 <a href=\"https:\/\/pjama.eu\/pl\/aplikacja-dryguardians-bezplatna-pomoc-w-leczeniu-moczenia-nocnego\/\">aplikacj\u0119 DryGuardians<\/a>, aby korzysta\u0107 z kalendarza i \u015bledzi\u0107 post\u0119py. B\u0119dzie to r\u00f3wnie\u017c przydatne w przypadku kontaktu z lekarzem. <\/li>\n<li>Porozmawiaj o tym! Wielu doros\u0142ych i dzieci cierpi na moczenie nocne, ale nikt o tym nie m\u00f3wi. <\/li>\n<\/ul>\n<h4>Chcesz dowiedzie\u0107 si\u0119 wi\u0119cej?<\/h4>\n<p>Wi\u0119cej informacji na temat moczenia nocnego mo\u017cna znale\u017a\u0107 na naszej stronie:<br \/>\n<a href=\"https:\/\/pjama.eu\/pl\/co-to-jest-enureza\/\">Co to jest enureza?<\/a><\/p>\n","protected":false},"excerpt":{"rendered":"<h4><span data-sheets-root=\"1\">Dyskretny, wibruj\u0105cy zegarek z alarmem &#8211; przypomnienia o wizycie w toalecie lub przyjmowaniu lek\u00f3w w ci\u0105gu dnia<\/span><\/h4>\n<p>Stylowy i nowoczesny wibruj\u0105cy zegarek z alarmem, stosowany w przypadku wycieku moczu w ci\u0105gu dnia jako przypomnienie o konieczno\u015bci udania si\u0119 do toalety lub do innych przypomnie\u0144.<\/p>\n<ul>\n<li>Cyfrowy ekran LED.<\/li>\n<li>Zegarek wy\u015bwietla czas jak zwyk\u0142y zegarek.<\/li>\n<li>Alarm mo\u017cna ustawi\u0107 na maksymalnie 8 interwa\u0142\u00f3w alarmowych dziennie.<\/li>\n<li>Opaska wykonana jest z mi\u0119kkiego i elastycznego silikonu, regulowanego do odpowiedniego rozmiaru.<\/li>\n<li>\u0141adowanie za pomoc\u0105 Micro USB.<\/li>\n<li>W pe\u0142ni na\u0142adowana bateria mo\u017ce wytrzyma\u0107 od 6 do 15 dni.<\/li>\n<\/ul>\n<p>Gdy zegarek nie b\u0119dzie ju\u017c potrzebny jako przypomnienie o wizycie w toalecie, mo\u017ce by\u0107 u\u017cywany jako zwyk\u0142y zegarek na r\u0119k\u0119.<\/p>\n","protected":false},"featured_media":24759,"template":"","meta":{"_et_pb_use_builder":"","_et_pb_old_content":"","_et_gb_content_width":""},"product_brand":[],"product_cat":[321,322,320],"product_tag":[],"class_list":{"0":"post-24757","1":"product","2":"type-product","3":"status-publish","4":"has-post-thumbnail","6":"product_cat-zegarek-z-alarmem-wibracyjnym","7":"product_cat-akcesoria_2025","8":"product_cat-dzieci","9":"product_shipping_class-ue","11":"first","12":"instock","13":"taxable","14":"shipping-taxable","15":"purchasable","16":"product-type-simple"},"composite_virtual":false,"composite_layout":"","composite_add_to_cart_form_location":"","composite_editable_in_cart":false,"composite_sold_individually_context":"","composite_shop_price_calc":"","composite_components":[],"composite_scenarios":[],"_links":{"self":[{"href":"https:\/\/pjama.eu\/pl\/wp-json\/wp\/v2\/product\/24757","targetHints":{"allow":["GET"]}}],"collection":[{"href":"https:\/\/pjama.eu\/pl\/wp-json\/wp\/v2\/product"}],"about":[{"href":"https:\/\/pjama.eu\/pl\/wp-json\/wp\/v2\/types\/product"}],"wp:featuredmedia":[{"embeddable":true,"href":"https:\/\/pjama.eu\/pl\/wp-json\/wp\/v2\/media\/24759"}],"wp:attachment":[{"href":"https:\/\/pjama.eu\/pl\/wp-json\/wp\/v2\/media?parent=24757"}],"wp:term":[{"taxonomy":"product_brand","embeddable":true,"href":"https:\/\/pjama.eu\/pl\/wp-json\/wp\/v2\/product_brand?post=24757"},{"taxonomy":"product_cat","embeddable":true,"href":"https:\/\/pjama.eu\/pl\/wp-json\/wp\/v2\/product_cat?post=24757"},{"taxonomy":"product_tag","embeddable":true,"href":"https:\/\/pjama.eu\/pl\/wp-json\/wp\/v2\/product_tag?post=24757"}],"curies":[{"name":"wp","href":"https:\/\/api.w.org\/{rel}","templated":true}]}}