{"id":24761,"date":"2021-01-29T14:15:16","date_gmt":"2021-01-29T13:15:16","guid":{"rendered":"https:\/\/pjama.eu\/product\/pjama-dryguardians-czujnik-alarmowy\/"},"modified":"2026-04-14T11:42:22","modified_gmt":"2026-04-14T09:42:22","slug":"pjama-dryguardians-czujnik-alarmowy","status":"publish","type":"product","link":"https:\/\/pjama.eu\/pl\/produkt\/pjama-dryguardians-czujnik-alarmowy\/","title":{"rendered":"Pjama DryGuardians Czujnik alarmowy"},"content":{"rendered":"<h3 style=\"color:#d35917;\">Pjama DryGuardians Czujnik alarmowy<\/h3>\n<h4 style=\"color:#072130;\">Leczenie za pomoc\u0105 czujnika i aplikacji<\/h4>\n<p>Alarmy na moczenie nocne s\u0105 skutecznym narz\u0119dziem w leczeniu moczenia nocnego u dzieci i doros\u0142ych. Badania pokazuj\u0105, \u017ce oko\u0142o 70% os\u00f3b, kt\u00f3re poddaj\u0105 si\u0119 leczeniu za pomoc\u0105 alarmu na moczenie nocne, zostaje ca\u0142kowicie wyleczonych, pod warunkiem, \u017ce pozostan\u0105 zmotywowani i b\u0119d\u0105 konsekwentnie przestrzega\u0107 leczenia przez ca\u0142y okres jego trwania. <\/p>\n<p>Czujnik alarmowy Pjama DryGuardians wsp\u00f3\u0142pracuje ze wszystkimi ubraniami Pjama, w tym spodniami, szortami i bielizn\u0105 <em>(sprzedawanymi oddzielnie)<\/em>.<\/p>\n<p>System sk\u0142ada si\u0119 z czujnika, kt\u00f3ry mocuje si\u0119 do odzie\u017cy Pjama i jest u\u017cywany razem ze smartfonem z aplikacj\u0105 DryGuardians. Gdy czujnik wykryje wilgo\u0107, w telefonie uruchamia si\u0119 alarm, budz\u0105c u\u017cytkownika. Konsekwentne stosowanie pomaga prze\u0142ama\u0107 nawyk moczenia nocnego (enurezy nocnej).  <\/p>\n<p>Dzi\u0119ki <a href=\"https:\/\/pjama.eu\/pl\/produkt\/pjama-dryguardians-dla-czesto-moczacych-sie-szorty\/\">zestawowi<\/a> do leczenia Pjama, kt\u00f3ry zawiera szare spodnie lub spodenki do leczenia, otrzymujesz zar\u00f3wno ochron\u0119, jak i leczenie w jednym. Odzie\u017c utrzymuje \u0142\u00f3\u017cko w sucho\u015bci, a alarm pomaga wprowadzi\u0107 nowe nawyki. W przypadku nocnych pobyt\u00f3w aplikacja DryGuardians umo\u017cliwia dyskretne wibracje zamiast g\u0142o\u015bnych alarm\u00f3w, dzi\u0119ki czemu jest idealna dla dzieci, kt\u00f3re chc\u0105 uczestniczy\u0107 w nocowaniu bez przerywania leczenia.  <\/p>\n<h4 style=\"color:#072130;\">Jak dzia\u0142a czujnik alarmowy Pjama DryGuardians?<\/h4>\n<p>Czujnik i smartfon dzia\u0142aj\u0105 razem jako kompletny system alarmu na moczenie nocne, przeznaczony do pomocy dzieciom i doros\u0142ym. Czujnik mocuje si\u0119 do odzie\u017cy Pjama i \u0142\u0105czy z aplikacj\u0105 DryGuardians. Aktywuje si\u0119 w kontakcie z wilgoci\u0105, natychmiast przerywaj\u0105c moczenie nocne i ucz\u0105c m\u00f3zg reagowania na sygna\u0142y cia\u0142a.  <\/p>\n<p>Odzie\u017c ma wszyte przewody czujnika, co zwi\u0119ksza obszar wykrywania. Zapewnia to niezawodne wykrywanie niezale\u017cnie od lokalizacji moczu lub pozycji podczas snu. Jest to szczeg\u00f3lnie cenne dla ch\u0142opc\u00f3w, ale r\u00f3wnie skuteczne dla dziewcz\u0105t, zw\u0142aszcza tych, kt\u00f3re cz\u0119sto \u015bpi\u0105 na plecach.  <\/p>\n<h4 style=\"color:#072130;\">Cechy i korzy\u015bci<\/h4>\n<ul>\n<li><strong>Skuteczne leczenie:<\/strong> Wspomaga zar\u00f3wno dzieci, jak i doros\u0142ych z moczeniem nocnym.<\/li>\n<li><strong>Idealne rozwi\u0105zanie na noc:<\/strong> U\u017cywaj czujnika z aplikacj\u0105 DryGuardians App do dyskretnego leczenia.<\/li>\n<li><strong>Po\u0142\u0105czenie bezprzewodowe:<\/strong> Telefon mo\u017cna umie\u015bci\u0107 w odleg\u0142o\u015bci 5-20 metr\u00f3w, w zale\u017cno\u015bci od modelu.<\/li>\n<li><strong>Powiadomienia dla rodzic\u00f3w:<\/strong> Po\u0142\u0105cz alarm z telefonem rodzica, aby otrzymywa\u0107 natychmiastowe powiadomienia.<\/li>\n<li><strong>Du\u017cy obszar wykrywania:<\/strong> Szybko wykrywa wilgo\u0107 niezale\u017cnie od pozycji spania.<\/li>\n<\/ul>\n<h4 style=\"color:#072130;\">Piel\u0119gnacja czujnik\u00f3w<\/h4>\n<p><span style=\"font-weight: 400;\">Aby uzyska\u0107 najlepsz\u0105 wydajno\u015b\u0107, po u\u017cyciu nale\u017cy zawsze zdj\u0105\u0107 i wysuszy\u0107 czujnik.<\/span> <span style=\"font-weight: 400;\">Unikaj pozostawiania go przymocowanego do mokrej odzie\u017cy &#8211; pomaga to zapobiega\u0107 korozji i wyd\u0142u\u017ca \u017cywotno\u015b\u0107 baterii.<\/span><\/p>\n<h4 style=\"color:#072130;\">\u015aledzenie post\u0119p\u00f3w za pomoc\u0105 aplikacji DryGuardians<\/h4>\n<p>Dzi\u0119ki aplikacji DryGuardians mo\u017cna \u0142atwo rejestrowa\u0107 wypadki, \u015bledzi\u0107 post\u0119py leczenia i otrzymywa\u0107 spersonalizowane zalecenia opracowane we wsp\u00f3\u0142pracy ze szwedzk\u0105 s\u0142u\u017cb\u0105 zdrowia. Aplikacja pomaga Tobie lub Twojemu dziecku zachowa\u0107 motywacj\u0119 i dostarcza cennych informacji, kt\u00f3re w razie potrzeby mo\u017cna przekaza\u0107 lekarzowi. <\/p>\n<h4 style=\"color:#072130;\">Praktyczne wskaz\u00f3wki dotycz\u0105ce u\u017cytkowania<\/h4>\n<ul>\n<li>Upewnij si\u0119, \u017ce odzie\u017c jest odpowiednio dopasowana i wybierz odpowiedni d\u017awi\u0119k alarmu w aplikacji.<\/li>\n<li>Naucz dziecko, jak dzia\u0142a alarm i zaanga\u017cuj je w ten proces.<\/li>\n<li>Gdy w\u0142\u0105czy si\u0119 alarm, pom\u00f3\u017c dziecku obudzi\u0107 si\u0119 i p\u00f3j\u015b\u0107 do \u0142azienki.<\/li>\n<li>Odzie\u017c Pjama nale\u017cy pra\u0107 zgodnie z instrukcjami dotycz\u0105cymi piel\u0119gnacji, aby zachowa\u0107 jej jako\u015b\u0107.<\/li>\n<\/ul>\n<h4 style=\"color:#072130;\">Motywacja i cierpliwo\u015b\u0107 s\u0105 kluczowe<\/h4>\n<p>Leczenie moczenia nocnego wymaga cierpliwo\u015bci, konsekwencji i zach\u0119ty. Rodzice powinni przekazywa\u0107 pozytywne informacje zwrotne i \u015bwi\u0119towa\u0107 ma\u0142e kamienie milowe po drodze. Ostatecznym celem jest sucho\u015b\u0107 bez pomocy, a narz\u0119dzia takie jak Pjama DryGuardians Czujnik alarmowy mog\u0105 sprawi\u0107, \u017ce podr\u00f3\u017c b\u0119dzie \u0142agodniejsza.  <\/p>\n<p>Aby uzyska\u0107 wi\u0119cej informacji na temat rozwi\u0105za\u0144 w zakresie leczenia moczenia nocnego, odwied\u017a nasz\u0105 <a href=\"https:\/\/pjama.eu\/pl\/\">stron\u0119 internetow\u0105<\/a> lub pobierz podr\u0119cznik <a href=\"https:\/\/pjama.eu\/pl\/instrukcje-obslugi-produktow\/\">tutaj<\/a>.<\/p>\n<footer>\u00a9 2024 Pjama.<\/footer>\n","protected":false},"excerpt":{"rendered":"<h3>Czujnik wilgoci do pod\u0142\u0105czenia bielizny nocnej i bielizny DryGuardians do alarmu.<\/h3>\n<p>Pjama DryGuardians Czujnik alarmowy zawiera:<\/p>\n<ul>\n<li>Czujnik mocowany za pomoc\u0105 przycisk\u00f3w<\/li>\n<li>Aplikacja DryGuardians jako urz\u0105dzenie alarmowe<\/li>\n<\/ul>\n<p>Czujnik mo\u017cna przymocowa\u0107 do spodni na moczenie nocne, szort\u00f3w, bokserek lub majtek i jest to \u0142atwy, skuteczny i bezpieczny spos\u00f3b leczenia moczenia nocnego i enurezy.<\/p>\n<p>Aby korzysta\u0107 z alarmu enurezy za pomoc\u0105 smartfona, pobierz bezp\u0142atn\u0105 aplikacj\u0119 <strong>DryGuardians<\/strong> ze sklepu <a href=\"https:\/\/play.google.com\/store\/apps\/details?id=com.pjama&amp;hl=pl&amp;gl=PL\">Google Play<\/a> lub <a href=\"https:\/\/apps.apple.com\/pl\/app\/dryguardians\/id1498084664\">App Store<\/a>.<\/p>\n","protected":false},"featured_media":24762,"template":"","meta":{"_et_pb_use_builder":"","_et_pb_old_content":"","_et_gb_content_width":""},"product_brand":[],"product_cat":[322],"product_tag":[],"class_list":{"0":"post-24761","1":"product","2":"type-product","3":"status-publish","4":"has-post-thumbnail","6":"product_cat-akcesoria_2025","7":"product_shipping_class-ue","9":"first","10":"onbackorder","11":"taxable","12":"shipping-taxable","13":"purchasable","14":"product-type-simple"},"composite_virtual":false,"composite_layout":"","composite_add_to_cart_form_location":"","composite_editable_in_cart":false,"composite_sold_individually_context":"","composite_shop_price_calc":"","composite_components":[],"composite_scenarios":[],"_links":{"self":[{"href":"https:\/\/pjama.eu\/pl\/wp-json\/wp\/v2\/product\/24761","targetHints":{"allow":["GET"]}}],"collection":[{"href":"https:\/\/pjama.eu\/pl\/wp-json\/wp\/v2\/product"}],"about":[{"href":"https:\/\/pjama.eu\/pl\/wp-json\/wp\/v2\/types\/product"}],"wp:featuredmedia":[{"embeddable":true,"href":"https:\/\/pjama.eu\/pl\/wp-json\/wp\/v2\/media\/24762"}],"wp:attachment":[{"href":"https:\/\/pjama.eu\/pl\/wp-json\/wp\/v2\/media?parent=24761"}],"wp:term":[{"taxonomy":"product_brand","embeddable":true,"href":"https:\/\/pjama.eu\/pl\/wp-json\/wp\/v2\/product_brand?post=24761"},{"taxonomy":"product_cat","embeddable":true,"href":"https:\/\/pjama.eu\/pl\/wp-json\/wp\/v2\/product_cat?post=24761"},{"taxonomy":"product_tag","embeddable":true,"href":"https:\/\/pjama.eu\/pl\/wp-json\/wp\/v2\/product_tag?post=24761"}],"curies":[{"name":"wp","href":"https:\/\/api.w.org\/{rel}","templated":true}]}}