{"id":24910,"date":"2021-01-29T16:00:19","date_gmt":"2021-01-29T15:00:19","guid":{"rendered":"https:\/\/pjama.eu\/product\/bielizna-pjama-dryguardians-bielizna-bokserki\/"},"modified":"2025-12-16T09:13:20","modified_gmt":"2025-12-16T08:13:20","slug":"bielizna-pjama-dryguardians-bielizna-bokserki","status":"publish","type":"product","link":"https:\/\/pjama.eu\/pl\/produkt\/bielizna-pjama-dryguardians-bielizna-bokserki\/","title":{"rendered":"Bielizna Pjama DryGuardians Bielizna &#8211; Bokserki"},"content":{"rendered":"<h3>Bielizna Pjama DryGuardians Bielizna &#8211; Bokserki<\/h3>\n<p>Bielizna Pjama DryGuardians &#8211; Boxers to idealne rozwi\u0105zanie dla ch\u0142opc\u00f3w cierpi\u0105cych na<br \/>\nmoczenie nocne (enurez\u0119 nocn\u0105). W po\u0142\u0105czeniu z Pjama DryGuardians Czujnik alarmowy lub<br \/>\ni aplikacj\u0105 DryGuardians mo\u017cna skutecznie i wygodnie leczy\u0107 moczenie nocne.<br \/>\nBielizna posiada wszyte przewody czujnika, kt\u00f3re szybko wykrywaj\u0105 wilgo\u0107 i aktywuj\u0105 alarm,<br \/>\npomagaj\u0105c dziecku obudzi\u0107 si\u0119 i zatrzyma\u0107 oddawanie moczu. <\/p>\n<p>Pobierz aplikacj\u0119 DryGuardians z witryny<br \/>\n<a href=\"https:\/\/play.google.com\/store\/apps\/details?id=com.pjama&amp;hl=pl&amp;gl=PL\" target=\"_blank\" rel=\"noopener\">Google Play<\/a><br \/>\nlub<br \/>\n<a href=\"https:\/\/apps.apple.com\/pl\/app\/dryguardians\/id1498084664\" target=\"_blank\" rel=\"noopener\">App Store<\/a><br \/>\n, aby \u015bledzi\u0107 post\u0119py i otrzymywa\u0107 spersonalizowane wskaz\u00f3wki podczas leczenia.<\/p>\n<h4>Cechy<\/h4>\n<ul>\n<li>Specjalnie zaprojektowany dla ch\u0142opc\u00f3w; kompatybilny z alarmem na moczenie nocne lub czujnikiem Pjama.<\/li>\n<li>Wyposa\u017cony w dwa ma\u0142e przyciski w pasie do pod\u0142\u0105czenia czujnika.<\/li>\n<li>Wszyte przewody czujnika wok\u00f3\u0142 krocza zapewniaj\u0105 szybkie i dok\u0142adne wykrywanie.<\/li>\n<li>Wi\u0119kszy obszar docelowy oznacza niezawodne wykrywanie niezale\u017cnie od pozycji podczas snu.<\/li>\n<li>Szczeg\u00f3lnie skuteczny dla ch\u0142opc\u00f3w, ale r\u00f3wnie\u017c korzystny dla dziewczynek \u015bpi\u0105cych na plecach.<\/li>\n<\/ul>\n<h4>U\u017cycie<\/h4>\n<p>Bielizna Pjama DryGuardians Bielizna &#8211; Bokserki jest tak wygodna jak zwyk\u0142a bielizna, co u\u0142atwia dzieciom<br \/>\njej noszenie. Te bokserki lecznicze s\u0105 przeznaczone do u\u017cytku z alarmem na moczenie nocne Pjama i nie wch\u0142aniaj\u0105 cieczy.<br \/>\nLeczenie koncentruje si\u0119 na prze\u0142amaniu nawyku moczenia nocnego. <\/p>\n<p><strong>Opakowanie zawiera:<\/strong><\/p>\n<ul>\n<li>1 x Bielizna Pjama DryGuardians &#8211; Bokserki (Alarm sprzedawany oddzielnie)<\/li>\n<\/ul>\n<p>Przymocuj czujnik do paska i umie\u015b\u0107 alarm obok \u0142\u00f3\u017cka.<br \/>\nJe\u015bli dziecko si\u0119 zmoczy, wszyte przewody czujnika szybko to wykryj\u0105 i aktywuj\u0105 alarm.<br \/>\nDziecko mo\u017ce zatrzyma\u0107 alarm, p\u00f3j\u015b\u0107 do \u0142azienki i zmieni\u0107 bielizn\u0119.<br \/>\nAby korzysta\u0107 ze smartfona, pobierz aplikacj\u0119 DryGuardians.<\/p>\n<h4>Materia\u0142<\/h4>\n<p>Wykonane z wysokiej jako\u015bci tkanin z certyfikatem Oeko-Tex, kt\u00f3re s\u0105 bezpieczne i delikatne dla sk\u00f3ry dzieci.<\/p>\n<h4>Informacje<\/h4>\n<ul>\n<li><em>\u0141\u0105czy si\u0119 z alarmem na moczenie nocne Pjama (za pomoc\u0105 przycisk\u00f3w na pasku)<\/em><\/li>\n<li><em>Wszyte przewody czujnika zapewniaj\u0105 dok\u0142adne wykrywanie<\/em><\/li>\n<li><em>Wygodny i mi\u0119kki<\/em><\/li>\n<li><em>Dyskretny i praktyczny<\/em><\/li>\n<li><em>Mo\u017cna pra\u0107 w pralce w temperaturze 60\u00b0C<\/em><\/li>\n<li><em>Mo\u017cliwo\u015b\u0107 suszenia w suszarce b\u0119bnowej<\/em><\/li>\n<li><em>Rozmiary:<\/em> Dzieci i Doro\u015bli<\/li>\n<li><em>Kolor:<\/em> niebieski<\/li>\n<\/ul>\n<p style=\"color: #666666; font-size: 14px;\">Pami\u0119taj, aby od\u0142\u0105czy\u0107 czujnik Pjama od alarmu przed praniem.<\/p>\n<h4>Aplikacja DryGuardians i klinika leczenia moczenia nocnego<\/h4>\n<p>Aplikacja DryGuardians wspiera leczenie dzi\u0119ki zaawansowanym funkcjom:<\/p>\n<ul>\n<li>U\u017cyj aplikacji jako jednostki d\u017awi\u0119kowej z konfigurowalnymi sygna\u0142ami alarmowymi.<\/li>\n<li>Rejestruj nocne wyniki w kalendarzu, aby \u015bledzi\u0107 post\u0119py i otrzymywa\u0107 spersonalizowane wskaz\u00f3wki.<\/li>\n<li>Uzyskaj porady ekspert\u00f3w i wsparcie podczas leczenia.<\/li>\n<li>Ustaw alarmy przypominaj\u0105ce o wizycie w \u0142azience.<\/li>\n<\/ul>\n<p>Aplikacj\u0119 mo\u017cna pobra\u0107 bezp\u0142atnie ze strony<br \/>\n<a href=\"https:\/\/play.google.com\/store\/apps\/details?id=com.pjama&amp;hl=pl&amp;gl=PL\" target=\"_blank\" rel=\"noopener\">Google Play<\/a><br \/>\nlub<br \/>\n<a href=\"https:\/\/apps.apple.com\/pl\/app\/dryguardians\/id1498084664\" target=\"_blank\" rel=\"noopener\">App Store<\/a>.<br \/>\nDowiedz si\u0119 wi\u0119cej o naszej klinice moczenia nocnego na stronie<br \/>\n<a href=\"https:\/\/pjama.eu\/pl\/\">strona internetowa<\/a>.<\/p>\n<h4>Proces leczenia &#8211; motywacja i cierpliwo\u015b\u0107<\/h4>\n<p>Leczenie moczenia nocnego wymaga motywacji i cierpliwo\u015bci, zw\u0142aszcza na pocz\u0105tku.<br \/>\nKluczowe jest wyznaczanie realistycznych cel\u00f3w i \u015bwi\u0119towanie post\u0119p\u00f3w.<br \/>\nDzi\u0119ki takim narz\u0119dziom jak bielizna Pjama DryGuardians Boxer Underwear i alarm, droga do suchych nocy staje si\u0119 \u0142atwiejsza.<br \/>\nRodzice mog\u0105 wspiera\u0107 dzieci poprzez zach\u0119canie i pozytywne wzmacnianie, podczas gdy aplikacja DryGuardians zapewnia dostosowane wskaz\u00f3wki.<br \/>\nRazem tworzy to bezpieczn\u0105 i skuteczn\u0105 \u015bcie\u017ck\u0119 do sukcesu.<\/p>\n<footer>\u00a9 2024 Pjama.<\/footer>\n","protected":false},"excerpt":{"rendered":"<h3>Bielizna Pjama DryGuardians Bielizna &#8211; Bokserki<\/h3>\n<p>Bielizna Pjama DryGuardians &#8211; Boxers stanowi skuteczne i bezpieczne rozwi\u0105zanie<br \/>\nw leczeniu enurezy (moczenia nocnego).<\/p>\n<ul>\n<li>Kompatybilny z alarmem na moczenie nocne Pjama &#8211; leczy moczenie nocne \u0142atwo, bezpiecznie i wygodnie.<\/li>\n<li>Du\u017cy obszar docelowy dla szybkiego i niezawodnego wykrywania moczenia nocnego.<\/li>\n<li>Mi\u0119kkie i wygodne jak zwyk\u0142e bokserki.<\/li>\n<li>Mo\u017cna pra\u0107 w pralce w temperaturze 60\u00b0C i suszy\u0107 w suszarce b\u0119bnowej.<\/li>\n<\/ul>\n<p>Zakup alarmu i pobranie aplikacji DryGuardians, bezp\u0142atnej us\u0142ugi leczenia moczenia nocnego,<br \/>\nod<br \/>\n<a href=\"https:\/\/play.google.com\/store\/apps\/details?id=com.pjama&amp;hl=pl&amp;gl=PL\">Google Play<\/a><br \/>\nlub<br \/>\n<a href=\"https:\/\/apps.apple.com\/pl\/app\/dryguardians\/id1498084664\">App Store<\/a>.<\/p>\n","protected":false},"featured_media":30978,"template":"","meta":{"_et_pb_use_builder":"off","_et_pb_old_content":"<h3>Pjama Boxer Bedwetting Treatment Underwear \u2013 Effective Alarm Treatment for Bedwetting in Boys<\/h3>\r\nPjama Boxer Bedwetting Treatment Underwear is the perfect solution for boys suffering from bedwetting (nocturnal enuresis). In combination with a Pjama Bedwetting Alarm or a Pjama Sensor and our DryGuardians app, you can effectively and comfortably treat bedwetting. These bedwetting underwear feature sewn-in sensor wires that quickly detect moisture and activate a bedwetting alarm to help the child wake up and stop urination.\r\n\r\nDownload the DryGuardians app from <a href=\"https:\/\/play.google.com\/store\/apps\/details?id=com.pjama&gl=sv&hl=sv\">Google Play<\/a> or <a href=\"https:\/\/apps.apple.com\/sv\/app\/pjama\/id1498084664?mt=8&l=sv\">App Store<\/a> to track progress and receive personalized guidance throughout the treatment of nocturnal enuresis.\r\n<h4>Features<\/h4>\r\nPjama Boxer Bedwetting Treatment Underwear is specially designed for boys and works in conjunction with the Pjama Bedwetting Alarm or Pjama Sensor. The underwear is equipped with two small buttons on the waist to connect the sensor. Sewn-in sensor wires around the crotch area make it easy for the alarm system to detect moisture and quickly trigger a bedwetting alarm, helping to effectively and safely treat nocturnal enuresis.\r\n\r\nThe sewn-in sensor wires in the Pjama Boxer Bedwetting Treatment Underwear increase the target area and ensure more accurate detection. This means that regardless of where urine lands or the sleeping position of you or your child, the alarm will reliably detect bedwetting. For boys, this is particularly valuable since the area where urine first hits often varies. The same applies to girls, especially if they tend to sleep on their back.\r\n<h4>Usage<\/h4>\r\nWearing Pjama Boxer Bedwetting Treatment Underwear is as comfortable as wearing regular underwear, making them ideal for children suffering from bedwetting. These underwear for nocturnal enuresis are designed to be used in combination with the Pjama bedwetting alarm and do not absorb liquid. The treatment focuses on breaking the habit of urinating in bed.\r\n\r\nThe package includes:\r\n<ul>\r\n \t<li>1 x Pjama Boxer Bedwetting Treatment Underwear\r\n(Please note that the Pjama Bedwetting Alarm is sold separately.)<\/li>\r\n<\/ul>\r\nSimply attach the sensor to the front waist of the boxer treatment underwear and start the bedwetting alarm to begin the treatment! Place the bedwetting alarm next to the bed.\r\nIf you or the child urinates, the sensitive sewn-in sensor wires in the treatment underwear will quickly detect it and activate the alarm. You or the child can easily stop the alarm by pressing the \"ON\/OFF button\" on the top of the alarm and then proceed to the bathroom to complete the urination.\r\n\r\nTo use the bedwetting alarm with your smartphone, you need to download the DryGuardians App.\r\n<h4>Material<\/h4>\r\nPjama Boxer Bedwetting Treatment Underwear is made of high-quality, Oeko-Tex certified fabrics that are safe and gentle on children\u2019s skin.\r\n<h4>Information<\/h4>\r\n<ul>\r\n \t<li><em>Connects to Pjama Bedwetting Alarm (via buttons on the front of the boxer shorts)<\/em><\/li>\r\n \t<li><em>Sewn-in sensor wires for greater accuracy<\/em><\/li>\r\n \t<li><em>Comfortable and soft<\/em><\/li>\r\n \t<li><em>Discrete and practical<\/em><\/li>\r\n \t<li><em>Machine washable at 60\u00b0C<\/em><\/li>\r\n \t<li><em>Can be tumble dried<\/em><\/li>\r\n \t<li><em>Sizes: Children and Adults<\/em><\/li>\r\n \t<li><em>Color: Blue<\/em><\/li>\r\n<\/ul>\r\n<span style=\"color: #666666;font-size: 14px\">Remember to detach the Pjama Sensor from the bedwetting alarm when not in use and before washing.<\/span>\r\n<h4>DryGuardians App and Bedwetting Clinic<\/h4>\r\nThe DryGuardians app offers advanced features for treating bedwetting and nocturnal enuresis:\r\n<ul>\r\n \t<li>Use the app as a sound device for your bedwetting alarm and choose different alarm signals.<\/li>\r\n \t<li>Log the night\u2019s results in the calendar to track progress and receive personalized tips.<\/li>\r\n \t<li>Get personalized advice and support during enuresis treatment.<\/li>\r\n \t<li>Set daily alarms to remind you or the child to use the bathroom during the day.<\/li>\r\n<\/ul>\r\nThe DryGuardians app is free to download from <a href=\"https:\/\/play.google.com\/store\/apps\/details?id=com.pjama&gl=sv&hl=sv\">Google Play<\/a> or <a href=\"https:\/\/apps.apple.com\/sv\/app\/pjama\/id1498084664?mt=8&l=sv\">App Store<\/a>. Learn more about our Bedwetting Clinic and how we can help you or your child on our <a href=\"https:\/\/pjama.eu\/\">website<\/a>.\r\n<h4>The Treatment Process \u2013 Motivation and Patience are Key<\/h4>\r\nTreating nocturnal enuresis requires motivation and patience, especially during the first few weeks. For both children and parents, it is important to set realistic goals and celebrate progress. Remember, the goal is a dry bed without aids, and the journey there can be made easier with tools like Pjama Boxer Bedwetting Treatment Underwear and the bedwetting alarm.\r\n\r\nAs a parent, you can keep your child motivated by giving positive feedback and compliments. With the help of <em>DryGuardians App<\/em>, you can get tips and advice tailored to your treatment progress. This is a safe and effective path to a better everyday life for children and adults suffering from enuresis.\r\n\r\n\u00a9 2024 Pjama.","_et_gb_content_width":""},"product_brand":[],"product_cat":[320,345,347,388,348],"product_tag":[],"class_list":{"0":"post-24910","1":"product","2":"type-product","3":"status-publish","4":"has-post-thumbnail","6":"product_cat-dzieci","7":"product_cat-akcesoria","8":"product_cat-alarm-na-moczenie-nocne","9":"product_cat-dorosly","10":"product_cat-pjamadryguardians_2025","11":"product_shipping_class-ue","12":"pa_size-duzy","13":"pa_size-maly","14":"pa_size-sredni","15":"pa_size-wiek-10-12-lat","16":"pa_size-wiek-5-6-lat","17":"pa_size-wiek-6-8-lat","18":"pa_size-wiek-8-10-lat","19":"pa_size-xlarge","20":"pa_size-xxl-duzy","22":"first","23":"instock","24":"taxable","25":"shipping-taxable","26":"purchasable","27":"product-type-variable"},"composite_virtual":false,"composite_layout":"","composite_add_to_cart_form_location":"","composite_editable_in_cart":false,"composite_sold_individually_context":"","composite_shop_price_calc":"","composite_components":[],"composite_scenarios":[],"_links":{"self":[{"href":"https:\/\/pjama.eu\/pl\/wp-json\/wp\/v2\/product\/24910","targetHints":{"allow":["GET"]}}],"collection":[{"href":"https:\/\/pjama.eu\/pl\/wp-json\/wp\/v2\/product"}],"about":[{"href":"https:\/\/pjama.eu\/pl\/wp-json\/wp\/v2\/types\/product"}],"wp:featuredmedia":[{"embeddable":true,"href":"https:\/\/pjama.eu\/pl\/wp-json\/wp\/v2\/media\/30978"}],"wp:attachment":[{"href":"https:\/\/pjama.eu\/pl\/wp-json\/wp\/v2\/media?parent=24910"}],"wp:term":[{"taxonomy":"product_brand","embeddable":true,"href":"https:\/\/pjama.eu\/pl\/wp-json\/wp\/v2\/product_brand?post=24910"},{"taxonomy":"product_cat","embeddable":true,"href":"https:\/\/pjama.eu\/pl\/wp-json\/wp\/v2\/product_cat?post=24910"},{"taxonomy":"product_tag","embeddable":true,"href":"https:\/\/pjama.eu\/pl\/wp-json\/wp\/v2\/product_tag?post=24910"}],"curies":[{"name":"wp","href":"https:\/\/api.w.org\/{rel}","templated":true}]}}