{"id":24967,"date":"2020-03-21T12:32:23","date_gmt":"2020-03-21T11:32:23","guid":{"rendered":"https:\/\/pjama.eu\/product\/pjama-protect-szorty-na-nocne-moczenie-dla-dzieci\/"},"modified":"2026-05-06T12:15:47","modified_gmt":"2026-05-06T10:15:47","slug":"szorty-na-moczenie-nocne-dla-dzieci","status":"publish","type":"product","link":"https:\/\/pjama.eu\/pl\/produkt\/szorty-na-moczenie-nocne-dla-dzieci\/","title":{"rendered":"Pjama Protect Szorty na nocne moczenie dla dzieci"},"content":{"rendered":"<h3 style=\"color: #d35917;\">Pjama Protect Szorty na nocne moczenie dla dzieci<\/h3>\n<h4 style=\"color: #072130;\">Najlepsza pomoc na moczenie nocne<\/h4>\n<p>Szukasz rozwi\u0105zania dla dzieci, kt\u00f3re mocz\u0105 si\u0119 w \u0142\u00f3\u017cku lub cierpi\u0105 na moczenie nocne? Szorty Pjama Protect Szorty na moczenie nocne dla dzieci to wygodne, dyskretne i skuteczne rozwi\u0105zanie w walce z moczeniem nocnym. Idealne dla dzieci, kt\u00f3re mocz\u0105 si\u0119 w nocy lub dopiero zaczynaj\u0105 tego do\u015bwiadcza\u0107. Spodenki s\u0105 wodoodporne i nadaj\u0105 si\u0119 do wielokrotnego u\u017cytku, zapewniaj\u0105c bezpiecze\u0144stwo i wygod\u0119 zar\u00f3wno dzieciom, jak i rodzicom.  <\/p>\n<h4 style=\"color: #072130;\">Zalety szort\u00f3w Pjama Protect Szorty na nocne moczenie dzieci<\/h4>\n<ul>\n<li><strong>Ochrona i komfort:<\/strong> Utrzymuje \u0142\u00f3\u017cko suche, gdy zdarzaj\u0105 si\u0119 wypadki &#8211; idealne dla dzieci, kt\u00f3re mocz\u0105 si\u0119 w \u0142\u00f3\u017cku.<\/li>\n<li><strong>Dyskretne i stylowe:<\/strong> Wygl\u0105daj\u0105 jak zwyk\u0142a pi\u017cama\/spodenki do spania, idealne dla dzieci, kt\u00f3re \u015bpi\u0105 poza domem.<\/li>\n<li><strong>Ekologiczne rozwi\u0105zanie:<\/strong> Nadaje si\u0119 do prania i wielokrotnego u\u017cytku, zmniejszaj\u0105c zapotrzebowanie na produkty jednorazowe, takie jak pieluchy.<\/li>\n<li><strong>Pomaga przy moczeniu nocnym:<\/strong> Zaprojektowany, aby zapewni\u0107 dziecku informacj\u0119 zwrotn\u0105, pozwalaj\u0105c mu poczu\u0107 wilgo\u0107, w przeciwie\u0144stwie do pieluch, pomagaj\u0105c mu obudzi\u0107 si\u0119 i p\u00f3j\u015b\u0107 do toalety.<\/li>\n<\/ul>\n<h4 style=\"color: #072130;\">Bezpieczne i praktyczne rozwi\u0105zanie<\/h4>\n<p>Szorty Pjama Protect Szorty na moczenie nocne dla dzieci s\u0105 wykonane z oddychaj\u0105cego, wodoodpornego materia\u0142u, kt\u00f3ry chroni materace i prze\u015bcierad\u0142a. S\u0105 idealne dla dzieci, kt\u00f3re mocz\u0105 si\u0119 w nocy, niezale\u017cnie od tego, czy jest to 6-latek, kt\u00f3ry zacz\u0105\u0142 moczy\u0107 si\u0119 w \u0142\u00f3\u017cku, czy starsze dzieci, kt\u00f3re cierpi\u0105 na moczenie nocne. <\/p>\n<h4 style=\"color: #072130;\">Rozmiary dla wszystkich dzieci<\/h4>\n<p>Oferujemy rozmiary od 98 do 164 cm d\u0142ugo\u015bci, pasuj\u0105ce na dzieci w ka\u017cdym wieku. Je\u015bli dziecko potrzebuje wi\u0119kszego rozmiaru, jest on dost\u0119pny w <a href=\"https:\/\/pjama.eu\/pl\/pizama-na-moczenie-nocne-dla-doroslych\/\">sklepie dla<\/a> doros\u0142ych do rozmiaru XL. Spodenki s\u0105 wykonane z tkaniny Tencel, laminowanej, aby by\u0142y wodoodporne, a jednocze\u015bnie delikatne dla sk\u00f3ry. Zastosowane tkaniny posiadaj\u0105 <a href=\"https:\/\/www.oeko-tex.com\/en\/our-standards\/oeko-tex-standard-100\" target=\"_blank\" rel=\"noopener\">certyfikat Oeko-Tex<\/a>. Aby znale\u017a\u0107 odpowiedni rozmiar i zobaczy\u0107, ile ka\u017cdy rozmiar mo\u017ce wch\u0142on\u0105\u0107, sprawd\u017a nasz <a href=\"https:\/\/pjama.eu\/pl\/pjama-tabela-rozmiarow\/\">Przewodnik po rozmiarach.<\/a> Potrzebujesz wi\u0119kszego rozmiaru? Zapoznaj si\u0119 z nasz\u0105 <a href=\"https:\/\/pjama.eu\/pl\/pizama-na-moczenie-nocne-dla-doroslych\/\">ofert\u0105 dla doros\u0142ych<\/a>, aby uzyska\u0107 tak\u0105 sam\u0105 ochron\u0119 i komfort w wi\u0119kszych rozmiarach.     <\/p>\n<h4 style=\"color: #072130;\">Idealny na nocowanie<\/h4>\n<p>Dzieci cierpi\u0105ce na moczenie nocne mog\u0105 czu\u0107 si\u0119 niepewnie podczas spania poza domem, na przyk\u0142ad podczas nocowania lub zaj\u0119\u0107 wymagaj\u0105cych noclegu. Dzi\u0119ki Pjama Protect Szorty na moczenie nocne dla dzieci, Twoje dziecko mo\u017ce czu\u0107 si\u0119 bezpiecznie dzi\u0119ki dyskretnemu wygl\u0105dowi i ochronie, jak\u0105 oferuj\u0105 szorty. <\/p>\n<h4 style=\"color: #072130;\">\u0141atwa piel\u0119gnacja<\/h4>\n<p>Pjama Protect Szorty na moczenie nocne dla dzieci mo\u017cna pra\u0107 w pralce w temperaturze 60\u00b0C i suszy\u0107 w suszarce b\u0119bnowej. Uwaga: Suszenie spodenek mo\u017ce potrwa\u0107 d\u0142u\u017cej ze wzgl\u0119du na funkcj\u0119 ch\u0142onn\u0105. Podczas prania nale\u017cy odwr\u00f3ci\u0107 odzie\u017c na lew\u0105 stron\u0119, aby usun\u0105\u0107 wilgo\u0107. S\u0105 trwa\u0142e i ekonomiczne, idealne rozwi\u0105zanie dla dzieci, kt\u00f3re zacz\u0119\u0142y moczy\u0107 si\u0119 w nocy. <b>Pjama gwarantuje co najmniej 100 pra\u0144 i do 4 miesi\u0119cy regularnego u\u017cytkowania przy piel\u0119gnacji zgodnej z naszymi instrukcjami prania.<\/b> <a href=\"https:\/\/pjama.eu\/pl\/jak-prac-pjame\/\">Przeczytaj pe\u0142n\u0105 instrukcj\u0119 piel\u0119gnacji tutaj<\/a>.<\/p>\n<h4 style=\"color: #072130;\">Wskaz\u00f3wki dotycz\u0105ce radzenia sobie z moczeniem nocnym<\/h4>\n<p>Praktyczna pomoc dla suchego snu<\/p>\n<ul>\n<li><strong>U\u017cyj Pjama Protect Szorty na nocne moczenie dzieci:<\/strong> Prosta i wygodna pomoc w utrzymaniu suchego \u0142\u00f3\u017cka zar\u00f3wno w domu, jak i podczas nocowania. Idealne, aby unikn\u0105\u0107 k\u0142opot\u00f3w ze zmian\u0105 prze\u015bcierad\u0142a w \u015brodku nocy i zapewni\u0107 dziecku bezpiecze\u0144stwo i wygod\u0119. <\/li>\n<\/ul>\n<p>Produkty do leczenia moczenia nocnego<\/p>\n<ul>\n<li><a href=\"https:\/\/pjama.eu\/pl\/bezprzewodowy-alarm-na-moczenie-nocne\/\">Alarm na moczenie nocne Pjama<\/a>: Skuteczny w leczeniu moczenia nocnego, pomagaj\u0105c dziecku rozwin\u0105\u0107 lepsz\u0105 kontrol\u0119 nad p\u0119cherzem i ustali\u0107 nocne rutyny.<\/li>\n<li><a href=\"https:\/\/pjama.eu\/pl\/aplikacja-do-leczenia-moczenia-nocnego\/\">Aplikacja DryGuardians<\/a>: \u015aled\u017a post\u0119py i uzyskaj wgl\u0105d w skuteczno\u015b\u0107 leczenia. Aplikacja u\u0142atwia r\u00f3wnie\u017c komunikacj\u0119 z opiekunami. <\/li>\n<\/ul>\n<p>Niezale\u017cnie od tego, czy szukasz pomocy, czy produktu leczniczego, wa\u017cna jest otwarta komunikacja. Rozmawiaj otwarcie o moczeniu nocnym, aby zmniejszy\u0107 stres i poczucie wstydu. Mo\u017ce to wspom\u00f3c rozw\u00f3j dziecka i zwi\u0119kszy\u0107 jego poczucie bezpiecze\u0144stwa w zwi\u0105zku z moczeniem nocnym.  <\/p>\n<h4 style=\"color: #072130;\">Co to jest moczenie nocne?<\/h4>\n<p>Moczenie nocne, znane r\u00f3wnie\u017c jako <em>enureza nocna<\/em>, wyst\u0119puje, gdy dzieci mocz\u0105 si\u0119 w \u0142\u00f3\u017cku w nocy. Jest to powszechny problem, zw\u0142aszcza w\u015br\u00f3d ch\u0142opc\u00f3w, i dotyka milion\u00f3w dzieci na ca\u0142ym \u015bwiecie. Pami\u0119taj: to nie jest wina dziecka i nie powinno prowadzi\u0107 do wstydu lub kary.   Potrzebujesz wi\u0119cej wskaz\u00f3wek? Je\u015bli masz pytania dotycz\u0105ce moczenia nocnego lub potrzebujesz wi\u0119cej informacji na temat mo\u017cliwych opcji leczenia, skonsultuj si\u0119 z piel\u0119gniark\u0105 lub lekarzem. Poszukiwanie profesjonalnej pomocy mo\u017ce by\u0107 wa\u017cnym krokiem we wspieraniu dziecka w najlepszy mo\u017cliwy spos\u00f3b. <\/p>\n<footer>\u00a9 2024 Pjama.<\/footer>\n","protected":false},"excerpt":{"rendered":"<h3>Ch\u0142onne szorty na moczenie nocne dla dzieci &#8211; utrzymuj\u0105 \u0142\u00f3\u017cko w sucho\u015bci.<\/h3>\n<p>Pjama Protect Szorty na moczenie nocne dla dzieci to \u0142atwe w piel\u0119gnacji, dyskretne i wygodne rozwi\u0105zanie dla dzieci, kt\u00f3re mocz\u0105 si\u0119 w \u0142\u00f3\u017cku.<\/p>\n<ul>\n<li>Oddychaj\u0105ca i ca\u0142kowicie wodoodporna, aby zapewni\u0107 sucho\u015b\u0107 \u0142\u00f3\u017cka.<\/li>\n<li>Mi\u0119kkie i wygodne jak zwyk\u0142e szorty od pi\u017camy.<\/li>\n<li>Mo\u017cna pra\u0107 w pralce w temperaturze 60\u00b0C i suszy\u0107 w suszarce b\u0119bnowej.<\/li>\n<\/ul>\n<p>Potrzebujesz wi\u0119kszego rozmiaru? Zapoznaj si\u0119 z nasz\u0105 <a href=\"https:\/\/pjama.eu\/pl\/produkt\/szorty-na-moczenie-nocne-dla-doroslych\/\">ofert\u0105 dla doros\u0142ych<\/a>, aby uzyska\u0107 tak\u0105 sam\u0105 ochron\u0119 i komfort w wi\u0119kszych rozmiarach. <\/p>\n","protected":false},"featured_media":31297,"template":"","meta":{"_et_pb_use_builder":"wy\u0142\u0105czony","_et_pb_old_content":"<h3 style=\"color: #d35917\">Pjama Protect Szorty na nocne moczenie dla dzieci<\/h3>\n<h4 style=\"color: #072130\">Najlepsza pomoc na moczenie nocne<\/h4>\nSzukasz rozwi\u0105zania dla dzieci, kt\u00f3re mocz\u0105 si\u0119 w \u0142\u00f3\u017cku lub cierpi\u0105 na moczenie nocne? Szorty Pjama Protect Szorty na moczenie nocne dla dzieci to wygodne, dyskretne i skuteczne rozwi\u0105zanie w walce z moczeniem nocnym. Idealne dla dzieci, kt\u00f3re mocz\u0105 si\u0119 w nocy lub dopiero zaczynaj\u0105 tego do\u015bwiadcza\u0107. Spodenki s\u0105 wodoodporne i nadaj\u0105 si\u0119 do wielokrotnego u\u017cytku, zapewniaj\u0105c bezpiecze\u0144stwo i wygod\u0119 zar\u00f3wno dzieciom, jak i rodzicom.  \n<h4 style=\"color: #072130\">Zalety szort\u00f3w Pjama Protect Szorty na nocne moczenie dzieci<\/h4>\n<ul>\n \t<li><strong>Ochrona i komfort:<\/strong> Utrzymuje \u0142\u00f3\u017cko suche, gdy zdarzaj\u0105 si\u0119 wypadki - idealne dla dzieci, kt\u00f3re mocz\u0105 si\u0119 w \u0142\u00f3\u017cku.<\/li>\n \t<li><strong>Dyskretne i stylowe:<\/strong> Wygl\u0105daj\u0105 jak zwyk\u0142a pi\u017cama\/spodenki do spania, idealne dla dzieci, kt\u00f3re \u015bpi\u0105 poza domem.<\/li>\n \t<li><strong>Ekologiczne rozwi\u0105zanie:<\/strong> Nadaje si\u0119 do prania i wielokrotnego u\u017cytku, zmniejszaj\u0105c zapotrzebowanie na produkty jednorazowe, takie jak pieluchy.<\/li>\n \t<li><strong>Pomaga przy moczeniu nocnym:<\/strong> Zaprojektowany, aby zapewni\u0107 dziecku informacj\u0119 zwrotn\u0105, pozwalaj\u0105c mu poczu\u0107 wilgo\u0107, w przeciwie\u0144stwie do pieluch, pomagaj\u0105c mu obudzi\u0107 si\u0119 i p\u00f3j\u015b\u0107 do toalety.<\/li>\n<\/ul>\n<h4 style=\"color: #072130\">Bezpieczne i praktyczne rozwi\u0105zanie<\/h4>\nSzorty Pjama Protect Szorty na moczenie nocne dla dzieci s\u0105 wykonane z oddychaj\u0105cego, wodoodpornego materia\u0142u, kt\u00f3ry chroni materace i prze\u015bcierad\u0142a. S\u0105 idealne dla dzieci, kt\u00f3re mocz\u0105 si\u0119 w nocy, niezale\u017cnie od tego, czy jest to 6-latek, kt\u00f3ry zacz\u0105\u0142 moczy\u0107 si\u0119 w \u0142\u00f3\u017cku, czy starsze dzieci, kt\u00f3re cierpi\u0105 na moczenie nocne. \n<h4 style=\"color: #072130\">Rozmiary dla wszystkich dzieci<\/h4>\nOferujemy rozmiary od 98 do 164 cm d\u0142ugo\u015bci, pasuj\u0105ce na dzieci w ka\u017cdym wieku. Je\u015bli dziecko potrzebuje wi\u0119kszego rozmiaru, jest on dost\u0119pny w <a href=\"https:\/\/pjama.eu\/pl\/pizama-na-moczenie-nocne-dla-doroslych\/\">sklepie dla<\/a> doros\u0142ych do rozmiaru XL. Spodenki s\u0105 wykonane z tkaniny Tencel, laminowanej, aby by\u0142y wodoodporne, a jednocze\u015bnie delikatne dla sk\u00f3ry. Zastosowane tkaniny posiadaj\u0105 <a href=\"https:\/\/www.oeko-tex.com\/en\/our-standards\/oeko-tex-standard-100\">certyfikat Oeko-Tex<\/a>. Aby znale\u017a\u0107 odpowiedni rozmiar i sprawdzi\u0107, ile ka\u017cdy rozmiar mo\u017ce wch\u0142on\u0105\u0107, sprawd\u017a nasz <a href=\"https:\/\/pjama.eu\/pl\/pjama-tabela-rozmiarow\/\">Przewodnik po rozmiarach.<\/a>    \n\nPotrzebujesz wi\u0119kszego rozmiaru? Zapoznaj si\u0119 z nasz\u0105 <a href=\"https:\/\/pjama.eu\/pl\/pizama-na-moczenie-nocne-dla-doroslych\/\">ofert\u0105 dla doros\u0142ych<\/a>, aby uzyska\u0107 tak\u0105 sam\u0105 ochron\u0119 i komfort w wi\u0119kszych rozmiarach. \n<h4 style=\"color: #072130\">Idealny na nocowanie<\/h4>\nDzieci cierpi\u0105ce na moczenie nocne mog\u0105 czu\u0107 si\u0119 niepewnie podczas spania poza domem, na przyk\u0142ad podczas nocowania lub zaj\u0119\u0107 wymagaj\u0105cych noclegu. Dzi\u0119ki Pjama Protect Szorty na moczenie nocne dla dzieci, Twoje dziecko mo\u017ce czu\u0107 si\u0119 bezpiecznie dzi\u0119ki dyskretnemu wygl\u0105dowi i ochronie, jak\u0105 oferuj\u0105 szorty. \n<h4 style=\"color: #072130\">\u0141atwa piel\u0119gnacja<\/h4>\nSzorty Pjama Protect Szorty na moczenie nocne dla dzieci mo\u017cna pra\u0107 w pralce w temperaturze 60\u00b0C i suszy\u0107 w suszarce b\u0119bnowej. Uwaga: Suszenie spodenek mo\u017ce trwa\u0107 d\u0142u\u017cej ze wzgl\u0119du na funkcj\u0119 ch\u0142onn\u0105.\nPami\u0119taj, aby podczas prania odwr\u00f3ci\u0107 ubranie na lew\u0105 stron\u0119, aby wycisn\u0105\u0107 wilgo\u0107 na zewn\u0105trz.  S\u0105 trwa\u0142e i ekonomiczne, stanowi\u0105c idealne rozwi\u0105zanie dla dzieci, kt\u00f3re zacz\u0119\u0142y moczy\u0107 si\u0119 w nocy. <b>Pjama gwarantuje co najmniej 100 pra\u0144 i do 4 miesi\u0119cy regularnego u\u017cytkowania, je\u015bli jest piel\u0119gnowana zgodnie z naszymi instrukcjami prania.<\/b><span style=\"font-weight: 400\">\n<\/span><a href=\"https:\/\/pjama.eu\/pl\/jak-prac-pjame\/\">Pe\u0142ne instrukcje dotycz\u0105ce piel\u0119gnacji znajduj\u0105 si\u0119 tutaj<\/a>.\n<h4 style=\"color: #072130\">Wskaz\u00f3wki dotycz\u0105ce radzenia sobie z moczeniem nocnym<\/h4>\nPraktyczna pomoc dla suchego snu\n<ul>\n \t<li><strong>U\u017cyj Pjama Protect Szorty na nocne moczenie dzieci:<\/strong> Prosta i wygodna pomoc\nzapewniaj\u0105ca sucho\u015b\u0107 \u0142\u00f3\u017cka zar\u00f3wno w domu, jak i podczas nocowania. Idealne, aby unikn\u0105\u0107 k\u0142opot\u00f3w z\nzmian\u0105 po\u015bcieli w \u015brodku nocy i zapewni\u0107 dziecku bezpiecze\u0144stwo i wygod\u0119. <\/li>\n<\/ul>\nProdukty do leczenia moczenia nocnego\n<ul>\n \t<li><a href=\"https:\/\/pjama.eu\/pl\/bezprzewodowy-alarm-na-moczenie-nocne\/\">Alarm na moczenie nocne Pjama<\/a>: Skuteczny w leczeniu moczenia nocnego, pomagaj\u0105c dziecku rozwin\u0105\u0107 lepsz\u0105 kontrol\u0119 nad p\u0119cherzem i ustali\u0107 nocne rutyny.<\/li>\n \t<li><a href=\"https:\/\/pjama.eu\/pl\/aplikacja-do-leczenia-moczenia-nocnego\/\">Aplikacja DryGuardians<\/a>: \u015aled\u017a post\u0119py i uzyskaj wgl\u0105d w skuteczno\u015b\u0107 leczenia. Aplikacja u\u0142atwia r\u00f3wnie\u017c komunikacj\u0119 z opiekunami. <\/li>\n<\/ul>\nNiezale\u017cnie od tego, czy szukasz pomocy, czy produktu leczniczego, wa\u017cna jest otwarta komunikacja. Rozmawiaj otwarcie o moczeniu nocnym, aby zmniejszy\u0107 stres i poczucie wstydu. Mo\u017ce to wspom\u00f3c rozw\u00f3j dziecka i zwi\u0119kszy\u0107 jego poczucie bezpiecze\u0144stwa w zwi\u0105zku z moczeniem nocnym.  \n<h4 style=\"color: #072130\">Co to jest moczenie nocne?<\/h4>\nMoczenie nocne, znane r\u00f3wnie\u017c jako <em>enureza nocna<\/em>, wyst\u0119puje, gdy dzieci mocz\u0105 si\u0119 w \u0142\u00f3\u017cku w nocy. Jest to powszechny problem, zw\u0142aszcza w\u015br\u00f3d ch\u0142opc\u00f3w, kt\u00f3ry dotyka miliony dzieci na ca\u0142ym \u015bwiecie. Pami\u0119taj: to nie jest wina dziecka i nie powinno prowadzi\u0107 do wstydu lub kary.\nPotrzebujesz wi\u0119cej wskaz\u00f3wek?\n\nJe\u015bli masz pytania dotycz\u0105ce moczenia nocnego lub potrzebujesz wi\u0119cej informacji na temat mo\u017cliwych opcji leczenia, skonsultuj si\u0119 z piel\u0119gniark\u0105 lub lekarzem. Poszukiwanie profesjonalnej pomocy mo\u017ce by\u0107 wa\u017cnym krokiem we wspieraniu dziecka w najlepszy mo\u017cliwy spos\u00f3b. \n\n<footer>\u00a9 2024 Pjama.<\/footer>","_et_gb_content_width":""},"product_brand":[],"product_cat":[431,320,432],"product_tag":[],"class_list":{"0":"post-24967","1":"product","2":"type-product","3":"status-publish","4":"has-post-thumbnail","6":"product_cat-pjama-original","7":"product_cat-dzieci","8":"product_cat-pjamaprotect_2025","9":"product_shipping_class-ue","10":"pa_size-maly","11":"pa_size-wiek-10-12-lat","12":"pa_size-wiek-3-4","13":"pa_size-wiek-5-6-lat","14":"pa_size-wiek-6-8-lat","15":"pa_size-wiek-8-10-lat","17":"first","18":"instock","19":"taxable","20":"shipping-taxable","21":"purchasable","22":"product-type-variable"},"composite_virtual":false,"composite_layout":"","composite_add_to_cart_form_location":"","composite_editable_in_cart":false,"composite_sold_individually_context":"","composite_shop_price_calc":"","composite_components":[],"composite_scenarios":[],"_links":{"self":[{"href":"https:\/\/pjama.eu\/pl\/wp-json\/wp\/v2\/product\/24967","targetHints":{"allow":["GET"]}}],"collection":[{"href":"https:\/\/pjama.eu\/pl\/wp-json\/wp\/v2\/product"}],"about":[{"href":"https:\/\/pjama.eu\/pl\/wp-json\/wp\/v2\/types\/product"}],"wp:featuredmedia":[{"embeddable":true,"href":"https:\/\/pjama.eu\/pl\/wp-json\/wp\/v2\/media\/31297"}],"wp:attachment":[{"href":"https:\/\/pjama.eu\/pl\/wp-json\/wp\/v2\/media?parent=24967"}],"wp:term":[{"taxonomy":"product_brand","embeddable":true,"href":"https:\/\/pjama.eu\/pl\/wp-json\/wp\/v2\/product_brand?post=24967"},{"taxonomy":"product_cat","embeddable":true,"href":"https:\/\/pjama.eu\/pl\/wp-json\/wp\/v2\/product_cat?post=24967"},{"taxonomy":"product_tag","embeddable":true,"href":"https:\/\/pjama.eu\/pl\/wp-json\/wp\/v2\/product_tag?post=24967"}],"curies":[{"name":"wp","href":"https:\/\/api.w.org\/{rel}","templated":true}]}}