{"id":25009,"date":"2020-03-21T12:06:50","date_gmt":"2020-03-21T11:06:50","guid":{"rendered":"https:\/\/pjama.eu\/product\/pjama-protect-spodnie-na-moczenie-nocne-dla-dzieci\/"},"modified":"2026-03-27T16:22:01","modified_gmt":"2026-03-27T15:22:01","slug":"pjama-protect-spodnie-na-moczenie-nocne-dla-dzieci","status":"publish","type":"product","link":"https:\/\/pjama.eu\/pl\/produkt\/pjama-protect-spodnie-na-moczenie-nocne-dla-dzieci\/","title":{"rendered":"Pjama Protect Spodnie na moczenie nocne dla dzieci"},"content":{"rendered":"<h3>Pjama Protect Spodnie na moczenie nocne dla dzieci<\/h3>\n<h4>&#8211; Najlepsza pomoc na moczenie nocne<\/h4>\n<p>Szukasz rozwi\u0105zania dla dzieci, kt\u00f3re mocz\u0105 si\u0119 w \u0142\u00f3\u017cku lub cierpi\u0105 na moczenie nocne?<br \/>\nSpodnie na moczenie nocne dla dzieci Pjama Protect Spodnie na moczenie nocne dla dzieci to wygodne, dyskretne i skuteczne<br \/>\nrozwi\u0105zanie w walce z moczeniem nocnym. Idealne dla dzieci, kt\u00f3re mocz\u0105 si\u0119 w nocy lub<br \/>\nw\u0142a\u015bnie zacz\u0119\u0142y do\u015bwiadcza\u0107 wypadk\u00f3w. Spodnie s\u0105 wodoodporne i nadaj\u0105 si\u0119 do wielokrotnego u\u017cytku, oferuj\u0105c<br \/>\nkomfort i spok\u00f3j zar\u00f3wno dzieciom, jak i rodzicom.  <\/p>\n<h4>Zalety spodni na moczenie nocne Pjama Protect dla dzieci<\/h4>\n<ul>\n<li><strong>Ochrona i komfort:<\/strong> Utrzymuje \u0142\u00f3\u017cko suche, gdy zdarzaj\u0105 si\u0119 wypadki &#8211; idealne dla dzieci, kt\u00f3re mocz\u0105 si\u0119 w \u0142\u00f3\u017cku.<\/li>\n<li><strong>Dyskretne i stylowe:<\/strong> Wygl\u0105daj\u0105 jak zwyk\u0142a pi\u017cama\/spodnie nocne, idealne do spania.<\/li>\n<li><strong>Ekologiczne rozwi\u0105zanie:<\/strong> Nadaje si\u0119 do prania i wielokrotnego u\u017cytku, zmniejszaj\u0105c zapotrzebowanie na produkty jednorazowe, takie jak pieluchy.<\/li>\n<li><strong>Pomaga przy moczeniu nocnym:<\/strong> Zaprojektowany, aby dawa\u0107 dziecku informacj\u0119 zwrotn\u0105, pozwalaj\u0105c mu poczu\u0107 wilgo\u0107, w przeciwie\u0144stwie do pieluch, zach\u0119caj\u0105c je do obudzenia si\u0119 i p\u00f3j\u015bcia do toalety.<\/li>\n<\/ul>\n<h4>Bezpieczne i praktyczne rozwi\u0105zanie<\/h4>\n<p>Spodnie na moczenie nocne dla dzieci Pjama Protect s\u0105 wykonane z oddychaj\u0105cego i wodoodpornego materia\u0142u<br \/>\n, kt\u00f3ry chroni materace i prze\u015bcierad\u0142a. S\u0105 idealne dla dzieci, kt\u00f3re mocz\u0105 si\u0119 w nocy,<br \/>\nniezale\u017cnie od tego, czy jest to sze\u015bciolatek, kt\u00f3ry dopiero zacz\u0105\u0142 moczy\u0107 si\u0119 w \u0142\u00f3\u017cku, czy starsze dzieci cierpi\u0105ce na moczenie nocne. <\/p>\n<h4>Rozmiary dla wszystkich dzieci<\/h4>\n<p>Oferujemy rozmiary od 98 do 164 cm wzrostu, aby dopasowa\u0107 je do dzieci w ka\u017cdym wieku.<br \/>\nJe\u015bli Twoje dziecko potrzebuje wi\u0119kszego rozmiaru, sprawd\u017a nasz\u0105 ofert\u0119<br \/>\n<a href=\"https:\/\/pjama.eu\/pl\/produkt\/pjama-protect-spodnie-na-moczenie-nocne-dla-doroslych\/\">Kategoria dla doros\u0142ych<\/a> do rozmiaru XL.<br \/>\nSpodnie s\u0105 wykonane z tkaniny Tencel, laminowanej, aby by\u0142y wodoodporne, a jednocze\u015bnie delikatne dla sk\u00f3ry.<br \/>\nU\u017cyte tkaniny posiadaj\u0105 <a href=\"https:\/\/www.oeko-tex.com\/en\/our-standards\/oeko-tex-standard-100\" target=\"_blank\" rel=\"noopener\">certyfikat Oeko-Tex<\/a>.<br \/>\nAby znale\u017a\u0107 odpowiedni rozmiar i zobaczy\u0107, ile ka\u017cdy rozmiar mo\u017ce wch\u0142on\u0105\u0107, sprawd\u017a nasze<br \/>\n<a href=\"https:\/\/pjama.eu\/pl\/przewodnik-po-rozmiarach\/\">przewodnik po rozmiarach<\/a>.<\/p>\n<p>Potrzebujesz wi\u0119kszego rozmiaru? Zapoznaj si\u0119 z nasz\u0105 <a href=\"https:\/\/pjama.eu\/pl\/sklep-dla-doroslych-z-moczeniem-nocnym\/\">ofert\u0105 dla doros\u0142ych<\/a>, aby uzyska\u0107 tak\u0105 sam\u0105 ochron\u0119 i komfort w wi\u0119kszych rozmiarach. <\/p>\n<h4>Idealny na nocowanie<\/h4>\n<p>Dzieci cierpi\u0105ce na moczenie nocne mog\u0105 czu\u0107 si\u0119 niepewnie podczas spania poza domem, w domach przyjaci\u00f3\u0142<br \/>\nlub podczas nocnych aktywno\u015bci. Z Pjama Protect Spodnie na moczenie nocne dla dzieci, Twoje dziecko mo\u017ce czu\u0107 si\u0119<br \/>\nbezpiecznie dzi\u0119ki dyskretnemu wygl\u0105dowi i niezawodnej ochronie, jak\u0105 zapewniaj\u0105 te spodnie. <\/p>\n<h4>\u0141atwa piel\u0119gnacja<\/h4>\n<p>Spodnie na moczenie nocne dla dzieci Pjama Protect mo\u017cna pra\u0107 w pralce (60\u00b0C) i suszy\u0107 w suszarce b\u0119bnowej.<br \/>\nUwaga: spodnie maj\u0105 d\u0142u\u017cszy czas schni\u0119cia ze wzgl\u0119du na ich w\u0142a\u015bciwo\u015bci ch\u0142onne.<br \/>\nPodczas prania nale\u017cy odwr\u00f3ci\u0107 odzie\u017c na lew\u0105 stron\u0119, aby umo\u017cliwi\u0107 wyci\u015bni\u0119cie p\u0142ynu podczas cyklu wirowania.<br \/>\n<span style=\"font-weight: 400;\">S\u0105 trwa\u0142e i ekonomiczne &#8211; <\/span><b>Pjama gwarantuje co najmniej 100 pra\u0144 i do 4 miesi\u0119cy regularnego u\u017cytkowania przy piel\u0119gnacji zgodnej z naszymi instrukcjami prania.<\/b><span style=\"font-weight: 400;\"><br \/>\n<\/span><span style=\"font-weight: 400;\">Niezawodne i praktyczne rozwi\u0105zanie dla dzieci mocz\u0105cych si\u0119 w nocy.<\/span><span style=\"font-weight: 400;\"><br \/>\n<\/span><a href=\"https:\/\/pjama.eu\/pl\/jak-prac-i-suszyc-pjame\/\"><span style=\"font-weight: 400;\">Przeczytaj pe\u0142n\u0105 instrukcj\u0119 piel\u0119gnacji &#8217;<\/span><\/a><\/p>\n<h4>Wskaz\u00f3wki dotycz\u0105ce radzenia sobie z moczeniem nocnym<\/h4>\n<p>Praktyczna pomoc dla suchego snu<\/p>\n<ul>\n<li><strong>U\u017cyj Pjama Protect Spodnie na moczenie nocne dla dzieci:<\/strong> Proste i wygodne rozwi\u0105zanie<br \/>\nzapewniaj\u0105ce sucho\u015b\u0107 \u0142\u00f3\u017cka zar\u00f3wno w domu, jak i podczas nocowania. Idealne, aby unikn\u0105\u0107 k\u0142opot\u00f3w ze zmian\u0105 prze\u015bcierad\u0142a<br \/>\nw \u015brodku nocy i zapewni\u0107 dziecku komfort i bezpiecze\u0144stwo. <\/li>\n<\/ul>\n<p>Produkty do leczenia moczenia nocnego<\/p>\n<ul>\n<li><a href=\"https:\/\/pjama.eu\/pl\/alarmy-na-moczenie-nocne-pjama-dryguardians\/\">Alarm na moczenie nocne Pjama<\/a>: Skuteczny w leczeniu moczenia nocnego, pomagaj\u0105c dziecku rozwin\u0105\u0107 lepsz\u0105 kontrol\u0119 nad p\u0119cherzem i rutyn\u0119 nocn\u0105.<\/li>\n<li><a href=\"https:\/\/pjama.eu\/pl\/aplikacja-dryguardians-bezplatna-pomoc-w-leczeniu-moczenia-nocnego\/\">Aplikacja DryGuardians<\/a>: \u015aled\u017a post\u0119py i uzyskaj wgl\u0105d w skuteczno\u015b\u0107 leczenia. Aplikacja u\u0142atwia r\u00f3wnie\u017c komunikacj\u0119 z pracownikami s\u0142u\u017cby zdrowia. <\/li>\n<\/ul>\n<p>Niezale\u017cnie od tego, czy szukasz pomocy, czy produktu do leczenia, wa\u017cne jest, aby komunikowa\u0107 si\u0119 otwarcie.<br \/>\nOtwarta rozmowa na temat moczenia nocnego mo\u017ce zmniejszy\u0107 stres i poczucie wstydu. Wspiera to rozw\u00f3j dziecka<br \/>\ni zwi\u0119ksza jego poczucie bezpiecze\u0144stwa w zwi\u0105zku z moczeniem nocnym. <\/p>\n<h4>Co to jest moczenie nocne?<\/h4>\n<p>Moczenie nocne, znane r\u00f3wnie\u017c jako <em>enureza nocna<\/em>, to sytuacja, w kt\u00f3rej dzieci mocz\u0105 si\u0119 w \u0142\u00f3\u017cku w nocy.<br \/>\nJest to powszechny problem, zw\u0142aszcza w\u015br\u00f3d ch\u0142opc\u00f3w, dotykaj\u0105cy miliony dzieci na ca\u0142ym \u015bwiecie.<br \/>\nPami\u0119taj: to nie jest wina dziecka i nie powinno prowadzi\u0107 do wstydu lub kary.<\/p>\n<h4>Potrzebujesz wi\u0119cej wskaz\u00f3wek?<\/h4>\n<p>Je\u015bli masz pytania dotycz\u0105ce moczenia nocnego lub potrzebujesz<br \/>\nwi\u0119cej informacji na temat potencjalnych opcji leczenia, skonsultuj si\u0119 ze swoj\u0105 piel\u0119gniark\u0105 lub lekarzem. Poszukiwanie profesjonalnej pomocy mo\u017ce by\u0107<br \/>\nwa\u017cnym krokiem we wspieraniu dziecka w najlepszy spos\u00f3b. <\/p>\n<footer>\u00a9 2024 Pjama.<\/footer>\n","protected":false},"excerpt":{"rendered":"<h3>Ch\u0142onne spodnie na moczenie nocne dla dzieci &#8211; utrzymuj\u0105 \u0142\u00f3\u017cko w sucho\u015bci.<\/h3>\n<p>Pjama Protect Spodnie na moczenie nocne dla dzieci to \u0142atwe w piel\u0119gnacji, dyskretne,<br \/>\ni wygodne rozwi\u0105zanie dla dzieci, kt\u00f3re mocz\u0105 si\u0119 w \u0142\u00f3\u017cku.<\/p>\n<ul>\n<li>Oddychaj\u0105ca i w pe\u0142ni wodoodporna, aby zapewni\u0107 sucho\u015b\u0107 \u0142\u00f3\u017cka.<\/li>\n<li>Mi\u0119kkie i wygodne jak zwyk\u0142e spodnie od pi\u017camy.<\/li>\n<li>Mo\u017cna pra\u0107 w pralce w temperaturze 60\u00b0C i suszy\u0107 w suszarce b\u0119bnowej.<\/li>\n<\/ul>\n<p>Potrzebujesz wi\u0119kszego rozmiaru? Zapoznaj si\u0119 z nasz\u0105 <a href=\"https:\/\/pjama.eu\/pl\/sklep-dla-doroslych-z-moczeniem-nocnym\/\">ofert\u0105 dla doros\u0142ych<\/a>, aby uzyska\u0107 tak\u0105 sam\u0105 ochron\u0119 i komfort w wi\u0119kszych rozmiarach. <\/p>\n","protected":false},"featured_media":31340,"template":"","meta":{"_et_pb_use_builder":"","_et_pb_old_content":"","_et_gb_content_width":""},"product_brand":[],"product_cat":[431,320,432],"product_tag":[],"class_list":{"0":"post-25009","1":"product","2":"type-product","3":"status-publish","4":"has-post-thumbnail","6":"product_cat-pjama-original","7":"product_cat-dzieci","8":"product_cat-pjamaprotect_2025","9":"product_shipping_class-ue","10":"pa_size-maly","11":"pa_size-wiek-10-12-lat","12":"pa_size-wiek-3-4","13":"pa_size-wiek-5-6-lat","14":"pa_size-wiek-6-8-lat","15":"pa_size-wiek-8-10-lat","17":"first","18":"instock","19":"taxable","20":"shipping-taxable","21":"purchasable","22":"product-type-variable"},"composite_virtual":false,"composite_layout":"","composite_add_to_cart_form_location":"","composite_editable_in_cart":false,"composite_sold_individually_context":"","composite_shop_price_calc":"","composite_components":[],"composite_scenarios":[],"_links":{"self":[{"href":"https:\/\/pjama.eu\/pl\/wp-json\/wp\/v2\/product\/25009","targetHints":{"allow":["GET"]}}],"collection":[{"href":"https:\/\/pjama.eu\/pl\/wp-json\/wp\/v2\/product"}],"about":[{"href":"https:\/\/pjama.eu\/pl\/wp-json\/wp\/v2\/types\/product"}],"wp:featuredmedia":[{"embeddable":true,"href":"https:\/\/pjama.eu\/pl\/wp-json\/wp\/v2\/media\/31340"}],"wp:attachment":[{"href":"https:\/\/pjama.eu\/pl\/wp-json\/wp\/v2\/media?parent=25009"}],"wp:term":[{"taxonomy":"product_brand","embeddable":true,"href":"https:\/\/pjama.eu\/pl\/wp-json\/wp\/v2\/product_brand?post=25009"},{"taxonomy":"product_cat","embeddable":true,"href":"https:\/\/pjama.eu\/pl\/wp-json\/wp\/v2\/product_cat?post=25009"},{"taxonomy":"product_tag","embeddable":true,"href":"https:\/\/pjama.eu\/pl\/wp-json\/wp\/v2\/product_tag?post=25009"}],"curies":[{"name":"wp","href":"https:\/\/api.w.org\/{rel}","templated":true}]}}