{"id":25110,"date":"2020-03-21T12:40:14","date_gmt":"2020-03-21T11:40:14","guid":{"rendered":"https:\/\/pjama.eu\/product\/pjama-protect-spodnie-na-moczenie-nocne-dla-doroslych\/"},"modified":"2025-12-15T10:56:08","modified_gmt":"2025-12-15T09:56:08","slug":"pjama-protect-spodnie-na-moczenie-nocne-dla-doroslych","status":"publish","type":"product","link":"https:\/\/pjama.eu\/pl\/produkt\/pjama-protect-spodnie-na-moczenie-nocne-dla-doroslych\/","title":{"rendered":"Pjama Protect Spodnie na moczenie nocne dla doros\u0142ych"},"content":{"rendered":"<h3>Pjama Protect Spodnie na moczenie nocne dla doros\u0142ych<\/h3>\n<h4>&#8211; Najlepsza pomoc w przypadku moczenia nocnego i nietrzymania moczu<\/h4>\n<p>Szukasz skutecznego rozwi\u0105zania do leczenia moczenia nocnego u doros\u0142ych?<br \/>\nSpodnie na moczenie nocne Pjama Protect Spodnie na moczenie nocne dla doros\u0142ych to wygodne, dyskretne i skuteczne rozwi\u0105zanie<br \/>\ndo radzenia sobie z moczeniem nocnym. Idealne dla doros\u0142ych cierpi\u0105cych na nietrzymanie moczu w nocy.<br \/>\nTe spodnie s\u0105 mi\u0119kkie, wodoodporne, wielokrotnego u\u017cytku i zapewniaj\u0105 spok\u00f3j ducha zar\u00f3wno w domu, jak i podczas nocowania poza domem. <\/p>\n<h4>Zalety spodni na moczenie nocne Pjama Protect dla doros\u0142ych<\/h4>\n<ul>\n<li><strong>Ochrona i komfort:<\/strong> Utrzymuje \u0142\u00f3\u017cko suche podczas wycieku moczu i moczenia nocnego, zapewniaj\u0105c bezpieczn\u0105 i komfortow\u0105 noc.<\/li>\n<li><strong>Dyskretny i funkcjonalny design:<\/strong> Wygl\u0105daj\u0105 jak zwyk\u0142a pi\u017cama\/spodnie nocne, dzi\u0119ki czemu s\u0105 odpowiednie dla doros\u0142ych szukaj\u0105cych dyskretnego rozwi\u0105zania.<\/li>\n<li><strong>Przyjazny dla \u015brodowiska i ekonomiczny:<\/strong> Nadaje si\u0119 do prania i wielokrotnego u\u017cytku, zmniejszaj\u0105c zapotrzebowanie na produkty jednorazowe i b\u0119d\u0105c lepszym dla \u015brodowiska.<\/li>\n<li><strong>Pomaga przy moczeniu nocnym:<\/strong> Zaprojektowany, aby zapewni\u0107 informacj\u0119 zwrotn\u0105 poprzez odczuwanie wilgoci, w przeciwie\u0144stwie do pieluch, zach\u0119caj\u0105c do przebudzenia si\u0119 i p\u00f3j\u015bcia do \u0142azienki.<\/li>\n<\/ul>\n<h4>Bezpieczne i praktyczne rozwi\u0105zanie<\/h4>\n<p>Pjama Protect Spodnie na moczenie nocne dla doros\u0142ych s\u0105 wykonane z materia\u0142u, kt\u00f3ry jest zar\u00f3wno oddychaj\u0105cy, jak i wodoodporny,<br \/>\nchroni\u0105c zar\u00f3wno materace, jak i prze\u015bcierad\u0142a. S\u0105 odpowiednie dla doros\u0142ych cierpi\u0105cych na moczenie nocne,<x id=\"gid_1\"><\/x>niezale\u017cnie od tego, czy jest to problem tymczasowy, czy d\u0142ugotrwa\u0142y. Spodnie s\u0105 idealne zar\u00f3wno dla m\u0119\u017cczyzn, jak i kobiet.  <\/p>\n<h4>Rozmiary dla doros\u0142ych<\/h4>\n<p>Oferujemy rozmiary od ma\u0142ego do XL, aby dopasowa\u0107 si\u0119 do wszystkich typ\u00f3w cia\u0142a. Spodnie s\u0105 wykonane z tkaniny Tencel,<br \/>\nlaminowanej, aby by\u0142y wodoodporne, a jednocze\u015bnie delikatne dla sk\u00f3ry. U\u017cyte tkaniny to<br \/>\n<a href=\"https:\/\/www.oeko-tex.com\/en\/our-standards\/oeko-tex-standard-100\" target=\"_blank\" rel=\"noopener\">Certyfikat Oeko-Tex<\/a>.<br \/>\nAby znale\u017a\u0107 odpowiedni rozmiar i zobaczy\u0107, ile ka\u017cdy rozmiar mo\u017ce wch\u0142on\u0105\u0107, sprawd\u017a nasze<br \/>\n<a href=\"https:\/\/pjama.eu\/pl\/przewodnik-po-rozmiarach\/\">przewodnik po rozmiarach<\/a>.<\/p>\n<p>Potrzebujesz mniejszego rozmiaru? Zapoznaj si\u0119 z nasz\u0105 <a href=\"https:\/\/pjama.eu\/pl\/spodnie-na-moczenie-nocne\/\">ofert\u0105 dla dzieci <\/a>, aby uzyska\u0107 tak\u0105 sam\u0105 ochron\u0119 i komfort w wi\u0119kszych rozmiarach. <\/p>\n<h4>Idealny na noce poza domem<\/h4>\n<p>Doro\u015bli z problemem moczenia nocnego mog\u0105 czu\u0107 si\u0119 niepewnie, gdy przebywaj\u0105 poza domem, na przyk\u0142ad podczas podr\u00f3\u017cy<br \/>\nlub pobytu u rodziny i przyjaci\u00f3\u0142. Spodnie na moczenie nocne dla doros\u0142ych Pjama Protect zapewniaj\u0105 poczucie bezpiecze\u0144stwa<br \/>\ni dyskretne rozwi\u0105zanie, \u0142agodz\u0105c obawy zwi\u0105zane z takimi sytuacjami. Wizj\u0105 firmy Pjama jest pomoc osobom<br \/>\ncierpi\u0105cym na moczenie nocne w prowadzeniu jak najbardziej normalnego \u017cycia, bez ogranicze\u0144.  <\/p>\n<h4>\u0141atwa piel\u0119gnacja<\/h4>\n<p>Spodnie na moczenie nocne Pjama Protect dla doros\u0142ych mo\u017cna pra\u0107 w pralce w temperaturze 60\u00b0C i suszy\u0107 w suszarce b\u0119bnowej.<br \/>\nNale\u017cy pami\u0119ta\u0107, \u017ce suszenie mo\u017ce trwa\u0107 d\u0142u\u017cej ze wzgl\u0119du na w\u0142a\u015bciwo\u015bci ch\u0142onne. Podczas prania nale\u017cy odwr\u00f3ci\u0107 odzie\u017c na lew\u0105 stron\u0119<br \/>\n, aby zoptymalizowa\u0107 uwalnianie wilgoci. Spodnie te s\u0105 zar\u00f3wno trwa\u0142e, jak i ekonomiczne &#8211; to idealne rozwi\u0105zanie<br \/>\ndla doros\u0142ych z moczeniem nocnym.<br \/>\n<b>Pjama gwarantuje co najmniej 100 pra\u0144 i do 4 miesi\u0119cy regularnego u\u017cytkowania, je\u015bli jest piel\u0119gnowana zgodnie z naszymi instrukcjami prania.<\/b><span style=\"font-weight: 400;\"> <\/span><span style=\"font-weight: 400;\"><br \/>\n<\/span><a href=\"https:\/\/pjama.eu\/pl\/jak-prac-i-suszyc-pjame\/\"><span style=\"font-weight: 400;\">Przeczytaj pe\u0142n\u0105 instrukcj\u0119 piel\u0119gnacji &#8217;<\/span><\/a><\/p>\n<h4>Wskaz\u00f3wki dotycz\u0105ce radzenia sobie z moczeniem nocnym<\/h4>\n<p>Praktyczne \u015brodki wspomagaj\u0105ce suchy sen<\/p>\n<ul>\n<li><strong>Pjama Protect Spodnie na moczenie nocne dla doros\u0142ych:<\/strong> \u0141atwa i wygodna pomoc<br \/>\nw utrzymaniu sucho\u015bci \u0142\u00f3\u017cka zar\u00f3wno w domu, jak i podczas pobytu poza nim. Idealne, aby unikn\u0105\u0107 k\u0142opot\u00f3w z<br \/>\nzmian\u0105 po\u015bcieli w \u015brodku nocy i zapewni\u0107 komfort i bezpiecze\u0144stwo. <\/li>\n<\/ul>\n<h4>Produkty do leczenia moczenia nocnego<\/h4>\n<ul>\n<li><a href=\"https:\/\/pjama.eu\/pl\/sklep-dla-doroslych-z-moczeniem-nocnym\/\">Alarm na moczenie nocne Pjama<\/a>: Skuteczne narz\u0119dzie pomagaj\u0105ce rozwin\u0105\u0107 lepsz\u0105 kontrol\u0119 nad p\u0119cherzem i wprowadzi\u0107 nocne rutyny. Zar\u00f3wno <g id=\"gid_1\">bokserki<\/g> dla m\u0119\u017cczyzn, jak i <g id=\"gid_2\">majtki<\/g> dla kobiet s\u0105 dost\u0119pne w rozmiarach dla doros\u0142ych z do\u0142\u0105czonymi alarmami na moczenie nocne. U\u017cywaj ich pod ochronnymi spodniami do spania, aby uzyska\u0107 natychmiastow\u0105 informacj\u0119 zwrotn\u0105, gdy pojawi si\u0119 wilgo\u0107.  <\/li>\n<li><a href=\"https:\/\/pjama.eu\/pl\/aplikacja-dryguardians-bezplatna-pomoc-w-leczeniu-moczenia-nocnego\/\">Aplikacja DryGuardians<\/a>: \u015aled\u017a post\u0119py i uzyskaj wgl\u0105d w skuteczno\u015b\u0107 leczenia. Aplikacja wspiera r\u00f3wnie\u017c komunikacj\u0119 z pracownikami s\u0142u\u017cby zdrowia. <\/li>\n<\/ul>\n<p>Je\u015bli nigdy wcze\u015bniej nie by\u0142e\u015b leczony z powodu moczenia nocnego lub moczenia nocnego, mo\u017ce to by\u0107 opcja dla Ciebie.<br \/>\nPjama wsp\u00f3\u0142pracuje ze szwedzk\u0105 s\u0142u\u017cb\u0105 zdrowia, aby zapewni\u0107 pomoc i opcje leczenia dla os\u00f3b mocz\u0105cych si\u0119 w \u0142\u00f3\u017cku.<\/p>\n<h4>Co to jest moczenie nocne?<\/h4>\n<p>Moczenie nocne, czyli enureza nocna, jest bardziej powszechne w\u015br\u00f3d doros\u0142ych ni\u017c si\u0119 wielu wydaje i polega na tym, \u017ce osoba<br \/>\nmimowolnie popuszcza mocz lub moczy si\u0119 w \u0142\u00f3\u017cku podczas snu. Wa\u017cne jest, aby zrozumie\u0107, \u017ce ta<br \/>\nsytuacja jest mo\u017cliwa do opanowania i nie powinna prowadzi\u0107 do wstydu lub poczucia winy. Otwarta rozmowa o moczeniu nocnym mo\u017ce<br \/>\nzmniejszy\u0107 stres i poczucie wstydu oraz zapewni\u0107 pewno\u015b\u0107 potrzebn\u0105 do radzenia sobie z moczeniem nocnym.  <\/p>\n<h4>Potrzebujesz wi\u0119cej wskaz\u00f3wek?<\/h4>\n<p>Zach\u0119camy do skonsultowania si\u0119 z piel\u0119gniark\u0105 lub lekarzem w celu uzyskania porady dotycz\u0105cej leczenia i om\u00f3wienia mo\u017cliwych opcji.<br \/>\nPoszukiwanie profesjonalnej pomocy mo\u017ce by\u0107 wa\u017cnym krokiem w zarz\u0105dzaniu i leczeniu moczenia nocnego lub moczenia nocnego.<\/p>\n<footer>\u00a9 2024 Pjama.<\/footer>\n","protected":false},"excerpt":{"rendered":"<div class=\"product-description\">\n<h3>Ch\u0142onne spodnie na moczenie nocne dla doros\u0142ych &#8211; dyskretne i wygodne.<\/h3>\n<p>Pjama Protect Spodnie na moczenie nocne dla doros\u0142ych to \u0142atwe w piel\u0119gnacji, dyskretne,<br \/>\ni wygodne rozwi\u0105zanie dla doros\u0142ych z problemem moczenia nocnego.<\/p>\n<ul>\n<li>Oddychaj\u0105ca i ca\u0142kowicie wodoodporna, aby zapewni\u0107 sucho\u015b\u0107 \u0142\u00f3\u017cka.<\/li>\n<li>Mi\u0119kkie i wygodne jak zwyk\u0142e spodnie od pi\u017camy.<\/li>\n<li>Mo\u017cna pra\u0107 w pralce w temperaturze 60\u00b0C i suszy\u0107 w suszarce b\u0119bnowej.<\/li>\n<\/ul>\n<p>Potrzebujesz mniejszego rozmiaru? Zapoznaj si\u0119 z nasz\u0105 <a href=\"https:\/\/pjama.eu\/pl\/spodnie-na-moczenie-nocne\/\">ofert\u0105 dla dzieci <\/a>, aby uzyska\u0107 tak\u0105 sam\u0105 ochron\u0119 i komfort w wi\u0119kszych rozmiarach. <\/p>\n<\/div>\n","protected":false},"featured_media":31315,"template":"","meta":{"_et_pb_use_builder":"","_et_pb_old_content":"","_et_gb_content_width":""},"product_brand":[],"product_cat":[431,388,432],"product_tag":[],"class_list":{"0":"post-25110","1":"product","2":"type-product","3":"status-publish","4":"has-post-thumbnail","6":"product_cat-pjama-original","7":"product_cat-dorosly","8":"product_cat-pjamaprotect_2025","9":"product_shipping_class-ue","10":"pa_size-duzy","11":"pa_size-maly","12":"pa_size-sredni","13":"pa_size-xlarge","15":"first","16":"instock","17":"taxable","18":"shipping-taxable","19":"purchasable","20":"product-type-variable"},"composite_virtual":false,"composite_layout":"","composite_add_to_cart_form_location":"","composite_editable_in_cart":false,"composite_sold_individually_context":"","composite_shop_price_calc":"","composite_components":[],"composite_scenarios":[],"_links":{"self":[{"href":"https:\/\/pjama.eu\/pl\/wp-json\/wp\/v2\/product\/25110","targetHints":{"allow":["GET"]}}],"collection":[{"href":"https:\/\/pjama.eu\/pl\/wp-json\/wp\/v2\/product"}],"about":[{"href":"https:\/\/pjama.eu\/pl\/wp-json\/wp\/v2\/types\/product"}],"wp:featuredmedia":[{"embeddable":true,"href":"https:\/\/pjama.eu\/pl\/wp-json\/wp\/v2\/media\/31315"}],"wp:attachment":[{"href":"https:\/\/pjama.eu\/pl\/wp-json\/wp\/v2\/media?parent=25110"}],"wp:term":[{"taxonomy":"product_brand","embeddable":true,"href":"https:\/\/pjama.eu\/pl\/wp-json\/wp\/v2\/product_brand?post=25110"},{"taxonomy":"product_cat","embeddable":true,"href":"https:\/\/pjama.eu\/pl\/wp-json\/wp\/v2\/product_cat?post=25110"},{"taxonomy":"product_tag","embeddable":true,"href":"https:\/\/pjama.eu\/pl\/wp-json\/wp\/v2\/product_tag?post=25110"}],"curies":[{"name":"wp","href":"https:\/\/api.w.org\/{rel}","templated":true}]}}