{"id":25150,"date":"2020-03-21T12:49:41","date_gmt":"2020-03-21T11:49:41","guid":{"rendered":"https:\/\/pjama.eu\/product\/pjama-protect-szorty-na-nocne-moczenie-dla-doroslych\/"},"modified":"2025-12-15T10:15:01","modified_gmt":"2025-12-15T09:15:01","slug":"pjama-protect-szorty-na-nocne-moczenie-dla-doroslych","status":"publish","type":"product","link":"https:\/\/pjama.eu\/pl\/produkt\/pjama-protect-szorty-na-nocne-moczenie-dla-doroslych\/","title":{"rendered":"Pjama Protect Szorty na nocne moczenie dla doros\u0142ych"},"content":{"rendered":"<h3>Pjama Protect Szorty na nocne moczenie dla doros\u0142ych<\/h3>\n<h4>&#8211; Najlepsze rozwi\u0105zanie na moczenie nocne i nietrzymanie moczu<\/h4>\n<p>Szukasz skutecznego rozwi\u0105zania, aby poradzi\u0107 sobie z moczeniem nocnym<br \/>\nu doros\u0142ych? Szorty Pjama Protect Szorty na moczenie nocne dla doros\u0142ych to wygodne, dyskretne i<br \/>\nskuteczne rozwi\u0105zanie do radzenia sobie z moczeniem nocnym. Idealne dla doros\u0142ych cierpi\u0105cych na nietrzymanie moczu<x id=\"gid_2\"><\/x>w nocy. Te spodenki s\u0105 mi\u0119kkie, wodoodporne, wielokrotnego u\u017cytku i zapewniaj\u0105<br \/>\nbezpiecze\u0144stwo zar\u00f3wno w domu, jak i poza nim.   <\/p>\n<h4>Zalety szort\u00f3w Pjama Protect Szorty na nocne moczenie dla doros\u0142ych<\/h4>\n<ul>\n<li><strong>Ochrona i komfort:<\/strong> Utrzymuje \u0142\u00f3\u017cko suche podczas wycieku moczu i moczenia nocnego, zapewniaj\u0105c wygodn\u0105 i bezpieczn\u0105 noc.<\/li>\n<li><strong>Dyskretny i funkcjonalny design:<\/strong> Wygl\u0105daj\u0105 jak zwyk\u0142e spodenki od pi\u017camy, dzi\u0119ki czemu s\u0105 odpowiednie dla doros\u0142ych, kt\u00f3rzy chc\u0105 dyskretnego rozwi\u0105zania.<\/li>\n<li><strong>Przyjazne dla \u015brodowiska i op\u0142acalne:<\/strong> Zmywalne i wielokrotnego u\u017cytku, zmniejszaj\u0105 zapotrzebowanie na produkty jednorazowe i s\u0105 bardziej przyjazne dla \u015brodowiska.<\/li>\n<li><strong>Pomoc w przypadku moczenia nocnego:<\/strong> Zaprojektowany, aby zapewni\u0107 informacj\u0119 zwrotn\u0105 poprzez wilgo\u0107, w przeciwie\u0144stwie do pieluch, aby zach\u0119ci\u0107 do przebudzenia i skorzystania z toalety.<\/li>\n<\/ul>\n<h4>Bezpieczne i praktyczne rozwi\u0105zanie<\/h4>\n<p>Pjama Protect Szorty na moczenie nocne dla doros\u0142ych s\u0105 wykonane z oddychaj\u0105cego i wodoodpornego<br \/>\nmateria\u0142u, kt\u00f3ry chroni zar\u00f3wno materac, jak i prze\u015bcierad\u0142o. S\u0105 odpowiednie dla doros\u0142ych<br \/>\ncierpi\u0105cych na moczenie nocne, niezale\u017cnie od tego, czy jest to problem tymczasowy, czy d\u0142ugotrwa\u0142y.<br \/>\nSzorty s\u0105 idealne zar\u00f3wno dla m\u0119\u017cczyzn, jak i kobiet. <\/p>\n<h4>Rozmiary dla doros\u0142ych<\/h4>\n<p>Oferujemy rozmiary od ma\u0142ego do XL, aby dopasowa\u0107 si\u0119 do wszystkich typ\u00f3w cia\u0142a. Spodenki s\u0105 wykonane z tkaniny Tencel,<x id=\"gid_0\"><\/x>kt\u00f3ra jest laminowana, aby by\u0142y wodoodporne, a jednocze\u015bnie delikatne dla sk\u00f3ry. U\u017cyte tkaniny to<br \/>\n<a href=\"https:\/\/www.oeko-tex.com\/en\/our-standards\/oeko-tex-standard-100\" target=\"_blank\" rel=\"noopener\">Certyfikat Oeko-Tex<\/a>.<br \/>\nAby znale\u017a\u0107 odpowiedni rozmiar i sprawdzi\u0107 zdolno\u015b\u0107 absorpcji dla ka\u017cdego rozmiaru, sprawd\u017a nasze<br \/>\n<a href=\"https:\/\/pjama.eu\/pl\/przewodnik-po-rozmiarach\/\">przewodnik po rozmiarach<\/a>.<\/p>\n<p>Potrzebujesz mniejszego rozmiaru? Zapoznaj si\u0119 z nasz\u0105 <a href=\"https:\/\/pjama.eu\/pl\/spodnie-na-moczenie-nocne\/\">ofert\u0105 dla dzieci<\/a>, aby uzyska\u0107 tak\u0105 sam\u0105 ochron\u0119 i komfort w wi\u0119kszych rozmiarach. <\/p>\n<h4>Idealny na noce poza domem<\/h4>\n<p>Doro\u015bli cierpi\u0105cy na moczenie nocne mog\u0105 czu\u0107 si\u0119 niepewnie, gdy przebywaj\u0105 poza domem, np.<br \/>\npodczas wycieczek lub nocleg\u00f3w u rodziny i przyjaci\u00f3\u0142. Szorty Pjama Protect Szorty na moczenie nocne dla doros\u0142ych zapewniaj\u0105 bezpieczne i dyskretne rozwi\u0105zanie, kt\u00f3re mo\u017ce zmniejszy\u0107 niepok\u00f3j zwi\u0105zany z<x id=\"gid_1\"><\/x>takimi sytuacjami. Wizj\u0105 firmy Pjama jest u\u0142atwienie \u017cycia osobom cierpi\u0105cym na<br \/>\nmoczenie nocne, tak aby mog\u0142y prowadzi\u0107 jak najbardziej normalne \u017cycie bez ogranicze\u0144.  <\/p>\n<h4>\u0141atwa konserwacja<\/h4>\n<p>Szorty Pjama Protect Szorty na moczenie nocne dla doros\u0142ych mo\u017cna pra\u0107 w pralce w temperaturze 60\u00b0C i suszy\u0107 w suszarce b\u0119bnowej<br \/>\n. Nale\u017cy pami\u0119ta\u0107, \u017ce suszenie mo\u017ce potrwa\u0107 d\u0142u\u017cej ze wzgl\u0119du na ich funkcj\u0119 ch\u0142onn\u0105.<x id=\"gid_1\"><\/x>Odwr\u00f3\u0107 odzie\u017c na lew\u0105 stron\u0119 podczas prania, aby zoptymalizowa\u0107 odprowadzanie cieczy. Te spodenki s\u0105<br \/>\ntrwa\u0142e i ekonomiczne &#8211; idealne rozwi\u0105zanie dla doros\u0142ych z moczeniem nocnym.<br \/>\n<b>Pjama gwarantuje co najmniej 100 pra\u0144 i do 4 miesi\u0119cy regularnego u\u017cytkowania, je\u015bli jest piel\u0119gnowana zgodnie z naszymi instrukcjami prania.<\/b><span style=\"font-weight: 400;\"><br \/>\n<\/span><a href=\"https:\/\/pjama.eu\/pl\/jak-prac-i-suszyc-pjame\/\"><span style=\"font-weight: 400;\">Przeczytaj pe\u0142n\u0105 instrukcj\u0119 piel\u0119gnacji &#8217;<\/span><\/a><\/p>\n<h4>Wskaz\u00f3wki dotycz\u0105ce radzenia sobie z moczeniem nocnym<\/h4>\n<h5>Praktyczne \u015brodki wspomagaj\u0105ce suchy sen<\/h5>\n<ul>\n<li><strong>U\u017cyj Pjama Protect Szorty na moczenie nocne dla doros\u0142ych:<\/strong> Prosta i wygodna pomoc<br \/>\nzapewniaj\u0105ca sucho\u015b\u0107 \u0142\u00f3\u017cka zar\u00f3wno w domu, jak i poza nim. Idealne, aby unikn\u0105\u0107 k\u0142opot\u00f3w ze zmian\u0105<br \/>\n\u0142\u00f3\u017cka w \u015brodku nocy, zapewniaj\u0105c bezpiecze\u0144stwo i wygod\u0119. <\/li>\n<\/ul>\n<h5>Produkty do leczenia moczenia nocnego<\/h5>\n<ul>\n<li><a href=\"https:\/\/pjama.eu\/pl\/sklep-dla-doroslych-z-moczeniem-nocnym\/\">Alarm na moczenie nocne Pjama<\/a>: Skuteczne narz\u0119dzie pomagaj\u0105ce rozwin\u0105\u0107 lepsz\u0105 kontrol\u0119 nad p\u0119cherzem i wprowadzi\u0107 nocne rutyny. Zar\u00f3wno <a href=\"https:\/\/pjama.eu\/pl\/produkt\/pjama-dryguardians-dla-mezczyzn-bokserki\/\">bokserki<\/a> dla m\u0119\u017cczyzn, jak i <a href=\"https:\/\/pjama.eu\/pl\/produkt\/pjama-dryguardians-dla-kobiet-majtki\/\">majtki<\/a> dla kobiet s\u0105 dost\u0119pne w rozmiarach dla doros\u0142ych z do\u0142\u0105czonym alarmem na moczenie nocne. U\u017cywaj ich w po\u0142\u0105czeniu z ochronnymi spodenkami do spania, aby uzyska\u0107 natychmiastow\u0105 informacj\u0119 zwrotn\u0105 o pojawieniu si\u0119 wilgoci.  <\/li>\n<li><a href=\"https:\/\/pjama.eu\/pl\/aplikacja-dryguardians-bezplatna-pomoc-w-leczeniu-moczenia-nocnego\/\">Aplikacja DryGuardians<\/a>: \u015aled\u017a post\u0119py i uzyskaj wgl\u0105d w skuteczno\u015b\u0107 leczenia. Aplikacja wspiera r\u00f3wnie\u017c komunikacj\u0119 z pracownikami s\u0142u\u017cby zdrowia. <\/li>\n<\/ul>\n<p>Je\u015bli nigdy nie by\u0142e\u015b leczony z powodu moczenia nocnego lub moczenia nocnego, mo\u017ce to by\u0107 rozwi\u0105zanie<br \/>\ndla Ciebie. Pjama wsp\u00f3\u0142pracuje ze szwedzk\u0105 s\u0142u\u017cb\u0105 zdrowia, aby zapewni\u0107 pomoc i opcje leczenia<br \/>\ndla os\u00f3b mocz\u0105cych si\u0119 w nocy. <\/p>\n<h4>Czym jest moczenie nocne?<\/h4>\n<p>Moczenie nocne lub enureza nocna jest bardziej powszechnym problemem w\u015br\u00f3d doros\u0142ych, ni\u017c mo\u017ce si\u0119 wydawa\u0107,<br \/>\npolegaj\u0105cym na mimowolnej utracie moczu podczas snu. Wa\u017cne jest, aby zrozumie\u0107, \u017ce jest to<br \/>\nmo\u017cliwa do opanowania sytuacja, kt\u00f3ra nie powinna prowadzi\u0107 do wstydu lub poczucia winy. Otwarta rozmowa na temat moczenia nocnego<br \/>\nmo\u017ce zmniejszy\u0107 stres i poczucie wstydu, oferuj\u0105c komfort potrzebny do radzenia sobie z moczeniem nocnym.  <\/p>\n<h4>Potrzebujesz wi\u0119cej wskaz\u00f3wek?<\/h4>\n<p>Zach\u0119camy do skonsultowania si\u0119 z piel\u0119gniark\u0105 lub lekarzem w celu uzyskania porady dotycz\u0105cej leczenia i om\u00f3wienia mo\u017cliwych opcji.<br \/>\nPoszukiwanie profesjonalnej pomocy mo\u017ce by\u0107 wa\u017cnym krokiem w zarz\u0105dzaniu i leczeniu moczenia nocnego lub moczenia nocnego.<\/p>\n<footer>\u00a9 2024 Pjama.<\/footer>\n","protected":false},"excerpt":{"rendered":"<div class=\"product-description\">\n<h3><span data-sheets-root=\"1\">Ch\u0142onne szorty na moczenie nocne dla doros\u0142ych &#8211; dyskretne i wygodne.<\/span><\/h3>\n<p>Pjama Protect Szorty na moczenie nocne dla doros\u0142ych to \u0142atwe w piel\u0119gnacji, dyskretne,<br \/>\ni wygodne rozwi\u0105zanie dla doros\u0142ych z problemem moczenia nocnego.<\/p>\n<ul>\n<li>Oddychaj\u0105ca i ca\u0142kowicie wodoodporna, aby zapewni\u0107 sucho\u015b\u0107 \u0142\u00f3\u017cka.<\/li>\n<li>Mi\u0119kkie i wygodne jak zwyk\u0142e szorty od pi\u017camy.<\/li>\n<li>Mo\u017cna pra\u0107 w pralce w temperaturze 60\u00b0C i suszy\u0107 w suszarce b\u0119bnowej.<\/li>\n<\/ul>\n<p>Potrzebujesz mniejszego rozmiaru? Zapoznaj si\u0119 z nasz\u0105 <a href=\"https:\/\/pjama.eu\/pl\/spodnie-na-moczenie-nocne\/\">ofert\u0105 dla dzieci<\/a>, aby uzyska\u0107 tak\u0105 sam\u0105 ochron\u0119 i komfort w wi\u0119kszych rozmiarach. <\/p>\n<\/div>\n","protected":false},"featured_media":31306,"template":"","meta":{"_et_pb_use_builder":"","_et_pb_old_content":"","_et_gb_content_width":""},"product_brand":[],"product_cat":[431,388,432],"product_tag":[],"class_list":{"0":"post-25150","1":"product","2":"type-product","3":"status-publish","4":"has-post-thumbnail","6":"product_cat-pjama-original","7":"product_cat-dorosly","8":"product_cat-pjamaprotect_2025","9":"product_shipping_class-ue","10":"pa_size-duzy","11":"pa_size-maly","12":"pa_size-sredni","13":"pa_size-szeroki","14":"pa_size-xlarge","15":"pa_size-xwide","16":"pa_size-xxwide","18":"first","19":"instock","20":"taxable","21":"shipping-taxable","22":"purchasable","23":"product-type-variable"},"composite_virtual":false,"composite_layout":"","composite_add_to_cart_form_location":"","composite_editable_in_cart":false,"composite_sold_individually_context":"","composite_shop_price_calc":"","composite_components":[],"composite_scenarios":[],"_links":{"self":[{"href":"https:\/\/pjama.eu\/pl\/wp-json\/wp\/v2\/product\/25150","targetHints":{"allow":["GET"]}}],"collection":[{"href":"https:\/\/pjama.eu\/pl\/wp-json\/wp\/v2\/product"}],"about":[{"href":"https:\/\/pjama.eu\/pl\/wp-json\/wp\/v2\/types\/product"}],"wp:featuredmedia":[{"embeddable":true,"href":"https:\/\/pjama.eu\/pl\/wp-json\/wp\/v2\/media\/31306"}],"wp:attachment":[{"href":"https:\/\/pjama.eu\/pl\/wp-json\/wp\/v2\/media?parent=25150"}],"wp:term":[{"taxonomy":"product_brand","embeddable":true,"href":"https:\/\/pjama.eu\/pl\/wp-json\/wp\/v2\/product_brand?post=25150"},{"taxonomy":"product_cat","embeddable":true,"href":"https:\/\/pjama.eu\/pl\/wp-json\/wp\/v2\/product_cat?post=25150"},{"taxonomy":"product_tag","embeddable":true,"href":"https:\/\/pjama.eu\/pl\/wp-json\/wp\/v2\/product_tag?post=25150"}],"curies":[{"name":"wp","href":"https:\/\/api.w.org\/{rel}","templated":true}]}}