{"id":25332,"date":"2022-01-18T14:17:35","date_gmt":"2022-01-18T13:17:35","guid":{"rendered":"https:\/\/pjama.eu\/product\/przescieradlo-i-ochraniacz-na-lozko-pjama-protect-materac-do-lozka\/"},"modified":"2025-12-14T17:51:46","modified_gmt":"2025-12-14T16:51:46","slug":"przescieradlo-i-ochraniacz-na-lozko-pjama-protect-materac-do-lozka","status":"publish","type":"product","link":"https:\/\/pjama.eu\/pl\/produkt\/przescieradlo-i-ochraniacz-na-lozko-pjama-protect-materac-do-lozka\/","title":{"rendered":"Prze\u015bcierad\u0142o i ochraniacz na \u0142\u00f3\u017cko Pjama Protect &#8211; Materac do \u0142\u00f3\u017cka"},"content":{"rendered":"<h4>Prze\u015bcierad\u0142o i ochraniacz na \u0142\u00f3\u017cko Pjama Protect &#8211; Materac do \u0142\u00f3\u017cka &#8211; Najwy\u017csza jako\u015b\u0107!<\/h4>\n<p><strong><br \/>\nPrze\u015bcierad\u0142o i ochraniacz na \u0142\u00f3\u017cko Pjama Protect &#8211; Bed Mattress jest wykonany z w\u0142\u00f3kien<br \/>\nTencel, bardziej mi\u0119kkich ni\u017c jedwab, dzi\u0119ki czemu sen na nim to marzenie.<br \/>\n<\/strong><\/p>\n<h5>Wodoodporny<\/h5>\n<p>Delikatna membrana poliuretanowa zapobiega przedostawaniu si\u0119 cieczy do materaca<br \/>\n, stanowi\u0105c jednocze\u015bnie barier\u0119 dla kurzu. Chroni r\u00f3wnie\u017c boki materaca. <\/p>\n<h5>Bariera przeciwpy\u0142owa<\/h5>\n<p>Dzi\u0119ki delikatnej membranie poliuretanowej tkanina dzia\u0142a jak bariera dla kurzu,<br \/>\nzapobiegaj\u0105c wdychaniu roztoczy, kt\u00f3re powoduj\u0105 alergie oddechowe. Nie zawiera chemikali\u00f3w. <\/p>\n<h5>Oddychaj\u0105cy<\/h5>\n<p>Tkanina zapobiega przenikaniu p\u0142yn\u00f3w, a jednocze\u015bnie pozostaje w pe\u0142ni oddychaj\u0105ca.<\/p>\n<h5>Naturalny<\/h5>\n<p>Powierzchnia tkaniny jest w 100% naturalna, wykonana z w\u0142\u00f3kien drzewnych: TENCEL\u2122 \/ SMARTCEL\u2122.<br \/>\nNie zawiera chemikali\u00f3w.<\/p>\n<h5>Cichy<\/h5>\n<p>Ca\u0142kowicie dyskretny materia\u0142: niewykrywalny i cichy.<\/p>\n<h5>Antybakteryjny<\/h5>\n<p>W\u0142\u00f3kno TENCEL\u2122 Lyocell, zapewniaj\u0105ce doskona\u0142\u0105 kontrol\u0119 wilgoci, oraz w\u0142\u00f3kno SMARTCEL\u2122,<br \/>\nznane ze swoich w\u0142a\u015bciwo\u015bci antybakteryjnych, zapobiegaj\u0105 rozwojowi bakterii.<\/p>\n<h5>\u0141atwa piel\u0119gnacja<\/h5>\n<p>Mo\u017cna pra\u0107 w pralce w temperaturze 60\u00b0C i suszy\u0107 w suszarce b\u0119bnowej w niskiej temperaturze.<\/p>\n<h5>Bi-elastyczny<\/h5>\n<p>Idealnie dopasowuje si\u0119 do materaca, kt\u00f3ry chroni. Pasuje do wszystkich grubo\u015bci materacy. <\/p>\n<h5>Efekt kosmetyczny<\/h5>\n<p>Tlenek cynku jest dobry dla sk\u00f3ry i naturalnie wspomaga regeneracj\u0119 kom\u00f3rek sk\u00f3ry.<\/p>\n<h5>Kontrola zapachu<\/h5>\n<p>W\u0142\u00f3kna TENCEL\u2122 i SMARTCEL\u2122 zapobiegaj\u0105 powstawaniu nieprzyjemnych zapach\u00f3w spowodowanych rozwojem bakterii i grzyb\u00f3w.<\/p>\n<h5>Przyjazny dla \u015brodowiska<\/h5>\n<p>Proces produkcji zar\u00f3wno tkaniny, jak i gotowego produktu jest przyjazny dla \u015brodowiska.<\/p>\n","protected":false},"excerpt":{"rendered":"<h4>Prze\u015bcierad\u0142o i ochraniacz na \u0142\u00f3\u017cko w jednym produkcie &#8211; do standardowych materacy \u0142\u00f3\u017ckowych<\/h4>\n<p><strong><br \/>\nPrze\u015bcierad\u0142o i ochraniacz na \u0142\u00f3\u017cko Pjama Protect &#8211; Bed Mattress jest wykonany z w\u0142\u00f3kien<br \/>\nTencel, bardziej mi\u0119kkich ni\u017c jedwab, dzi\u0119ki czemu sen na nim to marzenie.<br \/>\n<\/strong><\/p>\n<p>Nasze \u0142\u00f3\u017cka s\u0105 codziennie nara\u017cone na wiele szkodliwych czynnik\u00f3w. Nasze ochraniacze na \u0142\u00f3\u017cka chroni\u0105 je przed takimi czynnikami jak: <\/p>\n<ul>\n<li>Wilgo\u0107 &#8211; Ka\u017cdej nocy cz\u0142owiek traci do 0,5 litra wody poprzez parowanie.<\/li>\n<li>Nietrzymanie moczu &#8211; Na r\u00f3\u017cnych etapach \u017cycia mo\u017cemy do\u015bwiadcza\u0107 problem\u00f3w z moczeniem nocnym lub <em>enurez\u0105<\/em>.<\/li>\n<li>Brud i p\u0142yny &#8211; np. z jedzenia i zwierz\u0105t domowych.<\/li>\n<li>Roztocza i alergeny.<\/li>\n<\/ul>\n<p>Delikatna membrana poliuretanowa zapobiega przedostawaniu si\u0119 p\u0142yn\u00f3w do materaca<br \/>\n, a jednocze\u015bnie s\u0142u\u017cy jako bariera dla kurzu, zapobiegaj\u0105c wdychaniu roztoczy<br \/>\ni pomagaj\u0105c w alergiach. Chroni r\u00f3wnie\u017c boki materaca.<br \/>\nOchraniacze s\u0105 najwy\u017cszej jako\u015bci i s\u0105 klasyfikowane jako wyroby medyczne. <\/p>\n<p>Je\u015bli Ty lub Twoje dziecko cierpicie na moczenie nocne,<br \/>\n<em>moczenie nocne<\/em>, mo\u017cesz przeczyta\u0107 wi\u0119cej na ten temat<br \/>\n<a href=\"https:\/\/pjama.eu\/pl\/co-to-jest-enureza\/\">tutaj<\/a>.<\/p>\n","protected":false},"featured_media":22871,"template":"","meta":{"_et_pb_use_builder":"on","_et_pb_old_content":"<h3 style=\"color:#d35917\">Pjama Protect Sheet and Bed Protector - Bed Mattress - For the Highest Quality Mattress!<\/h3>\r\n<strong>The Pjama Protect Sheet and Bed Protector - Bed Mattress is made from Tencel fibers, softer than silk, making it a dream to sleep on.\r\n<\/strong>\r\n<h4 style=\"color:#072130\">Waterproof<\/h4>\r\nThe fine polyurethane membrane prevents liquid from seeping into the mattress while also acting as a barrier to dust. It also protects the sides of the mattress.\r\n<h4 style=\"color:#072130\">Dust Barrier<\/h4>\r\nThanks to the fine polyurethane membrane, the fabric acts as a barrier to dust, preventing inhalation of dust mites that cause respiratory allergies. Chemical-free.\r\n<h4 style=\"color:#072130\">Breathable<\/h4>\r\nThe fabric prevents liquids from seeping through yet remains fully breathable.\r\n<h4 style=\"color:#072130\">Natural<\/h4>\r\nThe fabric surface is 100% natural, made from wood fibers: TENCEL\u2122 \/ SMARTCEL\u2122.\r\nChemical-free.\r\n<h4 style=\"color:#072130\">Silent<\/h4>\r\nCompletely discreet fabric: undetectable and silent.\r\n<h4 style=\"color:#072130\">Antibacterial<\/h4>\r\nDue to TENCEL\u2122 Lyocell fiber, with excellent moisture control, and SMARTCEL\u2122 fiber, known for its important antibacterial properties, bacteria growth is prevented.\r\n<h4 style=\"color:#072130\">Easy Care<\/h4>\r\nMachine washable at 60\u00b0C and tumble dry at low temperature.\r\n<h4 style=\"color:#072130\">Bi-elastic<\/h4>\r\nIt adapts perfectly to the mattress it protects. Fits all mattress thicknesses.\r\n<h4 style=\"color:#072130\">Cosmetic Effect<\/h4>\r\nZinc oxide is good for your skin and naturally supports skin cell regeneration.\r\n<h4 style=\"color:#072130\">Odor Control<\/h4>\r\nTENCEL\u2122 and SMARTCEL\u2122 fibers prevent odors caused by bacterial and fungal growth.\r\n<h4 style=\"color:#072130\">Eco-friendly<\/h4>\r\nThe manufacturing process for both the fabric and the finished product is eco-friendly.","_et_gb_content_width":""},"product_brand":[],"product_cat":[524,320,432],"product_tag":[],"class_list":{"0":"post-25332","1":"product","2":"type-product","3":"status-publish","4":"has-post-thumbnail","6":"product_cat-ochrona-materacy-i-poscieli","7":"product_cat-dzieci","8":"product_cat-pjamaprotect_2025","9":"product_shipping_class-ue","10":"pa_size-105-x-200-x-16-cm","11":"pa_size-120-x-200-x-16-cm","12":"pa_size-140-x-200-x-16-cm","13":"pa_size-160-x-200-x-16-cm","14":"pa_size-180-x-200-x-16-cm","15":"pa_size-60-x-120-x-16-cm","16":"pa_size-70-x-140-x-16-cm","17":"pa_size-70-x-160-x-16-cm","18":"pa_size-80-x-200-x-16-cm","19":"pa_size-90-x-200-x-16-cm","21":"first","22":"instock","23":"taxable","24":"shipping-taxable","25":"purchasable","26":"product-type-variable"},"composite_virtual":false,"composite_layout":"","composite_add_to_cart_form_location":"","composite_editable_in_cart":false,"composite_sold_individually_context":"","composite_shop_price_calc":"","composite_components":[],"composite_scenarios":[],"_links":{"self":[{"href":"https:\/\/pjama.eu\/pl\/wp-json\/wp\/v2\/product\/25332","targetHints":{"allow":["GET"]}}],"collection":[{"href":"https:\/\/pjama.eu\/pl\/wp-json\/wp\/v2\/product"}],"about":[{"href":"https:\/\/pjama.eu\/pl\/wp-json\/wp\/v2\/types\/product"}],"wp:featuredmedia":[{"embeddable":true,"href":"https:\/\/pjama.eu\/pl\/wp-json\/wp\/v2\/media\/22871"}],"wp:attachment":[{"href":"https:\/\/pjama.eu\/pl\/wp-json\/wp\/v2\/media?parent=25332"}],"wp:term":[{"taxonomy":"product_brand","embeddable":true,"href":"https:\/\/pjama.eu\/pl\/wp-json\/wp\/v2\/product_brand?post=25332"},{"taxonomy":"product_cat","embeddable":true,"href":"https:\/\/pjama.eu\/pl\/wp-json\/wp\/v2\/product_cat?post=25332"},{"taxonomy":"product_tag","embeddable":true,"href":"https:\/\/pjama.eu\/pl\/wp-json\/wp\/v2\/product_tag?post=25332"}],"curies":[{"name":"wp","href":"https:\/\/api.w.org\/{rel}","templated":true}]}}