{"id":25491,"date":"2023-12-01T08:27:50","date_gmt":"2023-12-01T07:27:50","guid":{"rendered":"https:\/\/pjama.eu\/product\/przescieradlo-i-ochraniacz-na-lozko-pjama-protect-do-materaca-boxspring\/"},"modified":"2025-12-14T17:50:26","modified_gmt":"2025-12-14T16:50:26","slug":"przescieradlo-i-ochraniacz-na-lozko-pjama-protect-do-materaca-boxspring","status":"publish","type":"product","link":"https:\/\/pjama.eu\/pl\/produkt\/przescieradlo-i-ochraniacz-na-lozko-pjama-protect-do-materaca-boxspring\/","title":{"rendered":"Prze\u015bcierad\u0142o i ochraniacz na \u0142\u00f3\u017cko Pjama Protect do materaca Boxspring"},"content":{"rendered":"<h4>Wysokiej jako\u015bci ochraniacz na \u0142\u00f3\u017cko i prze\u015bcierad\u0142o w jednym &#8211; do materaca Boxspring<\/h4>\n<p><strong><br \/>\nPrze\u015bcierad\u0142o i ochraniacz Pjama Protect na materac Boxspring jest wykonany z w\u0142\u00f3kien<br \/>\nTencel, bardziej mi\u0119kkich ni\u017c jedwab, dzi\u0119ki czemu mo\u017cna spa\u0107 bezpo\u015brednio na nim bez<br \/>\nkonieczno\u015bci u\u017cywania prze\u015bcierad\u0142a.<br \/>\n<\/strong><\/p>\n<h5>Wodoodporny<\/h5>\n<p>Delikatna membrana poliuretanowa zapobiega przedostawaniu si\u0119 p\u0142yn\u00f3w do materaca<br \/>\n, stanowi\u0105c jednocze\u015bnie barier\u0119 dla kurzu. Chroni r\u00f3wnie\u017c boki materaca. <\/p>\n<h5>Bariera przeciwpy\u0142owa<\/h5>\n<p>Dzi\u0119ki delikatnej membranie poliuretanowej tkanina dzia\u0142a jako bariera dla kurzu,<br \/>\nzapobiegaj\u0105c wdychaniu roztoczy, kt\u00f3re powoduj\u0105 alergie oddechowe.<br \/>\nWolny od obr\u00f3bki chemicznej.<\/p>\n<h5>Oddychaj\u0105cy<\/h5>\n<p>Tkanina zapobiega przenikaniu p\u0142yn\u00f3w, a jednocze\u015bnie jest ca\u0142kowicie oddychaj\u0105ca.<\/p>\n<h5>Naturalny<\/h5>\n<p>Powierzchnia tkaniny jest w 100% naturalna, wykonana z w\u0142\u00f3kien drzewnych: TENCEL\u2122 \/ SMARTCEL\u2122.<br \/>\nWolny od obr\u00f3bki chemicznej.<\/p>\n<h5>Cichy<\/h5>\n<p>Ca\u0142kowicie dyskretny materia\u0142: niezauwa\u017calny i cichy.<\/p>\n<h5>Antybakteryjny<\/h5>\n<p>Dzi\u0119ki w\u0142\u00f3knom TENCEL\u2122 Lyocell o doskona\u0142ej kontroli wilgoci oraz w\u0142\u00f3knom SMARTCEL\u2122,<br \/>\nkt\u00f3re maj\u0105 wa\u017cne w\u0142a\u015bciwo\u015bci antybakteryjne, zapobiega si\u0119 rozwojowi bakterii.<\/p>\n<h5>\u0141atwa piel\u0119gnacja<\/h5>\n<p>Mo\u017cna pra\u0107 w pralce w temperaturze 60\u00b0C i suszy\u0107 w suszarce b\u0119bnowej w niskiej temperaturze.<\/p>\n<h5>Bi-elastyczny<\/h5>\n<p>Idealnie dopasowuje si\u0119 do materaca, kt\u00f3ry chroni. Pasuje do wszystkich grubo\u015bci materacy. <\/p>\n<h5>Efekt kosmetyczny<\/h5>\n<p>Tlenek cynku jest korzystny dla sk\u00f3ry i wspomaga jej naturaln\u0105 regeneracj\u0119.<\/p>\n","protected":false},"excerpt":{"rendered":"<h4><span data-sheets-root=\"1\">Prze\u015bcierad\u0142o i ochraniacz na \u0142\u00f3\u017cko w jednym produkcie &#8211; do materacy spr\u0119\u017cynowych<\/span><\/h4>\n<p><strong><br \/>\nPrze\u015bcierad\u0142o i ochraniacz Pjama Protect na materac Boxspring jest wykonany z w\u0142\u00f3kien<br \/>\nTencel, bardziej mi\u0119kkich ni\u017c jedwab, dzi\u0119ki czemu mo\u017cna spa\u0107 bezpo\u015brednio na nim bez<br \/>\nkonieczno\u015bci u\u017cywania prze\u015bcierad\u0142a.<br \/>\n<\/strong><\/p>\n<p>Nasze \u0142\u00f3\u017cka s\u0105 codziennie nara\u017cone na szereg szkodliwych czynnik\u00f3w. Nasze ochraniacze na \u0142\u00f3\u017cka chroni\u0105 je przed takimi czynnikami jak: <\/p>\n<ul>\n<li>Wilgo\u0107 &#8211; Ka\u017cdej nocy cz\u0142owiek traci do 0,5 litra wody poprzez parowanie.<\/li>\n<li>Nietrzymanie moczu &#8211; Na r\u00f3\u017cnych etapach \u017cycia mo\u017cemy do\u015bwiadczy\u0107 moczenia nocnego lub enurezy.<\/li>\n<li>Brud i p\u0142yny &#8211; pochodz\u0105ce z \u017cywno\u015bci, zwierz\u0105t domowych i innych \u017ar\u00f3de\u0142.<\/li>\n<li>Roztocza i alergeny.<\/li>\n<\/ul>\n<p>Delikatna membrana poliuretanowa zapobiega przenikaniu p\u0142yn\u00f3w do materaca<br \/>\n, jednocze\u015bnie dzia\u0142aj\u0105c jako bariera dla kurzu, zapobiegaj\u0105c wdychaniu roztoczy<br \/>\ni pomagaj\u0105c w alergiach. Chroni r\u00f3wnie\u017c boki materaca.<br \/>\nOchraniacze s\u0105 najwy\u017cszej jako\u015bci i s\u0105 klasyfikowane jako medyczne<br \/>\nprodukty techniczne. <\/p>\n<p>Je\u015bli Ty lub Twoje dziecko cierpicie na moczenie nocne,<br \/>\n<em>moczenie nocne<\/em>, mo\u017cesz przeczyta\u0107 wi\u0119cej na ten temat<br \/>\n<a href=\"https:\/\/pjama.eu\/pl\/co-to-jest-enureza\/\">tutaj<\/a>.<\/p>\n","protected":false},"featured_media":22882,"template":"","meta":{"_et_pb_use_builder":"on","_et_pb_old_content":"<h3 style=\"color:#d35917\">High-Quality Bed Protection and Sheet in One - For Boxspring Mattress<\/h3>\r\n<strong>\r\nThe Pjama Protect Sheet and Bed Protector for Boxspring Mattress is made from Tencel fibers, softer than silk, allowing you to sleep directly on it without needing a sheet. <\/strong>\r\n<h4 style=\"color:#072130\">Waterproof<\/h4>\r\nThe fine polyurethane membrane prevents liquids from penetrating the mattress while acting as a barrier for dust. It also protects the sides of the mattress.\r\n<h4 style=\"color:#072130\">Dust Barrier<\/h4>\r\nDue to the fine polyurethane membrane, the fabric functions as a barrier for dust, preventing the inhalation of dust mites that cause respiratory allergies. Free from chemical treatments.\r\n<h4 style=\"color:#072130\">Breathable<\/h4>\r\nThe fabric prevents liquids from seeping through while still being completely breathable.\r\n<h4 style=\"color:#072130\">Natural<\/h4>\r\nThe fabric surface is 100% natural, made from wood fibers: TENCEL\u2122 \/ SMARTCEL\u2122. Free from chemical treatments.\r\n<h4 style=\"color:#072130\">Silent<\/h4>\r\nCompletely discreet fabric: imperceptible and silent.\r\n<h4 style=\"color:#072130\">Antibacterial<\/h4>\r\nThanks to TENCEL\u2122 Lyocell fibers, with excellent moisture control, and SMARTCEL\u2122 fibers, which have important antibacterial properties, bacterial growth is prevented.\r\n<h4 style=\"color:#072130\">Easy Care<\/h4>\r\nMachine washable at 60\u00b0C and tumble dry on low heat.\r\n<h4 style=\"color:#072130\">Bi-elastic<\/h4>\r\nIt adapts perfectly to the mattress it protects. Fits all mattress thicknesses.\r\n<h4 style=\"color:#072130\">Cosmetic Effect<\/h4>\r\nZinc oxide is good for your skin and supports the natural regenera","_et_gb_content_width":""},"product_brand":[],"product_cat":[524,320,432],"product_tag":[],"class_list":{"0":"post-25491","1":"product","2":"type-product","3":"status-publish","4":"has-post-thumbnail","6":"product_cat-ochrona-materacy-i-poscieli","7":"product_cat-dzieci","8":"product_cat-pjamaprotect_2025","9":"product_shipping_class-ue","10":"pa_size-105-x-200-x-45-cm","11":"pa_size-120-x-200-x-45-cm","12":"pa_size-140-x-200-x-45-cm","13":"pa_size-160-x-200-x-45-cm","14":"pa_size-180-x-200-x-45-cm","15":"pa_size-90-x-200-x-45-cm","17":"first","18":"instock","19":"taxable","20":"shipping-taxable","21":"purchasable","22":"product-type-variable"},"composite_virtual":false,"composite_layout":"","composite_add_to_cart_form_location":"","composite_editable_in_cart":false,"composite_sold_individually_context":"","composite_shop_price_calc":"","composite_components":[],"composite_scenarios":[],"_links":{"self":[{"href":"https:\/\/pjama.eu\/pl\/wp-json\/wp\/v2\/product\/25491","targetHints":{"allow":["GET"]}}],"collection":[{"href":"https:\/\/pjama.eu\/pl\/wp-json\/wp\/v2\/product"}],"about":[{"href":"https:\/\/pjama.eu\/pl\/wp-json\/wp\/v2\/types\/product"}],"wp:featuredmedia":[{"embeddable":true,"href":"https:\/\/pjama.eu\/pl\/wp-json\/wp\/v2\/media\/22882"}],"wp:attachment":[{"href":"https:\/\/pjama.eu\/pl\/wp-json\/wp\/v2\/media?parent=25491"}],"wp:term":[{"taxonomy":"product_brand","embeddable":true,"href":"https:\/\/pjama.eu\/pl\/wp-json\/wp\/v2\/product_brand?post=25491"},{"taxonomy":"product_cat","embeddable":true,"href":"https:\/\/pjama.eu\/pl\/wp-json\/wp\/v2\/product_cat?post=25491"},{"taxonomy":"product_tag","embeddable":true,"href":"https:\/\/pjama.eu\/pl\/wp-json\/wp\/v2\/product_tag?post=25491"}],"curies":[{"name":"wp","href":"https:\/\/api.w.org\/{rel}","templated":true}]}}