{"id":25663,"date":"2023-12-01T14:09:29","date_gmt":"2023-12-01T13:09:29","guid":{"rendered":"https:\/\/pjama.eu\/product\/poszewka-na-poduszke-pjama-protect\/"},"modified":"2025-12-14T17:48:05","modified_gmt":"2025-12-14T16:48:05","slug":"poszewka-na-poduszke-pjama-protect","status":"publish","type":"product","link":"https:\/\/pjama.eu\/pl\/produkt\/poszewka-na-poduszke-pjama-protect\/","title":{"rendered":"Poszewka na poduszk\u0119 Pjama Protect"},"content":{"rendered":"<h4>Ochrona poduszki i poszewki w jednym!<\/h4>\n<p><strong>Poszewka na poduszk\u0119 Pjama Protect wykonana jest z w\u0142\u00f3kien Tencel, bardziej mi\u0119kkich ni\u017c jedwab, dzi\u0119ki czemu sen na poduszce to marzenie.<\/strong><\/p>\n<p> <strong> Wodoodporna <\/strong><br \/>\nDelikatna membrana poliuretanowa zapobiega przedostawaniu si\u0119 p\u0142yn\u00f3w do poduszki, stanowi\u0105c jednocze\u015bnie barier\u0119 dla kurzu. Otacza ca\u0142\u0105 poduszk\u0119 z zamkiem b\u0142yskawicznym z boku. <\/p>\n<p> <strong> Bariera dla kurzu <\/strong><br \/>\nDzi\u0119ki delikatnej membranie poliuretanowej tkanina stanowi barier\u0119 dla kurzu, zapobiegaj\u0105c wdychaniu roztoczy powoduj\u0105cych alergie uk\u0142adu oddechowego. Wolny od obr\u00f3bki chemicznej. <\/p>\n<p> <strong> Oddychaj\u0105ca <\/strong><br \/>\nTkanina zapobiega przedostawaniu si\u0119 p\u0142yn\u00f3w, a jednocze\u015bnie jest ca\u0142kowicie oddychaj\u0105ca.<\/p>\n<p> <strong> Natural <\/strong><br \/>\nPowierzchnia tkaniny jest w 100% naturalna, wykonana z w\u0142\u00f3kien drzewnych: TENCEL\u2122 \/ SMARTCEL\u2122. Wolny od obr\u00f3bki chemicznej. <\/p>\n<p> <strong> Silent <\/strong><br \/>\nCa\u0142kowicie dyskretny materia\u0142: niezauwa\u017calny i cichy.<\/p>\n<p> <strong> Antybakteryjne <\/strong><br \/>\nDzi\u0119ki w\u0142\u00f3knom TENCEL\u2122 Lyocell, kt\u00f3re doskonale kontroluj\u0105 wilgo\u0107, oraz w\u0142\u00f3knom SMARTCEL\u2122, kt\u00f3re maj\u0105 wa\u017cne w\u0142a\u015bciwo\u015bci antybakteryjne, zapobiega si\u0119 rozwojowi bakterii.<\/p>\n<p> <strong> \u0141atwa piel\u0119gnacja <\/strong><br \/>\nMo\u017cna pra\u0107 w pralce w temperaturze 60\u00b0C i suszy\u0107 w suszarce b\u0119bnowej w niskiej temperaturze.<\/p>\n<p> <strong> Bi-elastyczny <\/strong><br \/>\nIdealnie dopasowuje si\u0119 do poduszki, kt\u00f3r\u0105 chroni.<\/p>\n<p> <strong> Efekt kosmetyczny <\/strong><br \/>\nTlenek cynku jest korzystny dla sk\u00f3ry i wspomaga naturaln\u0105 regeneracj\u0119 kom\u00f3rek sk\u00f3ry.<\/p>\n<p> <strong> Kontrola zapachu <\/strong><br \/>\nW\u0142\u00f3kna TENCEL\u2122 i SMARTCEL\u2122 zapobiegaj\u0105 powstawaniu nieprzyjemnych zapach\u00f3w spowodowanych rozwojem bakterii i grzyb\u00f3w.<\/p>\n<p> <strong> Przyjazny <\/strong> dla <strong> \u015brodowiska <\/strong><br \/>\nProces produkcji zar\u00f3wno tkaniny, jak i gotowego produktu jest przyjazny dla \u015brodowiska.<\/p>\n","protected":false},"excerpt":{"rendered":"<h4><span data-sheets-root=\"1\">Poszewka ochronna z oddychaj\u0105c\u0105 membran\u0105<\/span><\/h4>\n<p><strong>Poszewka na poduszk\u0119 Pjama Protect wykonana jest z w\u0142\u00f3kien Tencel, bardziej mi\u0119kkich ni\u017c jedwab, dzi\u0119ki czemu sen na poduszce to marzenie.<\/strong><\/p>\n<p>Nasze \u0142\u00f3\u017cka i poduszki s\u0105 codziennie nara\u017cone na dzia\u0142anie r\u00f3\u017cnych szkodliwych czynnik\u00f3w. Nasze poszewki chroni\u0105 poduszk\u0119 przed takimi czynnikami jak: <\/p>\n<p>&#8211; Wilgo\u0107 &#8211; Ka\u017cdej nocy cz\u0142owiek traci do 0,5 litra wody poprzez parowanie.<br \/>\n&#8211; Nietrzymanie moczu &#8211; Na r\u00f3\u017cnych etapach \u017cycia mo\u017cemy do\u015bwiadczy\u0107 moczenia nocnego lub enurezy.<br \/>\n&#8211; Brud i p\u0142yny &#8211; pochodz\u0105ce z \u017cywno\u015bci, zwierz\u0105t domowych i innych \u017ar\u00f3de\u0142.<br \/>\n&#8211; Roztocza i alergeny.<\/p>\n<p>Delikatna membrana poliuretanowa zapobiega przenikaniu p\u0142yn\u00f3w do poduszki, dzia\u0142aj\u0105c jednocze\u015bnie jako bariera dla kurzu, zapobiegaj\u0105c wdychaniu roztoczy i pomagaj\u0105c w alergiach. Chroni ca\u0142\u0105 poduszk\u0119, zamykan\u0105 z boku na zamek b\u0142yskawiczny. Ochraniacze s\u0105 najwy\u017cszej jako\u015bci i s\u0105 klasyfikowane jako medyczne produkty techniczne.  <\/p>\n<p>Je\u015bli Ty lub Twoje dziecko cierpicie na moczenie nocne lub <em>enurez\u0119<\/em>, mo\u017cecie przeczyta\u0107 wi\u0119cej na ten temat <a href=\"https:\/\/pjama.eu\/pl\/co-to-jest-enureza\/\">tutaj.<\/a><\/p>\n","protected":false},"featured_media":22884,"template":"","meta":{"_et_pb_use_builder":"","_et_pb_old_content":"","_et_gb_content_width":""},"product_brand":[],"product_cat":[524,320,432],"product_tag":[],"class_list":{"0":"post-25663","1":"product","2":"type-product","3":"status-publish","4":"has-post-thumbnail","6":"product_cat-ochrona-materacy-i-poscieli","7":"product_cat-dzieci","8":"product_cat-pjamaprotect_2025","9":"product_shipping_class-ue","10":"pa_size-55-x-35-cm","11":"pa_size-55-x-60-cm","13":"first","14":"instock","15":"taxable","16":"shipping-taxable","17":"purchasable","18":"product-type-variable"},"composite_virtual":false,"composite_layout":"","composite_add_to_cart_form_location":"","composite_editable_in_cart":false,"composite_sold_individually_context":"","composite_shop_price_calc":"","composite_components":[],"composite_scenarios":[],"_links":{"self":[{"href":"https:\/\/pjama.eu\/pl\/wp-json\/wp\/v2\/product\/25663","targetHints":{"allow":["GET"]}}],"collection":[{"href":"https:\/\/pjama.eu\/pl\/wp-json\/wp\/v2\/product"}],"about":[{"href":"https:\/\/pjama.eu\/pl\/wp-json\/wp\/v2\/types\/product"}],"wp:featuredmedia":[{"embeddable":true,"href":"https:\/\/pjama.eu\/pl\/wp-json\/wp\/v2\/media\/22884"}],"wp:attachment":[{"href":"https:\/\/pjama.eu\/pl\/wp-json\/wp\/v2\/media?parent=25663"}],"wp:term":[{"taxonomy":"product_brand","embeddable":true,"href":"https:\/\/pjama.eu\/pl\/wp-json\/wp\/v2\/product_brand?post=25663"},{"taxonomy":"product_cat","embeddable":true,"href":"https:\/\/pjama.eu\/pl\/wp-json\/wp\/v2\/product_cat?post=25663"},{"taxonomy":"product_tag","embeddable":true,"href":"https:\/\/pjama.eu\/pl\/wp-json\/wp\/v2\/product_tag?post=25663"}],"curies":[{"name":"wp","href":"https:\/\/api.w.org\/{rel}","templated":true}]}}