{"id":28819,"date":"2020-03-21T12:23:06","date_gmt":"2020-03-21T11:23:06","guid":{"rendered":"https:\/\/pjama.eu\/product\/pjama-protect-szorty-na-moczenie-nocne-dla-dzieci-zestaw-startowy\/"},"modified":"2025-12-15T21:06:47","modified_gmt":"2025-12-15T20:06:47","slug":"pjama-protect-szorty-na-moczenie-nocne-dla-dzieci-zestaw-startowy","status":"publish","type":"product","link":"https:\/\/pjama.eu\/pl\/produkt\/pjama-protect-szorty-na-moczenie-nocne-dla-dzieci-zestaw-startowy\/","title":{"rendered":"Pjama Protect Szorty na moczenie nocne dla dzieci &#8211; zestaw startowy"},"content":{"rendered":"<h3>Pjama Protect Szorty na moczenie nocne dla dzieci &#8211; zestaw startowy. Kompletne rozwi\u0105zanie na moczenie nocne <\/h3>\n<p>Szorty Pjama Protect Szorty na moczenie nocne dla dzieci &#8211; zestaw startowy to innowacyjne i praktyczne rozwi\u0105zanie<br \/>\ndo radzenia sobie z moczeniem nocnym w wygodny, bezpieczny i skuteczny spos\u00f3b. Ten zestaw startowy<br \/>\nzawiera <strong>dwie (2) pary szort\u00f3w Pjama Protect Szorty na moczenie nocne i jedn\u0105 (1) wodoodporn\u0105 torb\u0119 Pjama<\/strong>,<br \/>\ndzi\u0119ki czemu jest to kompleksowe rozwi\u0105zanie, kt\u00f3re jest \u0142atwe w u\u017cyciu zar\u00f3wno w domu, jak i podczas podr\u00f3\u017cy. <\/p>\n<p>Wodoodporne spodenki wielokrotnego u\u017cytku zosta\u0142y zaprojektowane tak, aby zapewni\u0107 zar\u00f3wno dzieciom, jak i rodzicom<br \/>\nspok\u00f3j i wygod\u0119, a wodoodporna torba Pjama u\u0142atwia<br \/>\nzarz\u0105dzanie zu\u017cytymi spodenkami podczas nocowania lub w podr\u00f3\u017cy. Spodenki pomagaj\u0105 utrzyma\u0107 \u0142\u00f3\u017cko w sucho\u015bci<br \/>\nprzez ca\u0142\u0105 noc, eliminuj\u0105c potrzeb\u0119 zmiany po\u015bcieli po wypadkach i zapewniaj\u0105c spokojniejsz\u0105<br \/>\nnoc dla ca\u0142ej rodziny. <\/p>\n<p>Zestaw startowy to idealne rozwi\u0105zanie dla rodzic\u00f3w szukaj\u0105cych<br \/>\n<strong>Ekologiczna i op\u0142acalna<\/strong> metoda radzenia sobie z moczeniem nocnym. Dzi\u0119ki spodenkom wielokrotnego u\u017cytku,<x id=\"gid_1\"><\/x>zmniejsza si\u0119 zapotrzebowanie na produkty jednorazowe, takie jak pieluchy, co jest lepsze zar\u00f3wno dla<x id=\"gid_2\"><\/x>\u015brodowiska, jak i portfela. Ponadto spodenki s\u0105 delikatne dla sk\u00f3ry dziecka<br \/>\ni wykonane z wysokiej jako\u015bci materia\u0142\u00f3w, kt\u00f3re s\u0105 certyfikowane pod k\u0105tem bezpiecznego u\u017cytkowania.  <\/p>\n<p>Czy to w domu, w podr\u00f3\u017cy, czy gdy dziecko przebywa poza domem, Pjama Protect Szorty na moczenie nocne dla dzieci &#8211; zestaw startowy oferuje dyskretne i praktyczne rozwi\u0105zanie, kt\u00f3re sprawia, \u017ce codzienne \u017cycie<br \/>\njest \u0142atwiejsze i bardziej komfortowe zar\u00f3wno dla dzieci, jak i rodzic\u00f3w.<\/p>\n<h4>Co zawiera zestaw startowy?<\/h4>\n<ul>\n<li><strong>2 pary Pjama Protect Szorty na moczenie nocne dla dzieci<\/strong> &#8211; Wygodne, dyskretne i wodoodporne szorty, kt\u00f3re chroni\u0105 \u0142\u00f3\u017cko przed wypadkami.<\/li>\n<li><strong>1 waterproof Pjama bag<\/strong> \u2013 Perfect for storing used shorts during sleepovers or travel.<\/li>\n<\/ul>\n<h4>Zalety szort\u00f3w Pjama Protect Szorty na moczenie nocne dla dzieci &#8211; zestaw startowy<\/h4>\n<ul>\n<li><strong>Chroni \u0142\u00f3\u017cko:<\/strong> Spodenki utrzymuj\u0105 \u0142\u00f3\u017cko w sucho\u015bci i zmniejszaj\u0105 potrzeb\u0119 zmiany po\u015bcieli w \u015brodku nocy.<\/li>\n<li><strong>Dyskretne i stylowe:<\/strong> Wygl\u0105daj\u0105 jak zwyk\u0142e spodenki od pi\u017camy, dzi\u0119ki czemu idealnie nadaj\u0105 si\u0119 na nocowanie z przyjaci\u00f3\u0142mi lub rodzin\u0105.<\/li>\n<li><strong>Opcja przyjazna dla \u015brodowiska:<\/strong> Spodenki wielokrotnego u\u017cytku, kt\u00f3re zmniejszaj\u0105 ilo\u015b\u0107 odpad\u00f3w pochodz\u0105cych z produkt\u00f3w jednorazowych.<\/li>\n<li><strong>Wygodna Pjama:<\/strong> Wodoodporna torba u\u0142atwia przechowywanie u\u017cywanych szort\u00f3w bez przeciekania.<\/li>\n<\/ul>\n<h4>Bezpieczne i wygodne rozwi\u0105zanie<\/h4>\n<p>Szorty na moczenie nocne Pjama Protect s\u0105 wykonane z oddychaj\u0105cych i wodoodpornych materia\u0142\u00f3w, dzi\u0119ki czemu s\u0105<br \/>\nwygodne w noszeniu przez ca\u0142\u0105 noc. Wysokiej jako\u015bci tkanina Tencel, kt\u00f3ra jest<br \/>\n<a href=\"https:\/\/www.oeko-tex.com\/en\/our-standards\/oeko-tex-standard-100\" target=\"_blank\" rel=\"noopener\">Certyfikat Oeko-Tex<\/a> zapewnia komfort dla wra\u017cliwej sk\u00f3ry. Do\u0142\u0105czona do zestawu wodoodporna torba Pjama u\u0142atwia<br \/>\nzarz\u0105dzanie u\u017cywanymi spodenkami podczas podr\u00f3\u017cy lub nocowania. <\/p>\n<h4>Idealny do spania i podr\u00f3\u017cy<\/h4>\n<p>Dzi\u0119ki Pjama Protect Szorty na moczenie nocne dla dzieci &#8211; zestaw startowy Twoje dziecko mo\u017ce czu\u0107 si\u0119 pewnie i bezpiecznie,<br \/>\nnawet podczas nocowania poza domem. Spodenki wygl\u0105daj\u0105 jak zwyk\u0142e spodenki od pi\u017camy, a do\u0142\u0105czona torba<br \/>\nu\u0142atwia zarz\u0105dzanie nimi bez k\u0142opot\u00f3w, gdy zdarzy si\u0119 wypadek. <\/p>\n<h4>Rozmiary dla dzieci w ka\u017cdym wieku<\/h4>\n<p>Spodenki s\u0105 dost\u0119pne w rozmiarach od 98 do 164 cm, dzi\u0119ki czemu s\u0105 odpowiednie dla dzieci w r\u00f3\u017cnym wieku.<br \/>\nW przypadku wi\u0119kszych rozmiar\u00f3w sprawd\u017a nasze <a href=\"https:\/\/pjama.eu\/pl\/produkt\/pjama-protect-spodnie-na-moczenie-nocne-dla-doroslych\/\">modele dla doros\u0142ych<\/a>. Skorzystaj z naszej oferty<br \/>\n<a href=\"https:\/\/pjama.eu\/pl\/przewodnik-po-rozmiarach\/\">size guide<\/a> to find the right fit for your child.<br \/>\nIt\u2019s important that the shorts fit snugly around the waist but aren\u2019t too tight.<\/p>\n<h4>\u0141atwa piel\u0119gnacja<\/h4>\n<ul>\n<li>Spodenki mo\u017cna pra\u0107 w pralce w temperaturze 60\u00b0C i suszy\u0107 w suszarce b\u0119bnowej.<\/li>\n<li>Podczas prania odwr\u00f3\u0107 spodenki na lew\u0105 stron\u0119, aby zapewni\u0107 wyci\u015bni\u0119cie wilgoci podczas cyklu wirowania.<\/li>\n<li>Wodoodporn\u0105 torb\u0119 Pjama mo\u017cna pra\u0107 w pralce lub \u0142atwo wyp\u0142uka\u0107 i u\u017cy\u0107 ponownie.<\/li>\n<li>Aby uzyska\u0107 wi\u0119cej informacji, sprawd\u017a nasze <a href=\"https:\/\/pjama.eu\/pl\/jak-prac-i-suszyc-pjame\/\">instrukcje dotycz\u0105ce piel\u0119gnacji<\/a>.<br \/>\nPjama<b>gwarantuje co najmniej 100 pra\u0144 i do 4 miesi\u0119cy regularnego u\u017cytkowania, je\u015bli jest piel\u0119gnowana zgodnie z naszymi instrukcjami prania<\/b>.<\/li>\n<\/ul>\n<h4>Skuteczne radzenie sobie z moczeniem nocnym<\/h4>\n<ul>\n<li><strong>Zastosowanie jako pomoc:<\/strong> Szorty na moczenie nocne to proste rozwi\u0105zanie zapewniaj\u0105ce sucho\u015b\u0107 w \u0142\u00f3\u017cku.<\/li>\n<li><strong>Do leczenia:<\/strong> Po\u0142\u0105cz z naszymi <a href=\"https:\/\/pjama.eu\/pl\/alarm-na-moczenie-nocne\/\">alarmami na moczenie nocne i bielizn\u0105 lecz<\/a> nicz\u0105, aby pom\u00f3c dziecku powstrzyma\u0107 moczenie nocne.<\/li>\n<li><strong>Aplikacja DryGuardians:<\/strong> \u015aled\u017a post\u0119py swojego dziecka i rejestruj je w <a href=\"https:\/\/pjama.eu\/pl\/aplikacja-dryguardians-bezplatna-pomoc-w-leczeniu-moczenia-nocnego\/\">aplikacji DryGuardians<\/a>.<\/li>\n<\/ul>\n<h4>Czym jest moczenie nocne (enureza nocna)?<\/h4>\n<p>Moczenie nocne to powszechny problem, kt\u00f3ry mo\u017ce by\u0107 spowodowany dojrzewaniem p\u0119cherza lub g\u0142\u0119bokim snem.<br \/>\nWa\u017cne jest, aby pami\u0119ta\u0107, \u017ce nie jest to wina dziecka, a przy odpowiednim wsparciu,<br \/>\nmo\u017cna poczyni\u0107 znaczne post\u0119py.<\/p>\n<h4>Potrzebujesz pomocy?<\/h4>\n<p>Skonsultuj si\u0119 z lekarzem lub piel\u0119gniark\u0105, je\u015bli masz pytania dotycz\u0105ce moczenia nocnego lub opcji leczenia.<br \/>\nDzi\u0119ki Pjama Protect Szorty na moczenie nocne dla dzieci &#8211; zestaw startowy, b\u0119dziesz mie\u0107 zar\u00f3wno spok\u00f3j ducha, jak i<br \/>\nkomfort &#8211; w domu i w podr\u00f3\u017cy!<\/p>\n<footer>\u00a9 2024 Pjama.<\/footer>\n","protected":false},"excerpt":{"rendered":"<h3><span data-sheets-root=\"1\">Zestaw: ch\u0142onne szorty na moczenie nocne + niezb\u0119dne akcesoria do rozpocz\u0119cia ochrony \u0142\u00f3\u017cka.<\/span><\/h3>\n<p>Praktyczny zestaw startowy z dwoma wodoodpornymi i wygodnymi wodoodpornymi szortami Pjama Protect Szorty na moczenie nocne dla dzieci,<br \/>\nplus wodoodporna torba do przechowywania.<\/p>\n<ul>\n<li>Chroni \u0142\u00f3\u017cko: Wodoodporny i oddychaj\u0105cy.<\/li>\n<li>Dyskretne i mi\u0119kkie: Wygl\u0105daj\u0105 jak zwyk\u0142e spodnie od pi\u017camy.<\/li>\n<li>\u0141atwa piel\u0119gnacja: Mo\u017cna pra\u0107 w pralce i suszy\u0107 w suszarce b\u0119bnowej.<\/li>\n<\/ul>\n<p>Idealny zar\u00f3wno do u\u017cytku domowego, jak i do spania!<\/p>\n","protected":false},"featured_media":30985,"template":"","meta":{"_et_pb_use_builder":"","_et_pb_old_content":"","_et_gb_content_width":""},"product_brand":[],"product_cat":[431,320,432],"product_tag":[],"class_list":{"0":"post-28819","1":"product","2":"type-product","3":"status-publish","4":"has-post-thumbnail","6":"product_cat-pjama-original","7":"product_cat-dzieci","8":"product_cat-pjamaprotect_2025","9":"product_shipping_class-ue","10":"pa_size-maly","11":"pa_size-wiek-10-12-lat","12":"pa_size-wiek-3-4","13":"pa_size-wiek-5-6-lat","14":"pa_size-wiek-6-8-lat","15":"pa_size-wiek-8-10-lat","17":"first","18":"instock","19":"taxable","20":"shipping-taxable","21":"purchasable","22":"product-type-composite"},"composite_virtual":false,"composite_layout":"single","composite_add_to_cart_form_location":"default","composite_editable_in_cart":false,"composite_sold_individually_context":"product","composite_shop_price_calc":"min_max","composite_components":[{"id":"1743168533","title":"Torba Pjama","description":"<p>Wodoodporna torba do przechowywania mokrych ubra\u0144 podczas spania poza domem.<\/p>\n","query_type":"product_ids","query_ids":[24703],"default_option_id":24703,"thumbnail_id":4402,"thumbnail_src":"https:\/\/pjama.eu\/wp-content\/uploads\/Pjama_bag.jpeg","quantity_min":1,"quantity_max":1,"priced_individually":true,"shipped_individually":false,"optional":false,"discount":"","options_style":"dropdowns","pagination_style":"classic","display_prices":"absolute","show_sorting_options":false,"show_filtering_options":false,"attribute_filter_ids":[],"select_action":"view","product_title_visible":false,"product_descr_visible":false,"product_price_visible":true,"product_thumb_visible":true,"subtotal_visible_product":false,"subtotal_visible_cart":true,"subtotal_visible_orders":true},{"id":"1743168534","title":"Szorty na moczenie nocne Pjama","description":"<p>Ch\u0142onna odzie\u017c do pi\u017camy, kt\u00f3ra utrzymuje \u0142\u00f3\u017cko w sucho\u015bci.<\/p>\n","query_type":"product_ids","query_ids":[24967],"default_option_id":24967,"thumbnail_id":7507,"thumbnail_src":"https:\/\/pjama.eu\/wp-content\/uploads\/Shorts_Pjama-1-1.jpeg","quantity_min":2,"quantity_max":6,"priced_individually":true,"shipped_individually":false,"optional":false,"discount":"","options_style":"dropdowns","pagination_style":"classic","display_prices":"absolute","show_sorting_options":false,"show_filtering_options":false,"attribute_filter_ids":[],"select_action":"view","product_title_visible":false,"product_descr_visible":false,"product_price_visible":true,"product_thumb_visible":true,"subtotal_visible_product":false,"subtotal_visible_cart":true,"subtotal_visible_orders":true}],"composite_scenarios":[],"_links":{"self":[{"href":"https:\/\/pjama.eu\/pl\/wp-json\/wp\/v2\/product\/28819","targetHints":{"allow":["GET"]}}],"collection":[{"href":"https:\/\/pjama.eu\/pl\/wp-json\/wp\/v2\/product"}],"about":[{"href":"https:\/\/pjama.eu\/pl\/wp-json\/wp\/v2\/types\/product"}],"wp:featuredmedia":[{"embeddable":true,"href":"https:\/\/pjama.eu\/pl\/wp-json\/wp\/v2\/media\/30985"}],"wp:attachment":[{"href":"https:\/\/pjama.eu\/pl\/wp-json\/wp\/v2\/media?parent=28819"}],"wp:term":[{"taxonomy":"product_brand","embeddable":true,"href":"https:\/\/pjama.eu\/pl\/wp-json\/wp\/v2\/product_brand?post=28819"},{"taxonomy":"product_cat","embeddable":true,"href":"https:\/\/pjama.eu\/pl\/wp-json\/wp\/v2\/product_cat?post=28819"},{"taxonomy":"product_tag","embeddable":true,"href":"https:\/\/pjama.eu\/pl\/wp-json\/wp\/v2\/product_tag?post=28819"}],"curies":[{"name":"wp","href":"https:\/\/api.w.org\/{rel}","templated":true}]}}