{"id":28983,"date":"2023-09-26T14:56:47","date_gmt":"2023-09-26T12:56:47","guid":{"rendered":"https:\/\/pjama.eu\/product\/pjama-dryguardians-dla-mezczyzn-bokserki\/"},"modified":"2026-04-14T11:16:25","modified_gmt":"2026-04-14T09:16:25","slug":"pjama-dryguardians-dla-mezczyzn-bokserki","status":"publish","type":"product","link":"https:\/\/pjama.eu\/pl\/produkt\/pjama-dryguardians-dla-mezczyzn-bokserki\/","title":{"rendered":"Pjama DryGuardians &#8211; Dla m\u0119\u017cczyzn &#8211; Bokserki"},"content":{"rendered":"<h3 style=\"color: #d35917;\">Pjama DryGuardians &#8211; Dla m\u0119\u017cczyzn &#8211; Bokserki<\/h3>\n<p>Pjama DryGuardians &#8211; For Men &#8211; Boxers to idealne rozwi\u0105zanie dla m\u0119\u017cczyzn cierpi\u0105cych na moczenie nocne (enurez\u0119 nocn\u0105). W po\u0142\u0105czeniu z aplikacj\u0105 DryGuardians App otrzymujesz skuteczne i wygodne leczenie. Bokserki maj\u0105 wbudowane czujniki, kt\u00f3re szybko wykrywaj\u0105 wilgo\u0107 i aktywuj\u0105 alarm, pomagaj\u0105c u\u017cytkownikowi obudzi\u0107 si\u0119 i przerwa\u0107 oddawanie moczu. Us\u0142uga DryGuardians analizuje r\u00f3wnie\u017c wzorce moczenia nocnego i zapewnia spersonalizowane wskaz\u00f3wki, porady i prognozy.   <\/p>\n<p>Pobierz aplikacj\u0119 DryGuardians z <a href=\"https:\/\/play.google.com\/store\/apps\/details?id=com.pjama&amp;hl=pl&amp;gl=PL\" target=\"_blank\" rel=\"noopener\">Google Play<\/a> lub <a href=\"https:\/\/apps.apple.com\/pl\/app\/dryguardians\/id1498084664\" target=\"_blank\" rel=\"noopener\">App Store<\/a>, aby \u015bledzi\u0107 post\u0119py i otrzymywa\u0107 spersonalizowane wskaz\u00f3wki.<\/p>\n<h4 style=\"color: #072130;\">Cechy<\/h4>\n<p>Alarm jest przeznaczony zar\u00f3wno dla dzieci, jak i doros\u0142ych i jest uwa\u017cany za leczenie pierwszego rzutu w przypadku moczenia nocnego. Czujnik \u0142\u0105czy si\u0119 z bokserkami za pomoc\u0105 dw\u00f3ch ma\u0142ych przycisk\u00f3w w pasie. Wbudowane nici czujnika wok\u00f3\u0142 krocza zapewniaj\u0105 niezawodne wykrywanie niezale\u017cnie od pozycji spania. Dzi\u0119ki temu jest szczeg\u00f3lnie skuteczny w przypadku m\u0119\u017cczyzn, gdzie przep\u0142yw moczu i punkty kontaktu mog\u0105 si\u0119 r\u00f3\u017cni\u0107.   <\/p>\n<h4 style=\"color: #072130;\">U\u017cycie<\/h4>\n<p>Noszenie bokserek jest tak wygodne, jak noszenie zwyk\u0142ej bielizny, co czyni je idealnymi do dyskretnego leczenia. <strong>Uwaga: Ten produkt nie wch\u0142ania cieczy.<\/strong><br \/>\nAby zapewni\u0107 dodatkow\u0105 ochron\u0119 \u0142\u00f3\u017cka, zestaw mo\u017cna po\u0142\u0105czy\u0107 z <a href=\"https:\/\/pjama.eu\/pl\/produkt\/szorty-na-moczenie-nocne-dla-doroslych\/\">ch\u0142onn\u0105 bielizn\u0105 nocn\u0105 Pjama<\/a>.<\/p>\n<ul>\n<li>2 \u00d7 Pjama DryGuardians &#8211; Dla m\u0119\u017cczyzn &#8211; Bokserki<\/li>\n<li>1 \u00d7 Pjama DryGuardians Zestaw alarmowy przeciw moczeniu nocnemu (czujnik i modu\u0142 d\u017awi\u0119kowy)<\/li>\n<\/ul>\n<p>Przymocuj czujnik do paska i uruchom alarm. Je\u015bli dojdzie do wypadku, nici wykryj\u0105 wilgo\u0107 i aktywuj\u0105 alarm. Alarm mo\u017cna wy\u0142\u0105czy\u0107 za pomoc\u0105 przycisku ON\/OFF. Aplikacja DryGuardians App \u0142\u0105czy si\u0119 automatycznie po otwarciu na smartfonie.   <\/p>\n<h4 style=\"color: #072130;\">Cechy i korzy\u015bci<\/h4>\n<ul>\n<li><strong>Skuteczne leczenie:<\/strong> Wspomaga doros\u0142ych i dzieci z moczeniem nocnym.<\/li>\n<li><strong>Dyskrecja:<\/strong> \u0141\u0105czy si\u0119 z aplikacj\u0105 DryGuardians w celu cichego leczenia w dowolnym miejscu.<\/li>\n<li><strong>\u0141adowanie przez USB:<\/strong> \u0141atwe \u0142adowanie przez USB.<\/li>\n<li><strong>Bezprzewodowy:<\/strong> Jednostka alarmowa dzia\u0142a w odleg\u0142o\u015bci do 10 metr\u00f3w od czujnika.<\/li>\n<li><strong>Powiadomienia telefoniczne:<\/strong> Otrzymuj powiadomienia bezpo\u015brednio na sw\u00f3j smartfon.<\/li>\n<li><strong>Niezawodne wykrywanie:<\/strong> Du\u017cy obszar czujnika zapewnia bezpieczne wykrywanie.<\/li>\n<li><strong>Wygodne i mi\u0119kkie:<\/strong> tkaniny z certyfikatem Oeko-Tex, delikatne dla sk\u00f3ry.<\/li>\n<li><strong>Trwa\u0142o\u015b\u0107:<\/strong> Mo\u017cna pra\u0107 w temperaturze 60\u00b0C i suszy\u0107 w suszarce b\u0119bnowej.<\/li>\n<\/ul>\n<h4 style=\"color: #d35917;\"><strong>Pami\u0119taj, aby zdj\u0105\u0107 Pjama Sensor przed praniem.<\/strong><\/h4>\n<p>&nbsp;<\/p>\n<h4 style=\"color: #072130;\">Aplikacja DryGuardians i klinika leczenia moczenia nocnego<\/h4>\n<p>Aplikacja DryGuardians umo\u017cliwia u\u017cytkownikom \u015bledzenie post\u0119p\u00f3w i otrzymywanie dostosowanych zalece\u0144 opracowanych w oparciu o wiedz\u0119 szwedzkiej s\u0142u\u017cby zdrowia. Pomaga utrzyma\u0107 motywacj\u0119, rejestruj\u0105c wyniki, identyfikuj\u0105c trendy i w razie potrzeby udost\u0119pniaj\u0105c dane pracownikom s\u0142u\u017cby zdrowia. <\/p>\n<ul>\n<li>Wybierz d\u017awi\u0119k alarmu bezpo\u015brednio w aplikacji.<\/li>\n<li>Rejestrowanie nocnych wynik\u00f3w w celu \u015bledzenia ulepsze\u0144.<\/li>\n<li>Uzyskaj spersonalizowane wsparcie podczas leczenia.<\/li>\n<li>Ustaw przypomnienia o wizytach w \u0142azience w ci\u0105gu dnia.<\/li>\n<\/ul>\n<p>Aplikacj\u0119 mo\u017cna pobra\u0107 bezp\u0142atnie z <a href=\"https:\/\/play.google.com\/store\/apps\/details?id=com.pjama&amp;hl=pl&amp;gl=PL\" target=\"_blank\" rel=\"noopener\">Google Play<\/a> lub <a href=\"https:\/\/apps.apple.com\/pl\/app\/dryguardians\/id1498084664\" target=\"_blank\" rel=\"noopener\">App Store<\/a>. Dowiedz si\u0119 wi\u0119cej o naszej klinice moczenia nocnego na naszej <a href=\"https:\/\/pjama.eu\/pl\/\">stronie internetowej<\/a>. <\/p>\n<h4 style=\"color: #072130;\">Proces leczenia &#8211; motywacja i cierpliwo\u015b\u0107 s\u0105 kluczowe<\/h4>\n<p>Leczenie moczenia nocnego wymaga motywacji i cierpliwo\u015bci, zw\u0142aszcza w pierwszych tygodniach. Ostatecznym celem jest suche \u0142\u00f3\u017cko bez pomocy, ale wyznaczanie mniejszych kamieni milowych po drodze pomaga. Dzi\u0119ki wsparciu aplikacji DryGuardians mo\u017cesz zachowa\u0107 motywacj\u0119, \u015bledzi\u0107 post\u0119py i otrzymywa\u0107 porady dostosowane do Twojej podr\u00f3\u017cy. Dzi\u0119ki temu Pjama DryGuardians &#8211; For Men (Boxers) to bezpieczne i skuteczne rozwi\u0105zanie dla lepszego codziennego funkcjonowania.   <\/p>\n","protected":false},"excerpt":{"rendered":"<h3><span data-sheets-root=\"1\">Zestaw: Kompletny zestaw do leczenia moczenia nocnego dostosowany do potrzeb m\u0119\u017cczyzn &#8211; cz\u0119\u015b\u0107 metody DryGuardians<\/span><\/h3>\n<p>Pjama DryGuardians Bielizna &#8211; Dla M\u0119\u017cczyzn &#8211; Bokserki to kompleksowa us\u0142uga umo\u017cliwiaj\u0105ca skuteczne i bezpieczne leczenie enurezy (moczenia nocnego) u doros\u0142ych.<\/p>\n<ul>\n<li>Zawiera 2 \u00d7 Pjama DryGuardians &#8211; For Men &#8211; Boxers i 1 \u00d7 Pjama DryGuardians Zestaw alarmowy przeciw moczeniu nocnemu (czujnik i modu\u0142 d\u017awi\u0119kowy).<\/li>\n<li>Du\u017cy obszar wykrywania zapewnia bezpieczn\u0105 i szybk\u0105 reakcj\u0119 na moczenie nocne.<\/li>\n<li>Mi\u0119kkie i wygodne jak zwyk\u0142a bielizna.<\/li>\n<li>Mo\u017cna pra\u0107 w pralce w temperaturze 60\u00b0C i suszy\u0107 w suszarce b\u0119bnowej.<\/li>\n<\/ul>\n<p>Pobierz aplikacj\u0119 DryGuardians, bezp\u0142atn\u0105 us\u0142ug\u0119 leczenia moczenia nocnego, ze sklepu <a href=\"https:\/\/play.google.com\/store\/apps\/details?id=com.pjama&amp;hl=pl&amp;gl=PL\" target=\"_blank\" rel=\"noopener\">Google Play<\/a> lub <a href=\"https:\/\/apps.apple.com\/pl\/app\/dryguardians\/id1498084664\">App Store<\/a>.<\/p>\n","protected":false},"featured_media":31042,"template":"","meta":{"_et_pb_use_builder":"","_et_pb_old_content":"","_et_gb_content_width":""},"product_brand":[],"product_cat":[388],"product_tag":[],"class_list":{"0":"post-28983","1":"product","2":"type-product","3":"status-publish","4":"has-post-thumbnail","6":"product_cat-dorosly","7":"product_shipping_class-ue","8":"pa_size-maly","9":"pa_size-wiek-10-12-lat","10":"pa_size-wiek-5-6-lat","11":"pa_size-wiek-6-8-lat","12":"pa_size-wiek-8-10-lat","14":"first","15":"instock","16":"taxable","17":"shipping-taxable","18":"purchasable","19":"product-type-composite"},"composite_virtual":false,"composite_layout":"single","composite_add_to_cart_form_location":"default","composite_editable_in_cart":false,"composite_sold_individually_context":"product","composite_shop_price_calc":"min_max","composite_components":[{"id":"1743167139","title":"Alarm na moczenie nocne w Pjamie","description":"<p>Alarm na moczenie nocne z g\u0142o\u015bnikiem i czujnikiem.  <\/p>\n","query_type":"product_ids","query_ids":[24642],"default_option_id":24642,"thumbnail_id":6376,"thumbnail_src":"https:\/\/pjama.eu\/wp-content\/uploads\/Pjama-alarm-600x400-1-300x300-1.jpeg","quantity_min":1,"quantity_max":1,"priced_individually":true,"shipped_individually":false,"optional":false,"discount":"","options_style":"dropdowns","pagination_style":"classic","display_prices":"absolute","show_sorting_options":false,"show_filtering_options":false,"attribute_filter_ids":[],"select_action":"view","product_title_visible":false,"product_descr_visible":false,"product_price_visible":true,"product_thumb_visible":true,"subtotal_visible_product":false,"subtotal_visible_cart":true,"subtotal_visible_orders":true},{"id":"1743167140","title":"Bokserki Treatment","description":"<p>Bokserki do leczenia moczenia nocnego. Niepoch\u0142aniaj\u0105ce wilgoci. <\/p>\n","query_type":"product_ids","query_ids":[24910],"default_option_id":24910,"thumbnail_id":3726,"thumbnail_src":"https:\/\/pjama.eu\/wp-content\/uploads\/Boxer-underwear.jpg","quantity_min":2,"quantity_max":9,"priced_individually":true,"shipped_individually":false,"optional":false,"discount":"","options_style":"dropdowns","pagination_style":"classic","display_prices":"absolute","show_sorting_options":false,"show_filtering_options":false,"attribute_filter_ids":[],"select_action":"view","product_title_visible":false,"product_descr_visible":false,"product_price_visible":true,"product_thumb_visible":true,"subtotal_visible_product":false,"subtotal_visible_cart":true,"subtotal_visible_orders":true}],"composite_scenarios":[],"_links":{"self":[{"href":"https:\/\/pjama.eu\/pl\/wp-json\/wp\/v2\/product\/28983","targetHints":{"allow":["GET"]}}],"collection":[{"href":"https:\/\/pjama.eu\/pl\/wp-json\/wp\/v2\/product"}],"about":[{"href":"https:\/\/pjama.eu\/pl\/wp-json\/wp\/v2\/types\/product"}],"wp:featuredmedia":[{"embeddable":true,"href":"https:\/\/pjama.eu\/pl\/wp-json\/wp\/v2\/media\/31042"}],"wp:attachment":[{"href":"https:\/\/pjama.eu\/pl\/wp-json\/wp\/v2\/media?parent=28983"}],"wp:term":[{"taxonomy":"product_brand","embeddable":true,"href":"https:\/\/pjama.eu\/pl\/wp-json\/wp\/v2\/product_brand?post=28983"},{"taxonomy":"product_cat","embeddable":true,"href":"https:\/\/pjama.eu\/pl\/wp-json\/wp\/v2\/product_cat?post=28983"},{"taxonomy":"product_tag","embeddable":true,"href":"https:\/\/pjama.eu\/pl\/wp-json\/wp\/v2\/product_tag?post=28983"}],"curies":[{"name":"wp","href":"https:\/\/api.w.org\/{rel}","templated":true}]}}