{"id":28985,"date":"2023-01-09T15:59:19","date_gmt":"2023-01-09T14:59:19","guid":{"rendered":"https:\/\/pjama.eu\/product\/pjama-dryguardians-zestaw-mieszany-bokserki\/"},"modified":"2026-04-14T11:25:37","modified_gmt":"2026-04-14T09:25:37","slug":"pjama-dryguardians-zestaw-mieszany-bokserki","status":"publish","type":"product","link":"https:\/\/pjama.eu\/pl\/produkt\/pjama-dryguardians-zestaw-mieszany-bokserki\/","title":{"rendered":"Pjama DryGuardians &#8211; Zestaw mieszany &#8211; Bokserki"},"content":{"rendered":"<h3 style=\"color: #d35917;\">Pjama DryGuardians &#8211; Zestaw mieszany &#8211; Bokserki<\/h3>\n<p>Pjama DryGuardians &#8211; Zestaw mieszany &#8211; Bokserki zapewnia kompletne rozwi\u0105zanie do leczenia moczenia nocnego, w tym Alarm na moczenie nocne Pjama DryGuardians, Serwis na moczenie nocne, Szorty na moczenie nocne i Bokserki. Zapewnia skuteczne leczenie, a jednocze\u015bnie utrzymuje \u0142\u00f3\u017cko w sucho\u015bci przez ca\u0142\u0105 noc. Aplikacja DryGuardians App zapewnia dost\u0119p do us\u0142ugi leczenia bez dodatkowych koszt\u00f3w. Pobierz j\u0105 z <a href=\"https:\/\/play.google.com\/store\/apps\/details?id=com.pjama&amp;hl=pl&amp;gl=PL\" target=\"_blank\" rel=\"noopener\">Google Play<\/a> lub <a href=\"https:\/\/apps.apple.com\/pl\/app\/dryguardians\/id1498084664\" target=\"_blank\" rel=\"noopener\">App Store<\/a>.<\/p>\n<p>Noszenie spodenek do spania Pjama DryGuardians Bielizna nocna jest tak wygodne, jak zwyk\u0142a pi\u017cama, a jednocze\u015bnie \u0142\u0105czy si\u0119 z czu\u0142ym systemem alarmowym w celu skutecznego leczenia. Szorty utrzymuj\u0105 \u0142\u00f3\u017cko w sucho\u015bci podczas procesu. <\/p>\n<h4 style=\"color: #072130;\">\u0141atwa piel\u0119gnacja<\/h4>\n<p><span style=\"font-weight: 400;\">Pjama DryGuardians Bielizna nocna dla dzieci &#8211; Szorty mo\u017cna pra\u0107 w pralce (60\u00b0C) i suszy\u0107 w suszarce b\u0119bnowej.<\/span> <span style=\"font-weight: 400;\">UWAGA: Spodnie i szorty maj\u0105 d\u0142u\u017cszy czas schni\u0119cia ze wzgl\u0119du na ich funkcj\u0119 ch\u0142onn\u0105. Podczas prania nale\u017cy zawsze odwraca\u0107 odzie\u017c na lew\u0105 stron\u0119, aby u\u0142atwi\u0107 odprowadzanie wilgoci z tkaniny. <\/span> <span style=\"font-weight: 400;\">S\u0105 trwa\u0142e i ekonomiczne &#8211; <\/span><b>Pjama gwarantuje co najmniej 100 pra\u0144 i do 4 miesi\u0119cy regularnego u\u017cytkowania przy piel\u0119gnacji zgodnej z naszymi instrukcjami prania.<\/b> <span style=\"font-weight: 400;\">Niezawodne i praktyczne rozwi\u0105zanie dla dzieci mocz\u0105cych si\u0119 w nocy.<\/span> <a href=\"https:\/\/pjama.eu\/pl\/jak-prac-pjame\/\"><span style=\"font-weight: 400;\">Przeczytaj pe\u0142n\u0105 instrukcj\u0119 piel\u0119gnacji &#8217;<\/span><\/a><\/p>\n<h4 style=\"color: #072130;\">Leczenie z u\u017cyciem aplikacji DryGuardians<\/h4>\n<p>G\u0142\u00f3wn\u0105 funkcj\u0105 aplikacji jest kalendarz, w kt\u00f3rym mo\u017cna rejestrowa\u0107 nocne wyniki. Na podstawie tych danych aplikacja zapewnia wskaz\u00f3wki i motywacj\u0119 za pomoc\u0105 film\u00f3w, tekst\u00f3w i obraz\u00f3w. Po <strong>4 tygodniach<\/strong> aplikacja mo\u017ce zapewni\u0107 ocen\u0119 leczenia. Nawet je\u015bli wyniki nie s\u0105 natychmiastowe, leczenie mo\u017ce zadzia\u0142a\u0107 na p\u00f3\u017aniejszym etapie.   <\/p>\n<ul>\n<li>U\u017cywaj aplikacji jako urz\u0105dzenia d\u017awi\u0119kowego z wieloma dzwonkami.<\/li>\n<li>Nagraj osobisty d\u017awi\u0119k alarmu.<\/li>\n<li>Ustaw alarmy dzienne przypominaj\u0105ce o skorzystaniu z \u0142azienki.<\/li>\n<li>Uzyskaj porady ekspert\u00f3w i og\u00f3lne wskaz\u00f3wki dotycz\u0105ce leczenia.<\/li>\n<\/ul>\n<p>Aplikacj\u0119 DryGuardians mo\u017cna pobra\u0107 bezp\u0142atnie z <a href=\"https:\/\/play.google.com\/store\/apps\/details?id=com.pjama&amp;hl=pl&amp;gl=PL\" target=\"_blank\" rel=\"noopener\">Google Play<\/a> lub <a href=\"https:\/\/apps.apple.com\/pl\/app\/dryguardians\/id1498084664\" target=\"_blank\" rel=\"noopener\">App Store<\/a>. Wi\u0119cej informacji mo\u017cna znale\u017a\u0107 na naszej <a href=\"https:\/\/pjama.eu\/pl\/aplikacja-do-leczenia-moczenia-nocnego\/\">stronie internetowej<\/a>. <\/p>\n<h4 style=\"color: #072130;\">Materia\u0142<\/h4>\n<p>Szorty do spania Pjama DryGuardians Bielizna Nocna wykonane s\u0105 z materia\u0142u <em>Tencel<\/em>. Zewn\u0119trzna warstwa jest laminowana w celu zapewnienia wodoodporno\u015bci przy jednoczesnym zachowaniu oddychalno\u015bci. Warstwa ch\u0142onna w kroku utrzymuje p\u0142yn wewn\u0105trz. Wszystkie tkaniny posiadaj\u0105 certyfikat Oeko-Tex i s\u0105 bezpieczne dla dzieci.   <\/p>\n<p>Szorty s\u0105 dost\u0119pne w dw\u00f3ch wersjach: Pjama DryGuardians Bielizna Nocna &#8211; Szorty oraz Pjama DryGuardians Bielizna Nocna &#8211; Bokserki przeznaczone do l\u017cejszych przypadk\u00f3w. Rozmiary wahaj\u0105 si\u0119 od 98 cm do 164 cm d\u0142ugo\u015bci cia\u0142a.<br \/>\nDok\u0142adne wymiary i szczeg\u00f3\u0142y dotycz\u0105ce absorpcji mo\u017cna znale\u017a\u0107 w naszym <a href=\"https:\/\/pjama.eu\/pl\/pjama-tabela-rozmiarow\/\">Przewodniku po rozmiarach<\/a>. <\/p>\n<p>Bielizna Pjama DryGuardians &#8211; Boxers jest r\u00f3wnie\u017c wykonana z tkanin z certyfikatem Oeko-Tex, bezpiecznych i delikatnych dla sk\u00f3ry. Wszystkie ubrania Mix Kit maj\u0105 wbudowane nici sensoryczne dla wi\u0119kszego obszaru wykrywania, zapewniaj\u0105c niezawodne wykrywanie niezale\u017cnie od pozycji spania. Jest to szczeg\u00f3lnie pomocne w przypadku ch\u0142opc\u00f3w, u kt\u00f3rych przep\u0142yw moczu jest zmienny, i r\u00f3wnie niezawodne w przypadku dziewcz\u0105t.  <\/p>\n<h4 style=\"color: #072130;\">U\u017cycie<\/h4>\n<p>Wbudowane czujniki wok\u00f3\u0142 krocza szybko wykrywaj\u0105 mocz. Zatrza\u015bnij czujnik na pasku i uruchom alarm. Umie\u015b\u0107 urz\u0105dzenie alarmowe obok \u0142\u00f3\u017cka. Gdy wyst\u0105pi moczenie nocne, alarm w\u0142\u0105czy si\u0119 natychmiast. Dziecko mo\u017ce go zatrzyma\u0107, naciskaj\u0105c przycisk ON\/OFF, a nast\u0119pnie uda\u0107 si\u0119 do \u0142azienki i przebra\u0107 w suche spodenki lub bokserki.    Aby po\u0142\u0105czy\u0107 alarm ze smartfonem, nale\u017cy pobra\u0107 aplikacj\u0119 DryGuardians App.<\/p>\n<h4 style=\"color: #072130;\">Piel\u0119gnacja czujnik\u00f3w<\/h4>\n<p><span style=\"font-weight: 400;\">Aby uzyska\u0107 najlepsz\u0105 wydajno\u015b\u0107, po u\u017cyciu nale\u017cy zawsze zdj\u0105\u0107 i wysuszy\u0107 czujnik.<\/span> <span style=\"font-weight: 400;\">Unikaj pozostawiania go przymocowanego do mokrej odzie\u017cy &#8211; pomaga to zapobiega\u0107 korozji i wyd\u0142u\u017ca \u017cywotno\u015b\u0107 baterii.<\/span><\/p>\n<h4 style=\"color: #072130;\">Info<\/h4>\n<ul>\n<li>Pjama Alarm \u0142\u0105czy si\u0119 z szortami i bokserkami za pomoc\u0105 guzik\u00f3w w pasie.<\/li>\n<li>Wbudowany gwint czujnika zapewnia szybkie i niezawodne wykrywanie.<\/li>\n<li>Ch\u0142onne spodenki chroni\u0105 \u0142\u00f3\u017cko.<\/li>\n<li>Wygodne i dyskretne dopasowanie.<\/li>\n<li>Mo\u017cna pra\u0107 w temperaturze 60\u00b0C i suszy\u0107 w suszarce b\u0119bnowej.<\/li>\n<li>Rozmiar: Dzieci.<\/li>\n<li>Kolory: Szary i Niebieski.<\/li>\n<li>\u0141adowanie przez USB (adapter nie wchodzi w sk\u0142ad zestawu).<\/li>\n<li>Instrukcja obs\u0142ugi alarmu dost\u0119pna na naszej <a href=\"https:\/\/pjama.eu\/pl\/instrukcje-obslugi-produktow\/\">stronie internetowej<\/a>.<\/li>\n<li>Dowiedz si\u0119 wi\u0119cej o moczeniu nocnym u dzieci <a href=\"https:\/\/pjama.eu\/pl\/co-to-jest-enureza\/\">tutaj<\/a>.<\/li>\n<\/ul>\n<h4 style=\"color: #072130;\">Dla najlepszego do\u015bwiadczenia<\/h4>\n<ul>\n<li>Upewnij si\u0119, \u017ce rozmiar jest prawid\u0142owy, aby zapewni\u0107 dok\u0142adne, ale wygodne dopasowanie (patrz przewodnik po rozmiarach).<\/li>\n<li>Zaanga\u017cuj dziecko i wyja\u015bnij mu proces leczenia.<\/li>\n<li>Dostosuj d\u017awi\u0119k i g\u0142o\u015bno\u015b\u0107 alarmu.<\/li>\n<li>Pobierz aplikacj\u0119 DryGuardians, aby uzyska\u0107 spersonalizowane wskaz\u00f3wki.<\/li>\n<li>Pod\u0142\u0105cz czujnik i trzymaj g\u0142o\u015bnik w odleg\u0142o\u015bci do 10 metr\u00f3w.<\/li>\n<li>Obud\u017a dziecko, gdy w\u0142\u0105czy si\u0119 alarm i zabierz je do toalety.<\/li>\n<li>Zdejmij czujnik i wypierz spodenki\/bokserki po u\u017cyciu.<\/li>\n<li>Rejestruj wyniki w aplikacji, aby \u015bledzi\u0107 post\u0119py i otrzymywa\u0107 porady.<\/li>\n<\/ul>\n<h4 style=\"color: #072130;\">Motywacja i cierpliwo\u015b\u0107 s\u0105 kluczowe<\/h4>\n<p>Skuteczne leczenie wymaga cierpliwo\u015bci i zach\u0119ty. \u015awi\u0119tuj ma\u0142e kroki w kierunku osi\u0105gni\u0119cia celu, jakim jest suche \u0142\u00f3\u017cko bez pomocy. Pozytywne wzmocnienie utrzymuje motywacj\u0119 dzieci. Je\u015bli jeste\u015b zmotywowany jako rodzic, Twoje dziecko te\u017c b\u0119dzie!   <\/p>\n<p>\u00a9 2024 Pjama.<\/p>\n","protected":false},"excerpt":{"rendered":"<h3><span data-sheets-root=\"1\">Zestaw: Wariant zestawu Mix dla ch\u0142opc\u00f3w; zawiera wiele element\u00f3w zapewniaj\u0105cych elastyczno\u015b\u0107 &#8211; cz\u0119\u015b\u0107 metody DryGuardians<\/span><\/h3>\n<p>Ten elastyczny i wszechstronny zestaw umo\u017cliwia stworzenie w\u0142asnego, spersonalizowanego zestawu do skutecznego leczenia moczenia nocnego.<\/p>\n<p><b>Wybierz liczb\u0119 produkt\u00f3w spo\u015br\u00f3d poni\u017cszych:<\/b><\/p>\n<ul>\n<li>Pjama DryGuardians Zestaw alarmowy przeciw moczeniu nocnemu(1)<\/li>\n<li>Pjama DryGuardians Bielizna nocna &#8211; Szorty<\/li>\n<li>Bielizna Pjama DryGuardians Bielizna &#8211; Bokserki<\/li>\n<li>Aplikacja DryGuardians (bezp\u0142atna na<br \/>\n<a href=\"https:\/\/play.google.com\/store\/apps\/details?id=com.pjama&amp;hl=pl&amp;gl=PL\">Google Play<\/a> lub <a href=\"https:\/\/apps.apple.com\/pl\/app\/dryguardians\/id1498084664\">App Store<\/a>)<\/li>\n<\/ul>\n<p>Mi\u0119kkie spodenki z wbudowanymi nitkami sensorycznymi utrzymuj\u0105 \u0142\u00f3\u017cko w sucho\u015bci i umo\u017cliwiaj\u0105 szybkie wykrywanie moczu &#8211; idealne zar\u00f3wno w domu, jak i w podr\u00f3\u017cy. Bokserki przeciw moczeniu nocnemu Pjama szybko i skutecznie wykrywaj\u0105, kiedy dziecko moczy si\u0119 w \u0142\u00f3\u017cku.  Aplikacja DryGuardians analizuje dane, oferuje porady ekspert\u00f3w i pozwala \u015bledzi\u0107 post\u0119py.<\/p>\n<p><em>Pomagamy pozby\u0107 si\u0119 moczenia nocnego!<\/em><\/p>\n","protected":false},"featured_media":31262,"template":"","meta":{"_et_pb_use_builder":"","_et_pb_old_content":"","_et_gb_content_width":""},"product_brand":[],"product_cat":[347,320,346,348],"product_tag":[],"class_list":{"0":"post-28985","1":"product","2":"type-product","3":"status-publish","4":"has-post-thumbnail","6":"product_cat-alarm-na-moczenie-nocne","7":"product_cat-dzieci","8":"product_cat-leczenie-pjama","9":"product_cat-pjamadryguardians_2025","10":"product_shipping_class-ue","11":"pa_size-maly","12":"pa_size-wiek-10-12-lat","13":"pa_size-wiek-5-6-lat","14":"pa_size-wiek-6-8-lat","15":"pa_size-wiek-8-10-lat","17":"first","18":"instock","19":"taxable","20":"shipping-taxable","21":"purchasable","22":"product-type-composite"},"composite_virtual":false,"composite_layout":"single","composite_add_to_cart_form_location":"default","composite_editable_in_cart":false,"composite_sold_individually_context":"product","composite_shop_price_calc":"min_max","composite_components":[{"id":"1743164570","title":"Alarm na moczenie nocne w Pjamie","description":"<p>Alarm na moczenie nocne z g\u0142o\u015bnikiem i czujnikiem.<\/p>\n","query_type":"product_ids","query_ids":[24642],"default_option_id":24642,"thumbnail_id":6376,"thumbnail_src":"https:\/\/pjama.eu\/wp-content\/uploads\/Pjama-alarm-600x400-1-300x300-1.jpeg","quantity_min":1,"quantity_max":1,"priced_individually":true,"shipped_individually":false,"optional":false,"discount":"","options_style":"dropdowns","pagination_style":"classic","display_prices":"absolute","show_sorting_options":false,"show_filtering_options":false,"attribute_filter_ids":[],"select_action":"view","product_title_visible":false,"product_descr_visible":false,"product_price_visible":true,"product_thumb_visible":true,"subtotal_visible_product":false,"subtotal_visible_cart":true,"subtotal_visible_orders":true},{"id":"1743164571","title":"Bokserki Treatment","description":"<p>Bokserki do leczenia moczenia nocnego. Niepoch\u0142aniaj\u0105ce wilgoci. <\/p>\n","query_type":"product_ids","query_ids":[24910],"default_option_id":24910,"thumbnail_id":3726,"thumbnail_src":"https:\/\/pjama.eu\/wp-content\/uploads\/Boxer-underwear.jpg","quantity_min":2,"quantity_max":6,"priced_individually":true,"shipped_individually":false,"optional":false,"discount":"","options_style":"dropdowns","pagination_style":"classic","display_prices":"absolute","show_sorting_options":false,"show_filtering_options":false,"attribute_filter_ids":[],"select_action":"view","product_title_visible":false,"product_descr_visible":false,"product_price_visible":true,"product_thumb_visible":true,"subtotal_visible_product":false,"subtotal_visible_cart":true,"subtotal_visible_orders":true},{"id":"1743164572","title":"Spodenki lecznicze","description":"<p>Ch\u0142onne szorty na moczenie nocne. Produkt posiada wszyte nici sensoryczne, do kt\u00f3rych pod\u0142\u0105cza si\u0119 czujnik. <\/p>\n","query_type":"product_ids","query_ids":[25252],"default_option_id":25252,"thumbnail_id":4407,"thumbnail_src":"https:\/\/pjama.eu\/wp-content\/uploads\/Pjama_treatment_shorts.jpeg","quantity_min":1,"quantity_max":4,"priced_individually":true,"shipped_individually":false,"optional":false,"discount":"","options_style":"dropdowns","pagination_style":"classic","display_prices":"absolute","show_sorting_options":false,"show_filtering_options":false,"attribute_filter_ids":[],"select_action":"view","product_title_visible":false,"product_descr_visible":false,"product_price_visible":true,"product_thumb_visible":true,"subtotal_visible_product":false,"subtotal_visible_cart":true,"subtotal_visible_orders":true}],"composite_scenarios":[],"_links":{"self":[{"href":"https:\/\/pjama.eu\/pl\/wp-json\/wp\/v2\/product\/28985","targetHints":{"allow":["GET"]}}],"collection":[{"href":"https:\/\/pjama.eu\/pl\/wp-json\/wp\/v2\/product"}],"about":[{"href":"https:\/\/pjama.eu\/pl\/wp-json\/wp\/v2\/types\/product"}],"wp:featuredmedia":[{"embeddable":true,"href":"https:\/\/pjama.eu\/pl\/wp-json\/wp\/v2\/media\/31262"}],"wp:attachment":[{"href":"https:\/\/pjama.eu\/pl\/wp-json\/wp\/v2\/media?parent=28985"}],"wp:term":[{"taxonomy":"product_brand","embeddable":true,"href":"https:\/\/pjama.eu\/pl\/wp-json\/wp\/v2\/product_brand?post=28985"},{"taxonomy":"product_cat","embeddable":true,"href":"https:\/\/pjama.eu\/pl\/wp-json\/wp\/v2\/product_cat?post=28985"},{"taxonomy":"product_tag","embeddable":true,"href":"https:\/\/pjama.eu\/pl\/wp-json\/wp\/v2\/product_tag?post=28985"}],"curies":[{"name":"wp","href":"https:\/\/api.w.org\/{rel}","templated":true}]}}