{"id":28986,"date":"2023-01-09T16:29:02","date_gmt":"2023-01-09T15:29:02","guid":{"rendered":"https:\/\/pjama.eu\/product\/pjama-dryguardians-zestaw-mieszany-slipy-mix-kit-briefs\/"},"modified":"2026-04-14T11:19:34","modified_gmt":"2026-04-14T09:19:34","slug":"pjama-dryguardians-zestaw-mieszany-slipy-mix-kit-briefs","status":"publish","type":"product","link":"https:\/\/pjama.eu\/pl\/produkt\/pjama-dryguardians-zestaw-mieszany-slipy-mix-kit-briefs\/","title":{"rendered":"Pjama DryGuardians &#8211; Zestaw mieszany &#8211; Slipy Mix Kit Briefs"},"content":{"rendered":"<h3 style=\"color: #d35917;\">Pjama DryGuardians &#8211; Zestaw mieszany &#8211; Slipy<\/h3>\n<p>Pjama DryGuardians &#8211; Mix Kit Briefs oferuje kompletne rozwi\u0105zanie do leczenia moczenia nocnego, w tym zestaw alarmowy przeciw moczeniu nocnemu Pjama DryGuardians &#8211; Zestaw mieszany &#8211; Slipy, szorty i majtki. Zapewnia zar\u00f3wno leczenie, jak i ochron\u0119, aby \u0142\u00f3\u017cko by\u0142o suche w nocy. Dost\u0119p do us\u0142ugi leczenia w aplikacji DryGuardians mo\u017cna uzyska\u0107 bez dodatkowych koszt\u00f3w. Pobierz aplikacj\u0119 DryGuardians z <a href=\"https:\/\/play.google.com\/store\/apps\/details?id=com.pjama&amp;hl=pl&amp;gl=PL\" target=\"_blank\" rel=\"noopener\">Google Play<\/a> lub <a href=\"https:\/\/apps.apple.com\/pl\/app\/dryguardians\/id1498084664\" target=\"_blank\" rel=\"noopener\">App Store<\/a>.<\/p>\n<p>Nosz\u0105c szorty Pjama DryGuardians Bielizna nocna czujesz si\u0119 jak w zwyk\u0142ej pi\u017camie, jednocze\u015bnie \u0142\u0105cz\u0105c si\u0119 z czu\u0142ym alarmem na moczenie nocne. Lecz\u0105 moczenie nocne i utrzymuj\u0105 \u0142\u00f3\u017cko w sucho\u015bci podczas tego procesu. <\/p>\n<h4 style=\"color: #072130;\">\u0141atwa piel\u0119gnacja<\/h4>\n<p><span style=\"font-weight: 400;\">Pjama DryGuardians Bielizna nocna dla dzieci &#8211; Szorty mo\u017cna pra\u0107 w pralce (60\u00b0C) i suszy\u0107 w suszarce b\u0119bnowej.<\/span> <span style=\"font-weight: 400;\">UWAGA: Spodnie i szorty maj\u0105 d\u0142u\u017cszy czas schni\u0119cia ze wzgl\u0119du na ich funkcj\u0119 ch\u0142onn\u0105. Podczas prania nale\u017cy zawsze odwraca\u0107 odzie\u017c na lew\u0105 stron\u0119, aby u\u0142atwi\u0107 odprowadzanie wilgoci z tkaniny. <\/span> <span style=\"font-weight: 400;\">S\u0105 trwa\u0142e i ekonomiczne &#8211; <\/span><b>Pjama gwarantuje co najmniej 100 pra\u0144 i do 4 miesi\u0119cy regularnego u\u017cytkowania przy piel\u0119gnacji zgodnej z naszymi instrukcjami prania.<\/b> <span style=\"font-weight: 400;\">Niezawodne i praktyczne rozwi\u0105zanie dla dzieci mocz\u0105cych si\u0119 w nocy.<\/span> <a href=\"https:\/\/pjama.eu\/pl\/jak-prac-pjame\/\"><span style=\"font-weight: 400;\">Przeczytaj pe\u0142n\u0105 instrukcj\u0119 piel\u0119gnacji &#8217;<\/span><\/a><\/p>\n<h4 style=\"color: #072130;\">Leczenie z u\u017cyciem aplikacji DryGuardians<\/h4>\n<p>Aplikacja DryGuardians zawiera inteligentne funkcje, takie jak kalendarz do rejestrowania nocnych wynik\u00f3w. W oparciu o zarejestrowane dane, aplikacja dostarcza motywuj\u0105ce wiadomo\u015bci za po\u015brednictwem wideo, tekstu i obraz\u00f3w. Po zaledwie <strong>4 tygodniach<\/strong> aplikacja mo\u017ce zapewni\u0107 ocen\u0119 skuteczno\u015bci leczenia. Nawet je\u015bli leczenie nie zadzia\u0142a natychmiast, mo\u017ce by\u0107 skuteczne na p\u00f3\u017aniejszym etapie.   <\/p>\n<ul>\n<li>U\u017cyj aplikacji jako jednostki d\u017awi\u0119kowej i ustaw r\u00f3\u017cne d\u017awi\u0119ki dzwonka.<\/li>\n<li>Nagraj w\u0142asny d\u017awi\u0119k alarmu.<\/li>\n<li>Ustaw przypomnienia o wizytach w toalecie w ci\u0105gu dnia.<\/li>\n<li>Otrzymuj wskaz\u00f3wki i porady ekspert\u00f3w podczas leczenia.<\/li>\n<\/ul>\n<p>Aplikacj\u0119 DryGuardians mo\u017cna pobra\u0107 bezp\u0142atnie z <a href=\"https:\/\/play.google.com\/store\/apps\/details?id=com.pjama&amp;hl=pl&amp;gl=PL\" target=\"_blank\" rel=\"noopener\">Google Play<\/a> lub <a href=\"https:\/\/apps.apple.com\/pl\/app\/dryguardians\/id1498084664\" target=\"_blank\" rel=\"noopener\">App Store<\/a>. Wi\u0119cej informacji o us\u0142udze leczenia mo\u017cna znale\u017a\u0107 na naszej <a href=\"https:\/\/pjama.eu\/pl\/aplikacja-do-leczenia-moczenia-nocnego\/\">stronie internetowej<\/a>. <\/p>\n<h4 style=\"color: #072130;\">Materia\u0142<\/h4>\n<p>Spodenki Pjama DryGuardians Bielizna Nocna wykonane s\u0105 z materia\u0142u <em>Tencel<\/em>, laminowanego dla wodoodpornej ochrony przy jednoczesnym zachowaniu oddychalno\u015bci. W kroczu wszyto warstw\u0119 ch\u0142onn\u0105, kt\u00f3ra zatrzymuje ciecz wewn\u0105trz spodenek. Wszystkie tkaniny posiadaj\u0105 certyfikat Oeko-Tex.  <\/p>\n<p>Szorty s\u0105 dost\u0119pne w dw\u00f3ch modelach: Pjama DryGuardians Bielizna nocna Shorts oraz Pjama DryGuardians Bielizna &#8211; Briefs, przeznaczone dla dzieci z l\u017cejszym moczeniem nocnym. Rozmiary wahaj\u0105 si\u0119 od 98 cm do 164 cm d\u0142ugo\u015bci cia\u0142a. Wymiary i ch\u0142onno\u015b\u0107 mo\u017cna sprawdzi\u0107 w naszym <a href=\"https:\/\/pjama.eu\/pl\/pjama-tabela-rozmiarow\/\">Przewodniku po rozmiarach<\/a>.  <\/p>\n<p>Bielizna Pjama DryGuardians &#8211; Briefs jest r\u00f3wnie\u017c wykonana z wysokiej jako\u015bci tkanin z certyfikatem Oeko-Tex, bezpiecznych i delikatnych dla sk\u00f3ry dziecka. Wszystkie elementy zestawu Mix maj\u0105 wbudowane przewody czujnik\u00f3w zapewniaj\u0105ce szeroki obszar wykrywania, co zapewnia niezawodne wykrywanie niezale\u017cnie od pozycji spania. <\/p>\n<h4 style=\"color: #072130;\">U\u017cycie<\/h4>\n<p>Odzie\u017c zabiegowa zawiera wbudowane przewody czujnika w obszarze krocza w celu szybkiego wykrywania moczu. Zatrza\u015bnij czujnik na pasku i uruchom alarm. Umie\u015b\u0107 urz\u0105dzenie alarmowe obok \u0142\u00f3\u017cka. Je\u015bli dziecko zmoczy \u0142\u00f3\u017cko, alarm zostanie natychmiast uruchomiony.  <\/p>\n<p>Alarm mo\u017cna wy\u0142\u0105czy\u0107, naciskaj\u0105c przycisk ON\/OFF. Dziecko powinno wtedy p\u00f3j\u015b\u0107 do \u0142azienki i przebra\u0107 si\u0119 w such\u0105 odzie\u017c. W przypadku korzystania ze smartfona nale\u017cy pobra\u0107 aplikacj\u0119 DryGuardians App.  <\/p>\n<h4 style=\"color: #072130;\">Piel\u0119gnacja czujnik\u00f3w<\/h4>\n<p><span style=\"font-weight: 400;\">Aby uzyska\u0107 najlepsz\u0105 wydajno\u015b\u0107, po u\u017cyciu nale\u017cy zawsze zdj\u0105\u0107 i wysuszy\u0107 czujnik.<\/span> <span style=\"font-weight: 400;\">Unikaj pozostawiania go przymocowanego do mokrej odzie\u017cy &#8211; pomaga to zapobiega\u0107 korozji i wyd\u0142u\u017ca \u017cywotno\u015b\u0107 baterii.<\/span><\/p>\n<h4 style=\"color: #072130;\">Info<\/h4>\n<ul>\n<li>Alarm na moczenie nocne Pjama \u0142\u0105czy si\u0119 z szortami i majtkami za pomoc\u0105 guzik\u00f3w w pasie.<\/li>\n<li>Wbudowane przewody czujnika zapewniaj\u0105 szybkie i niezawodne wykrywanie.<\/li>\n<li>Ch\u0142onne spodenki chroni\u0105 \u0142\u00f3\u017cko.<\/li>\n<li>Wygodny i dyskretny.<\/li>\n<li>Mo\u017cna pra\u0107 w temperaturze 60\u00b0C i suszy\u0107 w suszarce b\u0119bnowej.<\/li>\n<li>Rozmiar: Dzieci.<\/li>\n<li>Kolor: szary i niebieski.<\/li>\n<li>\u0141adowanie przez USB (adapter nie wchodzi w sk\u0142ad zestawu).<\/li>\n<li>Instrukcja obs\u0142ugi alarmu jest dost\u0119pna na naszej <a href=\"https:\/\/pjama.eu\/pl\/instrukcje-obslugi-produktow\/\">stronie internetowej<\/a>.<\/li>\n<li>Wi\u0119cej informacji na temat moczenia nocnego u dzieci mo\u017cna znale\u017a\u0107 <a href=\"https:\/\/pjama.eu\/pl\/co-to-jest-enureza\/\">tutaj<\/a>.<\/li>\n<\/ul>\n<h4 style=\"color: #072130;\">Dla najlepszego do\u015bwiadczenia<\/h4>\n<ul>\n<li>Sprawd\u017a rozmiar, aby zapewni\u0107 dok\u0142adne, ale wygodne dopasowanie (patrz przewodnik po rozmiarach).<\/li>\n<li>Zaanga\u017cuj swoje dziecko w proces motywacji.<\/li>\n<li>Wybierz i dostosuj d\u017awi\u0119k i g\u0142o\u015bno\u015b\u0107 alarmu.<\/li>\n<li>Pobierz aplikacj\u0119 DryGuardians, aby uzyska\u0107 dostosowane do potrzeb wskaz\u00f3wki.<\/li>\n<li>Pod\u0142\u0105cz czujnik i umie\u015b\u0107 g\u0142o\u015bnik w odleg\u0142o\u015bci do 10 metr\u00f3w.<\/li>\n<li>Obud\u017a dziecko, gdy w\u0142\u0105czy si\u0119 alarm i zaprowad\u017a je do toalety.<\/li>\n<li>Pierz odzie\u017c po ka\u017cdym u\u017cyciu.<\/li>\n<li>Rejestruj wyniki w aplikacji, aby otrzymywa\u0107 spersonalizowane opinie i wskaz\u00f3wki.<\/li>\n<\/ul>\n<h4 style=\"color: #072130;\">Motywacja i cierpliwo\u015b\u0107 s\u0105 kluczowe<\/h4>\n<p>Leczenie moczenia nocnego wymaga cierpliwo\u015bci i motywacji. Pami\u0119taj o ostatecznym celu &#8211; suchym \u0142\u00f3\u017cku bez pomocy. \u015awi\u0119tuj ma\u0142e sukcesy, aby utrzyma\u0107 motywacj\u0119 dziecka. Zach\u0119ta i pozytywne informacje zwrotne s\u0105 niezb\u0119dne do skutecznego leczenia.   <\/p>\n","protected":false},"excerpt":{"rendered":"<h3><span data-sheets-root=\"1\">Zestaw: Wariant zestawu Mix dla dziewcz\u0105t; zawiera wiele element\u00f3w zapewniaj\u0105cych elastyczno\u015b\u0107 &#8211; cz\u0119\u015b\u0107 metody DryGuardians<\/span><\/h3>\n<p>Ten elastyczny i wszechstronny zestaw umo\u017cliwia stworzenie w\u0142asnego, spersonalizowanego zestawu do skutecznego leczenia moczenia nocnego.<\/p>\n<p><b>Wybierz liczb\u0119 produkt\u00f3w spo\u015br\u00f3d poni\u017cszych:<\/b><\/p>\n<ul>\n<li>Pjama DryGuardians Zestaw alarmowy przeciw moczeniu nocnemu (1)<\/li>\n<li>Szorty do spania Pjama DryGuardians Bielizna nocna<\/li>\n<li>Bielizna termoaktywna Pjama DryGuardians Bielizna majtki<\/li>\n<li>Aplikacja DryGuardians (bezp\u0142atna w <a href=\"https:\/\/play.google.com\/store\/apps\/details?id=com.pjama&amp;hl=pl&amp;gl=PL\">Google Play<\/a> lub <a href=\"https:\/\/apps.apple.com\/pl\/app\/dryguardians\/id1498084664\">App Store<\/a>)<\/li>\n<\/ul>\n<p>Mi\u0119kkie spodenki z wbudowanym czujnikiem utrzymuj\u0105 \u0142\u00f3\u017cko w sucho\u015bci i umo\u017cliwiaj\u0105 szybkie wykrywanie moczu &#8211; idealne zar\u00f3wno w domu, jak i w podr\u00f3\u017cy. Majtki przeciw moczeniu nocnemu Pjama szybko i skutecznie wykrywaj\u0105, kiedy dziecko moczy si\u0119 w \u0142\u00f3\u017cku. <\/p>\n<p>Aplikacja DryGuardians analizuje dane, zapewnia porady ekspert\u00f3w i umo\u017cliwia \u015bledzenie post\u0119p\u00f3w.<\/p>\n<p><em>Pomagamy powstrzyma\u0107 moczenie nocne!<\/em><\/p>\n","protected":false},"featured_media":31271,"template":"","meta":{"_et_pb_use_builder":"off","_et_pb_old_content":"<h4>DryGuardians Mixkit for Girls<\/h4>\r\nPjama Bedwetting Alarm, Treatment Service, Shorts, and Underwear offer you a complete solution for bedwetting treatment, while also providing a solution to keep the bed dry at night.\r\nYou can access the Treatment Service in the DryGuardians App at no extra cost. Download the DryGuardians App from <a href=\"https:\/\/play.google.com\/store\/apps\/details?id=com.pjama&gl=sv&hl=sv\">Google Play<\/a> or <a href=\"https:\/\/apps.apple.com\/sv\/app\/pjama\/id1498084664?mt=8&l=sv\">App Store<\/a>.\r\nWearing Pjama Treatment Shorts is as comfortable as wearing any other pajamas, while also connecting to a sensitive bedwetting alarm to treat bedwetting and keep the bed dry during the treatment process.\r\n<h4>GET GUIDED WITH OUR TREATMENT SERVICE IN THE DryGuardians APP - EVALUATION AFTER 4 WEEKS<\/h4>\r\nThe Treatment Service in the DryGuardians app includes several smart features. The core of the service\/app is the calendar where you can easily log the outcome of the night. Based on this information, we guide and motivate you through the treatment with messages in the form of video, text, and images. These messages will appear in the feed in the DryGuardians App during treatment.\r\nUndergoing treatment with a bedwetting alarm often impacts the entire family. With the data generated, we can already make an assessment after <strong>4 weeks<\/strong> to see if the treatment is working or not. If the treatment doesn\u2019t seem to be working, it\u2019s entirely possible that it may work at a later stage. Additionally, you get access to the following:\r\n<ul>\r\n \t<li>Use the app as a sound unit and set different ringtones.<\/li>\r\n \t<li>Record your own alarm sound.<\/li>\r\n \t<li>Set daytime alarms (to remind bathroom visits during the day).<\/li>\r\n \t<li>General tips and advice during the treatment of nocturnal enuresis.<\/li>\r\n<\/ul>\r\nThe Treatment Service in the DryGuardians app is free to download from <a href=\"https:\/\/play.google.com\/store\/apps\/details?id=com.pjama&gl=sv&hl=sv\">Google Play<\/a> or <a href=\"https:\/\/apps.apple.com\/sv\/app\/pjama\/id1498084664?mt=8&l=sv\">App Store<\/a>. Read more about the DryGuardians app and the Treatment Service on our <a href=\"https:\/\/pjama.eu\/dryguardians-app-3\/\">website<\/a>.\r\n<h4>Material<\/h4>\r\nPjama Treatment Shorts are made of a soft material called <em>Tencel<\/em>. The outer layer of <em>Tencel<\/em> in the shorts is laminated, making the shorts waterproof, while the product also has excellent breathability. An absorbent material is sewn into the critical area in the crotch, ensuring that liquid stays inside the shorts. All materials are Oeko-Tex certified and safe for children.\r\n\r\nThe Treatment Shorts come in two models: <em>Pjama Treatment Shorts<\/em> and <em>Pjama Treatment Shorts Light<\/em>. The Light version is designed for children with lighter bedwetting. Sizes range from body length 98 cm to 164 cm. For exact measurements and absorption capacity, visit our <a href=\"https:\/\/pjama.eu\/size-guide\/\">Size Guide<\/a>.\r\n\r\nPjama Briefs Treatment Underwear are made from high-quality, Oeko-Tex certified fabrics that are safe and gentle on children\u2019s skin.\r\n\r\nAll items in the DryGuardians Mixkit have built-in sensor wires, increasing the detection area for this bedwetting alarm. Practically, this means that regardless of where the urine hits or what sleeping position you or your child are in, the alarm will safely detect bedwetting. For boys, this can be especially valuable as the area where urine first hits often varies. For girls who have different sleeping positions, especially if they often sleep on their back, the same applies.\r\n<h4>Usage<\/h4>\r\nThe treatment garments have built-in sensor wires around the crotch area that quickly detect urine. Simply snap on the sensor at the front waist and start the bedwetting alarm, and you are ready to begin treatment! Place the bedwetting alarm near the bed at the child\u2019s side.\r\nIf the child wets the bed, the sensitive built-in sensor wires in the shorts or underwear quickly detect the urine and activate the alarm. The child can easily stop the alarm by pressing the \"ON\/OFF\" button on the top of the alarm and then go to the bathroom to finish urinating and change into a new pair of Pjama Treatment Shorts or Underwear.\r\nTo use the bedwetting alarm with your smartphone, you need to download the DryGuardians App from <a href=\"https:\/\/play.google.com\/store\/apps\/details?id=com.pjama\">Google Play<\/a> or <a href=\"https:\/\/apps.apple.com\/se\/app\/pjama\/id1498084664\">App Store<\/a>.\r\n<h4>INFO<\/h4>\r\n<ul>\r\n \t<li><em>Pjama Bedwetting Alarm easily connects to both the shorts and underwear through buttons at the waist.<\/em><\/li>\r\n \t<li><em>Built-in sensor wires for quick and reliable urine detection.<\/em><\/li>\r\n \t<li><em>Absorbent (Shorts, protects the bed).<\/em><\/li>\r\n \t<li><em>Comfortable and discreet.<\/em><\/li>\r\n \t<li><em>Washable at 60\u00b0C and can be tumble dried.<\/em><\/li>\r\n \t<li><em>Size: Children.<\/em><\/li>\r\n \t<li><em>Color: Gray and Blue.<\/em><\/li>\r\n \t<li>Pjama bedwetting alarm is charged with a USB charger (adapter not included).<\/li>\r\n \t<li>The manual for the Pjama bedwetting alarm can be found on our <a href=\"https:\/\/pjama.eu\/product-manuals\/\">website<\/a>.<\/li>\r\n \t<li>Read more about bedwetting in children <a href=\"https:\/\/pjama.eu\/what-is-enuresis\/\">here<\/a>.<\/li>\r\n<\/ul>\r\n<h4>FOR THE BEST EXPERIENCE WITH PJAMA<\/h4>\r\nStart by ensuring you have the correct size. Pjama should fit snugly at the waist (without being too tight). Be sure to check our size guide before ordering your Pjama.\r\n<ul>\r\n \t<li>Prepare for treatment by including your child and explaining the process when your child wets the bed.<\/li>\r\n \t<li>Choose an alarm sound and volume for the speaker.<\/li>\r\n \t<li>Download the DryGuardians App from <a href=\"https:\/\/play.google.com\/store\/apps\/details?id=com.pjama&gl=sv&hl=sv\">Google Play<\/a> or <a href=\"https:\/\/apps.apple.com\/sv\/app\/pjama\/id1498084664?mt=8&l=sv\">App Store<\/a>. With our Treatment Service, you\u2019ll receive personalized guidance based on your results.<\/li>\r\n \t<li>Attach the sensor to your Pjama bedwetting shorts or underwear.<\/li>\r\n \t<li>Place the speaker within 10 meters of the sensor.<\/li>\r\n \t<li>When the bedwetting alarm goes off, wake your child and take them to the toilet. It is important for the child to wake up.<\/li>\r\n \t<li>Remove the sensor, turn the shorts inside out, and wash them.<\/li>\r\n \t<li>Record the night\u2019s results in the DryGuardians app for personalized guidance during your bedwetting treatment.<\/li>\r\n<\/ul>\r\n<h4>MOTIVATION AND PATIENCE ARE KEY<\/h4>\r\nPatience is key! For faster and longer-lasting improvement, patience and motivation are required. If you are a new Pjama user, it\u2019s helpful to keep your ultimate goal in mind \u2013 a dry bed without assistance. With encouraging feedback and smaller milestones, the treatment of nocturnal enuresis becomes more successful.\r\nIf you are a parent of a child using Pjama treatment, it\u2019s important to also keep the child motivated. Provide positive feedback and compliments. If you are motivated, your child will be too!\r\n\r\n\u00a9 2024 Pjama.","_et_gb_content_width":""},"product_brand":[],"product_cat":[347,320,346,348],"product_tag":[],"class_list":{"0":"post-28986","1":"product","2":"type-product","3":"status-publish","4":"has-post-thumbnail","6":"product_cat-alarm-na-moczenie-nocne","7":"product_cat-dzieci","8":"product_cat-leczenie-pjama","9":"product_cat-pjamadryguardians_2025","10":"product_shipping_class-ue","11":"pa_size-maly","12":"pa_size-wiek-10-12-lat","13":"pa_size-wiek-5-6-lat","14":"pa_size-wiek-6-8-lat","15":"pa_size-wiek-8-10-lat","17":"first","18":"instock","19":"taxable","20":"shipping-taxable","21":"purchasable","22":"product-type-composite"},"composite_virtual":false,"composite_layout":"single","composite_add_to_cart_form_location":"default","composite_editable_in_cart":false,"composite_sold_individually_context":"product","composite_shop_price_calc":"min_max","composite_components":[{"id":"1743154529","title":"Alarm na moczenie nocne w Pjamie","description":"<p>Alarm na moczenie nocne z g\u0142o\u015bnikiem i czujnikiem.<\/p>\n","query_type":"product_ids","query_ids":[24642],"default_option_id":24642,"thumbnail_id":6376,"thumbnail_src":"https:\/\/pjama.eu\/wp-content\/uploads\/Pjama-alarm-600x400-1-300x300-1.jpeg","quantity_min":1,"quantity_max":1,"priced_individually":true,"shipped_individually":false,"optional":false,"discount":"","options_style":"dropdowns","pagination_style":"classic","display_prices":"absolute","show_sorting_options":false,"show_filtering_options":false,"attribute_filter_ids":[],"select_action":"view","product_title_visible":false,"product_descr_visible":false,"product_price_visible":true,"product_thumb_visible":true,"subtotal_visible_product":false,"subtotal_visible_cart":true,"subtotal_visible_orders":true},{"id":"1743154530","title":"Majtki dotycz\u0105ce leczenia","description":"<p>Bielizna lecznicza na moczenie nocne. Niepoch\u0142aniaj\u0105ce wilgoci. <\/p>\n","query_type":"product_ids","query_ids":[24675],"default_option_id":24675,"thumbnail_id":3729,"thumbnail_src":"https:\/\/pjama.eu\/wp-content\/uploads\/hipster-only.jpg","quantity_min":2,"quantity_max":4,"priced_individually":true,"shipped_individually":false,"optional":false,"discount":"","options_style":"dropdowns","pagination_style":"classic","display_prices":"absolute","show_sorting_options":false,"show_filtering_options":false,"attribute_filter_ids":[],"select_action":"view","product_title_visible":false,"product_descr_visible":false,"product_price_visible":true,"product_thumb_visible":true,"subtotal_visible_product":false,"subtotal_visible_cart":true,"subtotal_visible_orders":true},{"id":"1743154531","title":"Spodenki lecznicze","description":"<p>Ch\u0142onne szorty na moczenie nocne. Produkt posiada wszyte nici sensoryczne, do kt\u00f3rych pod\u0142\u0105cza si\u0119 czujnik. <\/p>\n","query_type":"product_ids","query_ids":[25252],"default_option_id":25252,"thumbnail_id":4407,"thumbnail_src":"https:\/\/pjama.eu\/wp-content\/uploads\/Pjama_treatment_shorts.jpeg","quantity_min":1,"quantity_max":4,"priced_individually":true,"shipped_individually":false,"optional":false,"discount":"","options_style":"dropdowns","pagination_style":"classic","display_prices":"absolute","show_sorting_options":false,"show_filtering_options":false,"attribute_filter_ids":[],"select_action":"view","product_title_visible":false,"product_descr_visible":false,"product_price_visible":true,"product_thumb_visible":true,"subtotal_visible_product":false,"subtotal_visible_cart":true,"subtotal_visible_orders":true}],"composite_scenarios":[],"_links":{"self":[{"href":"https:\/\/pjama.eu\/pl\/wp-json\/wp\/v2\/product\/28986","targetHints":{"allow":["GET"]}}],"collection":[{"href":"https:\/\/pjama.eu\/pl\/wp-json\/wp\/v2\/product"}],"about":[{"href":"https:\/\/pjama.eu\/pl\/wp-json\/wp\/v2\/types\/product"}],"wp:featuredmedia":[{"embeddable":true,"href":"https:\/\/pjama.eu\/pl\/wp-json\/wp\/v2\/media\/31271"}],"wp:attachment":[{"href":"https:\/\/pjama.eu\/pl\/wp-json\/wp\/v2\/media?parent=28986"}],"wp:term":[{"taxonomy":"product_brand","embeddable":true,"href":"https:\/\/pjama.eu\/pl\/wp-json\/wp\/v2\/product_brand?post=28986"},{"taxonomy":"product_cat","embeddable":true,"href":"https:\/\/pjama.eu\/pl\/wp-json\/wp\/v2\/product_cat?post=28986"},{"taxonomy":"product_tag","embeddable":true,"href":"https:\/\/pjama.eu\/pl\/wp-json\/wp\/v2\/product_tag?post=28986"}],"curies":[{"name":"wp","href":"https:\/\/api.w.org\/{rel}","templated":true}]}}