{"id":28987,"date":"2021-02-01T11:50:10","date_gmt":"2021-02-01T10:50:10","guid":{"rendered":"https:\/\/pjama.eu\/product\/pjama-dryguardians-zestaw-bielizny-i-alarmu-slipy\/"},"modified":"2026-04-14T11:34:03","modified_gmt":"2026-04-14T09:34:03","slug":"pjama-dryguardians-zestaw-bielizny-i-alarmu-slipy","status":"publish","type":"product","link":"https:\/\/pjama.eu\/pl\/produkt\/pjama-dryguardians-zestaw-bielizny-i-alarmu-slipy\/","title":{"rendered":"Pjama DryGuardians &#8211; Zestaw Bielizny i Alarmu &#8211; Slipy"},"content":{"rendered":"<h3 style=\"color: #d35917;\">Pjama DryGuardians &#8211; Zestaw Bielizny i Alarmu &#8211; Slipy &#8211; Skuteczny Alarm na moczenie nocne<\/h3>\n<p>Pjama DryGuardians &#8211; Zestaw Bielizny i Alarmu &#8211; Slipy to idealne rozwi\u0105zanie dla dziewczynek cierpi\u0105cych na moczenie nocne (enurez\u0119 nocn\u0105). W po\u0142\u0105czeniu z nasz\u0105 aplikacj\u0105 DryGuardians zapewniaj\u0105 skuteczne i wygodne leczenie moczenia nocnego. Te majtki na moczenie nocne s\u0105 wyposa\u017cone w wszyte przewody z czujnikami, kt\u00f3re szybko wykrywaj\u0105 wilgo\u0107 i aktywuj\u0105 alarm na moczenie nocne, aby pom\u00f3c dziecku obudzi\u0107 si\u0119 i przerwa\u0107 oddawanie moczu. Us\u0142uga leczenia DryGuardians analizuje incydenty moczenia nocnego i zapewnia spersonalizowane wskaz\u00f3wki, porady i prognozy w trakcie leczenia.   <\/p>\n<p>Pobierz aplikacj\u0119 DryGuardians z <a href=\"https:\/\/play.google.com\/store\/apps\/details?id=com.pjama&amp;gl=gb&amp;hl=en\" target=\"_blank\" rel=\"noopener\">Google Play<\/a> lub <a href=\"https:\/\/apps.apple.com\/gb\/app\/pjama\/id1498084664?mt=8&amp;l=en\" target=\"_blank\" rel=\"noopener\">App Store<\/a>, aby \u015bledzi\u0107 post\u0119py i otrzymywa\u0107 dostosowane do potrzeb wskaz\u00f3wki podczas leczenia moczenia nocnego.<\/p>\n<h4 style=\"color: #072130;\">Cechy<\/h4>\n<p>Alarm na moczenie nocne zosta\u0142 zaprojektowany, aby pom\u00f3c zar\u00f3wno dzieciom, jak i doros\u0142ym z moczeniem nocnym i s\u0142u\u017cy jako pierwsza linia leczenia enurezy. Czujnik przymocowany do odzie\u017cy Pjama jest po\u0142\u0105czony z jednostk\u0105 alarmow\u0105, kt\u00f3ra aktywuje si\u0119 po kontakcie z wilgoci\u0105. Ten alarm na moczenie nocne dzia\u0142a poprzez natychmiastowe przerwanie moczenia nocnego, ucz\u0105c m\u00f3zg reagowania na sygna\u0142y cia\u0142a.  <\/p>\n<p>Pjama DryGuardians Bielizna &#8211; Zestaw Bielizny i Alarmu &#8211; Slipy jest specjalnie zaprojektowany dla dziewcz\u0119cej anatomii i punktu styku strumienia moczu. Majtki s\u0105 wyposa\u017cone w dwa ma\u0142e guziki w pasie, u\u0142atwiaj\u0105ce przymocowanie czujnika od alarmu na moczenie nocne. Wszyte przewody czujnika w okolicy krocza pozwalaj\u0105 systemowi alarmowemu wykry\u0107 wilgo\u0107 i szybko aktywowa\u0107 alarm na moczenie nocne, pomagaj\u0105c w skutecznym i bezpiecznym leczeniu enurezy nocnej.  <\/p>\n<p>Wszyte przewody czujnika w Pjama DryGuardians Czujnik &#8211; Zestaw Bielizny i Alarmu &#8211; Slipy zwi\u0119kszaj\u0105 obszar docelowy i zapewniaj\u0105 bardziej niezawodne wykrywanie. W praktyce oznacza to, \u017ce niezale\u017cnie od tego, gdzie trafi mocz lub jak dziecko \u015bpi, alarm niezawodnie wykryje moczenie nocne. W przypadku dziewczynek, zw\u0142aszcza tych, kt\u00f3re \u015bpi\u0105 na plecach, jest to szczeg\u00f3lnie przydatne, poniewa\u017c obszar, w kt\u00f3rym mocz dotyka po raz pierwszy, mo\u017ce si\u0119 r\u00f3\u017cni\u0107.  <\/p>\n<h4 style=\"color: #072130;\">U\u017cycie<\/h4>\n<p>Noszenie majtek na moczenie nocne jest tak wygodne, jak noszenie zwyk\u0142ej bielizny, dzi\u0119ki czemu s\u0105 one idealne dla dzieci cierpi\u0105cych na moczenie nocne. Pjama DryGuardians &#8211; Zestaw Bielizny i Alarmu &#8211; Slipy na enurez\u0119 nocn\u0105 nie absorbuje cieczy. Leczenie koncentruje si\u0119 na prze\u0142amaniu nawyku oddawania moczu w \u0142\u00f3\u017cku.  <\/p>\n<p>Pakiet zawiera:<\/p>\n<ul>\n<li>2 x Pjama DryGuardians Bielizna &#8211; Majtki<\/li>\n<li>1 x Pjama DryGuardians &#8211; Kompletny zestaw alarmowy (czujnik i modu\u0142 d\u017awi\u0119kowy)<\/li>\n<\/ul>\n<p>Wystarczy zatrzasn\u0105\u0107 czujnik na przedniej cz\u0119\u015bci majtek i uruchomi\u0107 alarm na moczenie nocne, aby rozpocz\u0105\u0107 leczenie! Umie\u015b\u0107 alarm na moczenie nocne obok \u0142\u00f3\u017cka.<br \/>\nJe\u015bli dziecko odda mocz, czu\u0142e wszyte przewody czujnika w majtkach terapeutycznych szybko zareaguj\u0105 i aktywuj\u0105 alarm. Dziecko mo\u017ce \u0142atwo zatrzyma\u0107 alarm, naciskaj\u0105c przycisk &#8222;ON\/OFF&#8221; na g\u00f3rze urz\u0105dzenia alarmowego, a nast\u0119pnie uda\u0107 si\u0119 do \u0142azienki, aby doko\u0144czy\u0107 oddawanie moczu.  <\/p>\n<p>Aby korzysta\u0107 z alarmu na moczenie nocne za pomoc\u0105 smartfona i uzyska\u0107 dost\u0119p do us\u0142ugi leczenia, nale\u017cy pobra\u0107 aplikacj\u0119 DryGuardians. Alarm automatycznie \u0142\u0105czy si\u0119 z aplikacj\u0105 DryGuardians, gdy jest ona otwarta na telefonie. <\/p>\n<h4 style=\"color: #072130;\">Piel\u0119gnacja czujnik\u00f3w<\/h4>\n<p><span style=\"font-weight: 400;\">Aby uzyska\u0107 najlepsz\u0105 wydajno\u015b\u0107, po u\u017cyciu nale\u017cy zawsze zdj\u0105\u0107 i wysuszy\u0107 czujnik.<\/span> <span style=\"font-weight: 400;\">Unikaj pozostawiania go przymocowanego do mokrej odzie\u017cy &#8211; pomaga to zapobiega\u0107 korozji i wyd\u0142u\u017ca \u017cywotno\u015b\u0107 baterii.<\/span><\/p>\n<h4 style=\"color: #072130;\">Cechy i zalety Pjama DryGuardians &#8211; Zestaw Bielizny i Alarmu &#8211; Slipy<\/h4>\n<ul>\n<li><strong>Skuteczne leczenie:<\/strong> Pomaga w przypadku moczenia nocnego u dzieci.<\/li>\n<li><strong>Zaprojektowany do stosowania na noc:<\/strong> U\u017cywaj smartfona i aplikacji DryGuardians do dyskretnego leczenia.<\/li>\n<li><strong>\u0141adowanie przez USB:<\/strong> Urz\u0105dzenie alarmowe mo\u017cna \u0142atwo \u0142adowa\u0107 za pomoc\u0105 \u0142adowarki USB.<\/li>\n<li><strong>System bezprzewodowy:<\/strong> Jednostk\u0119 alarmow\u0105 mo\u017cna umie\u015bci\u0107 w odleg\u0142o\u015bci do 10 metr\u00f3w od czujnika.<\/li>\n<li><strong>Powiadomienia dla rodzic\u00f3w:<\/strong> Po\u0142\u0105cz alarm na moczenie nocne z telefonem kom\u00f3rkowym rodzica, aby otrzymywa\u0107 powiadomienia o wyciekach.<\/li>\n<li><strong>Niezawodne wykrywanie:<\/strong> Du\u017cy obszar docelowy dostosowany do strumienia moczu.<\/li>\n<li><strong>Wygodne i mi\u0119kkie:<\/strong> Wykonane z wysokiej jako\u015bci tkanin z certyfikatem Oeko-Tex, kt\u00f3re s\u0105 bezpieczne i delikatne dla sk\u00f3ry dzieci.<\/li>\n<li><strong>Trwa\u0142o\u015b\u0107:<\/strong> Mo\u017cna pra\u0107 w pralce w temperaturze 60\u00b0C i suszy\u0107 w suszarce b\u0119bnowej.<\/li>\n<\/ul>\n<p><span style=\"color: #666666; font-size: 14px;\">Pami\u0119taj, aby od\u0142\u0105czy\u0107 czujnik Pjama do alarmu na moczenie nocne, gdy nie jest u\u017cywany i przed praniem.<\/span><\/p>\n<h4 style=\"color: #072130;\">Aplikacja DryGuardians i klinika leczenia moczenia nocnego<\/h4>\n<p>Dzi\u0119ki aplikacji DryGuardians mo\u017cna \u0142atwo \u015bledzi\u0107 post\u0119py w leczeniu moczenia nocnego i moczenia nocnego. DryGuardians zapewnia prognozy i zalecenia opracowane we wsp\u00f3\u0142pracy ze szwedzk\u0105 s\u0142u\u017cb\u0105 zdrowia, dostosowane do post\u0119p\u00f3w w leczeniu i zapewniaj\u0105ce optymalizacj\u0119 pod k\u0105tem konkretnej sytuacji. Rejestruj wszystkie wypadki i przegl\u0105daj trendy w czasie, co mo\u017ce pom\u00f3c Tobie lub Twojemu dziecku zachowa\u0107 motywacj\u0119. Zebrane informacje s\u0105 r\u00f3wnie\u017c cenne do udost\u0119pniania lekarzom, gdy potrzebne s\u0105 dalsze porady.   <\/p>\n<ul>\n<li>U\u017cyj aplikacji jako jednostki d\u017awi\u0119kowej dla alarmu na moczenie nocne i wybierz r\u00f3\u017cne sygna\u0142y alarmowe.<\/li>\n<li>Rejestruj nocne wyniki w kalendarzu, aby \u015bledzi\u0107 post\u0119py i otrzymywa\u0107 spersonalizowane wskaz\u00f3wki.<\/li>\n<li>Uzyskaj spersonalizowane porady i wsparcie podczas leczenia moczenia nocnego.<\/li>\n<li>Ustaw alarmy przypominaj\u0105ce Tobie lub Twojemu dziecku o konieczno\u015bci skorzystania z toalety w ci\u0105gu dnia.<\/li>\n<\/ul>\n<p>Aplikacj\u0119 DryGuardians mo\u017cna pobra\u0107 bezp\u0142atnie z <a href=\"https:\/\/play.google.com\/store\/apps\/details?id=com.pjama&amp;gl=gb&amp;hl=en\" target=\"_blank\" rel=\"noopener\">Google Play<\/a> lub <a href=\"https:\/\/apps.apple.com\/gb\/app\/pjama\/id1498084664?mt=8&amp;l=en\" target=\"_blank\" rel=\"noopener\">App Store<\/a>. Dowiedz si\u0119 wi\u0119cej o naszej klinice moczenia nocnego i o tym, jak mo\u017cemy pom\u00f3c Tobie lub Twojemu dziecku na naszej <a href=\"https:\/\/pjama.eu\/pl\/\">stronie internetowej<\/a>. <\/p>\n<h4 style=\"color: #072130;\">Proces leczenia &#8211; motywacja i cierpliwo\u015b\u0107 s\u0105 kluczowe<\/h4>\n<p>Leczenie moczenia nocnego wymaga motywacji i cierpliwo\u015bci, zw\u0142aszcza w pierwszych tygodniach. Zar\u00f3wno dla dzieci, jak i rodzic\u00f3w, wa\u017cne jest wyznaczanie realistycznych cel\u00f3w i \u015bwi\u0119towanie post\u0119p\u00f3w. Pami\u0119taj, \u017ce celem jest suche \u0142\u00f3\u017cko bez pomocy, a podr\u00f3\u017c mo\u017ce by\u0107 \u0142atwiejsza dzi\u0119ki narz\u0119dziom takim jak DryGuardians for Girls.  <\/p>\n<p>Jako rodzic mo\u017cesz motywowa\u0107 swoje dziecko, przekazuj\u0105c mu pozytywne informacje zwrotne i komplementy. Z pomoc\u0105 <em>aplikacji DryGuardians<\/em> mo\u017cna uzyska\u0107 wskaz\u00f3wki i porady dostosowane do post\u0119p\u00f3w leczenia. Jest to bezpieczna i skuteczna droga do lepszego codziennego \u017cycia dla dzieci i doros\u0142ych cierpi\u0105cych na moczenie nocne.  <\/p>\n<p>\u00a9 2024 Pjama.<\/p>\n","protected":false},"excerpt":{"rendered":"<h3>Pjama DryGuardians &#8211; Zestaw Bielizny i Alarmu &#8211; Slipy<\/h3>\n<p>Pjama DryGuardians &#8211; Zestaw Bielizny i Alarmu &#8211; Slipy to kompletna us\u0142uga, kt\u00f3ra zapewnia skuteczne i bezpieczne leczenie enurezy (moczenia nocnego).<\/p>\n<ul>\n<li>Zawiera 2 x Pjama DryGuardians &#8211; Bielizna &#8211; Majtki i 1 x Pjama DryGuardians Zestaw alarmowy przeciw moczeniu nocnemu (czujnik i jednostka d\u017awi\u0119kowa).<\/li>\n<li>Du\u017cy obszar docelowy zapewnia bezpieczn\u0105 i szybk\u0105 reakcj\u0119 na moczenie nocne.<\/li>\n<li>Mi\u0119kkie i wygodne jak zwyk\u0142a bielizna.<\/li>\n<li>Mo\u017cna pra\u0107 w pralce w temperaturze 60\u00b0C i suszy\u0107 w suszarce b\u0119bnowej.<\/li>\n<\/ul>\n<p>Pobierz aplikacj\u0119 DryGuardians, bezp\u0142atn\u0105 us\u0142ug\u0119 leczenia moczenia nocnego, ze sklepu <a href=\"https:\/\/play.google.com\/store\/apps\/details?id=com.pjama&amp;gl=gb&amp;hl=en\">Google Play<\/a> lub <a href=\"https:\/\/apps.apple.com\/gb\/app\/pjama\/id1498084664?mt=8&amp;l=en\">App Store<\/a>.<\/p>\n","protected":false},"featured_media":31191,"template":"","meta":{"_et_pb_use_builder":"off","_et_pb_old_content":"<h3>BEDWETTING ALARM WITH UNISEX BRIEFS UNDERWEAR- STARTER KIT<\/h3>\r\nPjama Bedwetting Alarm with Unisex Briefs Underwear-Starter Kit is a complete product for treatment of bedwetting. The Pjama Bedwetting Alarm also connects to smartphone. Download the app from <a href=\"https:\/\/play.google.com\/store\/apps\/details?id=com.pjama\">Google Play<\/a> or <a href=\"https:\/\/apps.apple.com\/us\/app\/pjama\/id1498084664\">App Store<\/a>.\r\n\r\nPjama Treatment Unisex Briefs underwear has sewn-in sensor threads, adapted for both boys and girls, to which you easily connect the Pjama Bedwetting Alarm. The Pjama Bedwetting Alarm includes 1 Pjama Sensor and 1 Pjama Speaker.\r\n\r\nFor treatment, you simply connect the Pjama Sensor to 2 small buttons by the waist of the Pjama Treatment Unisex Briefs underwear which in turn wirelessly communicates with the bedwetting alarm unit or your smartphone.\r\nSuitable for laundry in the washing machine at 60 degrees and tumble dry.\r\n\r\nWearing Pjama Treatment Unisex Briefs underwear are as nice as wearing any other underwear, while being able to connect to a sensitive bedwetting alarm system.\r\n<h4>The Product includes:<\/h4>\r\n2 x Pjama Treatment Unisecx Briefs Underwear\r\n1 x Pjama Bedwetting Alarm (Sensor and Speaker)\r\n<h4>MATERIAL<\/h4>\r\nThe Pjama Treatment Unisex Briefs are made of fabrics that are Oeko-Tex certified.\r\n<h4>WASHING<\/h4>\r\nWash and tumble dry product at maximum 60 degrees.\r\nPlease note that when you use Pjama Bedwetting Alarm with the product, be sure to snap off the small Pjama Sensor for Bedwetting Alarm connected to the briefs before washing.\r\n<h4>FOLLOW YOUR DEVELOPMENT WITH THE PJAMA APP AND PJAMA BEDWETTING CLINIC<\/h4>\r\nThe Pjama App includes several functionalities; you get access to the alarm function and can set different alarm signals, in the calendar you can log the progress and success, you can find general tips and advice to assist with the bedwetting treatment. It is also possible to set day alarms for the children who suffer from leakage even during the day. The Pjama app is free to download from <a href=\"https:\/\/play.google.com\/store\/apps\/details?id=com.pjama\">Google Play<\/a> or <a href=\"https:\/\/apps.apple.com\/us\/app\/pjama\/id1498084664\">App Store<\/a>.\r\n\r\nPjama Bedwetting Clinic gives you customized tips and advice during bedwetting treatment.\r\nDo not forget to record the outcome of the night in the Pjama App so that you can keep track of your, or your child's, progress.\r\n\r\nRead more about the Pjama App and <a href=\"https:\/\/pjama.eu\/bedwetting-clinic\/\">Bedwetting Clinic on our website.<\/a>\r\n<h4>TREATMENT IS A PROCESS WHERE MOTIVATION IS THE KEY<\/h4>\r\nPatience is the key! For a faster and long-term improvement, patience and motivation is needed. If you are a new Pjama user, it is good if you have your ultimate goal in mind - a dry bed without aids. If your end goal feels far away, you can set smaller goals along the way.\r\nAnd never forget that you will get through this!","_et_gb_content_width":""},"product_brand":[],"product_cat":[347,320,346,348],"product_tag":[],"class_list":{"0":"post-28987","1":"product","2":"type-product","3":"status-publish","4":"has-post-thumbnail","6":"product_cat-alarm-na-moczenie-nocne","7":"product_cat-dzieci","8":"product_cat-leczenie-pjama","9":"product_cat-pjamadryguardians_2025","10":"product_shipping_class-ue","11":"pa_size-maly","12":"pa_size-wiek-10-12-lat","13":"pa_size-wiek-5-6-lat","14":"pa_size-wiek-6-8-lat","15":"pa_size-wiek-8-10-lat","17":"first","18":"instock","19":"taxable","20":"shipping-taxable","21":"purchasable","22":"product-type-composite"},"composite_virtual":false,"composite_layout":"single","composite_add_to_cart_form_location":"default","composite_editable_in_cart":false,"composite_sold_individually_context":"product","composite_shop_price_calc":"min_max","composite_components":[{"id":"1743166762","title":"Alarm na moczenie nocne w Pjamie","description":"<p>Alarm na moczenie nocne z g\u0142o\u015bnikiem i czujnikiem.<\/p>\n","query_type":"product_ids","query_ids":[24642],"default_option_id":24642,"thumbnail_id":6376,"thumbnail_src":"https:\/\/pjama.eu\/wp-content\/uploads\/Pjama-alarm-600x400-1-300x300-1.jpeg","quantity_min":1,"quantity_max":1,"priced_individually":true,"shipped_individually":false,"optional":false,"discount":"","options_style":"dropdowns","pagination_style":"classic","display_prices":"absolute","show_sorting_options":false,"show_filtering_options":false,"attribute_filter_ids":[],"select_action":"view","product_title_visible":false,"product_descr_visible":false,"product_price_visible":true,"product_thumb_visible":true,"subtotal_visible_product":false,"subtotal_visible_cart":true,"subtotal_visible_orders":true},{"id":"1743166763","title":"Majtki dotycz\u0105ce leczenia","description":"<p>Bielizna lecznicza na moczenie nocne. Niepoch\u0142aniaj\u0105ce wilgoci. <\/p>\n","query_type":"product_ids","query_ids":[24675],"default_option_id":24675,"thumbnail_id":3729,"thumbnail_src":"https:\/\/pjama.eu\/wp-content\/uploads\/hipster-only.jpg","quantity_min":2,"quantity_max":6,"priced_individually":true,"shipped_individually":false,"optional":false,"discount":"","options_style":"dropdowns","pagination_style":"classic","display_prices":"absolute","show_sorting_options":false,"show_filtering_options":false,"attribute_filter_ids":[],"select_action":"view","product_title_visible":false,"product_descr_visible":false,"product_price_visible":true,"product_thumb_visible":true,"subtotal_visible_product":false,"subtotal_visible_cart":true,"subtotal_visible_orders":true}],"composite_scenarios":[],"_links":{"self":[{"href":"https:\/\/pjama.eu\/pl\/wp-json\/wp\/v2\/product\/28987","targetHints":{"allow":["GET"]}}],"collection":[{"href":"https:\/\/pjama.eu\/pl\/wp-json\/wp\/v2\/product"}],"about":[{"href":"https:\/\/pjama.eu\/pl\/wp-json\/wp\/v2\/types\/product"}],"wp:featuredmedia":[{"embeddable":true,"href":"https:\/\/pjama.eu\/pl\/wp-json\/wp\/v2\/media\/31191"}],"wp:attachment":[{"href":"https:\/\/pjama.eu\/pl\/wp-json\/wp\/v2\/media?parent=28987"}],"wp:term":[{"taxonomy":"product_brand","embeddable":true,"href":"https:\/\/pjama.eu\/pl\/wp-json\/wp\/v2\/product_brand?post=28987"},{"taxonomy":"product_cat","embeddable":true,"href":"https:\/\/pjama.eu\/pl\/wp-json\/wp\/v2\/product_cat?post=28987"},{"taxonomy":"product_tag","embeddable":true,"href":"https:\/\/pjama.eu\/pl\/wp-json\/wp\/v2\/product_tag?post=28987"}],"curies":[{"name":"wp","href":"https:\/\/api.w.org\/{rel}","templated":true}]}}