{"id":28988,"date":"2021-02-01T11:59:38","date_gmt":"2021-02-01T10:59:38","guid":{"rendered":"https:\/\/pjama.eu\/product\/pjama-dryguardians-zestaw-bielizny-i-alarmu-bokserki\/"},"modified":"2026-04-14T11:33:18","modified_gmt":"2026-04-14T09:33:18","slug":"pjama-dryguardians-zestaw-bielizny-i-alarmu-bokserki","status":"publish","type":"product","link":"https:\/\/pjama.eu\/pl\/produkt\/pjama-dryguardians-zestaw-bielizny-i-alarmu-bokserki\/","title":{"rendered":"Pjama DryGuardians &#8211; Zestaw Bielizny i Alarmu &#8211; Bokserki"},"content":{"rendered":"<h3 style=\"color: #d35917;\">Pjama DryGuardians &#8211; Zestaw Bielizny i Alarmu &#8211; Bokserki &#8211; Skuteczny Alarm na moczenie nocne dla Ch\u0142opc\u00f3w<\/h3>\n<p>Pjama DryGuardians &#8211; Zestaw Bielizny i Alarmu &#8211; Bokserki to idealne rozwi\u0105zanie dla ch\u0142opc\u00f3w cierpi\u0105cych na moczenie nocne (enurez\u0119 nocn\u0105). W po\u0142\u0105czeniu z nasz\u0105 aplikacj\u0105 DryGuardians, otrzymujesz skuteczne i wygodne leczenie moczenia nocnego. Ta bielizna na moczenie nocne ma wszyte nici z czujnikami, kt\u00f3re szybko wykrywaj\u0105 wilgo\u0107 i aktywuj\u0105 alarm na moczenie nocne, aby pom\u00f3c dziecku obudzi\u0107 si\u0119 i przesta\u0107 oddawa\u0107 mocz. Us\u0142uga leczenia DryGuardians analizuje moczenie nocne i zapewnia dostosowane do potrzeb wskaz\u00f3wki, porady i prognozy.   <\/p>\n<p>Pobierz aplikacj\u0119 DryGuardians z <a href=\"https:\/\/play.google.com\/store\/apps\/details?id=com.pjama&amp;hl=pl&amp;gl=PL\" target=\"_blank\" rel=\"noopener\">Google Play<\/a> lub <a href=\"https:\/\/apps.apple.com\/pl\/app\/dryguardians\/id1498084664\" target=\"_blank\" rel=\"noopener\">App Store<\/a>, aby \u015bledzi\u0107 post\u0119py i otrzymywa\u0107 spersonalizowane wskaz\u00f3wki podczas leczenia moczenia nocnego.<\/p>\n<h4 style=\"color: #072130;\">Cechy<\/h4>\n<p>Alarm na moczenie nocne zosta\u0142 zaprojektowany, aby pom\u00f3c zar\u00f3wno dzieciom, jak i doros\u0142ym z moczeniem nocnym i dzia\u0142a jako leczenie pierwszego rzutu w przypadku enurezy. Czujnik do\u0142\u0105czony do bielizny Pjama jest po\u0142\u0105czony z jednostk\u0105 alarmow\u0105, kt\u00f3ra jest aktywowana, gdy wykryje wilgo\u0107. Ten alarm na moczenie nocne dzia\u0142a poprzez natychmiastowe zatrzymanie moczenia nocnego, trenuj\u0105c m\u00f3zg, aby reagowa\u0142 na sygna\u0142y cia\u0142a.  <\/p>\n<p>Pjama DryGuardians &#8211; Zestaw Bielizny i Alarmu &#8211; Bokserki jest specjalnie zaprojektowany dla ch\u0142opi\u0119cej anatomii i docelowego obszaru strumienia moczu. Bokserki s\u0105 wyposa\u017cone w dwa ma\u0142e guziki w pasie, do kt\u00f3rych mo\u017cna \u0142atwo przymocowa\u0107 czujnik alarmu na moczenie nocne. Wszyte nici czujnika w okolicy krocza pozwalaj\u0105 systemowi alarmowemu \u0142atwo wykry\u0107 wilgo\u0107 i szybko aktywowa\u0107 alarm na moczenie nocne, skutecznie i bezpiecznie lecz\u0105c enurez\u0119 nocn\u0105.  <\/p>\n<p>Wszyte nici czujnika w Pjama DryGuardians Czujnik alarmowy &#8211; Zestaw Bielizny i Alarmu &#8211; Bokserki zwi\u0119kszaj\u0105 obszar docelowy i poprawiaj\u0105 dok\u0142adno\u015b\u0107 wykrywania. Oznacza to, \u017ce bez wzgl\u0119du na to, gdzie wyl\u0105duje mocz lub w jakiej pozycji dziecko \u015bpi, alarm bezpiecznie wykryje moczenie nocne. Mo\u017ce to by\u0107 szczeg\u00f3lnie cenne dla ch\u0142opc\u00f3w, poniewa\u017c obszar, w kt\u00f3rym mocz styka si\u0119 po raz pierwszy, cz\u0119sto si\u0119 zmienia.  <\/p>\n<h4 style=\"color: #072130;\">U\u017cycie<\/h4>\n<p>Noszenie bielizny Pjama DryGuardians &#8211; Boxers jest tak wygodne, jak noszenie zwyk\u0142ej bielizny, co czyni je idealnymi dla dzieci cierpi\u0105cych na moczenie nocne. Pjama DryGuardians &#8211; Zestaw Bielizny i Alarmu &#8211; Bokserki na moczenie nocne nie absorbuje cieczy. Leczenie koncentruje si\u0119 na prze\u0142amaniu nawyku oddawania moczu w \u0142\u00f3\u017cku.  <\/p>\n<p>Pakiet zawiera:<\/p>\n<ul>\n<li>2 x Pjama DryGuardians &#8211; Bielizna &#8211; Bokserki<\/li>\n<li>1 x Pjama DryGuardians Zestaw alarmowy przeciw moczeniu nocnemu (czujnik i modu\u0142 d\u017awi\u0119kowy)<\/li>\n<\/ul>\n<p>Wystarczy zatrzasn\u0105\u0107 czujnik na przednim pasku bielizny Pjama DryGuardians Czujnik alarmowy i mo\u017cna rozpocz\u0105\u0107 leczenie! Umie\u015b\u0107 alarm na moczenie nocne w pobli\u017cu \u0142\u00f3\u017cka.<br \/>\nJe\u015bli Ty lub Twoje dziecko zmoczycie \u0142\u00f3\u017cko, delikatne nici czujnika wszyte w bielizn\u0119 szybko aktywuj\u0105 alarm. Ty lub Twoje dziecko mo\u017cecie \u0142atwo zatrzyma\u0107 alarm, naciskaj\u0105c przycisk &#8222;ON\/OFF&#8221; na g\u00f3rze urz\u0105dzenia alarmowego, a nast\u0119pnie uda\u0107 si\u0119 do \u0142azienki, aby doko\u0144czy\u0107 oddawanie moczu.  <\/p>\n<p>Aby korzysta\u0107 z alarmu na moczenie nocne za pomoc\u0105 smartfona i wzi\u0105\u0107 udzia\u0142 w us\u0142udze leczenia, nale\u017cy pobra\u0107 aplikacj\u0119 DryGuardians. Alarm \u0142\u0105czy si\u0119 automatycznie z aplikacj\u0105 DryGuardians, gdy jest ona otwarta w telefonie. <\/p>\n<h4 style=\"color: #072130;\">Piel\u0119gnacja czujnik\u00f3w<\/h4>\n<p><span style=\"font-weight: 400;\">Aby uzyska\u0107 najlepsz\u0105 wydajno\u015b\u0107, po u\u017cyciu nale\u017cy zawsze zdj\u0105\u0107 i wysuszy\u0107 czujnik.<\/span><span style=\"font-weight: 400;\"><br \/>\n<\/span><span style=\"font-weight: 400;\">Unikaj pozostawiania go przymocowanego do mokrej odzie\u017cy &#8211; pomaga to zapobiega\u0107 korozji i wyd\u0142u\u017ca \u017cywotno\u015b\u0107 baterii.<\/span><\/p>\n<h4 style=\"color: #072130;\">Cechy i zalety Pjama DryGuardians &#8211; Zestaw Bielizny i Alarmu &#8211; Bokserki<\/h4>\n<ul>\n<li><strong>Skuteczne leczenie:<\/strong> Pomaga w przypadku moczenia nocnego u dzieci.<\/li>\n<li><strong>Dostosowany do nocnych pobyt\u00f3w:<\/strong> U\u017cyj smartfona i aplikacji DryGuardians do dyskretnego leczenia.<\/li>\n<li><strong>\u0141adowanie przez USB:<\/strong> Urz\u0105dzenie alarmowe mo\u017cna \u0142atwo \u0142adowa\u0107 za pomoc\u0105 \u0142adowarki USB.<\/li>\n<li><strong>System bezprzewodowy:<\/strong> Jednostk\u0119 alarmow\u0105 mo\u017cna umie\u015bci\u0107 w odleg\u0142o\u015bci do 10 metr\u00f3w od czujnika.<\/li>\n<li><strong>Powiadomienia dla rodzic\u00f3w:<\/strong> Pod\u0142\u0105cz alarm na moczenie nocne do telefonu kom\u00f3rkowego rodzica, aby otrzymywa\u0107 powiadomienia o wyciekach.<\/li>\n<li><strong>Bezpieczne wykrywanie:<\/strong> Du\u017cy obszar docelowy dostosowany do strumienia moczu.<\/li>\n<li><strong>Wygodne i mi\u0119kkie:<\/strong> Wykonane z wysokiej jako\u015bci tkanin z certyfikatem Oeko-Tex, kt\u00f3re s\u0105 bezpieczne i delikatne dla sk\u00f3ry dzieci.<\/li>\n<li><strong>Trwa\u0142o\u015b\u0107:<\/strong> Mo\u017cna pra\u0107 w temperaturze 60 stopni i suszy\u0107 w suszarce b\u0119bnowej.<\/li>\n<\/ul>\n<p><span style=\"color: #666666; font-size: 14px;\">Pami\u0119taj, aby od\u0142\u0105czy\u0107 czujnik alarmu na moczenie nocne od Pjamy, gdy nie jest u\u017cywany i przed praniem.<\/span><\/p>\n<h4 style=\"color: #072130;\">Aplikacja DryGuardians i klinika leczenia moczenia nocnego<\/h4>\n<p>Dzi\u0119ki aplikacji DryGuardians mo\u017cna \u0142atwo \u015bledzi\u0107 post\u0119py w leczeniu moczenia nocnego i moczenia nocnego. DryGuardians zapewnia prognozy i zalecenia opracowane wsp\u00f3lnie ze szwedzkim systemem opieki zdrowotnej, dostosowane do post\u0119p\u00f3w w leczeniu i zapewniaj\u0105ce jego optymalizacj\u0119 pod k\u0105tem konkretnych potrzeb i post\u0119p\u00f3w. Rejestruj wszystkie wypadki i obserwuj trendy w czasie, co mo\u017ce pom\u00f3c Tobie lub Twojemu dziecku zachowa\u0107 motywacj\u0119. Zebrane informacje s\u0105 r\u00f3wnie\u017c cenne do udost\u0119pnienia lekarzom, je\u015bli potrzebne s\u0105 dalsze porady.   <\/p>\n<ul>\n<li>U\u017cyj aplikacji jako jednostki d\u017awi\u0119kowej dla alarmu na moczenie nocne i wybierz r\u00f3\u017cne d\u017awi\u0119ki alarmu.<\/li>\n<li>Rejestruj nocne wyniki w kalendarzu, aby \u015bledzi\u0107 post\u0119py i otrzymywa\u0107 spersonalizowane wskaz\u00f3wki.<\/li>\n<li>Uzyskaj spersonalizowane porady i wsparcie podczas leczenia moczenia nocnego.<\/li>\n<li>Ustaw alarmy przypominaj\u0105ce o konieczno\u015bci skorzystania z toalety.<\/li>\n<\/ul>\n<p>Aplikacj\u0119 DryGuardians mo\u017cna pobra\u0107 bezp\u0142atnie z <a href=\"https:\/\/play.google.com\/store\/apps\/details?id=com.pjama&amp;hl=pl&amp;gl=PL\" target=\"_blank\" rel=\"noopener\">Google Play<\/a> lub <a href=\"https:\/\/apps.apple.com\/pl\/app\/dryguardians\/id1498084664\" target=\"_blank\" rel=\"noopener\">App Store<\/a>. Dowiedz si\u0119 wi\u0119cej o naszej klinice moczenia nocnego i o tym, jak mo\u017cemy pom\u00f3c Tobie lub Twojemu dziecku na naszej <a href=\"https:\/\/pjama.eu\/pl\/\">stronie internetowej<\/a>. <\/p>\n<h4 style=\"color: #072130;\">Proces leczenia &#8211; motywacja i cierpliwo\u015b\u0107 s\u0105 kluczowe<\/h4>\n<p>Leczenie moczenia nocnego wymaga motywacji i cierpliwo\u015bci, zw\u0142aszcza w pierwszych tygodniach. Zar\u00f3wno dla dzieci, jak i rodzic\u00f3w wa\u017cne jest wyznaczanie realistycznych cel\u00f3w i \u015bwi\u0119towanie post\u0119p\u00f3w. Pami\u0119taj, \u017ce celem jest suche \u0142\u00f3\u017cko bez pomocy, a droga do tego mo\u017ce by\u0107 \u0142atwiejsza dzi\u0119ki narz\u0119dziom takim jak DryGuardians for Boys. <\/p>\n<p>Jako rodzic mo\u017cesz motywowa\u0107 swoje dziecko, przekazuj\u0105c mu pozytywne informacje zwrotne i komplementy. Z pomoc\u0105 <em>aplikacji DryGuardians<\/em> mo\u017cna otrzymywa\u0107 wskaz\u00f3wki i porady dostosowane do post\u0119p\u00f3w w leczeniu. Jest to bezpieczny i skuteczny spos\u00f3b na popraw\u0119 codziennego \u017cycia dzieci i doros\u0142ych cierpi\u0105cych na moczenie nocne.  <\/p>\n<p>\u00a9 2024 Pjama.<\/p>\n","protected":false},"excerpt":{"rendered":"<h3>Pjama DryGuardians &#8211; Zestaw Bielizny i Alarmu &#8211; Bokserki<\/h3>\n<p>Pjama DryGuardians &#8211; Zestaw Bielizny i Alarmu &#8211; Bokserki to kompleksowa us\u0142uga umo\u017cliwiaj\u0105ca skuteczne i bezpieczne leczenie enurezy (moczenia nocnego).<\/p>\n<ul>\n<li>Zawiera 2 x Pjama DryGuardians Bielizna &#8211; Bokserki i 1 x Pjama DryGuardians Czujnik alarmowy na moczenie nocne (czujnik i jednostka d\u017awi\u0119kowa).<\/li>\n<li>Du\u017cy obszar docelowy zapewnia szybk\u0105 i bezpieczn\u0105 reakcj\u0119 na moczenie nocne.<\/li>\n<li>Mi\u0119kkie i wygodne jak zwyk\u0142e bokserki.<\/li>\n<li>Mo\u017cna pra\u0107 w pralce w temperaturze 60\u00b0C i suszy\u0107 w suszarce b\u0119bnowej.<\/li>\n<\/ul>\n<p>Pobierz aplikacj\u0119 DryGuardians, bezp\u0142atn\u0105 us\u0142ug\u0119 leczenia dla os\u00f3b mocz\u0105cych si\u0119 w \u0142\u00f3\u017cku, ze sklepu <a href=\"https:\/\/play.google.com\/store\/apps\/details?id=com.pjama&amp;hl=pl&amp;gl=PL\">Google Play<\/a> lub <a href=\"https:\/\/apps.apple.com\/pl\/app\/dryguardians\/id1498084664\" target=\"_blank\" rel=\"noopener\">App Store<\/a>.<\/p>\n","protected":false},"featured_media":31159,"template":"","meta":{"_et_pb_use_builder":"","_et_pb_old_content":"","_et_gb_content_width":""},"product_brand":[],"product_cat":[347,320,346,348],"product_tag":[],"class_list":{"0":"post-28988","1":"product","2":"type-product","3":"status-publish","4":"has-post-thumbnail","6":"product_cat-alarm-na-moczenie-nocne","7":"product_cat-dzieci","8":"product_cat-leczenie-pjama","9":"product_cat-pjamadryguardians_2025","10":"product_shipping_class-ue","11":"pa_size-maly","12":"pa_size-wiek-10-12-lat","13":"pa_size-wiek-5-6-lat","14":"pa_size-wiek-6-8-lat","15":"pa_size-wiek-8-10-lat","17":"first","18":"instock","19":"taxable","20":"shipping-taxable","21":"purchasable","22":"product-type-composite"},"composite_virtual":false,"composite_layout":"single","composite_add_to_cart_form_location":"default","composite_editable_in_cart":false,"composite_sold_individually_context":"product","composite_shop_price_calc":"min_max","composite_components":[{"id":"1743167486","title":"Alarm na moczenie nocne w Pjamie","description":"<p>Alarm na moczenie nocne z g\u0142o\u015bnikiem i czujnikiem.  <\/p>\n","query_type":"product_ids","query_ids":[24642],"default_option_id":24642,"thumbnail_id":6376,"thumbnail_src":"https:\/\/pjama.eu\/wp-content\/uploads\/Pjama-alarm-600x400-1-300x300-1.jpeg","quantity_min":1,"quantity_max":1,"priced_individually":true,"shipped_individually":false,"optional":false,"discount":"","options_style":"dropdowns","pagination_style":"classic","display_prices":"absolute","show_sorting_options":false,"show_filtering_options":false,"attribute_filter_ids":[],"select_action":"view","product_title_visible":false,"product_descr_visible":false,"product_price_visible":true,"product_thumb_visible":true,"subtotal_visible_product":false,"subtotal_visible_cart":true,"subtotal_visible_orders":true},{"id":"1743167487","title":"Bokserki Treatment","description":"<p>Bokserki do leczenia moczenia nocnego. Niepoch\u0142aniaj\u0105ce wilgoci. <\/p>\n","query_type":"product_ids","query_ids":[24910],"default_option_id":24910,"thumbnail_id":3726,"thumbnail_src":"https:\/\/pjama.eu\/wp-content\/uploads\/Boxer-underwear.jpg","quantity_min":2,"quantity_max":9,"priced_individually":true,"shipped_individually":false,"optional":false,"discount":"","options_style":"dropdowns","pagination_style":"classic","display_prices":"absolute","show_sorting_options":false,"show_filtering_options":false,"attribute_filter_ids":[],"select_action":"view","product_title_visible":false,"product_descr_visible":false,"product_price_visible":true,"product_thumb_visible":true,"subtotal_visible_product":false,"subtotal_visible_cart":true,"subtotal_visible_orders":true}],"composite_scenarios":[],"_links":{"self":[{"href":"https:\/\/pjama.eu\/pl\/wp-json\/wp\/v2\/product\/28988","targetHints":{"allow":["GET"]}}],"collection":[{"href":"https:\/\/pjama.eu\/pl\/wp-json\/wp\/v2\/product"}],"about":[{"href":"https:\/\/pjama.eu\/pl\/wp-json\/wp\/v2\/types\/product"}],"wp:featuredmedia":[{"embeddable":true,"href":"https:\/\/pjama.eu\/pl\/wp-json\/wp\/v2\/media\/31159"}],"wp:attachment":[{"href":"https:\/\/pjama.eu\/pl\/wp-json\/wp\/v2\/media?parent=28988"}],"wp:term":[{"taxonomy":"product_brand","embeddable":true,"href":"https:\/\/pjama.eu\/pl\/wp-json\/wp\/v2\/product_brand?post=28988"},{"taxonomy":"product_cat","embeddable":true,"href":"https:\/\/pjama.eu\/pl\/wp-json\/wp\/v2\/product_cat?post=28988"},{"taxonomy":"product_tag","embeddable":true,"href":"https:\/\/pjama.eu\/pl\/wp-json\/wp\/v2\/product_tag?post=28988"}],"curies":[{"name":"wp","href":"https:\/\/api.w.org\/{rel}","templated":true}]}}