{"id":31034,"date":"2026-02-20T19:01:38","date_gmt":"2026-02-20T18:01:38","guid":{"rendered":"https:\/\/pjama.eu\/?post_type=product&#038;p=31034"},"modified":"2026-03-11T06:30:25","modified_gmt":"2026-03-11T05:30:25","slug":"pjama-dryguardians-zestaw-bielizny-i-alarmu-bokserki-copy","status":"publish","type":"product","link":"https:\/\/pjama.eu\/pl\/produkt\/pjama-dryguardians-zestaw-bielizny-i-alarmu-bokserki-copy\/","title":{"rendered":"Alarm na moczenie nocne DryGuardians &#8211; standardowy"},"content":{"rendered":"<h2>DryGuardians Bedwetting Alarm Standard &#8211; Kompletny zestaw alarmu na moczenie nocne zapewniaj\u0105cy niezawodne leczenie<\/h2>\n<p><strong>DryGuardians Bedwetting Alarm Standard<\/strong> to uporz\u0105dkowane i niezawodne rozwi\u0105zanie dla rodzin poszukuj\u0105cych skutecznego sposobu radzenia sobie z moczeniem nocnym. Ten standardowy zestaw alarmu na moczenie nocne \u0142\u0105czy w sobie zaawansowan\u0105 technologi\u0119 alarmow\u0105 z dwiema parami bielizny wyposa\u017conej w czujniki, zapewniaj\u0105c dziecku sp\u00f3jno\u015b\u0107 i komfort niezb\u0119dne do skutecznego leczenia. Zaprojektowana do codziennego u\u017cytku, wersja Standard zapewnia wszystko, co niezb\u0119dne do rozpocz\u0119cia bezpiecznego i praktycznego leczenia moczenia nocnego w domu.  <\/p>\n<p>Pobierz aplikacj\u0119 DryGuardians z <a href=\"https:\/\/play.google.com\/store\/apps\/details?id=com.pjama&amp;hl=pl&amp;gl=PL\" target=\"_blank\" rel=\"noopener\">Google Play<\/a> lub <a href=\"https:\/\/apps.apple.com\/pl\/app\/dryguardians\/id1498084664\" target=\"_blank\" rel=\"noopener\">App Store<\/a>, aby \u015bledzi\u0107 post\u0119py i otrzymywa\u0107 spersonalizowane wskaz\u00f3wki podczas leczenia moczenia nocnego.<\/p>\n<h3>Cechy alarmu na moczenie nocne Standard<\/h3>\n<p>Standardowy system alarmu na moczenie nocne zosta\u0142 opracowany w celu wspierania dzieci do\u015bwiadczaj\u0105cych moczenia nocnego i wypadk\u00f3w z oddawaniem moczu w nocy. Dzia\u0142a jako ustrukturyzowany system alarmowy moczenia nocnego, kt\u00f3ry pomaga m\u00f3zgowi stopniowo reagowa\u0107 na sygna\u0142y cia\u0142a podczas snu. <\/p>\n<p>Czujnik mocuje si\u0119 do bielizny DryGuardians i \u0142\u0105czy bezprzewodowo z jednostk\u0105 alarmow\u0105. Po wykryciu wilgoci alarm czujnika wilgoci aktywuje si\u0119 natychmiast, pomagaj\u0105c dziecku obudzi\u0107 si\u0119 i p\u00f3j\u015b\u0107 do \u0142azienki. <\/p>\n<p>Metoda ta koncentruje si\u0119 na budowaniu \u015bwiadomo\u015bci i wspieraniu d\u0142ugotrwa\u0142ych suchych nocy poprzez konsekwencj\u0119 i rutyn\u0119.<\/p>\n<h3>Dlaczego warto wybra\u0107 wersj\u0119 standardow\u0105?<\/h3>\n<p>Zestaw standardowy zawiera:<\/p>\n<ul>\n<li><strong>2 x bielizna DryGuardians<\/strong> (bokserki lub majtki)<\/li>\n<li><strong>1 x Alarm na moczenie nocne DryGuardians<\/strong> (czujnik + modu\u0142 d\u017awi\u0119kowy)<\/li>\n<\/ul>\n<p>Posiadanie dw\u00f3ch par bielizny zabiegowej zapewnia:<\/p>\n<ul>\n<li>\u0141atwa rotacja higieny<\/li>\n<li>Ci\u0105g\u0142a obr\u00f3bka nawet podczas cykli prania<\/li>\n<li>Wi\u0119ksza wygoda dla zapracowanych rodzin<\/li>\n<li>Lepsza d\u0142ugoterminowa warto\u015b\u0107 w por\u00f3wnaniu do rozwi\u0105za\u0144 z pojedyncz\u0105 odzie\u017c\u0105<\/li>\n<\/ul>\n<p>Standardowy zestaw alarmu na moczenie nocne jest idealny dla rodzin, kt\u00f3re potrzebuj\u0105 kompletnego, praktycznego systemu bez zb\u0119dnej z\u0142o\u017cono\u015bci.<\/p>\n<h3>Zaprojektowany do dok\u0142adnego i niezawodnego wykrywania<\/h3>\n<p>Bielizna DryGuardians jest wyposa\u017cona w nici czujnika wszyte w obszarze docelowym. Nici te zwi\u0119kszaj\u0105 powierzchni\u0119 wykrywania, umo\u017cliwiaj\u0105c alarmowi enurezy szybk\u0105 i niezawodn\u0105 reakcj\u0119. <\/p>\n<p>Bez wzgl\u0119du na pozycj\u0119 dziecka podczas snu, alarm z czujnikiem wilgoci mo\u017ce wykry\u0107 wczesne oznaki moczenia nocnego i aktywowa\u0107 jednostk\u0119 alarmow\u0105. Ta natychmiastowa informacja zwrotna wspomaga proces uczenia si\u0119 i pomaga z czasem ograniczy\u0107 powtarzaj\u0105ce si\u0119 wypadki z moczem w nocy. <\/p>\n<p>Dost\u0119pne s\u0105 zar\u00f3wno bokserki, jak i majtki, co pozwala wybra\u0107 kr\u00f3j, kt\u00f3ry jest najbardziej naturalny i wygodny dla dziecka.<\/p>\n<h3>U\u017cytkowanie &#8211; proste i przyjazne dla dzieci<\/h3>\n<p>Nosz\u0105c bielizn\u0119 DryGuardians czujesz si\u0119 jak w zwyk\u0142ej bieli\u017anie. Odzie\u017c jest mi\u0119kka, dyskretna i wykonana z tkanin z certyfikatem Oeko-Tex, kt\u00f3re s\u0105 delikatne dla sk\u00f3ry dzieci. <\/p>\n<p>Bielizna nie wch\u0142ania p\u0142yn\u00f3w. Zamiast tego nacisk k\u0142adziony jest na prze\u0142amanie wzorca moczenia nocnego poprzez trening oparty na alarmach. <\/p>\n<h3>Jak u\u017cywa\u0107 alarmu na moczenie nocne Standard:<\/h3>\n<ol>\n<li>Zatrza\u015bnij czujnik na przyciskach paska.<\/li>\n<li>Umie\u015b\u0107 urz\u0105dzenie alarmowe w pobli\u017cu \u0142\u00f3\u017cka (w odleg\u0142o\u015bci do 10 metr\u00f3w).<\/li>\n<li>W\u0142\u0105cz alarm przed snem.<\/li>\n<li>W przypadku wykrycia wilgoci aktywuje si\u0119 alarm.<\/li>\n<li>Dziecko wy\u0142\u0105cza alarm i idzie do \u0142azienki.<\/li>\n<\/ol>\n<p>G\u0142o\u015bnik alarmowy mo\u017cna \u0142adowa\u0107 przez USB, a czujnik mo\u017ce r\u00f3wnie\u017c \u0142\u0105czy\u0107 si\u0119 z aplikacj\u0105 DryGuardians w celu uzyskania dodatkowego wsparcia.<\/p>\n<h3>Piel\u0119gnacja czujnik\u00f3w<\/h3>\n<p><span style=\"font-weight: 400;\">Aby uzyska\u0107 najlepsz\u0105 wydajno\u015b\u0107, po u\u017cyciu nale\u017cy zawsze zdj\u0105\u0107 i wysuszy\u0107 czujnik.<\/span><span style=\"font-weight: 400;\"><br \/>\n<\/span><span style=\"font-weight: 400;\">Unikaj pozostawiania go przymocowanego do mokrej odzie\u017cy &#8211; pomaga to zapobiega\u0107 korozji i wyd\u0142u\u017ca \u017cywotno\u015b\u0107 baterii.<\/span><\/p>\n<h3>Cechy i zalety alarmu na moczenie nocne DryGuardians Standard<\/h3>\n<ul>\n<li>Zorganizowany i skuteczny system leczenia moczenia nocnego<\/li>\n<li>Technologia bezprzewodowego alarmu z czujnikiem wilgoci<\/li>\n<li>Dwie pary bielizny dla higieny i rotacji<\/li>\n<li>Du\u017cy obszar wykrywania zapewnia dok\u0142adn\u0105 reakcj\u0119<\/li>\n<li>Mi\u0119kkie, wygodne materia\u0142y<\/li>\n<li>Mo\u017cna pra\u0107 w pralce w temperaturze 60\u00b0C i suszy\u0107 w suszarce b\u0119bnowej<\/li>\n<li>G\u0142o\u015bnik alarmowy \u0142adowany przez USB<\/li>\n<li>\u0141\u0105czno\u015b\u0107 z aplikacj\u0105 do \u015bledzenia post\u0119p\u00f3w<\/li>\n<li>Wspiera pewno\u015b\u0107 siebie i niezale\u017cno\u015b\u0107 dziecka<\/li>\n<\/ul>\n<p>To po\u0142\u0105czenie wygody, niezawodno\u015bci i praktycznego designu sprawia, \u017ce Alarm na moczenie nocne standard jest zaufanym wyborem dla rodzin radz\u0105cych sobie z moczeniem nocnym w domu.<\/p>\n<h2>Proces leczenia &#8211; konsekwencja buduje wyniki<\/h2>\n<p>Radzenie sobie z moczeniem nocnym wymaga cierpliwo\u015bci, zach\u0119ty i realistycznych oczekiwa\u0144. Pierwsze tygodnie mog\u0105 wymaga\u0107 dodatkowego wsparcia, ale konsekwentne korzystanie ze standardu Alarmu na moczenie nocne pomaga budowa\u0107 \u015bwiadomo\u015b\u0107 i nowe nawyki. <\/p>\n<ul>\n<li>Rodzice odgrywaj\u0105 wa\u017cn\u0105 rol\u0119 poprzez:<\/li>\n<li>Zapewnienie pozytywnego wzmocnienia<\/li>\n<li>Utrzymywanie regularnych rutynowych czynno\u015bci przed snem<\/li>\n<li>\u015awi\u0119towanie ma\u0142ych ulepsze\u0144<\/li>\n<\/ul>\n<p>Dzi\u0119ki strukturze i zach\u0119tom wiele rodzin osi\u0105ga sta\u0142y post\u0119p w kierunku suchych nocy.<\/p>\n<p>Aplikacj\u0119 DryGuardians mo\u017cna pobra\u0107 bezp\u0142atnie z <a href=\"https:\/\/play.google.com\/store\/apps\/details?id=com.pjama&amp;hl=pl&amp;gl=PL\" target=\"_blank\" rel=\"noopener\">Google Play<\/a> lub <a href=\"https:\/\/apps.apple.com\/pl\/app\/dryguardians\/id1498084664\" target=\"_blank\" rel=\"noopener\">App Store<\/a>. Dowiedz si\u0119 wi\u0119cej o naszej klinice moczenia nocnego i o tym, jak mo\u017cemy pom\u00f3c Tobie lub Twojemu dziecku na naszej <a href=\"https:\/\/pjama.eu\/pl\/\">stronie internetowej<\/a>. <\/p>\n<h3>Proces leczenia &#8211; motywacja i cierpliwo\u015b\u0107 s\u0105 kluczowe<\/h3>\n<p><strong>DryGuardians Bedwetting Alarm na moczenie nocne Standard<\/strong> oferuje praktyczne, kompletne rozwi\u0105zanie dla rodzin gotowych zrobi\u0107 kolejny krok w zarz\u0105dzaniu moczeniem nocnym. Dzi\u0119ki dw\u00f3m parom bielizny wyposa\u017conej w czujnik i niezawodnemu systemowi alarmu moczenia nocnego masz wszystko, czego potrzebujesz, aby zacz\u0105\u0107. <\/p>\n<p>Zam\u00f3w alarm na moczenie nocne ju\u017c dzi\u015b i wspieraj swoje dziecko na drodze do wi\u0119kszej pewno\u015bci siebie, niezale\u017cno\u015bci i spokojniejszych nocy.<\/p>\n<p>\u00a9 2024 Pjama.<\/p>\n","protected":false},"excerpt":{"rendered":"<h2>Alarm na moczenie nocne DryGuardians Standard<\/h2>\n<p>DryGuardians Bedwetting Alarm Standard to kompletne rozwi\u0105zanie do skutecznego leczenia moczenia nocnego w domu.<\/p>\n<p>Zawiera <strong>2 x bielizn\u0119 DryGuardians<\/strong> (bokserki lub majtki) i <strong>1 x alarm na moczenie nocne<\/strong> (czujnik + modu\u0142 d\u017awi\u0119kowy).<\/p>\n<ul>\n<li>Dwie pary dla \u0142atwej rotacji higieny<\/li>\n<li>Szybkie i niezawodne wykrywanie wilgoci<\/li>\n<li>Mi\u0119kkie i wygodne jak zwyk\u0142a bielizna<\/li>\n<li>Mo\u017cna pra\u0107 w pralce w temperaturze 60\u00b0C i suszy\u0107 w suszarce b\u0119bnowej<\/li>\n<\/ul>\n<p>Prosty, ustrukturyzowany spos\u00f3b wspierania suchych nocy i rosn\u0105cej pewno\u015bci siebie.<\/p>\n<p>Pobierz aplikacj\u0119 DryGuardians, bezp\u0142atn\u0105 us\u0142ug\u0119 leczenia dla os\u00f3b mocz\u0105cych si\u0119 w \u0142\u00f3\u017cku, ze sklepu <a href=\"https:\/\/play.google.com\/store\/apps\/details?id=com.pjama&amp;hl=pl&amp;gl=PL\">Google Play<\/a> lub <a href=\"https:\/\/apps.apple.com\/pl\/app\/dryguardians\/id1498084664\" target=\"_blank\" rel=\"noopener\">App Store<\/a>.<\/p>\n","protected":false},"featured_media":31113,"template":"","meta":{"_et_pb_use_builder":"","_et_pb_old_content":"","_et_gb_content_width":""},"product_brand":[],"product_cat":[347,320,346,348],"product_tag":[],"class_list":{"0":"post-31034","1":"product","2":"type-product","3":"status-publish","4":"has-post-thumbnail","6":"product_cat-alarm-na-moczenie-nocne","7":"product_cat-dzieci","8":"product_cat-leczenie-pjama","9":"product_cat-pjamadryguardians_2025","10":"product_shipping_class-ue","11":"pa_size-maly","12":"pa_size-wiek-10-12-lat","13":"pa_size-wiek-5-6-lat","14":"pa_size-wiek-6-8-lat","15":"pa_size-wiek-8-10-lat","17":"first","18":"instock","19":"sold-individually","20":"taxable","21":"shipping-taxable","22":"purchasable","23":"product-type-composite"},"composite_virtual":false,"composite_layout":"single","composite_add_to_cart_form_location":"default","composite_editable_in_cart":false,"composite_sold_individually_context":"product","composite_shop_price_calc":"min_max","composite_components":[{"id":"1743167486","title":"Alarm na moczenie nocne w Pjamie","description":"<p>Alarm na moczenie nocne z g\u0142o\u015bnikiem i czujnikiem.  <\/p>\n","query_type":"product_ids","query_ids":[24642],"default_option_id":24642,"thumbnail_id":6376,"thumbnail_src":"https:\/\/pjama.eu\/wp-content\/uploads\/Pjama-alarm-600x400-1-300x300-1.jpeg","quantity_min":1,"quantity_max":1,"priced_individually":true,"shipped_individually":false,"optional":false,"discount":"","options_style":"dropdowns","pagination_style":"classic","display_prices":"absolute","show_sorting_options":false,"show_filtering_options":false,"attribute_filter_ids":[],"select_action":"view","product_title_visible":false,"product_descr_visible":false,"product_price_visible":true,"product_thumb_visible":true,"subtotal_visible_product":false,"subtotal_visible_cart":true,"subtotal_visible_orders":true},{"id":"1773136716","title":"Wybierz rodzaj bielizny  ","description":"<p>Wybierz bielizn\u0119 u\u017cywan\u0105 z alarmem leczenia.<\/p>\n","query_type":"product_ids","query_ids":[24910,24675],"default_option_id":"","thumbnail_id":30715,"thumbnail_src":"https:\/\/pjama.eu\/wp-content\/uploads\/Pjama_boxers_and_briefs.jpg","quantity_min":2,"quantity_max":6,"priced_individually":true,"shipped_individually":false,"optional":false,"discount":"","options_style":"dropdowns","pagination_style":"classic","display_prices":"absolute","show_sorting_options":false,"show_filtering_options":false,"attribute_filter_ids":[],"select_action":"view","product_title_visible":false,"product_descr_visible":false,"product_price_visible":true,"product_thumb_visible":true,"subtotal_visible_product":false,"subtotal_visible_cart":true,"subtotal_visible_orders":true}],"composite_scenarios":[{"id":"1773136717","name":"Show Boxer size \/ hide Briefs size","description":"","configuration":[{"component_id":"1773136716","options_modifier":"in","component_options":[24910]}],"actions":[{"action_id":"compat_group","is_active":false},{"action_id":"conditional_components","is_active":true,"hidden_components":[]},{"action_id":"conditional_options","is_active":false,"hidden_options":[]}],"enabled":true},{"id":"1773137216","name":"Show Briefs size \/ hide Boxer size","description":"","configuration":[{"component_id":"1773136716","options_modifier":"in","component_options":[24675]}],"actions":[{"action_id":"compat_group","is_active":false},{"action_id":"conditional_components","is_active":true,"hidden_components":[]},{"action_id":"conditional_options","is_active":false,"hidden_options":[]}],"enabled":true}],"_links":{"self":[{"href":"https:\/\/pjama.eu\/pl\/wp-json\/wp\/v2\/product\/31034","targetHints":{"allow":["GET"]}}],"collection":[{"href":"https:\/\/pjama.eu\/pl\/wp-json\/wp\/v2\/product"}],"about":[{"href":"https:\/\/pjama.eu\/pl\/wp-json\/wp\/v2\/types\/product"}],"wp:featuredmedia":[{"embeddable":true,"href":"https:\/\/pjama.eu\/pl\/wp-json\/wp\/v2\/media\/31113"}],"wp:attachment":[{"href":"https:\/\/pjama.eu\/pl\/wp-json\/wp\/v2\/media?parent=31034"}],"wp:term":[{"taxonomy":"product_brand","embeddable":true,"href":"https:\/\/pjama.eu\/pl\/wp-json\/wp\/v2\/product_brand?post=31034"},{"taxonomy":"product_cat","embeddable":true,"href":"https:\/\/pjama.eu\/pl\/wp-json\/wp\/v2\/product_cat?post=31034"},{"taxonomy":"product_tag","embeddable":true,"href":"https:\/\/pjama.eu\/pl\/wp-json\/wp\/v2\/product_tag?post=31034"}],"curies":[{"name":"wp","href":"https:\/\/api.w.org\/{rel}","templated":true}]}}