{"id":31068,"date":"2026-02-20T19:39:13","date_gmt":"2026-02-20T18:39:13","guid":{"rendered":"https:\/\/pjama.eu\/?post_type=product&#038;p=31068"},"modified":"2026-03-11T07:20:00","modified_gmt":"2026-03-11T06:20:00","slug":"pjama-dryguardians-zestaw-bielizny-i-alarmu-bokserki-copy-copy","status":"publish","type":"product","link":"https:\/\/pjama.eu\/pl\/produkt\/pjama-dryguardians-zestaw-bielizny-i-alarmu-bokserki-copy-copy\/","title":{"rendered":"Alarm na moczenie nocne DryGuardians &#8211; Premium"},"content":{"rendered":"<h2>DryGuardians Bedwetting Alarm Premium &#8211; Kompletny zestaw do skutecznego leczenia moczenia nocnego.<\/h2>\n<p>DryGuardians Bedwetting Alarm Premium to nasze najbardziej kompletne i wygodne rozwi\u0105zanie dla rodzin poszukuj\u0105cych skutecznej metody leczenia moczenia nocnego. Ten starannie zaprojektowany zestaw \u0142\u0105czy zaawansowan\u0105 technologi\u0119 alarmu z dodatkow\u0105 bielizn\u0105 i ochronnymi szortami na noc, daj\u0105c rodzicom wszystko, czego potrzebuj\u0105, aby pewnie i konsekwentnie radzi\u0107 sobie z moczeniem nocnym.<br \/>\nJe\u015bli Twoje dziecko zmaga si\u0119 z moczeniem nocnym lub wypadkami z moczem w nocy, ten pakiet Premium alarmu na moczenie nocne zapewnia struktur\u0119, wygod\u0119 i d\u0142ugoterminow\u0105 warto\u015b\u0107 w jednym kompleksowym systemie.<br \/>\nPobierz aplikacj\u0119 DryGuardians z <a href=\"https:\/\/play.google.com\/store\/apps\/details?id=com.pjama&amp;hl=pl&amp;gl=PL\" target=\"_blank\" rel=\"noopener\">Google Play<\/a> lub <a href=\"https:\/\/apps.apple.com\/pl\/app\/dryguardians\/id1498084664\" target=\"_blank\" rel=\"noopener\">App Store<\/a>, aby \u015bledzi\u0107 post\u0119py i otrzymywa\u0107 spersonalizowane wskaz\u00f3wki podczas ca\u0142ej podr\u00f3\u017cy leczenia. <\/p>\n<h3>Co sprawia, \u017ce ten alarm na moczenie nocne jest rozwi\u0105zaniem Premium?<\/h3>\n<p>Wersja Premium jest przeznaczona dla rodzin, kt\u00f3re chc\u0105 wi\u0119kszej elastyczno\u015bci, lepszej rotacji higieny i dodatkowej ochrony podczas leczenia.<\/p>\n<h4>Zestaw Premium zawiera:<\/h4>\n<ul>\n<li><strong>2 pary bielizny DryGuardians<\/strong> (do wyboru bokserki lub majtki)<\/li>\n<li><strong>1 Alarm na moczenie nocne DryGuardians<\/strong> (czujnik + modu\u0142 d\u017awi\u0119kowy)<\/li>\n<li><strong>1 para spodenek absorbuj\u0105cych leczenie<\/strong><\/li>\n<\/ul>\n<p>Ten rozszerzony zestaw oferuje bardziej kompletne rozwi\u0105zanie ni\u017c standardowy zestaw alarmowy na moczenie nocne. Dzi\u0119ki dw\u00f3m parom bielizny wyposa\u017conej w nici sensoryczne, dziecko zawsze ma \u015bwie\u017c\u0105 par\u0119 gotow\u0105 do u\u017cycia, podczas gdy druga jest prana. Spodenki poch\u0142aniaj\u0105ce wilgo\u0107 zapewniaj\u0105 dodatkow\u0105 ochron\u0119 w \u0142\u00f3\u017cku, dzi\u0119ki czemu nocna kontrola jest \u0142atwiejsza i bardziej praktyczna.  <\/p>\n<h3>Jak dzia\u0142a Alarm na moczenie nocne Premium?<\/h3>\n<p>DryGuardians Bedwetting Alarm Premium dzia\u0142a jako zalecane klinicznie podej\u015bcie pierwszego rzutu w przypadku moczenia nocnego i enurezy nocnej. System dzia\u0142a, pomagaj\u0105c m\u00f3zgowi nauczy\u0107 si\u0119 reagowa\u0107 na sygna\u0142y z p\u0119cherza podczas snu. <\/p>\n<h4>Proces krok po kroku:<\/h4>\n<ol>\n<li>Nici czujnika wszyte w bielizn\u0119 lub spodenki zabiegowe natychmiast wykrywaj\u0105 wilgo\u0107.<\/li>\n<li>Bezprzewodowy czujnik wilgotno\u015bci przymocowany do odzie\u017cy wysy\u0142a sygna\u0142 do jednostki alarmowej.<\/li>\n<li>Alarm aktywuje si\u0119 i budzi dziecko.<\/li>\n<li>Dziecko idzie do \u0142azienki, aby doko\u0144czy\u0107 oddawanie moczu.<\/li>\n<li>Od\u0142\u0105czy\u0107 czujnik, w razie potrzeby wytrze\u0107<\/li>\n<li>Z biegiem czasu m\u00f3zg uczy si\u0119 reagowa\u0107 przed wyst\u0105pieniem wypadk\u00f3w moczowych w nocy.<\/li>\n<\/ol>\n<p>Wbudowane nici czujnika tworz\u0105 du\u017cy obszar wykrywania, zapewniaj\u0105c dok\u0142adn\u0105 reakcj\u0119 niezale\u017cnie od pozycji spania. Dzi\u0119ki temu system Premium Alarm na moczenie nocne jest niezawodny zar\u00f3wno dla ch\u0142opc\u00f3w, jak i dziewczynek. <\/p>\n<h4>Piel\u0119gnacja czujnik\u00f3w<\/h4>\n<p><span style=\"font-weight: 400;\">Aby uzyska\u0107 najlepsz\u0105 wydajno\u015b\u0107, po u\u017cyciu nale\u017cy zawsze zdj\u0105\u0107 i wysuszy\u0107 czujnik.<\/span><span style=\"font-weight: 400;\"><br \/>\n<\/span><span style=\"font-weight: 400;\">Unikaj pozostawiania go przymocowanego do mokrej odzie\u017cy &#8211; pomaga to zapobiega\u0107 korozji i wyd\u0142u\u017ca \u017cywotno\u015b\u0107 baterii.<\/span><\/p>\n<h4>Zaprojektowany z my\u015bl\u0105 o komforcie, pewno\u015bci siebie i codziennym \u017cyciu<\/h4>\n<p>Dzieci maj\u0105 wi\u0119ksze szanse na powodzenie leczenia, gdy czuj\u0105 si\u0119 normalnie i komfortowo. Dlatego ka\u017cda odzie\u017c w tym zestawie premium Alarm na moczenie nocne jest wykonana z mi\u0119kkich tkanin, kt\u00f3re s\u0105 delikatne dla wra\u017cliwej sk\u00f3ry. <\/p>\n<ul>\n<li><strong>Skuteczne leczenie:<\/strong> Pomaga w przypadku moczenia nocnego u dzieci.<\/li>\n<li><strong>Dostosowany do nocnych pobyt\u00f3w:<\/strong> U\u017cyj smartfona i aplikacji DryGuardians do dyskretnego leczenia.<\/li>\n<li><strong>\u0141adowanie przez USB:<\/strong> Urz\u0105dzenie alarmowe mo\u017cna \u0142atwo \u0142adowa\u0107 za pomoc\u0105 \u0142adowarki USB.<\/li>\n<li><strong>System bezprzewodowy:<\/strong> Jednostk\u0119 alarmow\u0105 mo\u017cna umie\u015bci\u0107 w odleg\u0142o\u015bci do 10 metr\u00f3w od czujnika.<\/li>\n<li><strong>Powiadomienia dla rodzic\u00f3w:<\/strong> Pod\u0142\u0105cz alarm na moczenie nocne do telefonu kom\u00f3rkowego rodzica, aby otrzymywa\u0107 powiadomienia o wyciekach.<\/li>\n<li><strong>Bezpieczne wykrywanie:<\/strong> Du\u017cy obszar docelowy dostosowany do strumienia moczu.<\/li>\n<li><strong>Wygodne i mi\u0119kkie:<\/strong> Wykonane z wysokiej jako\u015bci tkanin z certyfikatem Oeko-Tex, kt\u00f3re s\u0105 bezpieczne i delikatne dla sk\u00f3ry dzieci.<\/li>\n<li><strong>Trwa\u0142o\u015b\u0107:<\/strong> Mo\u017cna pra\u0107 w temperaturze 60 stopni i suszy\u0107 w suszarce b\u0119bnowej. Podczas prania spodenki nale\u017cy wywr\u00f3ci\u0107 na lew\u0105 stron\u0119 (!).<\/li>\n<\/ul>\n<p>Bielizna nie wch\u0142ania p\u0142yn\u00f3w. Jej zadaniem jest wsp\u00f3\u0142praca z alarmem na moczenie nocne w celu skutecznego przerwania moczenia nocnego. <\/p>\n<p>Pami\u0119taj, aby od\u0142\u0105czy\u0107 czujnik Pjama, gdy nie jest u\u017cywany i przed praniem.<\/p>\n<h4>Inteligentna technologia z aplikacj\u0105 DryGuardians<\/h4>\n<p data-start=\"3698\" data-end=\"3833\">System premium Alarm na moczenie nocne \u0142\u0105czy si\u0119 p\u0142ynnie z aplikacj\u0105 DryGuardians, zmieniaj\u0105c leczenie w sterowany i mo\u017cliwy do \u015bledzenia proces.<\/p>\n<p data-start=\"3835\" data-end=\"3857\">Za pomoc\u0105 aplikacji mo\u017cna:<\/p>\n<ul>\n<li>Rejestrowanie nocnych wynik\u00f3w i monitorowanie post\u0119p\u00f3w<\/li>\n<li>Otrzymuj ustrukturyzowane wskaz\u00f3wki i porady<\/li>\n<li>U\u017cywaj smartfona jako dyskretnej jednostki d\u017awi\u0119kowej<\/li>\n<li>Ustaw przypomnienia o wizytach w \u0142azience w ci\u0105gu dnia<\/li>\n<li>\u015aledzenie trend\u00f3w w celu wspierania pewno\u015bci siebie i niezale\u017cno\u015bci dziecka<\/li>\n<\/ul>\n<p>Rodzice mog\u0105 r\u00f3wnie\u017c otrzymywa\u0107 powiadomienia, co u\u0142atwia wspieranie dziecka w ca\u0142ym procesie.<\/p>\n<p>Aplikacj\u0119 DryGuardians mo\u017cna pobra\u0107 bezp\u0142atnie z <a href=\"https:\/\/play.google.com\/store\/apps\/details?id=com.pjama&amp;hl=pl&amp;gl=PL\" target=\"_blank\" rel=\"noopener\">Google Play<\/a> lub <a href=\"https:\/\/apps.apple.com\/pl\/app\/dryguardians\/id1498084664\" target=\"_blank\" rel=\"noopener\">App Store<\/a>. Dowiedz si\u0119 wi\u0119cej o naszej klinice moczenia nocnego i o tym, jak mo\u017cemy pom\u00f3c Tobie lub Twojemu dziecku na naszej <a href=\"https:\/\/pjama.eu\/pl\/\">stronie internetowej<\/a>. <\/p>\n<h3>Proces leczenia &#8211; motywacja i konsekwencja maj\u0105 znaczenie<\/h3>\n<p>Skuteczne leczenie moczenia nocnego wymaga cierpliwo\u015bci i zach\u0119ty. Post\u0119py mog\u0105 wymaga\u0107 czasu, zw\u0142aszcza w pierwszych tygodniach. Konsekwentne stosowanie zestawu premium Alarm na moczenie nocne pomaga budowa\u0107 nowe nawyki zwi\u0105zane ze snem.  <\/p>\n<p>Wspieraj swoje dziecko:<\/p>\n<ul>\n<li>Pozytywne wzmocnienie<\/li>\n<li>Przejrzyste procedury<\/li>\n<li>\u015awi\u0119towanie ma\u0142ych ulepsze\u0144<\/li>\n<li>Zaanga\u017cowanie w \u015bledzenie w\u0142asnych post\u0119p\u00f3w<\/li>\n<\/ul>\n<p>Dzi\u0119ki strukturze i odpowiednim narz\u0119dziom wiele rodzin dostrzega znacz\u0105c\u0105 popraw\u0119, jednocze\u015bnie wzmacniaj\u0105c pewno\u015b\u0107 siebie i niezale\u017cno\u015b\u0107 dziecka.<\/p>\n<h3>Dlaczego warto wybra\u0107 DryGuardians Alarm na moczenie nocne Premium?<\/h3>\n<ul>\n<li>Kompletne rozwi\u0105zanie typu &#8222;wszystko w jednym<\/li>\n<li>Dodatkowa bielizna do higieny i rotacji<\/li>\n<li>Spodenki poch\u0142aniaj\u0105ce wilgo\u0107 dla dodatkowej ochrony<\/li>\n<li>Bezprzewodowy, \u0142atwy w u\u017cyciu alarm enurezy<\/li>\n<li>Wygodna, przyjazna dzieciom konstrukcja<\/li>\n<li>\u015aledzenie post\u0119p\u00f3w obs\u0142ugiwane przez aplikacj\u0119<\/li>\n<li>Praktyczny na co dzie\u0144 i w podr\u00f3\u017cy<\/li>\n<\/ul>\n<p>To co\u015b wi\u0119cej ni\u017c tylko alarm na moczenie nocne. Jest to ustrukturyzowany, wspieraj\u0105cy system zaprojektowany, aby pom\u00f3c dziecku przej\u015b\u0107 do suchych nocy z godno\u015bci\u0105 i pewno\u015bci\u0105 siebie. <\/p>\n<h2>Rozpocznij podr\u00f3\u017c swojego dziecka w kierunku suchych nocy<\/h2>\n<p>Wybierz DryGuardians Bedwetting Alarm Premium ju\u017c dzi\u015b i zapewnij swojej rodzinie kompletne, niezawodne i przemy\u015blane rozwi\u0105zanie do zarz\u0105dzania moczeniem nocnym. Zam\u00f3w teraz i zr\u00f3b pierwszy krok w kierunku spokojniejszych nocy, wi\u0119kszej niezale\u017cno\u015bci i trwa\u0142ej pewno\u015bci siebie. <\/p>\n<p>\u00a9 2024 Pjama.<\/p>\n","protected":false},"excerpt":{"rendered":"<h2 data-start=\"0\" data-end=\"42\">DryGuardians Alarm na moczenie nocne Premium<\/h2>\n<p>DryGuardians Bedwetting Alarm Premium to kompletne i wygodne rozwi\u0105zanie do skutecznego leczenia moczenia nocnego. Ten zestaw premium zapewnia wszystko, co jest potrzebne do sp\u00f3jnego, zorganizowanego wsparcia w nocy. <\/p>\n<p><strong>2 x bielizna DryGuardians<\/strong> (bokserki lub majtki), <strong>1 x alarm na moczenie nocne<\/strong> (czujnik + jednostka d\u017awi\u0119kowa) i <strong>1 x szorty na<\/strong> <strong>moczenie<\/strong> nocne.<\/p>\n<ul>\n<li style=\"list-style-type: none;\">\n<ul>\n<li>Uniwersalny system alarmowy enurezy klasy premium<\/li>\n<li>Dodatkowa bielizna dla \u0142atwej rotacji higieny<\/li>\n<li>Spodenki poch\u0142aniaj\u0105ce wilgo\u0107 dla dodatkowej ochrony \u0142\u00f3\u017cka<\/li>\n<li>Szybkie i niezawodne wykrywanie wilgoci<\/li>\n<li>Mi\u0119kkie, mo\u017cna pra\u0107 w pralce i suszy\u0107 w suszarce b\u0119bnowej<\/li>\n<\/ul>\n<\/li>\n<\/ul>\n<p>Pobierz aplikacj\u0119 DryGuardians, bezp\u0142atn\u0105 us\u0142ug\u0119 leczenia dla os\u00f3b mocz\u0105cych si\u0119 w \u0142\u00f3\u017cku, ze sklepu <a href=\"https:\/\/play.google.com\/store\/apps\/details?id=com.pjama&amp;hl=pl&amp;gl=PL\">Google Play<\/a> lub <a href=\"https:\/\/apps.apple.com\/pl\/app\/dryguardians\/id1498084664\" target=\"_blank\" rel=\"noopener\">App Store<\/a>.<\/p>\n","protected":false},"featured_media":30990,"template":"","meta":{"_et_pb_use_builder":"","_et_pb_old_content":"","_et_gb_content_width":""},"product_brand":[],"product_cat":[347,320,346,348],"product_tag":[],"class_list":{"0":"post-31068","1":"product","2":"type-product","3":"status-publish","4":"has-post-thumbnail","6":"product_cat-alarm-na-moczenie-nocne","7":"product_cat-dzieci","8":"product_cat-leczenie-pjama","9":"product_cat-pjamadryguardians_2025","10":"product_shipping_class-ue","11":"pa_size-maly","12":"pa_size-wiek-10-12-lat","13":"pa_size-wiek-5-6-lat","14":"pa_size-wiek-6-8-lat","15":"pa_size-wiek-8-10-lat","17":"first","18":"instock","19":"sold-individually","20":"taxable","21":"shipping-taxable","22":"purchasable","23":"product-type-composite"},"composite_virtual":false,"composite_layout":"single","composite_add_to_cart_form_location":"default","composite_editable_in_cart":false,"composite_sold_individually_context":"product","composite_shop_price_calc":"min_max","composite_components":[{"id":"1743167486","title":"Alarm na moczenie nocne w Pjamie","description":"<p>Alarm na moczenie nocne z g\u0142o\u015bnikiem i czujnikiem.  <\/p>\n","query_type":"product_ids","query_ids":[24642],"default_option_id":24642,"thumbnail_id":6376,"thumbnail_src":"https:\/\/pjama.eu\/wp-content\/uploads\/Pjama-alarm-600x400-1-300x300-1.jpeg","quantity_min":1,"quantity_max":1,"priced_individually":true,"shipped_individually":false,"optional":false,"discount":"","options_style":"dropdowns","pagination_style":"classic","display_prices":"absolute","show_sorting_options":false,"show_filtering_options":false,"attribute_filter_ids":[],"select_action":"view","product_title_visible":false,"product_descr_visible":false,"product_price_visible":true,"product_thumb_visible":true,"subtotal_visible_product":false,"subtotal_visible_cart":true,"subtotal_visible_orders":true},{"id":"1771617061","title":"Pjama DryGuardians Bielizna nocna dla dzieci","description":"<p>Ch\u0142onne spodenki zabiegowe<\/p>\n","query_type":"product_ids","query_ids":[25252],"default_option_id":25252,"thumbnail_id":22855,"thumbnail_src":"https:\/\/pjama.eu\/wp-content\/uploads\/pjama-dryguardians-bedwetting-treatment-shorts-children.jpg.jpeg","quantity_min":1,"quantity_max":1,"priced_individually":true,"shipped_individually":false,"optional":false,"discount":"","options_style":"dropdowns","pagination_style":"classic","display_prices":"absolute","show_sorting_options":false,"show_filtering_options":false,"attribute_filter_ids":[],"select_action":"view","product_title_visible":false,"product_descr_visible":false,"product_price_visible":true,"product_thumb_visible":true,"subtotal_visible_product":false,"subtotal_visible_cart":true,"subtotal_visible_orders":true},{"id":"1773167708","title":"Wybierz rodzaj bielizny  ","description":"<p>Wybierz bielizn\u0119 u\u017cywan\u0105 z alarmem leczenia.<\/p>\n","query_type":"product_ids","query_ids":[24910,24675],"default_option_id":"","thumbnail_id":7126,"thumbnail_src":"https:\/\/pjama.eu\/wp-content\/uploads\/Pjama_boxersbriefs_bg-2.jpg","quantity_min":2,"quantity_max":6,"priced_individually":true,"shipped_individually":false,"optional":false,"discount":"","options_style":"dropdowns","pagination_style":"classic","display_prices":"absolute","show_sorting_options":false,"show_filtering_options":false,"attribute_filter_ids":[],"select_action":"view","product_title_visible":false,"product_descr_visible":false,"product_price_visible":true,"product_thumb_visible":true,"subtotal_visible_product":false,"subtotal_visible_cart":true,"subtotal_visible_orders":true}],"composite_scenarios":[{"id":"1773167882","name":"Show Boxer size \/ hide Briefs size","description":"","configuration":[{"component_id":"1773167708","options_modifier":"in","component_options":[24910]}],"actions":[{"action_id":"compat_group","is_active":false},{"action_id":"conditional_components","is_active":false,"hidden_components":[]},{"action_id":"conditional_options","is_active":false,"hidden_options":[]}],"enabled":true},{"id":"1773167883","name":"Show Briefs size \/ hide Boxer size","description":"","configuration":[{"component_id":"1773167708","options_modifier":"in","component_options":[24675]}],"actions":[{"action_id":"compat_group","is_active":false},{"action_id":"conditional_components","is_active":false,"hidden_components":[]},{"action_id":"conditional_options","is_active":false,"hidden_options":[]}],"enabled":true}],"_links":{"self":[{"href":"https:\/\/pjama.eu\/pl\/wp-json\/wp\/v2\/product\/31068","targetHints":{"allow":["GET"]}}],"collection":[{"href":"https:\/\/pjama.eu\/pl\/wp-json\/wp\/v2\/product"}],"about":[{"href":"https:\/\/pjama.eu\/pl\/wp-json\/wp\/v2\/types\/product"}],"wp:featuredmedia":[{"embeddable":true,"href":"https:\/\/pjama.eu\/pl\/wp-json\/wp\/v2\/media\/30990"}],"wp:attachment":[{"href":"https:\/\/pjama.eu\/pl\/wp-json\/wp\/v2\/media?parent=31068"}],"wp:term":[{"taxonomy":"product_brand","embeddable":true,"href":"https:\/\/pjama.eu\/pl\/wp-json\/wp\/v2\/product_brand?post=31068"},{"taxonomy":"product_cat","embeddable":true,"href":"https:\/\/pjama.eu\/pl\/wp-json\/wp\/v2\/product_cat?post=31068"},{"taxonomy":"product_tag","embeddable":true,"href":"https:\/\/pjama.eu\/pl\/wp-json\/wp\/v2\/product_tag?post=31068"}],"curies":[{"name":"wp","href":"https:\/\/api.w.org\/{rel}","templated":true}]}}