{"id":24264,"date":"2020-03-17T10:42:30","date_gmt":"2020-03-17T09:42:30","guid":{"rendered":"https:\/\/pjama.eu\/hur-du-tvattar-och-torkar-din-pjama\/"},"modified":"2025-11-05T12:39:00","modified_gmt":"2025-11-05T11:39:00","slug":"hur-du-tvattar-och-torkar-din-pjama","status":"publish","type":"page","link":"https:\/\/pjama.eu\/sv\/hur-du-tvattar-och-torkar-din-pjama\/","title":{"rendered":"Hur du tv\u00e4ttar och torkar din Pjama"},"content":{"rendered":"<p>[et_pb_section fb_built=&#8221;1&#8243; custom_padding_last_edited=&#8221;on|desktop&#8221; _builder_version=&#8221;4.27.4&#8243; background_color=&#8221;gcid-5eef58f4-760a-49fb-ad33-042d93415a96&#8243; height_tablet=&#8221;&#8221; height_phone=&#8221;auto&#8221; height_last_edited=&#8221;on|phone&#8221; custom_padding=&#8221;6%||6%||true|false&#8221; custom_padding_tablet=&#8221;&#8221; custom_padding_phone=&#8221;10%||7%||false|false&#8221; top_divider_arrangement_tablet=&#8221;&#8221; top_divider_arrangement_phone=&#8221;&#8221; top_divider_arrangement_last_edited=&#8221;on|phone&#8221; bottom_divider_style=&#8221;asymmetric&#8221; bottom_divider_color=&#8221;#ffffff&#8221; bottom_divider_height=&#8221;66px&#8221; bottom_divider_flip=&#8221;horizontal&#8221; bottom_divider_height_tablet=&#8221;55px&#8221; bottom_divider_height_phone=&#8221;33px&#8221; bottom_divider_height_last_edited=&#8221;on|phone&#8221; da_disable_devices=&#8221;off|off|off&#8221; collapsed=&#8221;off&#8221; global_colors_info=&#8221;{%22gcid-5eef58f4-760a-49fb-ad33-042d93415a96%22:%91%22background_color%22%93}&#8221; da_is_popup=&#8221;off&#8221; da_exit_intent=&#8221;off&#8221; da_has_close=&#8221;on&#8221; da_alt_close=&#8221;off&#8221; da_dark_close=&#8221;off&#8221; da_not_modal=&#8221;on&#8221; da_is_singular=&#8221;off&#8221; da_with_loader=&#8221;off&#8221; da_has_shadow=&#8221;on&#8221;][et_pb_row _builder_version=&#8221;4.27.4&#8243; _module_preset=&#8221;default&#8221; global_colors_info=&#8221;{}&#8221;][et_pb_column type=&#8221;4_4&#8243; _builder_version=&#8221;4.27.4&#8243; _module_preset=&#8221;default&#8221; global_colors_info=&#8221;{}&#8221;][et_pb_heading title=&#8221;TA HAND OM DIN PJAMA&#8221; _builder_version=&#8221;4.27.4&#8243; _module_preset=&#8221;default&#8221; title_text_color=&#8221;#D35917&#8243; title_font_size=&#8221;40px&#8221; title_font_size_tablet=&#8221;40px&#8221; title_font_size_phone=&#8221;25px&#8221; title_font_size_last_edited=&#8221;on|phone&#8221; global_colors_info=&#8221;{}&#8221;][\/et_pb_heading][et_pb_heading title=&#8221;HUR DU TV\u00c4TTAR OCH TORKAR DINA PJAMA-PLAGG&#8221; _builder_version=&#8221;4.27.4&#8243; _module_preset=&#8221;default&#8221; title_text_color=&#8221;#F8F8F8&#8243; title_font_size=&#8221;75px&#8221; title_font_size_tablet=&#8221;75px&#8221; title_font_size_phone=&#8221;40px&#8221; title_font_size_last_edited=&#8221;on|phone&#8221; global_colors_info=&#8221;{}&#8221;][\/et_pb_heading][\/et_pb_column][\/et_pb_row][\/et_pb_section][et_pb_section fb_built=&#8221;1&#8243; admin_label=&#8221;Sektion&#8221; _builder_version=&#8221;4.16&#8243; background_color=&#8221;#ffffff&#8221; custom_margin_tablet=&#8221;-60px||||false|false&#8221; custom_margin_last_edited=&#8221;off|desktop&#8221; custom_padding=&#8221;50px|||||&#8221; da_disable_devices=&#8221;off|off|off&#8221; collapsed=&#8221;off&#8221; global_colors_info=&#8221;{}&#8221; da_is_popup=&#8221;off&#8221; da_exit_intent=&#8221;off&#8221; da_has_close=&#8221;on&#8221; da_alt_close=&#8221;off&#8221; da_dark_close=&#8221;off&#8221; da_not_modal=&#8221;on&#8221; da_is_singular=&#8221;off&#8221; da_with_loader=&#8221;off&#8221; da_has_shadow=&#8221;on&#8221;][et_pb_row column_structure=&#8221;2_3,1_3&#8243; custom_padding_last_edited=&#8221;on|desktop&#8221; _builder_version=&#8221;4.16&#8243; background_size=&#8221;initial&#8221; background_position=&#8221;top_left&#8221; background_repeat=&#8221;repeat&#8221; custom_padding=&#8221;0px||60px|||&#8221; custom_padding_tablet=&#8221;||0px||false|false&#8221; custom_padding_phone=&#8221;&#8221; global_colors_info=&#8221;{}&#8221;][et_pb_column type=&#8221;2_3&#8243; _builder_version=&#8221;4.16&#8243; custom_padding=&#8221;|||&#8221; global_colors_info=&#8221;{}&#8221; custom_padding__hover=&#8221;|||&#8221;][et_pb_heading title=&#8221;PJAMA BYXOR OCH SHORTS&#8221; _builder_version=&#8221;4.27.4&#8243; _module_preset=&#8221;default&#8221; title_level=&#8221;h3&#8243; title_text_color=&#8221;gcid-5eef58f4-760a-49fb-ad33-042d93415a96&#8243; global_colors_info=&#8221;{%22gcid-5eef58f4-760a-49fb-ad33-042d93415a96%22:%91%22title_text_color%22%93}&#8221;][\/et_pb_heading][et_pb_heading title=&#8221;L\u00e4tt att tv\u00e4tta, t\u00e5lig att anv\u00e4nda&#8221; _builder_version=&#8221;4.27.4&#8243; _module_preset=&#8221;default&#8221; title_level=&#8221;h2&#8243; title_text_color=&#8221;#D35917&#8243; global_colors_info=&#8221;{}&#8221;][\/et_pb_heading][et_pb_text _builder_version=&#8221;4.27.4&#8243; header_2_text_color=&#8221;#61a2df&#8221; header_3_text_color=&#8221;gcid-5eef58f4-760a-49fb-ad33-042d93415a96&#8243; hover_enabled=&#8221;0&#8243; ul_font_size_tablet=&#8221;&#8221; ul_font_size_phone=&#8221;17px&#8221; ul_font_size_last_edited=&#8221;on|phone&#8221; global_colors_info=&#8221;{%22gcid-5eef58f4-760a-49fb-ad33-042d93415a96%22:%91%22header_3_text_color%22%93}&#8221; sticky_enabled=&#8221;0&#8243;]<\/p>\n<h3>TV\u00c4TTINSTRUKTIONER<\/h3>\n<p>Pjama-produkter \u00e4r tv\u00e4ttbara, \u00e5teranv\u00e4ndbara och byggda f\u00f6r att h\u00e5lla &#8211; men lite omsorg r\u00e4cker l\u00e5ngt.<br data-start=\"254\" data-end=\"257\">S\u00e4tt p\u00e5 byxorna strax f\u00f6re l\u00e4ggdags f\u00f6r att h\u00e5lla dem i bra skick. De \u00e4r inte gjorda f\u00f6r lek\u00e4ventyr eller f\u00f6r att hoppa runt i innan s\u00f6mnen. Och n\u00e4r det \u00e4r dags att tv\u00e4tta dem, s\u00e5 h\u00e4r g\u00f6r du:    <\/p>\n<ul>\n<li>Ta bort sensorn f\u00f6re tv\u00e4tt.<\/li>\n<li>Tv\u00e4tta med liknande f\u00e4rger f\u00f6r att undvika missf\u00e4rgning.<\/li>\n<li>H\u00e5ll vassa f\u00f6rem\u00e5l som blixtl\u00e5s eller metalldelar borta fr\u00e5n tv\u00e4tten.<\/li>\n<li>V\u00e4nd ut och in p\u00e5 plagget f\u00f6re tv\u00e4tt.<\/li>\n<li>Tv\u00e4tta vid maximalt 60 \u00b0C.<\/li>\n<li>Avsluta med en centrifugering med h\u00f6g centrifugeringsgrad.<\/li>\n<li>Torka i rumstemperatur eller utomhus; om du torktumlar, h\u00e5ll dig under 60 \u00b0C.<\/li>\n<\/ul>\n<p><strong>Undvik dessa:<\/strong><\/p>\n<ul>\n<li>Kemtv\u00e4tt &#8211; kemikalier kan skada b\u00e5de tyg och sensorer.<\/li>\n<li>Sk\u00f6ljmedel &#8211; de minskar absorptionsf\u00f6rm\u00e5gan och kan skada sensorns funktion.<\/li>\n<li>Blekmedel &#8211; dessa kan skada tygets vattenh\u00e5llande egenskaper.<\/li>\n<li>Strykning &#8211; v\u00e4rme kan skada tyget eller sensortr\u00e5darna.<\/li>\n<\/ul>\n<p>P\u00e5 grund av Pjamas absorberande material kan torkningen ta l\u00e4ngre tid \u00e4n vanligt. H\u00f6g centrifugering och torkning p\u00e5 insidan och utsidan bidrar till att minska torktiden. <\/p>\n<p>De <a href=\"https:\/\/pjama.eu\/pjama-bedwetting-pants\/\">unika komponenterna<\/a> i Pjama leder till l\u00e4ngre torktider j\u00e4mf\u00f6rt med vanliga tyger. Genom att f\u00f6lja dessa tv\u00e4ttinstruktioner ser du till att dina byxor och shorts f\u00f6rblir i gott skick och beh\u00e5ller sin funktionalitet. <\/p>\n<p>[\/et_pb_text][\/et_pb_column][et_pb_column type=&#8221;1_3&#8243; _builder_version=&#8221;4.16&#8243; custom_padding=&#8221;|||&#8221; global_colors_info=&#8221;{}&#8221; custom_padding__hover=&#8221;|||&#8221;][et_pb_image src=&#8221;https:\/\/pjama.eu\/wp-content\/uploads\/Pjama_wash-1.png&#8221; alt=&#8221;Pjama tv\u00e4ttad  &#8221; title_text=&#8221;Pjama_tv\u00e4tt-1&#8243; _builder_version=&#8221;4.27.4&#8243; transform_scale_tablet=&#8221;&#8221; transform_scale_phone=&#8221;&#8221; transform_scale_last_edited=&#8221;on|desktop&#8221; transform_translate=&#8221;0px|-135px&#8221; transform_translate_tablet=&#8221;0px|0px&#8221; transform_translate_phone=&#8221;&#8221; transform_translate_last_edited=&#8221;on|desktop&#8221; transform_translate_linked=&#8221;off&#8221; transform_rotate_tablet=&#8221;&#8221; transform_rotate_phone=&#8221;&#8221; transform_rotate_last_edited=&#8221;on|desktop&#8221; transform_skew_tablet=&#8221;&#8221; transform_skew_phone=&#8221;&#8221; transform_skew_last_edited=&#8221;on|desktop&#8221; transform_origin_tablet=&#8221;&#8221; transform_origin_phone=&#8221;&#8221; transform_origin_last_edited=&#8221;on|desktop&#8221; transform_styles_last_edited=&#8221;on|desktop&#8221; width=&#8221;100%&#8221; width_tablet=&#8221;70%&#8221; width_phone=&#8221;60%&#8221; width_last_edited=&#8221;on|phone&#8221; module_alignment=&#8221;center&#8221; custom_margin_tablet=&#8221;||30px||false|false&#8221; custom_margin_phone=&#8221;||30px||false|false&#8221; custom_margin_last_edited=&#8221;on|desktop&#8221; transform_styles_tablet=&#8221;&#8221; transform_styles_phone=&#8221;&#8221; global_colors_info=&#8221;{}&#8221;][\/et_pb_image][\/et_pb_column][\/et_pb_row][et_pb_row column_structure=&#8221;1_4,1_4,1_4,1_4&#8243; _builder_version=&#8221;4.27.4&#8243; background_color=&#8221;gcid-5eef58f4-760a-49fb-ad33-042d93415a96&#8243; custom_margin=&#8221;||50px||false|false&#8221; border_radii=&#8221;on|6px|6px|6px|6px&#8221; global_colors_info=&#8221;{%22gcid-5eef58f4-760a-49fb-ad33-042d93415a96%22:%91%22background_color%22%93}&#8221;][et_pb_column type=&#8221;1_4&#8243; _builder_version=&#8221;4.16&#8243; global_colors_info=&#8221;{}&#8221;][et_pb_blurb title=&#8221;Max 60 \u00b0C&#8221; image=&#8221;https:\/\/pjama.eu\/wp-content\/uploads\/washing-machine-max60.svg&#8221; image_icon_width=&#8221;25%&#8221; _builder_version=&#8221;4.27.4&#8243; header_level=&#8221;h2&#8243; header_text_color=&#8221;#D35917&#8243; text_orientation=&#8221;center&#8221; background_layout=&#8221;dark&#8221; max_width_tablet=&#8221;&#8221; max_width_phone=&#8221;50%&#8221; max_width_last_edited=&#8221;on|phone&#8221; module_alignment=&#8221;center&#8221; image_max_width=&#8221;25%&#8221; global_colors_info=&#8221;{}&#8221;][\/et_pb_blurb][\/et_pb_column][et_pb_column type=&#8221;1_4&#8243; _builder_version=&#8221;4.16&#8243; global_colors_info=&#8221;{}&#8221;][et_pb_blurb title=&#8221;Max 60 \u00b0C&#8221; image=&#8221;https:\/\/pjama.eu\/wp-content\/uploads\/laundry-max60.svg&#8221; image_icon_width=&#8221;25%&#8221; _builder_version=&#8221;4.27.4&#8243; header_level=&#8221;h2&#8243; header_text_color=&#8221;#D35917&#8243; text_orientation=&#8221;center&#8221; background_layout=&#8221;dark&#8221; max_width_tablet=&#8221;&#8221; max_width_phone=&#8221;50%&#8221; max_width_last_edited=&#8221;on|phone&#8221; module_alignment=&#8221;center&#8221; image_max_width=&#8221;25%&#8221; global_colors_info=&#8221;{}&#8221;][\/et_pb_blurb][\/et_pb_column][et_pb_column type=&#8221;1_4&#8243; _builder_version=&#8221;4.16&#8243; global_colors_info=&#8221;{}&#8221;][et_pb_blurb title=&#8221;INGEN J\u00c4RNSKONING&#8221; image=&#8221;https:\/\/pjama.eu\/wp-content\/uploads\/dry.svg&#8221; image_icon_width=&#8221;25%&#8221; _builder_version=&#8221;4.27.4&#8243; header_level=&#8221;h2&#8243; header_text_color=&#8221;#D35917&#8243; text_orientation=&#8221;center&#8221; background_layout=&#8221;dark&#8221; max_width_tablet=&#8221;&#8221; max_width_phone=&#8221;50%&#8221; max_width_last_edited=&#8221;on|phone&#8221; module_alignment=&#8221;center&#8221; image_max_width=&#8221;25%&#8221; global_colors_info=&#8221;{}&#8221;][\/et_pb_blurb][\/et_pb_column][et_pb_column type=&#8221;1_4&#8243; _builder_version=&#8221;4.16&#8243; global_colors_info=&#8221;{}&#8221;][et_pb_blurb title=&#8221;TV\u00c4TT INIFR\u00c5N OCH UT&#8221; image=&#8221;https:\/\/pjama.eu\/wp-content\/uploads\/pjama-icon-inside-out.svg&#8221; image_icon_width=&#8221;25%&#8221; _builder_version=&#8221;4.27.4&#8243; header_level=&#8221;h2&#8243; header_text_color=&#8221;#D35917&#8243; text_orientation=&#8221;center&#8221; background_layout=&#8221;dark&#8221; max_width_tablet=&#8221;&#8221; max_width_phone=&#8221;50%&#8221; max_width_last_edited=&#8221;on|phone&#8221; module_alignment=&#8221;center&#8221; image_max_width=&#8221;25%&#8221; global_colors_info=&#8221;{}&#8221;][\/et_pb_blurb][\/et_pb_column][\/et_pb_row][et_pb_row column_structure=&#8221;1_2,1_2&#8243; custom_padding_last_edited=&#8221;on|desktop&#8221; _builder_version=&#8221;4.16&#8243; background_size=&#8221;initial&#8221; background_position=&#8221;top_left&#8221; background_repeat=&#8221;repeat&#8221; custom_padding=&#8221;0px||60px|||&#8221; custom_padding_tablet=&#8221;||0px||false|false&#8221; custom_padding_phone=&#8221;&#8221; global_colors_info=&#8221;{}&#8221;][et_pb_column type=&#8221;1_2&#8243; _builder_version=&#8221;4.16&#8243; custom_padding=&#8221;|||&#8221; global_colors_info=&#8221;{}&#8221; custom_padding__hover=&#8221;|||&#8221;][et_pb_video src=&#8221;https:\/\/pjama.eu\/se\/wp-content\/uploads\/Pjama-tvattrad-Hur-tvattar-man-Pjama_.mp4&#8243; image_src=&#8221;https:\/\/pjama.eu\/wp-content\/uploads\/pjama_tvattrad.jpg&#8221; play_icon_color=&#8221;#F8F8F8&#8243; _builder_version=&#8221;4.27.4&#8243; border_radii=&#8221;on|10px|10px|10px|10px&#8221; global_colors_info=&#8221;{}&#8221;][\/et_pb_video][\/et_pb_column][et_pb_column type=&#8221;1_2&#8243; _builder_version=&#8221;4.16&#8243; custom_padding=&#8221;|||&#8221; global_colors_info=&#8221;{}&#8221; custom_padding__hover=&#8221;|||&#8221;][et_pb_text _builder_version=&#8221;4.27.4&#8243; header_2_text_color=&#8221;#61a2df&#8221; header_3_text_color=&#8221;gcid-5eef58f4-760a-49fb-ad33-042d93415a96&#8243; ul_font_size_tablet=&#8221;&#8221; ul_font_size_phone=&#8221;17px&#8221; ul_font_size_last_edited=&#8221;on|phone&#8221; global_colors_info=&#8221;{%22gcid-5eef58f4-760a-49fb-ad33-042d93415a96%22:%91%22header_3_text_color%22%93}&#8221;]<\/p>\n<h3><b>TORKA DINA PJAMA BYXOR ELLER SHORTS<\/b><span style=\"font-weight: 400\"><br \/><\/span><\/h3>\n<p>Pjama-plagg \u00e4r tillverkade av absorberande material som naturligt tar l\u00e4ngre tid att torka.<br data-start=\"384\" data-end=\"387\">Torktiden beror p\u00e5 flera faktorer som luftfuktighet, rumstemperatur och hur effektiv din tv\u00e4ttmaskins centrifugering \u00e4r.<\/p>\n<p data-start=\"521\" data-end=\"550\">F\u00f6r att minska torktiden:<\/p>\n<ul>\n<li>V\u00e4nd plagget ut och in s\u00e5 att det vattent\u00e4ta lagret inte st\u00e4nger in fukt.<\/li>\n<li>Avsluta alltid tv\u00e4tten med en h\u00f6g centrifugeringsgrad &#8211; det \u00e4r ett av de b\u00e4sta s\u00e4tten att f\u00f6rkorta torktiden.<\/li>\n<li>Torka ut och in i rumstemperatur eller utomhus.<br \/>Om du anv\u00e4nder en torktumlare, se till att temperaturen inte \u00f6verstiger 60 \u00b0C.<\/li>\n<\/ul>\n<p><strong>Tips:<\/strong> En stark centrifugering och torkning inifr\u00e5n och ut g\u00f6r din Pjama redo att anv\u00e4ndas igen mycket snabbare.<\/p>\n<p>[\/et_pb_text][\/et_pb_column][\/et_pb_row][\/et_pb_section][et_pb_section fb_built=&#8221;1&#8243; _builder_version=&#8221;4.27.4&#8243; _module_preset=&#8221;default&#8221; da_disable_devices=&#8221;off|off|off&#8221; global_colors_info=&#8221;{}&#8221; da_is_popup=&#8221;off&#8221; da_exit_intent=&#8221;off&#8221; da_has_close=&#8221;on&#8221; da_alt_close=&#8221;off&#8221; da_dark_close=&#8221;off&#8221; da_not_modal=&#8221;on&#8221; da_is_singular=&#8221;off&#8221; da_with_loader=&#8221;off&#8221; da_has_shadow=&#8221;on&#8221;][et_pb_row column_structure=&#8221;3_5,2_5&#8243; _builder_version=&#8221;4.27.4&#8243; _module_preset=&#8221;default&#8221; global_colors_info=&#8221;{}&#8221;][et_pb_column type=&#8221;3_5&#8243; _builder_version=&#8221;4.27.4&#8243; _module_preset=&#8221;default&#8221; global_colors_info=&#8221;{}&#8221;][et_pb_heading title=&#8221;PJAMA BOXERSHORTS OCH KALSONGER&#8221; _builder_version=&#8221;4.27.4&#8243; _module_preset=&#8221;default&#8221; title_text_color=&#8221;#D35917&#8243; global_colors_info=&#8221;{}&#8221;][\/et_pb_heading][et_pb_heading title=&#8221;ENKEL SK\u00d6TSEL, SNABBTORKANDE&#8221; _builder_version=&#8221;4.27.4&#8243; _module_preset=&#8221;default&#8221; title_level=&#8221;h2&#8243; title_text_color=&#8221;gcid-5eef58f4-760a-49fb-ad33-042d93415a96&#8243; global_colors_info=&#8221;{%22gcid-5eef58f4-760a-49fb-ad33-042d93415a96%22:%91%22title_text_color%22%93}&#8221;][\/et_pb_heading][et_pb_text _builder_version=&#8221;4.27.4&#8243; header_2_text_color=&#8221;#61a2df&#8221; header_3_text_color=&#8221;gcid-5eef58f4-760a-49fb-ad33-042d93415a96&#8243; ul_font_size_tablet=&#8221;&#8221; ul_font_size_phone=&#8221;17px&#8221; ul_font_size_last_edited=&#8221;on|phone&#8221; global_colors_info=&#8221;{%22gcid-5eef58f4-760a-49fb-ad33-042d93415a96%22:%91%22header_3_text_color%22%93}&#8221;]<\/p>\n<h3>TV\u00c4TTINSTRUKTIONER<\/h3>\n<p><span style=\"font-weight: 400\">Pjama DryGuardians Underkl\u00e4der <\/span>med inbyggda sensortr\u00e5dar, \u00e4r l\u00e4tta att tv\u00e4tta. F\u00f6lj dessa steg f\u00f6r att bevara deras kvalitet: <\/p>\n<ul>\n<li>Ta bort sensorn f\u00f6re tv\u00e4tt.<\/li>\n<li>Tv\u00e4tta med plagg i liknande f\u00e4rg.<\/li>\n<li>Undvik att tv\u00e4tta med f\u00f6rem\u00e5l som har metalldelar.<\/li>\n<li>Anv\u00e4nd en maximal tv\u00e4ttemperatur p\u00e5 60 \u00b0C.<\/li>\n<li>Lufttorka i rumstemperatur eller utomhus.<\/li>\n<li>Om du anv\u00e4nder en torktumlare ska du h\u00e5lla temperaturen p\u00e5 60 \u00b0C eller l\u00e4gre.<\/li>\n<\/ul>\n<p><strong>G\u00f6r inte det:<\/strong><\/p>\n<ul>\n<li>Kemtv\u00e4tt &#8211; kemikalier kan skada tr\u00e5d eller tyg.<\/li>\n<li>Anv\u00e4nd sk\u00f6ljmedel &#8211; det kan p\u00e5verka sensorns prestanda.<\/li>\n<li>Strykj\u00e4rn &#8211; v\u00e4rme kan f\u00f6rst\u00f6ra de inbyggda sensortr\u00e5darna.<\/li>\n<\/ul>\n<p>[\/et_pb_text][\/et_pb_column][et_pb_column type=&#8221;2_5&#8243; _builder_version=&#8221;4.27.4&#8243; _module_preset=&#8221;default&#8221; global_colors_info=&#8221;{}&#8221;][et_pb_image src=&#8221;https:\/\/pjama.eu\/wp-content\/uploads\/Pjama_boxersbriefs_bg-2.jpg&#8221; alt=&#8221;Underkl\u00e4der f\u00f6r s\u00e4ngv\u00e4tning&#8221; title_text=&#8221;Pjama_boxershorts_bg (2)&#8221; _builder_version=&#8221;4.27.4&#8243; _module_preset=&#8221;default&#8221; min_height=&#8221;100px&#8221; custom_margin=&#8221;|||15px|false|false&#8221; global_colors_info=&#8221;{}&#8221;][\/et_pb_image][\/et_pb_column][\/et_pb_row][et_pb_row column_structure=&#8221;1_3,1_3,1_3&#8243; _builder_version=&#8221;4.27.4&#8243; background_color=&#8221;gcid-5eef58f4-760a-49fb-ad33-042d93415a96&#8243; custom_margin=&#8221;||50px||false|false&#8221; border_radii=&#8221;on|10px|10px|10px|10px&#8221; global_colors_info=&#8221;{%22gcid-5eef58f4-760a-49fb-ad33-042d93415a96%22:%91%22background_color%22%93}&#8221;][et_pb_column type=&#8221;1_3&#8243; _builder_version=&#8221;4.16&#8243; global_colors_info=&#8221;{}&#8221;][et_pb_blurb title=&#8221;Max 60 \u00b0C&#8221; image=&#8221;https:\/\/pjama.eu\/wp-content\/uploads\/washing-machine-max60.svg&#8221; image_icon_width=&#8221;25%&#8221; _builder_version=&#8221;4.27.4&#8243; header_level=&#8221;h2&#8243; header_text_color=&#8221;#D35917&#8243; text_orientation=&#8221;center&#8221; background_layout=&#8221;dark&#8221; max_width_tablet=&#8221;&#8221; max_width_phone=&#8221;50%&#8221; max_width_last_edited=&#8221;on|phone&#8221; module_alignment=&#8221;center&#8221; image_max_width=&#8221;25%&#8221; global_colors_info=&#8221;{}&#8221;][\/et_pb_blurb][\/et_pb_column][et_pb_column type=&#8221;1_3&#8243; _builder_version=&#8221;4.16&#8243; global_colors_info=&#8221;{}&#8221;][et_pb_blurb title=&#8221;Max 60 \u00b0C&#8221; image=&#8221;https:\/\/pjama.eu\/wp-content\/uploads\/laundry-max60.svg&#8221; image_icon_width=&#8221;25%&#8221; _builder_version=&#8221;4.27.4&#8243; header_level=&#8221;h2&#8243; header_text_color=&#8221;#D35917&#8243; text_orientation=&#8221;center&#8221; background_layout=&#8221;dark&#8221; max_width_tablet=&#8221;&#8221; max_width_phone=&#8221;50%&#8221; max_width_last_edited=&#8221;on|phone&#8221; module_alignment=&#8221;center&#8221; image_max_width=&#8221;25%&#8221; global_colors_info=&#8221;{}&#8221;][\/et_pb_blurb][\/et_pb_column][et_pb_column type=&#8221;1_3&#8243; _builder_version=&#8221;4.16&#8243; global_colors_info=&#8221;{}&#8221;][et_pb_blurb title=&#8221;INGEN J\u00c4RNSKONING&#8221; image=&#8221;https:\/\/pjama.eu\/wp-content\/uploads\/dry.svg&#8221; image_icon_width=&#8221;25%&#8221; _builder_version=&#8221;4.27.4&#8243; header_level=&#8221;h2&#8243; header_text_color=&#8221;#D35917&#8243; text_orientation=&#8221;center&#8221; background_layout=&#8221;dark&#8221; max_width_tablet=&#8221;&#8221; max_width_phone=&#8221;48%&#8221; max_width_last_edited=&#8221;on|phone&#8221; module_alignment=&#8221;center&#8221; image_max_width=&#8221;25%&#8221; global_colors_info=&#8221;{}&#8221;][\/et_pb_blurb][\/et_pb_column][\/et_pb_row][\/et_pb_section]<\/p>\n","protected":false},"excerpt":{"rendered":"<p>TV\u00c4TTINSTRUKTIONER Pjama-produkter \u00e4r tv\u00e4ttbara, \u00e5teranv\u00e4ndbara och byggda f\u00f6r att h\u00e5lla &#8211; men lite omsorg r\u00e4cker l\u00e5ngt.S\u00e4tt p\u00e5 byxorna strax f\u00f6re l\u00e4ggdags f\u00f6r att h\u00e5lla dem i bra skick. De \u00e4r inte gjorda f\u00f6r lek\u00e4ventyr eller f\u00f6r att hoppa runt i innan s\u00f6mnen. Och n\u00e4r det \u00e4r dags att tv\u00e4tta dem, s\u00e5 h\u00e4r g\u00f6r du: Ta [&hellip;]<\/p>\n","protected":false},"author":1,"featured_media":19918,"parent":0,"menu_order":0,"comment_status":"closed","ping_status":"closed","template":"","meta":{"_et_pb_use_builder":"on","_et_pb_old_content":"","_et_gb_content_width":"","footnotes":""},"class_list":["post-24264","page","type-page","status-publish","has-post-thumbnail","hentry"],"_links":{"self":[{"href":"https:\/\/pjama.eu\/sv\/wp-json\/wp\/v2\/pages\/24264","targetHints":{"allow":["GET"]}}],"collection":[{"href":"https:\/\/pjama.eu\/sv\/wp-json\/wp\/v2\/pages"}],"about":[{"href":"https:\/\/pjama.eu\/sv\/wp-json\/wp\/v2\/types\/page"}],"author":[{"embeddable":true,"href":"https:\/\/pjama.eu\/sv\/wp-json\/wp\/v2\/users\/1"}],"replies":[{"embeddable":true,"href":"https:\/\/pjama.eu\/sv\/wp-json\/wp\/v2\/comments?post=24264"}],"version-history":[{"count":10,"href":"https:\/\/pjama.eu\/sv\/wp-json\/wp\/v2\/pages\/24264\/revisions"}],"predecessor-version":[{"id":24296,"href":"https:\/\/pjama.eu\/sv\/wp-json\/wp\/v2\/pages\/24264\/revisions\/24296"}],"wp:featuredmedia":[{"embeddable":true,"href":"https:\/\/pjama.eu\/sv\/wp-json\/wp\/v2\/media\/19918"}],"wp:attachment":[{"href":"https:\/\/pjama.eu\/sv\/wp-json\/wp\/v2\/media?parent=24264"}],"curies":[{"name":"wp","href":"https:\/\/api.w.org\/{rel}","templated":true}]}}