{"id":24267,"date":"2020-02-17T17:55:20","date_gmt":"2020-02-17T16:55:20","guid":{"rendered":"https:\/\/pjama.eu\/om-pjama-var-historia\/"},"modified":"2026-03-07T18:59:31","modified_gmt":"2026-03-07T17:59:31","slug":"om-pjama-var-historia","status":"publish","type":"page","link":"https:\/\/pjama.eu\/sv\/om-pjama-var-historia\/","title":{"rendered":"Om Pjama &#8211; v\u00e5r historia"},"content":{"rendered":"<p>[et_pb_section fb_built=&#8221;1&#8243; custom_padding_last_edited=&#8221;on|phone&#8221; _builder_version=&#8221;4.27.4&#8243; use_background_color_gradient=&#8221;on&#8221; background_color_gradient_stops=&#8221;gcid-5eef58f4-760a-49fb-ad33-042d93415a96 0%|rgba(0,0,0,0.2) 100%&#8221; background_color_gradient_overlays_image=&#8221;on&#8221; background_color_gradient_start=&#8221;rgba(0,0,0,0.2)&#8221; background_color_gradient_end=&#8221;rgba(0,0,0,0.2)&#8221; background_image=&#8221;https:\/\/pjama.eu\/wp-content\/uploads\/pjama-happy-kids-looking-from-above-1.jpg&#8221; custom_padding=&#8221;7%||7%||true|false&#8221; custom_padding_tablet=&#8221;60px||60px||true|false&#8221; custom_padding_phone=&#8221;40px||40px||false|false&#8221; top_divider_color=&#8221;#61a2df&#8221; top_divider_height=&#8221;500px&#8221; bottom_divider_color=&#8221;#ffffff&#8221; bottom_divider_flip=&#8221;horizontal&#8221; bottom_divider_height_tablet=&#8221;58px&#8221; bottom_divider_height_phone=&#8221;32px&#8221; bottom_divider_height_last_edited=&#8221;on|phone&#8221; da_disable_devices=&#8221;off|off|off&#8221; collapsed=&#8221;off&#8221; global_colors_info=&#8221;{%22gcid-5eef58f4-760a-49fb-ad33-042d93415a96%22:%91%22background_color_gradient_stops%22%93}&#8221; da_is_popup=&#8221;off&#8221; da_exit_intent=&#8221;off&#8221; da_has_close=&#8221;on&#8221; da_alt_close=&#8221;off&#8221; da_dark_close=&#8221;off&#8221; da_not_modal=&#8221;on&#8221; da_is_singular=&#8221;off&#8221; da_with_loader=&#8221;off&#8221; da_has_shadow=&#8221;on&#8221;][et_pb_row column_structure=&#8221;3_4,1_4&#8243; custom_padding_last_edited=&#8221;on|phone&#8221; _builder_version=&#8221;4.27.4&#8243; custom_margin=&#8221;|auto|6px|auto||&#8221; custom_padding=&#8221;0px||0px|||&#8221; custom_padding_tablet=&#8221;0px||0px|||&#8221; custom_padding_phone=&#8221;26px||0px||false|false&#8221; global_colors_info=&#8221;{}&#8221;][et_pb_column type=&#8221;3_4&#8243; _builder_version=&#8221;4.16&#8243; global_colors_info=&#8221;{}&#8221;][et_pb_text _builder_version=&#8221;4.27.4&#8243; header_font_size=&#8221;75px&#8221; header_3_text_color=&#8221;#D35917&#8243; header_3_font_size=&#8221;40px&#8221; background_layout=&#8221;dark&#8221; header_font_size_tablet=&#8221;75px&#8221; header_font_size_phone=&#8221;40px&#8221; header_font_size_last_edited=&#8221;on|phone&#8221; header_3_font_size_tablet=&#8221;40px&#8221; header_3_font_size_phone=&#8221;25px&#8221; header_3_font_size_last_edited=&#8221;on|phone&#8221; text_orientation_tablet=&#8221;&#8221; text_orientation_phone=&#8221;left&#8221; text_orientation_last_edited=&#8221;on|desktop&#8221; text_text_shadow_style=&#8221;preset1&#8243; text_text_shadow_blur_strength=&#8221;0.5em&#8221; text_text_shadow_color=&#8221;rgba(0,0,0,0.15)&#8221; global_colors_info=&#8221;{}&#8221;]<\/p>\n<h3>OM PJAMA<\/h3>\n<h1 class=\"hero\">Om Pjama \u2013 Vi g\u00f6r det m\u00f6jligt f\u00f6r barn och vuxna att k\u00e4nna sig inkluderade<\/h1>\n<p>[\/et_pb_text][\/et_pb_column][et_pb_column type=&#8221;1_4&#8243; _builder_version=&#8221;4.16&#8243; global_colors_info=&#8221;{}&#8221;][\/et_pb_column][\/et_pb_row][\/et_pb_section][et_pb_section fb_built=&#8221;1&#8243; custom_padding_last_edited=&#8221;on|desktop&#8221; _builder_version=&#8221;4.16&#8243; custom_padding=&#8221;60px||60px||true|false&#8221; custom_padding_tablet=&#8221;20px||20px||true|false&#8221; custom_padding_phone=&#8221;&#8221; da_disable_devices=&#8221;off|off|off&#8221; collapsed=&#8221;off&#8221; global_colors_info=&#8221;{}&#8221; da_is_popup=&#8221;off&#8221; da_exit_intent=&#8221;off&#8221; da_has_close=&#8221;on&#8221; da_alt_close=&#8221;off&#8221; da_dark_close=&#8221;off&#8221; da_not_modal=&#8221;on&#8221; da_is_singular=&#8221;off&#8221; da_with_loader=&#8221;off&#8221; da_has_shadow=&#8221;on&#8221;][et_pb_row column_structure=&#8221;3_4,1_4&#8243; custom_padding_last_edited=&#8221;on|desktop&#8221; _builder_version=&#8221;4.16&#8243; background_size=&#8221;initial&#8221; background_position=&#8221;top_left&#8221; background_repeat=&#8221;repeat&#8221; custom_padding=&#8221;0px||60px|||&#8221; custom_padding_tablet=&#8221;||0px||false|false&#8221; custom_padding_phone=&#8221;&#8221; global_colors_info=&#8221;{}&#8221;][et_pb_column type=&#8221;3_4&#8243; _builder_version=&#8221;4.16&#8243; custom_padding=&#8221;|||&#8221; global_colors_info=&#8221;{}&#8221; custom_padding__hover=&#8221;|||&#8221;][et_pb_text _builder_version=&#8221;4.27.5&#8243; text_font=&#8221;|&#8211;et_global_body_font_weight|||||||&#8221; header_2_text_color=&#8221;gcid-5eef58f4-760a-49fb-ad33-042d93415a96&#8243; global_colors_info=&#8221;{%22gcid-5eef58f4-760a-49fb-ad33-042d93415a96%22:%91%22header_2_text_color%22%93}&#8221;]<\/p>\n<h2>V\u00c5R MISSION MOT S\u00c4NGV\u00c4TNING<\/h2>\n<p>Vi anser att alla f\u00f6rtj\u00e4nar att k\u00e4nna sig trygga \u2013 oavsett s\u00e4ngv\u00e4tning.<br \/>V\u00e5r mission p\u00e5 Pjama \u00e4r att hj\u00e4lpa barn och vuxna att fullt ut kunna delta i livet \u2013 p\u00e5 \u00f6vernattningar, resor och i vardagsrutiner \u2013 utan r\u00e4dsla eller skam.<\/p>\n<p>S\u00e4ngv\u00e4tning (enures) \u00e4r vanligare \u00e4n de flesta inser, men f\u00f6rblir ofta en tyst utmaning f\u00f6r m\u00e5nga familjer.<br \/>V\u00e5rt arbete bygger p\u00e5 empati och f\u00f6rst\u00e5else. Vi vill ta bort stigmat, skapa trygghet och ge familjer praktiska verktyg f\u00f6r att underl\u00e4tta vardagen.<br \/>Sj\u00e4lvf\u00f6rtroende, komfort och inkludering \u00e4r grunden i allt vi g\u00f6r.<\/p>\n<p>Vi \u00e4r stolta \u00f6ver att hj\u00e4lpa familjer \u00f6ver hela v\u00e4rlden att g\u00e5 fr\u00e5n oro till trygghet &#8211; en torr natt i taget.<\/p>\n<p>[\/et_pb_text][et_pb_text _builder_version=&#8221;4.27.5&#8243; text_font=&#8221;|&#8211;et_global_body_font_weight|||||||&#8221; header_2_text_color=&#8221;gcid-5eef58f4-760a-49fb-ad33-042d93415a96&#8243; custom_padding=&#8221;36px|||||&#8221; global_colors_info=&#8221;{%22gcid-5eef58f4-760a-49fb-ad33-042d93415a96%22:%91%22header_2_text_color%22%93}&#8221;]<\/p>\n<h2>V\u00c5R HISTORIA \u2013 OM PJAMA<\/h2>\n<p>&nbsp;<\/p>\n<p>Historien om Pjama b\u00f6rjade \u00e5r 2010 n\u00e4r Torbj\u00f6rn G\u00e4rdenfors och M\u00e5rten Bernstad startade med ett tydligt m\u00e5l: att ge barn med s\u00e4ngv\u00e4tning samma frihet och sj\u00e4lvf\u00f6rtroende som alla andra.<\/p>\n<p>Det som b\u00f6rjade som en liten svensk id\u00e9 blev Pjama \u2013 ett varum\u00e4rke dedikerat till v\u00e4rdighet och inkludering.<br \/>Deras f\u00f6rsta innovation, absorberande nattkl\u00e4der, gjorde det m\u00f6jligt f\u00f6r barn att sova lugnt hemma eller borta, utan begr\u00e4nsningar eller oro f\u00f6r olyckor.<\/p>\n<p>\u00c5tta \u00e5r senare breddades f\u00f6retagets fokus. Kring 2018 b\u00f6rjade Pjama forska i hur smarta textilier och uppkopplad teknik kunde behandla s\u00e4ngv\u00e4tning, inte bara skydda mot det.<br \/>I n\u00e4ra samarbete med svensk sjukv\u00e5rd och ledande specialister inom enures utvecklade teamet en vision om en komplett, datadriven l\u00f6sning som kan f\u00f6r\u00e4ndra liv.<\/p>\n<p>P\u00e5 Pjamas 10-\u00e5rsjubileum blev visionen verklighet med lanseringen av Pjama DryGuardians \u2013 en l\u00f6sning som f\u00f6renar smarta textilier, sensorer och digitala verktyg f\u00f6r att st\u00f6dja verkliga framsteg mot torra n\u00e4tter.<br \/>Idag leds f\u00f6retaget av VD Johan Bergenholtz, som forts\u00e4tter att driva innovation och medvetenhet i samarbete med v\u00e5rdpersonal och partners \u00f6ver hela v\u00e4rlden.<\/p>\n<p>Fr\u00e5n en liten id\u00e9 i s\u00f6dra Sverige har historien om Pjama v\u00e4xt till ett internationellt medicintekniskt f\u00f6retag som hj\u00e4lper tusentals familjer, kliniker och v\u00e5rdgivare \u00f6ver hela v\u00e4rlden med s\u00e4ngv\u00e4tning.<\/p>\n<p>&nbsp;<\/p>\n<p>[\/et_pb_text][\/et_pb_column][et_pb_column type=&#8221;1_4&#8243; _builder_version=&#8221;4.16&#8243; custom_padding=&#8221;|||&#8221; global_colors_info=&#8221;{}&#8221; custom_padding__hover=&#8221;|||&#8221;][et_pb_image src=&#8221;https:\/\/pjama.eu\/wp-content\/uploads\/speechbubble.svg&#8221; alt=&#8221;Om Pjama&#8221; title_text=&#8221;pratbubbla&#8221; align=&#8221;center&#8221; align_tablet=&#8221;&#8221; align_phone=&#8221;&#8221; align_last_edited=&#8221;on|desktop&#8221; _builder_version=&#8221;4.27.4&#8243; width=&#8221;100%&#8221; width_tablet=&#8221;85%&#8221; width_phone=&#8221;70%&#8221; width_last_edited=&#8221;on|phone&#8221; module_alignment=&#8221;center&#8221; custom_margin=&#8221;50px||||false|false&#8221; custom_margin_tablet=&#8221;20px||||false|false&#8221; custom_margin_phone=&#8221;20px||||false|false&#8221; custom_margin_last_edited=&#8221;on|desktop&#8221; global_colors_info=&#8221;{}&#8221;][\/et_pb_image][\/et_pb_column][\/et_pb_row][et_pb_row column_structure=&#8221;1_3,2_3&#8243; _builder_version=&#8221;4.22.1&#8243; background_size=&#8221;initial&#8221; background_position=&#8221;top_left&#8221; background_repeat=&#8221;repeat&#8221; custom_margin=&#8221;||40px||false|false&#8221; custom_padding=&#8221;||30px||false|false&#8221; global_colors_info=&#8221;{}&#8221;][et_pb_column type=&#8221;1_3&#8243; _builder_version=&#8221;4.16&#8243; custom_padding=&#8221;|||&#8221; global_colors_info=&#8221;{}&#8221; custom_padding__hover=&#8221;|||&#8221;][et_pb_image src=&#8221;https:\/\/pjama.eu\/wp-content\/uploads\/favicon.png&#8221; alt=&#8221;Om Pjama&#8221; title_text=&#8221;favicon&#8221; show_bottom_space=&#8221;off&#8221; _builder_version=&#8221;4.27.4&#8243; width_tablet=&#8221;&#8221; width_phone=&#8221;100%&#8221; width_last_edited=&#8221;on|phone&#8221; max_width_tablet=&#8221;&#8221; max_width_phone=&#8221;&#8221; max_width_last_edited=&#8221;on|phone&#8221; module_alignment=&#8221;center&#8221; height_tablet=&#8221;&#8221; height_phone=&#8221;1000px&#8221; height_last_edited=&#8221;on|phone&#8221; max_height_tablet=&#8221;&#8221; max_height_phone=&#8221;202px&#8221; max_height_last_edited=&#8221;on|phone&#8221; global_colors_info=&#8221;{}&#8221;][\/et_pb_image][\/et_pb_column][et_pb_column type=&#8221;2_3&#8243; _builder_version=&#8221;4.16&#8243; custom_padding=&#8221;|||&#8221; global_colors_info=&#8221;{}&#8221; custom_padding__hover=&#8221;|||&#8221;][et_pb_text _builder_version=&#8221;4.27.5&#8243; text_font=&#8221;|&#8211;et_global_body_font_weight|||||||&#8221; header_2_text_color=&#8221;gcid-5eef58f4-760a-49fb-ad33-042d93415a96&#8243; custom_padding=&#8221;||0px||false|false&#8221; global_colors_info=&#8221;{%22gcid-5eef58f4-760a-49fb-ad33-042d93415a96%22:%91%22header_2_text_color%22%93}&#8221;]<\/p>\n<h2>VAD VI G\u00d6R P\u00c5 PJAMA<\/h2>\n<p>Vi erbjuder h\u00f6gkvalitativa <a href=\"https:\/\/pjama.eu\/sv\/pjama-sangvatningsbyxor\/\">skyddande pyjamasbyxor<\/a> (Pjama Protect Sleepwear) f\u00f6r flickor, pojkar, kvinnor och m\u00e4n. Vi skapar smarta behandlingsl\u00f6sningar med Pjama <a href=\"https:\/\/pjama.eu\/sv\/pjama-treatment-byxor\/\">DryGuardians nattkl\u00e4der<\/a>, frist\u00e5ende <a href=\"https:\/\/pjama.eu\/sv\/pjama-dryguardians-sangvatningslarm\/\">s\u00e4ngv\u00e4tningslarm<\/a> och <a href=\"https:\/\/pjama.eu\/sv\/dryguardians-app-hjalper-dig-att-behandla-sangvatning-gratis\/\">DryGuardians Appen<\/a>.<\/p>\n<p>I appen kan anv\u00e4ndare logga nattliga resultat, f\u00e5 personlig feedback och f\u00f6lja sina framsteg \u00f6ver tid.<br \/>F\u00f6r v\u00e5rdpersonal erbjuder Pjama en dedikerad portal d\u00e4r v\u00e5rdgivare kan \u00f6vervaka behandlingar, justera rekommendationer och ge patientst\u00f6d p\u00e5 distans.<\/p>\n<p>V\u00e5ra produkter \u00e4r h\u00e5llbara, tv\u00e4ttbara och gjorda f\u00f6r att h\u00e5lla l\u00e4nge, vilket minskar avfallet fr\u00e5n eng\u00e5ngsartiklar och fr\u00e4mjar en ansvarsfull konsumtion.<br \/>Sedan 2014 har Pjama hj\u00e4lpt \u00f6ver 30 000 personer att hantera eller \u00f6vervinna s\u00e4ngv\u00e4tning \u2013 med komfort, sj\u00e4lvf\u00f6rtroende och v\u00e4rdighet.<\/p>\n<p>[\/et_pb_text][et_pb_text _builder_version=&#8221;4.27.5&#8243; text_font=&#8221;|&#8211;et_global_body_font_weight|||||||&#8221; header_2_text_color=&#8221;gcid-5eef58f4-760a-49fb-ad33-042d93415a96&#8243; custom_padding=&#8221;||0px||false|false&#8221; global_colors_info=&#8221;{%22gcid-5eef58f4-760a-49fb-ad33-042d93415a96%22:%91%22header_2_text_color%22%93}&#8221;]<\/p>\n<h2>VARF\u00d6R V\u00c4LJA PJAMA<\/h2>\n<p>Vi levererar en komplett l\u00f6sning f\u00f6r s\u00e4ngv\u00e4tning \u2013 inte bara en produkt, utan st\u00f6d, omsorg och v\u00e4gledning fr\u00e5n b\u00f6rjan till slut.<br \/>V\u00e5r design \u00e4r diskret, bekv\u00e4m och effektiv \u2013 skapad f\u00f6r att k\u00e4nnas som vanliga, h\u00f6gkvalitativa pyjamasbyxor samtidigt som den skyddar s\u00e4ngen.<\/p>\n<p>Varje produkt vi skapar kombinerar anv\u00e4ndarupplevelse, medicinsk insikt och avancerad teknik. Vi p\u00e5 Pjama lyssnar p\u00e5 familjer, samarbetar n\u00e4ra med experter inom s\u00e4ngv\u00e4tning och testar v\u00e5ra l\u00f6sningar noggrant f\u00f6r att s\u00e4kerst\u00e4lla varaktig s\u00e4kerhet och p\u00e5litlig funktion.<\/p>\n<p>Pjamas sortiment t\u00e4cker alla behov \u2013 fr\u00e5n skydd och behandling av enures till praktiska tillbeh\u00f6r som f\u00f6renklar vardagen.<br \/>V\u00e5r mission str\u00e4cker sig bortom torra n\u00e4tter \u2013 vi str\u00e4var efter att ge sj\u00e4lvf\u00f6rtroende, sj\u00e4lvst\u00e4ndighet och inkludering till alla som drabbas av s\u00e4ngv\u00e4tning.<\/p>\n<p>N\u00e4r Pjama forts\u00e4tter att v\u00e4xa f\u00f6rblir v\u00e5rt fokus detsamma: att hj\u00e4lpa m\u00e4nniskor \u00f6verallt att leva sina liv till fullo \u2013 utan gr\u00e4nser, utan skam och utan avbrott fr\u00e5n s\u00e4ngv\u00e4tning.<\/p>\n<p>[\/et_pb_text][\/et_pb_column][\/et_pb_row][\/et_pb_section]<\/p>\n","protected":false},"excerpt":{"rendered":"<p>OM PJAMA Om Pjama \u2013 Vi g\u00f6r det m\u00f6jligt f\u00f6r barn och vuxna att k\u00e4nna sig inkluderadeV\u00c5R MISSION MOT S\u00c4NGV\u00c4TNING Vi anser att alla f\u00f6rtj\u00e4nar att k\u00e4nna sig trygga \u2013 oavsett s\u00e4ngv\u00e4tning.V\u00e5r mission p\u00e5 Pjama \u00e4r att hj\u00e4lpa barn och vuxna att fullt ut kunna delta i livet \u2013 p\u00e5 \u00f6vernattningar, resor och i vardagsrutiner [&hellip;]<\/p>\n","protected":false},"author":1,"featured_media":28103,"parent":0,"menu_order":0,"comment_status":"closed","ping_status":"closed","template":"","meta":{"_et_pb_use_builder":"on","_et_pb_old_content":"<!-- wp:paragraph -->\r\n<p>This is an example page. It's different from a blog post because it will stay in one place and will show up in your site navigation (in most themes). Most people start with an About page that introduces them to potential site visitors. It might say something like this:<\/p>\r\n<!-- \/wp:paragraph --><!-- wp:quote -->\r\n<blockquote class=\"wp-block-quote\">\r\n<p>Hi there! I'm a bike messenger by day, aspiring actor by night, and this is my website. I live in Los Angeles, have a great dog named Jack, and I like pi\u00f1a coladas. (And gettin' caught in the rain.)<\/p>\r\n<\/blockquote>\r\n<!-- \/wp:quote --><!-- wp:paragraph -->\r\n<p>...or something like this:<\/p>\r\n<!-- \/wp:paragraph --><!-- wp:quote -->\r\n<blockquote class=\"wp-block-quote\">\r\n<p>The XYZ Doohickey Company was founded in 1971, and has been providing quality doohickeys to the public ever since. Located in Gotham City, XYZ employs over 2,000 people and does all kinds of awesome things for the Gotham community.<\/p>\r\n<\/blockquote>\r\n<!-- \/wp:quote --><!-- wp:paragraph -->\r\n<p>As a new WordPress user, you should go to <a href=\"https:\/\/pjama.eu\/wp-admin\/\">your dashboard<\/a> to delete this page and create new pages for your content. Have fun!<\/p>\r\n<!-- \/wp:paragraph -->","_et_gb_content_width":"","footnotes":""},"class_list":["post-24267","page","type-page","status-publish","has-post-thumbnail","hentry"],"_links":{"self":[{"href":"https:\/\/pjama.eu\/sv\/wp-json\/wp\/v2\/pages\/24267","targetHints":{"allow":["GET"]}}],"collection":[{"href":"https:\/\/pjama.eu\/sv\/wp-json\/wp\/v2\/pages"}],"about":[{"href":"https:\/\/pjama.eu\/sv\/wp-json\/wp\/v2\/types\/page"}],"author":[{"embeddable":true,"href":"https:\/\/pjama.eu\/sv\/wp-json\/wp\/v2\/users\/1"}],"replies":[{"embeddable":true,"href":"https:\/\/pjama.eu\/sv\/wp-json\/wp\/v2\/comments?post=24267"}],"version-history":[{"count":16,"href":"https:\/\/pjama.eu\/sv\/wp-json\/wp\/v2\/pages\/24267\/revisions"}],"predecessor-version":[{"id":32192,"href":"https:\/\/pjama.eu\/sv\/wp-json\/wp\/v2\/pages\/24267\/revisions\/32192"}],"wp:featuredmedia":[{"embeddable":true,"href":"https:\/\/pjama.eu\/sv\/wp-json\/wp\/v2\/media\/28103"}],"wp:attachment":[{"href":"https:\/\/pjama.eu\/sv\/wp-json\/wp\/v2\/media?parent=24267"}],"curies":[{"name":"wp","href":"https:\/\/api.w.org\/{rel}","templated":true}]}}