{"id":24272,"date":"2020-03-23T10:51:18","date_gmt":"2020-03-23T09:51:18","guid":{"rendered":"https:\/\/pjama.eu\/aterforsaljare\/"},"modified":"2025-11-13T14:44:25","modified_gmt":"2025-11-13T13:44:25","slug":"aterforsaljare","status":"publish","type":"page","link":"https:\/\/pjama.eu\/sv\/aterforsaljare\/","title":{"rendered":"\u00c5terf\u00f6rs\u00e4ljare"},"content":{"rendered":"<p>[et_pb_section fb_built=&#8221;1&#8243; _builder_version=&#8221;4.27.4&#8243; _module_preset=&#8221;default&#8221; background_color=&#8221;gcid-5eef58f4-760a-49fb-ad33-042d93415a96&#8243; da_disable_devices=&#8221;off|off|off&#8221; global_colors_info=&#8221;{%22gcid-5eef58f4-760a-49fb-ad33-042d93415a96%22:%91%22background_color%22%93}&#8221; da_is_popup=&#8221;off&#8221; da_exit_intent=&#8221;off&#8221; da_has_close=&#8221;on&#8221; da_alt_close=&#8221;off&#8221; da_dark_close=&#8221;off&#8221; da_not_modal=&#8221;on&#8221; da_is_singular=&#8221;off&#8221; da_with_loader=&#8221;off&#8221; da_has_shadow=&#8221;on&#8221;][et_pb_row _builder_version=&#8221;4.27.4&#8243; _module_preset=&#8221;default&#8221; global_colors_info=&#8221;{}&#8221;][et_pb_column type=&#8221;4_4&#8243; _builder_version=&#8221;4.27.4&#8243; _module_preset=&#8221;default&#8221; global_colors_info=&#8221;{}&#8221;][et_pb_heading title=&#8221;PJAMA&#8221; _builder_version=&#8221;4.27.4&#8243; _module_preset=&#8221;default&#8221; title_text_color=&#8221;#D35917&#8243; title_font_size=&#8221;40px&#8221; title_font_size_tablet=&#8221;40px&#8221; title_font_size_phone=&#8221;25px&#8221; title_font_size_last_edited=&#8221;on|phone&#8221; global_colors_info=&#8221;{}&#8221;][\/et_pb_heading][et_pb_heading title=&#8221;\u00c4LSKAR \u00c5TERF\u00d6RS\u00c4LJARE!&#8221; _builder_version=&#8221;4.27.4&#8243; _module_preset=&#8221;default&#8221; title_text_color=&#8221;#F8F8F8&#8243; title_font_size=&#8221;75px&#8221; title_font_size_tablet=&#8221;75px&#8221; title_font_size_phone=&#8221;40px&#8221; title_font_size_last_edited=&#8221;on|phone&#8221; global_colors_info=&#8221;{}&#8221;][\/et_pb_heading][\/et_pb_column][\/et_pb_row][\/et_pb_section][et_pb_section fb_built=&#8221;1&#8243; admin_label=&#8221;section&#8221; _builder_version=&#8221;4.27.4&#8243; background_enable_color=&#8221;off&#8221; custom_padding=&#8221;30px|||||&#8221; top_divider_style=&#8221;asymmetric&#8221; top_divider_color=&#8221;gcid-5eef58f4-760a-49fb-ad33-042d93415a96&#8243; da_disable_devices=&#8221;off|off|off&#8221; global_colors_info=&#8221;{%22gcid-5eef58f4-760a-49fb-ad33-042d93415a96%22:%91%22top_divider_color%22%93}&#8221; da_is_popup=&#8221;off&#8221; da_exit_intent=&#8221;off&#8221; da_has_close=&#8221;on&#8221; da_alt_close=&#8221;off&#8221; da_dark_close=&#8221;off&#8221; da_not_modal=&#8221;on&#8221; da_is_singular=&#8221;off&#8221; da_with_loader=&#8221;off&#8221; da_has_shadow=&#8221;on&#8221;][et_pb_row custom_padding_last_edited=&#8221;on|phone&#8221; admin_label=&#8221;Storleksguide&#8221; _builder_version=&#8221;4.16&#8243; background_color=&#8221;#ffffff&#8221; background_size=&#8221;initial&#8221; background_position=&#8221;top_left&#8221; background_repeat=&#8221;repeat&#8221; width=&#8221;50%&#8221; width_tablet=&#8221;80%&#8221; width_phone=&#8221;90%&#8221; width_last_edited=&#8221;on|desktop&#8221; custom_margin=&#8221;||50px||false|false&#8221; custom_padding=&#8221;50px|50px|50px|50px|true|true&#8221; custom_padding_tablet=&#8221;40px|20px|40px|20px|true|true&#8221; custom_padding_phone=&#8221;10px|10px|10px|10px|true|true&#8221; border_radii=&#8221;on|5px|5px|5px|5px&#8221; box_shadow_style=&#8221;preset1&#8243; box_shadow_blur=&#8221;23px&#8221; box_shadow_color=&#8221;rgba(0,0,0,0.11)&#8221; collapsed=&#8221;off&#8221; global_colors_info=&#8221;{}&#8221;][et_pb_column type=&#8221;4_4&#8243; _builder_version=&#8221;4.16&#8243; custom_padding=&#8221;|||&#8221; global_colors_info=&#8221;{}&#8221; custom_padding__hover=&#8221;|||&#8221;][et_pb_text admin_label=&#8221;Text&#8221; _builder_version=&#8221;4.27.4&#8243; header_3_text_color=&#8221;gcid-5eef58f4-760a-49fb-ad33-042d93415a96&#8243; background_size=&#8221;initial&#8221; background_position=&#8221;top_left&#8221; background_repeat=&#8221;repeat&#8221; text_orientation=&#8221;center&#8221; global_colors_info=&#8221;{%22gcid-5eef58f4-760a-49fb-ad33-042d93415a96%22:%91%22header_3_text_color%22%93}&#8221;]<\/p>\n<h3>Vi \u00e4r mycket stolta \u00f6ver alla v\u00e5ra \u00e5terf\u00f6rs\u00e4ljare.<\/h3>\n<p>Ans\u00f6k om att bli \u00e5terf\u00f6rs\u00e4ljare av Pjama h\u00e4r.<br \/>Tillsammans kan vi f\u00f6r\u00e4ndra livet f\u00f6r s\u00e4ngv\u00e4tare runt om i v\u00e4rlden.<\/p>\n<p>[\/et_pb_text][et_pb_text _builder_version=&#8221;4.16&#8243; global_colors_info=&#8221;{}&#8221;]<div class=\"forminator-ui forminator-custom-form forminator-custom-form-2039 forminator-design--flat  forminator_ajax\" data-forminator-render=\"0\" data-form=\"forminator-module-2039\" data-uid=\"69d50d9928c62\"><br\/><\/div><form\n\t\t\t\tid=\"forminator-module-2039\"\n\t\t\t\tclass=\"forminator-ui forminator-custom-form forminator-custom-form-2039 forminator-design--flat  forminator_ajax\"\n\t\t\t\tmethod=\"post\"\n\t\t\t\tdata-forminator-render=\"0\"\n\t\t\t\tdata-form-id=\"2039\"\n\t\t\t\t data-color-option=\"default\" data-design=\"flat\" data-grid=\"open\" style=\"display: none;\"\n\t\t\t\tdata-uid=\"69d50d9928c62\"\n\t\t\t><div role=\"alert\" aria-live=\"polite\" class=\"forminator-response-message forminator-error\" aria-hidden=\"true\"><\/div><div class=\"forminator-row\"><div id=\"name-1\" class=\"forminator-field-name forminator-col forminator-col-6 \"><div class=\"forminator-field\"><label for=\"forminator-field-name-1_69d50d9928c62\" id=\"forminator-field-name-1_69d50d9928c62-label\" class=\"forminator-label\">Name <span class=\"forminator-required\">*<\/span><\/label><input type=\"text\" name=\"name-1\" value=\"\" placeholder=\"E.g. John Doe\" id=\"forminator-field-name-1_69d50d9928c62\" class=\"forminator-input forminator-name--field\" aria-required=\"true\" autocomplete=\"name\" \/><\/div><\/div><div id=\"email-1\" class=\"forminator-field-email forminator-col forminator-col-6 \"><div class=\"forminator-field\"><label for=\"forminator-field-email-1_69d50d9928c62\" id=\"forminator-field-email-1_69d50d9928c62-label\" class=\"forminator-label\">Email Address <span class=\"forminator-required\">*<\/span><\/label><input type=\"email\" name=\"email-1\" value=\"\" placeholder=\"E.g. john@doe.com\" id=\"forminator-field-email-1_69d50d9928c62\" class=\"forminator-input forminator-email--field\" data-required=\"1\" aria-required=\"true\" autocomplete=\"email\" \/><\/div><\/div><\/div><div class=\"forminator-row\"><div id=\"phone-1\" class=\"forminator-field-phone forminator-col forminator-col-6 \"><div class=\"forminator-field\"><label for=\"forminator-field-phone-1_69d50d9928c62\" id=\"forminator-field-phone-1_69d50d9928c62-label\" class=\"forminator-label\">Phone<\/label><input type=\"text\" name=\"phone-1\" value=\"\" placeholder=\"E.g. +1 234 567 8900\" id=\"forminator-field-phone-1_69d50d9928c62\" class=\"forminator-input forminator-field--phone\" data-required=\"\" aria-required=\"false\" autocomplete=\"off\" \/><\/div><\/div><div id=\"url-1\" class=\"forminator-field-url forminator-col forminator-col-6 \"><div class=\"forminator-field\"><label for=\"forminator-field-url-1_69d50d9928c62\" id=\"forminator-field-url-1_69d50d9928c62-label\" class=\"forminator-label\">Website<\/label><input type=\"url\" name=\"url-1\" value=\"\" placeholder=\"E.g. http:\/\/www.example.com\" id=\"forminator-field-url-1_69d50d9928c62\" class=\"forminator-input forminator-website--field\" data-required=\"\" aria-required=\"false\" \/><\/div><\/div><\/div><div class=\"forminator-row\"><div id=\"text-3\" class=\"forminator-field-text forminator-col forminator-col-12 \"><div class=\"forminator-field\"><label for=\"forminator-field-text-3_69d50d9928c62\" id=\"forminator-field-text-3_69d50d9928c62-label\" class=\"forminator-label\">Company <span class=\"forminator-required\">*<\/span><\/label><input type=\"text\" name=\"text-3\" value=\"\" placeholder=\"E.g. text placeholder\" id=\"forminator-field-text-3_69d50d9928c62\" class=\"forminator-input forminator-name--field\" data-required=\"1\" \/><\/div><\/div><\/div><div class=\"forminator-row\"><div id=\"textarea-1\" class=\"forminator-field-textarea forminator-col forminator-col-12 \"><div class=\"forminator-field\"><label for=\"forminator-field-textarea-1_69d50d9928c62\" id=\"forminator-field-textarea-1_69d50d9928c62-label\" class=\"forminator-label\">Message<\/label><textarea name=\"textarea-1\" placeholder=\"\" id=\"forminator-field-textarea-1_69d50d9928c62\" class=\"forminator-textarea\" rows=\"6\" style=\"min-height:140px;\" maxlength=\"240\" ><\/textarea><span id=\"forminator-field-textarea-1_69d50d9928c62-description\" class=\"forminator-description\"><span data-limit=\"240\" data-type=\"characters\" data-editor=\"\">0 \/ 240<\/span><\/span><\/div><\/div><\/div><input type=\"hidden\" name=\"referer_url\" value=\"\" \/><div class=\"forminator-row forminator-row-last\"><div class=\"forminator-col\"><div class=\"forminator-field\"><button class=\"forminator-button forminator-button-submit\">Send Message<\/button><\/div><\/div><\/div><input type=\"hidden\" id=\"forminator_nonce\" name=\"forminator_nonce\" value=\"c20cb9deec\" \/><input type=\"hidden\" name=\"_wp_http_referer\" value=\"\/sv\/wp-json\/wp\/v2\/pages\/24272\" \/><input type=\"hidden\" name=\"form_id\" value=\"2039\"><input type=\"hidden\" name=\"page_id\" value=\"24272\"><input type=\"hidden\" name=\"form_type\" value=\"default\"><input type=\"hidden\" name=\"current_url\" value=\"https:\/\/pjama.eu\/sv\/aterforsaljare\/\"><input type=\"hidden\" name=\"render_id\" value=\"0\"><input type=\"hidden\" name=\"action\" value=\"forminator_submit_form_custom-forms\"><label for=\"input_7\" class=\"forminator-hidden\" aria-hidden=\"true\">Please do not fill in this field. <input id=\"input_7\" type=\"text\" name=\"input_7\" value=\"\" autocomplete=\"off\"><\/label><\/form>[\/et_pb_text][\/et_pb_column][\/et_pb_row][\/et_pb_section]<\/p>\n","protected":false},"excerpt":{"rendered":"<p>Vi \u00e4r mycket stolta \u00f6ver alla v\u00e5ra \u00e5terf\u00f6rs\u00e4ljare. Ans\u00f6k om att bli \u00e5terf\u00f6rs\u00e4ljare av Pjama h\u00e4r.Tillsammans kan vi f\u00f6r\u00e4ndra livet f\u00f6r s\u00e4ngv\u00e4tare runt om i v\u00e4rlden.<div class=\"forminator-ui forminator-custom-form forminator-custom-form-2039 forminator-design--flat  forminator_ajax\" data-forminator-render=\"1\" data-form=\"forminator-module-2039\" data-uid=\"69d50d99393c6\"><br\/><\/div><form\n\t\t\t\tid=\"forminator-module-2039\"\n\t\t\t\tclass=\"forminator-ui forminator-custom-form forminator-custom-form-2039 forminator-design--flat  forminator_ajax\"\n\t\t\t\tmethod=\"post\"\n\t\t\t\tdata-forminator-render=\"1\"\n\t\t\t\tdata-form-id=\"2039\"\n\t\t\t\t data-color-option=\"default\" data-design=\"flat\" data-grid=\"open\" style=\"display: none;\"\n\t\t\t\tdata-uid=\"69d50d99393c6\"\n\t\t\t><div role=\"alert\" aria-live=\"polite\" class=\"forminator-response-message forminator-error\" aria-hidden=\"true\"><\/div><div class=\"forminator-row\"><div id=\"name-1\" class=\"forminator-field-name forminator-col forminator-col-6 \"><div class=\"forminator-field\"><label for=\"forminator-field-name-1_69d50d99393c6\" id=\"forminator-field-name-1_69d50d99393c6-label\" class=\"forminator-label\">Name <span class=\"forminator-required\">*<\/span><\/label><input type=\"text\" name=\"name-1\" value=\"\" placeholder=\"E.g. John Doe\" id=\"forminator-field-name-1_69d50d99393c6\" class=\"forminator-input forminator-name--field\" aria-required=\"true\" autocomplete=\"name\" \/><\/div><\/div><div id=\"email-1\" class=\"forminator-field-email forminator-col forminator-col-6 \"><div class=\"forminator-field\"><label for=\"forminator-field-email-1_69d50d99393c6\" id=\"forminator-field-email-1_69d50d99393c6-label\" class=\"forminator-label\">Email Address <span class=\"forminator-required\">*<\/span><\/label><input type=\"email\" name=\"email-1\" value=\"\" placeholder=\"E.g. john@doe.com\" id=\"forminator-field-email-1_69d50d99393c6\" class=\"forminator-input forminator-email--field\" data-required=\"1\" aria-required=\"true\" autocomplete=\"email\" \/><\/div><\/div><\/div><div class=\"forminator-row\"><div id=\"phone-1\" class=\"forminator-field-phone forminator-col forminator-col-6 \"><div class=\"forminator-field\"><label for=\"forminator-field-phone-1_69d50d99393c6\" id=\"forminator-field-phone-1_69d50d99393c6-label\" class=\"forminator-label\">Phone<\/label><input type=\"text\" name=\"phone-1\" value=\"\" placeholder=\"E.g. +1 234 567 8900\" id=\"forminator-field-phone-1_69d50d99393c6\" class=\"forminator-input forminator-field--phone\" data-required=\"\" aria-required=\"false\" autocomplete=\"off\" \/><\/div><\/div><div id=\"url-1\" class=\"forminator-field-url forminator-col forminator-col-6 \"><div class=\"forminator-field\"><label for=\"forminator-field-url-1_69d50d99393c6\" id=\"forminator-field-url-1_69d50d99393c6-label\" class=\"forminator-label\">Website<\/label><input type=\"url\" name=\"url-1\" value=\"\" placeholder=\"E.g. http:\/\/www.example.com\" id=\"forminator-field-url-1_69d50d99393c6\" class=\"forminator-input forminator-website--field\" data-required=\"\" aria-required=\"false\" \/><\/div><\/div><\/div><div class=\"forminator-row\"><div id=\"text-3\" class=\"forminator-field-text forminator-col forminator-col-12 \"><div class=\"forminator-field\"><label for=\"forminator-field-text-3_69d50d99393c6\" id=\"forminator-field-text-3_69d50d99393c6-label\" class=\"forminator-label\">Company <span class=\"forminator-required\">*<\/span><\/label><input type=\"text\" name=\"text-3\" value=\"\" placeholder=\"E.g. text placeholder\" id=\"forminator-field-text-3_69d50d99393c6\" class=\"forminator-input forminator-name--field\" data-required=\"1\" \/><\/div><\/div><\/div><div class=\"forminator-row\"><div id=\"textarea-1\" class=\"forminator-field-textarea forminator-col forminator-col-12 \"><div class=\"forminator-field\"><label for=\"forminator-field-textarea-1_69d50d99393c6\" id=\"forminator-field-textarea-1_69d50d99393c6-label\" class=\"forminator-label\">Message<\/label><textarea name=\"textarea-1\" placeholder=\"\" id=\"forminator-field-textarea-1_69d50d99393c6\" class=\"forminator-textarea\" rows=\"6\" style=\"min-height:140px;\" maxlength=\"240\" ><\/textarea><span id=\"forminator-field-textarea-1_69d50d99393c6-description\" class=\"forminator-description\"><span data-limit=\"240\" data-type=\"characters\" data-editor=\"\">0 \/ 240<\/span><\/span><\/div><\/div><\/div><input type=\"hidden\" name=\"referer_url\" value=\"\" \/><div class=\"forminator-row forminator-row-last\"><div class=\"forminator-col\"><div class=\"forminator-field\"><button class=\"forminator-button forminator-button-submit\">Send Message<\/button><\/div><\/div><\/div><input type=\"hidden\" id=\"forminator_nonce\" name=\"forminator_nonce\" value=\"c20cb9deec\" \/><input type=\"hidden\" name=\"_wp_http_referer\" value=\"\/sv\/wp-json\/wp\/v2\/pages\/24272\" \/><input type=\"hidden\" name=\"form_id\" value=\"2039\"><input type=\"hidden\" name=\"page_id\" value=\"24272\"><input type=\"hidden\" name=\"form_type\" value=\"default\"><input type=\"hidden\" name=\"current_url\" value=\"https:\/\/pjama.eu\/sv\/aterforsaljare\/\"><input type=\"hidden\" name=\"render_id\" value=\"1\"><input type=\"hidden\" name=\"action\" value=\"forminator_submit_form_custom-forms\"><label for=\"input_7\" class=\"forminator-hidden\" aria-hidden=\"true\">Please do not fill in this field. <input id=\"input_7\" type=\"text\" name=\"input_7\" value=\"\" autocomplete=\"off\"><\/label><label for=\"input_7\" class=\"forminator-hidden\" aria-hidden=\"true\">Please do not fill in this field. <input id=\"input_7\" type=\"text\" name=\"input_7\" value=\"\" autocomplete=\"off\"><\/label><\/form><\/p>\n","protected":false},"author":1,"featured_media":0,"parent":0,"menu_order":0,"comment_status":"closed","ping_status":"closed","template":"","meta":{"_et_pb_use_builder":"on","_et_pb_old_content":"","_et_gb_content_width":"","footnotes":""},"class_list":["post-24272","page","type-page","status-publish","hentry"],"_links":{"self":[{"href":"https:\/\/pjama.eu\/sv\/wp-json\/wp\/v2\/pages\/24272","targetHints":{"allow":["GET"]}}],"collection":[{"href":"https:\/\/pjama.eu\/sv\/wp-json\/wp\/v2\/pages"}],"about":[{"href":"https:\/\/pjama.eu\/sv\/wp-json\/wp\/v2\/types\/page"}],"author":[{"embeddable":true,"href":"https:\/\/pjama.eu\/sv\/wp-json\/wp\/v2\/users\/1"}],"replies":[{"embeddable":true,"href":"https:\/\/pjama.eu\/sv\/wp-json\/wp\/v2\/comments?post=24272"}],"version-history":[{"count":3,"href":"https:\/\/pjama.eu\/sv\/wp-json\/wp\/v2\/pages\/24272\/revisions"}],"predecessor-version":[{"id":26301,"href":"https:\/\/pjama.eu\/sv\/wp-json\/wp\/v2\/pages\/24272\/revisions\/26301"}],"wp:attachment":[{"href":"https:\/\/pjama.eu\/sv\/wp-json\/wp\/v2\/media?parent=24272"}],"curies":[{"name":"wp","href":"https:\/\/api.w.org\/{rel}","templated":true}]}}