{"id":24284,"date":"2020-03-23T12:20:21","date_gmt":"2020-03-23T11:20:21","guid":{"rendered":"https:\/\/pjama.eu\/pjama-sangvatningsbyxor\/"},"modified":"2025-11-14T11:06:26","modified_gmt":"2025-11-14T10:06:26","slug":"pjama-sangvatningsbyxor","status":"publish","type":"page","link":"https:\/\/pjama.eu\/sv\/pjama-sangvatningsbyxor\/","title":{"rendered":"Pjama S\u00e4ngv\u00e4tningsbyxor"},"content":{"rendered":"<p>[et_pb_section fb_built=&#8221;1&#8243; custom_padding_last_edited=&#8221;on|tablet&#8221; _builder_version=&#8221;4.27.4&#8243; background_color=&#8221;gcid-5eef58f4-760a-49fb-ad33-042d93415a96&#8243; custom_padding=&#8221;7%||0%||false|false&#8221; custom_padding_tablet=&#8221;||7%||false|false&#8221; custom_padding_phone=&#8221;&#8221; top_divider_height_tablet=&#8221;&#8221; top_divider_height_phone=&#8221;&#8221; top_divider_height_last_edited=&#8221;on|tablet&#8221; bottom_divider_color=&#8221;rgba(0,0,0,0)&#8221; bottom_divider_height=&#8221;154px&#8221; bottom_divider_height_tablet=&#8221;202px&#8221; bottom_divider_height_phone=&#8221;&#8221; bottom_divider_height_last_edited=&#8221;on|desktop&#8221; da_disable_devices=&#8221;off|off|off&#8221; collapsed=&#8221;on&#8221; global_colors_info=&#8221;{%22gcid-5eef58f4-760a-49fb-ad33-042d93415a96%22:%91%22background_color%22%93}&#8221; da_is_popup=&#8221;off&#8221; da_exit_intent=&#8221;off&#8221; da_has_close=&#8221;on&#8221; da_alt_close=&#8221;off&#8221; da_dark_close=&#8221;off&#8221; da_not_modal=&#8221;on&#8221; da_is_singular=&#8221;off&#8221; da_with_loader=&#8221;off&#8221; da_has_shadow=&#8221;on&#8221;][et_pb_row _builder_version=&#8221;4.27.4&#8243; custom_margin=&#8221;10px|auto|-20px|auto|false|false&#8221; custom_margin_tablet=&#8221;10px|auto|-20px|auto|false|false&#8221; custom_margin_phone=&#8221;35px|auto|-20px|auto|false|false&#8221; custom_margin_last_edited=&#8221;on|phone&#8221; custom_padding=&#8221;0px||0px||false|false&#8221; global_colors_info=&#8221;{}&#8221;][et_pb_column type=&#8221;4_4&#8243; _builder_version=&#8221;4.16&#8243; global_colors_info=&#8221;{}&#8221;][et_pb_heading title=&#8221;PJAMA PROTECT&#8221; _builder_version=&#8221;4.27.4&#8243; _module_preset=&#8221;default&#8221; title_text_color=&#8221;#D35917&#8243; title_font_size=&#8221;40px&#8221; global_colors_info=&#8221;{}&#8221;][\/et_pb_heading][et_pb_heading title=&#8221;S\u00e4ngv\u00e4tningsbyxor PANTS &amp; SHORTS&#8221; _builder_version=&#8221;4.27.4&#8243; _module_preset=&#8221;default&#8221; title_text_color=&#8221;#F8F8F8&#8243; title_font_size=&#8221;75px&#8221; title_font_size_tablet=&#8221;74px&#8221; title_font_size_phone=&#8221;62px&#8221; title_font_size_last_edited=&#8221;on|phone&#8221; global_colors_info=&#8221;{}&#8221;][\/et_pb_heading][\/et_pb_column][\/et_pb_row][\/et_pb_section][et_pb_section fb_built=&#8221;1&#8243; custom_padding_last_edited=&#8221;on|phone&#8221; _builder_version=&#8221;4.27.4&#8243; _module_preset=&#8221;default&#8221; custom_padding_tablet=&#8221;&#8221; custom_padding_phone=&#8221;85px||||false|false&#8221; top_divider_style=&#8221;asymmetric&#8221; top_divider_color=&#8221;gcid-5eef58f4-760a-49fb-ad33-042d93415a96&#8243; da_disable_devices=&#8221;off|off|off&#8221; global_colors_info=&#8221;{%22gcid-5eef58f4-760a-49fb-ad33-042d93415a96%22:%91%22top_divider_color%22%93}&#8221; da_is_popup=&#8221;off&#8221; da_exit_intent=&#8221;off&#8221; da_has_close=&#8221;on&#8221; da_alt_close=&#8221;off&#8221; da_dark_close=&#8221;off&#8221; da_not_modal=&#8221;on&#8221; da_is_singular=&#8221;off&#8221; da_with_loader=&#8221;off&#8221; da_has_shadow=&#8221;on&#8221;][et_pb_row column_structure=&#8221;1_2,1_2&#8243; custom_padding_last_edited=&#8221;on|phone&#8221; _builder_version=&#8221;4.27.4&#8243; _module_preset=&#8221;default&#8221; custom_margin_tablet=&#8221;&#8221; custom_margin_phone=&#8221;0px||0px||false|false&#8221; custom_margin_last_edited=&#8221;on|phone&#8221; custom_padding=&#8221;75px||||false|false&#8221; custom_padding_tablet=&#8221;&#8221; custom_padding_phone=&#8221;0px||||false|false&#8221; global_colors_info=&#8221;{}&#8221;][et_pb_column type=&#8221;1_2&#8243; _builder_version=&#8221;4.27.4&#8243; _module_preset=&#8221;default&#8221; global_colors_info=&#8221;{}&#8221;][et_pb_image src=&#8221;https:\/\/pjama.eu\/wp-content\/uploads\/Pjama-Pants-Child-01-3.jpg&#8221; alt=&#8221;Pjama Byxor&#8221; title_text=&#8221;Pjama-Byxor-Barn-01 (3)&#8221; align=&#8221;center&#8221; _builder_version=&#8221;4.27.4&#8243; transform_scale=&#8221;135%|135%&#8221; transform_scale_tablet=&#8221;135%|135%&#8221; transform_scale_phone=&#8221;100%|100%&#8221; transform_scale_last_edited=&#8221;on|phone&#8221; transform_translate=&#8221;0px|52px&#8221; transform_translate_tablet=&#8221;0px|52px&#8221; transform_translate_phone=&#8221;0px|6px&#8221; transform_translate_last_edited=&#8221;on|phone&#8221; transform_rotate_tablet=&#8221;&#8221; transform_rotate_phone=&#8221;&#8221; transform_rotate_last_edited=&#8221;on|phone&#8221; transform_skew_tablet=&#8221;&#8221; transform_skew_phone=&#8221;&#8221; transform_skew_last_edited=&#8221;on|phone&#8221; transform_origin_tablet=&#8221;&#8221; transform_origin_phone=&#8221;&#8221; transform_origin_last_edited=&#8221;on|phone&#8221; transform_styles_last_edited=&#8221;on|phone&#8221; custom_margin=&#8221;||0px||false|false&#8221; custom_padding=&#8221;|5%|0px|5%|false|false&#8221; transform_styles_tablet=&#8221;&#8221; transform_styles_phone=&#8221;&#8221; global_colors_info=&#8221;{}&#8221;][\/et_pb_image][\/et_pb_column][et_pb_column type=&#8221;1_2&#8243; _builder_version=&#8221;4.27.4&#8243; _module_preset=&#8221;default&#8221; global_colors_info=&#8221;{}&#8221;][et_pb_text content_tablet=&#8221;<\/p>\n<h3><b>SKYDDA S\u00c4NGEN MED BYXOR OCH SHORTS I PYJAMAS<\/b><span><br \/><\/span><\/h3>\n<p><span>N\u00e4r du b\u00e4r Pjama s\u00e4ngv\u00e4tningsbyxor eller shorts beh\u00f6ver du inte byta s\u00e4ngkl\u00e4der n\u00e4r du kissar i s\u00e4ngen. Det s\u00e4ngv\u00e4tande plagget skyddar lakan, t\u00e4cken och madrasser. <\/span><\/p>\n<p><span>V\u00e5ra s\u00e4ngv\u00e4tningsbyxor g\u00f6r det m\u00f6jligt att delta i aktiviteter som inneb\u00e4r \u00f6vernattningar utanf\u00f6r hemmet. Anv\u00e4nd detta Pjama-plagg p\u00e5 fotbollsl\u00e4ger, skolresor, \u00f6vernattningar eller familjeresor. S\u00e4ngv\u00e4tningsbyxorna och shortsen \u00e4r diskreta och ser ut som vanliga pyjamasbyxor. Med Pjama s\u00e4ngv\u00e4tningsbyxor beh\u00f6vs inga bl\u00f6jor eller s\u00e4ng\u00f6verkast. Om olyckan \u00e4r framme kan du enkelt g\u00e5 p\u00e5 toaletten, tv\u00e4tta dig, ta p\u00e5 dig ett par nya Pjama och somna om.    <\/span><\/p>\n<p>&#8221; content_phone=&#8221;<\/p>\n<h3><b>SKYDDA S\u00c4NGEN MED BYXOR OCH SHORTS I PYJAMAS<\/b><span><br \/><\/span><\/h3>\n<p><span>N\u00e4r du b\u00e4r Pjama s\u00e4ngv\u00e4tningsbyxor eller shorts beh\u00f6ver du inte byta s\u00e4ngkl\u00e4der n\u00e4r du kissar i s\u00e4ngen. Det s\u00e4ngv\u00e4tande plagget skyddar lakan, t\u00e4cken och madrasser. <\/span><\/p>\n<p><span>V\u00e5ra s\u00e4ngv\u00e4tningsbyxor g\u00f6r det m\u00f6jligt att delta i aktiviteter som inneb\u00e4r \u00f6vernattningar utanf\u00f6r hemmet. Anv\u00e4nd detta Pjama-plagg p\u00e5 fotbollsl\u00e4ger, skolresor, \u00f6vernattningar eller familjeresor. S\u00e4ngv\u00e4tningsbyxorna och shortsen \u00e4r diskreta och ser ut som vanliga pyjamasbyxor. Med Pjama s\u00e4ngv\u00e4tningsbyxor beh\u00f6vs inga bl\u00f6jor eller s\u00e4ng\u00f6verkast. Om olyckan \u00e4r framme kan du enkelt g\u00e5 p\u00e5 toaletten, tv\u00e4tta dig, ta p\u00e5 dig ett par nya Pjama och somna om.    <\/span><\/p>\n<p>&#8221; content_last_edited=&#8221;on|phone&#8221; _builder_version=&#8221;4.27.4&#8243; text_font=&#8221;|&#8211;et_global_heading_font_weight|||||||&#8221; header_2_text_color=&#8221;#D35917&#8243; header_3_text_color=&#8221;gcid-5eef58f4-760a-49fb-ad33-042d93415a96&#8243; custom_padding=&#8221;|5%||5%|false|false&#8221; global_colors_info=&#8221;{%22gcid-5eef58f4-760a-49fb-ad33-042d93415a96%22:%91%22header_3_text_color%22%93}&#8221;]<\/p>\n<h3><b>DISCRET, P\u00c5LITLIGA s\u00e4ngv\u00e4tningsbyxor f\u00f6r skydd mot s\u00e4ngv\u00e4tning<\/b><\/h3>\n<h2><b>NATT EFTER NATT<\/b><span style=\"font-weight: 400\"><br \/><\/span><\/h2>\n<p><span style=\"font-weight: 400\">Pjama Protect byxor och shorts \u00e4r de ursprungliga absorberande sovkl\u00e4derna &#8211; utformade f\u00f6r att se ut och k\u00e4nnas som vanliga pyjamasbyxor. De \u00e4r diskreta och p\u00e5litliga och h\u00e5ller s\u00e4ngen torr hela natten utan behov av extra \u00f6verdrag eller bl\u00f6jor. Med Pjama kan barn och vuxna som lider av s\u00e4ngv\u00e4tning sova hos v\u00e4nner, f\u00f6lja med p\u00e5 skolutflykter eller resa med gott sj\u00e4lvf\u00f6rtroende &#8211; i vetskap om att ingen kommer att m\u00e4rka n\u00e5got och att s\u00e4ngen f\u00f6rblir torr. Pjama kan tv\u00e4ttas i maskin och \u00e5teranv\u00e4ndas, och erbjuder p\u00e5litlig kvalitet och sinnesfrid, natt efter natt.   <\/span><\/p>\n<p>[\/et_pb_text][et_pb_button button_url=&#8221;https:\/\/pjama.eu\/sv\/sangvatningsbyxor\/&#8221; button_text=&#8221;K\u00d6P H\u00c4R&#8221; button_alignment=&#8221;center&#8221; _builder_version=&#8221;4.27.4&#8243; _module_preset=&#8221;default&#8221; global_colors_info=&#8221;{}&#8221;][\/et_pb_button][\/et_pb_column][\/et_pb_row][\/et_pb_section][et_pb_section fb_built=&#8221;1&#8243; _builder_version=&#8221;4.27.4&#8243; background_enable_color=&#8221;off&#8221; custom_margin=&#8221;0px||0px||false|false&#8221; custom_margin_tablet=&#8221;-60px||||false|false&#8221; custom_margin_last_edited=&#8221;off|desktop&#8221; custom_padding=&#8221;120px||0px||false|false&#8221; top_divider_height=&#8221;150px&#8221; top_divider_height_tablet=&#8221;65px&#8221; top_divider_height_phone=&#8221;33px&#8221; top_divider_height_last_edited=&#8221;on|phone&#8221; da_disable_devices=&#8221;off|off|off&#8221; collapsed=&#8221;on&#8221; global_colors_info=&#8221;{}&#8221; da_is_popup=&#8221;off&#8221; da_exit_intent=&#8221;off&#8221; da_has_close=&#8221;on&#8221; da_alt_close=&#8221;off&#8221; da_dark_close=&#8221;off&#8221; da_not_modal=&#8221;on&#8221; da_is_singular=&#8221;off&#8221; da_with_loader=&#8221;off&#8221; da_has_shadow=&#8221;on&#8221;][et_pb_row custom_padding_last_edited=&#8221;on|phone&#8221; _builder_version=&#8221;4.27.4&#8243; background_color=&#8221;gcid-5e0c1a9d-15a3-49e1-abda-61e6fadfbe27&#8243; custom_margin=&#8221;40px||50px||false|false&#8221; custom_margin_tablet=&#8221;&#8221; custom_margin_phone=&#8221;-58px||20px||false|false&#8221; custom_margin_last_edited=&#8221;on|phone&#8221; custom_padding=&#8221;|10px||10px|false|true&#8221; custom_padding_tablet=&#8221;&#8221; custom_padding_phone=&#8221;|6px||6px|false|true&#8221; border_radii=&#8221;on|7px|7px|7px|7px&#8221; global_colors_info=&#8221;{%22gcid-5e0c1a9d-15a3-49e1-abda-61e6fadfbe27%22:%91%22background_color%22%93}&#8221;][et_pb_column type=&#8221;4_4&#8243; _builder_version=&#8221;4.16&#8243; global_colors_info=&#8221;{}&#8221;][et_pb_text _builder_version=&#8221;4.27.4&#8243; header_text_color=&#8221;#D35917&#8243; header_font_size=&#8221;33px&#8221; header_2_text_color=&#8221;#D35917&#8243; header_2_font_size=&#8221;40px&#8221; header_3_text_color=&#8221;#D35917&#8243; text_orientation=&#8221;center&#8221; background_layout=&#8221;dark&#8221; header_2_font_size_tablet=&#8221;40px&#8221; header_2_font_size_phone=&#8221;30px&#8221; header_2_font_size_last_edited=&#8221;on|phone&#8221; global_colors_info=&#8221;{}&#8221;]<\/p>\n<h2><b>Se hur Pjama Protect Pants &amp; Shorts fungerar  <\/b><\/h2>\n<p>[\/et_pb_text][et_pb_video src=&#8221;https:\/\/pjama.eu\/wp-content\/uploads\/Pjama-for-bedwetters-US.mp4&#8243; image_src=&#8221;https:\/\/pjama.eu\/wp-content\/uploads\/Pjama_bedwetting_use-1.jpg&#8221; play_icon_color=&#8221;#F8F8F8&#8243; thumbnail_overlay_color=&#8221;rgba(247,247,247,0.8)&#8221; _builder_version=&#8221;4.27.4&#8243; width=&#8221;70%&#8221; width_tablet=&#8221;90%&#8221; width_phone=&#8221;90%&#8221; width_last_edited=&#8221;on|desktop&#8221; module_alignment=&#8221;center&#8221; border_radii=&#8221;on|10px|10px|10px|10px&#8221; border_width_all=&#8221;3px&#8221; border_color_all=&#8221;#F8F8F8&#8243; box_shadow_style=&#8221;preset1&#8243; global_colors_info=&#8221;{}&#8221;][\/et_pb_video][et_pb_text _builder_version=&#8221;4.27.4&#8243; text_orientation=&#8221;center&#8221; background_layout=&#8221;dark&#8221; global_colors_info=&#8221;{}&#8221;]<\/p>\n<h3>Eftersom b\u00e4ttre natt spelar roll<\/h3>\n<p>[\/et_pb_text][et_pb_button button_url=&#8221;https:\/\/pjama.eu\/shop-pjama\/&#8221; button_text=&#8221;K\u00f6p den h\u00e4r&#8221; button_alignment=&#8221;center&#8221; _builder_version=&#8221;4.27.4&#8243; custom_button=&#8221;on&#8221; button_text_color=&#8221;#ffffff&#8221; button_bg_color=&#8221;#61A2DF&#8221; button_use_icon=&#8221;off&#8221; global_colors_info=&#8221;{}&#8221; button_bg_color__hover_enabled=&#8221;on|hover&#8221; button_bg_color__hover=&#8221;rgba(31,68,139,0.8)&#8221; button_bg_enable_color__hover=&#8221;on&#8221;][\/et_pb_button][\/et_pb_column][\/et_pb_row][et_pb_row column_structure=&#8221;1_2,1_2&#8243; custom_padding_last_edited=&#8221;on|phone&#8221; _builder_version=&#8221;4.27.4&#8243; _module_preset=&#8221;default&#8221; custom_padding_tablet=&#8221;&#8221; custom_padding_phone=&#8221;40px||||false|false&#8221; global_colors_info=&#8221;{}&#8221;][et_pb_column type=&#8221;1_2&#8243; _builder_version=&#8221;4.27.4&#8243; _module_preset=&#8221;default&#8221; global_colors_info=&#8221;{}&#8221;][et_pb_image src=&#8221;https:\/\/pjama.eu\/wp-content\/uploads\/Pjama-byxor_shorts-1.jpeg&#8221; alt=&#8221;Pjama byxor_shorts&#8221; title_text=&#8221;Pjama byxor_shorts (1)&#8221; _builder_version=&#8221;4.27.4&#8243; _module_preset=&#8221;default&#8221; border_radii=&#8221;on|10px|10px|10px|10px&#8221; global_colors_info=&#8221;{}&#8221;][\/et_pb_image][et_pb_text _builder_version=&#8221;4.27.4&#8243; _module_preset=&#8221;default&#8221; text_font=&#8221;|&#8211;et_global_heading_font_weight|||||||&#8221; header_3_text_color=&#8221;gcid-5eef58f4-760a-49fb-ad33-042d93415a96&#8243; custom_margin_tablet=&#8221;&#8221; custom_margin_phone=&#8221;0px||||false|false&#8221; custom_margin_last_edited=&#8221;on|phone&#8221; custom_padding_tablet=&#8221;&#8221; custom_padding_phone=&#8221;0px||20px||false|false&#8221; custom_padding_last_edited=&#8221;on|phone&#8221; global_colors_info=&#8221;{%22gcid-5eef58f4-760a-49fb-ad33-042d93415a96%22:%91%22header_3_text_color%22%93}&#8221;]<\/p>\n<h3><b>F\u00d6R SKYDDADE N\u00c4TTER HEMMA ELLER BORTA<\/b><\/h3>\n<p>Pjama Protect Nattkl\u00e4der och Pjama DryGuardians Nattkl\u00e4der \u00e4r utformade f\u00f6r barn, ton\u00e5ringar och vuxna som upplever s\u00e4ngv\u00e4tning. De \u00e4r patenterade, absorberande och helt tv\u00e4ttbara och h\u00e5ller s\u00e4ngen torr &#8211; natt efter natt. <a href=\"https:\/\/pjama.eu\/bedwetting-pants\/\"><strong>Pjama Protect s\u00f6mnkl\u00e4der<\/strong><\/a> erbjuder diskret skydd och sinnesfrid, medan <a href=\"https:\/\/pjama.eu\/bedwetting-alarm\/\"><strong>Pjama DryGuardians Nattkl\u00e4der<\/strong><\/a> kan ocks\u00e5 anslutas till Pjama S\u00e4ngv\u00e4tningslarm och DryGuardians-appen f\u00f6r aktiv behandling. <\/p>\n<p>N\u00e4r olyckan \u00e4r framme absorberar det inre lagret urinen medan yttertyget h\u00e5ller sig torrt. B\u00e4raren k\u00e4nner en l\u00e4tt fuktk\u00e4nsla inuti &#8211; diskret feedback som st\u00f6der inl\u00e4rningsprocessen. Med tiden hj\u00e4lper detta kroppen att vakna upp och ta steg mot att \u00f6vervinna s\u00e4ngv\u00e4tning.  <\/p>\n<p>[\/et_pb_text][\/et_pb_column][et_pb_column type=&#8221;1_2&#8243; _builder_version=&#8221;4.27.4&#8243; _module_preset=&#8221;default&#8221; global_colors_info=&#8221;{}&#8221;][et_pb_image src=&#8221;https:\/\/pjama.eu\/wp-content\/uploads\/pjama-bedvetting-poring-water-1-1.jpg&#8221; alt=&#8221;Pjama byxor shorts material&#8221; title_text=&#8221;Pjama-s\u00e4ngvetting-poring-vatten-1 (1)&#8221; _builder_version=&#8221;4.27.4&#8243; _module_preset=&#8221;default&#8221; border_radii=&#8221;on|10px|10px|10px|10px&#8221; global_colors_info=&#8221;{}&#8221;][\/et_pb_image][et_pb_text _builder_version=&#8221;4.27.4&#8243; _module_preset=&#8221;default&#8221; text_font=&#8221;&#8211;et_global_body_font|&#8211;et_global_heading_font_weight|||||||&#8221; header_3_text_color=&#8221;gcid-5eef58f4-760a-49fb-ad33-042d93415a96&#8243; ul_font_size_tablet=&#8221;&#8221; ul_font_size_phone=&#8221;17px&#8221; ul_font_size_last_edited=&#8221;on|phone&#8221; global_colors_info=&#8221;{%22gcid-5eef58f4-760a-49fb-ad33-042d93415a96%22:%91%22header_3_text_color%22%93}&#8221;]<\/p>\n<h3>H\u00d6G KVALITET &#8211; UTFORMAD F\u00d6R KOMFORT OCH TILLF\u00d6RLITLIGHET<\/h3>\n<p>Pjama Protect och Pjama DryGuardians Nattkl\u00e4der \u00e4r tillverkade av mjukt Tencel\u2122 med ett vattent\u00e4tt membran som andas och h\u00f6gabsorberande lager som st\u00e4nger in v\u00e4tska. Alla tyger \u00e4r <span style=\"font-weight: 400\"> <a href=\"https:\/\/www.oeko-tex.com\/en\/our-standards\/oeko-tex-standard-100\" target=\"_blank\" rel=\"noopener\">Oeko-Tex<\/a> <\/span>certifierade och uppfyller de h\u00f6gsta kraven p\u00e5 s\u00e4kerhet och hudv\u00e4nlighet. <\/p>\n<ul>\n<li data-start=\"517\" data-end=\"593\">Hydrofobiskt tyg i midjan och \u00e4rmsluten h\u00e5ller fukten d\u00e4r den h\u00f6r hemma.<\/li>\n<li data-start=\"596\" data-end=\"651\">Superabsorberande material i viktiga omr\u00e5den f\u00f6rhindrar l\u00e4ckage.<\/li>\n<li data-start=\"654\" data-end=\"710\">Ett ytterlager som \u00e4r b\u00e5de vattent\u00e4tt och andas.<\/li>\n<li data-start=\"713\" data-end=\"804\">Ett mjukt innertyg som k\u00e4nns skonsamt mot huden samtidigt som det diskret absorberar v\u00e4tska.<\/li>\n<\/ul>\n<p data-start=\"806\" data-end=\"954\">Resultatet \u00e4r en pyjamas som ser ut och k\u00e4nns som vanliga s\u00f6mnkl\u00e4der &#8211; men som ger ett p\u00e5litligt skydd mot s\u00e4ngv\u00e4tning f\u00f6r barn, ton\u00e5ringar och vuxna, natt efter natt.<\/p>\n<ul><\/ul>\n<p>[\/et_pb_text][\/et_pb_column][\/et_pb_row][\/et_pb_section][et_pb_section fb_built=&#8221;1&#8243; custom_padding_last_edited=&#8221;on|phone&#8221; _builder_version=&#8221;4.27.4&#8243; _module_preset=&#8221;default&#8221; background_color=&#8221;#FFFFFF&#8221; custom_padding_tablet=&#8221;&#8221; custom_padding_phone=&#8221;0px||0px||false|false&#8221; da_disable_devices=&#8221;off|off|off&#8221; global_colors_info=&#8221;{}&#8221; da_is_popup=&#8221;off&#8221; da_exit_intent=&#8221;off&#8221; da_has_close=&#8221;on&#8221; da_alt_close=&#8221;off&#8221; da_dark_close=&#8221;off&#8221; da_not_modal=&#8221;on&#8221; da_is_singular=&#8221;off&#8221; da_with_loader=&#8221;off&#8221; da_has_shadow=&#8221;on&#8221;][et_pb_row column_structure=&#8221;1_2,1_2&#8243; _builder_version=&#8221;4.27.4&#8243; _module_preset=&#8221;default&#8221; global_colors_info=&#8221;{}&#8221;][et_pb_column type=&#8221;1_2&#8243; _builder_version=&#8221;4.27.4&#8243; _module_preset=&#8221;default&#8221; global_colors_info=&#8221;{}&#8221;][et_pb_image src=&#8221;https:\/\/pjama.eu\/wp-content\/uploads\/Pjama-boy-jumping-7556-1.jpg&#8221; alt=&#8221;Pjama S\u00e4ngv\u00e4tningsbyxor&#8221; title_text=&#8221;Pjama-boy-jumping-7556 (1)&#8221; _builder_version=&#8221;4.27.4&#8243; width=&#8221;100%&#8221; custom_margin=&#8221;-10px||15px||false|false&#8221; custom_padding=&#8221;|5%||0%|false|false&#8221; border_radii=&#8221;on|10px|10px|10px|10px&#8221; global_colors_info=&#8221;{}&#8221;][\/et_pb_image][et_pb_text _builder_version=&#8221;4.27.4&#8243; _module_preset=&#8221;default&#8221; header_3_text_color=&#8221;gcid-5eef58f4-760a-49fb-ad33-042d93415a96&#8243; custom_margin_tablet=&#8221;&#8221; custom_margin_phone=&#8221;&#8221; custom_margin_last_edited=&#8221;on|phone&#8221; custom_padding_tablet=&#8221;&#8221; custom_padding_phone=&#8221;||40px||false|false&#8221; custom_padding_last_edited=&#8221;on|phone&#8221; global_colors_info=&#8221;{%22gcid-5eef58f4-760a-49fb-ad33-042d93415a96%22:%91%22header_3_text_color%22%93}&#8221;]<\/p>\n<h3>F\u00d6R BARN<\/h3>\n<p><span style=\"font-weight: 400\">Pjama Protect och Pjama DryGuardians Nattkl\u00e4der finns som byxor och shorts i flera storlekar, skr\u00e4ddarsydda f\u00f6r v\u00e4xande barn. Mjuka, diskreta och absorberande &#8211; de h\u00e5ller s\u00e4ngen torr och olyckor privata, vilket hj\u00e4lper b\u00e5de barn och f\u00f6r\u00e4ldrar att sova l\u00e4ttare. De kan tv\u00e4ttas i maskin och torktumlas f\u00f6r att underl\u00e4tta vardagen och h\u00e5lla l\u00e4nge.  <\/span><\/p>\n<p>[\/et_pb_text][\/et_pb_column][et_pb_column type=&#8221;1_2&#8243; _builder_version=&#8221;4.27.4&#8243; _module_preset=&#8221;default&#8221; global_colors_info=&#8221;{}&#8221;][et_pb_image src=&#8221;https:\/\/pjama.eu\/wp-content\/uploads\/Blue_shorts_adult-1-1.jpg&#8221; alt=&#8221;S\u00e4ngv\u00e4tningsbyxor vuxen&#8221; title_text=&#8221;Bl\u00e5_shorts_vuxen-1-1&#8243; _builder_version=&#8221;4.27.4&#8243; custom_margin=&#8221;-10px||15px||false|false&#8221; custom_padding=&#8221;|5%||0%|false|false&#8221; border_radii=&#8221;on|10px|10px|10px|10px&#8221; global_colors_info=&#8221;{}&#8221;][\/et_pb_image][et_pb_text _builder_version=&#8221;4.27.4&#8243; _module_preset=&#8221;default&#8221; header_3_text_color=&#8221;gcid-5eef58f4-760a-49fb-ad33-042d93415a96&#8243; global_colors_info=&#8221;{%22gcid-5eef58f4-760a-49fb-ad33-042d93415a96%22:%91%22header_3_text_color%22%93}&#8221;]<\/p>\n<h3>F\u00d6R VUXNA<\/h3>\n<p><span style=\"font-weight: 400\">Pjama Sleepwear f\u00f6r vuxna erbjuder diskret, tillf\u00f6rlitligt skydd &#8211; oavsett om du \u00e4r hemma eller p\u00e5 resande fot. Dessa absorberande byxor och shorts finns i flera storlekar f\u00f6r en bekv\u00e4m passform och h\u00e5ller s\u00e4ngen torr hela natten. De \u00e4r l\u00e4tta att tv\u00e4tta i 60\u00b0C och torktumla och kombinerar p\u00e5litlig funktionalitet med komfort och sinnesfrid.    <\/span><\/p>\n<p>[\/et_pb_text][\/et_pb_column][\/et_pb_row][et_pb_row column_structure=&#8221;1_2,1_2&#8243; _builder_version=&#8221;4.27.4&#8243; _module_preset=&#8221;default&#8221; global_colors_info=&#8221;{}&#8221;][et_pb_column type=&#8221;1_2&#8243; _builder_version=&#8221;4.27.4&#8243; _module_preset=&#8221;default&#8221; global_colors_info=&#8221;{}&#8221;][et_pb_image src=&#8221;https:\/\/pjama.eu\/wp-content\/uploads\/Pjama_how_it_works.png&#8221; title_text=&#8221;Pjama_hur_det_fungerar&#8221; _builder_version=&#8221;4.27.4&#8243; _module_preset=&#8221;default&#8221; global_colors_info=&#8221;{}&#8221;][\/et_pb_image][\/et_pb_column][et_pb_column type=&#8221;1_2&#8243; _builder_version=&#8221;4.27.4&#8243; _module_preset=&#8221;default&#8221; global_colors_info=&#8221;{}&#8221;][et_pb_text ol_position_tablet=&#8221;&#8221; ol_position_phone=&#8221;outside&#8221; ol_position_last_edited=&#8221;on|phone&#8221; ol_item_indent_tablet=&#8221;&#8221; ol_item_indent_phone=&#8221;0px&#8221; ol_item_indent_last_edited=&#8221;on|phone&#8221; module_class=&#8221;custom_bullets_wpcc custom_bullets_wpcc&#8211;point&#8221; _builder_version=&#8221;4.27.4&#8243; header_3_text_color=&#8221;gcid-5eef58f4-760a-49fb-ad33-042d93415a96&#8243; custom_margin=&#8221;||-50px||false|false&#8221; custom_padding=&#8221;|5%|0px|5%|false|false&#8221; ul_font_size_tablet=&#8221;&#8221; ul_font_size_phone=&#8221;17px&#8221; ul_font_size_last_edited=&#8221;on|phone&#8221; ol_font_size_tablet=&#8221;&#8221; ol_font_size_phone=&#8221;17px&#8221; ol_font_size_last_edited=&#8221;on|phone&#8221; ol_line_height_tablet=&#8221;&#8221; ol_line_height_phone=&#8221;1.1em&#8221; ol_line_height_last_edited=&#8221;on|phone&#8221; global_colors_info=&#8221;{%22gcid-5eef58f4-760a-49fb-ad33-042d93415a96%22:%91%22header_3_text_color%22%93}&#8221;]<\/p>\n<h3>PRODUKTEGENSKAPER:<\/h3>\n<ul>\n<li style=\"font-weight: 400\"><span style=\"font-weight: 400\">Diskret design &#8211; ser ut och k\u00e4nns som vanliga nattplagg<\/span><\/li>\n<li style=\"font-weight: 400\"><span>Superabsorberande material p\u00e5 kritiska st\u00e4llen h\u00e5ller s\u00e4ngen torr<\/span><\/li>\n<li style=\"font-weight: 400\"><span style=\"font-weight: 400\">Vattenavvisande material i midjan och \u00e4rmslut\/kn\u00e4veck<\/span><\/li>\n<li style=\"font-weight: 400\">Yttre vattent\u00e4tt men ventilerande lager<\/li>\n<li style=\"font-weight: 400\">Mjukt innertyg, skonsamt mot huden<\/li>\n<li style=\"font-weight: 400\">Kan maskintv\u00e4ttas i 60\u00b0C och t\u00e5l torktumling<\/li>\n<li style=\"font-weight: 400\">Finns f\u00f6r barn och vuxna, i byxor och shorts<\/li>\n<li style=\"font-weight: 400\">F\u00e4rg: Bl\u00e5 (Pjama Protect-serien)<\/li>\n<\/ul>\n<p>[\/et_pb_text][\/et_pb_column][\/et_pb_row][\/et_pb_section]<\/p>\n","protected":false},"excerpt":{"rendered":"<p>DISCRET, P\u00c5LITLIGA s\u00e4ngv\u00e4tningsbyxor f\u00f6r skydd mot s\u00e4ngv\u00e4tning NATT EFTER NATT Pjama Protect byxor och shorts \u00e4r de ursprungliga absorberande sovkl\u00e4derna &#8211; utformade f\u00f6r att se ut och k\u00e4nnas som vanliga pyjamasbyxor. De \u00e4r diskreta och p\u00e5litliga och h\u00e5ller s\u00e4ngen torr hela natten utan behov av extra \u00f6verdrag eller bl\u00f6jor. Med Pjama kan barn och vuxna [&hellip;]<\/p>\n","protected":false},"author":1,"featured_media":31354,"parent":0,"menu_order":0,"comment_status":"closed","ping_status":"closed","template":"","meta":{"_et_pb_use_builder":"on","_et_pb_old_content":"","_et_gb_content_width":"","footnotes":""},"class_list":["post-24284","page","type-page","status-publish","has-post-thumbnail","hentry"],"_links":{"self":[{"href":"https:\/\/pjama.eu\/sv\/wp-json\/wp\/v2\/pages\/24284","targetHints":{"allow":["GET"]}}],"collection":[{"href":"https:\/\/pjama.eu\/sv\/wp-json\/wp\/v2\/pages"}],"about":[{"href":"https:\/\/pjama.eu\/sv\/wp-json\/wp\/v2\/types\/page"}],"author":[{"embeddable":true,"href":"https:\/\/pjama.eu\/sv\/wp-json\/wp\/v2\/users\/1"}],"replies":[{"embeddable":true,"href":"https:\/\/pjama.eu\/sv\/wp-json\/wp\/v2\/comments?post=24284"}],"version-history":[{"count":3,"href":"https:\/\/pjama.eu\/sv\/wp-json\/wp\/v2\/pages\/24284\/revisions"}],"predecessor-version":[{"id":26929,"href":"https:\/\/pjama.eu\/sv\/wp-json\/wp\/v2\/pages\/24284\/revisions\/26929"}],"wp:featuredmedia":[{"embeddable":true,"href":"https:\/\/pjama.eu\/sv\/wp-json\/wp\/v2\/media\/31354"}],"wp:attachment":[{"href":"https:\/\/pjama.eu\/sv\/wp-json\/wp\/v2\/media?parent=24284"}],"curies":[{"name":"wp","href":"https:\/\/api.w.org\/{rel}","templated":true}]}}