{"id":24294,"date":"2020-03-26T14:58:36","date_gmt":"2020-03-26T13:58:36","guid":{"rendered":"https:\/\/pjama.eu\/uttag-och-aterlamnande\/"},"modified":"2026-02-27T14:20:52","modified_gmt":"2026-02-27T13:20:52","slug":"uttag-och-aterlamnande","status":"publish","type":"page","link":"https:\/\/pjama.eu\/sv\/uttag-och-aterlamnande\/","title":{"rendered":"Uttag och \u00e5terl\u00e4mnande"},"content":{"rendered":"<p>[et_pb_section fb_built=&#8221;1&#8243; custom_padding_last_edited=&#8221;on|phone&#8221; _builder_version=&#8221;4.27.4&#8243; background_color=&#8221;gcid-5eef58f4-760a-49fb-ad33-042d93415a96&#8243; background_enable_image=&#8221;off&#8221; background_position=&#8221;top_right&#8221; custom_padding=&#8221;100px||49px||false|false&#8221; custom_padding_tablet=&#8221;90px||0px||false|false&#8221; custom_padding_phone=&#8221;40px||0px||false|false&#8221; top_divider_color=&#8221;#61a2df&#8221; top_divider_height=&#8221;500px&#8221; bottom_divider_style=&#8221;asymmetric&#8221; bottom_divider_color=&#8221;#ffffff&#8221; da_disable_devices=&#8221;off|off|off&#8221; collapsed=&#8221;on&#8221; global_colors_info=&#8221;{%22gcid-5eef58f4-760a-49fb-ad33-042d93415a96%22:%91%22background_color%22%93}&#8221; da_is_popup=&#8221;off&#8221; da_exit_intent=&#8221;off&#8221; da_has_close=&#8221;on&#8221; da_alt_close=&#8221;off&#8221; da_dark_close=&#8221;off&#8221; da_not_modal=&#8221;on&#8221; da_is_singular=&#8221;off&#8221; da_with_loader=&#8221;off&#8221; da_has_shadow=&#8221;on&#8221;][et_pb_row _builder_version=&#8221;4.16&#8243; custom_margin=&#8221;|auto|60px|auto||&#8221; global_colors_info=&#8221;{}&#8221;][et_pb_column type=&#8221;4_4&#8243; _builder_version=&#8221;4.16&#8243; global_colors_info=&#8221;{}&#8221;][et_pb_heading title=&#8221;PJAMA&#8221; _builder_version=&#8221;4.27.4&#8243; _module_preset=&#8221;default&#8221; title_text_color=&#8221;#D35917&#8243; title_font_size=&#8221;40px&#8221; title_font_size_tablet=&#8221;40px&#8221; title_font_size_phone=&#8221;25px&#8221; title_font_size_last_edited=&#8221;on|phone&#8221; global_colors_info=&#8221;{}&#8221;][\/et_pb_heading][et_pb_text _builder_version=&#8221;4.27.4&#8243; header_text_align=&#8221;left&#8221; header_font_size=&#8221;75px&#8221; text_orientation=&#8221;right&#8221; background_layout=&#8221;dark&#8221; custom_padding_tablet=&#8221;&#8221; custom_padding_phone=&#8221;0px||54px||false|false&#8221; custom_padding_last_edited=&#8221;on|phone&#8221; header_font_size_tablet=&#8221;75px&#8221; header_font_size_phone=&#8221;40px&#8221; header_font_size_last_edited=&#8221;on|phone&#8221; global_colors_info=&#8221;{}&#8221;]<\/p>\n<h1 class=\"hero\">garanti och retur<\/h1>\n<p>[\/et_pb_text][\/et_pb_column][\/et_pb_row][\/et_pb_section][et_pb_section fb_built=&#8221;1&#8243; _builder_version=&#8221;4.16&#8243; background_color=&#8221;rgba(255,255,255,0)&#8221; custom_margin_tablet=&#8221;-60px||||false|false&#8221; custom_margin_phone=&#8221;&#8221; custom_margin_last_edited=&#8221;on|phone&#8221; custom_padding=&#8221;0px||0px|||&#8221; da_disable_devices=&#8221;off|off|off&#8221; collapsed=&#8221;on&#8221; global_colors_info=&#8221;{}&#8221; da_is_popup=&#8221;off&#8221; da_exit_intent=&#8221;off&#8221; da_has_close=&#8221;on&#8221; da_alt_close=&#8221;off&#8221; da_dark_close=&#8221;off&#8221; da_not_modal=&#8221;on&#8221; da_is_singular=&#8221;off&#8221; da_with_loader=&#8221;off&#8221; da_has_shadow=&#8221;on&#8221;][et_pb_row custom_padding_last_edited=&#8221;on|desktop&#8221; _builder_version=&#8221;4.16&#8243; background_size=&#8221;initial&#8221; background_position=&#8221;top_left&#8221; background_repeat=&#8221;repeat&#8221; width=&#8221;65%&#8221; width_tablet=&#8221;80%&#8221; width_phone=&#8221;90%&#8221; width_last_edited=&#8221;on|desktop&#8221; custom_padding=&#8221;||60px|||&#8221; custom_padding_tablet=&#8221;||0px||false|false&#8221; custom_padding_phone=&#8221;&#8221; global_colors_info=&#8221;{}&#8221;][et_pb_column type=&#8221;4_4&#8243; _builder_version=&#8221;4.16&#8243; custom_padding=&#8221;|||&#8221; global_colors_info=&#8221;{}&#8221; custom_padding__hover=&#8221;|||&#8221;][et_pb_text _builder_version=&#8221;4.27.4&#8243; header_2_text_color=&#8221;gcid-5eef58f4-760a-49fb-ad33-042d93415a96&#8243; global_colors_info=&#8221;{%22gcid-5eef58f4-760a-49fb-ad33-042d93415a96%22:%91%22header_2_text_color%22%93}&#8221;]<\/p>\n<h2>R\u00c4TT TILL AVBEST\u00c4LLNING OCH \u00c5TERL\u00c4MNANDE AV VARA(N)<\/h2>\n<p>Du har r\u00e4tt att h\u00e4va ditt k\u00f6p om den vara du har k\u00f6pt av oss inte motsvarar dina f\u00f6rv\u00e4ntningar. Ingen aff\u00e4r \u00e4r avslutad f\u00f6rr\u00e4n du har mottagit och accepterat din(a) vara(r). Du ska vara helt n\u00f6jd, annars f\u00e5r du pengarna tillbaka. Om du inte \u00e4r n\u00f6jd har du 14 dagar p\u00e5 dig fr\u00e5n den dag du tog emot din(a) vara(r). Du har r\u00e4tt att \u00f6ppna f\u00f6rpackningen f\u00f6r att kontrollera att varan\/varorna \u00e4r i perfekt skick.    <\/p>\n<p>Produkten m\u00e5ste, f\u00f6r att returen ska godk\u00e4nnas, skickas tillbaka i samma skick och ska returneras i sin originalf\u00f6rpackning tillsammans med alla tillh\u00f6rande manualer och delar. Returen kommer att ske i samma fraktk\u00e4rl som den kom i eller motsvarande. N\u00e4r du utnyttjar din r\u00e4tt enligt ovan kommer du, vid tillfredsst\u00e4llande retur, att f\u00e5 \u00e5terbetalning (exklusive betald kostnad f\u00f6r returporto) fr\u00e5n oss inom 30 dagar fr\u00e5n det att vi mottagit varorna.  <\/p>\n<h2>R\u00c4TT TILL UTBYTE<\/h2>\n<p>Som kund har du r\u00e4tt att byta ut din(a) vara(r) mot en likv\u00e4rdig produkt inom 14 dagar fr\u00e5n mottagandet av varan\/varorna, dock g\u00e4ller inte bytesr\u00e4tten f\u00f6r f\u00f6rs\u00e4ljnings- och kampanjvaror. F\u00f6r att en retur ska godk\u00e4nnas m\u00e5ste varan\/varorna returneras i sitt ursprungliga skick och i sin originalf\u00f6rpackning tillsammans med alla tillh\u00f6rande manualer och delar. Returen ska ske med samma f\u00f6rpackning som n\u00e4r den mottogs, eller med likv\u00e4rdig f\u00f6rpackning. Vid byte av k\u00f6pt(a) vara(n) st\u00e5r vi f\u00f6r kostnaden f\u00f6r returfrakten.   <\/p>\n<h2>KLAGOM\u00c5L<\/h2>\n<p>Skulle varan vara skadad vid mottagandet, eller skulle du f\u00e5 en felaktig vara, eller skulle varan p\u00e5 annat s\u00e4tt avvika fr\u00e5n vad som avtalats mellan dig och oss, har du r\u00e4tt att reklamera varan. Reklamation avseende en vara ska ske s\u00e5 snart som m\u00f6jligt. En reklamation som g\u00f6rs inom 2 m\u00e5nader fr\u00e5n det att felet uppt\u00e4cktes anses alltid ha gjorts inom den till\u00e5tna tiden. S\u00e5 snart en returnerad vara har mottagits i enlighet med vad som anges ovan under &#8221;R\u00e4tt till h\u00e4vning av k\u00f6p och retur av vara(n)&#8221; kommer en \u00e5terbetalning att ske till dig inom 30 dagar fr\u00e5n det att vi mottagit din reklamation.   <\/p>\n<p>Din r\u00e4tt att reklamera en k\u00f6pt vara styrs av de regler som g\u00e4ller enligt lagarna i det land fr\u00e5n vilket du har gjort din best\u00e4llning. Din r\u00e4tt att reklamera en k\u00f6pt vara ska dock aldrig \u00f6verstiga 2 \u00e5r. <\/p>\n<p><strong>Om du beh\u00f6ver mer instruktioner om hur du l\u00e4mnar in ett klagom\u00e5l, v\u00e4nligen kontakta v\u00e5r kundtj\u00e4nst via e-post p\u00e5 <a href=\"mailto:support@pjama.se\">support@pjama.se.<\/a><\/strong><\/p>\n<p>Skulle varan vara felaktig, defekt eller skulle du ha f\u00e5tt fel vara, st\u00e5r vi f\u00f6r kostnaden f\u00f6r returfrakten.<\/p>\n<h2>ANSVAR VID \u00c5TERL\u00c4MNANDE AV VAROR<\/h2>\n<p>Vid utnyttjande av \u00e5ngerr\u00e4tt, reklamationsr\u00e4tt eller bytesr\u00e4tt ansvarar du f\u00f6r den eller de returnerade varorna under returtransporten och du \u00e4r d\u00e4rmed skyldig att ers\u00e4tta oss f\u00f6r den eller de returnerade varorna om de skadas eller kommer bort under returtransporten. Med tanke p\u00e5 att du \u00e4r ansvarig f\u00f6r den returnerade varan tills den har mottagits av oss, rekommenderar vi att du noterar paketets sp\u00e5rningsnummer. <\/p>\n<p>[\/et_pb_text][et_pb_cta title=&#8221;Instruktioner&#8221; button_url=&#8221;https:\/\/pjama.eu\/wp-content\/uploads\/F15-03-Return-form-SE-2024.pdf&#8221; url_new_window=&#8221;on&#8221; button_text=&#8221;Ladda ner instruktioner&#8221; _builder_version=&#8221;4.27.5&#8243; header_text_color=&#8221;#D35917&#8243; background_color=&#8221;gcid-5eef58f4-760a-49fb-ad33-042d93415a96&#8243; custom_margin=&#8221;||20px||false|false&#8221; custom_margin_tablet=&#8221;&#8221; custom_margin_phone=&#8221;||20px||false|false&#8221; custom_margin_last_edited=&#8221;on|phone&#8221; hover_enabled=&#8221;0&#8243; border_radii=&#8221;on|10px|10px|10px|10px&#8221; box_shadow_style=&#8221;preset1&#8243; global_colors_info=&#8221;{%22gcid-5eef58f4-760a-49fb-ad33-042d93415a96%22:%91%22background_color%22%93}&#8221; sticky_enabled=&#8221;0&#8243;]<\/p>\n<p><strong>F\u00f6r \u00e5ngerr\u00e4tt, utbyte, retur eller reklamation, ladda ner och l\u00e4s instruktionerna.<\/strong><\/p>\n<p>[\/et_pb_cta][\/et_pb_column][\/et_pb_row][\/et_pb_section][et_pb_section fb_built=&#8221;1&#8243; _builder_version=&#8221;4.27.4&#8243; background_enable_color=&#8221;off&#8221; custom_margin_tablet=&#8221;-60px||||false|false&#8221; custom_margin_phone=&#8221;&#8221; custom_margin_last_edited=&#8221;on|phone&#8221; custom_padding=&#8221;20px||||false|false&#8221; da_disable_devices=&#8221;off|off|off&#8221; collapsed=&#8221;on&#8221; global_colors_info=&#8221;{}&#8221; da_is_popup=&#8221;off&#8221; da_exit_intent=&#8221;off&#8221; da_has_close=&#8221;on&#8221; da_alt_close=&#8221;off&#8221; da_dark_close=&#8221;off&#8221; da_not_modal=&#8221;on&#8221; da_is_singular=&#8221;off&#8221; da_with_loader=&#8221;off&#8221; da_has_shadow=&#8221;on&#8221;][et_pb_row custom_padding_last_edited=&#8221;on|desktop&#8221; _builder_version=&#8221;4.16&#8243; background_size=&#8221;initial&#8221; background_position=&#8221;top_left&#8221; background_repeat=&#8221;repeat&#8221; width=&#8221;65%&#8221; width_tablet=&#8221;80%&#8221; width_phone=&#8221;90%&#8221; width_last_edited=&#8221;on|desktop&#8221; custom_padding=&#8221;||60px|||&#8221; custom_padding_tablet=&#8221;||0px||false|false&#8221; custom_padding_phone=&#8221;&#8221; global_colors_info=&#8221;{}&#8221;][et_pb_column type=&#8221;4_4&#8243; _builder_version=&#8221;4.16&#8243; custom_padding=&#8221;|||&#8221; global_colors_info=&#8221;{}&#8221; custom_padding__hover=&#8221;|||&#8221;][et_pb_text module_id=&#8221;delivery&#8221; _builder_version=&#8221;4.27.4&#8243; header_2_text_color=&#8221;gcid-5eef58f4-760a-49fb-ad33-042d93415a96&#8243; global_colors_info=&#8221;{%22gcid-5eef58f4-760a-49fb-ad33-042d93415a96%22:%91%22header_2_text_color%22%93}&#8221;]<\/p>\n<h2>LEVERANS<\/h2>\n<p>Leverans sker normalt inom 10 arbetsdagar. Skulle en leveransf\u00f6rsening uppst\u00e5 har du r\u00e4tt att h\u00e4va k\u00f6pet utan kostnad om du inte accepterar det f\u00f6reslagna nya leveransdatumet. \u00c5terbetalning av din betalning sker inom 30 dagar fr\u00e5n det att vi mottagit ditt meddelande om h\u00e4vning av k\u00f6pet.  <\/p>\n<p>Du kommer att informeras via sms eller brev n\u00e4r varan\/varorna \u00e4r redo f\u00f6r uth\u00e4mtning. F\u00f6r paket som inte h\u00e4mtas ut tar vi ut en avgift f\u00f6r att t\u00e4cka administrations- och fraktkostnader (transport till och fr\u00e5n). Fakturan skickas inom 30 dagar fr\u00e5n det att det outh\u00e4mtade paketet registrerades hos oss.  <\/p>\n<h2>F\u00d6RS\u00c4NDELSE<\/h2>\n<p>Vi ansvarar f\u00f6r f\u00f6rs\u00e4ndelser som skadas eller f\u00f6rsvinner under leverans. Reklamation av f\u00f6rs\u00e4ndelser som skadats under transporten ska g\u00f6ras i enlighet med vad som anges under &#8221;Reklamationer&#8221; ovan. <\/p>\n<h2>ANSVARSFRISKRIVNING<\/h2>\n<p>Vi tar inte ansvar f\u00f6r eventuella tryck- eller skrivfel i fr\u00e5ga om priser och annan information som vi tillhandah\u00e5ller.<\/p>\n<p>[\/et_pb_text][\/et_pb_column][\/et_pb_row][\/et_pb_section]<\/p>\n","protected":false},"excerpt":{"rendered":"<p>garanti och returR\u00c4TT TILL AVBEST\u00c4LLNING OCH \u00c5TERL\u00c4MNANDE AV VARA(N) Du har r\u00e4tt att h\u00e4va ditt k\u00f6p om den vara du har k\u00f6pt av oss inte motsvarar dina f\u00f6rv\u00e4ntningar. Ingen aff\u00e4r \u00e4r avslutad f\u00f6rr\u00e4n du har mottagit och accepterat din(a) vara(r). Du ska vara helt n\u00f6jd, annars f\u00e5r du pengarna tillbaka. Om du inte \u00e4r n\u00f6jd [&hellip;]<\/p>\n","protected":false},"author":1,"featured_media":0,"parent":0,"menu_order":0,"comment_status":"closed","ping_status":"closed","template":"","meta":{"_et_pb_use_builder":"on","_et_pb_old_content":"","_et_gb_content_width":"","footnotes":""},"class_list":["post-24294","page","type-page","status-publish","hentry"],"_links":{"self":[{"href":"https:\/\/pjama.eu\/sv\/wp-json\/wp\/v2\/pages\/24294","targetHints":{"allow":["GET"]}}],"collection":[{"href":"https:\/\/pjama.eu\/sv\/wp-json\/wp\/v2\/pages"}],"about":[{"href":"https:\/\/pjama.eu\/sv\/wp-json\/wp\/v2\/types\/page"}],"author":[{"embeddable":true,"href":"https:\/\/pjama.eu\/sv\/wp-json\/wp\/v2\/users\/1"}],"replies":[{"embeddable":true,"href":"https:\/\/pjama.eu\/sv\/wp-json\/wp\/v2\/comments?post=24294"}],"version-history":[{"count":6,"href":"https:\/\/pjama.eu\/sv\/wp-json\/wp\/v2\/pages\/24294\/revisions"}],"predecessor-version":[{"id":31626,"href":"https:\/\/pjama.eu\/sv\/wp-json\/wp\/v2\/pages\/24294\/revisions\/31626"}],"wp:attachment":[{"href":"https:\/\/pjama.eu\/sv\/wp-json\/wp\/v2\/media?parent=24294"}],"curies":[{"name":"wp","href":"https:\/\/api.w.org\/{rel}","templated":true}]}}