{"id":24321,"date":"2023-09-15T16:07:23","date_gmt":"2023-09-15T14:07:23","guid":{"rendered":"https:\/\/pjama.eu\/sangvatning-butik-vuxna\/"},"modified":"2026-03-11T10:03:10","modified_gmt":"2026-03-11T09:03:10","slug":"sangvatning-butik-vuxna","status":"publish","type":"page","link":"https:\/\/pjama.eu\/sv\/sangvatning-butik-vuxna\/","title":{"rendered":"S\u00e4ngv\u00e4tning Butik Vuxna"},"content":{"rendered":"<p>[et_pb_section fb_built=&#8221;1&#8243; _builder_version=&#8221;4.27.4&#8243; _module_preset=&#8221;default&#8221; background_color=&#8221;#072130&#8243; use_background_color_gradient=&#8221;on&#8221; background_color_gradient_stops=&#8221;#072130 0%|rgba(248,248,248,0) 99%&#8221; background_color_gradient_overlays_image=&#8221;on&#8221; background_image=&#8221;https:\/\/pjama.eu\/wp-content\/uploads\/Blue_shorts_adult-1-1.jpg&#8221; da_disable_devices=&#8221;off|off|off&#8221; global_colors_info=&#8221;{}&#8221; da_is_popup=&#8221;off&#8221; da_exit_intent=&#8221;off&#8221; da_has_close=&#8221;on&#8221; da_alt_close=&#8221;off&#8221; da_dark_close=&#8221;off&#8221; da_not_modal=&#8221;on&#8221; da_is_singular=&#8221;off&#8221; da_with_loader=&#8221;off&#8221; da_has_shadow=&#8221;on&#8221;][et_pb_row column_structure=&#8221;3_5,2_5&#8243; _builder_version=&#8221;4.27.4&#8243; _module_preset=&#8221;default&#8221; global_colors_info=&#8221;{}&#8221;][et_pb_column type=&#8221;3_5&#8243; _builder_version=&#8221;4.27.4&#8243; _module_preset=&#8221;default&#8221; global_colors_info=&#8221;{}&#8221;][et_pb_heading title=&#8221;PJAMA S\u00c4NGV\u00c4TNINGSPRODUKTER F\u00d6R VUXNA&#8221; _builder_version=&#8221;4.27.5&#8243; _module_preset=&#8221;default&#8221; title_text_color=&#8221;#F8F8F8&#8243; hover_enabled=&#8221;0&#8243; global_colors_info=&#8221;{}&#8221; sticky_enabled=&#8221;0&#8243;][\/et_pb_heading][et_pb_text _builder_version=&#8221;4.27.5&#8243; _module_preset=&#8221;default&#8221; text_text_color=&#8221;#F8F8F8&#8243; text_font_size=&#8221;15px&#8221; custom_margin=&#8221;||0px||false|false&#8221; global_colors_info=&#8221;{}&#8221;]<\/p>\n<p><span style=\"font-weight: 400;\">Komfort, diskretion och trygghet &#8211; f\u00f6r en fridfull s\u00f6mn varje natt.<\/span><\/p>\n<p data-start=\"412\" data-end=\"836\"><span style=\"font-weight: 400;\">V\u00e4lkommen till Pjamas <em data-start=\"431\" data-end=\"459\">s\u00e4ngv\u00e4tningsprodukter f\u00f6r vuxna<\/em> &#8211; d\u00e4r komfort m\u00f6ter f\u00f6rtroende.<br data-start=\"493\" data-end=\"496\">Med Pjama Protect <em data-start=\"431\" data-end=\"459\">S\u00e4ngv\u00e4tningsshorts<\/em> kan vuxna vara lugna och veta att de har ett mjukt, andningsbart och absorberande skydd som h\u00e5ller s\u00e4ngen torr b\u00e5de hemma och p\u00e5 resan.<br data-start=\"664\" data-end=\"667\">Plaggen \u00e4r diskreta, prasselfria och ser ut och k\u00e4nns som vanliga <em data-start=\"431\" data-end=\"459\">s\u00e4ngv\u00e4tningsbyxor<\/em> eller shorts &#8211; ett enkelt, tv\u00e4ttbart och h\u00e5llbart alternativ till eng\u00e5ngsprodukter.<\/span><\/p>\n<p><span style=\"font-weight: 400;\">Om du \u00e4r redo att p\u00e5b\u00f6rja en behandling erbjuder Pjama DryGuardians-systemet en smart och effektiv v\u00e4g fram\u00e5t.<\/span><span style=\"font-weight: 400;\"><br \/><\/span><span style=\"font-weight: 400;\">Anv\u00e4nd DryGuardians S\u00e4ngv\u00e4tningslarm och <a href=\"https:\/\/pjama.eu\/sv\/dryguardians-app-hjalper-dig-att-behandla-sangvatning-gratis\/\">DryGuardians App<\/a> f\u00f6r guidad, personlig tr\u00e4ning mot varaktig torrhet.<\/span><\/p>\n<p><span style=\"font-weight: 400;\">F\u00f6r ytterligare skydd under behandlingen kan du b\u00e4ra dina underkl\u00e4der under Pjama Protect Sleepwear eller l\u00e4gga till Pjama Protect Bedding f\u00f6r extra s\u00e4kerhet.<\/span><\/p>\n<p><span style=\"font-weight: 400;\"><span data-sheets-root=\"1\">Pjamas s\u00e4ngv\u00e4tningsprodukter f\u00f6r vuxna erbjuder diskret<\/span>skydd. Smart behandling. \u00c5terst\u00e4llt sj\u00e4lvf\u00f6rtroende.  <\/span><\/p>\n<p>&nbsp;<\/p>\n<p>&nbsp;<\/p>\n<p>[\/et_pb_text][\/et_pb_column][et_pb_column type=&#8221;2_5&#8243; _builder_version=&#8221;4.27.4&#8243; _module_preset=&#8221;default&#8221; global_colors_info=&#8221;{}&#8221;][et_pb_video src=&#8221;https:\/\/pjama.eu\/wp-content\/uploads\/Pjama-for-bedwetters-US.mp4&#8243; image_src=&#8221;https:\/\/pjama.eu\/wp-content\/uploads\/Pjama_saengvaetning_anvaendning.jpg&#8221; _builder_version=&#8221;4.27.4&#8243; _module_preset=&#8221;default&#8221; border_width_all=&#8221;5px&#8221; border_color_all=&#8221;#F8F8F8&#8243; global_colors_info=&#8221;{}&#8221;][\/et_pb_video][\/et_pb_column][\/et_pb_row][\/et_pb_section][et_pb_section fb_built=&#8221;1&#8243; _builder_version=&#8221;4.16&#8243; background_color=&#8221;rgba(0,0,0,0)&#8221; custom_margin_tablet=&#8221;-60px||||false|false&#8221; custom_margin_last_edited=&#8221;off|desktop&#8221; custom_padding=&#8221;48px|||||&#8221; da_disable_devices=&#8221;off|off|off&#8221; collapsed=&#8221;off&#8221; global_colors_info=&#8221;{}&#8221; da_is_popup=&#8221;off&#8221; da_exit_intent=&#8221;off&#8221; da_has_close=&#8221;on&#8221; da_alt_close=&#8221;off&#8221; da_dark_close=&#8221;off&#8221; da_not_modal=&#8221;on&#8221; da_is_singular=&#8221;off&#8221; da_with_loader=&#8221;off&#8221; da_has_shadow=&#8221;on&#8221;][et_pb_row custom_padding_last_edited=&#8221;on|phone&#8221; _builder_version=&#8221;4.19.3&#8243; background_size=&#8221;initial&#8221; background_position=&#8221;top_left&#8221; background_repeat=&#8221;repeat&#8221; custom_margin=&#8221;5%||||false|false&#8221; custom_padding=&#8221;0px||60px|||&#8221; custom_padding_tablet=&#8221;||60px||false|false&#8221; custom_padding_phone=&#8221;&#8221; global_colors_info=&#8221;{}&#8221;][et_pb_column type=&#8221;4_4&#8243; _builder_version=&#8221;4.16&#8243; custom_padding=&#8221;|||&#8221; global_colors_info=&#8221;{}&#8221; custom_padding__hover=&#8221;|||&#8221;][et_pb_shop type=&#8221;product_category&#8221; include_categories=&#8221;45&#8243; icon_hover_color=&#8221;RGBA(255,255,255,0)&#8221; hover_overlay_color=&#8221;rgba(31,68,139,0.5)&#8221; _builder_version=&#8221;4.27.4&#8243; _module_preset=&#8221;default&#8221; title_text_color=&#8221;gcid-5eef58f4-760a-49fb-ad33-042d93415a96&#8243; border_radii=&#8221;on|7px|7px|7px|7px&#8221; global_colors_info=&#8221;{%22gcid-5eef58f4-760a-49fb-ad33-042d93415a96%22:%91%22title_text_color%22%93}&#8221;][\/et_pb_shop][et_pb_button button_url=&#8221;@ET-DC@eyJkeW5hbWljIjp0cnVlLCJjb250ZW50IjoicG9zdF9saW5rX3VybF9wYWdlIiwic2V0dGluZ3MiOnsicG9zdF9pZCI6IjI2MjQ2In19@&#8221; button_text=&#8221;TILLBAKA TILL WEBBSHOPPEN&#8221; button_alignment=&#8221;center&#8221; _builder_version=&#8221;4.27.4&#8243; _dynamic_attributes=&#8221;button_url&#8221; _module_preset=&#8221;default&#8221; custom_button=&#8221;on&#8221; button_border_radius=&#8221;7px&#8221; box_shadow_style=&#8221;preset3&#8243; box_shadow_color=&#8221;#1F448B&#8221; global_colors_info=&#8221;{}&#8221;][\/et_pb_button][\/et_pb_column][\/et_pb_row][et_pb_row _builder_version=&#8221;4.27.6&#8243; _module_preset=&#8221;default&#8221; global_colors_info=&#8221;{}&#8221;][et_pb_column type=&#8221;4_4&#8243; _builder_version=&#8221;4.27.6&#8243; _module_preset=&#8221;default&#8221; global_colors_info=&#8221;{}&#8221;][et_pb_text _builder_version=&#8221;4.27.6&#8243; _module_preset=&#8221;default&#8221; header_2_text_color=&#8221;#D35917&#8243; header_3_text_color=&#8221;#072130&#8243; global_colors_info=&#8221;{}&#8221;]<\/p>\n<h3><b>F\u00f6rst\u00e5 s\u00e4ngv\u00e4tning hos vuxna<\/b><\/h3>\n<h2><b>nattlig enures hos vuxna<\/b><\/h2>\n<p>S\u00e4ngv\u00e4tning f\u00f6rknippas ofta med barndomen, men nattlig enures hos vuxna \u00e4r vanligare \u00e4n m\u00e5nga tror. Miljontals vuxna i hela Europa upplever nattliga urinl\u00e4ckage n\u00e5gon g\u00e5ng i livet p\u00e5 grund av medicinska tillst\u00e5nd, stress, biverkningar av l\u00e4kemedel, s\u00f6mnst\u00f6rningar eller f\u00f6r\u00e4ndringar i urinbl\u00e5sans funktion. <\/p>\n<p>Eftersom \u00e4mnet s\u00e4llan diskuteras \u00f6ppet k\u00e4nner m\u00e5nga vuxna att de m\u00e5ste hantera fr\u00e5gan privat. Lyckligtvis erbjuder moderna s\u00e4ngv\u00e4tningsprodukter f\u00f6r vuxna diskreta och effektiva l\u00f6sningar som g\u00f6r det m\u00f6jligt att sova bekv\u00e4mt utan st\u00f6rningar. <\/p>\n<p>P\u00e5 Pjama fokuserar vi p\u00e5 f\u00f6rtroende, komfort och l\u00e5ngsiktiga l\u00f6sningar. Oavsett om du beh\u00f6ver tillf\u00f6rlitligt skydd \u00f6ver natten eller \u00e4r redo att p\u00e5b\u00f6rja aktiv behandling, \u00e4r v\u00e5rt sortiment av tv\u00e4ttbara s\u00e4ngv\u00e4tningsprodukter utformat f\u00f6r att st\u00f6dja b\u00e4ttre s\u00f6mn och f\u00f6rb\u00e4ttrad livskvalitet. <\/p>\n<p>[\/et_pb_text][\/et_pb_column][\/et_pb_row][et_pb_row _builder_version=&#8221;4.27.6&#8243; _module_preset=&#8221;default&#8221; global_colors_info=&#8221;{}&#8221;][et_pb_column type=&#8221;4_4&#8243; _builder_version=&#8221;4.27.6&#8243; _module_preset=&#8221;default&#8221; global_colors_info=&#8221;{}&#8221;][et_pb_text _builder_version=&#8221;4.27.6&#8243; _module_preset=&#8221;default&#8221; header_2_text_color=&#8221;#D35917&#8243; header_3_text_color=&#8221;#072130&#8243; global_colors_info=&#8221;{}&#8221;]<\/p>\n<h3><b>Varf\u00f6r v\u00e4lja tv\u00e4ttbara s\u00e4ngv\u00e4tningsprodukter f\u00f6r vuxna?<\/b><\/h3>\n<h2><b>Tillf\u00f6rlitligt skydd \u00f6ver natten<\/b><\/h2>\n<p>M\u00e5nga vuxna provar f\u00f6rst inkontinensskydd av eng\u00e5ngstyp, men tv\u00e4ttbara alternativ erbjuder flera viktiga f\u00f6rdelar. \u00c5teranv\u00e4ndbara nattlinnen f\u00f6r s\u00e4ngv\u00e4tning \u00e4r utformade f\u00f6r att se ut och k\u00e4nnas som vanliga pyjamasar samtidigt som de ger den absorptionsf\u00f6rm\u00e5ga som beh\u00f6vs f\u00f6r skydd \u00f6ver natten. <\/p>\n<p>Till skillnad fr\u00e5n eng\u00e5ngsprodukter som liknar bl\u00f6jor erbjuder Pjama Protect Sleepwear en diskret och bekv\u00e4m l\u00f6sning som integreras naturligt i din nattliga rutin.<\/p>\n<p>[\/et_pb_text][et_pb_text _builder_version=&#8221;4.27.6&#8243; _module_preset=&#8221;default&#8221; header_2_text_color=&#8221;#D35917&#8243; header_3_text_color=&#8221;#072130&#8243; custom_padding=&#8221;5px|5px||5px|false|false&#8221; border_radii=&#8221;on|5px|5px|5px|5px&#8221; border_width_all=&#8221;2px&#8221; border_color_all=&#8221;#D35917&#8243; global_colors_info=&#8221;{}&#8221;]<\/p>\n<p><strong><b>Tv\u00e4ttbara eller eng\u00e5ngsprodukter f\u00f6r s\u00e4ngv\u00e4tning<\/b><\/strong><\/p>\n<table>\n<tbody>\n<tr>\n<td><b>Funktion<\/b><\/td>\n<td><b>Pjama tv\u00e4ttbara s\u00f6mnkl\u00e4der<\/b><\/td>\n<td><b>Produkter f\u00f6r eng\u00e5ngsbruk<\/b><\/td>\n<\/tr>\n<tr>\n<td><span style=\"font-weight: 400;\">Utseende<\/span><\/td>\n<td><span style=\"font-weight: 400;\">Ser ut som vanliga pyjamasbyxor<\/span><\/td>\n<td><span style=\"font-weight: 400;\">Skydd i bl\u00f6jstil<\/span><\/td>\n<\/tr>\n<tr>\n<td><span style=\"font-weight: 400;\">Komfort<\/span><\/td>\n<td><span style=\"font-weight: 400;\">Mjukt, andningsbart tyg f\u00f6r sovkl\u00e4der<\/span><\/td>\n<td><span style=\"font-weight: 400;\">Plastbaserade material<\/span><\/td>\n<\/tr>\n<tr>\n<td><span style=\"font-weight: 400;\">Buller<\/span><\/td>\n<td><span style=\"font-weight: 400;\">Tyst och prasselfri<\/span><\/td>\n<td><span style=\"font-weight: 400;\">Kan ge upphov till skrynkliga ljud<\/span><\/td>\n<\/tr>\n<tr>\n<td><span style=\"font-weight: 400;\">H\u00e5llbarhet<\/span><\/td>\n<td><span style=\"font-weight: 400;\">\u00c5teranv\u00e4ndbar i upp till 100 tv\u00e4ttar<\/span><\/td>\n<td><span style=\"font-weight: 400;\">Avfall f\u00f6r eng\u00e5ngsbruk<\/span><\/td>\n<\/tr>\n<tr>\n<td><span style=\"font-weight: 400;\">L\u00e5ngsiktig kostnad<\/span><\/td>\n<td><span style=\"font-weight: 400;\">Kostnadseffektivt \u00f6ver tid<\/span><\/td>\n<td><span style=\"font-weight: 400;\">Kontinuerliga m\u00e5natliga ink\u00f6p<\/span><\/td>\n<\/tr>\n<tr>\n<td><span style=\"font-weight: 400;\">F\u00f6rtroende<\/span><\/td>\n<td><span style=\"font-weight: 400;\">Diskret och privat<\/span><\/td>\n<td><span style=\"font-weight: 400;\">Ofta synlig eller skrymmande<\/span><\/td>\n<\/tr>\n<\/tbody>\n<\/table>\n<p>[\/et_pb_text][et_pb_text _builder_version=&#8221;4.27.6&#8243; _module_preset=&#8221;default&#8221; global_colors_info=&#8221;{}&#8221;]<\/p>\n<p>F\u00f6r m\u00e5nga vuxna \u00e4r den st\u00f6rsta f\u00f6rdelen diskretion. Eftersom Pjama s\u00e4ngv\u00e4tningsprodukter ser ut som vanliga s\u00f6mnkl\u00e4der g\u00f6r de att du kan beh\u00e5lla din integritet oavsett om du sover hemma, bor hos en partner eller reser. <\/p>\n<p>[\/et_pb_text][\/et_pb_column][\/et_pb_row][et_pb_row _builder_version=&#8221;4.27.6&#8243; _module_preset=&#8221;default&#8221; global_colors_info=&#8221;{}&#8221;][et_pb_column type=&#8221;4_4&#8243; _builder_version=&#8221;4.27.6&#8243; _module_preset=&#8221;default&#8221; global_colors_info=&#8221;{}&#8221;][et_pb_text _builder_version=&#8221;4.27.6&#8243; _module_preset=&#8221;default&#8221; header_2_text_color=&#8221;#D35917&#8243; header_3_text_color=&#8221;#072130&#8243; global_colors_info=&#8221;{}&#8221;]<\/p>\n<h3><b>Skydd mot s\u00e4ngv\u00e4tning i vardagen<\/b><\/h3>\n<h2><b>Diskret skydd f\u00f6r resor, partners och \u00f6vernattningar<\/b><\/h2>\n<p>Tillf\u00f6rlitliga s\u00e4ngv\u00e4tningsprodukter b\u00f6r anpassa sig till det verkliga livet. Vuxna beh\u00f6ver ofta l\u00f6sningar som fungerar i olika situationer utan att v\u00e4cka uppm\u00e4rksamhet. <\/p>\n<p><strong>At Home<br \/><\/strong>M\u00e5nga vuxna f\u00f6redrar skydd som g\u00f6r att de kan sova bekv\u00e4mt utan att beh\u00f6va oroa sig f\u00f6r att byta lakan eller st\u00f6ra en partner. Tv\u00e4ttbara nattplagg ger tillf\u00f6rlitlig absorptionsf\u00f6rm\u00e5ga \u00f6ver natten samtidigt som de \u00e4r lika bekv\u00e4ma som en vanlig pyjamas. <\/p>\n<p><strong>Resor och \u00f6vernattningar<br \/><\/strong>Att resa med eng\u00e5ngsprodukter kan vara obekv\u00e4mt och synas. Tv\u00e4ttbara s\u00e4ngv\u00e4tningsprodukter f\u00f6r vuxna erbjuder ett diskret alternativ som l\u00e4tt f\u00e5r plats i bagaget och ser ut som vanliga nattkl\u00e4der. <\/p>\n<p><strong>\u00c5terh\u00e4mtning eller tillf\u00e4lliga tillst\u00e5nd<br \/><\/strong>S\u00e4ngv\u00e4tning kan ibland uppst\u00e5 under \u00e5terh\u00e4mtning fr\u00e5n operation, sjukdom eller perioder av stress. I dessa fall ger \u00e5teranv\u00e4ndbara nattkl\u00e4der ett tillf\u00f6rlitligt skydd utan att man beh\u00f6ver binda sig till l\u00e5ngvariga eng\u00e5ngsprodukter. <\/p>\n<p>[\/et_pb_text][\/et_pb_column][\/et_pb_row][et_pb_row _builder_version=&#8221;4.27.6&#8243; _module_preset=&#8221;default&#8221; global_colors_info=&#8221;{}&#8221;][et_pb_column type=&#8221;4_4&#8243; _builder_version=&#8221;4.27.6&#8243; _module_preset=&#8221;default&#8221; global_colors_info=&#8221;{}&#8221;][et_pb_text _builder_version=&#8221;4.27.6&#8243; _module_preset=&#8221;default&#8221; header_2_text_color=&#8221;#D35917&#8243; header_3_text_color=&#8221;#072130&#8243; global_colors_info=&#8221;{}&#8221;]<\/p>\n<h3><b>Vilken s\u00e4ngv\u00e4tningsprodukt f\u00f6r vuxna \u00e4r r\u00e4tt f\u00f6r mig?<\/b><\/h3>\n<h2><b>s\u00e4ngv\u00e4tningsbyxor f\u00f6r vuxna, behandling av s\u00e4ngv\u00e4tningslarm eller b\u00e5da?<\/b><\/h2>\n<p>Att v\u00e4lja r\u00e4tt l\u00f6sning beror ofta p\u00e5 dina m\u00e5l och orsaken till s\u00e4ngv\u00e4tningen. Vissa vuxna vill i f\u00f6rsta hand ha ett diskret skydd \u00f6ver natten, medan andra letar efter l\u00e5ngsiktiga behandlingsalternativ. <\/p>\n<p><strong><b>F\u00f6r diskret skydd<br \/><\/b><\/strong>Pjama Protect Sleepwear \u00e4r utformade f\u00f6r att h\u00e5lla s\u00e4ngen torr samtidigt som de ser ut och k\u00e4nns som vanliga pyjamasbyxor eller shorts. Dessa plagg kombinerar absorberande lager, ventilerande material och vattent\u00e4tt skydd f\u00f6r att ge ett tillf\u00f6rlitligt skydd \u00f6ver natten. <\/p>\n<p>De \u00e4r s\u00e4rskilt l\u00e4mpliga f\u00f6r vuxna som vill ha ett tv\u00e4ttbart alternativ till eng\u00e5ngsprodukter<span style=\"font-weight: 400;\"> som f\u00f6rblir bekv\u00e4mt natt efter natt.<\/span><\/p>\n<p><strong><b>F\u00f6r diskret skydd<br \/><\/b><\/strong>Vuxna som vill ta itu med den underliggande orsaken till s\u00e4ngv\u00e4tning kan dra nytta av systemet Pjama DryGuardians. Detta system kombinerar ett S\u00e4ngv\u00e4tningslarm med anslutna underkl\u00e4der och behandlingsappen DryGuardians. <\/p>\n<p>Behandling med S\u00e4ngv\u00e4tningslarm fungerar genom att st\u00e4rka hj\u00e4rnans svar p\u00e5 urinbl\u00e5sans signaler under s\u00f6mnen. Med tiden kan detta hj\u00e4lpa till att tr\u00e4na kroppen att vakna innan en olycka intr\u00e4ffar. <\/p>\n<p>DryGuardians system g\u00f6r det m\u00f6jligt f\u00f6r vuxna att f\u00f6lja sina framsteg, f\u00e5 v\u00e4gledning och f\u00f6lja ett strukturerat program f\u00f6r att uppn\u00e5 varaktig torrhet.<\/p>\n<p>[\/et_pb_text][\/et_pb_column][\/et_pb_row][et_pb_row _builder_version=&#8221;4.27.6&#8243; _module_preset=&#8221;default&#8221; global_colors_info=&#8221;{}&#8221;][et_pb_column type=&#8221;4_4&#8243; _builder_version=&#8221;4.27.6&#8243; _module_preset=&#8221;default&#8221; global_colors_info=&#8221;{}&#8221;][et_pb_text _builder_version=&#8221;4.27.6&#8243; _module_preset=&#8221;default&#8221; header_2_text_color=&#8221;#D35917&#8243; header_3_text_color=&#8221;#072130&#8243; global_colors_info=&#8221;{}&#8221;]<\/p>\n<h3><b>Diskreta l\u00f6sningar f\u00f6r s\u00e4ngv\u00e4tning utformade f\u00f6r vuxna<\/b><\/h3>\n<h2><b>Bekv\u00e4ma nattkl\u00e4der som ser normala ut<\/b><\/h2>\n<p>N\u00e4r man letar efter s\u00e4ngv\u00e4tningsprodukter f\u00f6r vuxna \u00e4r diskretion och komfort ofta de viktigaste faktorerna. Vuxna vill ha ett skydd som passar naturligt in i deras livsstil utan att k\u00e4nnas medicinskt eller begr\u00e4nsande. <\/p>\n<p>Pjamas tv\u00e4ttbara s\u00f6mnkl\u00e4der \u00e4r designade med dessa behov i \u00e5tanke. Plaggen anv\u00e4nder mjuka material som andas och absorberande lager f\u00f6r att h\u00e5lla s\u00e4ngen torr samtidigt som de ser ut och k\u00e4nns som vanliga sovkl\u00e4der. Eftersom de \u00e4r \u00e5teranv\u00e4ndbara och kan tv\u00e4ttas i maskin \u00e4r de ocks\u00e5 en h\u00e5llbar och kostnadseffektiv l\u00f6sning \u00f6ver tid.  <\/p>\n<p>F\u00f6r vuxna som vill ha ytterligare skydd under behandlingen kan Pjama Protect S\u00e4ngv\u00e4tningsshorts och byxor + Pjama DryGuardians Underkl\u00e4der ocks\u00e5 anv\u00e4ndas tillsammans med DryGuardians S\u00e4ngv\u00e4tningslarm, vilket skapar en kombinerad metod som ger b\u00e5de skydd och framsteg.<\/p>\n<p>[\/et_pb_text][\/et_pb_column][\/et_pb_row][et_pb_row _builder_version=&#8221;4.27.6&#8243; _module_preset=&#8221;default&#8221; global_colors_info=&#8221;{}&#8221;][et_pb_column type=&#8221;4_4&#8243; _builder_version=&#8221;4.27.6&#8243; _module_preset=&#8221;default&#8221; global_colors_info=&#8221;{}&#8221;][et_pb_text _builder_version=&#8221;4.27.6&#8243; _module_preset=&#8221;default&#8221; header_2_text_color=&#8221;#D35917&#8243; header_3_text_color=&#8221;#072130&#8243; global_colors_info=&#8221;{}&#8221;]<\/p>\n<h3><b>En modern metod f\u00f6r att hantera s\u00e4ngv\u00e4tning hos vuxna<\/b><\/h3>\n<h2><b>Diskretion, integritet och medicinsk trov\u00e4rdighet<\/b><\/h2>\n<p>Att leva med s\u00e4ngv\u00e4tning som vuxen kan k\u00e4nnas isolerande, men det finns effektiva l\u00f6sningar. Dagens s\u00e4ngv\u00e4tningsprodukter f\u00f6r vuxna kombinerar komfort, diskretion och innovativa behandlings- eller anm\u00e4lningsalternativ som g\u00f6r det l\u00e4ttare att \u00e5terf\u00e5 sj\u00e4lvf\u00f6rtroendet och sova lugnt. <\/p>\n<p>Oavsett om du hanterar nattlig enures p\u00e5 l\u00e5ng sikt, upplever tillf\u00e4lliga nattliga olyckor eller p\u00e5b\u00f6rjar ett behandlingsprogram, erbjuder Pjama l\u00f6sningar som \u00e4r utformade f\u00f6r att st\u00f6dja din resa mot b\u00e4ttre s\u00f6mn.<\/p>\n<p>Med tv\u00e4ttbart skydd, smart behandlingsteknik och diskret s\u00f6mnkl\u00e4desdesign hj\u00e4lper Pjamas s\u00e4ngv\u00e4tningsprodukter vuxna att sova bekv\u00e4mt och tryggt varje natt.<\/p>\n<p>[\/et_pb_text][\/et_pb_column][\/et_pb_row][et_pb_row _builder_version=&#8221;4.27.6&#8243; _module_preset=&#8221;default&#8221; global_colors_info=&#8221;{}&#8221;][et_pb_column type=&#8221;4_4&#8243; _builder_version=&#8221;4.27.6&#8243; _module_preset=&#8221;default&#8221; global_colors_info=&#8221;{}&#8221;][et_pb_button button_url=&#8221;@ET-DC@eyJkeW5hbWljIjp0cnVlLCJjb250ZW50IjoicG9zdF9saW5rX3VybF9wYWdlIiwic2V0dGluZ3MiOnsicG9zdF9pZCI6IjI2MjQ2In19@&#8221; button_text=&#8221;TILLBAKA TILL WEBBSHOPPEN&#8221; button_alignment=&#8221;center&#8221; _builder_version=&#8221;4.27.4&#8243; _dynamic_attributes=&#8221;button_url&#8221; _module_preset=&#8221;default&#8221; custom_button=&#8221;on&#8221; button_border_radius=&#8221;7px&#8221; box_shadow_style=&#8221;preset3&#8243; box_shadow_color=&#8221;#1F448B&#8221; global_colors_info=&#8221;{}&#8221;][\/et_pb_button][\/et_pb_column][\/et_pb_row][\/et_pb_section]<\/p>\n","protected":false},"excerpt":{"rendered":"<p>S\u00e4ngv\u00e4tningsbyxor, underkl\u00e4der och larm f\u00f6r enures hos vuxna. G\u00f6r ditt liv enklare med v\u00e5ra produkter f\u00f6r s\u00e4ngv\u00e4tning. <\/p>\n","protected":false},"author":33,"featured_media":28076,"parent":0,"menu_order":0,"comment_status":"closed","ping_status":"closed","template":"","meta":{"_et_pb_use_builder":"on","_et_pb_old_content":"","_et_gb_content_width":"","footnotes":""},"class_list":["post-24321","page","type-page","status-publish","has-post-thumbnail","hentry"],"_links":{"self":[{"href":"https:\/\/pjama.eu\/sv\/wp-json\/wp\/v2\/pages\/24321","targetHints":{"allow":["GET"]}}],"collection":[{"href":"https:\/\/pjama.eu\/sv\/wp-json\/wp\/v2\/pages"}],"about":[{"href":"https:\/\/pjama.eu\/sv\/wp-json\/wp\/v2\/types\/page"}],"author":[{"embeddable":true,"href":"https:\/\/pjama.eu\/sv\/wp-json\/wp\/v2\/users\/33"}],"replies":[{"embeddable":true,"href":"https:\/\/pjama.eu\/sv\/wp-json\/wp\/v2\/comments?post=24321"}],"version-history":[{"count":21,"href":"https:\/\/pjama.eu\/sv\/wp-json\/wp\/v2\/pages\/24321\/revisions"}],"predecessor-version":[{"id":32899,"href":"https:\/\/pjama.eu\/sv\/wp-json\/wp\/v2\/pages\/24321\/revisions\/32899"}],"wp:featuredmedia":[{"embeddable":true,"href":"https:\/\/pjama.eu\/sv\/wp-json\/wp\/v2\/media\/28076"}],"wp:attachment":[{"href":"https:\/\/pjama.eu\/sv\/wp-json\/wp\/v2\/media?parent=24321"}],"curies":[{"name":"wp","href":"https:\/\/api.w.org\/{rel}","templated":true}]}}