{"id":26273,"date":"2025-11-13T14:12:49","date_gmt":"2025-11-13T13:12:49","guid":{"rendered":"https:\/\/pjama.eu\/pjama-sangvatningsbutik\/"},"modified":"2026-03-13T12:01:35","modified_gmt":"2026-03-13T11:01:35","slug":"pjama-sangvatningsbutik","status":"publish","type":"page","link":"https:\/\/pjama.eu\/sv\/pjama-sangvatningsbutik\/","title":{"rendered":"Pjama s\u00e4ngv\u00e4tningsbutik"},"content":{"rendered":"<p>[et_pb_section fb_built=&#8221;1&#8243; _builder_version=&#8221;4.27.4&#8243; background_enable_color=&#8221;off&#8221; background_enable_image=&#8221;off&#8221; background_size=&#8221;initial&#8221; background_position=&#8221;top_center&#8221; custom_margin=&#8221;||70px||false|false&#8221; custom_padding=&#8221;50px||50px||true|false&#8221; da_disable_devices=&#8221;off|off|off&#8221; global_colors_info=&#8221;{}&#8221; da_is_popup=&#8221;off&#8221; da_exit_intent=&#8221;off&#8221; da_has_close=&#8221;on&#8221; da_alt_close=&#8221;off&#8221; da_dark_close=&#8221;off&#8221; da_not_modal=&#8221;on&#8221; da_is_singular=&#8221;off&#8221; da_with_loader=&#8221;off&#8221; da_has_shadow=&#8221;on&#8221;][et_pb_row custom_padding_last_edited=&#8221;on|phone&#8221; _builder_version=&#8221;4.27.5&#8243; custom_margin_tablet=&#8221;&#8221; custom_margin_phone=&#8221;0px||0px||false|false&#8221; custom_margin_last_edited=&#8221;on|phone&#8221; custom_padding=&#8221;||0px|||&#8221; custom_padding_tablet=&#8221;||0px|||&#8221; custom_padding_phone=&#8221;10px||0px||false|false&#8221; global_colors_info=&#8221;{}&#8221;][et_pb_column type=&#8221;4_4&#8243; _builder_version=&#8221;4.16&#8243; global_colors_info=&#8221;{}&#8221;][et_pb_heading title=&#8221;V\u00c4LKOMMEN TILL&#8221; _builder_version=&#8221;4.27.5&#8243; _module_preset=&#8221;default&#8221; title_level=&#8221;h3&#8243; title_text_align=&#8221;center&#8221; title_text_color=&#8221;gcid-5eef58f4-760a-49fb-ad33-042d93415a96&#8243; custom_margin_tablet=&#8221;&#8221; custom_margin_phone=&#8221;||0px||false|false&#8221; custom_margin_last_edited=&#8221;on|phone&#8221; global_colors_info=&#8221;{%22gcid-5eef58f4-760a-49fb-ad33-042d93415a96%22:%91%22title_text_color%22%93}&#8221;][\/et_pb_heading][et_pb_heading title=&#8221;PJAMA S\u00c4NGV\u00c4TNINGSBUTIK&#8221; _builder_version=&#8221;4.27.5&#8243; _module_preset=&#8221;default&#8221; title_text_align=&#8221;center&#8221; title_text_color=&#8221;#D35917&#8243; custom_margin=&#8221;||0px||false|false&#8221; custom_margin_tablet=&#8221;||0px||false|false&#8221; custom_margin_phone=&#8221;||-20px||false|false&#8221; custom_margin_last_edited=&#8221;on|desktop&#8221; custom_padding=&#8221;||0px||false|false&#8221; custom_padding_tablet=&#8221;||0px||false|false&#8221; custom_padding_phone=&#8221;||0px||false|false&#8221; custom_padding_last_edited=&#8221;on|phone&#8221; global_colors_info=&#8221;{}&#8221;][\/et_pb_heading][\/et_pb_column][\/et_pb_row][\/et_pb_section][et_pb_section fb_built=&#8221;1&#8243; _builder_version=&#8221;4.27.4&#8243; _module_preset=&#8221;default&#8221; background_color=&#8221;gcid-5eef58f4-760a-49fb-ad33-042d93415a96&#8243; custom_margin=&#8221;||-90px||false|false&#8221; custom_padding=&#8221;||0px||false|false&#8221; da_disable_devices=&#8221;off|off|off&#8221; global_colors_info=&#8221;{%22gcid-5eef58f4-760a-49fb-ad33-042d93415a96%22:%91%22background_color%22%93}&#8221; da_is_popup=&#8221;off&#8221; da_exit_intent=&#8221;off&#8221; da_has_close=&#8221;on&#8221; da_alt_close=&#8221;off&#8221; da_dark_close=&#8221;off&#8221; da_not_modal=&#8221;on&#8221; da_is_singular=&#8221;off&#8221; da_with_loader=&#8221;off&#8221; da_has_shadow=&#8221;on&#8221;][et_pb_row column_structure=&#8221;1_4,1_4,1_4,1_4&#8243; _builder_version=&#8221;4.27.4&#8243; _module_preset=&#8221;default&#8221; transform_translate=&#8221;0px|-140px&#8221; global_colors_info=&#8221;{}&#8221;][et_pb_column type=&#8221;1_4&#8243; _builder_version=&#8221;4.27.4&#8243; _module_preset=&#8221;default&#8221; global_colors_info=&#8221;{}&#8221;][et_pb_blurb title=&#8221;PJAMA PROTECT&#8221; url=&#8221;https:\/\/pjama.eu\/sv\/sangvatningsbyxor\/&#8221; image=&#8221;https:\/\/pjama.eu\/wp-content\/uploads\/Pjama_shorts_2.jpeg&#8221; alt=&#8221;Om Pjama s\u00e4ngv\u00e4tning&#8221; _builder_version=&#8221;4.27.4&#8243; _module_preset=&#8221;default&#8221; header_text_align=&#8221;center&#8221; header_text_color=&#8221;#D35917&#8243; header_font_size=&#8221;25px&#8221; body_text_align=&#8221;center&#8221; body_text_color=&#8221;#F8F8F8&#8243; body_font_size=&#8221;16px&#8221; border_radii_image=&#8221;on|10px|10px|10px|10px&#8221; border_width_all_image=&#8221;4px&#8221; border_color_all_image=&#8221;#F8F8F8&#8243; global_colors_info=&#8221;{}&#8221;]<\/p>\n<p><span>Betrodda absorberande l\u00f6sningar som h\u00e5ller s\u00e4ngen torr och olyckor privata.<br \/>N\u00e4r behandling inte \u00e4r i fokus, men sinnesfrid \u00e4r det.<\/span><\/p>\n<p>[\/et_pb_blurb][\/et_pb_column][et_pb_column type=&#8221;1_4&#8243; _builder_version=&#8221;4.27.4&#8243; _module_preset=&#8221;default&#8221; global_colors_info=&#8221;{}&#8221;][et_pb_blurb title=&#8221;PJAMA DRYGUARDIANS&#8221; url=&#8221;https:\/\/pjama.eu\/sv\/sangvatningslarm-2\/&#8221; image=&#8221;https:\/\/pjama.eu\/wp-content\/uploads\/Bedwetting-Treatment-e1694759000209-1-2.jpg&#8221; alt=&#8221;Om Pjama s\u00e4ngv\u00e4tning&#8221; _builder_version=&#8221;4.27.4&#8243; _module_preset=&#8221;default&#8221; header_text_align=&#8221;center&#8221; header_text_color=&#8221;#D35917&#8243; header_font_size=&#8221;25px&#8221; body_text_align=&#8221;center&#8221; body_text_color=&#8221;#F8F8F8&#8243; body_font_size=&#8221;16px&#8221; border_radii_image=&#8221;on|10px|10px|10px|10px&#8221; border_width_all_image=&#8221;4px&#8221; border_color_all_image=&#8221;#F8F8F8&#8243; global_colors_info=&#8221;{}&#8221;]<\/p>\n<p><span>Smarta s\u00f6mnkl\u00e4der med sensorer och larm &#8211; kliniskt testade f\u00f6r att hj\u00e4lpa barn och vuxna att \u00f6vervinna s\u00e4ngv\u00e4tning. F\u00f6r dig som s\u00f6ker varaktig torrhet, inte bara skydd. <\/span><\/p>\n<p>[\/et_pb_blurb][\/et_pb_column][et_pb_column type=&#8221;1_4&#8243; _builder_version=&#8221;4.27.4&#8243; _module_preset=&#8221;default&#8221; global_colors_info=&#8221;{}&#8221;][et_pb_blurb title=&#8221;TILLBEH\u00d6R OCH ST\u00d6D UNDER DAGTID&#8221; url=&#8221;https:\/\/pjama.eu\/sv\/tillbehorsbutik\/&#8221; image=&#8221;https:\/\/pjama.eu\/wp-content\/uploads\/Pjama_accessories.png&#8221; alt=&#8221;Tillbeh\u00f6r till Pjama&#8221; _builder_version=&#8221;4.27.4&#8243; _module_preset=&#8221;default&#8221; header_text_align=&#8221;center&#8221; header_text_color=&#8221;#D35917&#8243; header_font_size=&#8221;25px&#8221; body_text_align=&#8221;center&#8221; body_text_color=&#8221;#F8F8F8&#8243; body_font_size=&#8221;16px&#8221; transform_scale_tablet=&#8221;&#8221; transform_scale_phone=&#8221;90%|90%&#8221; transform_scale_last_edited=&#8221;on|phone&#8221; transform_translate_tablet=&#8221;&#8221; transform_translate_phone=&#8221;&#8221; transform_translate_last_edited=&#8221;on|phone&#8221; transform_rotate_tablet=&#8221;&#8221; transform_rotate_phone=&#8221;&#8221; transform_rotate_last_edited=&#8221;on|phone&#8221; transform_skew_tablet=&#8221;&#8221; transform_skew_phone=&#8221;&#8221; transform_skew_last_edited=&#8221;on|phone&#8221; transform_origin_tablet=&#8221;&#8221; transform_origin_phone=&#8221;&#8221; transform_origin_last_edited=&#8221;on|phone&#8221; transform_styles_last_edited=&#8221;on|phone&#8221; transform_styles_tablet=&#8221;&#8221; transform_styles_phone=&#8221;&#8221; border_radii_image=&#8221;on|10px|10px|10px|10px&#8221; border_width_all_image=&#8221;4px&#8221; border_color_all_image=&#8221;#F8F8F8&#8243; global_colors_info=&#8221;{}&#8221;]<\/p>\n<p>Praktiska tillbeh\u00f6r som g\u00f6r vardagen enklare &#8211; fr\u00e5n vattent\u00e4ta v\u00e4skor och Pjama Vibrerande Larmklockor till diskreta underkl\u00e4der f\u00f6r skydd under dagen.<\/p>\n<p>&nbsp;<\/p>\n<p>[\/et_pb_blurb][\/et_pb_column][et_pb_column type=&#8221;1_4&#8243; _builder_version=&#8221;4.27.4&#8243; _module_preset=&#8221;default&#8221; global_colors_info=&#8221;{}&#8221;][et_pb_blurb title=&#8221;PJAMA F\u00d6R VUXNA&#8221; url=&#8221;https:\/\/pjama.eu\/sv\/sangvatning-butik-vuxna\/&#8221; image=&#8221;https:\/\/pjama.eu\/wp-content\/uploads\/Blue_shorts_adult-1-e1694786458678-2.png&#8221; alt=&#8221;S\u00e4ngv\u00e4tning vuxna&#8221; _builder_version=&#8221;4.27.4&#8243; _module_preset=&#8221;default&#8221; header_text_align=&#8221;center&#8221; header_text_color=&#8221;#D35917&#8243; header_font_size=&#8221;25px&#8221; body_text_align=&#8221;center&#8221; body_text_color=&#8221;#F8F8F8&#8243; body_font_size=&#8221;16px&#8221; border_radii_image=&#8221;on|10px|10px|10px|10px&#8221; border_width_all_image=&#8221;4px&#8221; border_color_all_image=&#8221;#F8F8F8&#8243; global_colors_info=&#8221;{}&#8221;]<\/p>\n<p><span>Diskreta<em data-start=\"649\" data-end=\"706\">,<\/em> absorberande nattkl\u00e4der som h\u00e5ller s\u00e4ngen torr hemma eller p\u00e5 resan.<br data-start=\"646\" data-end=\"649\">Trygghet och komfort f\u00f6r vuxna som lever med enures.<\/span><\/p>\n<p>[\/et_pb_blurb][\/et_pb_column][\/et_pb_row][\/et_pb_section][et_pb_section fb_built=&#8221;1&#8243; _builder_version=&#8221;4.16&#8243; background_color=&#8221;#f8f8f8&#8243; background_enable_image=&#8221;off&#8221; custom_padding=&#8221;0px|||||&#8221; da_disable_devices=&#8221;off|off|off&#8221; global_colors_info=&#8221;{}&#8221; da_is_popup=&#8221;off&#8221; da_exit_intent=&#8221;off&#8221; da_has_close=&#8221;on&#8221; da_alt_close=&#8221;off&#8221; da_dark_close=&#8221;off&#8221; da_not_modal=&#8221;on&#8221; da_is_singular=&#8221;off&#8221; da_with_loader=&#8221;off&#8221; da_has_shadow=&#8221;on&#8221;][et_pb_row _builder_version=&#8221;4.27.5&#8243; _module_preset=&#8221;default&#8221; global_colors_info=&#8221;{}&#8221;][et_pb_column type=&#8221;4_4&#8243; _builder_version=&#8221;4.27.5&#8243; _module_preset=&#8221;default&#8221; global_colors_info=&#8221;{}&#8221;][et_pb_heading title=&#8221;Effektiva s\u00e4ngv\u00e4tningsprodukter och l\u00f6sningar f\u00f6r flerg\u00e5ngsbruk&#8221; _builder_version=&#8221;4.27.5&#8243; _module_preset=&#8221;default&#8221; title_text_align=&#8221;center&#8221; title_text_color=&#8221;#072130&#8243; global_colors_info=&#8221;{}&#8221;][\/et_pb_heading][\/et_pb_column][\/et_pb_row][\/et_pb_section]<\/p>\n","protected":false},"excerpt":{"rendered":"<p>Betrodda absorberande l\u00f6sningar som h\u00e5ller s\u00e4ngen torr och olyckor privata.N\u00e4r behandling inte \u00e4r i fokus, men sinnesfrid \u00e4r det.Smarta s\u00f6mnkl\u00e4der med sensorer och larm &#8211; kliniskt testade f\u00f6r att hj\u00e4lpa barn och vuxna att \u00f6vervinna s\u00e4ngv\u00e4tning. F\u00f6r dig som s\u00f6ker varaktig torrhet, inte bara skydd. Praktiska tillbeh\u00f6r som g\u00f6r vardagen enklare &#8211; fr\u00e5n vattent\u00e4ta v\u00e4skor [&hellip;]<\/p>\n","protected":false},"author":33,"featured_media":31077,"parent":0,"menu_order":0,"comment_status":"closed","ping_status":"closed","template":"","meta":{"_et_pb_use_builder":"on","_et_pb_old_content":"","_et_gb_content_width":"","footnotes":""},"class_list":["post-26273","page","type-page","status-publish","has-post-thumbnail","hentry"],"_links":{"self":[{"href":"https:\/\/pjama.eu\/sv\/wp-json\/wp\/v2\/pages\/26273","targetHints":{"allow":["GET"]}}],"collection":[{"href":"https:\/\/pjama.eu\/sv\/wp-json\/wp\/v2\/pages"}],"about":[{"href":"https:\/\/pjama.eu\/sv\/wp-json\/wp\/v2\/types\/page"}],"author":[{"embeddable":true,"href":"https:\/\/pjama.eu\/sv\/wp-json\/wp\/v2\/users\/33"}],"replies":[{"embeddable":true,"href":"https:\/\/pjama.eu\/sv\/wp-json\/wp\/v2\/comments?post=26273"}],"version-history":[{"count":12,"href":"https:\/\/pjama.eu\/sv\/wp-json\/wp\/v2\/pages\/26273\/revisions"}],"predecessor-version":[{"id":33098,"href":"https:\/\/pjama.eu\/sv\/wp-json\/wp\/v2\/pages\/26273\/revisions\/33098"}],"wp:featuredmedia":[{"embeddable":true,"href":"https:\/\/pjama.eu\/sv\/wp-json\/wp\/v2\/media\/31077"}],"wp:attachment":[{"href":"https:\/\/pjama.eu\/sv\/wp-json\/wp\/v2\/media?parent=26273"}],"curies":[{"name":"wp","href":"https:\/\/api.w.org\/{rel}","templated":true}]}}