{"id":24428,"date":"2022-12-15T14:46:15","date_gmt":"2022-12-15T13:46:15","guid":{"rendered":"https:\/\/pjama.eu\/product\/pjama-vibrerande-larmklocka-ljusbla\/"},"modified":"2025-12-27T16:16:02","modified_gmt":"2025-12-27T15:16:02","slug":"pjama-vibrerande-larmklocka-ljusbla","status":"publish","type":"product","link":"https:\/\/pjama.eu\/sv\/produkt\/pjama-vibrerande-larmklocka-ljusbla\/","title":{"rendered":"Pjama Vibrerande Larmklocka &#8211; Ljusbl\u00e5"},"content":{"rendered":"<h4>Pjama Vibrerande Larmklocka &#8211; Ljusbl\u00e5<\/h4>\n<p>Pjama Vibrerande Larmklocka \u00e4r ett snyggt och modernt armbandsur med ett vibrerande larm, som anv\u00e4nds vid urinl\u00e4ckage dagtid som en p\u00e5minnelse om att g\u00e5 p\u00e5 toaletten. Larmet kan st\u00e4llas in p\u00e5 upp till 8 intervall per dag. Bandet \u00e4r tillverkat av mjuk och flexibel silikon och kan justeras till r\u00e4tt storlek. Pjama Vibrerande Larmklocka har en digital LED-display. Denna vibrerande p\u00e5minnelseklocka \u00e4r ocks\u00e5 idealisk f\u00f6r barn som ett p\u00e5minnelseverktyg.  Klockan visar tiden precis som en vanlig klocka. Pjama Vibrerande Larmklocka anv\u00e4nds f\u00f6r att p\u00e5minna barn eller vuxna om att t\u00f6mma bl\u00e5san under dagen eller f\u00f6r att p\u00e5minna dem om andra n\u00f6dv\u00e4ndiga \u00e5tg\u00e4rder. Den fungerar som ett praktiskt och diskret vibrerande armbandsur f\u00f6r daglig anv\u00e4ndning. <\/p>\n<h4>DAGLIG ANV\u00c4NDNING<\/h4>\n<p>Den vibrerande Larmklockan kan anv\u00e4ndas av barn och vuxna som lider av dagv\u00e4tning och beh\u00f6ver p\u00e5minnelser om att g\u00e5 p\u00e5 toaletten.<br \/>\n&#8211; Tryck en g\u00e5ng p\u00e5 Time\/Alarm-knappen f\u00f6r att visa tiden.<br \/>\n&#8211; Tryck tv\u00e5 g\u00e5nger p\u00e5 Time\/Alarm-knappen f\u00f6r att kontrollera batteriladdningen (fr\u00e5n 0 till 100 %).<br \/>\n&#8211; Vibrationen kan stoppas omedelbart genom att trycka p\u00e5 en knapp, eller s\u00e5 stoppas den automatiskt efter 60 sekunder.<\/p>\n<p>Den h\u00e4r vibrerande klockan f\u00f6r barn ger diskreta vibrationer f\u00f6r att p\u00e5minna dem om toalettbes\u00f6k.<\/p>\n<h4>LADDNING AV KLOCKAN<\/h4>\n<p>Ta bort klockan fr\u00e5n silikonfodralet och anslut klockans USB-port till din powerbank (5V) eller laptop. Ett bl\u00e5tt ljus indikerar att den laddas n\u00e4r USB-kabeln \u00e4r ansluten. N\u00e4r batteriet \u00e4r fulladdat kommer den bl\u00e5 lampan att forts\u00e4tta lysa. Ett fulladdat batteri kan r\u00e4cka i 6-15 dagar. Den h\u00e4r vibrerande klockan \u00e4r utformad f\u00f6r att vara h\u00e5llbar och l\u00e4tt att anv\u00e4nda f\u00f6r b\u00e5de barn och vuxna.    <\/p>\n<h4>Detaljer<\/h4>\n<p>Str\u00f6mk\u00e4lla: DC 5V, laddningsing\u00e5ng: Micro USB, Temperaturomr\u00e5de: 0 till 45 grader C.<\/p>\n<h4>Tips f\u00f6r barn med urininkontinens under dagtid<\/h4>\n<p>Dagv\u00e4tning hos barn \u00e4r ett vanligt problem. Cirka 3-4% av alla barn i \u00e5ldern 3-12 \u00e5r upplever regelbundet urinl\u00e4ckage dagtid, men det kan f\u00f6rsvinna med r\u00e4tt st\u00f6d. <\/p>\n<ul>\n<li>Uppmuntra barnet att g\u00e5 p\u00e5 toaletten regelbundet, \u00e4ven om det inte k\u00e4nner n\u00e5got behov av det.<\/li>\n<li>Planera in regelbundna toaletttider och se till att barnet t\u00f6mmer bl\u00e5san helt.<\/li>\n<li>En kissdagbok kan hj\u00e4lpa dig att f\u00f6lja m\u00f6nster och f\u00f6rb\u00e4ttra kontrollen \u00f6ver bl\u00e5san.<\/li>\n<li>Bestraffa aldrig barnet f\u00f6r olyckor &#8211; uppmuntra och bygg upp barnets sj\u00e4lvf\u00f6rtroende i st\u00e4llet.<\/li>\n<li>Se till att barnet dricker tillr\u00e4ckligt f\u00f6r att bibeh\u00e5lla en god v\u00e4tskebalans och underl\u00e4tta toalettbes\u00f6k.<\/li>\n<li>En vibrerande Larmklocka kan vara ett bra hj\u00e4lpmedel f\u00f6r att p\u00e5minna barnet om att g\u00e5 p\u00e5 toaletten, s\u00e4rskilt n\u00e4r du inte kan vara d\u00e4r f\u00f6r att p\u00e5minna dem personligen.<\/li>\n<\/ul>\n<h4>Om ditt barn kissar i s\u00e4ngen p\u00e5 natten<\/h4>\n<p>Den medicinska termen f\u00f6r s\u00e4ngv\u00e4tning \u00e4r nattlig enures. Experter uppskattar att upp till 160 miljoner m\u00e4nniskor v\u00e4rlden \u00f6ver lider av s\u00e4ngv\u00e4tning. S\u00e4ngv\u00e4tning kan p\u00e5verka familjer negativt, men det finns n\u00e5gra tips f\u00f6r att hantera problemet. H\u00e4r \u00e4r en liten lista som kan hj\u00e4lpa dig:   <\/p>\n<ul>\n<li>S\u00e4ngv\u00e4tning \u00e4r inte ditt barns fel. Straffa eller reta inte barnet. <\/li>\n<li>L\u00e5t barnet dricka s\u00e5 mycket som det vill. Svensk forskning har visat att det har liten inverkan p\u00e5 behandlingen med S\u00e4ngv\u00e4tningslarm. <\/li>\n<li>Anv\u00e4nd <a href=\"https:\/\/pjama.eu\/sv\/pjama-sangvatningsbutik\/\">Pjama<\/a> n\u00e4r barnet sover, b\u00e5de hemma och borta.<\/li>\n<li>F\u00f6r urinl\u00e4ckage under dagtid, anv\u00e4nd Pjama Vibrerande Larmklocka.<\/li>\n<li>Ladda ner v\u00e5r <a href=\"https:\/\/pjama.eu\/sv\/dryguardians-app-hjalper-dig-att-behandla-sangvatning-gratis\/\">DryGuardians-app<\/a> f\u00f6r att anv\u00e4nda kalendern och f\u00f6lja dina framsteg. Detta kommer ocks\u00e5 att vara anv\u00e4ndbart om\/n\u00e4r du kontaktar en l\u00e4kare. <\/li>\n<li>Prata om det! M\u00e5nga vuxna och barn lider av s\u00e4ngv\u00e4tning, men ingen pratar om det. <\/li>\n<\/ul>\n<h4>Vill du veta mer?<\/h4>\n<p>Du kan l\u00e4sa mer om s\u00e4ngv\u00e4tning p\u00e5 v\u00e5r sida<a href=\"https:\/\/pjama.eu\/sv\/vad-ar-enures\/\">&#8221;Vad \u00e4r enures<\/a>?&#8221;.<\/p>\n","protected":false},"excerpt":{"rendered":"<h4>Pjama Vibrerande Larmklocka &#8211; Ljusbl\u00e5<\/h4>\n<p>En snygg och modern vibrerande Larmklocka som anv\u00e4nds vid urinl\u00e4ckage dagtid som en p\u00e5minnelse om att g\u00e5 p\u00e5 toaletten eller f\u00f6r andra p\u00e5minnelser.<\/p>\n<ul>\n<li>Digital LED-display.<\/li>\n<li>Klockan visar tiden precis som en vanlig klocka.<\/li>\n<li>Larmet kan st\u00e4llas in p\u00e5 upp till 8 intervall per dag.<\/li>\n<li>Bandet \u00e4r tillverkat av mjuk och flexibel silikon och kan justeras till r\u00e4tt storlek.<\/li>\n<li>Laddas via Micro USB.<\/li>\n<li>Batteriet i en fulladdad klocka r\u00e4cker mellan 6-15 dagar.<\/li>\n<\/ul>\n<p>N\u00e4r den vibrerande Larmklockan inte l\u00e4ngre beh\u00f6vs f\u00f6r toalettp\u00e5minnelser kan den anv\u00e4ndas som ett vanligt armbandsur.<\/p>\n","protected":false},"featured_media":24431,"template":"","meta":{"_et_pb_use_builder":"","_et_pb_old_content":"","_et_gb_content_width":""},"product_brand":[],"product_cat":[308,309],"product_tag":[],"class_list":{"0":"post-24428","1":"product","2":"type-product","3":"status-publish","4":"has-post-thumbnail","6":"product_cat-klocka-med-vibrationslarm","7":"product_cat-tillbehor_2025","8":"product_shipping_class-eu","10":"first","11":"instock","12":"taxable","13":"shipping-taxable","14":"purchasable","15":"product-type-simple"},"composite_virtual":false,"composite_layout":"","composite_add_to_cart_form_location":"","composite_editable_in_cart":false,"composite_sold_individually_context":"","composite_shop_price_calc":"","composite_components":[],"composite_scenarios":[],"_links":{"self":[{"href":"https:\/\/pjama.eu\/sv\/wp-json\/wp\/v2\/product\/24428","targetHints":{"allow":["GET"]}}],"collection":[{"href":"https:\/\/pjama.eu\/sv\/wp-json\/wp\/v2\/product"}],"about":[{"href":"https:\/\/pjama.eu\/sv\/wp-json\/wp\/v2\/types\/product"}],"wp:featuredmedia":[{"embeddable":true,"href":"https:\/\/pjama.eu\/sv\/wp-json\/wp\/v2\/media\/24431"}],"wp:attachment":[{"href":"https:\/\/pjama.eu\/sv\/wp-json\/wp\/v2\/media?parent=24428"}],"wp:term":[{"taxonomy":"product_brand","embeddable":true,"href":"https:\/\/pjama.eu\/sv\/wp-json\/wp\/v2\/product_brand?post=24428"},{"taxonomy":"product_cat","embeddable":true,"href":"https:\/\/pjama.eu\/sv\/wp-json\/wp\/v2\/product_cat?post=24428"},{"taxonomy":"product_tag","embeddable":true,"href":"https:\/\/pjama.eu\/sv\/wp-json\/wp\/v2\/product_tag?post=24428"}],"curies":[{"name":"wp","href":"https:\/\/api.w.org\/{rel}","templated":true}]}}