{"id":24636,"date":"2020-06-04T09:46:01","date_gmt":"2020-06-04T07:46:01","guid":{"rendered":"https:\/\/pjama.eu\/product\/pjama-dryguardians-sangvatningslarm-set\/"},"modified":"2026-03-18T12:06:23","modified_gmt":"2026-03-18T11:06:23","slug":"pjama-dryguardians-sangvatningslarm-set","status":"publish","type":"product","link":"https:\/\/pjama.eu\/sv\/produkt\/pjama-dryguardians-sangvatningslarm-set\/","title":{"rendered":"Pjama DryGuardians S\u00e4ngv\u00e4tningslarm Set"},"content":{"rendered":"<h3>Pjama DryGuardians S\u00e4ngv\u00e4tningslarm Set<\/h3>\n<h4>Behandling med S\u00e4ngv\u00e4tningslarm<\/h4>\n<p>Pjama DryGuardians S\u00e4ngv\u00e4tningslarm Set \u00e4r ett effektivt verktyg f\u00f6r att behandla s\u00e4ngv\u00e4tning och nattlig enures hos b\u00e5de barn och vuxna. Studier visar att nyckeln till att \u00f6vervinna s\u00e4ngv\u00e4tning \u00e4r att h\u00e5lla motivationen uppe och anv\u00e4nda behandlingen konsekvent varje kv\u00e4ll. Det h\u00e4r setet g\u00f6r det l\u00e4ttare att h\u00e5lla sig p\u00e5 r\u00e4tt sp\u00e5r och lyckas.  <\/p>\n<p>Larmet fungerar med alla Pjama-behandlingsplagg, inklusive byxor, shorts och underkl\u00e4der. Det best\u00e5r av en sensor som f\u00e4sts p\u00e5 plagget och en h\u00f6gtalarenhet som placeras n\u00e4ra s\u00e4ngen. N\u00e4r sensorn k\u00e4nner av fukt utl\u00f6ses larmet och v\u00e4cker anv\u00e4ndaren. Konsekvent anv\u00e4ndning hj\u00e4lper till att tr\u00e4na hj\u00e4rnan att reagera p\u00e5 kroppens signaler och bryta s\u00e4ngv\u00e4tningsvanan.   <\/p>\n<p>Med det kompletta Pjama-behandlingskitet (inklusive gr\u00e5 behandlingsbyxor eller byxor) f\u00e5r du b\u00e5de skydd och behandling i ett. F\u00f6r \u00f6vernattning kan sensorn anslutas till<br \/>\n<strong>DryGuardians App<\/strong> p\u00e5 en telefon, vilket m\u00f6jligg\u00f6r diskreta vibrationer ist\u00e4llet f\u00f6r ett h\u00f6gt larm. P\u00e5 s\u00e5 s\u00e4tt kan barnen forts\u00e4tta behandlingen utan avbrott, \u00e4ven utanf\u00f6r hemmet. <\/p>\n<h4>Hur fungerar Pjama DryGuardians S\u00e4ngv\u00e4tningslarm?<\/h4>\n<p>Sensorn f\u00e4sts i midjebandet p\u00e5 Pjama-plagg, som har integrerade sensortr\u00e5dar som ut\u00f6kar detekteringsomr\u00e5det. Detta s\u00e4kerst\u00e4ller tillf\u00f6rlitlig detektering oavsett var urinen hamnar eller vilken sovst\u00e4llning anv\u00e4ndaren har. Denna funktion \u00e4r s\u00e4rskilt v\u00e4rdefull f\u00f6r pojkar, men lika viktig f\u00f6r flickor som sover i olika positioner.  <\/p>\n<p>N\u00e4r fukt uppt\u00e4cks aktiveras den anslutna larmenheten omedelbart, vilket avbryter s\u00e4ngv\u00e4tningslarmet och uppmuntrar anv\u00e4ndaren att vakna och g\u00e5 p\u00e5 toaletten.<\/p>\n<h4>Funktioner och f\u00f6rdelar<\/h4>\n<ul>\n<li><strong>Effektiv behandling:<\/strong> Hj\u00e4lper barn och vuxna med nattlig enures.<\/li>\n<li><strong>Utformad f\u00f6r \u00f6vernattning:<\/strong> Koppla ihop med DryGuardians App f\u00f6r diskreta vibrationer.<\/li>\n<li><strong>USB-laddning:<\/strong> Bekv\u00e4m och snabb laddning via USB.<\/li>\n<li><strong>Tr\u00e5dl\u00f6st system:<\/strong> Larmenheten kan placeras upp till 10 meter fr\u00e5n sensorn.<\/li>\n<li><strong>Meddelanden till f\u00f6r\u00e4lder:<\/strong> Anslut larmet till en f\u00f6r\u00e4lders telefon f\u00f6r omedelbara varningar.<\/li>\n<\/ul>\n<h4>F\u00f6lj upp framsteg med DryGuardians-appen<\/h4>\n<p>Med DryGuardians App kan du logga olyckor, f\u00f6lja behandlingsf\u00f6rloppet och f\u00e5 personliga rekommendationer som tagits fram i samarbete med svensk sjukv\u00e5rd. Dessa insikter hj\u00e4lper till att optimera behandlingen och ger v\u00e4rdefull information som kan delas med l\u00e4kare vid behov. <\/p>\n<h4>Praktiska tips f\u00f6r anv\u00e4ndning<\/h4>\n<ul>\n<li>Se till att plaggen sitter ordentligt och st\u00e4ll in larmvolymen p\u00e5 en l\u00e4mplig niv\u00e5.<\/li>\n<li>L\u00e4r barnen hur larmet fungerar och g\u00f6r dem delaktiga i processen.<\/li>\n<li>V\u00e4ck barnet n\u00e4r larmet ljuder och f\u00f6lj det till badrummet.<\/li>\n<li>F\u00f6lj tv\u00e4ttanvisningarna f\u00f6r plaggen f\u00f6r att bibeh\u00e5lla kvaliteten.<\/li>\n<\/ul>\n<h4>Sk\u00f6tsel av sensorer<\/h4>\n<p><span style=\"font-weight: 400;\">F\u00f6r b\u00e4sta prestanda ska sensorn alltid tas bort och torkas efter anv\u00e4ndning.<\/span><span style=\"font-weight: 400;\"> <\/span><span style=\"font-weight: 400;\">Undvik att l\u00e5ta den sitta fast p\u00e5 ett v\u00e5tt plagg &#8211; det f\u00f6rhindrar korrosion och f\u00f6rl\u00e4nger batteriets livsl\u00e4ngd.<\/span><\/p>\n<h4>Motivation och t\u00e5lamod \u00e4r nyckeln<\/h4>\n<p>Att behandla s\u00e4ngv\u00e4tning kr\u00e4ver tid, motivation och uppmuntran. F\u00f6r\u00e4ldrar b\u00f6r st\u00f6dja sina barn med positiv feedback och fira framsteg l\u00e4ngs v\u00e4gen. Att s\u00e4tta upp mindre milstolpar hj\u00e4lper till att h\u00e5lla motivationen uppe, med det slutliga m\u00e5let att bli fri fr\u00e5n s\u00e4ngv\u00e4tning.  <\/p>\n<p>F\u00f6r mer information om enures och behandlingsl\u00f6sningar, bes\u00f6k v\u00e5r <a href=\"https:\/\/pjama.eu\/sv\/\">webbplats<\/a> eller ladda ner produktmanualen <a href=\"https:\/\/pjama.eu\/sv\/handbocker-for-produkter\/\">h\u00e4r.<\/a><\/p>\n<footer>\u00a9 2024 Pjama.<\/footer>\n","protected":false},"excerpt":{"rendered":"<h3>S\u00e4ngv\u00e4tningslarm &#8211; inkluderar sensor och h\u00f6gtalare &#8211; en del av DryGuardians-metoden<\/h3>\n<p>Pjama DryGuardians S\u00e4ngv\u00e4tningslarm Set inneh\u00e5ller:<\/p>\n<ul>\n<li>Sensor som f\u00e4sts med tryckknappar<\/li>\n<li>H\u00f6gtalare som ska placeras n\u00e4ra s\u00e4ngen<\/li>\n<\/ul>\n<p>Sensorn f\u00e4sts p\u00e5 Pjama-byxor, shorts, boxershorts eller kalsonger och \u00e4r ett enkelt, effektivt och tillf\u00f6rlitligt s\u00e4tt att behandla s\u00e4ngv\u00e4tningsbyxor och enures.<\/p>\n<p>F\u00f6r att anv\u00e4nda S\u00e4ngv\u00e4tningslarmet med din smartphone, ladda ner <strong>DryGuardians App<\/strong> gratis fr\u00e5n <a href=\"https:\/\/play.google.com\/store\/apps\/details?id=com.pjama&amp;hl=sv&amp;gl=SE\">Google Play<\/a> eller <a href=\"https:\/\/apps.apple.com\/se\/app\/dryguardians\/id1498084664\">App Store<\/a>.<\/p>\n","protected":false},"featured_media":31181,"template":"","meta":{"_et_pb_use_builder":"off","_et_pb_old_content":"<h3>Bedwetting Alarm for Pjama Treatment Series<\/h3>\r\n<h4>Treatment with Bedwetting Alarm<\/h4>\r\nThe bedwetting alarm is an effective tool for treating bedwetting and nighttime enuresis, for both children and adults. Research shows that about 70% of individuals who undergo bedwetting treatment with an alarm are completely cured, provided there is motivation to follow the treatment every night during the treatment period. The Pjama bedwetting alarm works with all Pjama treatment garments, including pants, shorts, and underwear. The alarm consists of a sensor that clips onto Pjama pants or underwear and a loudspeaker unit placed by the bed. When the sensor detects moisture, the bedwetting alarm is triggered, waking the person undergoing treatment. Consistent use during the treatment period helps break the bedwetting habit, also known as nighttime enuresis.\r\n\r\nWith the Pjama treatment kit, which includes gray treatment pants or shorts, you get both protection and treatment in one. The Pjama pants or shorts keep the bed dry, while the bedwetting alarm helps establish new routines. For sleepovers, the sensor can be connected to the DryGuardians app on your phone, allowing for discreet vibrations instead of a loud alarm. This is perfect for children with enuresis who want to attend sleepovers without interrupting their treatment.\r\n<h4>How Does the Pjama Bedwetting Alarm Work?<\/h4>\r\nThe bedwetting alarm is designed to help both children and adults with bedwetting and acts as a first-line treatment for enuresis. The sensor attached to the Pjama clothing is connected to an alarm unit that activates upon contact with moisture. This bedwetting treatment works by immediately interrupting the bedwetting, training the brain to respond to the body's signals. The treatment garments have integrated sensor wires, which increase the surface area of the sensor. This means that no matter where the urine lands or the sleeping position you or your child is in, the alarm will reliably detect bedwetting. This feature can be especially valuable for boys, as the area where urine first contacts can vary. The same applies to girls who sleep in different positions, particularly if they often sleep on their back.\r\n<h4>Features and Benefits of the Pjama Bedwetting Alarm<\/h4>\r\n<ul>\r\n \t<li><strong>Effective Treatment:<\/strong> Helps with nighttime enuresis for both children and adults.<\/li>\r\n \t<li><strong>Designed for Sleepovers:<\/strong> Use a mobile phone and the DryGuardians app for discreet treatment.<\/li>\r\n \t<li><strong>USB Charging:<\/strong> The alarm unit is easily charged with a USB charger.<\/li>\r\n \t<li><strong>Wireless System:<\/strong> The alarm unit can be placed up to 10 meters from the sensor.<\/li>\r\n \t<li><strong>Parent Notifications:<\/strong> Connect the bedwetting alarm to a parent's phone to receive notifications upon leakage.<\/li>\r\n<\/ul>\r\n<h4>Track Progress with the DryGuardians App<\/h4>\r\nWith the DryGuardians app, you can easily track progress in treating bedwetting and nighttime enuresis. DryGuardians provides predictions and recommendations developed in collaboration with Swedish healthcare, tailored to how your treatment progresses and ensuring that it is optimized for your specific circumstances and results. Log all accidents and track trends over time, which can help you or your child stay motivated. The collected information is also valuable to share with a doctor if additional advice is needed.\r\n<h4>Practical Tips for Use<\/h4>\r\n<ul>\r\n \t<li>Ensure the clothes fit properly and choose an alarm volume that suits your needs.<\/li>\r\n \t<li>Teach the child how the bedwetting alarm works and involve them in the process.<\/li>\r\n \t<li>When the alarm goes off, wake the child and help them go to the bathroom.<\/li>\r\n \t<li>Wash the Pjama garments according to the instructions to maintain quality.<\/li>\r\n<\/ul>\r\n<h4>Motivation and Patience Are Key<\/h4>\r\nTreating bedwetting and nighttime enuresis is a process that requires both motivation and patience, whether you are an adult or a child. Parents should encourage their children and provide positive feedback for every progress made. Setting smaller goals along the way can help maintain high motivation, with the ultimate goal of becoming free from bedwetting.\r\n\r\nFor more information about bedwetting alarms and enuresis alarms for both children and adults, read more on our <a href=\"https:\/\/pjama.se\">website<\/a> or download the manual <a href=\"https:\/\/pjama.se\/produkt-manualer\/\">here<\/a>.\r\n\r\n<footer>\u00a9 2024 Pjama.<\/footer>\u00a0","_et_gb_content_width":""},"product_brand":[],"product_cat":[338,335,340,334],"product_tag":[],"class_list":{"0":"post-24636","1":"product","2":"type-product","3":"status-publish","4":"has-post-thumbnail","6":"product_cat-sangvatningslarm","7":"product_cat-behandling-av-pjama","8":"product_cat-pjamadryguardians_2025","9":"product_cat-tillbehor","10":"product_shipping_class-eu","12":"first","13":"instock","14":"taxable","15":"shipping-taxable","16":"purchasable","17":"product-type-simple"},"composite_virtual":false,"composite_layout":"","composite_add_to_cart_form_location":"","composite_editable_in_cart":false,"composite_sold_individually_context":"","composite_shop_price_calc":"","composite_components":[],"composite_scenarios":[],"_links":{"self":[{"href":"https:\/\/pjama.eu\/sv\/wp-json\/wp\/v2\/product\/24636","targetHints":{"allow":["GET"]}}],"collection":[{"href":"https:\/\/pjama.eu\/sv\/wp-json\/wp\/v2\/product"}],"about":[{"href":"https:\/\/pjama.eu\/sv\/wp-json\/wp\/v2\/types\/product"}],"wp:featuredmedia":[{"embeddable":true,"href":"https:\/\/pjama.eu\/sv\/wp-json\/wp\/v2\/media\/31181"}],"wp:attachment":[{"href":"https:\/\/pjama.eu\/sv\/wp-json\/wp\/v2\/media?parent=24636"}],"wp:term":[{"taxonomy":"product_brand","embeddable":true,"href":"https:\/\/pjama.eu\/sv\/wp-json\/wp\/v2\/product_brand?post=24636"},{"taxonomy":"product_cat","embeddable":true,"href":"https:\/\/pjama.eu\/sv\/wp-json\/wp\/v2\/product_cat?post=24636"},{"taxonomy":"product_tag","embeddable":true,"href":"https:\/\/pjama.eu\/sv\/wp-json\/wp\/v2\/product_tag?post=24636"}],"curies":[{"name":"wp","href":"https:\/\/api.w.org\/{rel}","templated":true}]}}