{"id":24649,"date":"2021-02-01T11:43:16","date_gmt":"2021-02-01T10:43:16","guid":{"rendered":"https:\/\/pjama.eu\/product\/pjama-dryguardians-underklader-underbyxor\/"},"modified":"2025-12-28T20:29:36","modified_gmt":"2025-12-28T19:29:36","slug":"pjama-dryguardians-underklader-underbyxor","status":"publish","type":"product","link":"https:\/\/pjama.eu\/sv\/produkt\/pjama-dryguardians-underklader-underbyxor\/","title":{"rendered":"Pjama DryGuardians Underkl\u00e4der &#8211; Underbyxor"},"content":{"rendered":"<h3>Pjama DryGuardians Underkl\u00e4der &#8211; Briefs. Effektiv larmbehandling mot s\u00e4ngv\u00e4tning <\/h3>\n<p>Pjama DryGuardians Underkl\u00e4der &#8211; Briefs \u00e4r den perfekta l\u00f6sningen f\u00f6r barn som lider av enures (s\u00e4ngv\u00e4tning nattetid). I kombination med ett Pjama S\u00e4ngv\u00e4tningslarm eller en Pjama DryGuardians Sensor och DryGuardians-appen f\u00e5r du en effektiv och bekv\u00e4m behandling. Dessa kalsonger har integrerade sensortr\u00e5dar som snabbt k\u00e4nner av fukt och aktiverar S\u00e4ngv\u00e4tningslarmet f\u00f6r att hj\u00e4lpa ditt barn att vakna och sluta kissa. Ladda ner DryGuardians-appen fr\u00e5n <a href=\"https:\/\/play.google.com\/store\/apps\/details?id=com.pjama&amp;hl=sv&amp;gl=SE\" target=\"_blank\" rel=\"noopener\">Google Play <\/a>eller <a href=\"https:\/\/apps.apple.com\/se\/app\/dryguardians\/id1498084664\" target=\"_blank\" rel=\"noopener\">App Store<\/a> f\u00f6r att f\u00f6lja utvecklingen och f\u00e5 personlig v\u00e4gledning under hela behandlingen.   <\/p>\n<h4>Funktioner<\/h4>\n<p>Pjama DryGuardians Underkl\u00e4der &#8211; Briefs \u00e4r speciellt utformade f\u00f6r b\u00e5de pojkar och flickor och fungerar tillsammans med Pjama DryGuardians S\u00e4ngv\u00e4tningslarm eller Sensor. Kalsongerna \u00e4r f\u00f6rsedda med tv\u00e5 sm\u00e5 knappar i midjebandet f\u00f6r att ansluta sensorn. Integrerade sensortr\u00e5dar i grenen k\u00e4nner av fukt och aktiverar snabbt larmet, vilket ger en s\u00e4ker och effektiv behandling.  <\/p>\n<p>De integrerade sensortr\u00e5darna ger ett st\u00f6rre m\u00e5lomr\u00e5de och en mer exakt detektering. Detta ger tillf\u00f6rlitliga resultat oavsett sovposition. Designen gynnar b\u00e5de pojkar och flickor och ger exakt detektering oavsett om de sover p\u00e5 rygg, sida eller mage.  <\/p>\n<h4>Anv\u00e4ndning<\/h4>\n<p>Att b\u00e4ra Pjama DryGuardians Underkl\u00e4der &#8211; Briefs \u00e4r lika bekv\u00e4mt som att b\u00e4ra vanliga underkl\u00e4der, vilket g\u00f6r dem idealiska f\u00f6r anv\u00e4ndning nattetid. Dessa kalsonger absorberar inte v\u00e4tska, utan arbetar ist\u00e4llet med larmet f\u00f6r att bryta vanan att urinera i s\u00e4ngen. <\/p>\n<ul>\n<li>1 x Pjama DryGuardians Underkl\u00e4der &#8211; Briefs <em>(larm s\u00e4ljs separat)<\/em><\/li>\n<\/ul>\n<p>F\u00e4st sensorn p\u00e5 midjebandet, placera larmet n\u00e4ra s\u00e4ngen och ditt barn \u00e4r redo. Om barnet kissar i s\u00e4ngen k\u00e4nner sensortr\u00e5darna omedelbart av fukt och aktiverar larmet. Larmet kan stoppas med &#8221;ON\/OFF&#8221;-knappen, s\u00e5 att barnet kan g\u00e5 till badrummet och kissa f\u00e4rdigt. DryGuardians-appen kan ocks\u00e5 anv\u00e4ndas med larmet f\u00f6r diskreta signaler, vibrationer och sp\u00e5rning av framsteg.   <\/p>\n<h4>Material<\/h4>\n<p>Pjama DryGuardians Underkl\u00e4der &#8211; Briefs \u00e4r tillverkade av h\u00f6gkvalitativa, Oeko-Tex-certifierade tyger som \u00e4r s\u00e4kra och skonsamma mot barns hud.<\/p>\n<h4>Info<\/h4>\n<ul>\n<li>Ansluts till Pjama S\u00e4ngv\u00e4tningslarm (via knappar p\u00e5 midjebandet)<\/li>\n<li>Integrerade givartr\u00e5dar f\u00f6r \u00f6kad noggrannhet<\/li>\n<li>Bekv\u00e4m och mjuk<\/li>\n<li>Diskret och praktisk<\/li>\n<li>Maskintv\u00e4ttbar i 60\u00b0C<\/li>\n<li>Kan torktumlas<\/li>\n<li>Storlekar: Barn<\/li>\n<li>F\u00e4rg: Lila<\/li>\n<\/ul>\n<p><em>Lossa Pjama Sensor f\u00f6re tv\u00e4tt.<\/em><\/p>\n<h4>DryGuardians app och s\u00e4ngv\u00e4tningsklinik<\/h4>\n<p>Appen DryGuardians erbjuder avancerade funktioner f\u00f6r behandling av enures:<\/p>\n<ul>\n<li>Anv\u00e4nd appen som en ljudenhet f\u00f6r ditt larm och v\u00e4lj olika larmsignaler.<\/li>\n<li>Logga kv\u00e4llens resultat i kalendern f\u00f6r att f\u00f6lja framstegen och f\u00e5 personliga tips.<\/li>\n<li>F\u00e5 l\u00f6pande r\u00e5d och st\u00f6d under behandlingen.<\/li>\n<li>St\u00e4ll in dagsp\u00e5minnelser f\u00f6r att uppmuntra till toalettbes\u00f6k.<\/li>\n<\/ul>\n<p>Appen \u00e4r gratis att ladda ner fr\u00e5n <a href=\"https:\/\/play.google.com\/store\/apps\/details?id=com.pjama&amp;hl=sv&amp;gl=SE\" target=\"_blank\" rel=\"noopener\">Google Play<\/a> eller <a href=\"https:\/\/apps.apple.com\/se\/app\/dryguardians\/id1498084664\" target=\"_blank\" rel=\"noopener\">App Store<\/a>. L\u00e4s mer om v\u00e5r s\u00e4ngv\u00e4tningsklinik p\u00e5 <a href=\"https:\/\/pjama.eu\/sv\/\">Pjamas webbplats<\/a>. <\/p>\n<h4>Behandlingsprocessen &#8211; motivation och t\u00e5lamod \u00e4r nyckeln<\/h4>\n<p>Behandling av nattlig enures kr\u00e4ver motivation och t\u00e5lamod, s\u00e4rskilt under de f\u00f6rsta veckorna. Det \u00e4r viktigt att s\u00e4tta upp realistiska m\u00e5l och fira framstegen. Det ultimata m\u00e5let \u00e4r en torr s\u00e4ng utan hj\u00e4lp. Verktyg som Pjama DryGuardians Underkl\u00e4der (Briefs &#8211; Children) i kombination med larm och DryGuardians-appen g\u00f6r detta enklare.  <\/p>\n<p>F\u00f6r\u00e4ldrar kan st\u00f6dja sina barn genom att ge uppmuntran och positiv feedback. Appen DryGuardians ger tips, v\u00e4gledning och sp\u00e5rning f\u00f6r att g\u00f6ra behandlingen s\u00e4ker och effektiv. <\/p>\n<footer>\u00a9 2024 Pjama.<\/footer>\n","protected":false},"excerpt":{"rendered":"<h3>Smarta trosor f\u00f6r behandling av s\u00e4ngv\u00e4tning med integrerade detektorer &#8211; en del av DryGuardians-metoden<\/h3>\n<p>Pjama DryGuardians Underkl\u00e4der &#8211; Briefs ger en effektiv och s\u00e4ker behandling av enures (s\u00e4ngv\u00e4tning).<\/p>\n<ul>\n<li>Kompatibel med Pjama S\u00e4ngv\u00e4tningslarm &#8211; behandla s\u00e4ngv\u00e4tning p\u00e5 ett enkelt, s\u00e4kert och bekv\u00e4mt s\u00e4tt.<\/li>\n<li>Stort m\u00e5lomr\u00e5de f\u00f6r s\u00e4ker och snabb respons vid s\u00e4ngv\u00e4tning.<\/li>\n<li>Lika mjuka och bekv\u00e4ma som vanliga underkl\u00e4der.<\/li>\n<li>Tv\u00e4ttas i maskin i 60\u00b0C och kan torktumlas.<\/li>\n<\/ul>\n<p>K\u00f6p larmet och ladda ner <strong>DryGuardians App<\/strong>, en gratis behandlingstj\u00e4nst f\u00f6r s\u00e4ngv\u00e4tning, fr\u00e5n <a href=\"https:\/\/play.google.com\/store\/apps\/details?id=com.pjama&amp;hl=sv&amp;gl=SE\">Google Play<\/a> eller <a href=\"https:\/\/apps.apple.com\/se\/app\/dryguardians\/id1498084664\">App Store<\/a>.<\/p>\n","protected":false},"featured_media":30979,"template":"","meta":{"_et_pb_use_builder":"off","_et_pb_old_content":"<h3>Pjama Bedwetting Treatment Briefs \u2013 Effective Alarm Treatment for Bedwetting<\/h3>\r\nPjama Bedwetting Treatment Briefs are the perfect solution for both children and adults who suffer from enuresis (nighttime bedwetting).\r\nIn combination with a Pjama Bedwetting Alarm or Pjama Sensor and our DryGuardians app, you get an effective and comfortable bedwetting treatment. These bedwetting briefs feature integrated sensor wires that quickly detect moisture and activate the bedwetting alarm to help you or your child wake up and stop urination.\r\n\r\nDownload the DryGuardians app from <a href=\"https:\/\/play.google.com\/store\/apps\/details?id=com.pjama&gl=sv&hl=sv\">Google Play<\/a> or <a href=\"https:\/\/apps.apple.com\/sv\/app\/pjama\/id1498084664?mt=8&l=sv\">App Store<\/a> to track progress and receive personalized guidance throughout the treatment of nighttime enuresis.\r\n<h4>Features<\/h4>\r\nPjama Bedwetting Treatment Briefs are specially designed for both boys and girls and work in conjunction with the Pjama Bedwetting Alarm or Pjama Sensor. The briefs are equipped with two small buttons at the waistband to connect the sensor. Integrated sensor wires in the crotch area enable the alarm system to easily detect moisture and quickly activate the bedwetting alarm, helping to treat nighttime enuresis in a safe and effective way.\r\n\r\nThe integrated sensor wires in Pjama Bedwetting Treatment Briefs ensure a larger target area and more accurate detection. Practically, this means that no matter where urine hits or the sleeping position of you or your child, the alarm will reliably detect bedwetting. This is especially valuable for boys, as the area where urine first hits can vary. The same applies to girls who sleep in different positions, particularly those who often sleep on their backs.\r\n<h4>Usage<\/h4>\r\nWearing Pjama Bedwetting Treatment Briefs is as comfortable as wearing regular underwear, making them ideal for children with bedwetting. These briefs for nighttime enuresis are designed to be used with the Pjama bedwetting alarm and do not absorb fluid. The treatment focuses on breaking the habit of urinating in bed.\r\n\r\nThe package includes:\r\n<ul>\r\n \t<li>1 x Pjama Bedwetting Treatment Briefs\r\n(Note: Pjama Bedwetting Alarm sold separately.)<\/li>\r\n<\/ul>\r\nEasily snap the sensor onto the front waistband of the treatment briefs and start the bedwetting alarm, and you\u2019re ready to begin the treatment! Place the bedwetting alarm next to the bed.\r\nIf you or your child wets the bed, the sensitive integrated sensor wires in the treatment briefs quickly detect the moisture and activate the alarm. You or your child can easily stop the alarm by pressing the \"ON\/OFF\" button on the alarm's top and then go to the bathroom to finish urinating.\r\n\r\nTo use the bedwetting alarm with your smartphone, download the DryGuardians app.\r\n<h4>Material<\/h4>\r\nPjama Bedwetting Treatment Briefs are made from high-quality, Oeko-Tex certified fabrics that are safe and gentle on children's skin.\r\n<h4>Info<\/h4>\r\n<ul>\r\n \t<li><em>Connects to Pjama Bedwetting Alarm (via buttons on the front of the briefs)<\/em><\/li>\r\n \t<li><em>Integrated sensor wires for greater accuracy<\/em><\/li>\r\n \t<li><em>Comfortable and soft<\/em><\/li>\r\n \t<li><em>Discrete and practical<\/em><\/li>\r\n \t<li><em>Machine washable at 60 degrees<\/em><\/li>\r\n \t<li><em>Can be tumble dried<\/em><\/li>\r\n \t<li><em>Sizes: Children and Adults<\/em><\/li>\r\n \t<li><em>Color: Purple<\/em><\/li>\r\n<\/ul>\r\n<span style=\"color: #666666;font-size: 14px\">Remember to detach the Pjama Sensor for bedwetting alarms when not in use and before washing.<\/span>\r\n<h4>DryGuardians App and Bedwetting Clinic<\/h4>\r\nThe DryGuardians app offers advanced features for the treatment of bedwetting and nighttime enuresis:\r\n<ul>\r\n \t<li>Use the app as a sound unit for your bedwetting alarm and choose different alarm signals.<\/li>\r\n \t<li>Log the night\u2019s results in the calendar to track progress and receive personalized tips.<\/li>\r\n \t<li>Receive personalized advice and support during the treatment of enuresis.<\/li>\r\n \t<li>Set daytime alarms to remind you or your child to use the bathroom during the day.<\/li>\r\n<\/ul>\r\nThe DryGuardians app is free to download from <a href=\"https:\/\/play.google.com\/store\/apps\/details?id=com.pjama&gl=sv&hl=sv\">Google Play<\/a> or <a href=\"https:\/\/apps.apple.com\/sv\/app\/pjama\/id1498084664?mt=8&l=sv\">App Store<\/a>. Learn more about our Bedwetting Clinic and how we can help you or your child at our <a href=\"https:\/\/pjama.eu\/\">website<\/a>.\r\n<h4>The Treatment Process \u2013 Motivation and Patience are Key<\/h4>\r\nTreating nighttime enuresis requires motivation and patience, especially during the first few weeks. For both children and parents, it is important to set realistic goals and celebrate progress. Remember that a dry bed without assistance is the goal, and tools like Pjama Bedwetting Briefs and bedwetting alarms can make the journey easier.\r\n\r\nAs a parent, you can keep your child motivated by giving positive feedback and compliments. With the help of the <em>DryGuardians App<\/em>, you can receive tips and advice tailored to how your treatment progresses. This is a safe and effective path to a better daily life for both children and adults suffering from enuresis.\r\n\r\n\u00a9 2024 Pjama.","_et_gb_content_width":""},"product_brand":[],"product_cat":[335,303,340,338,334,372],"product_tag":[],"class_list":{"0":"post-24649","1":"product","2":"type-product","3":"status-publish","4":"has-post-thumbnail","6":"product_cat-behandling-av-pjama","7":"product_cat-barn-och-ungdomar","8":"product_cat-pjamadryguardians_2025","9":"product_cat-sangvatningslarm","10":"product_cat-tillbehor","11":"product_cat-vuxen","12":"product_shipping_class-eu","13":"pa_size-alder-10-12-ar","14":"pa_size-alder-5-6-ar","15":"pa_size-alder-6-8-ar","16":"pa_size-alder-8-10-ar","17":"pa_size-liten","18":"pa_size-medium","19":"pa_size-stor","21":"first","22":"instock","23":"taxable","24":"shipping-taxable","25":"purchasable","26":"product-type-variable"},"composite_virtual":false,"composite_layout":"","composite_add_to_cart_form_location":"","composite_editable_in_cart":false,"composite_sold_individually_context":"","composite_shop_price_calc":"","composite_components":[],"composite_scenarios":[],"_links":{"self":[{"href":"https:\/\/pjama.eu\/sv\/wp-json\/wp\/v2\/product\/24649","targetHints":{"allow":["GET"]}}],"collection":[{"href":"https:\/\/pjama.eu\/sv\/wp-json\/wp\/v2\/product"}],"about":[{"href":"https:\/\/pjama.eu\/sv\/wp-json\/wp\/v2\/types\/product"}],"wp:featuredmedia":[{"embeddable":true,"href":"https:\/\/pjama.eu\/sv\/wp-json\/wp\/v2\/media\/30979"}],"wp:attachment":[{"href":"https:\/\/pjama.eu\/sv\/wp-json\/wp\/v2\/media?parent=24649"}],"wp:term":[{"taxonomy":"product_brand","embeddable":true,"href":"https:\/\/pjama.eu\/sv\/wp-json\/wp\/v2\/product_brand?post=24649"},{"taxonomy":"product_cat","embeddable":true,"href":"https:\/\/pjama.eu\/sv\/wp-json\/wp\/v2\/product_cat?post=24649"},{"taxonomy":"product_tag","embeddable":true,"href":"https:\/\/pjama.eu\/sv\/wp-json\/wp\/v2\/product_tag?post=24649"}],"curies":[{"name":"wp","href":"https:\/\/api.w.org\/{rel}","templated":true}]}}