{"id":24707,"date":"2022-12-15T14:31:34","date_gmt":"2022-12-15T13:31:34","guid":{"rendered":"https:\/\/pjama.eu\/product\/pjama-vibrerande-larmklocka-svart\/"},"modified":"2025-12-27T16:36:14","modified_gmt":"2025-12-27T15:36:14","slug":"pjama-vibrerande-larmklocka-svart","status":"publish","type":"product","link":"https:\/\/pjama.eu\/sv\/produkt\/pjama-vibrerande-larmklocka-svart\/","title":{"rendered":"Pjama Vibrerande Larmklocka &#8211; Svart"},"content":{"rendered":"<h4>Pjama Vibrerande Larmklocka &#8211; Svart<\/h4>\n<p>En snygg och modern vibrerande Larmklocka som anv\u00e4nds vid urinl\u00e4ckage dagtid som en p\u00e5minnelse om att g\u00e5 p\u00e5 toaletten eller f\u00f6r andra p\u00e5minnelser.<\/p>\n<ul>\n<li>Digital LED-sk\u00e4rm.<\/li>\n<li>Klockan visar tiden precis som en vanlig klocka.<\/li>\n<li>Larmet kan st\u00e4llas in p\u00e5 upp till 8 intervall per dag.<\/li>\n<li>Bandet \u00e4r tillverkat av mjuk och flexibel silikon och kan justeras till r\u00e4tt storlek.<\/li>\n<li>Laddas via Micro USB.<\/li>\n<li>Batteriet i en fulladdad klocka kan h\u00e5lla i 6-15 dagar.<\/li>\n<\/ul>\n<p>N\u00e4r den vibrerande p\u00e5minnelseklockan inte l\u00e4ngre beh\u00f6vs f\u00f6r toalettp\u00e5minnelser fungerar den perfekt som ett vanligt armbandsur.<\/p>\n<h4>Daglig anv\u00e4ndning<\/h4>\n<p>Pjama Vibrerande Larmklocka &#8211; Svart kan anv\u00e4ndas av barn och vuxna som lider av dagv\u00e4tning och beh\u00f6ver en p\u00e5minnelse om att g\u00e5 p\u00e5 toaletten.<\/p>\n<ul>\n<li>Tryck en g\u00e5ng p\u00e5 Time\/Alarm-knappen f\u00f6r att visa tiden.<\/li>\n<li>Tryck tv\u00e5 g\u00e5nger p\u00e5 Time\/Alarm-knappen f\u00f6r att kontrollera batteriladdningen (fr\u00e5n 0 till 100 %).<\/li>\n<li>Vibrationen kan stoppas omedelbart genom att trycka p\u00e5 en knapp, eller s\u00e5 stoppas den automatiskt efter 60 sekunder.<\/li>\n<\/ul>\n<p>Den h\u00e4r vibrerande klockan ger diskreta vibrationer f\u00f6r att p\u00e5minna om toalettbes\u00f6k.<\/p>\n<h4>Laddning av klockan<\/h4>\n<p>Ta bort klockan fr\u00e5n silikonh\u00f6ljet och anslut klockans USB-port till din powerbank (5V) eller b\u00e4rbara dator. Ett bl\u00e5tt ljus indikerar att den laddas. N\u00e4r klockan \u00e4r 100% fulladdad f\u00f6rblir den bl\u00e5 indikatorlampan t\u00e4nd. Ett fulladdat batteri r\u00e4cker i 6-15 dagar. Pjama Vibrerande Larmklocka &#8211; Svart \u00e4r utformad f\u00f6r att vara h\u00e5llbar och enkel att anv\u00e4nda f\u00f6r b\u00e5de barn och vuxna.   <\/p>\n<h4>Detaljer<\/h4>\n<p>Str\u00f6mf\u00f6rs\u00f6rjning: DC 5V, Laddningsing\u00e5ng: Micro USB, Driftstemperaturomr\u00e5de: 0 till 45\u00b0C.<\/p>\n<h4>Tips f\u00f6r barn med urininkontinens under dagtid<\/h4>\n<p>Att kissa p\u00e5 dagen \u00e4r ett vanligt problem bland barn. Cirka 3-4% av alla barn mellan 3 och 12 \u00e5r upplever regelbundet urinl\u00e4ckage dagtid, men problemet kan minskas med r\u00e4tt st\u00f6d. <\/p>\n<ul>\n<li>Uppmuntra barnet att g\u00e5 p\u00e5 toaletten regelbundet, \u00e4ven om det inte k\u00e4nner n\u00e5got behov av det.<\/li>\n<li>Schemal\u00e4gg fasta toaletttider och se till att barnet t\u00f6mmer bl\u00e5san helt.<\/li>\n<li>En urineringsdagbok kan hj\u00e4lpa till att sp\u00e5ra m\u00f6nster och f\u00f6rb\u00e4ttra kontrollen \u00f6ver urinbl\u00e5san.<\/li>\n<li>Straffa aldrig barnet f\u00f6r olyckor &#8211; uppmuntra det i st\u00e4llet och st\u00e4rk dess sj\u00e4lvf\u00f6rtroende.<\/li>\n<li>Se till att barnet dricker tillr\u00e4ckligt med vatten f\u00f6r att bibeh\u00e5lla en god v\u00e4tskebalans och underl\u00e4tta toalettbes\u00f6k.<\/li>\n<li>En Pjama Vibrerande Larmklocka kan vara ett bra verktyg f\u00f6r att p\u00e5minna barnet om att g\u00e5 p\u00e5 toaletten, s\u00e4rskilt n\u00e4r du inte \u00e4r i n\u00e4rheten f\u00f6r att p\u00e5minna barnet personligen.<\/li>\n<\/ul>\n<h4>Vad h\u00e4nder om ditt barn \u00e4r s\u00e4ngv\u00e4tare p\u00e5 natten?<\/h4>\n<p>Den medicinska termen f\u00f6r s\u00e4ngv\u00e4tning \u00e4r nattlig enures. Experter uppskattar att upp till 160 miljoner m\u00e4nniskor v\u00e4rlden \u00f6ver lider av s\u00e4ngv\u00e4tning. S\u00e4ngv\u00e4tning kan p\u00e5verka familjer avsev\u00e4rt. Det finns dock n\u00e5gra tips p\u00e5 hur man kan hantera problemet:   <\/p>\n<ul>\n<li>S\u00e4ngv\u00e4tning \u00e4r inte ditt barns fel. Straffa eller reta aldrig barnet. <\/li>\n<li>L\u00e5t barnet dricka vad det vill. Svensk forskning har visat att det har liten effekt p\u00e5 behandlingar med S\u00e4ngv\u00e4tningslarm. <\/li>\n<li>Anv\u00e4nd <a href=\"https:\/\/pjama.eu\/sv\/pjama-sangvatningsbutik\/\">Pjama<\/a> n\u00e4r barnet sover, b\u00e5de hemma och borta.<\/li>\n<li>For daytime urine leakage, use Pjama Vibrating Alarm Watch.<\/li>\n<li>Ladda ner v\u00e5r <a href=\"https:\/\/pjama.eu\/sv\/dryguardians-app-hjalper-dig-att-behandla-sangvatning-gratis\/\">DryGuardians-app<\/a> f\u00f6r att anv\u00e4nda kalendern och f\u00f6lja framstegen. Detta \u00e4r ocks\u00e5 anv\u00e4ndbart n\u00e4r du kontaktar en l\u00e4kare. <\/li>\n<li>Prata om det! M\u00e5nga vuxna och barn lider av s\u00e4ngv\u00e4tning, men ingen pratar om det. <\/li>\n<\/ul>\n<h4>Vill du veta mer?<\/h4>\n<p>Du kan l\u00e4sa mer om s\u00e4ngv\u00e4tning hos oss under <a href=\"https:\/\/pjama.eu\/sv\/vad-ar-enures\/\">Vad \u00e4r enures?<\/a><\/p>\n","protected":false},"excerpt":{"rendered":"<h4><span data-sheets-root=\"1\">Pjama Vibrerande Larmklocka &#8211; Svart &#8211; p\u00e5minnelser p\u00e5 dagtid om toalettbes\u00f6k eller medicinering<\/span><\/h4>\n<p>En snygg och modern Pjama Vibrerande Larmklocka &#8211; Svart som anv\u00e4nds vid urinl\u00e4ckage dagtid som en p\u00e5minnelse om att g\u00e5 p\u00e5 toaletten eller f\u00f6r andra p\u00e5minnelser.<\/p>\n<ul>\n<li>Digital LED-sk\u00e4rm.<\/li>\n<li>Klockan visar tiden precis som en vanlig klocka.<\/li>\n<li>Larmet kan st\u00e4llas in p\u00e5 upp till 8 intervall per dag.<\/li>\n<li>Bandet \u00e4r tillverkat av mjuk och flexibel silikon och kan justeras till r\u00e4tt storlek.<\/li>\n<li>Laddas via Micro USB.<\/li>\n<li>Batteriet i en fulladdad klocka kan h\u00e5lla i 6-15 dagar.<\/li>\n<\/ul>\n<p>N\u00e4r klockan inte l\u00e4ngre beh\u00f6vs som en p\u00e5minnelse om toalettbes\u00f6k fungerar den perfekt som ett vanligt armbandsur.<\/p>\n","protected":false},"featured_media":24709,"template":"","meta":{"_et_pb_use_builder":"","_et_pb_old_content":"","_et_gb_content_width":""},"product_brand":[],"product_cat":[308,303,309],"product_tag":[],"class_list":{"0":"post-24707","1":"product","2":"type-product","3":"status-publish","4":"has-post-thumbnail","6":"product_cat-klocka-med-vibrationslarm","7":"product_cat-barn-och-ungdomar","8":"product_cat-tillbehor_2025","9":"product_shipping_class-eu","11":"first","12":"instock","13":"taxable","14":"shipping-taxable","15":"purchasable","16":"product-type-simple"},"composite_virtual":false,"composite_layout":"","composite_add_to_cart_form_location":"","composite_editable_in_cart":false,"composite_sold_individually_context":"","composite_shop_price_calc":"","composite_components":[],"composite_scenarios":[],"_links":{"self":[{"href":"https:\/\/pjama.eu\/sv\/wp-json\/wp\/v2\/product\/24707","targetHints":{"allow":["GET"]}}],"collection":[{"href":"https:\/\/pjama.eu\/sv\/wp-json\/wp\/v2\/product"}],"about":[{"href":"https:\/\/pjama.eu\/sv\/wp-json\/wp\/v2\/types\/product"}],"wp:featuredmedia":[{"embeddable":true,"href":"https:\/\/pjama.eu\/sv\/wp-json\/wp\/v2\/media\/24709"}],"wp:attachment":[{"href":"https:\/\/pjama.eu\/sv\/wp-json\/wp\/v2\/media?parent=24707"}],"wp:term":[{"taxonomy":"product_brand","embeddable":true,"href":"https:\/\/pjama.eu\/sv\/wp-json\/wp\/v2\/product_brand?post=24707"},{"taxonomy":"product_cat","embeddable":true,"href":"https:\/\/pjama.eu\/sv\/wp-json\/wp\/v2\/product_cat?post=24707"},{"taxonomy":"product_tag","embeddable":true,"href":"https:\/\/pjama.eu\/sv\/wp-json\/wp\/v2\/product_tag?post=24707"}],"curies":[{"name":"wp","href":"https:\/\/api.w.org\/{rel}","templated":true}]}}